{"id":606,"date":"2020-03-05T07:57:43","date_gmt":"2020-03-05T05:57:43","guid":{"rendered":"https:\/\/help.jamk.fi\/exam\/opiskelijalle\/tenttivierailu-jamkin-examstudiossa\/"},"modified":"2025-07-17T09:42:35","modified_gmt":"2025-07-17T06:42:35","slug":"tenttivierailu-jamkin-examstudiossa","status":"publish","type":"page","link":"https:\/\/help.jamk.fi\/exam\/fi\/opiskelijalle\/tenttivierailu-jamkin-examstudiossa\/","title":{"rendered":"Tenttivierailu Jamkin Examstudiossa"},"content":{"rendered":"\n<h2 class=\"wp-block-heading\">Ohjeet tenttivierailuun muualta tuleville opiskelijoille<\/h2>\n\n\n\n<p>Tenttivieraille avoinna olevat Jamkin EXAM-tenttitilat:<\/p>\n\n\n\n<ol class=\"wp-block-list\">\n<li><strong>Jamkin p\u00e4\u00e4kampus: Examstudio BP16<\/strong>\n<ul class=\"wp-block-list\">\n<li>P\u00e4\u00e4kampus sijaitsee Jyv\u00e4skyl\u00e4n keskusta-alueella osoitteessa Rajakatu 35. Examstudio&nbsp;<strong>BP16<\/strong> l\u00f6yd\u00e4t B-siivest\u00e4, P-kerroksesta.<\/li>\n\n\n\n<li>Sis\u00e4\u00e4nk\u00e4ynti p\u00e4\u00e4kampuksen A1- ja D1-ovien kautta (ks. <a href=\"https:\/\/www.jamk.fi\/fi\/yhteystiedot\">kampuskartta<\/a>), <strong> <\/strong><a href=\"http:\/\/jamk.fi\/fi\/yhteystiedot\/paakampus\">p\u00e4\u00e4kampuksen aukioloaikojen<\/a> mukaan. <\/li>\n\n\n\n<li>Varmista oikea paikka, sill\u00e4 Jamkin p\u00e4\u00e4kampuksella on kaksi EXAM-tenttitilaa, joista Kirjastossa sijaitseva on varattu vain Jamkin opiskelijoiden k\u00e4ytt\u00f6\u00f6n.<\/li>\n<\/ul>\n<\/li>\n\n\n\n<li><strong>Lutakon kampus: Examstudio Dynamo D207<\/strong>. \n<ul class=\"wp-block-list\">\n<li>Lutakon Dynamo-rakennus sijaitsee osoitteessa Piippukatu 2.<\/li>\n\n\n\n<li>Sis\u00e4\u00e4nk\u00e4ynti p\u00e4\u00e4ovesta, tenttitila sijaitsee 2. kerroksessa tilassa D207 ja on avoinna <a href=\"http:\/\/jamk.fi\/fi\/yhteystiedot\/lutakon-kampus\">Lutakon kampuksen aukioloaikojen<\/a> mukaan.<\/li>\n<\/ul>\n<\/li>\n<\/ol>\n\n\n\n<p>Ota huomioon seuraavat asiat, kun tulet tenttivierailulle Jamkin Examstudioon:<\/p>\n\n\n\n<ol class=\"wp-block-list\">\n<li>Tentti-ilmoittautuminen ja tenttiajan varaaminen tapahtuu aina <strong>oman korkeakoulun tunnuksilla<\/strong> oman korkeakoulun EXAMissa.<\/li>\n\n\n\n<li>Opiskelija voi pyyt\u00e4\u00e4 kohtuullisia mukautuksia tentin suorittamiseen kotikorkeakoulusta. J\u00e4rjestelyist\u00e4 sovitaan tapauskohtaisesti kotikorkeakoulun ja kohdekorkeakoulun v\u00e4lill\u00e4.<\/li>\n\n\n\n<li>Tenttistudion ovi on auki kerran tunnissa aina 15 min kerrallaan (xx:25-xx:40). Tentit alkavat aina tasan puolelta, joten saavu ajoissa paikalle. Tenttivierailuille varattuihin Examstudioihin p\u00e4\u00e4st\u00e4ksesi et tarvitse kulkulupaa tai -korttia. <\/li>\n\n\n\n<li>EXAM-tenttiin osallistuvalla on velvollisuus pyydett\u00e4ess\u00e4 todistaa henkil\u00f6llisyytens\u00e4 korkeakoulun henkil\u00f6st\u00f6\u00f6n kuuluvalle valvojalle.<\/li>\n\n\n\n<li>Jamkin Examstudion tenttikoneilta on estetty verkkoliikenne muualle kuin EXAM-j\u00e4rjestelm\u00e4\u00e4n. K\u00e4ytett\u00e4viss\u00e4 ovat seuraavat ohjelmat:\n<ul class=\"wp-block-list\">\n<li>7-Zip<\/li>\n\n\n\n<li>Access<\/li>\n\n\n\n<li>Adobe Acrobat<\/li>\n\n\n\n<li>Calculator<\/li>\n\n\n\n<li>Excel<\/li>\n\n\n\n<li>Firefox<\/li>\n\n\n\n<li>GeoGebra 6 Classic<\/li>\n\n\n\n<li>Irfanview<\/li>\n\n\n\n<li>Media Player<\/li>\n\n\n\n<li>Notepad<\/li>\n\n\n\n<li>PowerPoint<\/li>\n\n\n\n<li>Sign Out<\/li>\n\n\n\n<li>Windows 10 enterprise 64bit (k\u00e4ytt\u00f6j\u00e4rjestelm\u00e4)<\/li>\n\n\n\n<li>Word, oikolukuominaisuus EI k\u00e4ytett\u00e4viss\u00e4<\/li>\n\n\n\n<li>Autodesk Robot (vain Examstudio BP16 Height adjustable)<\/li>\n\n\n\n<li>Mik\u00e4li tarvitset jotain muuta ohjelmaa tentiss\u00e4si, et voi suorittaa sit\u00e4 Jamkin Examstudiossa.<\/li>\n<\/ul>\n<\/li>\n\n\n\n<li>Kirjautuminen tenttikoneelle tapahtuu ensin paikallisilla tunnuksilla. Selaimen k\u00e4ynnistytty\u00e4 kirjaudut oman korkeakoulusi tunnuksilla EXAM-j\u00e4rjestelm\u00e4\u00e4n. Ohjeet kirjautumiseen l\u00f6yd\u00e4t tenttikoneen vierest\u00e4.<\/li>\n\n\n\n<li>Tenttitilasta l\u00f6ytyy suttupaperia, kyni\u00e4 sek\u00e4 k\u00e4sipyyhepaperia. <strong>Tenttitilaan ei saa vied\u00e4 mit\u00e4\u00e4n omia tavaroita<\/strong>, kuten mobiililaitteita, rannekelloja, kirjoitusv\u00e4lineit\u00e4, reppuja tai laukkuja, juomia tai ev\u00e4it\u00e4 eik\u00e4 ulkop\u00e4\u00e4llysvaatteita. N\u00e4it\u00e4 varten l\u00f6yd\u00e4t tenttitilan v\u00e4litt\u00f6m\u00e4st\u00e4 l\u00e4heisyydest\u00e4 lokerikkokaapin, jonne voit j\u00e4tt\u00e4\u00e4 henkil\u00f6kohtaiset tavarasi. Mik\u00e4li tarvitset sellaisia henkil\u00f6kohtaisia l\u00e4\u00e4kkeit\u00e4, jotka pit\u00e4\u00e4 olla saatavilla v\u00e4litt\u00f6m\u00e4sti akuuttiin tarpeeseen, voit ottaa ne mukaasi tenttiin, mutta ilmoita n\u00e4ist\u00e4 etuk\u00e4teen tentin omistavalle opettajalle. Erillisen laskimen (ei k\u00e4nnyk\u00e4n laskin) voit ottaa, mik\u00e4li sellainen on tentiss\u00e4si sallittu.<\/li>\n\n\n\n<li>Tenttitilassa vallitsee hiljaisuus, sill\u00e4 \u00e4\u00e4net h\u00e4iritsev\u00e4t muita tenttij\u00f6it\u00e4.<\/li>\n\n\n\n<li>EXAM-tenttej\u00e4 valvotaan tallentavalla videovalvonnalla. Kun varaat tenttiajan Jamkin Examstudiosta, annat suostumuksesi tallentavaan videovalvontaan sek\u00e4 videovalvonnan ja EXAM-tenttisovelluksen tietojen yhdist\u00e4miseen henkil\u00f6llisyyden varmentamiseksi.<\/li>\n\n\n\n<li>EXAM-tentist\u00e4 ei voi poistua kesken tentin ja palata takaisin. Tentin j\u00e4lkeen tenttikoneelta ja tenttitilasta on poistuttava v\u00e4litt\u00f6m\u00e4sti. Tenttipiste tulee siisti\u00e4 seuraavaa tenttij\u00e4\u00e4 varten, ja <strong>k\u00e4ytetyt suttupaperit on j\u00e4tett\u00e4v\u00e4 Examstudiossa olevaan lukkoroskikseen<\/strong>. Tentist\u00e4 voi poistua, kun on saanut vastauksen valmiiksi. Tentist\u00e4 tulee kuitenkin poistua viimeist\u00e4\u00e4n oman tenttiajan viiden viimeisen minuutin aikana.<\/li>\n<\/ol>\n\n\n\n<p>Teknisiss\u00e4 ongelmissa (tenttikone ei k\u00e4ynnisty, n\u00e4ytt\u00f6 ei toimi) voit ottaa yhteytt\u00e4 Jamk Helpdeskiin. Puhelinnumero l\u00f6ytyy tenttitilan ulkopuolelta.<\/p>\n\n\n\n<p><a href=\"https:\/\/help.jamk.fi\/exam\/fi\/jamkin-exam-kayttosaannot-ja-tietosuojaselosteet\/\">Tutustu Jamkin Examstudion k\u00e4ytt\u00f6s\u00e4\u00e4nt\u00f6ihin ja tietosuojaselosteeseen.<\/a><\/p>\n","protected":false},"excerpt":{"rendered":"<p>Ohjeet tenttivierailuun muualta tuleville opiskelijoille Tenttivieraille avoinna olevat Jamkin EXAM-tenttitilat: Ota huomioon seuraavat asiat, kun tulet tenttivierailulle Jamkin Examstudioon: Teknisiss\u00e4 ongelmissa (tenttikone ei k\u00e4ynnisty, n\u00e4ytt\u00f6 ei toimi) voit ottaa yhteytt\u00e4 Jamk Helpdeskiin. Puhelinnumero l\u00f6ytyy tenttitilan ulkopuolelta. Tutustu Jamkin Examstudion k\u00e4ytt\u00f6s\u00e4\u00e4nt\u00f6ihin ja tietosuojaselosteeseen.<\/p>\n","protected":false},"author":82,"featured_media":0,"parent":23,"menu_order":5,"comment_status":"closed","ping_status":"closed","template":"","meta":{"_acf_changed":false,"_relevanssi_hide_post":"","_relevanssi_hide_content":"","_relevanssi_pin_for_all":"","_relevanssi_pin_keywords":"tenttivierailu, vierailu, exam","_relevanssi_unpin_keywords":"","_relevanssi_related_keywords":"","_relevanssi_related_include_ids":"","_relevanssi_related_exclude_ids":"","_relevanssi_related_no_append":"","_relevanssi_related_not_related":"","_relevanssi_related_posts":"","_relevanssi_noindex_reason":"","footnotes":""},"categories":[],"tags":[],"class_list":["post-606","page","type-page","status-publish","hentry"],"acf":[],"yoast_head":"<!-- This site is optimized with the Yoast SEO plugin v27.4 - https:\/\/yoast.com\/product\/yoast-seo-wordpress\/ -->\n<title>Tenttivierailu Jamkin Examstudiossa - Exam<\/title>\n<meta name=\"robots\" content=\"index, follow, max-snippet:-1, max-image-preview:large, max-video-preview:-1\" \/>\n<link rel=\"canonical\" href=\"https:\/\/help.jamk.fi\/exam\/fi\/opiskelijalle\/tenttivierailu-jamkin-examstudiossa\/\" \/>\n<meta property=\"og:locale\" content=\"fi_FI\" \/>\n<meta property=\"og:type\" content=\"article\" \/>\n<meta property=\"og:title\" content=\"Tenttivierailu Jamkin Examstudiossa - Exam\" \/>\n<meta property=\"og:description\" content=\"Ohjeet tenttivierailuun muualta tuleville opiskelijoille Tenttivieraille avoinna olevat Jamkin EXAM-tenttitilat: Ota huomioon seuraavat asiat, kun tulet tenttivierailulle Jamkin Examstudioon: Teknisiss\u00e4 ongelmissa (tenttikone ei k\u00e4ynnisty, n\u00e4ytt\u00f6 ei toimi) voit ottaa yhteytt\u00e4 Jamk Helpdeskiin. Puhelinnumero l\u00f6ytyy tenttitilan ulkopuolelta. Tutustu Jamkin Examstudion k\u00e4ytt\u00f6s\u00e4\u00e4nt\u00f6ihin ja tietosuojaselosteeseen.\" \/>\n<meta property=\"og:url\" content=\"https:\/\/help.jamk.fi\/exam\/fi\/opiskelijalle\/tenttivierailu-jamkin-examstudiossa\/\" \/>\n<meta property=\"og:site_name\" content=\"Exam\" \/>\n<meta property=\"article:modified_time\" content=\"2025-07-17T06:42:35+00:00\" \/>\n<meta name=\"twitter:card\" content=\"summary_large_image\" \/>\n<meta name=\"twitter:label1\" content=\"Arvioitu lukuaika\" \/>\n\t<meta name=\"twitter:data1\" content=\"3 minuuttia\" \/>\n<script type=\"application\/ld+json\" class=\"yoast-schema-graph\">{\"@context\":\"https:\\\/\\\/schema.org\",\"@graph\":[{\"@type\":\"WebPage\",\"@id\":\"https:\\\/\\\/help.jamk.fi\\\/exam\\\/fi\\\/opiskelijalle\\\/tenttivierailu-jamkin-examstudiossa\\\/\",\"url\":\"https:\\\/\\\/help.jamk.fi\\\/exam\\\/fi\\\/opiskelijalle\\\/tenttivierailu-jamkin-examstudiossa\\\/\",\"name\":\"Tenttivierailu Jamkin Examstudiossa - Exam\",\"isPartOf\":{\"@id\":\"https:\\\/\\\/help.jamk.fi\\\/exam\\\/#website\"},\"datePublished\":\"2020-03-05T05:57:43+00:00\",\"dateModified\":\"2025-07-17T06:42:35+00:00\",\"breadcrumb\":{\"@id\":\"https:\\\/\\\/help.jamk.fi\\\/exam\\\/fi\\\/opiskelijalle\\\/tenttivierailu-jamkin-examstudiossa\\\/#breadcrumb\"},\"inLanguage\":\"fi\",\"potentialAction\":[{\"@type\":\"ReadAction\",\"target\":[\"https:\\\/\\\/help.jamk.fi\\\/exam\\\/fi\\\/opiskelijalle\\\/tenttivierailu-jamkin-examstudiossa\\\/\"]}]},{\"@type\":\"BreadcrumbList\",\"@id\":\"https:\\\/\\\/help.jamk.fi\\\/exam\\\/fi\\\/opiskelijalle\\\/tenttivierailu-jamkin-examstudiossa\\\/#breadcrumb\",\"itemListElement\":[{\"@type\":\"ListItem\",\"position\":1,\"name\":\"Etusivu\",\"item\":\"https:\\\/\\\/help.jamk.fi\\\/exam\\\/fi\\\/\"},{\"@type\":\"ListItem\",\"position\":2,\"name\":\"Opiskelijalle\",\"item\":\"https:\\\/\\\/help.jamk.fi\\\/exam\\\/fi\\\/opiskelijalle\\\/\"},{\"@type\":\"ListItem\",\"position\":3,\"name\":\"Tenttivierailu Jamkin Examstudiossa\"}]},{\"@type\":\"WebSite\",\"@id\":\"https:\\\/\\\/help.jamk.fi\\\/exam\\\/#website\",\"url\":\"https:\\\/\\\/help.jamk.fi\\\/exam\\\/\",\"name\":\"Exam\",\"description\":\"\",\"potentialAction\":[{\"@type\":\"SearchAction\",\"target\":{\"@type\":\"EntryPoint\",\"urlTemplate\":\"https:\\\/\\\/help.jamk.fi\\\/exam\\\/?s={search_term_string}\"},\"query-input\":{\"@type\":\"PropertyValueSpecification\",\"valueRequired\":true,\"valueName\":\"search_term_string\"}}],\"inLanguage\":\"fi\"}]}<\/script>\n<!-- \/ Yoast SEO plugin. -->","yoast_head_json":{"title":"Tenttivierailu Jamkin Examstudiossa - Exam","robots":{"index":"index","follow":"follow","max-snippet":"max-snippet:-1","max-image-preview":"max-image-preview:large","max-video-preview":"max-video-preview:-1"},"canonical":"https:\/\/help.jamk.fi\/exam\/fi\/opiskelijalle\/tenttivierailu-jamkin-examstudiossa\/","og_locale":"fi_FI","og_type":"article","og_title":"Tenttivierailu Jamkin Examstudiossa - Exam","og_description":"Ohjeet tenttivierailuun muualta tuleville opiskelijoille Tenttivieraille avoinna olevat Jamkin EXAM-tenttitilat: Ota huomioon seuraavat asiat, kun tulet tenttivierailulle Jamkin Examstudioon: Teknisiss\u00e4 ongelmissa (tenttikone ei k\u00e4ynnisty, n\u00e4ytt\u00f6 ei toimi) voit ottaa yhteytt\u00e4 Jamk Helpdeskiin. Puhelinnumero l\u00f6ytyy tenttitilan ulkopuolelta. Tutustu Jamkin Examstudion k\u00e4ytt\u00f6s\u00e4\u00e4nt\u00f6ihin ja tietosuojaselosteeseen.","og_url":"https:\/\/help.jamk.fi\/exam\/fi\/opiskelijalle\/tenttivierailu-jamkin-examstudiossa\/","og_site_name":"Exam","article_modified_time":"2025-07-17T06:42:35+00:00","twitter_card":"summary_large_image","twitter_misc":{"Arvioitu lukuaika":"3 minuuttia"},"schema":{"@context":"https:\/\/schema.org","@graph":[{"@type":"WebPage","@id":"https:\/\/help.jamk.fi\/exam\/fi\/opiskelijalle\/tenttivierailu-jamkin-examstudiossa\/","url":"https:\/\/help.jamk.fi\/exam\/fi\/opiskelijalle\/tenttivierailu-jamkin-examstudiossa\/","name":"Tenttivierailu Jamkin Examstudiossa - Exam","isPartOf":{"@id":"https:\/\/help.jamk.fi\/exam\/#website"},"datePublished":"2020-03-05T05:57:43+00:00","dateModified":"2025-07-17T06:42:35+00:00","breadcrumb":{"@id":"https:\/\/help.jamk.fi\/exam\/fi\/opiskelijalle\/tenttivierailu-jamkin-examstudiossa\/#breadcrumb"},"inLanguage":"fi","potentialAction":[{"@type":"ReadAction","target":["https:\/\/help.jamk.fi\/exam\/fi\/opiskelijalle\/tenttivierailu-jamkin-examstudiossa\/"]}]},{"@type":"BreadcrumbList","@id":"https:\/\/help.jamk.fi\/exam\/fi\/opiskelijalle\/tenttivierailu-jamkin-examstudiossa\/#breadcrumb","itemListElement":[{"@type":"ListItem","position":1,"name":"Etusivu","item":"https:\/\/help.jamk.fi\/exam\/fi\/"},{"@type":"ListItem","position":2,"name":"Opiskelijalle","item":"https:\/\/help.jamk.fi\/exam\/fi\/opiskelijalle\/"},{"@type":"ListItem","position":3,"name":"Tenttivierailu Jamkin Examstudiossa"}]},{"@type":"WebSite","@id":"https:\/\/help.jamk.fi\/exam\/#website","url":"https:\/\/help.jamk.fi\/exam\/","name":"Exam","description":"","potentialAction":[{"@type":"SearchAction","target":{"@type":"EntryPoint","urlTemplate":"https:\/\/help.jamk.fi\/exam\/?s={search_term_string}"},"query-input":{"@type":"PropertyValueSpecification","valueRequired":true,"valueName":"search_term_string"}}],"inLanguage":"fi"}]}},"_links":{"self":[{"href":"https:\/\/help.jamk.fi\/exam\/wp-json\/wp\/v2\/pages\/606","targetHints":{"allow":["GET"]}}],"collection":[{"href":"https:\/\/help.jamk.fi\/exam\/wp-json\/wp\/v2\/pages"}],"about":[{"href":"https:\/\/help.jamk.fi\/exam\/wp-json\/wp\/v2\/types\/page"}],"author":[{"embeddable":true,"href":"https:\/\/help.jamk.fi\/exam\/wp-json\/wp\/v2\/users\/82"}],"replies":[{"embeddable":true,"href":"https:\/\/help.jamk.fi\/exam\/wp-json\/wp\/v2\/comments?post=606"}],"version-history":[{"count":15,"href":"https:\/\/help.jamk.fi\/exam\/wp-json\/wp\/v2\/pages\/606\/revisions"}],"predecessor-version":[{"id":2528,"href":"https:\/\/help.jamk.fi\/exam\/wp-json\/wp\/v2\/pages\/606\/revisions\/2528"}],"up":[{"embeddable":true,"href":"https:\/\/help.jamk.fi\/exam\/wp-json\/wp\/v2\/pages\/23"}],"wp:attachment":[{"href":"https:\/\/help.jamk.fi\/exam\/wp-json\/wp\/v2\/media?parent=606"}],"wp:term":[{"taxonomy":"category","embeddable":true,"href":"https:\/\/help.jamk.fi\/exam\/wp-json\/wp\/v2\/categories?post=606"},{"taxonomy":"post_tag","embeddable":true,"href":"https:\/\/help.jamk.fi\/exam\/wp-json\/wp\/v2\/tags?post=606"}],"curies":[{"name":"wp","href":"https:\/\/api.w.org\/{rel}","templated":true}]}}