{"id":609,"date":"2020-03-05T14:22:44","date_gmt":"2020-03-05T12:22:44","guid":{"rendered":"https:\/\/help.jamk.fi\/exam\/opettajalle\/exam-tenttivierailu\/"},"modified":"2025-05-05T12:00:38","modified_gmt":"2025-05-05T09:00:38","slug":"exam-tenttivierailu","status":"publish","type":"page","link":"https:\/\/help.jamk.fi\/exam\/fi\/opettajalle\/exam-tenttivierailu\/","title":{"rendered":"EXAM-tenttivierailu"},"content":{"rendered":"\n<p>Tenttivierailu tarkoittaa sit\u00e4, ett\u00e4 opiskelija suorittaa oman korkeakoulunsa opintojakson tentin toisen korkeakoulun EXAM-tenttitilassa. Tenttivierailussa mukana olevat korkeakoulut l\u00f6ytyv\u00e4t EXAM-konsortion sivulta: <a href=\"https:\/\/e-exam.fi\/exam-tenttivierailu\/\">https:\/\/e-exam.fi\/exam-tenttivierailu\/<\/a><\/p>\n\n\n\n<p>Varausj\u00e4rjestelm\u00e4ss\u00e4 n\u00e4kyy, mihin korkeakouluihin voi varata aikaa kunakin hetken\u00e4.<\/p>\n\n\n\n<p>Jamkin opiskelija varaa tenttiajan aina Jamkin EXAM-j\u00e4rjestelm\u00e4ss\u00e4 omilla Jamk-tunnuksillaan riippumatta suorituspaikasta. Opiskelijan vastuulla on ottaa selv\u00e4\u00e4 siit\u00e4, voiko h\u00e4n tehd\u00e4 tentti\u00e4\u00e4n toisen korkeakoulun EXAM-tenttitilassa. <\/p>\n\n\n\n<p>Huomioitavaa tenttivierailussa:<\/p>\n\n\n\n<ol class=\"wp-block-list\">\n<li><strong>Tenttitilojen varustus ja tenttikoneilta l\u00f6ytyv\u00e4t ohjelmistot vaihtelevat<\/strong> eri korkeakouluissa. Mik\u00e4li tenttisi vaatii esimerkiksi Excelin k\u00e4ytt\u00f6\u00e4, tentti\u00e4si ei v\u00e4ltt\u00e4m\u00e4tt\u00e4 voi suorittaa jokaisessa tenttivierailukorkekaoulussa. <a href=\"https:\/\/e-exam.fi\/exam-tenttivierailu\/\">EXAM-konsortion tenttivierailusivulta<\/a> opiskelija l\u00f6yt\u00e4\u00e4 linkit korkeakoulukohtaisiin tietoihin ja ohjeisiin.<\/li>\n\n\n\n<li><strong>Tenttivierailuihin ei ole mahdollisuuksia j\u00e4rjest\u00e4\u00e4 yksil\u00f6llisi\u00e4 lis\u00e4- tai erityisj\u00e4rjestelyj\u00e4<\/strong>. Jos opiskelijasi tarvitsee yksil\u00f6llisi\u00e4 j\u00e4rjestelyit\u00e4 tentin suorittamiseen, niist\u00e4 vastaa Jamk.<\/li>\n<\/ol>\n\n\n\n<p>Tutustu my\u00f6s Jamkin opiskelijan ohjeisiin tenttiajanvarauksen tekemiseksi ulkopuolisen oppilaitoksen EXAM-tenttitilasta: <a href=\"https:\/\/help.jamk.fi\/exam\/opiskelijalle\/exam-tenttivierailu-toisessa-korkeakoulussa\/\">https:\/\/help.jamk.fi\/exam\/opiskelijalle\/exam-tenttivierailu-toisessa-korkeakoulussa\/<\/a><\/p>\n\n\n\n<p>Opettaja arvioi kaikki oman tenttins\u00e4 suoritukset Jamkin EXAMissa kuten t\u00e4h\u00e4nkin saakka riippumatta siit\u00e4, miss\u00e4 tenttitilassa opiskelija on tenttins\u00e4 suorittanut.<\/p>\n","protected":false},"excerpt":{"rendered":"<p>Tenttivierailu tarkoittaa sit\u00e4, ett\u00e4 opiskelija suorittaa oman korkeakoulunsa opintojakson tentin toisen korkeakoulun EXAM-tenttitilassa. Tenttivierailussa mukana olevat korkeakoulut l\u00f6ytyv\u00e4t EXAM-konsortion sivulta: https:\/\/e-exam.fi\/exam-tenttivierailu\/ Varausj\u00e4rjestelm\u00e4ss\u00e4 n\u00e4kyy, mihin korkeakouluihin voi varata aikaa kunakin hetken\u00e4. Jamkin opiskelija varaa tenttiajan aina Jamkin EXAM-j\u00e4rjestelm\u00e4ss\u00e4 omilla Jamk-tunnuksillaan riippumatta suorituspaikasta. Opiskelijan vastuulla on ottaa selv\u00e4\u00e4 siit\u00e4, voiko h\u00e4n tehd\u00e4 tentti\u00e4\u00e4n toisen korkeakoulun EXAM-tenttitilassa. Huomioitavaa [&hellip;]<\/p>\n","protected":false},"author":82,"featured_media":0,"parent":71,"menu_order":5,"comment_status":"closed","ping_status":"closed","template":"","meta":{"_acf_changed":false,"_relevanssi_hide_post":"","_relevanssi_hide_content":"","_relevanssi_pin_for_all":"","_relevanssi_pin_keywords":"","_relevanssi_unpin_keywords":"","_relevanssi_related_keywords":"","_relevanssi_related_include_ids":"","_relevanssi_related_exclude_ids":"","_relevanssi_related_no_append":"","_relevanssi_related_not_related":"","_relevanssi_related_posts":"","_relevanssi_noindex_reason":"","footnotes":""},"categories":[],"tags":[],"class_list":["post-609","page","type-page","status-publish","hentry"],"acf":[],"yoast_head":"<!-- This site is optimized with the Yoast SEO plugin v27.3 - https:\/\/yoast.com\/product\/yoast-seo-wordpress\/ -->\n<title>EXAM-tenttivierailu - Exam<\/title>\n<meta name=\"robots\" content=\"index, follow, max-snippet:-1, max-image-preview:large, max-video-preview:-1\" \/>\n<link rel=\"canonical\" href=\"https:\/\/help.jamk.fi\/exam\/fi\/opettajalle\/exam-tenttivierailu\/\" \/>\n<meta property=\"og:locale\" content=\"fi_FI\" \/>\n<meta property=\"og:type\" content=\"article\" \/>\n<meta property=\"og:title\" content=\"EXAM-tenttivierailu - Exam\" \/>\n<meta property=\"og:description\" content=\"Tenttivierailu tarkoittaa sit\u00e4, ett\u00e4 opiskelija suorittaa oman korkeakoulunsa opintojakson tentin toisen korkeakoulun EXAM-tenttitilassa. Tenttivierailussa mukana olevat korkeakoulut l\u00f6ytyv\u00e4t EXAM-konsortion sivulta: https:\/\/e-exam.fi\/exam-tenttivierailu\/ Varausj\u00e4rjestelm\u00e4ss\u00e4 n\u00e4kyy, mihin korkeakouluihin voi varata aikaa kunakin hetken\u00e4. Jamkin opiskelija varaa tenttiajan aina Jamkin EXAM-j\u00e4rjestelm\u00e4ss\u00e4 omilla Jamk-tunnuksillaan riippumatta suorituspaikasta. Opiskelijan vastuulla on ottaa selv\u00e4\u00e4 siit\u00e4, voiko h\u00e4n tehd\u00e4 tentti\u00e4\u00e4n toisen korkeakoulun EXAM-tenttitilassa. Huomioitavaa [&hellip;]\" \/>\n<meta property=\"og:url\" content=\"https:\/\/help.jamk.fi\/exam\/fi\/opettajalle\/exam-tenttivierailu\/\" \/>\n<meta property=\"og:site_name\" content=\"Exam\" \/>\n<meta property=\"article:modified_time\" content=\"2025-05-05T09:00:38+00:00\" \/>\n<meta name=\"twitter:card\" content=\"summary_large_image\" \/>\n<meta name=\"twitter:label1\" content=\"Arvioitu lukuaika\" \/>\n\t<meta name=\"twitter:data1\" content=\"1 minuutti\" \/>\n<script type=\"application\/ld+json\" class=\"yoast-schema-graph\">{\"@context\":\"https:\\\/\\\/schema.org\",\"@graph\":[{\"@type\":\"WebPage\",\"@id\":\"https:\\\/\\\/help.jamk.fi\\\/exam\\\/fi\\\/opettajalle\\\/exam-tenttivierailu\\\/\",\"url\":\"https:\\\/\\\/help.jamk.fi\\\/exam\\\/fi\\\/opettajalle\\\/exam-tenttivierailu\\\/\",\"name\":\"EXAM-tenttivierailu - Exam\",\"isPartOf\":{\"@id\":\"https:\\\/\\\/help.jamk.fi\\\/exam\\\/#website\"},\"datePublished\":\"2020-03-05T12:22:44+00:00\",\"dateModified\":\"2025-05-05T09:00:38+00:00\",\"breadcrumb\":{\"@id\":\"https:\\\/\\\/help.jamk.fi\\\/exam\\\/fi\\\/opettajalle\\\/exam-tenttivierailu\\\/#breadcrumb\"},\"inLanguage\":\"fi\",\"potentialAction\":[{\"@type\":\"ReadAction\",\"target\":[\"https:\\\/\\\/help.jamk.fi\\\/exam\\\/fi\\\/opettajalle\\\/exam-tenttivierailu\\\/\"]}]},{\"@type\":\"BreadcrumbList\",\"@id\":\"https:\\\/\\\/help.jamk.fi\\\/exam\\\/fi\\\/opettajalle\\\/exam-tenttivierailu\\\/#breadcrumb\",\"itemListElement\":[{\"@type\":\"ListItem\",\"position\":1,\"name\":\"Etusivu\",\"item\":\"https:\\\/\\\/help.jamk.fi\\\/exam\\\/fi\\\/\"},{\"@type\":\"ListItem\",\"position\":2,\"name\":\"Opettajalle\",\"item\":\"https:\\\/\\\/help.jamk.fi\\\/exam\\\/fi\\\/opettajalle\\\/\"},{\"@type\":\"ListItem\",\"position\":3,\"name\":\"EXAM-tenttivierailu\"}]},{\"@type\":\"WebSite\",\"@id\":\"https:\\\/\\\/help.jamk.fi\\\/exam\\\/#website\",\"url\":\"https:\\\/\\\/help.jamk.fi\\\/exam\\\/\",\"name\":\"Exam\",\"description\":\"\",\"potentialAction\":[{\"@type\":\"SearchAction\",\"target\":{\"@type\":\"EntryPoint\",\"urlTemplate\":\"https:\\\/\\\/help.jamk.fi\\\/exam\\\/?s={search_term_string}\"},\"query-input\":{\"@type\":\"PropertyValueSpecification\",\"valueRequired\":true,\"valueName\":\"search_term_string\"}}],\"inLanguage\":\"fi\"}]}<\/script>\n<!-- \/ Yoast SEO plugin. -->","yoast_head_json":{"title":"EXAM-tenttivierailu - Exam","robots":{"index":"index","follow":"follow","max-snippet":"max-snippet:-1","max-image-preview":"max-image-preview:large","max-video-preview":"max-video-preview:-1"},"canonical":"https:\/\/help.jamk.fi\/exam\/fi\/opettajalle\/exam-tenttivierailu\/","og_locale":"fi_FI","og_type":"article","og_title":"EXAM-tenttivierailu - Exam","og_description":"Tenttivierailu tarkoittaa sit\u00e4, ett\u00e4 opiskelija suorittaa oman korkeakoulunsa opintojakson tentin toisen korkeakoulun EXAM-tenttitilassa. Tenttivierailussa mukana olevat korkeakoulut l\u00f6ytyv\u00e4t EXAM-konsortion sivulta: https:\/\/e-exam.fi\/exam-tenttivierailu\/ Varausj\u00e4rjestelm\u00e4ss\u00e4 n\u00e4kyy, mihin korkeakouluihin voi varata aikaa kunakin hetken\u00e4. Jamkin opiskelija varaa tenttiajan aina Jamkin EXAM-j\u00e4rjestelm\u00e4ss\u00e4 omilla Jamk-tunnuksillaan riippumatta suorituspaikasta. Opiskelijan vastuulla on ottaa selv\u00e4\u00e4 siit\u00e4, voiko h\u00e4n tehd\u00e4 tentti\u00e4\u00e4n toisen korkeakoulun EXAM-tenttitilassa. Huomioitavaa [&hellip;]","og_url":"https:\/\/help.jamk.fi\/exam\/fi\/opettajalle\/exam-tenttivierailu\/","og_site_name":"Exam","article_modified_time":"2025-05-05T09:00:38+00:00","twitter_card":"summary_large_image","twitter_misc":{"Arvioitu lukuaika":"1 minuutti"},"schema":{"@context":"https:\/\/schema.org","@graph":[{"@type":"WebPage","@id":"https:\/\/help.jamk.fi\/exam\/fi\/opettajalle\/exam-tenttivierailu\/","url":"https:\/\/help.jamk.fi\/exam\/fi\/opettajalle\/exam-tenttivierailu\/","name":"EXAM-tenttivierailu - Exam","isPartOf":{"@id":"https:\/\/help.jamk.fi\/exam\/#website"},"datePublished":"2020-03-05T12:22:44+00:00","dateModified":"2025-05-05T09:00:38+00:00","breadcrumb":{"@id":"https:\/\/help.jamk.fi\/exam\/fi\/opettajalle\/exam-tenttivierailu\/#breadcrumb"},"inLanguage":"fi","potentialAction":[{"@type":"ReadAction","target":["https:\/\/help.jamk.fi\/exam\/fi\/opettajalle\/exam-tenttivierailu\/"]}]},{"@type":"BreadcrumbList","@id":"https:\/\/help.jamk.fi\/exam\/fi\/opettajalle\/exam-tenttivierailu\/#breadcrumb","itemListElement":[{"@type":"ListItem","position":1,"name":"Etusivu","item":"https:\/\/help.jamk.fi\/exam\/fi\/"},{"@type":"ListItem","position":2,"name":"Opettajalle","item":"https:\/\/help.jamk.fi\/exam\/fi\/opettajalle\/"},{"@type":"ListItem","position":3,"name":"EXAM-tenttivierailu"}]},{"@type":"WebSite","@id":"https:\/\/help.jamk.fi\/exam\/#website","url":"https:\/\/help.jamk.fi\/exam\/","name":"Exam","description":"","potentialAction":[{"@type":"SearchAction","target":{"@type":"EntryPoint","urlTemplate":"https:\/\/help.jamk.fi\/exam\/?s={search_term_string}"},"query-input":{"@type":"PropertyValueSpecification","valueRequired":true,"valueName":"search_term_string"}}],"inLanguage":"fi"}]}},"_links":{"self":[{"href":"https:\/\/help.jamk.fi\/exam\/wp-json\/wp\/v2\/pages\/609","targetHints":{"allow":["GET"]}}],"collection":[{"href":"https:\/\/help.jamk.fi\/exam\/wp-json\/wp\/v2\/pages"}],"about":[{"href":"https:\/\/help.jamk.fi\/exam\/wp-json\/wp\/v2\/types\/page"}],"author":[{"embeddable":true,"href":"https:\/\/help.jamk.fi\/exam\/wp-json\/wp\/v2\/users\/82"}],"replies":[{"embeddable":true,"href":"https:\/\/help.jamk.fi\/exam\/wp-json\/wp\/v2\/comments?post=609"}],"version-history":[{"count":8,"href":"https:\/\/help.jamk.fi\/exam\/wp-json\/wp\/v2\/pages\/609\/revisions"}],"predecessor-version":[{"id":2521,"href":"https:\/\/help.jamk.fi\/exam\/wp-json\/wp\/v2\/pages\/609\/revisions\/2521"}],"up":[{"embeddable":true,"href":"https:\/\/help.jamk.fi\/exam\/wp-json\/wp\/v2\/pages\/71"}],"wp:attachment":[{"href":"https:\/\/help.jamk.fi\/exam\/wp-json\/wp\/v2\/media?parent=609"}],"wp:term":[{"taxonomy":"category","embeddable":true,"href":"https:\/\/help.jamk.fi\/exam\/wp-json\/wp\/v2\/categories?post=609"},{"taxonomy":"post_tag","embeddable":true,"href":"https:\/\/help.jamk.fi\/exam\/wp-json\/wp\/v2\/tags?post=609"}],"curies":[{"name":"wp","href":"https:\/\/api.w.org\/{rel}","templated":true}]}}