{"id":624,"date":"2023-01-11T11:25:03","date_gmt":"2023-01-11T09:25:03","guid":{"rendered":"https:\/\/help.jamk.fi\/exam\/apua-ongelmatilanteisiin\/sahkokatkojen-vaikutus-sahkoiseen-tenttimiseen\/"},"modified":"2023-11-02T12:00:37","modified_gmt":"2023-11-02T10:00:37","slug":"sahkokatkojen-vaikutus-sahkoiseen-tenttimiseen","status":"publish","type":"page","link":"https:\/\/help.jamk.fi\/exam\/fi\/apua-ongelmatilanteisiin\/sahkokatkojen-vaikutus-sahkoiseen-tenttimiseen\/","title":{"rendered":"S\u00e4hk\u00f6katkojen vaikutus s\u00e4hk\u00f6iseen tenttimiseen"},"content":{"rendered":"\n<p>S\u00e4hk\u00f6katkon aikana ei ole mahdollista suorittaa s\u00e4hk\u00f6isi\u00e4 tenttej\u00e4 Examstudiossa. Mik\u00e4li s\u00e4hk\u00f6katkon kesto on alle kaksi tuntia, BYOD eli omakonetentit ja tenttivierailut muissa korkeakouluissa toimivat normaalisti. <\/p>\n\n\n\n<p>Alta l\u00f6yd\u00e4t ohjeet, miten sinun tulee toimia, jos EXAM-tenttisi estyy tai keskeytyy ennalta ilmoitetun tai suunnittelemattoman s\u00e4hk\u00f6katkon takia.<\/p>\n\n\n\n<p>Jamk tiedottaa mahdollisista s\u00e4hk\u00f6katkoista Tuudo-sovelluksen kautta. Lataa Tuudo puhelimen sovelluskaupasta.<\/p>\n\n\n\n<h2 class=\"wp-block-heading\">EXAM-tentin suorittaminen<\/h2>\n\n\n\n<ul class=\"wp-block-list\">\n<li><strong>Jos tenttisi estyy tai tenttiaikasi tulisi lyhenem\u00e4\u00e4n s\u00e4hk\u00f6katkon takia, siirr\u00e4 tenttivaraus toiseen ajankohtaan ennen tenttiajan alkamista.<\/strong> Kirjaudu EXAM-j\u00e4rjestelm\u00e4\u00e4n ja tee varaukseen muutos Ilmoittautumiset-sivulla (kyn\u00e4kuvake).<\/li>\n\n\n\n<li>Jos tenttisi estyy s\u00e4hk\u00f6katkon takia etk\u00e4 ehdi perua tai muuttaa varausta, voit tehd\u00e4 uuden tenttivarauksen vasta, kun edellinen tenttivarauksesi on p\u00e4\u00e4ttynyt. Perumaton tenttivaraus ei vaikuta suorituskertojen m\u00e4\u00e4r\u00e4\u00e4n.<\/li>\n\n\n\n<li>Jos tenttisi on estynyt s\u00e4hk\u00f6katkon takia, mutta et saa varattua uutta tenttiaikaa, koska tenttiperiodi on p\u00e4\u00e4ttynyt, ota yhteytt\u00e4 tentaattoriin ja kerro tapahtuneesta. Tentaattorilla on mahdollisuus pident\u00e4\u00e4 tenttiperiodia tai toteuttaa tentti henkil\u00f6kohtaisena tenttin\u00e4.<\/li>\n\n\n\n<li>Jos tenttisi keskeytyy \u00e4killisen s\u00e4hk\u00f6katkon takia, poistu tenttitilasta rauhallisesti ja ota yhteytt\u00e4 tentaattoriin. EXAM-j\u00e4rjestelm\u00e4 palauttaa automaattisesti tenttiajan p\u00e4\u00e4tytty\u00e4 vain j\u00e4rjestelm\u00e4\u00e4n kirjoitetut tenttivastaukset ja sinne liitetyt vastaustiedostot. Tentaattorin kanssa on mahdollista keskustella tentin uusimisesta tai esim. siit\u00e4, onko tapahtunut mahdollista ottaa huomioon tenttisuorituksen arvioinnissa.<\/li>\n<\/ul>\n\n\n\n<h2 class=\"wp-block-heading\">Examstudioiden k\u00e4ytt\u00f6<\/h2>\n\n\n\n<ul class=\"wp-block-list\">\n<li>Examstudiosta on poistuttava\u00a0<strong>viimeist\u00e4\u00e4n 10 min ennen\u00a0<\/strong>ennalta ilmoitetun s\u00e4hk\u00f6katkon alkamista turvallisen siirtymisen mahdollistamiseksi. Otathan t\u00e4m\u00e4n huomioon suorittaessasi tentti\u00e4 Examstudiossa sellaisena p\u00e4iv\u00e4n\u00e4, jolloin kampuksella on ennalta ilmoitettu s\u00e4hk\u00f6katko. \u00c4killisen s\u00e4hk\u00f6katkon sattuessa odota tilassa 10 minuuttia rauhallisesti s\u00e4hk\u00f6jen palautumista. Mik\u00e4li s\u00e4hk\u00f6katko ei ole p\u00e4\u00e4ttynyt, tulee tilasta poistua rauhallisesti. <\/li>\n<\/ul>\n\n\n\n<h2 class=\"wp-block-heading\">Tenttivierailu<\/h2>\n\n\n\n<ul class=\"wp-block-list\">\n<li>Jos kohdekorkeakoulussa on tiedossa s\u00e4hk\u00f6katkos, ilmoitetaan siit\u00e4 viipym\u00e4tt\u00e4 tenttivierailijan kotikorkeakoululle. Kotikorkeakoulu pystyy kontaktoimaan tenttivierailijaa henkil\u00f6kohtaisella s\u00e4hk\u00f6postilla.<\/li>\n<\/ul>\n\n\n\n<p>N\u00e4iden ohjeiden lis\u00e4ksi l\u00f6yd\u00e4t intrasta yleiset toimintaohjeet sivulta <a href=\"https:\/\/jamkstudent.sharepoint.com\/sites\/Tilat-ja-turvallisuus-Elmo\/SitePages\/Varautuminen-s\u00e4hk\u00f6katkoihin.aspx#s\u00e4hk\u00f6katkoista-tiedotus\">Ohjeistus s\u00e4hk\u00f6katkojen varalta<\/a> (vaatii kirjautumisen).<\/p>\n","protected":false},"excerpt":{"rendered":"<p>S\u00e4hk\u00f6katkon aikana ei ole mahdollista suorittaa s\u00e4hk\u00f6isi\u00e4 tenttej\u00e4 Examstudiossa. Mik\u00e4li s\u00e4hk\u00f6katkon kesto on alle kaksi tuntia, BYOD eli omakonetentit ja tenttivierailut muissa korkeakouluissa toimivat normaalisti. Alta l\u00f6yd\u00e4t ohjeet, miten sinun tulee toimia, jos EXAM-tenttisi estyy tai keskeytyy ennalta ilmoitetun tai suunnittelemattoman s\u00e4hk\u00f6katkon takia. Jamk tiedottaa mahdollisista s\u00e4hk\u00f6katkoista Tuudo-sovelluksen kautta. Lataa Tuudo puhelimen sovelluskaupasta. EXAM-tentin suorittaminen [&hellip;]<\/p>\n","protected":false},"author":82,"featured_media":0,"parent":80,"menu_order":2,"comment_status":"closed","ping_status":"closed","template":"","meta":{"_acf_changed":false,"_relevanssi_hide_post":"","_relevanssi_hide_content":"","_relevanssi_pin_for_all":"","_relevanssi_pin_keywords":"","_relevanssi_unpin_keywords":"","_relevanssi_related_keywords":"","_relevanssi_related_include_ids":"","_relevanssi_related_exclude_ids":"","_relevanssi_related_no_append":"","_relevanssi_related_not_related":"","_relevanssi_related_posts":"","_relevanssi_noindex_reason":"","footnotes":""},"categories":[],"tags":[],"class_list":["post-624","page","type-page","status-publish","hentry"],"acf":[],"yoast_head":"<!-- This site is optimized with the Yoast SEO plugin v27.3 - https:\/\/yoast.com\/product\/yoast-seo-wordpress\/ -->\n<title>S\u00e4hk\u00f6katkojen vaikutus s\u00e4hk\u00f6iseen tenttimiseen - Exam<\/title>\n<meta name=\"robots\" content=\"index, follow, max-snippet:-1, max-image-preview:large, max-video-preview:-1\" \/>\n<link rel=\"canonical\" href=\"https:\/\/help.jamk.fi\/exam\/fi\/apua-ongelmatilanteisiin\/sahkokatkojen-vaikutus-sahkoiseen-tenttimiseen\/\" \/>\n<meta property=\"og:locale\" content=\"fi_FI\" \/>\n<meta property=\"og:type\" content=\"article\" \/>\n<meta property=\"og:title\" content=\"S\u00e4hk\u00f6katkojen vaikutus s\u00e4hk\u00f6iseen tenttimiseen - Exam\" \/>\n<meta property=\"og:description\" content=\"S\u00e4hk\u00f6katkon aikana ei ole mahdollista suorittaa s\u00e4hk\u00f6isi\u00e4 tenttej\u00e4 Examstudiossa. Mik\u00e4li s\u00e4hk\u00f6katkon kesto on alle kaksi tuntia, BYOD eli omakonetentit ja tenttivierailut muissa korkeakouluissa toimivat normaalisti. Alta l\u00f6yd\u00e4t ohjeet, miten sinun tulee toimia, jos EXAM-tenttisi estyy tai keskeytyy ennalta ilmoitetun tai suunnittelemattoman s\u00e4hk\u00f6katkon takia. Jamk tiedottaa mahdollisista s\u00e4hk\u00f6katkoista Tuudo-sovelluksen kautta. Lataa Tuudo puhelimen sovelluskaupasta. EXAM-tentin suorittaminen [&hellip;]\" \/>\n<meta property=\"og:url\" content=\"https:\/\/help.jamk.fi\/exam\/fi\/apua-ongelmatilanteisiin\/sahkokatkojen-vaikutus-sahkoiseen-tenttimiseen\/\" \/>\n<meta property=\"og:site_name\" content=\"Exam\" \/>\n<meta property=\"article:modified_time\" content=\"2023-11-02T10:00:37+00:00\" \/>\n<meta name=\"twitter:card\" content=\"summary_large_image\" \/>\n<meta name=\"twitter:label1\" content=\"Arvioitu lukuaika\" \/>\n\t<meta name=\"twitter:data1\" content=\"2 minuuttia\" \/>\n<script type=\"application\/ld+json\" class=\"yoast-schema-graph\">{\"@context\":\"https:\\\/\\\/schema.org\",\"@graph\":[{\"@type\":\"WebPage\",\"@id\":\"https:\\\/\\\/help.jamk.fi\\\/exam\\\/fi\\\/apua-ongelmatilanteisiin\\\/sahkokatkojen-vaikutus-sahkoiseen-tenttimiseen\\\/\",\"url\":\"https:\\\/\\\/help.jamk.fi\\\/exam\\\/fi\\\/apua-ongelmatilanteisiin\\\/sahkokatkojen-vaikutus-sahkoiseen-tenttimiseen\\\/\",\"name\":\"S\u00e4hk\u00f6katkojen vaikutus s\u00e4hk\u00f6iseen tenttimiseen - Exam\",\"isPartOf\":{\"@id\":\"https:\\\/\\\/help.jamk.fi\\\/exam\\\/#website\"},\"datePublished\":\"2023-01-11T09:25:03+00:00\",\"dateModified\":\"2023-11-02T10:00:37+00:00\",\"breadcrumb\":{\"@id\":\"https:\\\/\\\/help.jamk.fi\\\/exam\\\/fi\\\/apua-ongelmatilanteisiin\\\/sahkokatkojen-vaikutus-sahkoiseen-tenttimiseen\\\/#breadcrumb\"},\"inLanguage\":\"fi\",\"potentialAction\":[{\"@type\":\"ReadAction\",\"target\":[\"https:\\\/\\\/help.jamk.fi\\\/exam\\\/fi\\\/apua-ongelmatilanteisiin\\\/sahkokatkojen-vaikutus-sahkoiseen-tenttimiseen\\\/\"]}]},{\"@type\":\"BreadcrumbList\",\"@id\":\"https:\\\/\\\/help.jamk.fi\\\/exam\\\/fi\\\/apua-ongelmatilanteisiin\\\/sahkokatkojen-vaikutus-sahkoiseen-tenttimiseen\\\/#breadcrumb\",\"itemListElement\":[{\"@type\":\"ListItem\",\"position\":1,\"name\":\"Etusivu\",\"item\":\"https:\\\/\\\/help.jamk.fi\\\/exam\\\/fi\\\/\"},{\"@type\":\"ListItem\",\"position\":2,\"name\":\"Apua ongelmatilanteisiin\",\"item\":\"https:\\\/\\\/help.jamk.fi\\\/exam\\\/fi\\\/apua-ongelmatilanteisiin\\\/\"},{\"@type\":\"ListItem\",\"position\":3,\"name\":\"S\u00e4hk\u00f6katkojen vaikutus s\u00e4hk\u00f6iseen tenttimiseen\"}]},{\"@type\":\"WebSite\",\"@id\":\"https:\\\/\\\/help.jamk.fi\\\/exam\\\/#website\",\"url\":\"https:\\\/\\\/help.jamk.fi\\\/exam\\\/\",\"name\":\"Exam\",\"description\":\"\",\"potentialAction\":[{\"@type\":\"SearchAction\",\"target\":{\"@type\":\"EntryPoint\",\"urlTemplate\":\"https:\\\/\\\/help.jamk.fi\\\/exam\\\/?s={search_term_string}\"},\"query-input\":{\"@type\":\"PropertyValueSpecification\",\"valueRequired\":true,\"valueName\":\"search_term_string\"}}],\"inLanguage\":\"fi\"}]}<\/script>\n<!-- \/ Yoast SEO plugin. -->","yoast_head_json":{"title":"S\u00e4hk\u00f6katkojen vaikutus s\u00e4hk\u00f6iseen tenttimiseen - Exam","robots":{"index":"index","follow":"follow","max-snippet":"max-snippet:-1","max-image-preview":"max-image-preview:large","max-video-preview":"max-video-preview:-1"},"canonical":"https:\/\/help.jamk.fi\/exam\/fi\/apua-ongelmatilanteisiin\/sahkokatkojen-vaikutus-sahkoiseen-tenttimiseen\/","og_locale":"fi_FI","og_type":"article","og_title":"S\u00e4hk\u00f6katkojen vaikutus s\u00e4hk\u00f6iseen tenttimiseen - Exam","og_description":"S\u00e4hk\u00f6katkon aikana ei ole mahdollista suorittaa s\u00e4hk\u00f6isi\u00e4 tenttej\u00e4 Examstudiossa. Mik\u00e4li s\u00e4hk\u00f6katkon kesto on alle kaksi tuntia, BYOD eli omakonetentit ja tenttivierailut muissa korkeakouluissa toimivat normaalisti. Alta l\u00f6yd\u00e4t ohjeet, miten sinun tulee toimia, jos EXAM-tenttisi estyy tai keskeytyy ennalta ilmoitetun tai suunnittelemattoman s\u00e4hk\u00f6katkon takia. Jamk tiedottaa mahdollisista s\u00e4hk\u00f6katkoista Tuudo-sovelluksen kautta. Lataa Tuudo puhelimen sovelluskaupasta. EXAM-tentin suorittaminen [&hellip;]","og_url":"https:\/\/help.jamk.fi\/exam\/fi\/apua-ongelmatilanteisiin\/sahkokatkojen-vaikutus-sahkoiseen-tenttimiseen\/","og_site_name":"Exam","article_modified_time":"2023-11-02T10:00:37+00:00","twitter_card":"summary_large_image","twitter_misc":{"Arvioitu lukuaika":"2 minuuttia"},"schema":{"@context":"https:\/\/schema.org","@graph":[{"@type":"WebPage","@id":"https:\/\/help.jamk.fi\/exam\/fi\/apua-ongelmatilanteisiin\/sahkokatkojen-vaikutus-sahkoiseen-tenttimiseen\/","url":"https:\/\/help.jamk.fi\/exam\/fi\/apua-ongelmatilanteisiin\/sahkokatkojen-vaikutus-sahkoiseen-tenttimiseen\/","name":"S\u00e4hk\u00f6katkojen vaikutus s\u00e4hk\u00f6iseen tenttimiseen - Exam","isPartOf":{"@id":"https:\/\/help.jamk.fi\/exam\/#website"},"datePublished":"2023-01-11T09:25:03+00:00","dateModified":"2023-11-02T10:00:37+00:00","breadcrumb":{"@id":"https:\/\/help.jamk.fi\/exam\/fi\/apua-ongelmatilanteisiin\/sahkokatkojen-vaikutus-sahkoiseen-tenttimiseen\/#breadcrumb"},"inLanguage":"fi","potentialAction":[{"@type":"ReadAction","target":["https:\/\/help.jamk.fi\/exam\/fi\/apua-ongelmatilanteisiin\/sahkokatkojen-vaikutus-sahkoiseen-tenttimiseen\/"]}]},{"@type":"BreadcrumbList","@id":"https:\/\/help.jamk.fi\/exam\/fi\/apua-ongelmatilanteisiin\/sahkokatkojen-vaikutus-sahkoiseen-tenttimiseen\/#breadcrumb","itemListElement":[{"@type":"ListItem","position":1,"name":"Etusivu","item":"https:\/\/help.jamk.fi\/exam\/fi\/"},{"@type":"ListItem","position":2,"name":"Apua ongelmatilanteisiin","item":"https:\/\/help.jamk.fi\/exam\/fi\/apua-ongelmatilanteisiin\/"},{"@type":"ListItem","position":3,"name":"S\u00e4hk\u00f6katkojen vaikutus s\u00e4hk\u00f6iseen tenttimiseen"}]},{"@type":"WebSite","@id":"https:\/\/help.jamk.fi\/exam\/#website","url":"https:\/\/help.jamk.fi\/exam\/","name":"Exam","description":"","potentialAction":[{"@type":"SearchAction","target":{"@type":"EntryPoint","urlTemplate":"https:\/\/help.jamk.fi\/exam\/?s={search_term_string}"},"query-input":{"@type":"PropertyValueSpecification","valueRequired":true,"valueName":"search_term_string"}}],"inLanguage":"fi"}]}},"_links":{"self":[{"href":"https:\/\/help.jamk.fi\/exam\/wp-json\/wp\/v2\/pages\/624","targetHints":{"allow":["GET"]}}],"collection":[{"href":"https:\/\/help.jamk.fi\/exam\/wp-json\/wp\/v2\/pages"}],"about":[{"href":"https:\/\/help.jamk.fi\/exam\/wp-json\/wp\/v2\/types\/page"}],"author":[{"embeddable":true,"href":"https:\/\/help.jamk.fi\/exam\/wp-json\/wp\/v2\/users\/82"}],"replies":[{"embeddable":true,"href":"https:\/\/help.jamk.fi\/exam\/wp-json\/wp\/v2\/comments?post=624"}],"version-history":[{"count":1,"href":"https:\/\/help.jamk.fi\/exam\/wp-json\/wp\/v2\/pages\/624\/revisions"}],"predecessor-version":[{"id":972,"href":"https:\/\/help.jamk.fi\/exam\/wp-json\/wp\/v2\/pages\/624\/revisions\/972"}],"up":[{"embeddable":true,"href":"https:\/\/help.jamk.fi\/exam\/wp-json\/wp\/v2\/pages\/80"}],"wp:attachment":[{"href":"https:\/\/help.jamk.fi\/exam\/wp-json\/wp\/v2\/media?parent=624"}],"wp:term":[{"taxonomy":"category","embeddable":true,"href":"https:\/\/help.jamk.fi\/exam\/wp-json\/wp\/v2\/categories?post=624"},{"taxonomy":"post_tag","embeddable":true,"href":"https:\/\/help.jamk.fi\/exam\/wp-json\/wp\/v2\/tags?post=624"}],"curies":[{"name":"wp","href":"https:\/\/api.w.org\/{rel}","templated":true}]}}