{"id":160,"date":"2025-06-06T06:19:16","date_gmt":"2025-06-06T06:19:16","guid":{"rendered":"https:\/\/help.jamk.fi\/jos-tradenomikoulutus\/?page_id=160"},"modified":"2025-06-17T12:05:10","modified_gmt":"2025-06-17T12:05:10","slug":"digicampus-moodle","status":"publish","type":"page","link":"https:\/\/help.jamk.fi\/jos-tradenomikoulutus\/digicampus-moodle\/","title":{"rendered":"DigiCampus Moodle"},"content":{"rendered":"\n<p>JOS-tradenomikoulutuksen digitaalisena oppimisymp\u00e4rist\u00f6n\u00e4 on DigiCampuksen Moodle, joka onkin jo sinulle tuttu valintakoeopintojaksolta.<\/p>\n\n\n\n<blockquote class=\"wp-block-quote is-layout-flow wp-block-quote-is-layout-flow\">\n<p>Nyt, kun opintosi JOS-tradenomikoulutuksessa alkavat Jamkin opiskelijana, kirjaudut DigiCampukselle aina Haka-kirjautumisen kautta Jamkin opiskelijas\u00e4hk\u00f6postiosoitteellasi (k\u00e4ytt\u00e4j\u00e4tunnus@student.jamk.fi) ja salasanallasi ja hyv\u00e4ksyt kirjautumisen Authenticator-sovelluksessa. <\/p>\n<\/blockquote>\n\n\n\n<p><\/p>\n\n\n\n<h2 class=\"wp-block-heading\">Kirjautuminen DigiCampukselle<\/h2>\n\n\n\n<ol class=\"wp-block-list\">\n<li>Siirry osoitteeseen <a href=\"https:\/\/digicampus.fi\/\" target=\"_blank\" rel=\"noreferrer noopener\">https:\/\/digicampus.fi\/<\/a><\/li>\n\n\n\n<li>Klikkaa sivun oikeassa yl\u00e4kulmassa Kirjaudu-painiketta.<\/li>\n<\/ol>\n\n\n\n<figure class=\"wp-block-image size-full\"><img loading=\"lazy\" decoding=\"async\" width=\"700\" height=\"250\" src=\"https:\/\/help.jamk.fi\/jos-tradenomikoulutus\/wp-content\/uploads\/sites\/145\/2025\/06\/digicampus-1.jpg\" alt=\"Kuvakaappaus DigiCampuksen aloitussivulta, jonka oikeasta yl\u00e4kulmasta p\u00e4\u00e4see kirjautumaan sivustolle.\" class=\"wp-image-192\" srcset=\"https:\/\/help.jamk.fi\/jos-tradenomikoulutus\/wp-content\/uploads\/sites\/145\/2025\/06\/digicampus-1.jpg 700w, https:\/\/help.jamk.fi\/jos-tradenomikoulutus\/wp-content\/uploads\/sites\/145\/2025\/06\/digicampus-1-300x107.jpg 300w\" sizes=\"auto, (max-width: 700px) 100vw, 700px\" \/><\/figure>\n\n\n\n<p>3. Valitse avautuvalla sivulla Haka Login.<\/p>\n\n\n\n<figure class=\"wp-block-image size-full\"><img loading=\"lazy\" decoding=\"async\" width=\"502\" height=\"428\" src=\"https:\/\/help.jamk.fi\/jos-tradenomikoulutus\/wp-content\/uploads\/sites\/145\/2025\/06\/haka_login.jpg\" alt=\"DigiCampuksen kirjautumisn\u00e4kym\u00e4, jossa Jamkin opiskelija valitsee Haka Login -vaihtoehdon.\" class=\"wp-image-194\" srcset=\"https:\/\/help.jamk.fi\/jos-tradenomikoulutus\/wp-content\/uploads\/sites\/145\/2025\/06\/haka_login.jpg 502w, https:\/\/help.jamk.fi\/jos-tradenomikoulutus\/wp-content\/uploads\/sites\/145\/2025\/06\/haka_login-300x256.jpg 300w\" sizes=\"auto, (max-width: 502px) 100vw, 502px\" \/><\/figure>\n\n\n\n<p>4. Valitse pudotusvalikosta Jyv\u00e4skyl\u00e4n ammattikorkeakoulu\/Jyv\u00e4skyl\u00e4 University of Applied Sciences.<\/p>\n\n\n\n<figure class=\"wp-block-image size-full\"><img loading=\"lazy\" decoding=\"async\" width=\"420\" height=\"374\" src=\"https:\/\/help.jamk.fi\/jos-tradenomikoulutus\/wp-content\/uploads\/sites\/145\/2025\/06\/haka_login_1.jpg\" alt=\"Jamkin opiskelija valitsee pudotusvalikosta vaihtoehdon Jyv\u00e4skyl\u00e4n ammattikorkeakoulu\/Jyv\u00e4skyl\u00e4 University of Applied Sciences.\" class=\"wp-image-196\" srcset=\"https:\/\/help.jamk.fi\/jos-tradenomikoulutus\/wp-content\/uploads\/sites\/145\/2025\/06\/haka_login_1.jpg 420w, https:\/\/help.jamk.fi\/jos-tradenomikoulutus\/wp-content\/uploads\/sites\/145\/2025\/06\/haka_login_1-300x267.jpg 300w\" sizes=\"auto, (max-width: 420px) 100vw, 420px\" \/><\/figure>\n\n\n\n<p>5. Sivusto pyyt\u00e4\u00e4 sinua kirjautumaan Jamkin opiskelijas\u00e4hk\u00f6postiosoitteellasi ja salasanallasi. Hyv\u00e4ksy kirjautuminen Authenticator-sovelluksessa. Hyv\u00e4ksy k\u00e4ytt\u00f6ehdot ja etene DigiCampukselle.<\/p>\n\n\n\n<figure class=\"wp-block-image size-full\"><img loading=\"lazy\" decoding=\"async\" width=\"900\" height=\"332\" src=\"https:\/\/help.jamk.fi\/jos-tradenomikoulutus\/wp-content\/uploads\/sites\/145\/2025\/06\/kirjautuminen_digicampukselle-1.jpg\" alt=\"Kirjaudu Jamkin opiskelijas\u00e4hk\u00f6postiosoitteellasi ja salasanallasi. Vahvista kirjautuminen Authenticator-sovelluksessa.\" class=\"wp-image-208\" srcset=\"https:\/\/help.jamk.fi\/jos-tradenomikoulutus\/wp-content\/uploads\/sites\/145\/2025\/06\/kirjautuminen_digicampukselle-1.jpg 900w, https:\/\/help.jamk.fi\/jos-tradenomikoulutus\/wp-content\/uploads\/sites\/145\/2025\/06\/kirjautuminen_digicampukselle-1-300x111.jpg 300w, https:\/\/help.jamk.fi\/jos-tradenomikoulutus\/wp-content\/uploads\/sites\/145\/2025\/06\/kirjautuminen_digicampukselle-1-768x283.jpg 768w\" sizes=\"auto, (max-width: 900px) 100vw, 900px\" \/><\/figure>\n\n\n\n<p><\/p>\n\n\n\n<h2 class=\"wp-block-heading\">Tarvitsen apua<\/h2>\n\n\n\n<p>Jos sinulla on haasteita DigiCampukselle kirjautumisessa klikkaa <strong>J\u00e4t\u00e4 palvelupyynt\u00f6<\/strong> t\u00e4m\u00e4n sivun yl\u00e4laidassa. Voit j\u00e4tt\u00e4\u00e4 palvelupyynn\u00f6n ilman kirjautumista tai Jamkin tunnuksilla kirjautuneena. Valitse palvelupyynn\u00f6n kategoriaksi <strong>Study Services \/ Opintopalvelut > DigiCampus<\/strong>. Kerro olevasi JOS-tradenomikoulutuksen opiskelija ja kerro yksityiskohtaisesti, millainen ongelma sinulla on.<\/p>\n","protected":false},"excerpt":{"rendered":"<p>JOS-tradenomikoulutuksen digitaalisena oppimisymp\u00e4rist\u00f6n\u00e4 on DigiCampuksen Moodle, joka onkin jo sinulle tuttu valintakoeopintojaksolta. Nyt, kun opintosi JOS-tradenomikoulutuksessa alkavat Jamkin opiskelijana, kirjaudut DigiCampukselle aina Haka-kirjautumisen kautta Jamkin opiskelijas\u00e4hk\u00f6postiosoitteellasi (k\u00e4ytt\u00e4j\u00e4tunnus@student.jamk.fi) ja salasanallasi ja hyv\u00e4ksyt kirjautumisen Authenticator-sovelluksessa. Kirjautuminen DigiCampukselle 3. Valitse avautuvalla sivulla Haka Login. 4. Valitse pudotusvalikosta Jyv\u00e4skyl\u00e4n ammattikorkeakoulu\/Jyv\u00e4skyl\u00e4 University of Applied Sciences. 5. Sivusto pyyt\u00e4\u00e4 sinua kirjautumaan [&hellip;]<\/p>\n","protected":false},"author":72,"featured_media":0,"parent":0,"menu_order":2,"comment_status":"closed","ping_status":"closed","template":"","meta":{"_acf_changed":false,"_relevanssi_hide_post":"","_relevanssi_hide_content":"","_relevanssi_pin_for_all":"","_relevanssi_pin_keywords":"","_relevanssi_unpin_keywords":"","_relevanssi_related_keywords":"","_relevanssi_related_include_ids":"","_relevanssi_related_exclude_ids":"","_relevanssi_related_no_append":"","_relevanssi_related_not_related":"","_relevanssi_related_posts":"1","_relevanssi_noindex_reason":"","footnotes":""},"categories":[],"tags":[],"class_list":["post-160","page","type-page","status-publish","hentry"],"acf":[],"yoast_head":"<!-- This site is optimized with the Yoast SEO plugin v27.3 - https:\/\/yoast.com\/product\/yoast-seo-wordpress\/ -->\n<title>DigiCampus Moodle - JOS-tradenomikoulutus<\/title>\n<meta name=\"robots\" content=\"index, follow, max-snippet:-1, max-image-preview:large, max-video-preview:-1\" \/>\n<link rel=\"canonical\" href=\"https:\/\/help.jamk.fi\/jos-tradenomikoulutus\/digicampus-moodle\/\" \/>\n<meta property=\"og:locale\" content=\"fi_FI\" \/>\n<meta property=\"og:type\" content=\"article\" \/>\n<meta property=\"og:title\" content=\"DigiCampus Moodle - JOS-tradenomikoulutus\" \/>\n<meta property=\"og:description\" content=\"JOS-tradenomikoulutuksen digitaalisena oppimisymp\u00e4rist\u00f6n\u00e4 on DigiCampuksen Moodle, joka onkin jo sinulle tuttu valintakoeopintojaksolta. Nyt, kun opintosi JOS-tradenomikoulutuksessa alkavat Jamkin opiskelijana, kirjaudut DigiCampukselle aina Haka-kirjautumisen kautta Jamkin opiskelijas\u00e4hk\u00f6postiosoitteellasi (k\u00e4ytt\u00e4j\u00e4tunnus@student.jamk.fi) ja salasanallasi ja hyv\u00e4ksyt kirjautumisen Authenticator-sovelluksessa. Kirjautuminen DigiCampukselle 3. Valitse avautuvalla sivulla Haka Login. 4. Valitse pudotusvalikosta Jyv\u00e4skyl\u00e4n ammattikorkeakoulu\/Jyv\u00e4skyl\u00e4 University of Applied Sciences. 5. Sivusto pyyt\u00e4\u00e4 sinua kirjautumaan [&hellip;]\" \/>\n<meta property=\"og:url\" content=\"https:\/\/help.jamk.fi\/jos-tradenomikoulutus\/digicampus-moodle\/\" \/>\n<meta property=\"og:site_name\" content=\"JOS-tradenomikoulutus\" \/>\n<meta property=\"article:modified_time\" content=\"2025-06-17T12:05:10+00:00\" \/>\n<meta property=\"og:image\" content=\"https:\/\/help.jamk.fi\/jos-tradenomikoulutus\/wp-content\/uploads\/sites\/145\/2025\/06\/digicampus-1.jpg\" \/>\n\t<meta property=\"og:image:width\" content=\"700\" \/>\n\t<meta property=\"og:image:height\" content=\"250\" \/>\n\t<meta property=\"og:image:type\" content=\"image\/jpeg\" \/>\n<meta name=\"twitter:card\" content=\"summary_large_image\" \/>\n<meta name=\"twitter:label1\" content=\"Arvioitu lukuaika\" \/>\n\t<meta name=\"twitter:data1\" content=\"2 minuuttia\" \/>\n<script type=\"application\/ld+json\" class=\"yoast-schema-graph\">{\"@context\":\"https:\\\/\\\/schema.org\",\"@graph\":[{\"@type\":\"WebPage\",\"@id\":\"https:\\\/\\\/help.jamk.fi\\\/jos-tradenomikoulutus\\\/digicampus-moodle\\\/\",\"url\":\"https:\\\/\\\/help.jamk.fi\\\/jos-tradenomikoulutus\\\/digicampus-moodle\\\/\",\"name\":\"DigiCampus Moodle - JOS-tradenomikoulutus\",\"isPartOf\":{\"@id\":\"https:\\\/\\\/help.jamk.fi\\\/jos-tradenomikoulutus\\\/#website\"},\"primaryImageOfPage\":{\"@id\":\"https:\\\/\\\/help.jamk.fi\\\/jos-tradenomikoulutus\\\/digicampus-moodle\\\/#primaryimage\"},\"image\":{\"@id\":\"https:\\\/\\\/help.jamk.fi\\\/jos-tradenomikoulutus\\\/digicampus-moodle\\\/#primaryimage\"},\"thumbnailUrl\":\"https:\\\/\\\/help.jamk.fi\\\/jos-tradenomikoulutus\\\/wp-content\\\/uploads\\\/sites\\\/145\\\/2025\\\/06\\\/digicampus-1.jpg\",\"datePublished\":\"2025-06-06T06:19:16+00:00\",\"dateModified\":\"2025-06-17T12:05:10+00:00\",\"breadcrumb\":{\"@id\":\"https:\\\/\\\/help.jamk.fi\\\/jos-tradenomikoulutus\\\/digicampus-moodle\\\/#breadcrumb\"},\"inLanguage\":\"fi\",\"potentialAction\":[{\"@type\":\"ReadAction\",\"target\":[\"https:\\\/\\\/help.jamk.fi\\\/jos-tradenomikoulutus\\\/digicampus-moodle\\\/\"]}]},{\"@type\":\"ImageObject\",\"inLanguage\":\"fi\",\"@id\":\"https:\\\/\\\/help.jamk.fi\\\/jos-tradenomikoulutus\\\/digicampus-moodle\\\/#primaryimage\",\"url\":\"https:\\\/\\\/help.jamk.fi\\\/jos-tradenomikoulutus\\\/wp-content\\\/uploads\\\/sites\\\/145\\\/2025\\\/06\\\/digicampus-1.jpg\",\"contentUrl\":\"https:\\\/\\\/help.jamk.fi\\\/jos-tradenomikoulutus\\\/wp-content\\\/uploads\\\/sites\\\/145\\\/2025\\\/06\\\/digicampus-1.jpg\",\"width\":700,\"height\":250},{\"@type\":\"BreadcrumbList\",\"@id\":\"https:\\\/\\\/help.jamk.fi\\\/jos-tradenomikoulutus\\\/digicampus-moodle\\\/#breadcrumb\",\"itemListElement\":[{\"@type\":\"ListItem\",\"position\":1,\"name\":\"Home\",\"item\":\"https:\\\/\\\/help.jamk.fi\\\/jos-tradenomikoulutus\\\/\"},{\"@type\":\"ListItem\",\"position\":2,\"name\":\"DigiCampus Moodle\"}]},{\"@type\":\"WebSite\",\"@id\":\"https:\\\/\\\/help.jamk.fi\\\/jos-tradenomikoulutus\\\/#website\",\"url\":\"https:\\\/\\\/help.jamk.fi\\\/jos-tradenomikoulutus\\\/\",\"name\":\"JOS-tradenomikoulutus\",\"description\":\"\",\"potentialAction\":[{\"@type\":\"SearchAction\",\"target\":{\"@type\":\"EntryPoint\",\"urlTemplate\":\"https:\\\/\\\/help.jamk.fi\\\/jos-tradenomikoulutus\\\/?s={search_term_string}\"},\"query-input\":{\"@type\":\"PropertyValueSpecification\",\"valueRequired\":true,\"valueName\":\"search_term_string\"}}],\"inLanguage\":\"fi\"}]}<\/script>\n<!-- \/ Yoast SEO plugin. -->","yoast_head_json":{"title":"DigiCampus Moodle - JOS-tradenomikoulutus","robots":{"index":"index","follow":"follow","max-snippet":"max-snippet:-1","max-image-preview":"max-image-preview:large","max-video-preview":"max-video-preview:-1"},"canonical":"https:\/\/help.jamk.fi\/jos-tradenomikoulutus\/digicampus-moodle\/","og_locale":"fi_FI","og_type":"article","og_title":"DigiCampus Moodle - JOS-tradenomikoulutus","og_description":"JOS-tradenomikoulutuksen digitaalisena oppimisymp\u00e4rist\u00f6n\u00e4 on DigiCampuksen Moodle, joka onkin jo sinulle tuttu valintakoeopintojaksolta. Nyt, kun opintosi JOS-tradenomikoulutuksessa alkavat Jamkin opiskelijana, kirjaudut DigiCampukselle aina Haka-kirjautumisen kautta Jamkin opiskelijas\u00e4hk\u00f6postiosoitteellasi (k\u00e4ytt\u00e4j\u00e4tunnus@student.jamk.fi) ja salasanallasi ja hyv\u00e4ksyt kirjautumisen Authenticator-sovelluksessa. Kirjautuminen DigiCampukselle 3. Valitse avautuvalla sivulla Haka Login. 4. Valitse pudotusvalikosta Jyv\u00e4skyl\u00e4n ammattikorkeakoulu\/Jyv\u00e4skyl\u00e4 University of Applied Sciences. 5. Sivusto pyyt\u00e4\u00e4 sinua kirjautumaan [&hellip;]","og_url":"https:\/\/help.jamk.fi\/jos-tradenomikoulutus\/digicampus-moodle\/","og_site_name":"JOS-tradenomikoulutus","article_modified_time":"2025-06-17T12:05:10+00:00","og_image":[{"width":700,"height":250,"url":"https:\/\/help.jamk.fi\/jos-tradenomikoulutus\/wp-content\/uploads\/sites\/145\/2025\/06\/digicampus-1.jpg","type":"image\/jpeg"}],"twitter_card":"summary_large_image","twitter_misc":{"Arvioitu lukuaika":"2 minuuttia"},"schema":{"@context":"https:\/\/schema.org","@graph":[{"@type":"WebPage","@id":"https:\/\/help.jamk.fi\/jos-tradenomikoulutus\/digicampus-moodle\/","url":"https:\/\/help.jamk.fi\/jos-tradenomikoulutus\/digicampus-moodle\/","name":"DigiCampus Moodle - JOS-tradenomikoulutus","isPartOf":{"@id":"https:\/\/help.jamk.fi\/jos-tradenomikoulutus\/#website"},"primaryImageOfPage":{"@id":"https:\/\/help.jamk.fi\/jos-tradenomikoulutus\/digicampus-moodle\/#primaryimage"},"image":{"@id":"https:\/\/help.jamk.fi\/jos-tradenomikoulutus\/digicampus-moodle\/#primaryimage"},"thumbnailUrl":"https:\/\/help.jamk.fi\/jos-tradenomikoulutus\/wp-content\/uploads\/sites\/145\/2025\/06\/digicampus-1.jpg","datePublished":"2025-06-06T06:19:16+00:00","dateModified":"2025-06-17T12:05:10+00:00","breadcrumb":{"@id":"https:\/\/help.jamk.fi\/jos-tradenomikoulutus\/digicampus-moodle\/#breadcrumb"},"inLanguage":"fi","potentialAction":[{"@type":"ReadAction","target":["https:\/\/help.jamk.fi\/jos-tradenomikoulutus\/digicampus-moodle\/"]}]},{"@type":"ImageObject","inLanguage":"fi","@id":"https:\/\/help.jamk.fi\/jos-tradenomikoulutus\/digicampus-moodle\/#primaryimage","url":"https:\/\/help.jamk.fi\/jos-tradenomikoulutus\/wp-content\/uploads\/sites\/145\/2025\/06\/digicampus-1.jpg","contentUrl":"https:\/\/help.jamk.fi\/jos-tradenomikoulutus\/wp-content\/uploads\/sites\/145\/2025\/06\/digicampus-1.jpg","width":700,"height":250},{"@type":"BreadcrumbList","@id":"https:\/\/help.jamk.fi\/jos-tradenomikoulutus\/digicampus-moodle\/#breadcrumb","itemListElement":[{"@type":"ListItem","position":1,"name":"Home","item":"https:\/\/help.jamk.fi\/jos-tradenomikoulutus\/"},{"@type":"ListItem","position":2,"name":"DigiCampus Moodle"}]},{"@type":"WebSite","@id":"https:\/\/help.jamk.fi\/jos-tradenomikoulutus\/#website","url":"https:\/\/help.jamk.fi\/jos-tradenomikoulutus\/","name":"JOS-tradenomikoulutus","description":"","potentialAction":[{"@type":"SearchAction","target":{"@type":"EntryPoint","urlTemplate":"https:\/\/help.jamk.fi\/jos-tradenomikoulutus\/?s={search_term_string}"},"query-input":{"@type":"PropertyValueSpecification","valueRequired":true,"valueName":"search_term_string"}}],"inLanguage":"fi"}]}},"_links":{"self":[{"href":"https:\/\/help.jamk.fi\/jos-tradenomikoulutus\/wp-json\/wp\/v2\/pages\/160","targetHints":{"allow":["GET"]}}],"collection":[{"href":"https:\/\/help.jamk.fi\/jos-tradenomikoulutus\/wp-json\/wp\/v2\/pages"}],"about":[{"href":"https:\/\/help.jamk.fi\/jos-tradenomikoulutus\/wp-json\/wp\/v2\/types\/page"}],"author":[{"embeddable":true,"href":"https:\/\/help.jamk.fi\/jos-tradenomikoulutus\/wp-json\/wp\/v2\/users\/72"}],"replies":[{"embeddable":true,"href":"https:\/\/help.jamk.fi\/jos-tradenomikoulutus\/wp-json\/wp\/v2\/comments?post=160"}],"version-history":[{"count":25,"href":"https:\/\/help.jamk.fi\/jos-tradenomikoulutus\/wp-json\/wp\/v2\/pages\/160\/revisions"}],"predecessor-version":[{"id":271,"href":"https:\/\/help.jamk.fi\/jos-tradenomikoulutus\/wp-json\/wp\/v2\/pages\/160\/revisions\/271"}],"wp:attachment":[{"href":"https:\/\/help.jamk.fi\/jos-tradenomikoulutus\/wp-json\/wp\/v2\/media?parent=160"}],"wp:term":[{"taxonomy":"category","embeddable":true,"href":"https:\/\/help.jamk.fi\/jos-tradenomikoulutus\/wp-json\/wp\/v2\/categories?post=160"},{"taxonomy":"post_tag","embeddable":true,"href":"https:\/\/help.jamk.fi\/jos-tradenomikoulutus\/wp-json\/wp\/v2\/tags?post=160"}],"curies":[{"name":"wp","href":"https:\/\/api.w.org\/{rel}","templated":true}]}}