{"id":214,"date":"2025-06-13T08:59:49","date_gmt":"2025-06-13T08:59:49","guid":{"rendered":"https:\/\/help.jamk.fi\/jos-tradenomikoulutus\/?page_id=214"},"modified":"2025-06-18T06:43:16","modified_gmt":"2025-06-18T06:43:16","slug":"jos-tradenomikoulutuksessa-opiskelu","status":"publish","type":"page","link":"https:\/\/help.jamk.fi\/jos-tradenomikoulutus\/jos-tradenomikoulutuksessa-opiskelu\/","title":{"rendered":"JOS-tradenomikoulutuksessa opiskelu"},"content":{"rendered":"\n<p>Olemme koonneet t\u00e4lle sivulle muutamia JOS-tradenomikoulutukseen liittyvi\u00e4 erityisen t\u00e4rkeit\u00e4 asioita.&nbsp;<\/p>\n\n\n\n<h2 class=\"wp-block-heading\"><strong>Lukukaudet ja aloitusajankohdat<\/strong>&nbsp;<\/h2>\n\n\n\n<ol class=\"wp-block-list\">\n<li>Opiskelu on jaettu kahteen lukukauteen: syksy ja kev\u00e4t.\u00a0<\/li>\n\n\n\n<li>Aloitusajankohdat sovitaan yhteisesti kolmen korkeakoulun kesken. Syyslukukauden 2025 aloitus on 1.9.2025 ja kev\u00e4tlukukauden 2026 aloitus on 7.1.2026.&nbsp;<\/li>\n\n\n\n<li>Ennakkoteht\u00e4vi\u00e4 tehd\u00e4\u00e4n jo elokuun 2025 aikana Opinto- ja urasuunnittelu 1 -opintojaksolla DigiCampus oppimisalustalla. DigiCampuksen Moodle on tuttu sinulle valintaopintojaksolta. Nyt erityist\u00e4 on, ett\u00e4 kirjaudut DigiCampukselle Jamkin opiskelijana Jamkin tunnuksilla Haka-kirjautumisen kautta.&nbsp;Tutustu <a href=\"https:\/\/help.jamk.fi\/jos-tradenomikoulutus\/digicampus-moodle\/\">ohjeisiin DigiCampukselle kirjautumiseen.<\/a><\/li>\n<\/ol>\n\n\n\n<h2 class=\"wp-block-heading\"><strong>Opetussuunnitelma ryhm\u00e4lle <strong>HTY25SIYA<\/strong>\u00a0ja <strong>HTY25SIYB<\/strong><\/strong><\/h2>\n\n\n\n<p>Opetussuunnitelmaan voi tutustua osoitteessa&nbsp;<a href=\"https:\/\/opetussuunnitelmat.peppi.jamk.fi\/48\/fi\/58\/201813\" target=\"_blank\" rel=\"noreferrer noopener\">https:\/\/opetussuunnitelmat.peppi.jamk.fi\/48\/fi\/58\/201813<\/a><\/p>\n\n\n\n<p>Opetussuunnitelma on jaettu siten, ett\u00e4 lukuvuoden aikana on tavoitteena opiskella 60 opintopistett\u00e4, jolloin 3,5 vuoden ohjeaikainen opiskelu toteutuu:<\/p>\n\n\n\n<p><strong>1. lukuvuosi<\/strong><\/p>\n\n\n\n<ul class=\"wp-block-list\">\n<li>Perusopintoja<\/li>\n\n\n\n<li>Yhteisi\u00e4 ammattiopintoja<\/li>\n<\/ul>\n\n\n\n<p><strong>2. lukuvuosi<\/strong><\/p>\n\n\n\n<ul class=\"wp-block-list\">\n<li>Yhteisi\u00e4 ammattiopintoja<\/li>\n\n\n\n<li>Suuntaavia ammattiopintoja<\/li>\n<\/ul>\n\n\n\n<p><strong>3. &#8211; 4. lukuvuosi<\/strong><\/p>\n\n\n\n<ul class=\"wp-block-list\">\n<li>Suuntaavia ammattiopintoja<\/li>\n\n\n\n<li>Yhteisi\u00e4 ammattiopintoja<\/li>\n\n\n\n<li>Opinn\u00e4ytety\u00f6<\/li>\n\n\n\n<li>Harjoittelu 30 op<\/li>\n<\/ul>\n\n\n\n<h2 class=\"wp-block-heading\"><strong>Opintojaksoille Ilmoittautuminen<\/strong><\/h2>\n\n\n\n<p>Opintojaksoille ilmoittautuminen ohjeistetaan <em>Opinto- ja urasuunnittelu 1<\/em> -opintojaksolla DigiCampuksella ja saat tukea opintojaksoille ilmoittautumiseen my\u00f6s starttip\u00e4iv\u00e4ss\u00e4.<\/p>\n\n\n\n<ul class=\"wp-block-list\">\n<li>Syksyn 2025 opintojaksoille ilmoittaudutaan 1.8. &#8211; 15.9. v\u00e4lisen\u00e4 aikana.<\/li>\n\n\n\n<li>Kev\u00e4\u00e4n 2026 opintojaksoille ilmoittaudutaan 1.12. &#8211; 15.1. v\u00e4lisen\u00e4 aikana.<\/li>\n\n\n\n<li>Ilmoittautuminen tapahtuu PEPPI-j\u00e4rjestelm\u00e4n kautta.<\/li>\n\n\n\n<li>Kustakin korkeakoulusta voi olla korkeintaan 75 opiskelijaa\/opintojakso. Siten opintojaksoilla on enint\u00e4\u00e4n 225 opiskelijaa. <\/li>\n\n\n\n<li>Yhdess\u00e4 suunnitelluille opintojaksoille on nimetty vastuukorkeakoulu ja vastuuopettaja. Vastuuopettaja vastaa opintojakson kokonaisuudesta.<\/li>\n<\/ul>\n\n\n\n<h2 class=\"wp-block-heading\"><strong>Ohjaus ja opetus<\/strong><\/h2>\n\n\n\n<p>Opiskelijat saavat ohjausta omasta kotikorkeakoulusta ja Jamkin opiskelijat on jaettu kahdelle opettajatutorille puoliksi ryhmiin <strong>HTY25SIYA<\/strong>\u00a0ja\u00a0<strong>HTY25SIYB<\/strong>. Ryhm\u00e4jaot tehd\u00e4\u00e4n elokuussa, kun opiskelijavalinnat ovat valmiit.<\/p>\n\n\n\n<ul class=\"wp-block-list\">\n<li>Opettajatutorit hoitavat HOPS-keskustelut (henkil\u00f6kohtainen oppimissuunnitelma) omassa kotikorkeakoulussa ja HOPS p\u00e4ivitet\u00e4\u00e4n lukuvuosittain.<\/li>\n\n\n\n<li>Opetus keskitet\u00e4\u00e4n tiistai-iltoihin kello 16.30 &#8211; 19 v\u00e4liselle ajalle.<\/li>\n<\/ul>\n\n\n\n<h2 class=\"wp-block-heading\"><strong>Hyv\u00e4ksiluvut<\/strong><\/h2>\n\n\n\n<p>Jokainen korkeakoulu vastaa omien opiskelijoidensa osaamisen tunnistamisesta ja tunnustamisesta ja tutoropettajat kertovat lis\u00e4\u00e4 hyv\u00e4ksiluvuista aivan opintojen aluksi.<\/p>\n\n\n\n<ul class=\"wp-block-list\">\n<li>Opinn\u00e4ytety\u00f6n hyv\u00e4ksiluvun osalta toimitaan oman korkeakoulun s\u00e4\u00e4nt\u00f6jen mukaisesti.<\/li>\n\n\n\n<li>Matematiikan osalta oma korkeakoulu hoitaa omien opiskelijoidensa hyv\u00e4ksiluvut ja osittaisia hyv\u00e4ksilukuja ei tehd\u00e4.<\/li>\n\n\n\n<li>Kielten hyv\u00e4ksiluvuissa huomioidaan alakohtaisuus, osittaiset hyv\u00e4ksiluvut hoidetaan n\u00e4yt\u00f6ll\u00e4.<\/li>\n\n\n\n<li>Toisen asteen opintoja ei hyv\u00e4ksilueta t\u00e4h\u00e4n tutkintoon.<\/li>\n<\/ul>\n\n\n\n<h2 class=\"wp-block-heading\"><strong>Opiskelijaj\u00e4rjest\u00f6t<\/strong><\/h2>\n\n\n\n<p>Jyv\u00e4skyl\u00e4n ammattikorkeakoulun opiskelijakunta Jamko tulee kertomaan toiminnasta ja palveluistaan opintojen alussa. <\/p>\n\n\n\n<ul class=\"wp-block-list\">\n<li>Jamko edustaa kaikkia ammattikorkeakoulujen tutkintoja. <\/li>\n\n\n\n<li>Sinulle voisi olla hyv\u00e4 tavoite opiskelijatutorina toimiminen vuoden kuluttua aloittavalle seuraavalle JOS-opiskelijaryhm\u00e4lle.<\/li>\n<\/ul>\n\n\n\n<p>Jyv\u00e4skyl\u00e4n Tradenomiopiskelijat ry. eli Konkurssi huolehtii tradenomiopiskelijoiden edunvalvonnasta ja my\u00f6s he esittelev\u00e4t toimintaansa aivan opintojen alussa.<\/p>\n","protected":false},"excerpt":{"rendered":"<p>Olemme koonneet t\u00e4lle sivulle muutamia JOS-tradenomikoulutukseen liittyvi\u00e4 erityisen t\u00e4rkeit\u00e4 asioita.&nbsp; Lukukaudet ja aloitusajankohdat&nbsp; Opetussuunnitelma ryhm\u00e4lle HTY25SIYA\u00a0ja HTY25SIYB Opetussuunnitelmaan voi tutustua osoitteessa&nbsp;https:\/\/opetussuunnitelmat.peppi.jamk.fi\/48\/fi\/58\/201813 Opetussuunnitelma on jaettu siten, ett\u00e4 lukuvuoden aikana on tavoitteena opiskella 60 opintopistett\u00e4, jolloin 3,5 vuoden ohjeaikainen opiskelu toteutuu: 1. lukuvuosi 2. lukuvuosi 3. &#8211; 4. lukuvuosi Opintojaksoille Ilmoittautuminen Opintojaksoille ilmoittautuminen ohjeistetaan Opinto- ja urasuunnittelu [&hellip;]<\/p>\n","protected":false},"author":72,"featured_media":0,"parent":0,"menu_order":1,"comment_status":"closed","ping_status":"closed","template":"","meta":{"_acf_changed":false,"_relevanssi_hide_post":"","_relevanssi_hide_content":"","_relevanssi_pin_for_all":"","_relevanssi_pin_keywords":"","_relevanssi_unpin_keywords":"","_relevanssi_related_keywords":"","_relevanssi_related_include_ids":"","_relevanssi_related_exclude_ids":"","_relevanssi_related_no_append":"","_relevanssi_related_not_related":"","_relevanssi_related_posts":"1","_relevanssi_noindex_reason":"","footnotes":""},"categories":[],"tags":[],"class_list":["post-214","page","type-page","status-publish","hentry"],"acf":[],"yoast_head":"<!-- This site is optimized with the Yoast SEO plugin v27.3 - https:\/\/yoast.com\/product\/yoast-seo-wordpress\/ -->\n<title>JOS-tradenomikoulutuksessa opiskelu - JOS-tradenomikoulutus<\/title>\n<meta name=\"robots\" content=\"index, follow, max-snippet:-1, max-image-preview:large, max-video-preview:-1\" \/>\n<link rel=\"canonical\" href=\"https:\/\/help.jamk.fi\/jos-tradenomikoulutus\/jos-tradenomikoulutuksessa-opiskelu\/\" \/>\n<meta property=\"og:locale\" content=\"fi_FI\" \/>\n<meta property=\"og:type\" content=\"article\" \/>\n<meta property=\"og:title\" content=\"JOS-tradenomikoulutuksessa opiskelu - JOS-tradenomikoulutus\" \/>\n<meta property=\"og:description\" content=\"Olemme koonneet t\u00e4lle sivulle muutamia JOS-tradenomikoulutukseen liittyvi\u00e4 erityisen t\u00e4rkeit\u00e4 asioita.&nbsp; Lukukaudet ja aloitusajankohdat&nbsp; Opetussuunnitelma ryhm\u00e4lle HTY25SIYA\u00a0ja HTY25SIYB Opetussuunnitelmaan voi tutustua osoitteessa&nbsp;https:\/\/opetussuunnitelmat.peppi.jamk.fi\/48\/fi\/58\/201813 Opetussuunnitelma on jaettu siten, ett\u00e4 lukuvuoden aikana on tavoitteena opiskella 60 opintopistett\u00e4, jolloin 3,5 vuoden ohjeaikainen opiskelu toteutuu: 1. lukuvuosi 2. lukuvuosi 3. &#8211; 4. lukuvuosi Opintojaksoille Ilmoittautuminen Opintojaksoille ilmoittautuminen ohjeistetaan Opinto- ja urasuunnittelu [&hellip;]\" \/>\n<meta property=\"og:url\" content=\"https:\/\/help.jamk.fi\/jos-tradenomikoulutus\/jos-tradenomikoulutuksessa-opiskelu\/\" \/>\n<meta property=\"og:site_name\" content=\"JOS-tradenomikoulutus\" \/>\n<meta property=\"article:modified_time\" content=\"2025-06-18T06:43:16+00:00\" \/>\n<meta name=\"twitter:card\" content=\"summary_large_image\" \/>\n<meta name=\"twitter:label1\" content=\"Arvioitu lukuaika\" \/>\n\t<meta name=\"twitter:data1\" content=\"3 minuuttia\" \/>\n<script type=\"application\/ld+json\" class=\"yoast-schema-graph\">{\"@context\":\"https:\\\/\\\/schema.org\",\"@graph\":[{\"@type\":\"WebPage\",\"@id\":\"https:\\\/\\\/help.jamk.fi\\\/jos-tradenomikoulutus\\\/jos-tradenomikoulutuksessa-opiskelu\\\/\",\"url\":\"https:\\\/\\\/help.jamk.fi\\\/jos-tradenomikoulutus\\\/jos-tradenomikoulutuksessa-opiskelu\\\/\",\"name\":\"JOS-tradenomikoulutuksessa opiskelu - JOS-tradenomikoulutus\",\"isPartOf\":{\"@id\":\"https:\\\/\\\/help.jamk.fi\\\/jos-tradenomikoulutus\\\/#website\"},\"datePublished\":\"2025-06-13T08:59:49+00:00\",\"dateModified\":\"2025-06-18T06:43:16+00:00\",\"breadcrumb\":{\"@id\":\"https:\\\/\\\/help.jamk.fi\\\/jos-tradenomikoulutus\\\/jos-tradenomikoulutuksessa-opiskelu\\\/#breadcrumb\"},\"inLanguage\":\"fi\",\"potentialAction\":[{\"@type\":\"ReadAction\",\"target\":[\"https:\\\/\\\/help.jamk.fi\\\/jos-tradenomikoulutus\\\/jos-tradenomikoulutuksessa-opiskelu\\\/\"]}]},{\"@type\":\"BreadcrumbList\",\"@id\":\"https:\\\/\\\/help.jamk.fi\\\/jos-tradenomikoulutus\\\/jos-tradenomikoulutuksessa-opiskelu\\\/#breadcrumb\",\"itemListElement\":[{\"@type\":\"ListItem\",\"position\":1,\"name\":\"Home\",\"item\":\"https:\\\/\\\/help.jamk.fi\\\/jos-tradenomikoulutus\\\/\"},{\"@type\":\"ListItem\",\"position\":2,\"name\":\"JOS-tradenomikoulutuksessa opiskelu\"}]},{\"@type\":\"WebSite\",\"@id\":\"https:\\\/\\\/help.jamk.fi\\\/jos-tradenomikoulutus\\\/#website\",\"url\":\"https:\\\/\\\/help.jamk.fi\\\/jos-tradenomikoulutus\\\/\",\"name\":\"JOS-tradenomikoulutus\",\"description\":\"\",\"potentialAction\":[{\"@type\":\"SearchAction\",\"target\":{\"@type\":\"EntryPoint\",\"urlTemplate\":\"https:\\\/\\\/help.jamk.fi\\\/jos-tradenomikoulutus\\\/?s={search_term_string}\"},\"query-input\":{\"@type\":\"PropertyValueSpecification\",\"valueRequired\":true,\"valueName\":\"search_term_string\"}}],\"inLanguage\":\"fi\"}]}<\/script>\n<!-- \/ Yoast SEO plugin. -->","yoast_head_json":{"title":"JOS-tradenomikoulutuksessa opiskelu - JOS-tradenomikoulutus","robots":{"index":"index","follow":"follow","max-snippet":"max-snippet:-1","max-image-preview":"max-image-preview:large","max-video-preview":"max-video-preview:-1"},"canonical":"https:\/\/help.jamk.fi\/jos-tradenomikoulutus\/jos-tradenomikoulutuksessa-opiskelu\/","og_locale":"fi_FI","og_type":"article","og_title":"JOS-tradenomikoulutuksessa opiskelu - JOS-tradenomikoulutus","og_description":"Olemme koonneet t\u00e4lle sivulle muutamia JOS-tradenomikoulutukseen liittyvi\u00e4 erityisen t\u00e4rkeit\u00e4 asioita.&nbsp; Lukukaudet ja aloitusajankohdat&nbsp; Opetussuunnitelma ryhm\u00e4lle HTY25SIYA\u00a0ja HTY25SIYB Opetussuunnitelmaan voi tutustua osoitteessa&nbsp;https:\/\/opetussuunnitelmat.peppi.jamk.fi\/48\/fi\/58\/201813 Opetussuunnitelma on jaettu siten, ett\u00e4 lukuvuoden aikana on tavoitteena opiskella 60 opintopistett\u00e4, jolloin 3,5 vuoden ohjeaikainen opiskelu toteutuu: 1. lukuvuosi 2. lukuvuosi 3. &#8211; 4. lukuvuosi Opintojaksoille Ilmoittautuminen Opintojaksoille ilmoittautuminen ohjeistetaan Opinto- ja urasuunnittelu [&hellip;]","og_url":"https:\/\/help.jamk.fi\/jos-tradenomikoulutus\/jos-tradenomikoulutuksessa-opiskelu\/","og_site_name":"JOS-tradenomikoulutus","article_modified_time":"2025-06-18T06:43:16+00:00","twitter_card":"summary_large_image","twitter_misc":{"Arvioitu lukuaika":"3 minuuttia"},"schema":{"@context":"https:\/\/schema.org","@graph":[{"@type":"WebPage","@id":"https:\/\/help.jamk.fi\/jos-tradenomikoulutus\/jos-tradenomikoulutuksessa-opiskelu\/","url":"https:\/\/help.jamk.fi\/jos-tradenomikoulutus\/jos-tradenomikoulutuksessa-opiskelu\/","name":"JOS-tradenomikoulutuksessa opiskelu - JOS-tradenomikoulutus","isPartOf":{"@id":"https:\/\/help.jamk.fi\/jos-tradenomikoulutus\/#website"},"datePublished":"2025-06-13T08:59:49+00:00","dateModified":"2025-06-18T06:43:16+00:00","breadcrumb":{"@id":"https:\/\/help.jamk.fi\/jos-tradenomikoulutus\/jos-tradenomikoulutuksessa-opiskelu\/#breadcrumb"},"inLanguage":"fi","potentialAction":[{"@type":"ReadAction","target":["https:\/\/help.jamk.fi\/jos-tradenomikoulutus\/jos-tradenomikoulutuksessa-opiskelu\/"]}]},{"@type":"BreadcrumbList","@id":"https:\/\/help.jamk.fi\/jos-tradenomikoulutus\/jos-tradenomikoulutuksessa-opiskelu\/#breadcrumb","itemListElement":[{"@type":"ListItem","position":1,"name":"Home","item":"https:\/\/help.jamk.fi\/jos-tradenomikoulutus\/"},{"@type":"ListItem","position":2,"name":"JOS-tradenomikoulutuksessa opiskelu"}]},{"@type":"WebSite","@id":"https:\/\/help.jamk.fi\/jos-tradenomikoulutus\/#website","url":"https:\/\/help.jamk.fi\/jos-tradenomikoulutus\/","name":"JOS-tradenomikoulutus","description":"","potentialAction":[{"@type":"SearchAction","target":{"@type":"EntryPoint","urlTemplate":"https:\/\/help.jamk.fi\/jos-tradenomikoulutus\/?s={search_term_string}"},"query-input":{"@type":"PropertyValueSpecification","valueRequired":true,"valueName":"search_term_string"}}],"inLanguage":"fi"}]}},"_links":{"self":[{"href":"https:\/\/help.jamk.fi\/jos-tradenomikoulutus\/wp-json\/wp\/v2\/pages\/214","targetHints":{"allow":["GET"]}}],"collection":[{"href":"https:\/\/help.jamk.fi\/jos-tradenomikoulutus\/wp-json\/wp\/v2\/pages"}],"about":[{"href":"https:\/\/help.jamk.fi\/jos-tradenomikoulutus\/wp-json\/wp\/v2\/types\/page"}],"author":[{"embeddable":true,"href":"https:\/\/help.jamk.fi\/jos-tradenomikoulutus\/wp-json\/wp\/v2\/users\/72"}],"replies":[{"embeddable":true,"href":"https:\/\/help.jamk.fi\/jos-tradenomikoulutus\/wp-json\/wp\/v2\/comments?post=214"}],"version-history":[{"count":8,"href":"https:\/\/help.jamk.fi\/jos-tradenomikoulutus\/wp-json\/wp\/v2\/pages\/214\/revisions"}],"predecessor-version":[{"id":278,"href":"https:\/\/help.jamk.fi\/jos-tradenomikoulutus\/wp-json\/wp\/v2\/pages\/214\/revisions\/278"}],"wp:attachment":[{"href":"https:\/\/help.jamk.fi\/jos-tradenomikoulutus\/wp-json\/wp\/v2\/media?parent=214"}],"wp:term":[{"taxonomy":"category","embeddable":true,"href":"https:\/\/help.jamk.fi\/jos-tradenomikoulutus\/wp-json\/wp\/v2\/categories?post=214"},{"taxonomy":"post_tag","embeddable":true,"href":"https:\/\/help.jamk.fi\/jos-tradenomikoulutus\/wp-json\/wp\/v2\/tags?post=214"}],"curies":[{"name":"wp","href":"https:\/\/api.w.org\/{rel}","templated":true}]}}