{"id":223,"date":"2025-06-13T09:12:09","date_gmt":"2025-06-13T09:12:09","guid":{"rendered":"https:\/\/help.jamk.fi\/jos-tradenomikoulutus\/?page_id=223"},"modified":"2025-08-21T05:54:01","modified_gmt":"2025-08-21T05:54:01","slug":"starttipaiva","status":"publish","type":"page","link":"https:\/\/help.jamk.fi\/jos-tradenomikoulutus\/starttipaiva\/","title":{"rendered":"Starttip\u00e4iv\u00e4 1.9.2025"},"content":{"rendered":"\n<p>Starttip\u00e4iv\u00e4 j\u00e4rjestet\u00e4\u00e4n 1.9.2025 verkossa Zoom-tapaamisena.<\/p>\n\n\n\n<blockquote class=\"wp-block-quote is-layout-flow wp-block-quote-is-layout-flow\">\n<p>Starttip\u00e4iv\u00e4n yhteisen osuuden ja amk-kohtaisen osuuden Zoom-linkit on lis\u00e4tty DigiCampukselle Opinto- ja urasuunnittelu 1 -opintojaksolle.&nbsp;Katso tarkempi ohjelma DigiCampukselta.<\/p>\n<\/blockquote>\n\n\n\n<blockquote class=\"wp-block-quote is-layout-flow wp-block-quote-is-layout-flow\">\n<p>Varaa kalenteristasi 1.9.2025 klo 9-15 JOS-tradenomikoulutuksen opintojesi aloitukselle!<\/p>\n<\/blockquote>\n\n\n\n<p><\/p>\n\n\n\n<h2 class=\"wp-block-heading\">Starttip\u00e4iv\u00e4n ohjelma<\/h2>\n\n\n\n<p><strong>I osuus\u00a0yhteinen\u00a0<\/strong><\/p>\n\n\n\n<p><span style=\"font-size: revert; color: rgb(0, 0, 36);\"><strong>9.00-9.15<\/strong>&nbsp;Tilaisuuden avaus \u2013 rehtorit&nbsp;Vesa Saarikoski&nbsp;Jamk,&nbsp;Heidi Fagerholm&nbsp;Oamk ja Mervi&nbsp;Vidgren&nbsp;Savonia&nbsp;<\/span><\/p>\n\n\n\n<p><span style=\"font-size: revert; color: rgb(0, 0, 36);\"><strong>9.15-10.00&nbsp;<\/strong>Alumnin tervehdys&nbsp;x 3 tarinaa&nbsp;\u2013 miksi tradenomitutkinto&nbsp;<\/span><\/p>\n\n\n\n<p><span style=\"font-size: revert; color: rgb(0, 0, 36);\"><strong>Tauko 5 min&nbsp;<\/strong><\/span><\/p>\n\n\n\n<p><span style=\"font-size: revert; color: rgb(0, 0, 36);\"><strong>10.05-10.30<\/strong>&nbsp;Yhteistutkinnon opetussuunnitelma&nbsp;ja&nbsp;oppimisymp\u00e4rist\u00f6,&nbsp;Anna Rossi Savonia ja&nbsp;Sisko Minkkinen Jamk<\/span><\/p>\n\n\n\n<p><span style=\"font-size: revert; color: rgb(0, 0, 36);\"><strong>10.30-11.00&nbsp;<\/strong>Pedagogiset periaatteet opiskelussa,&nbsp;P\u00e4ivi H\u00e4nninen-Pihjalam\u00e4ki&nbsp;Jamk ja Hanna Alaniska&nbsp;Oamk<\/span><\/p>\n\n\n\n<p><strong>Lounas&nbsp;11.00-12.00&nbsp;&nbsp;<\/strong>&nbsp;<\/p>\n\n\n\n<p><\/p>\n\n\n\n<blockquote class=\"wp-block-quote is-layout-flow wp-block-quote-is-layout-flow\">\n<p>Hyppy&nbsp;korkeakoulukohtaisiin Zoom-linkkeihin (l\u00f6yd\u00e4t Jamkin linkin DigiCampuksella Opinto- ja urasuunnittelu 1 -opintojaksolta)&nbsp;<\/p>\n<\/blockquote>\n\n\n\n<p><\/p>\n\n\n\n<p><strong>II&nbsp;osuus&nbsp;amk-kohtainen&nbsp;(opetutorit, opot)&nbsp;&nbsp;<\/strong><\/p>\n\n\n\n<p><span style=\"font-size: revert; color: rgb(0, 0, 36);\"><strong>12.00-12.30<\/strong>&nbsp;Opinto- ja urasuunnittelu 1 ja 2,&nbsp;HOPS<\/span><\/p>\n\n\n\n<p><span style=\"font-size: revert; color: rgb(0, 0, 36);\"><strong>12.30-13.00<\/strong>&nbsp;K\u00e4yt\u00e4nn\u00f6n asiat&nbsp;ja tuki&nbsp;opiskelussa&nbsp;(tutkintos\u00e4\u00e4nt\u00f6, yksil\u00f6llinen tuki, ohjauspalvelut)&nbsp;<\/span><\/p>\n\n\n\n<p><span style=\"font-size: revert; color: rgb(0, 0, 36);\"><strong>Tauko&nbsp;15 min<\/strong>&nbsp;<\/span><\/p>\n\n\n\n<p><span style=\"font-size: revert; color: rgb(0, 0, 36);\"><strong>13.15-13.30<\/strong>&nbsp;Ryhm\u00e4ytyminen&nbsp;kotiryhmiin&nbsp;(aloituskyselyn&nbsp;perusteella)&nbsp;<\/span><\/p>\n\n\n\n<p><span style=\"font-size: revert; color: rgb(0, 0, 36);\"><strong>13.30-14.30<\/strong>&nbsp;Tutustumista ja ty\u00f6skentely\u00e4 kotiryhmiss\u00e4 Breakout-huoneissa&nbsp;<\/span><\/p>\n\n\n\n<p><strong>14.30-15.00<\/strong>&nbsp;Ohjausklinikka:&nbsp;ohjausta yhteisesti&nbsp;ilmoittautumisiin ja k\u00e4yt\u00e4nn\u00f6n asioihin&nbsp;sit\u00e4 haluaville&nbsp;opiskelijoille&nbsp;<\/p>\n","protected":false},"excerpt":{"rendered":"<p>Starttip\u00e4iv\u00e4 j\u00e4rjestet\u00e4\u00e4n 1.9.2025 verkossa Zoom-tapaamisena. Starttip\u00e4iv\u00e4n yhteisen osuuden ja amk-kohtaisen osuuden Zoom-linkit on lis\u00e4tty DigiCampukselle Opinto- ja urasuunnittelu 1 -opintojaksolle.&nbsp;Katso tarkempi ohjelma DigiCampukselta. Varaa kalenteristasi 1.9.2025 klo 9-15 JOS-tradenomikoulutuksen opintojesi aloitukselle! Starttip\u00e4iv\u00e4n ohjelma I osuus\u00a0yhteinen\u00a0 9.00-9.15&nbsp;Tilaisuuden avaus \u2013 rehtorit&nbsp;Vesa Saarikoski&nbsp;Jamk,&nbsp;Heidi Fagerholm&nbsp;Oamk ja Mervi&nbsp;Vidgren&nbsp;Savonia&nbsp; 9.15-10.00&nbsp;Alumnin tervehdys&nbsp;x 3 tarinaa&nbsp;\u2013 miksi tradenomitutkinto&nbsp; Tauko 5 min&nbsp; 10.05-10.30&nbsp;Yhteistutkinnon opetussuunnitelma&nbsp;ja&nbsp;oppimisymp\u00e4rist\u00f6,&nbsp;Anna Rossi [&hellip;]<\/p>\n","protected":false},"author":72,"featured_media":0,"parent":0,"menu_order":3,"comment_status":"closed","ping_status":"closed","template":"","meta":{"_acf_changed":false,"_relevanssi_hide_post":"","_relevanssi_hide_content":"","_relevanssi_pin_for_all":"","_relevanssi_pin_keywords":"","_relevanssi_unpin_keywords":"","_relevanssi_related_keywords":"","_relevanssi_related_include_ids":"","_relevanssi_related_exclude_ids":"","_relevanssi_related_no_append":"","_relevanssi_related_not_related":"","_relevanssi_related_posts":"1","_relevanssi_noindex_reason":"","footnotes":""},"categories":[],"tags":[],"class_list":["post-223","page","type-page","status-publish","hentry"],"acf":[],"yoast_head":"<!-- This site is optimized with the Yoast SEO plugin v27.3 - https:\/\/yoast.com\/product\/yoast-seo-wordpress\/ -->\n<title>Starttip\u00e4iv\u00e4 1.9.2025 - JOS-tradenomikoulutus<\/title>\n<meta name=\"robots\" content=\"index, follow, max-snippet:-1, max-image-preview:large, max-video-preview:-1\" \/>\n<link rel=\"canonical\" href=\"https:\/\/help.jamk.fi\/jos-tradenomikoulutus\/starttipaiva\/\" \/>\n<meta property=\"og:locale\" content=\"fi_FI\" \/>\n<meta property=\"og:type\" content=\"article\" \/>\n<meta property=\"og:title\" content=\"Starttip\u00e4iv\u00e4 1.9.2025 - JOS-tradenomikoulutus\" \/>\n<meta property=\"og:description\" content=\"Starttip\u00e4iv\u00e4 j\u00e4rjestet\u00e4\u00e4n 1.9.2025 verkossa Zoom-tapaamisena. Starttip\u00e4iv\u00e4n yhteisen osuuden ja amk-kohtaisen osuuden Zoom-linkit on lis\u00e4tty DigiCampukselle Opinto- ja urasuunnittelu 1 -opintojaksolle.&nbsp;Katso tarkempi ohjelma DigiCampukselta. Varaa kalenteristasi 1.9.2025 klo 9-15 JOS-tradenomikoulutuksen opintojesi aloitukselle! Starttip\u00e4iv\u00e4n ohjelma I osuus\u00a0yhteinen\u00a0 9.00-9.15&nbsp;Tilaisuuden avaus \u2013 rehtorit&nbsp;Vesa Saarikoski&nbsp;Jamk,&nbsp;Heidi Fagerholm&nbsp;Oamk ja Mervi&nbsp;Vidgren&nbsp;Savonia&nbsp; 9.15-10.00&nbsp;Alumnin tervehdys&nbsp;x 3 tarinaa&nbsp;\u2013 miksi tradenomitutkinto&nbsp; Tauko 5 min&nbsp; 10.05-10.30&nbsp;Yhteistutkinnon opetussuunnitelma&nbsp;ja&nbsp;oppimisymp\u00e4rist\u00f6,&nbsp;Anna Rossi [&hellip;]\" \/>\n<meta property=\"og:url\" content=\"https:\/\/help.jamk.fi\/jos-tradenomikoulutus\/starttipaiva\/\" \/>\n<meta property=\"og:site_name\" content=\"JOS-tradenomikoulutus\" \/>\n<meta property=\"article:modified_time\" content=\"2025-08-21T05:54:01+00:00\" \/>\n<meta name=\"twitter:card\" content=\"summary_large_image\" \/>\n<meta name=\"twitter:label1\" content=\"Arvioitu lukuaika\" \/>\n\t<meta name=\"twitter:data1\" content=\"1 minuutti\" \/>\n<script type=\"application\/ld+json\" class=\"yoast-schema-graph\">{\"@context\":\"https:\\\/\\\/schema.org\",\"@graph\":[{\"@type\":\"WebPage\",\"@id\":\"https:\\\/\\\/help.jamk.fi\\\/jos-tradenomikoulutus\\\/starttipaiva\\\/\",\"url\":\"https:\\\/\\\/help.jamk.fi\\\/jos-tradenomikoulutus\\\/starttipaiva\\\/\",\"name\":\"Starttip\u00e4iv\u00e4 1.9.2025 - JOS-tradenomikoulutus\",\"isPartOf\":{\"@id\":\"https:\\\/\\\/help.jamk.fi\\\/jos-tradenomikoulutus\\\/#website\"},\"datePublished\":\"2025-06-13T09:12:09+00:00\",\"dateModified\":\"2025-08-21T05:54:01+00:00\",\"breadcrumb\":{\"@id\":\"https:\\\/\\\/help.jamk.fi\\\/jos-tradenomikoulutus\\\/starttipaiva\\\/#breadcrumb\"},\"inLanguage\":\"fi\",\"potentialAction\":[{\"@type\":\"ReadAction\",\"target\":[\"https:\\\/\\\/help.jamk.fi\\\/jos-tradenomikoulutus\\\/starttipaiva\\\/\"]}]},{\"@type\":\"BreadcrumbList\",\"@id\":\"https:\\\/\\\/help.jamk.fi\\\/jos-tradenomikoulutus\\\/starttipaiva\\\/#breadcrumb\",\"itemListElement\":[{\"@type\":\"ListItem\",\"position\":1,\"name\":\"Home\",\"item\":\"https:\\\/\\\/help.jamk.fi\\\/jos-tradenomikoulutus\\\/\"},{\"@type\":\"ListItem\",\"position\":2,\"name\":\"Starttip\u00e4iv\u00e4 1.9.2025\"}]},{\"@type\":\"WebSite\",\"@id\":\"https:\\\/\\\/help.jamk.fi\\\/jos-tradenomikoulutus\\\/#website\",\"url\":\"https:\\\/\\\/help.jamk.fi\\\/jos-tradenomikoulutus\\\/\",\"name\":\"JOS-tradenomikoulutus\",\"description\":\"\",\"potentialAction\":[{\"@type\":\"SearchAction\",\"target\":{\"@type\":\"EntryPoint\",\"urlTemplate\":\"https:\\\/\\\/help.jamk.fi\\\/jos-tradenomikoulutus\\\/?s={search_term_string}\"},\"query-input\":{\"@type\":\"PropertyValueSpecification\",\"valueRequired\":true,\"valueName\":\"search_term_string\"}}],\"inLanguage\":\"fi\"}]}<\/script>\n<!-- \/ Yoast SEO plugin. -->","yoast_head_json":{"title":"Starttip\u00e4iv\u00e4 1.9.2025 - JOS-tradenomikoulutus","robots":{"index":"index","follow":"follow","max-snippet":"max-snippet:-1","max-image-preview":"max-image-preview:large","max-video-preview":"max-video-preview:-1"},"canonical":"https:\/\/help.jamk.fi\/jos-tradenomikoulutus\/starttipaiva\/","og_locale":"fi_FI","og_type":"article","og_title":"Starttip\u00e4iv\u00e4 1.9.2025 - JOS-tradenomikoulutus","og_description":"Starttip\u00e4iv\u00e4 j\u00e4rjestet\u00e4\u00e4n 1.9.2025 verkossa Zoom-tapaamisena. Starttip\u00e4iv\u00e4n yhteisen osuuden ja amk-kohtaisen osuuden Zoom-linkit on lis\u00e4tty DigiCampukselle Opinto- ja urasuunnittelu 1 -opintojaksolle.&nbsp;Katso tarkempi ohjelma DigiCampukselta. Varaa kalenteristasi 1.9.2025 klo 9-15 JOS-tradenomikoulutuksen opintojesi aloitukselle! Starttip\u00e4iv\u00e4n ohjelma I osuus\u00a0yhteinen\u00a0 9.00-9.15&nbsp;Tilaisuuden avaus \u2013 rehtorit&nbsp;Vesa Saarikoski&nbsp;Jamk,&nbsp;Heidi Fagerholm&nbsp;Oamk ja Mervi&nbsp;Vidgren&nbsp;Savonia&nbsp; 9.15-10.00&nbsp;Alumnin tervehdys&nbsp;x 3 tarinaa&nbsp;\u2013 miksi tradenomitutkinto&nbsp; Tauko 5 min&nbsp; 10.05-10.30&nbsp;Yhteistutkinnon opetussuunnitelma&nbsp;ja&nbsp;oppimisymp\u00e4rist\u00f6,&nbsp;Anna Rossi [&hellip;]","og_url":"https:\/\/help.jamk.fi\/jos-tradenomikoulutus\/starttipaiva\/","og_site_name":"JOS-tradenomikoulutus","article_modified_time":"2025-08-21T05:54:01+00:00","twitter_card":"summary_large_image","twitter_misc":{"Arvioitu lukuaika":"1 minuutti"},"schema":{"@context":"https:\/\/schema.org","@graph":[{"@type":"WebPage","@id":"https:\/\/help.jamk.fi\/jos-tradenomikoulutus\/starttipaiva\/","url":"https:\/\/help.jamk.fi\/jos-tradenomikoulutus\/starttipaiva\/","name":"Starttip\u00e4iv\u00e4 1.9.2025 - JOS-tradenomikoulutus","isPartOf":{"@id":"https:\/\/help.jamk.fi\/jos-tradenomikoulutus\/#website"},"datePublished":"2025-06-13T09:12:09+00:00","dateModified":"2025-08-21T05:54:01+00:00","breadcrumb":{"@id":"https:\/\/help.jamk.fi\/jos-tradenomikoulutus\/starttipaiva\/#breadcrumb"},"inLanguage":"fi","potentialAction":[{"@type":"ReadAction","target":["https:\/\/help.jamk.fi\/jos-tradenomikoulutus\/starttipaiva\/"]}]},{"@type":"BreadcrumbList","@id":"https:\/\/help.jamk.fi\/jos-tradenomikoulutus\/starttipaiva\/#breadcrumb","itemListElement":[{"@type":"ListItem","position":1,"name":"Home","item":"https:\/\/help.jamk.fi\/jos-tradenomikoulutus\/"},{"@type":"ListItem","position":2,"name":"Starttip\u00e4iv\u00e4 1.9.2025"}]},{"@type":"WebSite","@id":"https:\/\/help.jamk.fi\/jos-tradenomikoulutus\/#website","url":"https:\/\/help.jamk.fi\/jos-tradenomikoulutus\/","name":"JOS-tradenomikoulutus","description":"","potentialAction":[{"@type":"SearchAction","target":{"@type":"EntryPoint","urlTemplate":"https:\/\/help.jamk.fi\/jos-tradenomikoulutus\/?s={search_term_string}"},"query-input":{"@type":"PropertyValueSpecification","valueRequired":true,"valueName":"search_term_string"}}],"inLanguage":"fi"}]}},"_links":{"self":[{"href":"https:\/\/help.jamk.fi\/jos-tradenomikoulutus\/wp-json\/wp\/v2\/pages\/223","targetHints":{"allow":["GET"]}}],"collection":[{"href":"https:\/\/help.jamk.fi\/jos-tradenomikoulutus\/wp-json\/wp\/v2\/pages"}],"about":[{"href":"https:\/\/help.jamk.fi\/jos-tradenomikoulutus\/wp-json\/wp\/v2\/types\/page"}],"author":[{"embeddable":true,"href":"https:\/\/help.jamk.fi\/jos-tradenomikoulutus\/wp-json\/wp\/v2\/users\/72"}],"replies":[{"embeddable":true,"href":"https:\/\/help.jamk.fi\/jos-tradenomikoulutus\/wp-json\/wp\/v2\/comments?post=223"}],"version-history":[{"count":15,"href":"https:\/\/help.jamk.fi\/jos-tradenomikoulutus\/wp-json\/wp\/v2\/pages\/223\/revisions"}],"predecessor-version":[{"id":285,"href":"https:\/\/help.jamk.fi\/jos-tradenomikoulutus\/wp-json\/wp\/v2\/pages\/223\/revisions\/285"}],"wp:attachment":[{"href":"https:\/\/help.jamk.fi\/jos-tradenomikoulutus\/wp-json\/wp\/v2\/media?parent=223"}],"wp:term":[{"taxonomy":"category","embeddable":true,"href":"https:\/\/help.jamk.fi\/jos-tradenomikoulutus\/wp-json\/wp\/v2\/categories?post=223"},{"taxonomy":"post_tag","embeddable":true,"href":"https:\/\/help.jamk.fi\/jos-tradenomikoulutus\/wp-json\/wp\/v2\/tags?post=223"}],"curies":[{"name":"wp","href":"https:\/\/api.w.org\/{rel}","templated":true}]}}