{"id":1344,"date":"2010-05-14T06:17:16","date_gmt":"2010-05-14T03:17:16","guid":{"rendered":"https:\/\/help.jamk.fi\/kirjautuminen\/kayttajatunnus\/"},"modified":"2025-08-21T13:00:50","modified_gmt":"2025-08-21T10:00:50","slug":"kayttajatunnus","status":"publish","type":"page","link":"https:\/\/help.jamk.fi\/kirjautuminen\/fi\/kayttajatunnus\/","title":{"rendered":"K\u00e4ytt\u00e4j\u00e4tunnukset ja salasanat"},"content":{"rendered":"\n<p>Kaikilla Jyv\u00e4skyl\u00e4n ammattikorkeakoulun (Jamk) opiskelijoilla ja ty\u00f6ntekij\u00f6ill\u00e4 on k\u00e4ytett\u00e4viss\u00e4\u00e4n henkil\u00f6kohtainen k\u00e4ytt\u00e4j\u00e4tunnus. Tunnuksen oikeudet eri palveluihin ja k\u00e4ytt\u00f6aika m\u00e4\u00e4r\u00e4ytyv\u00e4t kulloisenkin tarpeen mukaisesti.<\/p>\n\n\n\n<ul class=\"wp-block-list\">\n<li><a href=\"https:\/\/help.jamk.fi\/kirjautuminen\/fi\/kayttajatunnus\/salasana\/\">Salasanan muodostaminen<\/a><\/li>\n\n\n\n<li><a href=\"https:\/\/help.jamk.fi\/kirjautuminen\/fi\/kayttajatunnus\/salasanan-vaihtaminen\/\">Salasanan vaihtaminen<\/a><\/li>\n\n\n\n<li><a href=\"https:\/\/help.jamk.fi\/kirjautuminen\/fi\/kayttajatunnus\/ongelmia-kirjautumisessa\/\">Ongelmia kirjautumisessa?<\/a><\/li>\n\n\n\n<li><a href=\"https:\/\/help.jamk.fi\/kirjautuminen\/fi\/kayttajatunnus\/vierailijatunnus\/\">Lyhytaikainen vierailijatunnus<\/a><\/li>\n\n\n\n<li><a href=\"https:\/\/help.jamk.fi\/kirjautuminen\/fi\/kayttajatunnus\/mika-on-kayttajatunnukseni\/\">Mik\u00e4 on k\u00e4ytt\u00e4j\u00e4tunnukseni ja mist\u00e4 sen saa?<\/a><\/li>\n\n\n\n<li><a href=\"https:\/\/help.jamk.fi\/kirjautuminen\/fi\/kaksivaiheisen-tunnistautumisen-kayttoonotto\/\">Vahva tunnistautuminen (MFA) ja Authenticator -sovellus<\/a><\/li>\n<\/ul>\n\n\n\n<p>K\u00e4ytt\u00e4j\u00e4tunnusta tarvitaan ammattikorkeakoulun tietokoneille kirjautuessa sek\u00e4 joihinkin Jamkin palveluihin.&nbsp; <strong>Yleens\u00e4 j\u00e4rjestelmiin kirjaudutaan s\u00e4hk\u00f6postiosoitteella, mutta joissakin j\u00e4rjestelmiss\u00e4 voi k\u00e4ytt\u00e4\u00e4 my\u00f6s k\u00e4ytt\u00e4j\u00e4tunnusta<\/strong>. K\u00e4ytt\u00e4j\u00e4t voivat k\u00e4ytt\u00e4j\u00e4tunnuksellaan kirjautua tietokoneille kaikkialla Jamkissa.<\/p>\n\n\n<div id=\"info-lift-block_dcb0178ed09ae1a4a194073f2b8ac595\" class=\"block-info-lift block-info-lift\">\n  <div class=\"row\">\n    <div class=\"col-12\">\n              <div class=\"block-info-lift__content\">\n          <div class=\"block-info-lift__content__icon\">\n            <span>!<\/span>\n          <\/div>\n          <p class=\"block-info-lift__content__text\">Jamkin palveluihin kirjaudutaan p\u00e4\u00e4s\u00e4\u00e4nt\u00f6isesti Jamkin s\u00e4hk\u00f6postiosoitteella ja verkkosalasanalla<\/p>\n        <\/div>\n          <\/div>\n  <\/div>\n<\/div>\n\n\n<p>Henkil\u00f6kunnalla tunnus on voimassa ty\u00f6sopimuksen mukaisesti. Ty\u00f6sopimuksen p\u00e4\u00e4tytty\u00e4 tunnus lukitaan ja se poistetaan muutaman viikon varoajan j\u00e4lkeen.<\/p>\n\n\n\n<p>Opiskelijoilla k\u00e4ytt\u00e4j\u00e4tunnus on voimassa opiskelun ajan, jonka j\u00e4lkeen se lukkiutuu automaattisesti. K\u00e4ytt\u00e4j\u00e4n k\u00e4ytt\u00e4j\u00e4tunnus, postilaatikko sek\u00e4 kotihakemisto sis\u00e4lt\u00f6ineen poistetaan noin kahden viikon varoajan j\u00e4lkeen pysyv\u00e4sti. Mik\u00e4li opiskelija ilmoittautuu v\u00e4lill\u00e4 poissaolevaksi, voidaan k\u00e4ytt\u00e4j\u00e4tunnus sulkea siksi aikaa.<\/p>\n\n\n\n<h2 class=\"wp-block-heading\">Huomioi my\u00f6s k\u00e4ytt\u00f6s\u00e4\u00e4nn\u00f6t<\/h2>\n\n\n\n<p><a href=\"https:\/\/help.jamk.fi\/kirjautuminen\/fi\/kayttosaannot\/\">Verkon k\u00e4ytt\u00f6s\u00e4\u00e4nn\u00f6iss\u00e4<\/a> m\u00e4\u00e4ritell\u00e4\u00e4n k\u00e4ytt\u00e4jien oikeudet ja velvollisuudet. Jokainen opiskelija sitoutuu noudattamaan s\u00e4\u00e4nt\u00f6j\u00e4 sek\u00e4 huolehtimaan osaltaan yleiseen tietoturvallisuuteen liittyvist\u00e4 asioista vastaanottaessaan opiskelijapaikan. Mik\u00e4li k\u00e4ytt\u00e4j\u00e4 syyllistyy tietoj\u00e4rjestelmien v\u00e4\u00e4rink\u00e4yt\u00f6kseen, voidaan h\u00e4nelt\u00e4 poistaa k\u00e4ytt\u00f6oikeudet.<\/p>\n\n\n\n<p><a href=\"https:\/\/wiki.eduuni.fi\/display\/funet\">Funet<\/a> (Finnish University and research NETwork), on suomalaisten korkeakoulujen ja tutkimuslaitosten yhteinen tietoliikenneverkko. Jyv\u00e4skyl\u00e4n ammattikorkeakoulu on Funetin asiakasorganisaatio, joten Jamkin omien k\u00e4ytt\u00f6s\u00e4\u00e4nt\u00f6jen lis\u00e4ksi meit\u00e4 koskettavat my\u00f6s Funetin k\u00e4ytt\u00f6s\u00e4\u00e4nn\u00f6t.<\/p>\n","protected":false},"excerpt":{"rendered":"<p>Kaikilla Jyv\u00e4skyl\u00e4n ammattikorkeakoulun (Jamk) opiskelijoilla ja ty\u00f6ntekij\u00f6ill\u00e4 on k\u00e4ytett\u00e4viss\u00e4\u00e4n henkil\u00f6kohtainen k\u00e4ytt\u00e4j\u00e4tunnus. Tunnuksen oikeudet eri palveluihin ja k\u00e4ytt\u00f6aika m\u00e4\u00e4r\u00e4ytyv\u00e4t kulloisenkin tarpeen mukaisesti. K\u00e4ytt\u00e4j\u00e4tunnusta tarvitaan ammattikorkeakoulun tietokoneille kirjautuessa sek\u00e4 joihinkin Jamkin palveluihin.&nbsp; Yleens\u00e4 j\u00e4rjestelmiin kirjaudutaan s\u00e4hk\u00f6postiosoitteella, mutta joissakin j\u00e4rjestelmiss\u00e4 voi k\u00e4ytt\u00e4\u00e4 my\u00f6s k\u00e4ytt\u00e4j\u00e4tunnusta. K\u00e4ytt\u00e4j\u00e4t voivat k\u00e4ytt\u00e4j\u00e4tunnuksellaan kirjautua tietokoneille kaikkialla Jamkissa. Henkil\u00f6kunnalla tunnus on voimassa ty\u00f6sopimuksen mukaisesti. Ty\u00f6sopimuksen [&hellip;]<\/p>\n","protected":false},"author":66,"featured_media":0,"parent":0,"menu_order":6,"comment_status":"closed","ping_status":"open","template":"","meta":{"_acf_changed":false,"_relevanssi_hide_post":"","_relevanssi_hide_content":"","_relevanssi_pin_for_all":"","_relevanssi_pin_keywords":"salasana, k\u00e4ytt\u00e4j\u00e4tunnus, vierailijatunnus, salasanan, k\u00e4ytt\u00e4j\u00e4tunnuksen, ","_relevanssi_unpin_keywords":"","_relevanssi_related_keywords":"","_relevanssi_related_include_ids":"","_relevanssi_related_exclude_ids":"","_relevanssi_related_no_append":"","_relevanssi_related_not_related":"","_relevanssi_related_posts":"","_relevanssi_noindex_reason":"","footnotes":""},"categories":[10,14],"tags":[16,18,20,22,327],"class_list":["post-1344","page","type-page","status-publish","hentry","category-henkilosto","category-opiskelijat","tag-funet","tag-kayttajatunnus","tag-kayttosaannot","tag-salasana","tag-tunnus"],"acf":[],"yoast_head":"<!-- This site is optimized with the Yoast SEO plugin v27.3 - https:\/\/yoast.com\/product\/yoast-seo-wordpress\/ -->\n<title>K\u00e4ytt\u00e4j\u00e4tunnukset ja salasanat - Kirjautuminen<\/title>\n<meta name=\"robots\" content=\"index, follow, max-snippet:-1, max-image-preview:large, max-video-preview:-1\" \/>\n<link rel=\"canonical\" href=\"https:\/\/help.jamk.fi\/kirjautuminen\/fi\/kayttajatunnus\/\" \/>\n<meta property=\"og:locale\" content=\"fi_FI\" \/>\n<meta property=\"og:type\" content=\"article\" \/>\n<meta property=\"og:title\" content=\"K\u00e4ytt\u00e4j\u00e4tunnukset ja salasanat - Kirjautuminen\" \/>\n<meta property=\"og:description\" content=\"Kaikilla Jyv\u00e4skyl\u00e4n ammattikorkeakoulun (Jamk) opiskelijoilla ja ty\u00f6ntekij\u00f6ill\u00e4 on k\u00e4ytett\u00e4viss\u00e4\u00e4n henkil\u00f6kohtainen k\u00e4ytt\u00e4j\u00e4tunnus. Tunnuksen oikeudet eri palveluihin ja k\u00e4ytt\u00f6aika m\u00e4\u00e4r\u00e4ytyv\u00e4t kulloisenkin tarpeen mukaisesti. K\u00e4ytt\u00e4j\u00e4tunnusta tarvitaan ammattikorkeakoulun tietokoneille kirjautuessa sek\u00e4 joihinkin Jamkin palveluihin.&nbsp; Yleens\u00e4 j\u00e4rjestelmiin kirjaudutaan s\u00e4hk\u00f6postiosoitteella, mutta joissakin j\u00e4rjestelmiss\u00e4 voi k\u00e4ytt\u00e4\u00e4 my\u00f6s k\u00e4ytt\u00e4j\u00e4tunnusta. K\u00e4ytt\u00e4j\u00e4t voivat k\u00e4ytt\u00e4j\u00e4tunnuksellaan kirjautua tietokoneille kaikkialla Jamkissa. Henkil\u00f6kunnalla tunnus on voimassa ty\u00f6sopimuksen mukaisesti. Ty\u00f6sopimuksen [&hellip;]\" \/>\n<meta property=\"og:url\" content=\"https:\/\/help.jamk.fi\/kirjautuminen\/fi\/kayttajatunnus\/\" \/>\n<meta property=\"og:site_name\" content=\"Kirjautuminen\" \/>\n<meta property=\"article:modified_time\" content=\"2025-08-21T10:00:50+00:00\" \/>\n<meta name=\"twitter:card\" content=\"summary_large_image\" \/>\n<meta name=\"twitter:label1\" content=\"Arvioitu lukuaika\" \/>\n\t<meta name=\"twitter:data1\" content=\"2 minuuttia\" \/>\n<script type=\"application\/ld+json\" class=\"yoast-schema-graph\">{\"@context\":\"https:\\\/\\\/schema.org\",\"@graph\":[{\"@type\":\"WebPage\",\"@id\":\"https:\\\/\\\/help.jamk.fi\\\/kirjautuminen\\\/fi\\\/kayttajatunnus\\\/\",\"url\":\"https:\\\/\\\/help.jamk.fi\\\/kirjautuminen\\\/fi\\\/kayttajatunnus\\\/\",\"name\":\"K\u00e4ytt\u00e4j\u00e4tunnukset ja salasanat - Kirjautuminen\",\"isPartOf\":{\"@id\":\"https:\\\/\\\/help.jamk.fi\\\/kirjautuminen\\\/#website\"},\"datePublished\":\"2010-05-14T03:17:16+00:00\",\"dateModified\":\"2025-08-21T10:00:50+00:00\",\"breadcrumb\":{\"@id\":\"https:\\\/\\\/help.jamk.fi\\\/kirjautuminen\\\/fi\\\/kayttajatunnus\\\/#breadcrumb\"},\"inLanguage\":\"fi\",\"potentialAction\":[{\"@type\":\"ReadAction\",\"target\":[\"https:\\\/\\\/help.jamk.fi\\\/kirjautuminen\\\/fi\\\/kayttajatunnus\\\/\"]}]},{\"@type\":\"BreadcrumbList\",\"@id\":\"https:\\\/\\\/help.jamk.fi\\\/kirjautuminen\\\/fi\\\/kayttajatunnus\\\/#breadcrumb\",\"itemListElement\":[{\"@type\":\"ListItem\",\"position\":1,\"name\":\"Home\",\"item\":\"https:\\\/\\\/help.jamk.fi\\\/kirjautuminen\\\/fi\\\/\"},{\"@type\":\"ListItem\",\"position\":2,\"name\":\"K\u00e4ytt\u00e4j\u00e4tunnukset ja salasanat\"}]},{\"@type\":\"WebSite\",\"@id\":\"https:\\\/\\\/help.jamk.fi\\\/kirjautuminen\\\/#website\",\"url\":\"https:\\\/\\\/help.jamk.fi\\\/kirjautuminen\\\/\",\"name\":\"Kirjautuminen\",\"description\":\"\",\"potentialAction\":[{\"@type\":\"SearchAction\",\"target\":{\"@type\":\"EntryPoint\",\"urlTemplate\":\"https:\\\/\\\/help.jamk.fi\\\/kirjautuminen\\\/?s={search_term_string}\"},\"query-input\":{\"@type\":\"PropertyValueSpecification\",\"valueRequired\":true,\"valueName\":\"search_term_string\"}}],\"inLanguage\":\"fi\"}]}<\/script>\n<!-- \/ Yoast SEO plugin. -->","yoast_head_json":{"title":"K\u00e4ytt\u00e4j\u00e4tunnukset ja salasanat - Kirjautuminen","robots":{"index":"index","follow":"follow","max-snippet":"max-snippet:-1","max-image-preview":"max-image-preview:large","max-video-preview":"max-video-preview:-1"},"canonical":"https:\/\/help.jamk.fi\/kirjautuminen\/fi\/kayttajatunnus\/","og_locale":"fi_FI","og_type":"article","og_title":"K\u00e4ytt\u00e4j\u00e4tunnukset ja salasanat - Kirjautuminen","og_description":"Kaikilla Jyv\u00e4skyl\u00e4n ammattikorkeakoulun (Jamk) opiskelijoilla ja ty\u00f6ntekij\u00f6ill\u00e4 on k\u00e4ytett\u00e4viss\u00e4\u00e4n henkil\u00f6kohtainen k\u00e4ytt\u00e4j\u00e4tunnus. Tunnuksen oikeudet eri palveluihin ja k\u00e4ytt\u00f6aika m\u00e4\u00e4r\u00e4ytyv\u00e4t kulloisenkin tarpeen mukaisesti. K\u00e4ytt\u00e4j\u00e4tunnusta tarvitaan ammattikorkeakoulun tietokoneille kirjautuessa sek\u00e4 joihinkin Jamkin palveluihin.&nbsp; Yleens\u00e4 j\u00e4rjestelmiin kirjaudutaan s\u00e4hk\u00f6postiosoitteella, mutta joissakin j\u00e4rjestelmiss\u00e4 voi k\u00e4ytt\u00e4\u00e4 my\u00f6s k\u00e4ytt\u00e4j\u00e4tunnusta. K\u00e4ytt\u00e4j\u00e4t voivat k\u00e4ytt\u00e4j\u00e4tunnuksellaan kirjautua tietokoneille kaikkialla Jamkissa. Henkil\u00f6kunnalla tunnus on voimassa ty\u00f6sopimuksen mukaisesti. Ty\u00f6sopimuksen [&hellip;]","og_url":"https:\/\/help.jamk.fi\/kirjautuminen\/fi\/kayttajatunnus\/","og_site_name":"Kirjautuminen","article_modified_time":"2025-08-21T10:00:50+00:00","twitter_card":"summary_large_image","twitter_misc":{"Arvioitu lukuaika":"2 minuuttia"},"schema":{"@context":"https:\/\/schema.org","@graph":[{"@type":"WebPage","@id":"https:\/\/help.jamk.fi\/kirjautuminen\/fi\/kayttajatunnus\/","url":"https:\/\/help.jamk.fi\/kirjautuminen\/fi\/kayttajatunnus\/","name":"K\u00e4ytt\u00e4j\u00e4tunnukset ja salasanat - Kirjautuminen","isPartOf":{"@id":"https:\/\/help.jamk.fi\/kirjautuminen\/#website"},"datePublished":"2010-05-14T03:17:16+00:00","dateModified":"2025-08-21T10:00:50+00:00","breadcrumb":{"@id":"https:\/\/help.jamk.fi\/kirjautuminen\/fi\/kayttajatunnus\/#breadcrumb"},"inLanguage":"fi","potentialAction":[{"@type":"ReadAction","target":["https:\/\/help.jamk.fi\/kirjautuminen\/fi\/kayttajatunnus\/"]}]},{"@type":"BreadcrumbList","@id":"https:\/\/help.jamk.fi\/kirjautuminen\/fi\/kayttajatunnus\/#breadcrumb","itemListElement":[{"@type":"ListItem","position":1,"name":"Home","item":"https:\/\/help.jamk.fi\/kirjautuminen\/fi\/"},{"@type":"ListItem","position":2,"name":"K\u00e4ytt\u00e4j\u00e4tunnukset ja salasanat"}]},{"@type":"WebSite","@id":"https:\/\/help.jamk.fi\/kirjautuminen\/#website","url":"https:\/\/help.jamk.fi\/kirjautuminen\/","name":"Kirjautuminen","description":"","potentialAction":[{"@type":"SearchAction","target":{"@type":"EntryPoint","urlTemplate":"https:\/\/help.jamk.fi\/kirjautuminen\/?s={search_term_string}"},"query-input":{"@type":"PropertyValueSpecification","valueRequired":true,"valueName":"search_term_string"}}],"inLanguage":"fi"}]}},"_links":{"self":[{"href":"https:\/\/help.jamk.fi\/kirjautuminen\/wp-json\/wp\/v2\/pages\/1344","targetHints":{"allow":["GET"]}}],"collection":[{"href":"https:\/\/help.jamk.fi\/kirjautuminen\/wp-json\/wp\/v2\/pages"}],"about":[{"href":"https:\/\/help.jamk.fi\/kirjautuminen\/wp-json\/wp\/v2\/types\/page"}],"author":[{"embeddable":true,"href":"https:\/\/help.jamk.fi\/kirjautuminen\/wp-json\/wp\/v2\/users\/66"}],"replies":[{"embeddable":true,"href":"https:\/\/help.jamk.fi\/kirjautuminen\/wp-json\/wp\/v2\/comments?post=1344"}],"version-history":[{"count":19,"href":"https:\/\/help.jamk.fi\/kirjautuminen\/wp-json\/wp\/v2\/pages\/1344\/revisions"}],"predecessor-version":[{"id":2207,"href":"https:\/\/help.jamk.fi\/kirjautuminen\/wp-json\/wp\/v2\/pages\/1344\/revisions\/2207"}],"wp:attachment":[{"href":"https:\/\/help.jamk.fi\/kirjautuminen\/wp-json\/wp\/v2\/media?parent=1344"}],"wp:term":[{"taxonomy":"category","embeddable":true,"href":"https:\/\/help.jamk.fi\/kirjautuminen\/wp-json\/wp\/v2\/categories?post=1344"},{"taxonomy":"post_tag","embeddable":true,"href":"https:\/\/help.jamk.fi\/kirjautuminen\/wp-json\/wp\/v2\/tags?post=1344"}],"curies":[{"name":"wp","href":"https:\/\/api.w.org\/{rel}","templated":true}]}}