{"id":1345,"date":"2010-05-14T07:50:51","date_gmt":"2010-05-14T04:50:51","guid":{"rendered":"https:\/\/help.jamk.fi\/kirjautuminen\/kayttosaannot\/"},"modified":"2026-02-13T15:23:31","modified_gmt":"2026-02-13T13:23:31","slug":"kayttosaannot","status":"publish","type":"page","link":"https:\/\/help.jamk.fi\/kirjautuminen\/fi\/kayttosaannot\/","title":{"rendered":"K\u00e4ytt\u00f6s\u00e4\u00e4nn\u00f6t"},"content":{"rendered":"\n<p>Verkon k\u00e4ytt\u00f6s\u00e4\u00e4nn\u00f6iss\u00e4 m\u00e4\u00e4ritell\u00e4\u00e4n k\u00e4ytt\u00e4jien velvollisuudet ja oikeudet sek\u00e4 k\u00e4yt\u00f6nrajoitukset. Lis\u00e4ksi kuvataan verkon ja tietoj\u00e4rjestelmien v\u00e4\u00e4rink\u00e4yt\u00f6n seuraamukset.<\/p>\n\n\n\n<p><a href=\"https:\/\/help.jamk.fi\/kirjautuminen\/wp-content\/uploads\/sites\/138\/2023\/12\/Tietoverkon-kayttosaannot-2022.pdf\">Jamk-tietoverkon k\u00e4ytt\u00f6s\u00e4\u00e4nn\u00f6t (pdf)<\/a><\/p>\n\n\n\n<p><a href=\"https:\/\/help.jamk.fi\/kirjautuminen\/wp-content\/uploads\/sites\/138\/2023\/12\/Tietoverkon-yllapitosaannot-2022.pdf\">Tietoverkon yll\u00e4pitos\u00e4\u00e4nn\u00f6t (pdf)<\/a><\/p>\n","protected":false},"excerpt":{"rendered":"<p>Verkon k\u00e4ytt\u00f6s\u00e4\u00e4nn\u00f6iss\u00e4 m\u00e4\u00e4ritell\u00e4\u00e4n k\u00e4ytt\u00e4jien velvollisuudet ja oikeudet sek\u00e4 k\u00e4yt\u00f6nrajoitukset. Lis\u00e4ksi kuvataan verkon ja tietoj\u00e4rjestelmien v\u00e4\u00e4rink\u00e4yt\u00f6n seuraamukset. Jamk-tietoverkon k\u00e4ytt\u00f6s\u00e4\u00e4nn\u00f6t (pdf) Tietoverkon yll\u00e4pitos\u00e4\u00e4nn\u00f6t (pdf)<\/p>\n","protected":false},"author":66,"featured_media":0,"parent":0,"menu_order":9,"comment_status":"closed","ping_status":"closed","template":"","meta":{"_acf_changed":false,"_relevanssi_hide_post":"","_relevanssi_hide_content":"","_relevanssi_pin_for_all":"","_relevanssi_pin_keywords":"","_relevanssi_unpin_keywords":"","_relevanssi_related_keywords":"","_relevanssi_related_include_ids":"","_relevanssi_related_exclude_ids":"","_relevanssi_related_no_append":"","_relevanssi_related_not_related":"","_relevanssi_related_posts":"","_relevanssi_noindex_reason":"","footnotes":""},"categories":[10,14],"tags":[20],"class_list":["post-1345","page","type-page","status-publish","hentry","category-henkilosto","category-opiskelijat","tag-kayttosaannot"],"acf":[],"yoast_head":"<!-- This site is optimized with the Yoast SEO plugin v27.4 - https:\/\/yoast.com\/product\/yoast-seo-wordpress\/ -->\n<title>K\u00e4ytt\u00f6s\u00e4\u00e4nn\u00f6t - Kirjautuminen<\/title>\n<meta name=\"robots\" content=\"index, follow, max-snippet:-1, max-image-preview:large, max-video-preview:-1\" \/>\n<link rel=\"canonical\" href=\"https:\/\/help.jamk.fi\/kirjautuminen\/fi\/kayttosaannot\/\" \/>\n<meta property=\"og:locale\" content=\"fi_FI\" \/>\n<meta property=\"og:type\" content=\"article\" \/>\n<meta property=\"og:title\" content=\"K\u00e4ytt\u00f6s\u00e4\u00e4nn\u00f6t - Kirjautuminen\" \/>\n<meta property=\"og:description\" content=\"Verkon k\u00e4ytt\u00f6s\u00e4\u00e4nn\u00f6iss\u00e4 m\u00e4\u00e4ritell\u00e4\u00e4n k\u00e4ytt\u00e4jien velvollisuudet ja oikeudet sek\u00e4 k\u00e4yt\u00f6nrajoitukset. Lis\u00e4ksi kuvataan verkon ja tietoj\u00e4rjestelmien v\u00e4\u00e4rink\u00e4yt\u00f6n seuraamukset. Jamk-tietoverkon k\u00e4ytt\u00f6s\u00e4\u00e4nn\u00f6t (pdf) Tietoverkon yll\u00e4pitos\u00e4\u00e4nn\u00f6t (pdf)\" \/>\n<meta property=\"og:url\" content=\"https:\/\/help.jamk.fi\/kirjautuminen\/fi\/kayttosaannot\/\" \/>\n<meta property=\"og:site_name\" content=\"Kirjautuminen\" \/>\n<meta property=\"article:modified_time\" content=\"2026-02-13T13:23:31+00:00\" \/>\n<meta name=\"twitter:card\" content=\"summary_large_image\" \/>\n<meta name=\"twitter:label1\" content=\"Arvioitu lukuaika\" \/>\n\t<meta name=\"twitter:data1\" content=\"1 minuutti\" \/>\n<script type=\"application\/ld+json\" class=\"yoast-schema-graph\">{\"@context\":\"https:\\\/\\\/schema.org\",\"@graph\":[{\"@type\":\"WebPage\",\"@id\":\"https:\\\/\\\/help.jamk.fi\\\/kirjautuminen\\\/fi\\\/kayttosaannot\\\/\",\"url\":\"https:\\\/\\\/help.jamk.fi\\\/kirjautuminen\\\/fi\\\/kayttosaannot\\\/\",\"name\":\"K\u00e4ytt\u00f6s\u00e4\u00e4nn\u00f6t - Kirjautuminen\",\"isPartOf\":{\"@id\":\"https:\\\/\\\/help.jamk.fi\\\/kirjautuminen\\\/#website\"},\"datePublished\":\"2010-05-14T04:50:51+00:00\",\"dateModified\":\"2026-02-13T13:23:31+00:00\",\"breadcrumb\":{\"@id\":\"https:\\\/\\\/help.jamk.fi\\\/kirjautuminen\\\/fi\\\/kayttosaannot\\\/#breadcrumb\"},\"inLanguage\":\"fi\",\"potentialAction\":[{\"@type\":\"ReadAction\",\"target\":[\"https:\\\/\\\/help.jamk.fi\\\/kirjautuminen\\\/fi\\\/kayttosaannot\\\/\"]}]},{\"@type\":\"BreadcrumbList\",\"@id\":\"https:\\\/\\\/help.jamk.fi\\\/kirjautuminen\\\/fi\\\/kayttosaannot\\\/#breadcrumb\",\"itemListElement\":[{\"@type\":\"ListItem\",\"position\":1,\"name\":\"Home\",\"item\":\"https:\\\/\\\/help.jamk.fi\\\/kirjautuminen\\\/fi\\\/\"},{\"@type\":\"ListItem\",\"position\":2,\"name\":\"K\u00e4ytt\u00f6s\u00e4\u00e4nn\u00f6t\"}]},{\"@type\":\"WebSite\",\"@id\":\"https:\\\/\\\/help.jamk.fi\\\/kirjautuminen\\\/#website\",\"url\":\"https:\\\/\\\/help.jamk.fi\\\/kirjautuminen\\\/\",\"name\":\"Kirjautuminen\",\"description\":\"\",\"potentialAction\":[{\"@type\":\"SearchAction\",\"target\":{\"@type\":\"EntryPoint\",\"urlTemplate\":\"https:\\\/\\\/help.jamk.fi\\\/kirjautuminen\\\/?s={search_term_string}\"},\"query-input\":{\"@type\":\"PropertyValueSpecification\",\"valueRequired\":true,\"valueName\":\"search_term_string\"}}],\"inLanguage\":\"fi\"}]}<\/script>\n<!-- \/ Yoast SEO plugin. -->","yoast_head_json":{"title":"K\u00e4ytt\u00f6s\u00e4\u00e4nn\u00f6t - Kirjautuminen","robots":{"index":"index","follow":"follow","max-snippet":"max-snippet:-1","max-image-preview":"max-image-preview:large","max-video-preview":"max-video-preview:-1"},"canonical":"https:\/\/help.jamk.fi\/kirjautuminen\/fi\/kayttosaannot\/","og_locale":"fi_FI","og_type":"article","og_title":"K\u00e4ytt\u00f6s\u00e4\u00e4nn\u00f6t - Kirjautuminen","og_description":"Verkon k\u00e4ytt\u00f6s\u00e4\u00e4nn\u00f6iss\u00e4 m\u00e4\u00e4ritell\u00e4\u00e4n k\u00e4ytt\u00e4jien velvollisuudet ja oikeudet sek\u00e4 k\u00e4yt\u00f6nrajoitukset. Lis\u00e4ksi kuvataan verkon ja tietoj\u00e4rjestelmien v\u00e4\u00e4rink\u00e4yt\u00f6n seuraamukset. Jamk-tietoverkon k\u00e4ytt\u00f6s\u00e4\u00e4nn\u00f6t (pdf) Tietoverkon yll\u00e4pitos\u00e4\u00e4nn\u00f6t (pdf)","og_url":"https:\/\/help.jamk.fi\/kirjautuminen\/fi\/kayttosaannot\/","og_site_name":"Kirjautuminen","article_modified_time":"2026-02-13T13:23:31+00:00","twitter_card":"summary_large_image","twitter_misc":{"Arvioitu lukuaika":"1 minuutti"},"schema":{"@context":"https:\/\/schema.org","@graph":[{"@type":"WebPage","@id":"https:\/\/help.jamk.fi\/kirjautuminen\/fi\/kayttosaannot\/","url":"https:\/\/help.jamk.fi\/kirjautuminen\/fi\/kayttosaannot\/","name":"K\u00e4ytt\u00f6s\u00e4\u00e4nn\u00f6t - Kirjautuminen","isPartOf":{"@id":"https:\/\/help.jamk.fi\/kirjautuminen\/#website"},"datePublished":"2010-05-14T04:50:51+00:00","dateModified":"2026-02-13T13:23:31+00:00","breadcrumb":{"@id":"https:\/\/help.jamk.fi\/kirjautuminen\/fi\/kayttosaannot\/#breadcrumb"},"inLanguage":"fi","potentialAction":[{"@type":"ReadAction","target":["https:\/\/help.jamk.fi\/kirjautuminen\/fi\/kayttosaannot\/"]}]},{"@type":"BreadcrumbList","@id":"https:\/\/help.jamk.fi\/kirjautuminen\/fi\/kayttosaannot\/#breadcrumb","itemListElement":[{"@type":"ListItem","position":1,"name":"Home","item":"https:\/\/help.jamk.fi\/kirjautuminen\/fi\/"},{"@type":"ListItem","position":2,"name":"K\u00e4ytt\u00f6s\u00e4\u00e4nn\u00f6t"}]},{"@type":"WebSite","@id":"https:\/\/help.jamk.fi\/kirjautuminen\/#website","url":"https:\/\/help.jamk.fi\/kirjautuminen\/","name":"Kirjautuminen","description":"","potentialAction":[{"@type":"SearchAction","target":{"@type":"EntryPoint","urlTemplate":"https:\/\/help.jamk.fi\/kirjautuminen\/?s={search_term_string}"},"query-input":{"@type":"PropertyValueSpecification","valueRequired":true,"valueName":"search_term_string"}}],"inLanguage":"fi"}]}},"_links":{"self":[{"href":"https:\/\/help.jamk.fi\/kirjautuminen\/wp-json\/wp\/v2\/pages\/1345","targetHints":{"allow":["GET"]}}],"collection":[{"href":"https:\/\/help.jamk.fi\/kirjautuminen\/wp-json\/wp\/v2\/pages"}],"about":[{"href":"https:\/\/help.jamk.fi\/kirjautuminen\/wp-json\/wp\/v2\/types\/page"}],"author":[{"embeddable":true,"href":"https:\/\/help.jamk.fi\/kirjautuminen\/wp-json\/wp\/v2\/users\/66"}],"replies":[{"embeddable":true,"href":"https:\/\/help.jamk.fi\/kirjautuminen\/wp-json\/wp\/v2\/comments?post=1345"}],"version-history":[{"count":3,"href":"https:\/\/help.jamk.fi\/kirjautuminen\/wp-json\/wp\/v2\/pages\/1345\/revisions"}],"predecessor-version":[{"id":1981,"href":"https:\/\/help.jamk.fi\/kirjautuminen\/wp-json\/wp\/v2\/pages\/1345\/revisions\/1981"}],"wp:attachment":[{"href":"https:\/\/help.jamk.fi\/kirjautuminen\/wp-json\/wp\/v2\/media?parent=1345"}],"wp:term":[{"taxonomy":"category","embeddable":true,"href":"https:\/\/help.jamk.fi\/kirjautuminen\/wp-json\/wp\/v2\/categories?post=1345"},{"taxonomy":"post_tag","embeddable":true,"href":"https:\/\/help.jamk.fi\/kirjautuminen\/wp-json\/wp\/v2\/tags?post=1345"}],"curies":[{"name":"wp","href":"https:\/\/api.w.org\/{rel}","templated":true}]}}