{"id":1346,"date":"2010-05-20T07:27:03","date_gmt":"2010-05-20T04:27:03","guid":{"rendered":"https:\/\/help.jamk.fi\/kirjautuminen\/kayttajatunnus\/salasana\/"},"modified":"2025-08-22T08:40:39","modified_gmt":"2025-08-22T05:40:39","slug":"salasana","status":"publish","type":"page","link":"https:\/\/help.jamk.fi\/kirjautuminen\/fi\/kayttajatunnus\/salasana\/","title":{"rendered":"Salasanan muodostaminen"},"content":{"rendered":"\n<p>Hyv\u00e4 ja turvallinen salasana muodostuu, kun huomioit seuraavat ohjeet:<\/p>\n\n\n\n<ul class=\"wp-block-list\">\n<li><strong>Pituus:<\/strong> Salasanan pituus on oltava v\u00e4hint\u00e4\u00e4n 15 merkki\u00e4 tai enemm\u00e4n<\/li>\n\n\n\n<li><strong>Monimutkaisuus: <\/strong>K\u00e4yt\u00e4 yhdistelm\u00e4\u00e4 isoja ja pieni\u00e4 kirjaimia v\u00e4lilt\u00e4 A-Z ja numeroita 0-9, sek\u00e4 erikoismerkkej\u00e4 tai symboleja<\/li>\n\n\n\n<li><strong>Uniikkius:<\/strong> \u00c4l\u00e4 k\u00e4yt\u00e4 salasanassa henkil\u00f6kohtaisia tietojasi, kuten nime\u00e4si, syntym\u00e4p\u00e4iv\u00e4\u00e4si, k\u00e4ytt\u00e4j\u00e4nime\u00e4si, tai puhelinnumeroasi tai niiden osia<\/li>\n\n\n\n<li><strong>Monipuolisuus:<\/strong> Yhdist\u00e4 toisiinsa liittym\u00e4tt\u00f6mi\u00e4 sanoja luodaksesi salalausekkeen. Hyv\u00e4 salasana on helposti muistettava, mutta vaikeasti arvattavissa<\/li>\n\n\n\n<li><strong>V\u00e4lt\u00e4:<\/strong> k\u00e4ytt\u00e4m\u00e4st\u00e4 sanoja jotka l\u00f6ytyv\u00e4t sanakirjasta<\/li>\n<\/ul>\n\n\n\n<p>Paras paikka s\u00e4ilytt\u00e4\u00e4 salasana on pit\u00e4\u00e4 se omassa muistissa. \u00c4l\u00e4 tallenna salasanaa tietokoneelle suojaamattomaan tekstitiedostoon. Sielt\u00e4 se on helposti haitta- tai murto-ohjelman nuuskittavissa. \u00c4l\u00e4 k\u00e4yt\u00e4 samaa salasanaa muissa palveluissa tai verkkosivustoilla. Vaihda salasanasi s\u00e4\u00e4nn\u00f6llisin v\u00e4liajoin.<\/p>\n\n\n\n<p>Salasanaa ei saa kertoa eik\u00e4 luovuttaa kenellek\u00e4\u00e4n, mukaan lukien yst\u00e4v\u00e4t tai perheenj\u00e4senet. Jamkin tietoj\u00e4rjestelmien k\u00e4ytt\u00e4j\u00e4tunnus\/salasanaparin luovuttaminen toiselle henkil\u00f6lle on k\u00e4ytt\u00f6s\u00e4\u00e4nt\u00f6jen vastaista. <\/p>\n\n\n\n<p><a href=\"https:\/\/help.jamk.fi\/kirjautuminen\/fi\/kayttajatunnus\/salasanan-vaihtaminen\/\">Ohje salasanan vaihtamiseksi<\/a><\/p>\n","protected":false},"excerpt":{"rendered":"<p>Hyv\u00e4 ja turvallinen salasana muodostuu, kun huomioit seuraavat ohjeet: Paras paikka s\u00e4ilytt\u00e4\u00e4 salasana on pit\u00e4\u00e4 se omassa muistissa. \u00c4l\u00e4 tallenna salasanaa tietokoneelle suojaamattomaan tekstitiedostoon. Sielt\u00e4 se on helposti haitta- tai murto-ohjelman nuuskittavissa. \u00c4l\u00e4 k\u00e4yt\u00e4 samaa salasanaa muissa palveluissa tai verkkosivustoilla. Vaihda salasanasi s\u00e4\u00e4nn\u00f6llisin v\u00e4liajoin. Salasanaa ei saa kertoa eik\u00e4 luovuttaa kenellek\u00e4\u00e4n, mukaan lukien yst\u00e4v\u00e4t tai [&hellip;]<\/p>\n","protected":false},"author":66,"featured_media":0,"parent":1344,"menu_order":2,"comment_status":"closed","ping_status":"closed","template":"","meta":{"_acf_changed":false,"_relevanssi_hide_post":"","_relevanssi_hide_content":"","_relevanssi_pin_for_all":"","_relevanssi_pin_keywords":"salasana","_relevanssi_unpin_keywords":"","_relevanssi_related_keywords":"","_relevanssi_related_include_ids":"","_relevanssi_related_exclude_ids":"","_relevanssi_related_no_append":"","_relevanssi_related_not_related":"","_relevanssi_related_posts":"","_relevanssi_noindex_reason":"","footnotes":""},"categories":[10,14],"tags":[22],"class_list":["post-1346","page","type-page","status-publish","hentry","category-henkilosto","category-opiskelijat","tag-salasana"],"acf":[],"yoast_head":"<!-- This site is optimized with the Yoast SEO plugin v27.3 - https:\/\/yoast.com\/product\/yoast-seo-wordpress\/ -->\n<title>Salasanan muodostaminen - Kirjautuminen<\/title>\n<meta name=\"robots\" content=\"index, follow, max-snippet:-1, max-image-preview:large, max-video-preview:-1\" \/>\n<link rel=\"canonical\" href=\"https:\/\/help.jamk.fi\/kirjautuminen\/fi\/kayttajatunnus\/salasana\/\" \/>\n<meta property=\"og:locale\" content=\"fi_FI\" \/>\n<meta property=\"og:type\" content=\"article\" \/>\n<meta property=\"og:title\" content=\"Salasanan muodostaminen - Kirjautuminen\" \/>\n<meta property=\"og:description\" content=\"Hyv\u00e4 ja turvallinen salasana muodostuu, kun huomioit seuraavat ohjeet: Paras paikka s\u00e4ilytt\u00e4\u00e4 salasana on pit\u00e4\u00e4 se omassa muistissa. \u00c4l\u00e4 tallenna salasanaa tietokoneelle suojaamattomaan tekstitiedostoon. Sielt\u00e4 se on helposti haitta- tai murto-ohjelman nuuskittavissa. \u00c4l\u00e4 k\u00e4yt\u00e4 samaa salasanaa muissa palveluissa tai verkkosivustoilla. Vaihda salasanasi s\u00e4\u00e4nn\u00f6llisin v\u00e4liajoin. Salasanaa ei saa kertoa eik\u00e4 luovuttaa kenellek\u00e4\u00e4n, mukaan lukien yst\u00e4v\u00e4t tai [&hellip;]\" \/>\n<meta property=\"og:url\" content=\"https:\/\/help.jamk.fi\/kirjautuminen\/fi\/kayttajatunnus\/salasana\/\" \/>\n<meta property=\"og:site_name\" content=\"Kirjautuminen\" \/>\n<meta property=\"article:modified_time\" content=\"2025-08-22T05:40:39+00:00\" \/>\n<meta name=\"twitter:card\" content=\"summary_large_image\" \/>\n<meta name=\"twitter:label1\" content=\"Arvioitu lukuaika\" \/>\n\t<meta name=\"twitter:data1\" content=\"1 minuutti\" \/>\n<script type=\"application\/ld+json\" class=\"yoast-schema-graph\">{\"@context\":\"https:\\\/\\\/schema.org\",\"@graph\":[{\"@type\":\"WebPage\",\"@id\":\"https:\\\/\\\/help.jamk.fi\\\/kirjautuminen\\\/fi\\\/kayttajatunnus\\\/salasana\\\/\",\"url\":\"https:\\\/\\\/help.jamk.fi\\\/kirjautuminen\\\/fi\\\/kayttajatunnus\\\/salasana\\\/\",\"name\":\"Salasanan muodostaminen - Kirjautuminen\",\"isPartOf\":{\"@id\":\"https:\\\/\\\/help.jamk.fi\\\/kirjautuminen\\\/#website\"},\"datePublished\":\"2010-05-20T04:27:03+00:00\",\"dateModified\":\"2025-08-22T05:40:39+00:00\",\"breadcrumb\":{\"@id\":\"https:\\\/\\\/help.jamk.fi\\\/kirjautuminen\\\/fi\\\/kayttajatunnus\\\/salasana\\\/#breadcrumb\"},\"inLanguage\":\"fi\",\"potentialAction\":[{\"@type\":\"ReadAction\",\"target\":[\"https:\\\/\\\/help.jamk.fi\\\/kirjautuminen\\\/fi\\\/kayttajatunnus\\\/salasana\\\/\"]}]},{\"@type\":\"BreadcrumbList\",\"@id\":\"https:\\\/\\\/help.jamk.fi\\\/kirjautuminen\\\/fi\\\/kayttajatunnus\\\/salasana\\\/#breadcrumb\",\"itemListElement\":[{\"@type\":\"ListItem\",\"position\":1,\"name\":\"Home\",\"item\":\"https:\\\/\\\/help.jamk.fi\\\/kirjautuminen\\\/fi\\\/\"},{\"@type\":\"ListItem\",\"position\":2,\"name\":\"K\u00e4ytt\u00e4j\u00e4tunnukset ja salasanat\",\"item\":\"https:\\\/\\\/help.jamk.fi\\\/kirjautuminen\\\/fi\\\/kayttajatunnus\\\/\"},{\"@type\":\"ListItem\",\"position\":3,\"name\":\"Salasanan muodostaminen\"}]},{\"@type\":\"WebSite\",\"@id\":\"https:\\\/\\\/help.jamk.fi\\\/kirjautuminen\\\/#website\",\"url\":\"https:\\\/\\\/help.jamk.fi\\\/kirjautuminen\\\/\",\"name\":\"Kirjautuminen\",\"description\":\"\",\"potentialAction\":[{\"@type\":\"SearchAction\",\"target\":{\"@type\":\"EntryPoint\",\"urlTemplate\":\"https:\\\/\\\/help.jamk.fi\\\/kirjautuminen\\\/?s={search_term_string}\"},\"query-input\":{\"@type\":\"PropertyValueSpecification\",\"valueRequired\":true,\"valueName\":\"search_term_string\"}}],\"inLanguage\":\"fi\"}]}<\/script>\n<!-- \/ Yoast SEO plugin. -->","yoast_head_json":{"title":"Salasanan muodostaminen - Kirjautuminen","robots":{"index":"index","follow":"follow","max-snippet":"max-snippet:-1","max-image-preview":"max-image-preview:large","max-video-preview":"max-video-preview:-1"},"canonical":"https:\/\/help.jamk.fi\/kirjautuminen\/fi\/kayttajatunnus\/salasana\/","og_locale":"fi_FI","og_type":"article","og_title":"Salasanan muodostaminen - Kirjautuminen","og_description":"Hyv\u00e4 ja turvallinen salasana muodostuu, kun huomioit seuraavat ohjeet: Paras paikka s\u00e4ilytt\u00e4\u00e4 salasana on pit\u00e4\u00e4 se omassa muistissa. \u00c4l\u00e4 tallenna salasanaa tietokoneelle suojaamattomaan tekstitiedostoon. Sielt\u00e4 se on helposti haitta- tai murto-ohjelman nuuskittavissa. \u00c4l\u00e4 k\u00e4yt\u00e4 samaa salasanaa muissa palveluissa tai verkkosivustoilla. Vaihda salasanasi s\u00e4\u00e4nn\u00f6llisin v\u00e4liajoin. Salasanaa ei saa kertoa eik\u00e4 luovuttaa kenellek\u00e4\u00e4n, mukaan lukien yst\u00e4v\u00e4t tai [&hellip;]","og_url":"https:\/\/help.jamk.fi\/kirjautuminen\/fi\/kayttajatunnus\/salasana\/","og_site_name":"Kirjautuminen","article_modified_time":"2025-08-22T05:40:39+00:00","twitter_card":"summary_large_image","twitter_misc":{"Arvioitu lukuaika":"1 minuutti"},"schema":{"@context":"https:\/\/schema.org","@graph":[{"@type":"WebPage","@id":"https:\/\/help.jamk.fi\/kirjautuminen\/fi\/kayttajatunnus\/salasana\/","url":"https:\/\/help.jamk.fi\/kirjautuminen\/fi\/kayttajatunnus\/salasana\/","name":"Salasanan muodostaminen - Kirjautuminen","isPartOf":{"@id":"https:\/\/help.jamk.fi\/kirjautuminen\/#website"},"datePublished":"2010-05-20T04:27:03+00:00","dateModified":"2025-08-22T05:40:39+00:00","breadcrumb":{"@id":"https:\/\/help.jamk.fi\/kirjautuminen\/fi\/kayttajatunnus\/salasana\/#breadcrumb"},"inLanguage":"fi","potentialAction":[{"@type":"ReadAction","target":["https:\/\/help.jamk.fi\/kirjautuminen\/fi\/kayttajatunnus\/salasana\/"]}]},{"@type":"BreadcrumbList","@id":"https:\/\/help.jamk.fi\/kirjautuminen\/fi\/kayttajatunnus\/salasana\/#breadcrumb","itemListElement":[{"@type":"ListItem","position":1,"name":"Home","item":"https:\/\/help.jamk.fi\/kirjautuminen\/fi\/"},{"@type":"ListItem","position":2,"name":"K\u00e4ytt\u00e4j\u00e4tunnukset ja salasanat","item":"https:\/\/help.jamk.fi\/kirjautuminen\/fi\/kayttajatunnus\/"},{"@type":"ListItem","position":3,"name":"Salasanan muodostaminen"}]},{"@type":"WebSite","@id":"https:\/\/help.jamk.fi\/kirjautuminen\/#website","url":"https:\/\/help.jamk.fi\/kirjautuminen\/","name":"Kirjautuminen","description":"","potentialAction":[{"@type":"SearchAction","target":{"@type":"EntryPoint","urlTemplate":"https:\/\/help.jamk.fi\/kirjautuminen\/?s={search_term_string}"},"query-input":{"@type":"PropertyValueSpecification","valueRequired":true,"valueName":"search_term_string"}}],"inLanguage":"fi"}]}},"_links":{"self":[{"href":"https:\/\/help.jamk.fi\/kirjautuminen\/wp-json\/wp\/v2\/pages\/1346","targetHints":{"allow":["GET"]}}],"collection":[{"href":"https:\/\/help.jamk.fi\/kirjautuminen\/wp-json\/wp\/v2\/pages"}],"about":[{"href":"https:\/\/help.jamk.fi\/kirjautuminen\/wp-json\/wp\/v2\/types\/page"}],"author":[{"embeddable":true,"href":"https:\/\/help.jamk.fi\/kirjautuminen\/wp-json\/wp\/v2\/users\/66"}],"replies":[{"embeddable":true,"href":"https:\/\/help.jamk.fi\/kirjautuminen\/wp-json\/wp\/v2\/comments?post=1346"}],"version-history":[{"count":11,"href":"https:\/\/help.jamk.fi\/kirjautuminen\/wp-json\/wp\/v2\/pages\/1346\/revisions"}],"predecessor-version":[{"id":2219,"href":"https:\/\/help.jamk.fi\/kirjautuminen\/wp-json\/wp\/v2\/pages\/1346\/revisions\/2219"}],"up":[{"embeddable":true,"href":"https:\/\/help.jamk.fi\/kirjautuminen\/wp-json\/wp\/v2\/pages\/1344"}],"wp:attachment":[{"href":"https:\/\/help.jamk.fi\/kirjautuminen\/wp-json\/wp\/v2\/media?parent=1346"}],"wp:term":[{"taxonomy":"category","embeddable":true,"href":"https:\/\/help.jamk.fi\/kirjautuminen\/wp-json\/wp\/v2\/categories?post=1346"},{"taxonomy":"post_tag","embeddable":true,"href":"https:\/\/help.jamk.fi\/kirjautuminen\/wp-json\/wp\/v2\/tags?post=1346"}],"curies":[{"name":"wp","href":"https:\/\/api.w.org\/{rel}","templated":true}]}}