{"id":1347,"date":"2010-05-24T08:36:35","date_gmt":"2010-05-24T05:36:35","guid":{"rendered":"https:\/\/help.jamk.fi\/kirjautuminen\/opas-uudelle-verkonkayttajalle\/"},"modified":"2025-10-30T11:02:36","modified_gmt":"2025-10-30T09:02:36","slug":"opas-uudelle-verkonkayttajalle","status":"publish","type":"page","link":"https:\/\/help.jamk.fi\/kirjautuminen\/fi\/opas-uudelle-verkonkayttajalle\/","title":{"rendered":"Uudelle verkonk\u00e4ytt\u00e4j\u00e4lle"},"content":{"rendered":"\n<p>Opas kertoo yleisimmist\u00e4 Jamkin tietoverkkoon liittyvist\u00e4 aiheista, joiden avulla uusi verkonk\u00e4ytt\u00e4j\u00e4 saa perustiedot tarjolla olevista mahdollisuuksista ja voi aloittaa ty\u00f6skentelyn.<\/p>\n\n\n\n<h2 class=\"wp-block-heading\">Sis\u00e4lt\u00f6<\/h2>\n\n\n\n<ol class=\"wp-block-list\">\n<li><a href=\"#1\">Tunnistaminen, k\u00e4ytt\u00e4j\u00e4tunnus ja salasana<\/a><\/li>\n\n\n\n<li><a href=\"#2\">Microsoft 365-sovellukset ja s\u00e4hk\u00f6posti<\/a><\/li>\n\n\n\n<li><a href=\"#3\">Kaksivaiheinen kirjautuminen (Authenticator)<\/a><\/li>\n\n\n\n<li><a href=\"#6\">Tulostaminen<\/a><\/li>\n\n\n\n<li><a href=\"#7\">Yleisimm\u00e4t verkkopalvelut<\/a><\/li>\n\n\n\n<li><a href=\"#8\">Et\u00e4ty\u00f6skentely<\/a><\/li>\n\n\n\n<li><a href=\"#9\">Mist\u00e4 saan tarvittaessa apua?<\/a><\/li>\n<\/ol>\n\n\n\n<p><a name=\"1\"><\/a><\/p>\n\n\n\n<h2 class=\"wp-block-heading\">1. Tunnistaminen, k\u00e4ytt\u00e4j\u00e4tunnus ja salasana<\/h2>\n\n\n\n<p>Opintojen ja ty\u00f6suhteen alussa suoritetaan henkil\u00f6n virallinen ensitunnistaminen. Ensitunnistautuminen tapahtuu id.jamk.fi -tunnistautumispalvelussa, jossa suoritetaan tilin aktivointi. Tilin aktivointi vaatii vahvaa tunnistautumista joko suomi.fi -palvelua k\u00e4ytt\u00e4en tai Candour ID-palvelulla. Samassa palvelussa k\u00e4ytt\u00e4j\u00e4 voi tarkistaa k\u00e4ytt\u00e4j\u00e4tunnuksensa, vaihtaa tilin salasanan ja nollata tarvittaessa kaksivaiheisen tunnistautumisen (MFA) asetukset. <\/p>\n\n\n\n<p><a href=\"https:\/\/help.jamk.fi\/kirjautuminen\/fi\/kayttajatunnus\/tunnistautumispalvelu\/\">Tarkemmat ohjeet id.jamk.fi -tunnistautumispalvelusta l\u00f6yd\u00e4t erillisest\u00e4 ohjeesta.<\/a><\/p>\n\n\n<div id=\"info-lift-block_0788f49af2d7313842b134c2f0d43b07\" class=\"block-info-lift block-info-lift\">\n  <div class=\"row\">\n    <div class=\"col-12\">\n              <div class=\"block-info-lift__content\">\n          <div class=\"block-info-lift__content__icon\">\n            <span>!<\/span>\n          <\/div>\n          <p class=\"block-info-lift__content__text\">Kirjautuminen useimpiin Jamkin tietoj\u00e4rjestelmiin tapahtuu s\u00e4hk\u00f6postiosoitteella ja vaatii kaksivaiheisen kirjautumisen<\/p>\n        <\/div>\n          <\/div>\n  <\/div>\n<\/div>\n\n\n<h3 class=\"wp-block-heading\"><strong>K\u00e4ytt\u00e4j\u00e4tunnuksen voimassaolo<\/strong><\/h3>\n\n\n\n<p>Henkil\u00f6kunnalla k\u00e4ytt\u00e4j\u00e4tunnus on voimassa ty\u00f6sopimuksen mukaisesti. Ty\u00f6sopimuksen p\u00e4\u00e4tytty\u00e4 tunnus lukitaan ja se poistetaan 4 kuukauden varoajan j\u00e4lkeen.<\/p>\n\n\n\n<p>Opiskelijoilla k\u00e4ytt\u00e4j\u00e4tunnus on voimassa opiskelun ajan, jonka j\u00e4lkeen se lukkiutuu automaattisesti. K\u00e4ytt\u00e4j\u00e4tunnus ja postilaatikko sis\u00e4lt\u00f6ineen poistetaan 4kk varoajan j\u00e4lkeen pysyv\u00e4sti. Mik\u00e4li opiskelija ilmoittautuu v\u00e4lill\u00e4 poissaolevaksi, voidaan k\u00e4ytt\u00e4j\u00e4tunnus sulkea siksi aikaa.<\/p>\n\n\n\n<p><em><a href=\"https:\/\/help.jamk.fi\/kirjautuminen\/fi\/kayttajatunnus\/\">Lue lis\u00e4\u00e4 k\u00e4ytt\u00e4j\u00e4tunnuksesta ja salasanasta<\/a><\/em><\/p>\n\n\n\n<h4 class=\"wp-block-heading\"><strong>Salasanan kriteerit<\/strong><\/h4>\n\n\n\n<ul class=\"wp-block-list\">\n<li>v\u00e4hint\u00e4\u00e4n 14 merkki\u00e4 pitk\u00e4 (mielell\u00e4\u00e4n pidempi)<\/li>\n\n\n\n<li>vaikeasti arvattava<\/li>\n\n\n\n<li>salasanassa on hyv\u00e4 k\u00e4ytt\u00e4\u00e4 kirjaimia v\u00e4lilt\u00e4 A-Z (ei suositella \u00e4\u00e4kk\u00f6si\u00e4) sek\u00e4 numeroita ja jotain erikoismerkkej\u00e4<\/li>\n\n\n\n<li>salasanassa olevien kirjainten koolla on merkityst\u00e4, eli \u201cpassword-100\u2033 on eri asia kuin \u201cPaSswOrD-100\u2033.<\/li>\n<\/ul>\n\n\n  <div id=\"notice-box-block_1295246d63189ec70184aad054cfe0fc\" class=\"block-notice-box block-notice-box\">\n          <h2 class=\"block-notice-box__heading\">Verkkosalasana<\/h2>\n    \n    <p>Kun vaihdat verkkosalasanan, vaikuttaa muutos kaikkiin Jamkin j\u00e4rjestelmiin ja palveluihin. Esimerkiksi Moodlen, Pepin, ja M365-palveluiden salasanat ovat aina samat kuin verkkotunnuksen salasana.<\/p>\n\n      <\/div>\n\n\n\n<h3 class=\"wp-block-heading\"><a name=\"2\"><\/a><\/h3>\n\n\n\n<h2 class=\"wp-block-heading\">2. Kaksivaiheinen kirjautuminen (Authenticator)<\/h2>\n\n\n\n<p>Jamkin j\u00e4rjestelmiin kirjautuminen vaatii vahvaa tunnistautumista eli MFA:ta. K\u00e4yt\u00e4nn\u00f6ss\u00e4 t\u00e4m\u00e4 tarkoittaa, ett\u00e4 kirjautuminen hyv\u00e4ksyt\u00e4\u00e4n mobiililaitteelle asennetun Microsoft Authenticator -sovelluksen tai vastaavan kautta. T\u00e4ll\u00e4 tavalla kirjautuminen on turvallisempaa ja kirjautuminen voidaan est\u00e4\u00e4, jos tunnukset p\u00e4\u00e4tyv\u00e4t v\u00e4\u00e4riin k\u00e4siin. Vahvan tunnistautumisen k\u00e4ytt\u00f6\u00f6notto tapahtuu kirjauduttaessa ensimm\u00e4ist\u00e4 kertaa mihin tahansa Jamkin j\u00e4rjestelm\u00e4\u00e4n kuten esimerkiksi Moodleen, Peppiin tai M365-palveluun.<\/p>\n\n\n\n<p><em><a href=\"https:\/\/help.jamk.fi\/kirjautuminen\/fi\/kaksivaiheisen-tunnistautumisen-kayttoonotto\/\">Lue lis\u00e4\u00e4 Authenticator -ohjeita<\/a><\/em><\/p>\n\n\n\n<p><\/p>\n\n\n\n<h2 class=\"wp-block-heading\">3. Microsoft 365 -sovellukset ja s\u00e4hk\u00f6posti<\/h2>\n\n\n\n<p>Jamkissa on k\u00e4ytett\u00e4viss\u00e4 Microsoft 365 -sovellukset ja s\u00e4hk\u00f6postiohjelmana k\u00e4ytet\u00e4\u00e4n my\u00f6s Microsoft 365 -palvelun Exchange-s\u00e4hk\u00f6postij\u00e4rjestelm\u00e4\u00e4. Postit voi lukea Outlook-sovelluksella tai Outlookin OWA-palvelusta selaimella osoitteesta <a href=\"https:\/\/m365.jamk.fi\">m365.jamk.fi<\/a>.<\/p>\n\n\n\n<p>Mik\u00e4li s\u00e4hk\u00f6postia k\u00e4ytet\u00e4\u00e4n k\u00e4ytt\u00f6s\u00e4\u00e4nt\u00f6jen vastaisesti v\u00e4\u00e4rin, esimerkiksi roskapostien massal\u00e4hetyksiin, on yll\u00e4pidolla oikeus peruuttaa ongelmia aiheuttava viesti ja lukita postilaatikko. Roskaposteiksi luokitellaan esimerkiksi erilaisten tilaisuuksien mainostaminen sek\u00e4 ostetaan\/myyd\u00e4\u00e4n\/vuokrataan -ilmoitukset.<\/p>\n\n\n\n<p>Jamkin s\u00e4hk\u00f6postij\u00e4rjestelm\u00e4 sis\u00e4lt\u00e4\u00e4 keskitetyn virusskannerin, joka tarkistaa kaikki viestit haittaohjelmien varalta ja varoittaa k\u00e4ytt\u00e4j\u00e4\u00e4 niist\u00e4 tarvittaessa.<\/p>\n\n\n\n<p>S\u00e4hk\u00f6postiosoitteet ovat muotoa:<\/p>\n\n\n\n<ul class=\"wp-block-list\">\n<li><strong>Henkil\u00f6kunta: <\/strong>etunimi.sukunimi@jamk.fi<\/li>\n\n\n\n<li><strong>Opiskelijat: <\/strong>k\u00e4ytt\u00e4j\u00e4tunnus@student.jamk.fi<\/li>\n\n\n\n<li><strong>Ulkoiset k\u00e4ytt\u00e4j\u00e4t: <\/strong>etunimi.sukunimi@external.jamk.fi<\/li>\n<\/ul>\n\n\n\n<p><em><a href=\"https:\/\/help.jamk.fi\/m365\/fi\/office-sovellukset-opiskelijoille\/\">Lue lis\u00e4\u00e4 M365 -sovelluksista<\/a><br><a href=\"https:\/\/help.jamk.fi\/m365\/fi\/sahkopostipalvelut\/\">Lue lis\u00e4\u00e4 s\u00e4hk\u00f6postiohjeita<\/a><\/em><\/p>\n\n\n\n<p><a name=\"3\"><\/a><\/p>\n\n\n\n<h2 class=\"wp-block-heading\"><a style=\"font-size: revert\" name=\"4\"><\/a><\/h2>\n\n\n\n<h2 class=\"wp-block-heading\"><a name=\"5\"><\/a><a name=\"6\"><\/a><\/h2>\n\n\n\n<h2 class=\"wp-block-heading\">4. Tulostaminen<\/h2>\n\n\n\n<p>Tulostaminen on mahdollista Jamkin henkil\u00f6kunnalle ja opiskelijoille. Tulostusjonot ovat saatavilla Jamkin hallinnoimilta tietokoneilta. Tulostaminen on mahdollista my\u00f6s omalta laitteelta mobiilitulostusta k\u00e4ytt\u00e4m\u00e4ll\u00e4.<\/p>\n\n\n\n<p><a href=\"https:\/\/help.jamk.fi\/ohjelmistotjalaitteet\/fi\/tulostaminen\/\">Lue lis\u00e4\u00e4 tulostamisesta<\/a><\/p>\n\n\n\n<p><a name=\"7\"><\/a><\/p>\n\n\n\n<h2 class=\"wp-block-heading\">\u00a05. Yleisimm\u00e4t verkkopalvelut<\/h2>\n\n\n\n<p>Kirjautuminen kaikkiin alla oleviin palveluihin tapahtuu Jamkin s\u00e4hk\u00f6postiosoitteella ja verkkosalasanalla<\/p>\n\n\n\n<ul class=\"wp-block-list\">\n<li>Microsoft 365 (<a href=\"https:\/\/m365.jamk.fi\">m365.jamk.fi<\/a>)\n<ul class=\"wp-block-list\">\n<li>Microsoftin palvelut kuten s\u00e4hk\u00f6posti, Teams ja Office -sovellukset<\/li>\n\n\n\n<li><a href=\"https:\/\/help.jamk.fi\/m365\/fi\/office-sovellukset-opiskelijoille\/\">M365:n kautta voit asentaa Office-ohjelmat kotikoneelle ja muille p\u00e4\u00e4telaitteille maksutta.<\/a><\/li>\n<\/ul>\n<\/li>\n\n\n\n<li>Peppi (<a href=\"https:\/\/peppi.jamk.fi\">peppi.jamk.fi<\/a>)\n<ul class=\"wp-block-list\">\n<li>Opintotietoj\u00e4rjestelm\u00e4, jonka opiskelijatoimintoja ovat mm. opiskelijaksi ilmoittautuminen, yhteystietojen muuttaminen, ilmoittautumiset l\u00e4sn\u00e4- ja poissaolevaksi sek\u00e4 opintojaksoille, opintosuoritusten selailu ja tulostaminen. Lis\u00e4ksi Pepin kautta voidaan hoitaa uusintatentti-ilmoittautumiset ja HOPSin tekeminen.<\/li>\n<\/ul>\n<\/li>\n\n\n\n<li>Elmo-intra (<a href=\"https:\/\/jamkstudent.sharepoint.com\">intra.jamk.fi<\/a>)\n<ul class=\"wp-block-list\">\n<li>&nbsp;Elmosta l\u00f6yd\u00e4t linkit my\u00f6s kaikkiin muihin verkkopalveluihin.<\/li>\n<\/ul>\n<\/li>\n\n\n\n<li>Moodle (<a href=\"https:\/\/moodle.jamk.fi\">moodle.jamk.fi<\/a>)\n<ul class=\"wp-block-list\">\n<li>Jamkin verkko-oppimisymp\u00e4rist\u00f6<\/li>\n<\/ul>\n<\/li>\n<\/ul>\n\n\n\n<p><em><a href=\"https:\/\/help.jamk.fi\/ohjelmistotjalaitteet\/fi\/tyoskentelya-tukevat-jarjestelmat\/\">Tutustu&nbsp;verkkopalveluiden ohjeisiin&nbsp;<\/a><\/em><\/p>\n\n\n\n<p><a name=\"8\"><\/a><\/p>\n\n\n\n<h2 class=\"wp-block-heading\">6. Et\u00e4ty\u00f6skentely<\/h2>\n\n\n\n<p>Jamkin tietoj\u00e4rjestelm\u00e4t on eristetty internetist\u00e4 vain halutun liikenteen sallivalla palomuurilla. Et\u00e4ty\u00f6skentely eli ty\u00f6skentely Jamkin verkon ulkopuolella on kuitenkin mahdollista.<\/p>\n\n\n\n<p><a href=\"https:\/\/help.jamk.fi\/kirjautuminen\/fi\/etakayttopalvelut\/\">Tutustu et\u00e4k\u00e4ytt\u00f6palveluihin&nbsp;<\/a><\/p>\n\n\n\n<p><a name=\"9\"><\/a><\/p>\n\n\n\n<h2 class=\"wp-block-heading\">7. Mist\u00e4 saan tarvittaessa apua?<\/h2>\n\n\n\n<p>Yhteydenotto kanavia on paljon riippuen siit\u00e4, mit\u00e4 apua tarvitset<\/p>\n\n\n\n<ul class=\"wp-block-list\">\n<li>Ohjeita ja tietoja uudelle opiskelijalle l\u00f6ytyy <a href=\"https:\/\/www.jamk.fi\/fi\/opiskelijalle\/uusi-opiskelija\">Jamk.fi &#8211; Uusi opiskelija -sivulta<\/a><\/li>\n\n\n\n<li>Opiskelijapalvelut auttavat opintoihin liittyviss\u00e4 kysymyksi\u00e4. <a href=\"https:\/\/www.jamk.fi\/fi\/opiskelijalle\/tutkinto-opiskelija\/opiskelijapalvelut\">Katso yhteystiedot<\/a><\/li>\n\n\n\n<li>IT-asioissa apunasi on ICT-Helpdesk. Helpdeskiin voit olla yhteydess\u00e4 <a href=\"http:\/\/support.jamk.fi\">j\u00e4tt\u00e4m\u00e4ll\u00e4 palvelupyynn\u00f6n.<\/a> Muut yhteystiedot l\u00f6yd\u00e4t <a href=\"http:\/\/help.jamk.fi\">Help-etusivun<\/a> alalaidasta<\/li>\n<\/ul>\n\n\n\n<p><\/p>\n","protected":false},"excerpt":{"rendered":"<p>Opas kertoo yleisimmist\u00e4 Jamkin tietoverkkoon liittyvist\u00e4 aiheista, joiden avulla uusi verkonk\u00e4ytt\u00e4j\u00e4 saa perustiedot tarjolla olevista mahdollisuuksista ja voi aloittaa ty\u00f6skentelyn. Sis\u00e4lt\u00f6 1. Tunnistaminen, k\u00e4ytt\u00e4j\u00e4tunnus ja salasana Opintojen ja ty\u00f6suhteen alussa suoritetaan henkil\u00f6n virallinen ensitunnistaminen. Ensitunnistautuminen tapahtuu id.jamk.fi -tunnistautumispalvelussa, jossa suoritetaan tilin aktivointi. Tilin aktivointi vaatii vahvaa tunnistautumista joko suomi.fi -palvelua k\u00e4ytt\u00e4en tai Candour ID-palvelulla. Samassa [&hellip;]<\/p>\n","protected":false},"author":66,"featured_media":0,"parent":0,"menu_order":1,"comment_status":"closed","ping_status":"open","template":"","meta":{"_acf_changed":false,"_relevanssi_hide_post":"","_relevanssi_hide_content":"","_relevanssi_pin_for_all":"","_relevanssi_pin_keywords":"Uudelle, verkonk\u00e4ytt\u00e4j\u00e4lle","_relevanssi_unpin_keywords":"","_relevanssi_related_keywords":"","_relevanssi_related_include_ids":"","_relevanssi_related_exclude_ids":"","_relevanssi_related_no_append":"","_relevanssi_related_not_related":"","_relevanssi_related_posts":"","_relevanssi_noindex_reason":"","footnotes":""},"categories":[10,14],"tags":[22,24,26],"class_list":["post-1347","page","type-page","status-publish","hentry","category-henkilosto","category-opiskelijat","tag-salasana","tag-verkkotunnus","tag-vetuma"],"acf":[],"yoast_head":"<!-- This site is optimized with the Yoast SEO plugin v27.4 - https:\/\/yoast.com\/product\/yoast-seo-wordpress\/ -->\n<title>Uudelle verkonk\u00e4ytt\u00e4j\u00e4lle - Kirjautuminen<\/title>\n<meta name=\"robots\" content=\"index, follow, max-snippet:-1, max-image-preview:large, max-video-preview:-1\" \/>\n<link rel=\"canonical\" href=\"https:\/\/help.jamk.fi\/kirjautuminen\/fi\/opas-uudelle-verkonkayttajalle\/\" \/>\n<meta property=\"og:locale\" content=\"fi_FI\" \/>\n<meta property=\"og:type\" content=\"article\" \/>\n<meta property=\"og:title\" content=\"Uudelle verkonk\u00e4ytt\u00e4j\u00e4lle - Kirjautuminen\" \/>\n<meta property=\"og:description\" content=\"Opas kertoo yleisimmist\u00e4 Jamkin tietoverkkoon liittyvist\u00e4 aiheista, joiden avulla uusi verkonk\u00e4ytt\u00e4j\u00e4 saa perustiedot tarjolla olevista mahdollisuuksista ja voi aloittaa ty\u00f6skentelyn. Sis\u00e4lt\u00f6 1. Tunnistaminen, k\u00e4ytt\u00e4j\u00e4tunnus ja salasana Opintojen ja ty\u00f6suhteen alussa suoritetaan henkil\u00f6n virallinen ensitunnistaminen. Ensitunnistautuminen tapahtuu id.jamk.fi -tunnistautumispalvelussa, jossa suoritetaan tilin aktivointi. Tilin aktivointi vaatii vahvaa tunnistautumista joko suomi.fi -palvelua k\u00e4ytt\u00e4en tai Candour ID-palvelulla. Samassa [&hellip;]\" \/>\n<meta property=\"og:url\" content=\"https:\/\/help.jamk.fi\/kirjautuminen\/fi\/opas-uudelle-verkonkayttajalle\/\" \/>\n<meta property=\"og:site_name\" content=\"Kirjautuminen\" \/>\n<meta property=\"article:modified_time\" content=\"2025-10-30T09:02:36+00:00\" \/>\n<meta name=\"twitter:card\" content=\"summary_large_image\" \/>\n<meta name=\"twitter:label1\" content=\"Arvioitu lukuaika\" \/>\n\t<meta name=\"twitter:data1\" content=\"4 minuuttia\" \/>\n<script type=\"application\/ld+json\" class=\"yoast-schema-graph\">{\"@context\":\"https:\\\/\\\/schema.org\",\"@graph\":[{\"@type\":\"WebPage\",\"@id\":\"https:\\\/\\\/help.jamk.fi\\\/kirjautuminen\\\/fi\\\/opas-uudelle-verkonkayttajalle\\\/\",\"url\":\"https:\\\/\\\/help.jamk.fi\\\/kirjautuminen\\\/fi\\\/opas-uudelle-verkonkayttajalle\\\/\",\"name\":\"Uudelle verkonk\u00e4ytt\u00e4j\u00e4lle - Kirjautuminen\",\"isPartOf\":{\"@id\":\"https:\\\/\\\/help.jamk.fi\\\/kirjautuminen\\\/#website\"},\"datePublished\":\"2010-05-24T05:36:35+00:00\",\"dateModified\":\"2025-10-30T09:02:36+00:00\",\"breadcrumb\":{\"@id\":\"https:\\\/\\\/help.jamk.fi\\\/kirjautuminen\\\/fi\\\/opas-uudelle-verkonkayttajalle\\\/#breadcrumb\"},\"inLanguage\":\"fi\",\"potentialAction\":[{\"@type\":\"ReadAction\",\"target\":[\"https:\\\/\\\/help.jamk.fi\\\/kirjautuminen\\\/fi\\\/opas-uudelle-verkonkayttajalle\\\/\"]}]},{\"@type\":\"BreadcrumbList\",\"@id\":\"https:\\\/\\\/help.jamk.fi\\\/kirjautuminen\\\/fi\\\/opas-uudelle-verkonkayttajalle\\\/#breadcrumb\",\"itemListElement\":[{\"@type\":\"ListItem\",\"position\":1,\"name\":\"Home\",\"item\":\"https:\\\/\\\/help.jamk.fi\\\/kirjautuminen\\\/fi\\\/\"},{\"@type\":\"ListItem\",\"position\":2,\"name\":\"Uudelle verkonk\u00e4ytt\u00e4j\u00e4lle\"}]},{\"@type\":\"WebSite\",\"@id\":\"https:\\\/\\\/help.jamk.fi\\\/kirjautuminen\\\/#website\",\"url\":\"https:\\\/\\\/help.jamk.fi\\\/kirjautuminen\\\/\",\"name\":\"Kirjautuminen\",\"description\":\"\",\"potentialAction\":[{\"@type\":\"SearchAction\",\"target\":{\"@type\":\"EntryPoint\",\"urlTemplate\":\"https:\\\/\\\/help.jamk.fi\\\/kirjautuminen\\\/?s={search_term_string}\"},\"query-input\":{\"@type\":\"PropertyValueSpecification\",\"valueRequired\":true,\"valueName\":\"search_term_string\"}}],\"inLanguage\":\"fi\"}]}<\/script>\n<!-- \/ Yoast SEO plugin. -->","yoast_head_json":{"title":"Uudelle verkonk\u00e4ytt\u00e4j\u00e4lle - Kirjautuminen","robots":{"index":"index","follow":"follow","max-snippet":"max-snippet:-1","max-image-preview":"max-image-preview:large","max-video-preview":"max-video-preview:-1"},"canonical":"https:\/\/help.jamk.fi\/kirjautuminen\/fi\/opas-uudelle-verkonkayttajalle\/","og_locale":"fi_FI","og_type":"article","og_title":"Uudelle verkonk\u00e4ytt\u00e4j\u00e4lle - Kirjautuminen","og_description":"Opas kertoo yleisimmist\u00e4 Jamkin tietoverkkoon liittyvist\u00e4 aiheista, joiden avulla uusi verkonk\u00e4ytt\u00e4j\u00e4 saa perustiedot tarjolla olevista mahdollisuuksista ja voi aloittaa ty\u00f6skentelyn. Sis\u00e4lt\u00f6 1. Tunnistaminen, k\u00e4ytt\u00e4j\u00e4tunnus ja salasana Opintojen ja ty\u00f6suhteen alussa suoritetaan henkil\u00f6n virallinen ensitunnistaminen. Ensitunnistautuminen tapahtuu id.jamk.fi -tunnistautumispalvelussa, jossa suoritetaan tilin aktivointi. Tilin aktivointi vaatii vahvaa tunnistautumista joko suomi.fi -palvelua k\u00e4ytt\u00e4en tai Candour ID-palvelulla. Samassa [&hellip;]","og_url":"https:\/\/help.jamk.fi\/kirjautuminen\/fi\/opas-uudelle-verkonkayttajalle\/","og_site_name":"Kirjautuminen","article_modified_time":"2025-10-30T09:02:36+00:00","twitter_card":"summary_large_image","twitter_misc":{"Arvioitu lukuaika":"4 minuuttia"},"schema":{"@context":"https:\/\/schema.org","@graph":[{"@type":"WebPage","@id":"https:\/\/help.jamk.fi\/kirjautuminen\/fi\/opas-uudelle-verkonkayttajalle\/","url":"https:\/\/help.jamk.fi\/kirjautuminen\/fi\/opas-uudelle-verkonkayttajalle\/","name":"Uudelle verkonk\u00e4ytt\u00e4j\u00e4lle - Kirjautuminen","isPartOf":{"@id":"https:\/\/help.jamk.fi\/kirjautuminen\/#website"},"datePublished":"2010-05-24T05:36:35+00:00","dateModified":"2025-10-30T09:02:36+00:00","breadcrumb":{"@id":"https:\/\/help.jamk.fi\/kirjautuminen\/fi\/opas-uudelle-verkonkayttajalle\/#breadcrumb"},"inLanguage":"fi","potentialAction":[{"@type":"ReadAction","target":["https:\/\/help.jamk.fi\/kirjautuminen\/fi\/opas-uudelle-verkonkayttajalle\/"]}]},{"@type":"BreadcrumbList","@id":"https:\/\/help.jamk.fi\/kirjautuminen\/fi\/opas-uudelle-verkonkayttajalle\/#breadcrumb","itemListElement":[{"@type":"ListItem","position":1,"name":"Home","item":"https:\/\/help.jamk.fi\/kirjautuminen\/fi\/"},{"@type":"ListItem","position":2,"name":"Uudelle verkonk\u00e4ytt\u00e4j\u00e4lle"}]},{"@type":"WebSite","@id":"https:\/\/help.jamk.fi\/kirjautuminen\/#website","url":"https:\/\/help.jamk.fi\/kirjautuminen\/","name":"Kirjautuminen","description":"","potentialAction":[{"@type":"SearchAction","target":{"@type":"EntryPoint","urlTemplate":"https:\/\/help.jamk.fi\/kirjautuminen\/?s={search_term_string}"},"query-input":{"@type":"PropertyValueSpecification","valueRequired":true,"valueName":"search_term_string"}}],"inLanguage":"fi"}]}},"_links":{"self":[{"href":"https:\/\/help.jamk.fi\/kirjautuminen\/wp-json\/wp\/v2\/pages\/1347","targetHints":{"allow":["GET"]}}],"collection":[{"href":"https:\/\/help.jamk.fi\/kirjautuminen\/wp-json\/wp\/v2\/pages"}],"about":[{"href":"https:\/\/help.jamk.fi\/kirjautuminen\/wp-json\/wp\/v2\/types\/page"}],"author":[{"embeddable":true,"href":"https:\/\/help.jamk.fi\/kirjautuminen\/wp-json\/wp\/v2\/users\/66"}],"replies":[{"embeddable":true,"href":"https:\/\/help.jamk.fi\/kirjautuminen\/wp-json\/wp\/v2\/comments?post=1347"}],"version-history":[{"count":45,"href":"https:\/\/help.jamk.fi\/kirjautuminen\/wp-json\/wp\/v2\/pages\/1347\/revisions"}],"predecessor-version":[{"id":2326,"href":"https:\/\/help.jamk.fi\/kirjautuminen\/wp-json\/wp\/v2\/pages\/1347\/revisions\/2326"}],"wp:attachment":[{"href":"https:\/\/help.jamk.fi\/kirjautuminen\/wp-json\/wp\/v2\/media?parent=1347"}],"wp:term":[{"taxonomy":"category","embeddable":true,"href":"https:\/\/help.jamk.fi\/kirjautuminen\/wp-json\/wp\/v2\/categories?post=1347"},{"taxonomy":"post_tag","embeddable":true,"href":"https:\/\/help.jamk.fi\/kirjautuminen\/wp-json\/wp\/v2\/tags?post=1347"}],"curies":[{"name":"wp","href":"https:\/\/api.w.org\/{rel}","templated":true}]}}