{"id":1348,"date":"2010-05-25T09:35:22","date_gmt":"2010-05-25T06:35:22","guid":{"rendered":"https:\/\/help.jamk.fi\/kirjautuminen\/mika-on-kayttajatunnukseni\/"},"modified":"2025-10-22T09:18:08","modified_gmt":"2025-10-22T06:18:08","slug":"mika-on-kayttajatunnukseni","status":"publish","type":"page","link":"https:\/\/help.jamk.fi\/kirjautuminen\/fi\/kayttajatunnus\/mika-on-kayttajatunnukseni\/","title":{"rendered":"Mik\u00e4 on k\u00e4ytt\u00e4j\u00e4tunnukseni?"},"content":{"rendered":"\n<p>Jokainen opiskelija\/henkil\u00f6kuntaan kuuluva tarvitsee verkkotunnuksen eli k\u00e4ytt\u00e4j\u00e4tunnuksen p\u00e4\u00e4st\u00e4kseen kirjautumaan Jamkin tietoj\u00e4rjestelmiin ja\/tai ty\u00f6asemiin.<\/p>\n\n\n\n<p>Tunnukset ovat muodoltaan:<\/p>\n\n\n\n<ul class=\"wp-block-list\">\n<li><strong>Henkil\u00f6kunta: <\/strong>etunimi.sukunimi@jamk.fi<\/li>\n\n\n\n<li><strong>Opiskelijat: <\/strong>k\u00e4ytt\u00e4j\u00e4tunnus@student.jamk.fi<\/li>\n\n\n\n<li><strong>Ulkoiset k\u00e4ytt\u00e4j\u00e4t:<\/strong> etunimi.sukunimi@external.jamk.fi<\/li>\n<\/ul>\n\n\n\n<p>Voit k\u00e4yd\u00e4 tarkistamassa tunnuksesi ja asettamassa sille salasanan id.jamk.fi -palvelussa. <a href=\"https:\/\/help.jamk.fi\/kirjautuminen\/fi\/kayttajatunnus\/tunnistautumispalvelu\/\">Ohjeet palvelun k\u00e4ytt\u00f6\u00f6n l\u00f6yd\u00e4t t\u00e4\u00e4lt\u00e4<\/a><\/p>\n\n\n\n<p>Joidenkin tunnustyyppien salasanat vanhenevat turvallisuussyist\u00e4 tietyin v\u00e4liajoin ja mik\u00e4li niit\u00e4 ei vaihdeta j\u00e4rjestelm\u00e4n kehotuksesta huolimatta, tunnus lukkiutuu. Pid\u00e4 huolta ett\u00e4 salasanasi on yksil\u00f6llinen, riitt\u00e4v\u00e4n pitk\u00e4 ja ett\u00e4 vaihdat sen aika ajoin.<\/p>\n\n\n\n<p>Joissakin vanhemmissa j\u00e4rjestelmiss\u00e4 k\u00e4ytet\u00e4\u00e4n tunnuksesta lyhyemp\u00e4\u00e4 muotoa, joka on opiskelijoilla pelkk\u00e4 k\u00e4ytt\u00e4j\u00e4tunnus ja henkil\u00f6kunnalla nimen alkukirjaimet. Ulkoisten k\u00e4ytt\u00e4jien lyhyt tunnus alkaa yleens\u00e4 ext-lyhenteell\u00e4.<\/p>\n\n\n\n<p><\/p>\n","protected":false},"excerpt":{"rendered":"<p>Jokainen opiskelija\/henkil\u00f6kuntaan kuuluva tarvitsee verkkotunnuksen eli k\u00e4ytt\u00e4j\u00e4tunnuksen p\u00e4\u00e4st\u00e4kseen kirjautumaan Jamkin tietoj\u00e4rjestelmiin ja\/tai ty\u00f6asemiin. Tunnukset ovat muodoltaan: Voit k\u00e4yd\u00e4 tarkistamassa tunnuksesi ja asettamassa sille salasanan id.jamk.fi -palvelussa. Ohjeet palvelun k\u00e4ytt\u00f6\u00f6n l\u00f6yd\u00e4t t\u00e4\u00e4lt\u00e4 Joidenkin tunnustyyppien salasanat vanhenevat turvallisuussyist\u00e4 tietyin v\u00e4liajoin ja mik\u00e4li niit\u00e4 ei vaihdeta j\u00e4rjestelm\u00e4n kehotuksesta huolimatta, tunnus lukkiutuu. Pid\u00e4 huolta ett\u00e4 salasanasi on yksil\u00f6llinen, riitt\u00e4v\u00e4n [&hellip;]<\/p>\n","protected":false},"author":66,"featured_media":0,"parent":1344,"menu_order":4,"comment_status":"closed","ping_status":"closed","template":"","meta":{"_acf_changed":false,"_relevanssi_hide_post":"","_relevanssi_hide_content":"","_relevanssi_pin_for_all":"","_relevanssi_pin_keywords":"tunnus, k\u00e4ytt\u00e4j\u00e4tunnus, tunnukseni, k\u00e4ytt\u00e4j\u00e4tunnukseni, tunnuksen, tili","_relevanssi_unpin_keywords":"","_relevanssi_related_keywords":"","_relevanssi_related_include_ids":"","_relevanssi_related_exclude_ids":"","_relevanssi_related_no_append":"","_relevanssi_related_not_related":"","_relevanssi_related_posts":"","_relevanssi_noindex_reason":"","footnotes":""},"categories":[10,14],"tags":[18,24],"class_list":["post-1348","page","type-page","status-publish","hentry","category-henkilosto","category-opiskelijat","tag-kayttajatunnus","tag-verkkotunnus"],"acf":[],"yoast_head":"<!-- This site is optimized with the Yoast SEO plugin v27.4 - https:\/\/yoast.com\/product\/yoast-seo-wordpress\/ -->\n<title>Mik\u00e4 on k\u00e4ytt\u00e4j\u00e4tunnukseni? - Kirjautuminen<\/title>\n<meta name=\"robots\" content=\"index, follow, max-snippet:-1, max-image-preview:large, max-video-preview:-1\" \/>\n<link rel=\"canonical\" href=\"https:\/\/help.jamk.fi\/kirjautuminen\/fi\/kayttajatunnus\/mika-on-kayttajatunnukseni\/\" \/>\n<meta property=\"og:locale\" content=\"fi_FI\" \/>\n<meta property=\"og:type\" content=\"article\" \/>\n<meta property=\"og:title\" content=\"Mik\u00e4 on k\u00e4ytt\u00e4j\u00e4tunnukseni? - Kirjautuminen\" \/>\n<meta property=\"og:description\" content=\"Jokainen opiskelija\/henkil\u00f6kuntaan kuuluva tarvitsee verkkotunnuksen eli k\u00e4ytt\u00e4j\u00e4tunnuksen p\u00e4\u00e4st\u00e4kseen kirjautumaan Jamkin tietoj\u00e4rjestelmiin ja\/tai ty\u00f6asemiin. Tunnukset ovat muodoltaan: Voit k\u00e4yd\u00e4 tarkistamassa tunnuksesi ja asettamassa sille salasanan id.jamk.fi -palvelussa. Ohjeet palvelun k\u00e4ytt\u00f6\u00f6n l\u00f6yd\u00e4t t\u00e4\u00e4lt\u00e4 Joidenkin tunnustyyppien salasanat vanhenevat turvallisuussyist\u00e4 tietyin v\u00e4liajoin ja mik\u00e4li niit\u00e4 ei vaihdeta j\u00e4rjestelm\u00e4n kehotuksesta huolimatta, tunnus lukkiutuu. Pid\u00e4 huolta ett\u00e4 salasanasi on yksil\u00f6llinen, riitt\u00e4v\u00e4n [&hellip;]\" \/>\n<meta property=\"og:url\" content=\"https:\/\/help.jamk.fi\/kirjautuminen\/fi\/kayttajatunnus\/mika-on-kayttajatunnukseni\/\" \/>\n<meta property=\"og:site_name\" content=\"Kirjautuminen\" \/>\n<meta property=\"article:modified_time\" content=\"2025-10-22T06:18:08+00:00\" \/>\n<meta name=\"twitter:card\" content=\"summary_large_image\" \/>\n<meta name=\"twitter:label1\" content=\"Arvioitu lukuaika\" \/>\n\t<meta name=\"twitter:data1\" content=\"1 minuutti\" \/>\n<script type=\"application\/ld+json\" class=\"yoast-schema-graph\">{\"@context\":\"https:\\\/\\\/schema.org\",\"@graph\":[{\"@type\":\"WebPage\",\"@id\":\"https:\\\/\\\/help.jamk.fi\\\/kirjautuminen\\\/fi\\\/kayttajatunnus\\\/mika-on-kayttajatunnukseni\\\/\",\"url\":\"https:\\\/\\\/help.jamk.fi\\\/kirjautuminen\\\/fi\\\/kayttajatunnus\\\/mika-on-kayttajatunnukseni\\\/\",\"name\":\"Mik\u00e4 on k\u00e4ytt\u00e4j\u00e4tunnukseni? - Kirjautuminen\",\"isPartOf\":{\"@id\":\"https:\\\/\\\/help.jamk.fi\\\/kirjautuminen\\\/#website\"},\"datePublished\":\"2010-05-25T06:35:22+00:00\",\"dateModified\":\"2025-10-22T06:18:08+00:00\",\"breadcrumb\":{\"@id\":\"https:\\\/\\\/help.jamk.fi\\\/kirjautuminen\\\/fi\\\/kayttajatunnus\\\/mika-on-kayttajatunnukseni\\\/#breadcrumb\"},\"inLanguage\":\"fi\",\"potentialAction\":[{\"@type\":\"ReadAction\",\"target\":[\"https:\\\/\\\/help.jamk.fi\\\/kirjautuminen\\\/fi\\\/kayttajatunnus\\\/mika-on-kayttajatunnukseni\\\/\"]}]},{\"@type\":\"BreadcrumbList\",\"@id\":\"https:\\\/\\\/help.jamk.fi\\\/kirjautuminen\\\/fi\\\/kayttajatunnus\\\/mika-on-kayttajatunnukseni\\\/#breadcrumb\",\"itemListElement\":[{\"@type\":\"ListItem\",\"position\":1,\"name\":\"Home\",\"item\":\"https:\\\/\\\/help.jamk.fi\\\/kirjautuminen\\\/fi\\\/\"},{\"@type\":\"ListItem\",\"position\":2,\"name\":\"K\u00e4ytt\u00e4j\u00e4tunnukset ja salasanat\",\"item\":\"https:\\\/\\\/help.jamk.fi\\\/kirjautuminen\\\/fi\\\/kayttajatunnus\\\/\"},{\"@type\":\"ListItem\",\"position\":3,\"name\":\"Mik\u00e4 on k\u00e4ytt\u00e4j\u00e4tunnukseni?\"}]},{\"@type\":\"WebSite\",\"@id\":\"https:\\\/\\\/help.jamk.fi\\\/kirjautuminen\\\/#website\",\"url\":\"https:\\\/\\\/help.jamk.fi\\\/kirjautuminen\\\/\",\"name\":\"Kirjautuminen\",\"description\":\"\",\"potentialAction\":[{\"@type\":\"SearchAction\",\"target\":{\"@type\":\"EntryPoint\",\"urlTemplate\":\"https:\\\/\\\/help.jamk.fi\\\/kirjautuminen\\\/?s={search_term_string}\"},\"query-input\":{\"@type\":\"PropertyValueSpecification\",\"valueRequired\":true,\"valueName\":\"search_term_string\"}}],\"inLanguage\":\"fi\"}]}<\/script>\n<!-- \/ Yoast SEO plugin. -->","yoast_head_json":{"title":"Mik\u00e4 on k\u00e4ytt\u00e4j\u00e4tunnukseni? - Kirjautuminen","robots":{"index":"index","follow":"follow","max-snippet":"max-snippet:-1","max-image-preview":"max-image-preview:large","max-video-preview":"max-video-preview:-1"},"canonical":"https:\/\/help.jamk.fi\/kirjautuminen\/fi\/kayttajatunnus\/mika-on-kayttajatunnukseni\/","og_locale":"fi_FI","og_type":"article","og_title":"Mik\u00e4 on k\u00e4ytt\u00e4j\u00e4tunnukseni? - Kirjautuminen","og_description":"Jokainen opiskelija\/henkil\u00f6kuntaan kuuluva tarvitsee verkkotunnuksen eli k\u00e4ytt\u00e4j\u00e4tunnuksen p\u00e4\u00e4st\u00e4kseen kirjautumaan Jamkin tietoj\u00e4rjestelmiin ja\/tai ty\u00f6asemiin. Tunnukset ovat muodoltaan: Voit k\u00e4yd\u00e4 tarkistamassa tunnuksesi ja asettamassa sille salasanan id.jamk.fi -palvelussa. Ohjeet palvelun k\u00e4ytt\u00f6\u00f6n l\u00f6yd\u00e4t t\u00e4\u00e4lt\u00e4 Joidenkin tunnustyyppien salasanat vanhenevat turvallisuussyist\u00e4 tietyin v\u00e4liajoin ja mik\u00e4li niit\u00e4 ei vaihdeta j\u00e4rjestelm\u00e4n kehotuksesta huolimatta, tunnus lukkiutuu. Pid\u00e4 huolta ett\u00e4 salasanasi on yksil\u00f6llinen, riitt\u00e4v\u00e4n [&hellip;]","og_url":"https:\/\/help.jamk.fi\/kirjautuminen\/fi\/kayttajatunnus\/mika-on-kayttajatunnukseni\/","og_site_name":"Kirjautuminen","article_modified_time":"2025-10-22T06:18:08+00:00","twitter_card":"summary_large_image","twitter_misc":{"Arvioitu lukuaika":"1 minuutti"},"schema":{"@context":"https:\/\/schema.org","@graph":[{"@type":"WebPage","@id":"https:\/\/help.jamk.fi\/kirjautuminen\/fi\/kayttajatunnus\/mika-on-kayttajatunnukseni\/","url":"https:\/\/help.jamk.fi\/kirjautuminen\/fi\/kayttajatunnus\/mika-on-kayttajatunnukseni\/","name":"Mik\u00e4 on k\u00e4ytt\u00e4j\u00e4tunnukseni? - Kirjautuminen","isPartOf":{"@id":"https:\/\/help.jamk.fi\/kirjautuminen\/#website"},"datePublished":"2010-05-25T06:35:22+00:00","dateModified":"2025-10-22T06:18:08+00:00","breadcrumb":{"@id":"https:\/\/help.jamk.fi\/kirjautuminen\/fi\/kayttajatunnus\/mika-on-kayttajatunnukseni\/#breadcrumb"},"inLanguage":"fi","potentialAction":[{"@type":"ReadAction","target":["https:\/\/help.jamk.fi\/kirjautuminen\/fi\/kayttajatunnus\/mika-on-kayttajatunnukseni\/"]}]},{"@type":"BreadcrumbList","@id":"https:\/\/help.jamk.fi\/kirjautuminen\/fi\/kayttajatunnus\/mika-on-kayttajatunnukseni\/#breadcrumb","itemListElement":[{"@type":"ListItem","position":1,"name":"Home","item":"https:\/\/help.jamk.fi\/kirjautuminen\/fi\/"},{"@type":"ListItem","position":2,"name":"K\u00e4ytt\u00e4j\u00e4tunnukset ja salasanat","item":"https:\/\/help.jamk.fi\/kirjautuminen\/fi\/kayttajatunnus\/"},{"@type":"ListItem","position":3,"name":"Mik\u00e4 on k\u00e4ytt\u00e4j\u00e4tunnukseni?"}]},{"@type":"WebSite","@id":"https:\/\/help.jamk.fi\/kirjautuminen\/#website","url":"https:\/\/help.jamk.fi\/kirjautuminen\/","name":"Kirjautuminen","description":"","potentialAction":[{"@type":"SearchAction","target":{"@type":"EntryPoint","urlTemplate":"https:\/\/help.jamk.fi\/kirjautuminen\/?s={search_term_string}"},"query-input":{"@type":"PropertyValueSpecification","valueRequired":true,"valueName":"search_term_string"}}],"inLanguage":"fi"}]}},"_links":{"self":[{"href":"https:\/\/help.jamk.fi\/kirjautuminen\/wp-json\/wp\/v2\/pages\/1348","targetHints":{"allow":["GET"]}}],"collection":[{"href":"https:\/\/help.jamk.fi\/kirjautuminen\/wp-json\/wp\/v2\/pages"}],"about":[{"href":"https:\/\/help.jamk.fi\/kirjautuminen\/wp-json\/wp\/v2\/types\/page"}],"author":[{"embeddable":true,"href":"https:\/\/help.jamk.fi\/kirjautuminen\/wp-json\/wp\/v2\/users\/66"}],"replies":[{"embeddable":true,"href":"https:\/\/help.jamk.fi\/kirjautuminen\/wp-json\/wp\/v2\/comments?post=1348"}],"version-history":[{"count":11,"href":"https:\/\/help.jamk.fi\/kirjautuminen\/wp-json\/wp\/v2\/pages\/1348\/revisions"}],"predecessor-version":[{"id":2308,"href":"https:\/\/help.jamk.fi\/kirjautuminen\/wp-json\/wp\/v2\/pages\/1348\/revisions\/2308"}],"up":[{"embeddable":true,"href":"https:\/\/help.jamk.fi\/kirjautuminen\/wp-json\/wp\/v2\/pages\/1344"}],"wp:attachment":[{"href":"https:\/\/help.jamk.fi\/kirjautuminen\/wp-json\/wp\/v2\/media?parent=1348"}],"wp:term":[{"taxonomy":"category","embeddable":true,"href":"https:\/\/help.jamk.fi\/kirjautuminen\/wp-json\/wp\/v2\/categories?post=1348"},{"taxonomy":"post_tag","embeddable":true,"href":"https:\/\/help.jamk.fi\/kirjautuminen\/wp-json\/wp\/v2\/tags?post=1348"}],"curies":[{"name":"wp","href":"https:\/\/api.w.org\/{rel}","templated":true}]}}