{"id":1351,"date":"2014-05-07T11:56:17","date_gmt":"2014-05-07T08:56:17","guid":{"rendered":"https:\/\/help.jamk.fi\/kirjautuminen\/salasanan-vaihtaminen\/"},"modified":"2025-10-30T11:27:39","modified_gmt":"2025-10-30T09:27:39","slug":"salasanan-vaihtaminen","status":"publish","type":"page","link":"https:\/\/help.jamk.fi\/kirjautuminen\/fi\/kayttajatunnus\/salasanan-vaihtaminen\/","title":{"rendered":"Salasanan vaihtaminen"},"content":{"rendered":"\n<p>Salasanan voit vaihtaa eri tavoilla, valitse itsellesi sopivin tapa:<\/p>\n\n\n\n<ul class=\"wp-block-list\">\n<li>Microsoft 365 -palvelussa<\/li>\n\n\n\n<li>Jamkin kampuksilla ty\u00f6asemassa<\/li>\n\n\n\n<li>tunnistautumispalvelussa id.jamk.fi<\/li>\n\n\n\n<li>Et\u00e4ty\u00f6p\u00f6yt\u00e4yhteyden kautta<\/li>\n<\/ul>\n\n\n<div id=\"info-lift-block_e0462be36c7d0daad3b299567d2ed63d\" class=\"block-info-lift block-info-lift\">\n  <div class=\"row\">\n    <div class=\"col-12\">\n              <div class=\"block-info-lift__content\">\n          <div class=\"block-info-lift__content__icon\">\n            <span>!<\/span>\n          <\/div>\n          <p class=\"block-info-lift__content__text\">Salasanan vaihtamisen j\u00e4lkeen muista p\u00e4ivitt\u00e4\u00e4 se my\u00f6s kaikkiin k\u00e4ytt\u00e4miisi p\u00e4\u00e4telaitteisiin, jotta tunnus ei mene lukkoon vanhalla salasanalla tehtyjen kirjautumisyritysten vuoksi. Mik\u00e4li mik\u00e4\u00e4n tarjotuista vaihtoehdoista ei toimi, ota yhteytt\u00e4 opiskelijapalveluihin\u00a0tai Helpdeskiin.<\/p>\n        <\/div>\n          <\/div>\n  <\/div>\n<\/div>\n\n\n<h2 class=\"wp-block-heading\">Microsoft 365 -palvelussa<\/h2>\n\n\n\n<ol class=\"wp-block-list\">\n<li>Kirjaudu Microsoft 365 -palveluun osoitteessa <a href=\"http:\/\/m365.jamk.fi\">m365.jamk.fi<\/a><\/li>\n\n\n\n<li>Klikkaa vasemmasta alakulmasta omaa nime\u00e4si ja valitse &#8221;View account \/ N\u00e4yt\u00e4 tili&#8221;<\/li>\n\n\n\n<li>Valitse avautuvasta valikosta &#8221;Change your password \/ Vaihda salasana&#8221;<\/li>\n\n\n\n<li>Kirjoita vanha salasanasi ja uusi salasana kahteen kertaan\n<ul class=\"wp-block-list\">\n<li>Salasanan minimipituus on 14 merkki\u00e4, sis\u00e4lt\u00e4en isoja \/ pieni\u00e4 kirjaimia (ei \u00e4\u00e4kk\u00f6si\u00e4) ja numeroita.<\/li>\n<\/ul>\n<\/li>\n<\/ol>\n\n\n\n<h2 class=\"wp-block-heading\">Jamkin kampuksilla ty\u00f6asemassa<\/h2>\n\n\n\n<ol class=\"wp-block-list\">\n<li>Kirjaudu ty\u00f6asemaan<\/li>\n\n\n\n<li>Paina n\u00e4pp\u00e4imist\u00f6lt\u00e4 Ctrl + Alt + Del<\/li>\n\n\n\n<li>M365 profiilin hallinta avautuu selaimeen\n<ul class=\"wp-block-list\">\n<li>Voi vaatia kirjautumista Jamkin tunnuksilla sek\u00e4 kirjautumisen vahvistamista MFA:lla<\/li>\n<\/ul>\n<\/li>\n\n\n\n<li>Kirjoita uusi salasana kahteen kertaa\n<ul class=\"wp-block-list\">\n<li>Salasanan minimipituus on 14 merkki\u00e4, sis\u00e4lt\u00e4en isoja\/pieni\u00e4 kirjaimia (ei \u00e4\u00e4kk\u00f6si\u00e4) sek\u00e4 numeroita<\/li>\n<\/ul>\n<\/li>\n<\/ol>\n\n\n\n<h2 class=\"wp-block-heading\" id=\"tunnistus\">Tunnistautumispalvelu id.jamk.fi<\/h2>\n\n\n\n<p>Tunnistautumispalvelussa voit vaihtaa Jamkin k\u00e4ytt\u00e4j\u00e4tunnuksesi salasanan.<\/p>\n\n\n\n<ol class=\"wp-block-list\">\n<li>Mene selaimella osoitteeseen <a href=\"https:\/\/id.jamk.fi\">id.jamk.fi<\/a><\/li>\n\n\n\n<li>Sy\u00f6t\u00e4 Jamkin s\u00e4hk\u00f6postiosoitteesi tai tarkista se &#8221;Tarkista tunnuksesi&#8221; -valinnalla\n<ul class=\"wp-block-list\">\n<li><strong>Henkil\u00f6kunta:<\/strong>&nbsp;etunimi.sukunimi@jamk.fi<\/li>\n\n\n\n<li><strong>Opiskelijat:<\/strong>&nbsp;k\u00e4ytt\u00e4j\u00e4tunnus@student.jamk.fi<\/li>\n\n\n\n<li><strong>Ulkopuolinen vierailija:<\/strong>&nbsp;etunimi.sukunimi@external.jamk.fi<\/li>\n<\/ul>\n<\/li>\n\n\n\n<li>Tarkista tiedot ja jatka palveluun.<\/li>\n\n\n\n<li>Valitse Salasana unohtunut tai Vaihda salasana<\/li>\n\n\n\n<li>Salasana unohtunut -valinta vaatii vahvan tunnistautumisen joko suomi.fi tai Candour ID -palvelussa\n<ul class=\"wp-block-list\">\n<li>Henkil\u00f6t, joilla on suomalainen henkil\u00f6tunnus ja kansalaisuutena suomi, tarjotaan oletuksena ainoastaan suomi.fi -tunnistautumista.<\/li>\n\n\n\n<li>Candour ID -tunnistusmenetelm\u00e4 on tarkoitettu ensisijaisesti niille henkil\u00f6ille, jotka eiv\u00e4t pysty k\u00e4ytt\u00e4m\u00e4\u00e4n suomi.fi -tunnistautumispalvelua. Candour ID -palvelun k\u00e4ytt\u00f6 vaatii, ett\u00e4 k\u00e4ytt\u00e4j\u00e4ll\u00e4 on kameralla varustettu mobiililaite, johon voi asentaa Candour ID -sovelluksen sek\u00e4 voimassaolevan passin tai sirullisen henkil\u00f6kortin.<\/li>\n<\/ul>\n<\/li>\n\n\n\n<li>Sy\u00f6t\u00e4 haluamasi uusi salasana\n<ul class=\"wp-block-list\">\n<li>Salasanan minipituus on 14 merkki\u00e4, sis\u00e4lt\u00e4en isoja\/pieni\u00e4 kirjaimia (ei \u00e4\u00e4kk\u00f6si\u00e4) ja numeroita<\/li>\n<\/ul>\n<\/li>\n<\/ol>\n\n\n\n<h2 class=\"wp-block-heading\">Et\u00e4ty\u00f6p\u00f6yt\u00e4yhteyden kautta<\/h2>\n\n\n\n<p>Salasanan vaihtaminen onnistuu my\u00f6s <a href=\"https:\/\/help.jamk.fi\/ohjelmistotjalaitteet\/fi\/etatyopoydat\/\">et\u00e4ty\u00f6p\u00f6yt\u00e4yhteyden<\/a> kautta, mik\u00e4li k\u00e4ytett\u00e4viss\u00e4 ei ole verkkopankkitunnuksia.<\/p>\n\n\n\n<ol class=\"wp-block-list\">\n<li>K\u00e4ynnist\u00e4 et\u00e4ty\u00f6p\u00f6yt\u00e4yhteys osoitteesta <a href=\"https:\/\/remote.jamk.fi\">remote.jamk.fi<\/a><\/li>\n\n\n\n<li>Kirjaudu sis\u00e4\u00e4n Jamkin s\u00e4hk\u00f6postiosoitteella ja verkkosalasanalla<\/li>\n\n\n\n<li>Kun et\u00e4ty\u00f6p\u00f6yt\u00e4 on avautunut, k\u00e4yt\u00e4 n\u00e4pp\u00e4inyhdistelm\u00e4\u00e4 Ctrl + Alt + Del (toimii selaimessa vain koko ruudun tilassa)\n<ul class=\"wp-block-list\">\n<li>Vaihtoehtoisesti voit k\u00e4ytt\u00e4\u00e4 my\u00f6s Ctrl + Alt + End<\/li>\n<\/ul>\n<\/li>\n\n\n\n<li>Valitse aukeavasta n\u00e4kym\u00e4st\u00e4 &#8221;Change password&#8221;<\/li>\n\n\n\n<li>Kirjoita vanha salasanasi ja m\u00e4\u00e4rittele sen j\u00e4lkeen uusi<\/li>\n<\/ol>\n","protected":false},"excerpt":{"rendered":"<p>Salasanan voit vaihtaa eri tavoilla, valitse itsellesi sopivin tapa: Microsoft 365 -palvelussa Jamkin kampuksilla ty\u00f6asemassa Tunnistautumispalvelu id.jamk.fi Tunnistautumispalvelussa voit vaihtaa Jamkin k\u00e4ytt\u00e4j\u00e4tunnuksesi salasanan. Et\u00e4ty\u00f6p\u00f6yt\u00e4yhteyden kautta Salasanan vaihtaminen onnistuu my\u00f6s et\u00e4ty\u00f6p\u00f6yt\u00e4yhteyden kautta, mik\u00e4li k\u00e4ytett\u00e4viss\u00e4 ei ole verkkopankkitunnuksia.<\/p>\n","protected":false},"author":66,"featured_media":0,"parent":1344,"menu_order":0,"comment_status":"closed","ping_status":"closed","template":"","meta":{"_acf_changed":false,"_relevanssi_hide_post":"","_relevanssi_hide_content":"","_relevanssi_pin_for_all":"","_relevanssi_pin_keywords":"salasana, salasanan, salasanani, nollaus, resetointi, vaihtaminen","_relevanssi_unpin_keywords":"","_relevanssi_related_keywords":"","_relevanssi_related_include_ids":"","_relevanssi_related_exclude_ids":"","_relevanssi_related_no_append":"","_relevanssi_related_not_related":"","_relevanssi_related_posts":"","_relevanssi_noindex_reason":"","footnotes":""},"categories":[10,14],"tags":[18,22,329,331,26],"class_list":["post-1351","page","type-page","status-publish","hentry","category-henkilosto","category-opiskelijat","tag-kayttajatunnus","tag-salasana","tag-salasanan-vaihtaminen","tag-salasanan-vaihtopalvelu","tag-vetuma"],"acf":[],"yoast_head":"<!-- This site is optimized with the Yoast SEO plugin v27.4 - https:\/\/yoast.com\/product\/yoast-seo-wordpress\/ -->\n<title>Salasanan vaihtaminen - Kirjautuminen<\/title>\n<meta name=\"robots\" content=\"index, follow, max-snippet:-1, max-image-preview:large, max-video-preview:-1\" \/>\n<link rel=\"canonical\" href=\"https:\/\/help.jamk.fi\/kirjautuminen\/fi\/kayttajatunnus\/salasanan-vaihtaminen\/\" \/>\n<meta property=\"og:locale\" content=\"fi_FI\" \/>\n<meta property=\"og:type\" content=\"article\" \/>\n<meta property=\"og:title\" content=\"Salasanan vaihtaminen - Kirjautuminen\" \/>\n<meta property=\"og:description\" content=\"Salasanan voit vaihtaa eri tavoilla, valitse itsellesi sopivin tapa: Microsoft 365 -palvelussa Jamkin kampuksilla ty\u00f6asemassa Tunnistautumispalvelu id.jamk.fi Tunnistautumispalvelussa voit vaihtaa Jamkin k\u00e4ytt\u00e4j\u00e4tunnuksesi salasanan. Et\u00e4ty\u00f6p\u00f6yt\u00e4yhteyden kautta Salasanan vaihtaminen onnistuu my\u00f6s et\u00e4ty\u00f6p\u00f6yt\u00e4yhteyden kautta, mik\u00e4li k\u00e4ytett\u00e4viss\u00e4 ei ole verkkopankkitunnuksia.\" \/>\n<meta property=\"og:url\" content=\"https:\/\/help.jamk.fi\/kirjautuminen\/fi\/kayttajatunnus\/salasanan-vaihtaminen\/\" \/>\n<meta property=\"og:site_name\" content=\"Kirjautuminen\" \/>\n<meta property=\"article:modified_time\" content=\"2025-10-30T09:27:39+00:00\" \/>\n<meta name=\"twitter:card\" content=\"summary_large_image\" \/>\n<meta name=\"twitter:label1\" content=\"Arvioitu lukuaika\" \/>\n\t<meta name=\"twitter:data1\" content=\"2 minuuttia\" \/>\n<script type=\"application\/ld+json\" class=\"yoast-schema-graph\">{\"@context\":\"https:\\\/\\\/schema.org\",\"@graph\":[{\"@type\":\"WebPage\",\"@id\":\"https:\\\/\\\/help.jamk.fi\\\/kirjautuminen\\\/fi\\\/kayttajatunnus\\\/salasanan-vaihtaminen\\\/\",\"url\":\"https:\\\/\\\/help.jamk.fi\\\/kirjautuminen\\\/fi\\\/kayttajatunnus\\\/salasanan-vaihtaminen\\\/\",\"name\":\"Salasanan vaihtaminen - Kirjautuminen\",\"isPartOf\":{\"@id\":\"https:\\\/\\\/help.jamk.fi\\\/kirjautuminen\\\/#website\"},\"datePublished\":\"2014-05-07T08:56:17+00:00\",\"dateModified\":\"2025-10-30T09:27:39+00:00\",\"breadcrumb\":{\"@id\":\"https:\\\/\\\/help.jamk.fi\\\/kirjautuminen\\\/fi\\\/kayttajatunnus\\\/salasanan-vaihtaminen\\\/#breadcrumb\"},\"inLanguage\":\"fi\",\"potentialAction\":[{\"@type\":\"ReadAction\",\"target\":[\"https:\\\/\\\/help.jamk.fi\\\/kirjautuminen\\\/fi\\\/kayttajatunnus\\\/salasanan-vaihtaminen\\\/\"]}]},{\"@type\":\"BreadcrumbList\",\"@id\":\"https:\\\/\\\/help.jamk.fi\\\/kirjautuminen\\\/fi\\\/kayttajatunnus\\\/salasanan-vaihtaminen\\\/#breadcrumb\",\"itemListElement\":[{\"@type\":\"ListItem\",\"position\":1,\"name\":\"Home\",\"item\":\"https:\\\/\\\/help.jamk.fi\\\/kirjautuminen\\\/fi\\\/\"},{\"@type\":\"ListItem\",\"position\":2,\"name\":\"K\u00e4ytt\u00e4j\u00e4tunnukset ja salasanat\",\"item\":\"https:\\\/\\\/help.jamk.fi\\\/kirjautuminen\\\/fi\\\/kayttajatunnus\\\/\"},{\"@type\":\"ListItem\",\"position\":3,\"name\":\"Salasanan vaihtaminen\"}]},{\"@type\":\"WebSite\",\"@id\":\"https:\\\/\\\/help.jamk.fi\\\/kirjautuminen\\\/#website\",\"url\":\"https:\\\/\\\/help.jamk.fi\\\/kirjautuminen\\\/\",\"name\":\"Kirjautuminen\",\"description\":\"\",\"potentialAction\":[{\"@type\":\"SearchAction\",\"target\":{\"@type\":\"EntryPoint\",\"urlTemplate\":\"https:\\\/\\\/help.jamk.fi\\\/kirjautuminen\\\/?s={search_term_string}\"},\"query-input\":{\"@type\":\"PropertyValueSpecification\",\"valueRequired\":true,\"valueName\":\"search_term_string\"}}],\"inLanguage\":\"fi\"}]}<\/script>\n<!-- \/ Yoast SEO plugin. -->","yoast_head_json":{"title":"Salasanan vaihtaminen - Kirjautuminen","robots":{"index":"index","follow":"follow","max-snippet":"max-snippet:-1","max-image-preview":"max-image-preview:large","max-video-preview":"max-video-preview:-1"},"canonical":"https:\/\/help.jamk.fi\/kirjautuminen\/fi\/kayttajatunnus\/salasanan-vaihtaminen\/","og_locale":"fi_FI","og_type":"article","og_title":"Salasanan vaihtaminen - Kirjautuminen","og_description":"Salasanan voit vaihtaa eri tavoilla, valitse itsellesi sopivin tapa: Microsoft 365 -palvelussa Jamkin kampuksilla ty\u00f6asemassa Tunnistautumispalvelu id.jamk.fi Tunnistautumispalvelussa voit vaihtaa Jamkin k\u00e4ytt\u00e4j\u00e4tunnuksesi salasanan. Et\u00e4ty\u00f6p\u00f6yt\u00e4yhteyden kautta Salasanan vaihtaminen onnistuu my\u00f6s et\u00e4ty\u00f6p\u00f6yt\u00e4yhteyden kautta, mik\u00e4li k\u00e4ytett\u00e4viss\u00e4 ei ole verkkopankkitunnuksia.","og_url":"https:\/\/help.jamk.fi\/kirjautuminen\/fi\/kayttajatunnus\/salasanan-vaihtaminen\/","og_site_name":"Kirjautuminen","article_modified_time":"2025-10-30T09:27:39+00:00","twitter_card":"summary_large_image","twitter_misc":{"Arvioitu lukuaika":"2 minuuttia"},"schema":{"@context":"https:\/\/schema.org","@graph":[{"@type":"WebPage","@id":"https:\/\/help.jamk.fi\/kirjautuminen\/fi\/kayttajatunnus\/salasanan-vaihtaminen\/","url":"https:\/\/help.jamk.fi\/kirjautuminen\/fi\/kayttajatunnus\/salasanan-vaihtaminen\/","name":"Salasanan vaihtaminen - Kirjautuminen","isPartOf":{"@id":"https:\/\/help.jamk.fi\/kirjautuminen\/#website"},"datePublished":"2014-05-07T08:56:17+00:00","dateModified":"2025-10-30T09:27:39+00:00","breadcrumb":{"@id":"https:\/\/help.jamk.fi\/kirjautuminen\/fi\/kayttajatunnus\/salasanan-vaihtaminen\/#breadcrumb"},"inLanguage":"fi","potentialAction":[{"@type":"ReadAction","target":["https:\/\/help.jamk.fi\/kirjautuminen\/fi\/kayttajatunnus\/salasanan-vaihtaminen\/"]}]},{"@type":"BreadcrumbList","@id":"https:\/\/help.jamk.fi\/kirjautuminen\/fi\/kayttajatunnus\/salasanan-vaihtaminen\/#breadcrumb","itemListElement":[{"@type":"ListItem","position":1,"name":"Home","item":"https:\/\/help.jamk.fi\/kirjautuminen\/fi\/"},{"@type":"ListItem","position":2,"name":"K\u00e4ytt\u00e4j\u00e4tunnukset ja salasanat","item":"https:\/\/help.jamk.fi\/kirjautuminen\/fi\/kayttajatunnus\/"},{"@type":"ListItem","position":3,"name":"Salasanan vaihtaminen"}]},{"@type":"WebSite","@id":"https:\/\/help.jamk.fi\/kirjautuminen\/#website","url":"https:\/\/help.jamk.fi\/kirjautuminen\/","name":"Kirjautuminen","description":"","potentialAction":[{"@type":"SearchAction","target":{"@type":"EntryPoint","urlTemplate":"https:\/\/help.jamk.fi\/kirjautuminen\/?s={search_term_string}"},"query-input":{"@type":"PropertyValueSpecification","valueRequired":true,"valueName":"search_term_string"}}],"inLanguage":"fi"}]}},"_links":{"self":[{"href":"https:\/\/help.jamk.fi\/kirjautuminen\/wp-json\/wp\/v2\/pages\/1351","targetHints":{"allow":["GET"]}}],"collection":[{"href":"https:\/\/help.jamk.fi\/kirjautuminen\/wp-json\/wp\/v2\/pages"}],"about":[{"href":"https:\/\/help.jamk.fi\/kirjautuminen\/wp-json\/wp\/v2\/types\/page"}],"author":[{"embeddable":true,"href":"https:\/\/help.jamk.fi\/kirjautuminen\/wp-json\/wp\/v2\/users\/66"}],"replies":[{"embeddable":true,"href":"https:\/\/help.jamk.fi\/kirjautuminen\/wp-json\/wp\/v2\/comments?post=1351"}],"version-history":[{"count":14,"href":"https:\/\/help.jamk.fi\/kirjautuminen\/wp-json\/wp\/v2\/pages\/1351\/revisions"}],"predecessor-version":[{"id":2342,"href":"https:\/\/help.jamk.fi\/kirjautuminen\/wp-json\/wp\/v2\/pages\/1351\/revisions\/2342"}],"up":[{"embeddable":true,"href":"https:\/\/help.jamk.fi\/kirjautuminen\/wp-json\/wp\/v2\/pages\/1344"}],"wp:attachment":[{"href":"https:\/\/help.jamk.fi\/kirjautuminen\/wp-json\/wp\/v2\/media?parent=1351"}],"wp:term":[{"taxonomy":"category","embeddable":true,"href":"https:\/\/help.jamk.fi\/kirjautuminen\/wp-json\/wp\/v2\/categories?post=1351"},{"taxonomy":"post_tag","embeddable":true,"href":"https:\/\/help.jamk.fi\/kirjautuminen\/wp-json\/wp\/v2\/tags?post=1351"}],"curies":[{"name":"wp","href":"https:\/\/api.w.org\/{rel}","templated":true}]}}