{"id":1353,"date":"2023-01-03T17:47:11","date_gmt":"2023-01-03T15:47:11","guid":{"rendered":"https:\/\/help.jamk.fi\/kirjautuminen\/kayttajatunnus\/ongelmia-kirjautumisessa\/"},"modified":"2026-02-16T13:12:43","modified_gmt":"2026-02-16T11:12:43","slug":"ongelmia-kirjautumisessa","status":"publish","type":"page","link":"https:\/\/help.jamk.fi\/kirjautuminen\/fi\/kayttajatunnus\/ongelmia-kirjautumisessa\/","title":{"rendered":"Ongelmia kirjautumisessa?"},"content":{"rendered":"\n<p>T\u00e4ss\u00e4 artikkelissa on esitetty yleisimm\u00e4t ongelmat Jamkin tietoj\u00e4rjestelmiin kirjautumisessa ja vaihtoehtoja tilanteen korjaamiseksi.<\/p>\n\n\n\n<div id=\"accordion-block_77f1c2eb35493ac729e38aac600db9f5\" class=\"accordion block-accordion\">\n  <div class=\"block-accordion__element-header\">\n      <\/div>\n  <div class=\"block-accordion__accordions\">\n                  <div class=\"accordion-item\">\n          <h2 class=\"h6 accordion-title\">\n            <button id=\"accordion-header-1\" class=\"accordion-header\" aria-expanded=\"false\" aria-controls=\"accordion-panel-1\">\n              Virheellinen tunnus \/ tunnus lukittu              <div class='plus-icon' itemprop='logo'><svg aria-hidden=\"true\" viewBox=\"0 0 16 16\" fill=\"none\" xmlns=\"http:\/\/www.w3.org\/2000\/svg\"><path d=\"M8.92 7.1V.06H7.2V7.1H.12v1.72H7.2v7.12h1.72V8.82H16V7.1H8.92z\" fill=\"#0D004C\"\/><\/svg><\/div>              <div class='minus-icon' itemprop='logo'><svg aria-hidden=\"true\" viewBox=\"0 0 14 2\" fill=\"none\" xmlns=\"http:\/\/www.w3.org\/2000\/svg\"><path d=\"M14 1.88H.88V.12H14v1.76z\" fill=\"#fff\"\/><\/svg><\/div>            <\/button>\n          <\/h2>\n          <div class=\"accordion-section-wrapper\">\n            <section id=\"accordion-panel-1\" class=\"accordion-panel\" aria-labelledby=\"accordion-header-1\">\n              <p>Jamkissa l\u00e4hes kaikkiin tietoj\u00e4rjestelmiin kirjaudutaan ensisijaisesti s\u00e4hk\u00f6postiosoitteella.<\/p>\n<p>Tarkista, ett\u00e4 kirjautumistunnuksesi on oikeassa muodossa:<\/p>\n<ul class=\"wp-block-list\">\n<li><strong>Henkil\u00f6kunta:\u00a0<\/strong>etunimi.sukunimi@jamk.fi<\/li>\n<li><strong>Opiskelijat:\u00a0<\/strong>k\u00e4ytt\u00e4j\u00e4tunnus@student.jamk.fi<\/li>\n<li><strong>Ulkoiset k\u00e4ytt\u00e4j\u00e4t:<\/strong>\u00a0etunimi.sukunimi@external.jamk.fi<\/li>\n<\/ul>\n<p>Jos et tied\u00e4 kirjautumistunnustasi, voit tarkistaa sen <a href=\"https:\/\/id.jamk.fi\">id.jamk.fi<\/a> -palvelun kautta &#8221;Tarkista tunnuksesi&#8221; -valinnan kautta (<em>vahva tunnistautuminen vaaditaan<\/em>)<\/p>\n<p>Jos tunnuksesi on oikeasti lukittu virheellisesti, <a href=\"https:\/\/support.jamk.fi\">ota yhteytt\u00e4 Helpdeskiin<\/a>.<\/p>\n            <\/section>\n          <\/div>\n        <\/div>\n              <div class=\"accordion-item\">\n          <h2 class=\"h6 accordion-title\">\n            <button id=\"accordion-header-2\" class=\"accordion-header\" aria-expanded=\"false\" aria-controls=\"accordion-panel-2\">\n              V\u00e4\u00e4r\u00e4 salasana              <div class='plus-icon' itemprop='logo'><svg aria-hidden=\"true\" viewBox=\"0 0 16 16\" fill=\"none\" xmlns=\"http:\/\/www.w3.org\/2000\/svg\"><path d=\"M8.92 7.1V.06H7.2V7.1H.12v1.72H7.2v7.12h1.72V8.82H16V7.1H8.92z\" fill=\"#0D004C\"\/><\/svg><\/div>              <div class='minus-icon' itemprop='logo'><svg aria-hidden=\"true\" viewBox=\"0 0 14 2\" fill=\"none\" xmlns=\"http:\/\/www.w3.org\/2000\/svg\"><path d=\"M14 1.88H.88V.12H14v1.76z\" fill=\"#fff\"\/><\/svg><\/div>            <\/button>\n          <\/h2>\n          <div class=\"accordion-section-wrapper\">\n            <section id=\"accordion-panel-2\" class=\"accordion-panel\" aria-labelledby=\"accordion-header-2\">\n              <p>Olet ehk\u00e4 unohtanut salasanasi, tai muistat sen vain v\u00e4\u00e4rin. On my\u00f6s mahdollista, ett\u00e4 salasana on korruptoitunut<\/p>\n<p>Voit vaihtaa salasanasi <a href=\"https:\/\/id.jamk.fi\">id.jamk.fi<\/a> -palvelussa. Tarkista my\u00f6s, ett\u00e4 salasanasi t\u00e4ytt\u00e4\u00e4 <a href=\"https:\/\/help.jamk.fi\/kirjautuminen\/fi\/kayttajatunnus\/salasanan-vaihtaminen\/\">salasanan vaatimukset.<\/a><\/p>\n            <\/section>\n          <\/div>\n        <\/div>\n              <div class=\"accordion-item\">\n          <h2 class=\"h6 accordion-title\">\n            <button id=\"accordion-header-3\" class=\"accordion-header\" aria-expanded=\"false\" aria-controls=\"accordion-panel-3\">\n              Kirjautuminen tapahtuu v\u00e4\u00e4r\u00e4ll\u00e4 tilill\u00e4              <div class='plus-icon' itemprop='logo'><svg aria-hidden=\"true\" viewBox=\"0 0 16 16\" fill=\"none\" xmlns=\"http:\/\/www.w3.org\/2000\/svg\"><path d=\"M8.92 7.1V.06H7.2V7.1H.12v1.72H7.2v7.12h1.72V8.82H16V7.1H8.92z\" fill=\"#0D004C\"\/><\/svg><\/div>              <div class='minus-icon' itemprop='logo'><svg aria-hidden=\"true\" viewBox=\"0 0 14 2\" fill=\"none\" xmlns=\"http:\/\/www.w3.org\/2000\/svg\"><path d=\"M14 1.88H.88V.12H14v1.76z\" fill=\"#fff\"\/><\/svg><\/div>            <\/button>\n          <\/h2>\n          <div class=\"accordion-section-wrapper\">\n            <section id=\"accordion-panel-3\" class=\"accordion-panel\" aria-labelledby=\"accordion-header-3\">\n              <p>Jamkissa k\u00e4ytet\u00e4\u00e4n Microsoftin globaalia kirjautumispalvelua ja samaa menetelm\u00e4\u00e4 k\u00e4ytet\u00e4\u00e4n muissakin organisaatioissa. Samaan aikaan ei ole mahdollista kirjautua kahdella eri tunnuksella k\u00e4ytt\u00e4en samaa kirjautumispalvelua, joten aiemmin tekem\u00e4si kirjautuminen saattaa aiheuttaa ristiriidan tai virheilmoituksen.<\/p>\n<p>Kirjaudu ulos aiemmasta palvelusta ja tyhjenn\u00e4 selaimen v\u00e4limuisti. Vaihtoehtoisesti voit yritt\u00e4\u00e4 k\u00e4ytt\u00e4\u00e4 selaimen yksityist\u00e4 tilaa palveluun kirjautumisessa.<\/p>\n<p><a href=\"https:\/\/help.jamk.fi\/kirjautuminen\/fi\/selaimen-valimuistin-ongelmat\/\">Ohjeita yksityisen tilan k\u00e4ytt\u00f6\u00f6n ja selaimen v\u00e4limuistin tyhjent\u00e4miseen l\u00f6yd\u00e4t t\u00e4\u00e4lt\u00e4<\/a><\/p>\n            <\/section>\n          <\/div>\n        <\/div>\n              <div class=\"accordion-item\">\n          <h2 class=\"h6 accordion-title\">\n            <button id=\"accordion-header-4\" class=\"accordion-header\" aria-expanded=\"false\" aria-controls=\"accordion-panel-4\">\n              Tietoj\u00e4rjestelm\u00e4 ei vastaa              <div class='plus-icon' itemprop='logo'><svg aria-hidden=\"true\" viewBox=\"0 0 16 16\" fill=\"none\" xmlns=\"http:\/\/www.w3.org\/2000\/svg\"><path d=\"M8.92 7.1V.06H7.2V7.1H.12v1.72H7.2v7.12h1.72V8.82H16V7.1H8.92z\" fill=\"#0D004C\"\/><\/svg><\/div>              <div class='minus-icon' itemprop='logo'><svg aria-hidden=\"true\" viewBox=\"0 0 14 2\" fill=\"none\" xmlns=\"http:\/\/www.w3.org\/2000\/svg\"><path d=\"M14 1.88H.88V.12H14v1.76z\" fill=\"#fff\"\/><\/svg><\/div>            <\/button>\n          <\/h2>\n          <div class=\"accordion-section-wrapper\">\n            <section id=\"accordion-panel-4\" class=\"accordion-panel\" aria-labelledby=\"accordion-header-4\">\n              <p>Osa Jamkin tietoj\u00e4rjestelmist\u00e4 on k\u00e4ytett\u00e4viss\u00e4 vain kampuksen ty\u00f6asemilta sis\u00e4verkossa.<\/p>\n<p><a href=\"https:\/\/help.jamk.fi\/ohjelmistotjalaitteet\/fi\/etatyopoydat\/\">K\u00e4yt\u00e4 palvelua et\u00e4yhteyden kautta<\/a>, tai sis\u00e4verkossa olevalta ty\u00f6asemalta. On my\u00f6s mahdollista ett\u00e4 j\u00e4rjestelm\u00e4ss\u00e4 on vika, joka korjaantuu vain odottamalla, ett\u00e4 asiantuntijat saavat sen korjattua. Seuraa Helpdeskin uutisia <a href=\"https:\/\/help.jamk.fi\">Help-sivuston etusivulta<\/a><\/p>\n            <\/section>\n          <\/div>\n        <\/div>\n              <div class=\"accordion-item\">\n          <h2 class=\"h6 accordion-title\">\n            <button id=\"accordion-header-5\" class=\"accordion-header\" aria-expanded=\"false\" aria-controls=\"accordion-panel-5\">\n              Ep\u00e4m\u00e4\u00e4r\u00e4inen virheilmoitus              <div class='plus-icon' itemprop='logo'><svg aria-hidden=\"true\" viewBox=\"0 0 16 16\" fill=\"none\" xmlns=\"http:\/\/www.w3.org\/2000\/svg\"><path d=\"M8.92 7.1V.06H7.2V7.1H.12v1.72H7.2v7.12h1.72V8.82H16V7.1H8.92z\" fill=\"#0D004C\"\/><\/svg><\/div>              <div class='minus-icon' itemprop='logo'><svg aria-hidden=\"true\" viewBox=\"0 0 14 2\" fill=\"none\" xmlns=\"http:\/\/www.w3.org\/2000\/svg\"><path d=\"M14 1.88H.88V.12H14v1.76z\" fill=\"#fff\"\/><\/svg><\/div>            <\/button>\n          <\/h2>\n          <div class=\"accordion-section-wrapper\">\n            <section id=\"accordion-panel-5\" class=\"accordion-panel\" aria-labelledby=\"accordion-header-5\">\n              <p>Jamkissa k\u00e4ytet\u00e4\u00e4n Microsoftin globaalia kirjautumispalvelua ja samaa menetelm\u00e4\u00e4 k\u00e4ytet\u00e4\u00e4n muissakin organisaatioissa. Samaan aikaan ei ole mahdollista kirjautua kahdella eri tunnuksella k\u00e4ytt\u00e4en samaa kirjautumispalvelua, joten aiemmin tekem\u00e4si kirjautuminen saattaa aiheuttaa ristiriidan tai virheilmoituksen.<\/p>\n<p>Jos saat ep\u00e4m\u00e4\u00e4r\u00e4isen virheilmoituksen, eik\u00e4 tiedossa ole sivulla huoltokatkoa tai muuta ongelmaan, voi olla aiheellista tyhjenn\u00e4 selaimen v\u00e4limuisti. Vaihtoehtoisesti voit yritt\u00e4\u00e4 k\u00e4ytt\u00e4\u00e4 selaimen yksityist\u00e4 tilaa palveluun kirjautumisessa.<\/p>\n<p><a href=\"https:\/\/help.jamk.fi\/kirjautuminen\/fi\/selaimen-valimuistin-ongelmat\/\">Ohjeita yksityisen tilan k\u00e4ytt\u00f6\u00f6n ja selaimen v\u00e4limuistin tyhjent\u00e4miseen l\u00f6yd\u00e4t t\u00e4\u00e4lt\u00e4<\/a><\/p>\n            <\/section>\n          <\/div>\n        <\/div>\n              <div class=\"accordion-item\">\n          <h2 class=\"h6 accordion-title\">\n            <button id=\"accordion-header-6\" class=\"accordion-header\" aria-expanded=\"false\" aria-controls=\"accordion-panel-6\">\n              Authenticator ei toimi               <div class='plus-icon' itemprop='logo'><svg aria-hidden=\"true\" viewBox=\"0 0 16 16\" fill=\"none\" xmlns=\"http:\/\/www.w3.org\/2000\/svg\"><path d=\"M8.92 7.1V.06H7.2V7.1H.12v1.72H7.2v7.12h1.72V8.82H16V7.1H8.92z\" fill=\"#0D004C\"\/><\/svg><\/div>              <div class='minus-icon' itemprop='logo'><svg aria-hidden=\"true\" viewBox=\"0 0 14 2\" fill=\"none\" xmlns=\"http:\/\/www.w3.org\/2000\/svg\"><path d=\"M14 1.88H.88V.12H14v1.76z\" fill=\"#fff\"\/><\/svg><\/div>            <\/button>\n          <\/h2>\n          <div class=\"accordion-section-wrapper\">\n            <section id=\"accordion-panel-6\" class=\"accordion-panel\" aria-labelledby=\"accordion-header-6\">\n              <p>Jamkissa l\u00e4hes kaikissa j\u00e4rjestelmiss\u00e4 edellytet\u00e4\u00e4n kaksivaiheista tunnistautumista (MFA). Jos se ei toimi tunnuksellasi tai mobiililaitteessasi, ei kirjautuminen voi onnistua.<\/p>\n<p>Tarkista ensin muut mahdolliset virhetilanteen edellisten kohtien mukaisesti. <a href=\"https:\/\/help.jamk.fi\/kirjautuminen\/fi\/mfa-reset-fin\/\">Nollaa tarvittaessa vahvan tunnistuksen asetukset.<\/a><\/p>\n            <\/section>\n          <\/div>\n        <\/div>\n            <\/div>\n<\/div>\n\n\n<h2 class=\"wp-block-heading\"><\/h2>\n","protected":false},"excerpt":{"rendered":"<p>T\u00e4ss\u00e4 artikkelissa on esitetty yleisimm\u00e4t ongelmat Jamkin tietoj\u00e4rjestelmiin kirjautumisessa ja vaihtoehtoja tilanteen korjaamiseksi.<\/p>\n","protected":false},"author":66,"featured_media":0,"parent":1344,"menu_order":3,"comment_status":"closed","ping_status":"closed","template":"","meta":{"_acf_changed":false,"_relevanssi_hide_post":"","_relevanssi_hide_content":"","_relevanssi_pin_for_all":"","_relevanssi_pin_keywords":"","_relevanssi_unpin_keywords":"","_relevanssi_related_keywords":"","_relevanssi_related_include_ids":"","_relevanssi_related_exclude_ids":"","_relevanssi_related_no_append":"","_relevanssi_related_not_related":"","_relevanssi_related_posts":"","_relevanssi_noindex_reason":"","footnotes":""},"categories":[10,14],"tags":[339,44,333,22,327,335,46,337],"class_list":["post-1353","page","type-page","status-publish","hentry","category-henkilosto","category-opiskelijat","tag-ei-toimi","tag-kirjautuminen","tag-lukittu","tag-salasana","tag-tunnus","tag-vaara","tag-vahva-tunnistautuminen","tag-virheellinen"],"acf":[],"yoast_head":"<!-- This site is optimized with the Yoast SEO plugin v27.4 - https:\/\/yoast.com\/product\/yoast-seo-wordpress\/ -->\n<title>Ongelmia kirjautumisessa? - Kirjautuminen<\/title>\n<meta name=\"robots\" content=\"index, follow, max-snippet:-1, max-image-preview:large, max-video-preview:-1\" \/>\n<link rel=\"canonical\" href=\"https:\/\/help.jamk.fi\/kirjautuminen\/fi\/kayttajatunnus\/ongelmia-kirjautumisessa\/\" \/>\n<meta property=\"og:locale\" content=\"fi_FI\" \/>\n<meta property=\"og:type\" content=\"article\" \/>\n<meta property=\"og:title\" content=\"Ongelmia kirjautumisessa? - Kirjautuminen\" \/>\n<meta property=\"og:description\" content=\"T\u00e4ss\u00e4 artikkelissa on esitetty yleisimm\u00e4t ongelmat Jamkin tietoj\u00e4rjestelmiin kirjautumisessa ja vaihtoehtoja tilanteen korjaamiseksi.\" \/>\n<meta property=\"og:url\" content=\"https:\/\/help.jamk.fi\/kirjautuminen\/fi\/kayttajatunnus\/ongelmia-kirjautumisessa\/\" \/>\n<meta property=\"og:site_name\" content=\"Kirjautuminen\" \/>\n<meta property=\"article:modified_time\" content=\"2026-02-16T11:12:43+00:00\" \/>\n<meta name=\"twitter:card\" content=\"summary_large_image\" \/>\n<meta name=\"twitter:label1\" content=\"Arvioitu lukuaika\" \/>\n\t<meta name=\"twitter:data1\" content=\"1 minuutti\" \/>\n<script type=\"application\/ld+json\" class=\"yoast-schema-graph\">{\"@context\":\"https:\\\/\\\/schema.org\",\"@graph\":[{\"@type\":\"WebPage\",\"@id\":\"https:\\\/\\\/help.jamk.fi\\\/kirjautuminen\\\/fi\\\/kayttajatunnus\\\/ongelmia-kirjautumisessa\\\/\",\"url\":\"https:\\\/\\\/help.jamk.fi\\\/kirjautuminen\\\/fi\\\/kayttajatunnus\\\/ongelmia-kirjautumisessa\\\/\",\"name\":\"Ongelmia kirjautumisessa? - Kirjautuminen\",\"isPartOf\":{\"@id\":\"https:\\\/\\\/help.jamk.fi\\\/kirjautuminen\\\/#website\"},\"datePublished\":\"2023-01-03T15:47:11+00:00\",\"dateModified\":\"2026-02-16T11:12:43+00:00\",\"breadcrumb\":{\"@id\":\"https:\\\/\\\/help.jamk.fi\\\/kirjautuminen\\\/fi\\\/kayttajatunnus\\\/ongelmia-kirjautumisessa\\\/#breadcrumb\"},\"inLanguage\":\"fi\",\"potentialAction\":[{\"@type\":\"ReadAction\",\"target\":[\"https:\\\/\\\/help.jamk.fi\\\/kirjautuminen\\\/fi\\\/kayttajatunnus\\\/ongelmia-kirjautumisessa\\\/\"]}]},{\"@type\":\"BreadcrumbList\",\"@id\":\"https:\\\/\\\/help.jamk.fi\\\/kirjautuminen\\\/fi\\\/kayttajatunnus\\\/ongelmia-kirjautumisessa\\\/#breadcrumb\",\"itemListElement\":[{\"@type\":\"ListItem\",\"position\":1,\"name\":\"Home\",\"item\":\"https:\\\/\\\/help.jamk.fi\\\/kirjautuminen\\\/fi\\\/\"},{\"@type\":\"ListItem\",\"position\":2,\"name\":\"K\u00e4ytt\u00e4j\u00e4tunnukset ja salasanat\",\"item\":\"https:\\\/\\\/help.jamk.fi\\\/kirjautuminen\\\/fi\\\/kayttajatunnus\\\/\"},{\"@type\":\"ListItem\",\"position\":3,\"name\":\"Ongelmia kirjautumisessa?\"}]},{\"@type\":\"WebSite\",\"@id\":\"https:\\\/\\\/help.jamk.fi\\\/kirjautuminen\\\/#website\",\"url\":\"https:\\\/\\\/help.jamk.fi\\\/kirjautuminen\\\/\",\"name\":\"Kirjautuminen\",\"description\":\"\",\"potentialAction\":[{\"@type\":\"SearchAction\",\"target\":{\"@type\":\"EntryPoint\",\"urlTemplate\":\"https:\\\/\\\/help.jamk.fi\\\/kirjautuminen\\\/?s={search_term_string}\"},\"query-input\":{\"@type\":\"PropertyValueSpecification\",\"valueRequired\":true,\"valueName\":\"search_term_string\"}}],\"inLanguage\":\"fi\"}]}<\/script>\n<!-- \/ Yoast SEO plugin. -->","yoast_head_json":{"title":"Ongelmia kirjautumisessa? - Kirjautuminen","robots":{"index":"index","follow":"follow","max-snippet":"max-snippet:-1","max-image-preview":"max-image-preview:large","max-video-preview":"max-video-preview:-1"},"canonical":"https:\/\/help.jamk.fi\/kirjautuminen\/fi\/kayttajatunnus\/ongelmia-kirjautumisessa\/","og_locale":"fi_FI","og_type":"article","og_title":"Ongelmia kirjautumisessa? - Kirjautuminen","og_description":"T\u00e4ss\u00e4 artikkelissa on esitetty yleisimm\u00e4t ongelmat Jamkin tietoj\u00e4rjestelmiin kirjautumisessa ja vaihtoehtoja tilanteen korjaamiseksi.","og_url":"https:\/\/help.jamk.fi\/kirjautuminen\/fi\/kayttajatunnus\/ongelmia-kirjautumisessa\/","og_site_name":"Kirjautuminen","article_modified_time":"2026-02-16T11:12:43+00:00","twitter_card":"summary_large_image","twitter_misc":{"Arvioitu lukuaika":"1 minuutti"},"schema":{"@context":"https:\/\/schema.org","@graph":[{"@type":"WebPage","@id":"https:\/\/help.jamk.fi\/kirjautuminen\/fi\/kayttajatunnus\/ongelmia-kirjautumisessa\/","url":"https:\/\/help.jamk.fi\/kirjautuminen\/fi\/kayttajatunnus\/ongelmia-kirjautumisessa\/","name":"Ongelmia kirjautumisessa? - Kirjautuminen","isPartOf":{"@id":"https:\/\/help.jamk.fi\/kirjautuminen\/#website"},"datePublished":"2023-01-03T15:47:11+00:00","dateModified":"2026-02-16T11:12:43+00:00","breadcrumb":{"@id":"https:\/\/help.jamk.fi\/kirjautuminen\/fi\/kayttajatunnus\/ongelmia-kirjautumisessa\/#breadcrumb"},"inLanguage":"fi","potentialAction":[{"@type":"ReadAction","target":["https:\/\/help.jamk.fi\/kirjautuminen\/fi\/kayttajatunnus\/ongelmia-kirjautumisessa\/"]}]},{"@type":"BreadcrumbList","@id":"https:\/\/help.jamk.fi\/kirjautuminen\/fi\/kayttajatunnus\/ongelmia-kirjautumisessa\/#breadcrumb","itemListElement":[{"@type":"ListItem","position":1,"name":"Home","item":"https:\/\/help.jamk.fi\/kirjautuminen\/fi\/"},{"@type":"ListItem","position":2,"name":"K\u00e4ytt\u00e4j\u00e4tunnukset ja salasanat","item":"https:\/\/help.jamk.fi\/kirjautuminen\/fi\/kayttajatunnus\/"},{"@type":"ListItem","position":3,"name":"Ongelmia kirjautumisessa?"}]},{"@type":"WebSite","@id":"https:\/\/help.jamk.fi\/kirjautuminen\/#website","url":"https:\/\/help.jamk.fi\/kirjautuminen\/","name":"Kirjautuminen","description":"","potentialAction":[{"@type":"SearchAction","target":{"@type":"EntryPoint","urlTemplate":"https:\/\/help.jamk.fi\/kirjautuminen\/?s={search_term_string}"},"query-input":{"@type":"PropertyValueSpecification","valueRequired":true,"valueName":"search_term_string"}}],"inLanguage":"fi"}]}},"_links":{"self":[{"href":"https:\/\/help.jamk.fi\/kirjautuminen\/wp-json\/wp\/v2\/pages\/1353","targetHints":{"allow":["GET"]}}],"collection":[{"href":"https:\/\/help.jamk.fi\/kirjautuminen\/wp-json\/wp\/v2\/pages"}],"about":[{"href":"https:\/\/help.jamk.fi\/kirjautuminen\/wp-json\/wp\/v2\/types\/page"}],"author":[{"embeddable":true,"href":"https:\/\/help.jamk.fi\/kirjautuminen\/wp-json\/wp\/v2\/users\/66"}],"replies":[{"embeddable":true,"href":"https:\/\/help.jamk.fi\/kirjautuminen\/wp-json\/wp\/v2\/comments?post=1353"}],"version-history":[{"count":15,"href":"https:\/\/help.jamk.fi\/kirjautuminen\/wp-json\/wp\/v2\/pages\/1353\/revisions"}],"predecessor-version":[{"id":2403,"href":"https:\/\/help.jamk.fi\/kirjautuminen\/wp-json\/wp\/v2\/pages\/1353\/revisions\/2403"}],"up":[{"embeddable":true,"href":"https:\/\/help.jamk.fi\/kirjautuminen\/wp-json\/wp\/v2\/pages\/1344"}],"wp:attachment":[{"href":"https:\/\/help.jamk.fi\/kirjautuminen\/wp-json\/wp\/v2\/media?parent=1353"}],"wp:term":[{"taxonomy":"category","embeddable":true,"href":"https:\/\/help.jamk.fi\/kirjautuminen\/wp-json\/wp\/v2\/categories?post=1353"},{"taxonomy":"post_tag","embeddable":true,"href":"https:\/\/help.jamk.fi\/kirjautuminen\/wp-json\/wp\/v2\/tags?post=1353"}],"curies":[{"name":"wp","href":"https:\/\/api.w.org\/{rel}","templated":true}]}}