{"id":1505,"date":"2011-01-19T10:37:52","date_gmt":"2011-01-19T08:37:52","guid":{"rendered":"https:\/\/help.jamk.fi\/kirjautuminen\/etakayttopalvelut\/"},"modified":"2024-10-08T11:53:53","modified_gmt":"2024-10-08T08:53:53","slug":"etakayttopalvelut","status":"publish","type":"page","link":"https:\/\/help.jamk.fi\/kirjautuminen\/fi\/etakayttopalvelut\/","title":{"rendered":"Et\u00e4k\u00e4ytt\u00f6palvelut ja et\u00e4ty\u00f6yhteys"},"content":{"rendered":"\n<p>Suurin osa Jamkin tietoj\u00e4rjestelm\u00e4palveluista toimii internet-selaimella milloin ja mist\u00e4 tahansa. Mm. M365, Elmo-intra toimivat suoraan selaimella ja yhteys on aina my\u00f6s salattu.<\/p>\n\n\n\n<p>Osa palveluista on tietoturvasyist\u00e4 eristetty julkisesta internetist\u00e4 ja t\u00e4llaisia palveluita tulee siksi k\u00e4ytt\u00e4\u00e4 erillisen et\u00e4ty\u00f6yhteyden kautta Jamkin tilojen ulkopuolelta ty\u00f6skennelt\u00e4ess\u00e4. <a href=\"https:\/\/intra.jamk.fi\">Elmo-intran<\/a> Tietoj\u00e4rjestelm\u00e4t-sivulla on listattu yleisimm\u00e4t palvelut ja niiden yhteydess\u00e4 on erillisell\u00e4 kuvakkeella ilmaistu edellytt\u00e4\u00e4k\u00f6 palvelun k\u00e4ytt\u00f6 et\u00e4ty\u00f6yhteytt\u00e4 ty\u00f6skennelt\u00e4ess\u00e4 Jamkin tilojen ulkopuolelta.<\/p>\n\n\n\n<p>Et\u00e4ty\u00f6yhteys muodostetaan selaimella menem\u00e4ll\u00e4 osoitteeseen <a href=\"https:\/\/remote.jamk.fi\">remote.jamk.fi<\/a> tai Windows app -ohjelmalla. Kirjautuminen palveluun tapahtuu omalla s\u00e4hk\u00f6postiosoitteella ja k\u00e4ynnist\u00e4m\u00e4ll\u00e4 haluttu et\u00e4ty\u00f6p\u00f6yt\u00e4. Tarkemmat ohjeet Remote-yhteydest\u00e4 l\u00f6yd\u00e4t <a href=\"https:\/\/help.jamk.fi\/ohjelmistotjalaitteet\/fi\/etatyopoydat\/\">Et\u00e4ty\u00f6p\u00f6yd\u00e4t <\/a> -sivulta.<\/p>\n\n\n\n<p>Tutustu my\u00f6s muihin ohjeisiin: <\/p>\n\n\n\n<ul class=\"wp-block-list\">\n<li><a href=\"https:\/\/m365.jamk.fi\">Microsoft 365<\/a><br>Jamkin Microsoft 365-palvelun -selainliittym\u00e4<\/li>\n\n\n\n<li><a href=\"https:\/\/www.jamk.fi\/fi\/palvelut\/kirjasto\/ohjaus-ja-oppaat\">Jamkin kirjaston s\u00e4hk\u00f6isen aineiston et\u00e4k\u00e4ytt\u00f6ohje<\/a><\/li>\n\n\n\n<li><a href=\"https:\/\/help.jamk.fi\/ohjelmistotjalaitteet\/fi\/langattomat-wlan-verkot\/eduroam\/\">Eduroam-verkkovierailupalvelu<\/a><\/li>\n<\/ul>\n","protected":false},"excerpt":{"rendered":"<p>Suurin osa Jamkin tietoj\u00e4rjestelm\u00e4palveluista toimii internet-selaimella milloin ja mist\u00e4 tahansa. Mm. M365, Elmo-intra toimivat suoraan selaimella ja yhteys on aina my\u00f6s salattu. Osa palveluista on tietoturvasyist\u00e4 eristetty julkisesta internetist\u00e4 ja t\u00e4llaisia palveluita tulee siksi k\u00e4ytt\u00e4\u00e4 erillisen et\u00e4ty\u00f6yhteyden kautta Jamkin tilojen ulkopuolelta ty\u00f6skennelt\u00e4ess\u00e4. Elmo-intran Tietoj\u00e4rjestelm\u00e4t-sivulla on listattu yleisimm\u00e4t palvelut ja niiden yhteydess\u00e4 on erillisell\u00e4 kuvakkeella ilmaistu [&hellip;]<\/p>\n","protected":false},"author":66,"featured_media":0,"parent":0,"menu_order":4,"comment_status":"closed","ping_status":"closed","template":"","meta":{"_acf_changed":false,"_relevanssi_hide_post":"","_relevanssi_hide_content":"","_relevanssi_pin_for_all":"","_relevanssi_pin_keywords":"","_relevanssi_unpin_keywords":"","_relevanssi_related_keywords":"","_relevanssi_related_include_ids":"","_relevanssi_related_exclude_ids":"","_relevanssi_related_no_append":"","_relevanssi_related_not_related":"","_relevanssi_related_posts":"","_relevanssi_noindex_reason":"","footnotes":""},"categories":[10,14],"tags":[300,302,44,304],"class_list":["post-1505","page","type-page","status-publish","hentry","category-henkilosto","category-opiskelijat","tag-citrix","tag-etatyo","tag-kirjautuminen","tag-remote"],"acf":[],"yoast_head":"<!-- This site is optimized with the Yoast SEO plugin v27.3 - https:\/\/yoast.com\/product\/yoast-seo-wordpress\/ -->\n<title>Et\u00e4k\u00e4ytt\u00f6palvelut ja et\u00e4ty\u00f6yhteys - Kirjautuminen<\/title>\n<meta name=\"robots\" content=\"index, follow, max-snippet:-1, max-image-preview:large, max-video-preview:-1\" \/>\n<link rel=\"canonical\" href=\"https:\/\/help.jamk.fi\/kirjautuminen\/fi\/etakayttopalvelut\/\" \/>\n<meta property=\"og:locale\" content=\"fi_FI\" \/>\n<meta property=\"og:type\" content=\"article\" \/>\n<meta property=\"og:title\" content=\"Et\u00e4k\u00e4ytt\u00f6palvelut ja et\u00e4ty\u00f6yhteys - Kirjautuminen\" \/>\n<meta property=\"og:description\" content=\"Suurin osa Jamkin tietoj\u00e4rjestelm\u00e4palveluista toimii internet-selaimella milloin ja mist\u00e4 tahansa. Mm. M365, Elmo-intra toimivat suoraan selaimella ja yhteys on aina my\u00f6s salattu. Osa palveluista on tietoturvasyist\u00e4 eristetty julkisesta internetist\u00e4 ja t\u00e4llaisia palveluita tulee siksi k\u00e4ytt\u00e4\u00e4 erillisen et\u00e4ty\u00f6yhteyden kautta Jamkin tilojen ulkopuolelta ty\u00f6skennelt\u00e4ess\u00e4. Elmo-intran Tietoj\u00e4rjestelm\u00e4t-sivulla on listattu yleisimm\u00e4t palvelut ja niiden yhteydess\u00e4 on erillisell\u00e4 kuvakkeella ilmaistu [&hellip;]\" \/>\n<meta property=\"og:url\" content=\"https:\/\/help.jamk.fi\/kirjautuminen\/fi\/etakayttopalvelut\/\" \/>\n<meta property=\"og:site_name\" content=\"Kirjautuminen\" \/>\n<meta property=\"article:modified_time\" content=\"2024-10-08T08:53:53+00:00\" \/>\n<meta name=\"twitter:card\" content=\"summary_large_image\" \/>\n<meta name=\"twitter:label1\" content=\"Arvioitu lukuaika\" \/>\n\t<meta name=\"twitter:data1\" content=\"1 minuutti\" \/>\n<script type=\"application\/ld+json\" class=\"yoast-schema-graph\">{\"@context\":\"https:\\\/\\\/schema.org\",\"@graph\":[{\"@type\":\"WebPage\",\"@id\":\"https:\\\/\\\/help.jamk.fi\\\/kirjautuminen\\\/fi\\\/etakayttopalvelut\\\/\",\"url\":\"https:\\\/\\\/help.jamk.fi\\\/kirjautuminen\\\/fi\\\/etakayttopalvelut\\\/\",\"name\":\"Et\u00e4k\u00e4ytt\u00f6palvelut ja et\u00e4ty\u00f6yhteys - Kirjautuminen\",\"isPartOf\":{\"@id\":\"https:\\\/\\\/help.jamk.fi\\\/kirjautuminen\\\/#website\"},\"datePublished\":\"2011-01-19T08:37:52+00:00\",\"dateModified\":\"2024-10-08T08:53:53+00:00\",\"breadcrumb\":{\"@id\":\"https:\\\/\\\/help.jamk.fi\\\/kirjautuminen\\\/fi\\\/etakayttopalvelut\\\/#breadcrumb\"},\"inLanguage\":\"fi\",\"potentialAction\":[{\"@type\":\"ReadAction\",\"target\":[\"https:\\\/\\\/help.jamk.fi\\\/kirjautuminen\\\/fi\\\/etakayttopalvelut\\\/\"]}]},{\"@type\":\"BreadcrumbList\",\"@id\":\"https:\\\/\\\/help.jamk.fi\\\/kirjautuminen\\\/fi\\\/etakayttopalvelut\\\/#breadcrumb\",\"itemListElement\":[{\"@type\":\"ListItem\",\"position\":1,\"name\":\"Home\",\"item\":\"https:\\\/\\\/help.jamk.fi\\\/kirjautuminen\\\/fi\\\/\"},{\"@type\":\"ListItem\",\"position\":2,\"name\":\"Et\u00e4k\u00e4ytt\u00f6palvelut ja et\u00e4ty\u00f6yhteys\"}]},{\"@type\":\"WebSite\",\"@id\":\"https:\\\/\\\/help.jamk.fi\\\/kirjautuminen\\\/#website\",\"url\":\"https:\\\/\\\/help.jamk.fi\\\/kirjautuminen\\\/\",\"name\":\"Kirjautuminen\",\"description\":\"\",\"potentialAction\":[{\"@type\":\"SearchAction\",\"target\":{\"@type\":\"EntryPoint\",\"urlTemplate\":\"https:\\\/\\\/help.jamk.fi\\\/kirjautuminen\\\/?s={search_term_string}\"},\"query-input\":{\"@type\":\"PropertyValueSpecification\",\"valueRequired\":true,\"valueName\":\"search_term_string\"}}],\"inLanguage\":\"fi\"}]}<\/script>\n<!-- \/ Yoast SEO plugin. -->","yoast_head_json":{"title":"Et\u00e4k\u00e4ytt\u00f6palvelut ja et\u00e4ty\u00f6yhteys - Kirjautuminen","robots":{"index":"index","follow":"follow","max-snippet":"max-snippet:-1","max-image-preview":"max-image-preview:large","max-video-preview":"max-video-preview:-1"},"canonical":"https:\/\/help.jamk.fi\/kirjautuminen\/fi\/etakayttopalvelut\/","og_locale":"fi_FI","og_type":"article","og_title":"Et\u00e4k\u00e4ytt\u00f6palvelut ja et\u00e4ty\u00f6yhteys - Kirjautuminen","og_description":"Suurin osa Jamkin tietoj\u00e4rjestelm\u00e4palveluista toimii internet-selaimella milloin ja mist\u00e4 tahansa. Mm. M365, Elmo-intra toimivat suoraan selaimella ja yhteys on aina my\u00f6s salattu. Osa palveluista on tietoturvasyist\u00e4 eristetty julkisesta internetist\u00e4 ja t\u00e4llaisia palveluita tulee siksi k\u00e4ytt\u00e4\u00e4 erillisen et\u00e4ty\u00f6yhteyden kautta Jamkin tilojen ulkopuolelta ty\u00f6skennelt\u00e4ess\u00e4. Elmo-intran Tietoj\u00e4rjestelm\u00e4t-sivulla on listattu yleisimm\u00e4t palvelut ja niiden yhteydess\u00e4 on erillisell\u00e4 kuvakkeella ilmaistu [&hellip;]","og_url":"https:\/\/help.jamk.fi\/kirjautuminen\/fi\/etakayttopalvelut\/","og_site_name":"Kirjautuminen","article_modified_time":"2024-10-08T08:53:53+00:00","twitter_card":"summary_large_image","twitter_misc":{"Arvioitu lukuaika":"1 minuutti"},"schema":{"@context":"https:\/\/schema.org","@graph":[{"@type":"WebPage","@id":"https:\/\/help.jamk.fi\/kirjautuminen\/fi\/etakayttopalvelut\/","url":"https:\/\/help.jamk.fi\/kirjautuminen\/fi\/etakayttopalvelut\/","name":"Et\u00e4k\u00e4ytt\u00f6palvelut ja et\u00e4ty\u00f6yhteys - Kirjautuminen","isPartOf":{"@id":"https:\/\/help.jamk.fi\/kirjautuminen\/#website"},"datePublished":"2011-01-19T08:37:52+00:00","dateModified":"2024-10-08T08:53:53+00:00","breadcrumb":{"@id":"https:\/\/help.jamk.fi\/kirjautuminen\/fi\/etakayttopalvelut\/#breadcrumb"},"inLanguage":"fi","potentialAction":[{"@type":"ReadAction","target":["https:\/\/help.jamk.fi\/kirjautuminen\/fi\/etakayttopalvelut\/"]}]},{"@type":"BreadcrumbList","@id":"https:\/\/help.jamk.fi\/kirjautuminen\/fi\/etakayttopalvelut\/#breadcrumb","itemListElement":[{"@type":"ListItem","position":1,"name":"Home","item":"https:\/\/help.jamk.fi\/kirjautuminen\/fi\/"},{"@type":"ListItem","position":2,"name":"Et\u00e4k\u00e4ytt\u00f6palvelut ja et\u00e4ty\u00f6yhteys"}]},{"@type":"WebSite","@id":"https:\/\/help.jamk.fi\/kirjautuminen\/#website","url":"https:\/\/help.jamk.fi\/kirjautuminen\/","name":"Kirjautuminen","description":"","potentialAction":[{"@type":"SearchAction","target":{"@type":"EntryPoint","urlTemplate":"https:\/\/help.jamk.fi\/kirjautuminen\/?s={search_term_string}"},"query-input":{"@type":"PropertyValueSpecification","valueRequired":true,"valueName":"search_term_string"}}],"inLanguage":"fi"}]}},"_links":{"self":[{"href":"https:\/\/help.jamk.fi\/kirjautuminen\/wp-json\/wp\/v2\/pages\/1505","targetHints":{"allow":["GET"]}}],"collection":[{"href":"https:\/\/help.jamk.fi\/kirjautuminen\/wp-json\/wp\/v2\/pages"}],"about":[{"href":"https:\/\/help.jamk.fi\/kirjautuminen\/wp-json\/wp\/v2\/types\/page"}],"author":[{"embeddable":true,"href":"https:\/\/help.jamk.fi\/kirjautuminen\/wp-json\/wp\/v2\/users\/66"}],"replies":[{"embeddable":true,"href":"https:\/\/help.jamk.fi\/kirjautuminen\/wp-json\/wp\/v2\/comments?post=1505"}],"version-history":[{"count":13,"href":"https:\/\/help.jamk.fi\/kirjautuminen\/wp-json\/wp\/v2\/pages\/1505\/revisions"}],"predecessor-version":[{"id":2128,"href":"https:\/\/help.jamk.fi\/kirjautuminen\/wp-json\/wp\/v2\/pages\/1505\/revisions\/2128"}],"wp:attachment":[{"href":"https:\/\/help.jamk.fi\/kirjautuminen\/wp-json\/wp\/v2\/media?parent=1505"}],"wp:term":[{"taxonomy":"category","embeddable":true,"href":"https:\/\/help.jamk.fi\/kirjautuminen\/wp-json\/wp\/v2\/categories?post=1505"},{"taxonomy":"post_tag","embeddable":true,"href":"https:\/\/help.jamk.fi\/kirjautuminen\/wp-json\/wp\/v2\/tags?post=1505"}],"curies":[{"name":"wp","href":"https:\/\/api.w.org\/{rel}","templated":true}]}}