{"id":2224,"date":"2025-10-07T10:42:26","date_gmt":"2025-10-07T07:42:26","guid":{"rendered":"https:\/\/help.jamk.fi\/kirjautuminen\/?page_id=2224"},"modified":"2025-10-22T12:23:50","modified_gmt":"2025-10-22T09:23:50","slug":"tunnistautumispalvelu","status":"publish","type":"page","link":"https:\/\/help.jamk.fi\/kirjautuminen\/fi\/kayttajatunnus\/tunnistautumispalvelu\/","title":{"rendered":"Tunnistautumispalvelu"},"content":{"rendered":"\n<p>Jamkissa on otettu k\u00e4ytt\u00f6\u00f6n tunnistautumispalvelu <a href=\"https:\/\/id.jamk.fi\">id.jamk.fi<\/a>, joka toimii itsepalveluperiaatteella. Palvelussa k\u00e4ytt\u00e4j\u00e4t voivat aktivoida tunnuksensa, vaihtaa tunnuksensa salasanan sek\u00e4 nollata kaksivaiheisen tunnistautumisen eli MFA asetukset.<\/p>\n\n\n\n<div id=\"accordion-block_2ef1acaa3bf1b672d5b0b77cc90294f9\" class=\"accordion block-accordion\">\n  <div class=\"block-accordion__element-header\">\n          <h2>Ohjeita palvelun k\u00e4ytt\u00f6\u00f6n<\/h2>\n      <\/div>\n  <div class=\"block-accordion__accordions\">\n                  <div class=\"accordion-item\">\n          <h2 class=\"h6 accordion-title\">\n            <button id=\"accordion-header-1\" class=\"accordion-header\" aria-expanded=\"false\" aria-controls=\"accordion-panel-1\">\n              Tunnuksen aktivointi              <div class='plus-icon' itemprop='logo'><svg aria-hidden=\"true\" viewBox=\"0 0 16 16\" fill=\"none\" xmlns=\"http:\/\/www.w3.org\/2000\/svg\"><path d=\"M8.92 7.1V.06H7.2V7.1H.12v1.72H7.2v7.12h1.72V8.82H16V7.1H8.92z\" fill=\"#0D004C\"\/><\/svg><\/div>              <div class='minus-icon' itemprop='logo'><svg aria-hidden=\"true\" viewBox=\"0 0 14 2\" fill=\"none\" xmlns=\"http:\/\/www.w3.org\/2000\/svg\"><path d=\"M14 1.88H.88V.12H14v1.76z\" fill=\"#fff\"\/><\/svg><\/div>            <\/button>\n          <\/h2>\n          <div class=\"accordion-section-wrapper\">\n            <section id=\"accordion-panel-1\" class=\"accordion-panel\" aria-labelledby=\"accordion-header-1\">\n              <p>Jotta saat Jamkin tunnukset k\u00e4ytt\u00f6\u00f6si, tulee sinun ensiksi aktivoida tunnuksesi id.jamk.fi -tunnistautumispalvelussa. Tunnuksen aktivoinnin yhteydess\u00e4 vahvistat lukeneesi ja ymm\u00e4rt\u00e4neesi <a href=\"https:\/\/help.jamk.fi\/kirjautuminen\/fi\/kayttosaannot\/\">Jamkin verkon k\u00e4ytt\u00f6s\u00e4\u00e4nn\u00f6t<\/a> ja sitoudut noudattamaan niit\u00e4.<\/p>\n<h3>N\u00e4in aktivoit tunnuksesi:<\/h3>\n<ol>\n<li>Siirry selaimella osoitteeseen <a href=\"https:\/\/id.jamk.fi\">id.jamk.fi<\/a><\/li>\n<li>Sivun oikeasta yl\u00e4kulmasta voit vaihtaa halutessasi k\u00e4ytt\u00f6liittym\u00e4n kielen<\/li>\n<li>Jatka eteenp\u00e4in valitsemalla &#8221;<em>Jatka&#8221;<\/em><\/li>\n<li>Jos sinulla on jo Jamkin s\u00e4hk\u00f6postiosoite, sy\u00f6t\u00e4 se &#8221;<em>K\u00e4ytt\u00e4j\u00e4tunnus&#8221; <\/em>-kentt\u00e4\u00e4n. Mik\u00e4li et tied\u00e4 s\u00e4hk\u00f6postiosoitettasi, valitse &#8221;<em>Tarkista tunnuksesi&#8221;<\/em>. Sinut ohjataan suomi.fi -tunnistautumiseen, joka palauttaa sinulle s\u00e4hk\u00f6postiosoitteesi. Kun s\u00e4hk\u00f6postiosoite on sy\u00f6tetty &#8221;<em>K\u00e4ytt\u00e4j\u00e4tunnus<\/em>&#8221;-kentt\u00e4\u00e4n, jatka valitsemalla &#8221;<em>Jatka&#8221;<\/em>\n<ul>\n<li>Jamkin s\u00e4hk\u00f6postiosoitteet ovat muotoa:\n<ul>\n<li><strong>Henkil\u00f6kunta:<\/strong> etunimi.sukunimi@jamk.fi<\/li>\n<li><strong>Opiskelijat:<\/strong> k\u00e4ytt\u00e4j\u00e4tunnus@student.jamk.fi<\/li>\n<li><strong>Ulkopuolinen vierailija:<\/strong> etunimi.sukunimi@external.jamk.fi<em><img loading=\"lazy\" decoding=\"async\" class=\"aligncenter wp-image-2243\" src=\"https:\/\/help.jamk.fi\/kirjautuminen\/wp-content\/uploads\/sites\/138\/2025\/10\/Tarkista-tunnuksesi-300x156.png\" alt=\"Ruutukappaus palvelusta. Painikkeetta &quot;Tarkista tunnuksesi&quot; voit suomi.fi asioinnin kautta noutaa k\u00e4ytt\u00e4j\u00e4tunnuksesi. &quot;K\u00e4ytt\u00e4j\u00e4tunnus&quot; -kentt\u00e4\u00e4n sy\u00f6tet\u00e4\u00e4n Jamkin s\u00e4hk\u00f6postiosoite\" width=\"575\" height=\"299\" srcset=\"https:\/\/help.jamk.fi\/kirjautuminen\/wp-content\/uploads\/sites\/138\/2025\/10\/Tarkista-tunnuksesi-300x156.png 300w, https:\/\/help.jamk.fi\/kirjautuminen\/wp-content\/uploads\/sites\/138\/2025\/10\/Tarkista-tunnuksesi-768x399.png 768w, https:\/\/help.jamk.fi\/kirjautuminen\/wp-content\/uploads\/sites\/138\/2025\/10\/Tarkista-tunnuksesi.png 923w\" sizes=\"auto, (max-width: 575px) 100vw, 575px\" \/><\/em><\/li>\n<\/ul>\n<\/li>\n<\/ul>\n<\/li>\n<li>Sinut ohjataan aktivoimaan tunnuksesi.\u00a0Tunnuksen aktivointi vaatii vahvan tunnistautumisen.\n<ul>\n<li style=\"list-style-type: none;\">\n<ul>\n<li style=\"list-style-type: none;\">\n<ul>\n<li>Henkil\u00f6t, joilla on suomalainen henkil\u00f6tunnus ja kansalaisuutena suomi, tarjotaan oletuksena ainoastaan suomi.fi -tunnistautumista.<\/li>\n<li>Candour ID -tunnistusmenetelm\u00e4 on tarkoitettu ensisijaisesti niille henkil\u00f6ille, jotka eiv\u00e4t pysty k\u00e4ytt\u00e4m\u00e4\u00e4n suomi.fi -tunnistautumispalvelua. Candour ID -palvelun k\u00e4ytt\u00f6 vaatii, ett\u00e4 k\u00e4ytt\u00e4j\u00e4ll\u00e4 on kameralla varustettu mobiililaite, johon voi asentaa Candour ID -sovelluksen sek\u00e4 voimassaolevan passin tai sirullisen henkil\u00f6kortin.<\/li>\n<li>Candour ID sovelluksessa <strong>ei voi\u00a0<\/strong>vahvistaa henkil\u00f6llisyytt\u00e4 k\u00e4ytt\u00e4m\u00e4ll\u00e4 ajokorttia, Kela-korttia tai oleskelulupaa.<\/li>\n<li>Mik\u00e4li et pysty k\u00e4ytt\u00e4m\u00e4\u00e4n suomi.fi etk\u00e4 Candour ID -palvelua henkil\u00f6llisyyden varmentamiseen, <a href=\"https:\/\/support.jamk.fi\">j\u00e4t\u00e4 palvelupyynt\u00f6 Helpdeskille.<\/a><\/li>\n<\/ul>\n<\/li>\n<\/ul>\n<\/li>\n<\/ul>\n<\/li>\n<li>Hyv\u00e4ksy Jamkin verkon k\u00e4ytt\u00f6ehdot<\/li>\n<li>Kun k\u00e4ytt\u00e4j\u00e4tunnus on aktivoitu, voit jatkaa suoraan salasanan asettamiseen<\/li>\n<\/ol>\n            <\/section>\n          <\/div>\n        <\/div>\n              <div class=\"accordion-item\">\n          <h2 class=\"h6 accordion-title\">\n            <button id=\"accordion-header-2\" class=\"accordion-header\" aria-expanded=\"false\" aria-controls=\"accordion-panel-2\">\n              Salasanan vaihtaminen              <div class='plus-icon' itemprop='logo'><svg aria-hidden=\"true\" viewBox=\"0 0 16 16\" fill=\"none\" xmlns=\"http:\/\/www.w3.org\/2000\/svg\"><path d=\"M8.92 7.1V.06H7.2V7.1H.12v1.72H7.2v7.12h1.72V8.82H16V7.1H8.92z\" fill=\"#0D004C\"\/><\/svg><\/div>              <div class='minus-icon' itemprop='logo'><svg aria-hidden=\"true\" viewBox=\"0 0 14 2\" fill=\"none\" xmlns=\"http:\/\/www.w3.org\/2000\/svg\"><path d=\"M14 1.88H.88V.12H14v1.76z\" fill=\"#fff\"\/><\/svg><\/div>            <\/button>\n          <\/h2>\n          <div class=\"accordion-section-wrapper\">\n            <section id=\"accordion-panel-2\" class=\"accordion-panel\" aria-labelledby=\"accordion-header-2\">\n              <p>Tunnistautumispalvelussa voit vaihtaa tilisi salasanan, kun olet ottamassa tunnuksiasi ensimm\u00e4isen kerran k\u00e4ytt\u00f6\u00f6si, tai jos olet unohtanut salasanasi tai haluat sen muusta syyst\u00e4 vaihtaa.<\/p>\n<p>Jos olet palaamassa palveluun vanhana k\u00e4ytt\u00e4j\u00e4n\u00e4, p\u00e4\u00e4set salasanan vaihtoon siirtym\u00e4ll\u00e4 osoitteeseen <a href=\"https:\/\/id.jamk.fi\">id.jamk.fi<\/a> Valitse etusivulta &#8221;<em>Jatka&#8221; ja s<\/em>y\u00f6t\u00e4 Jamkin s\u00e4hk\u00f6postiosoitteesi &#8221;<em>K\u00e4ytt\u00e4j\u00e4tunnus&#8221;<\/em> -kentt\u00e4\u00e4n.<\/p>\n<ul>\n<li>Valitse <strong>Salasana unohtunut,<\/strong> jos olet m\u00e4\u00e4ritt\u00e4m\u00e4ss\u00e4 salasanaasi ensimm\u00e4ist\u00e4 kertaa tai olet unohtanut salasanasi<\/li>\n<li>Valitse <strong>Vaihda Salasana, <\/strong>jos tied\u00e4t nykyisen salasanasi ja haluat vaihtaa sen jostain muusta syyst\u00e4<\/li>\n<\/ul>\n<p><img loading=\"lazy\" decoding=\"async\" class=\"alignnone wp-image-2235 \" src=\"https:\/\/help.jamk.fi\/kirjautuminen\/wp-content\/uploads\/sites\/138\/2025\/10\/Screenshot-2025-09-11-114928-264x300.png\" alt=\"Ruutukaappaus Salasanan asettamisen vaihtoehdoista, joissa vaihtoehtoina on joko &quot;Salasana unohtunut&quot; tai &quot;Vaihda salasana&quot;.\" width=\"338\" height=\"384\" srcset=\"https:\/\/help.jamk.fi\/kirjautuminen\/wp-content\/uploads\/sites\/138\/2025\/10\/Screenshot-2025-09-11-114928-264x300.png 264w, https:\/\/help.jamk.fi\/kirjautuminen\/wp-content\/uploads\/sites\/138\/2025\/10\/Screenshot-2025-09-11-114928.png 359w\" sizes=\"auto, (max-width: 338px) 100vw, 338px\" \/><\/p>\n<p>&nbsp;<\/p>\n<p><strong>HUOM!<\/strong> Salasana unohtunut -valinnan k\u00e4ytt\u00f6 vaatii vahvan tunnistautumisen joko suomi.fi -tunnistautumisella tai Candour ID -palvelulla. Tunnistautumistavaksi tarjotaan samaa palvelua, jolla tunnuksen aktivointi on alun perin tehty.<\/p>\n<ul>\n<li>Henkil\u00f6t, joilla on suomalainen henkil\u00f6tunnus ja kansalaisuutena suomi, tarjotaan oletuksena ainoastaan suomi.fi -tunnistautumista.<\/li>\n<li>Candour ID -tunnistusmenetelm\u00e4 on tarkoitettu ensisijaisesti niille henkil\u00f6ille, jotka eiv\u00e4t pysty k\u00e4ytt\u00e4m\u00e4\u00e4n suomi.fi -tunnistautumispalvelua. Candour ID -palvelun k\u00e4ytt\u00f6 vaatii, ett\u00e4 k\u00e4ytt\u00e4j\u00e4ll\u00e4 on kameralla varustettu mobiililaite, johon voi asentaa Candour ID -sovelluksen sek\u00e4 voimassaolevan passin tai sirullisen henkil\u00f6kortin.<\/li>\n<li>Candour ID sovelluksessa <strong>ei voi\u00a0<\/strong>vahvistaa henkil\u00f6llisyytt\u00e4 k\u00e4ytt\u00e4m\u00e4ll\u00e4 ajokorttia, Kela-korttia tai oleskelulupaa.<\/li>\n<li>Mik\u00e4li et pysty k\u00e4ytt\u00e4m\u00e4\u00e4n suomi.fi etk\u00e4 Candour ID -palvelua henkil\u00f6llisyyden vahvistamiseen, <a href=\"https:\/\/support.jamk.fi\">j\u00e4t\u00e4 palvelupyynt\u00f6 Helpdeskille.<\/a><\/li>\n<\/ul>\n<h3>Salasanan vaatimukset<\/h3>\n<p>Jamk on asettanut salasanalle vaatimuksia, jotka tulee t\u00e4ytty\u00e4. Salasanan tulee muun muassa:<\/p>\n<ul>\n<li>Olla v\u00e4hint\u00e4\u00e4n 14 merkki\u00e4 pitk\u00e4<\/li>\n<li>Sis\u00e4lt\u00e4\u00e4 v\u00e4hint\u00e4\u00e4n 1 erikoismerkki<\/li>\n<li>Sis\u00e4lt\u00e4\u00e4 v\u00e4hint\u00e4\u00e4n 1 pieni kirjain<\/li>\n<li>Sis\u00e4lt\u00e4\u00e4 v\u00e4hint\u00e4\u00e4n 1 iso kirjain<\/li>\n<li>Sis\u00e4lt\u00e4\u00e4 v\u00e4hint\u00e4\u00e4n 1 numero<\/li>\n<\/ul>\n<p>T\u00e4m\u00e4n lis\u00e4ksi salasana <strong>ei saa sis\u00e4lt\u00e4\u00e4<\/strong> sinun henkil\u00f6kohtaisia tietojasi kuten<\/p>\n<ul>\n<li>nime\u00e4si<\/li>\n<li>syntym\u00e4p\u00e4iv\u00e4\u00e4si<\/li>\n<li>k\u00e4ytt\u00e4j\u00e4tunnustasi<\/li>\n<li>puhelinnumeroasi<\/li>\n<li>tai mit\u00e4\u00e4n n\u00e4iden osista<\/li>\n<\/ul>\n            <\/section>\n          <\/div>\n        <\/div>\n              <div class=\"accordion-item\">\n          <h2 class=\"h6 accordion-title\">\n            <button id=\"accordion-header-3\" class=\"accordion-header\" aria-expanded=\"false\" aria-controls=\"accordion-panel-3\">\n              Kaksivaiheisen tunnistautumisen (MFA) asetuksien nollaus              <div class='plus-icon' itemprop='logo'><svg aria-hidden=\"true\" viewBox=\"0 0 16 16\" fill=\"none\" xmlns=\"http:\/\/www.w3.org\/2000\/svg\"><path d=\"M8.92 7.1V.06H7.2V7.1H.12v1.72H7.2v7.12h1.72V8.82H16V7.1H8.92z\" fill=\"#0D004C\"\/><\/svg><\/div>              <div class='minus-icon' itemprop='logo'><svg aria-hidden=\"true\" viewBox=\"0 0 14 2\" fill=\"none\" xmlns=\"http:\/\/www.w3.org\/2000\/svg\"><path d=\"M14 1.88H.88V.12H14v1.76z\" fill=\"#fff\"\/><\/svg><\/div>            <\/button>\n          <\/h2>\n          <div class=\"accordion-section-wrapper\">\n            <section id=\"accordion-panel-3\" class=\"accordion-panel\" aria-labelledby=\"accordion-header-3\">\n              <p>Kaksivaiheinen tunnistautuminen otetaan k\u00e4ytt\u00f6\u00f6n esimerkiksi Microsoft Authenticator -sovelluksella, kun ensimm\u00e4isen kerran kirjaudut Jamkin palveluihin. <a href=\"https:\/\/help.jamk.fi\/kirjautuminen\/fi\/kaksivaiheisen-tunnistautumisen-kayttoonotto\/\">Ohjeet kaksivaiheisen tunnistautumisen k\u00e4ytt\u00f6\u00f6nottoon l\u00f6yd\u00e4t erillisest\u00e4 ohjeesta.<\/a><\/p>\n<p>Jos k\u00e4ytt\u00f6\u00f6noton j\u00e4lkeen puhelimesi menee rikki, vaihdat puhelinta tai kaksivaiheinen tunnistautuminen jostain muusta syyst\u00e4 lakkaa toimimasta, voi MFA -asetuksien nollaaminen olla tarpeen.<\/p>\n<ol>\n<li>Siirry selaimella osoitteeseen <a href=\"https:\/\/id.jamk.fi\">id.jamk.fi<\/a> ja valitse &#8221;<em>Jatka&#8221;<\/em><\/li>\n<li>Sy\u00f6t\u00e4 Jamkin s\u00e4hk\u00f6postiosoitteesi &#8221;<em>K\u00e4ytt\u00e4j\u00e4tunnus&#8221;<\/em> -kentt\u00e4\u00e4n ja valitse &#8221;<em>Jatka&#8221;<\/em><\/li>\n<li>Valitse &#8221;<em>Nollaa MFA asetukset<\/em>&#8221;<\/li>\n<li>MFA asetuksien nollaaminen vaatii vahvan tunnistautumisen.\n<ul>\n<li>Tunnistautumistavaksi tarjotaan samaa palvelua, jolla tunnuksen aktivointi on alun perin tehty.<\/li>\n<li>Henkil\u00f6t, joilla on suomalainen henkil\u00f6tunnus ja kansalaisuutena suomi, tarjotaan oletuksena ainoastaan suomi.fi -tunnistautumista. Muille henkil\u00f6ille tarjotaan my\u00f6s tunnistautumista Candour ID -palvelun kautta.<\/li>\n<li>Candour ID -tunnistusmenetelm\u00e4 on tarkoitettu ensisijaisesti niille henkil\u00f6ille, jotka eiv\u00e4t pysty k\u00e4ytt\u00e4m\u00e4\u00e4n suomi.fi -tunnistautumispalvelua. Candour ID -palvelun k\u00e4ytt\u00f6 vaatii, ett\u00e4 k\u00e4ytt\u00e4j\u00e4ll\u00e4 on kameralla varustettu mobiililaite, johon voi asentaa Candour ID -sovelluksen sek\u00e4 voimassaolevan passin tai sirullisen henkil\u00f6kortin.<\/li>\n<li>Candour ID sovelluksessa <strong>ei voi\u00a0<\/strong>vahvistaa henkil\u00f6llisyytt\u00e4 k\u00e4ytt\u00e4m\u00e4ll\u00e4 ajokorttia, Kela-korttia tai oleskelulupaa.<\/li>\n<li>Mik\u00e4li et pysty k\u00e4ytt\u00e4m\u00e4\u00e4n suomi.fi etk\u00e4 Candour ID -palvelua henkil\u00f6llisyyden vahvistamiseen, <a href=\"https:\/\/support.jamk.fi\">j\u00e4t\u00e4 palvelupyynt\u00f6 Helpdeskille.<\/a><\/li>\n<\/ul>\n<\/li>\n<li>Saat vahvistuksen, kun MFA asetuksien nollauspyynt\u00f6 on l\u00e4hetetty onnistuneesti. Odota t\u00e4m\u00e4n j\u00e4lkeen v\u00e4hint\u00e4\u00e4n viisi minuuttia, jotta muutokset p\u00e4ivittyv\u00e4t kaikkiin vaadittuihin j\u00e4rjestelmiin. Ota kaksivaiheinen tunnistautuminen uudelleen k\u00e4ytt\u00f6\u00f6n kirjautumalla mihin tahansa Jamkin palveluun, kuten Moodleen, Peppiin tai M365-palveluun. <a href=\"https:\/\/help.jamk.fi\/kirjautuminen\/fi\/kaksivaiheisen-tunnistautumisen-kayttoonotto\/\">Tarkemmat ohjeet kaksivaiheisen tunnistautumisen k\u00e4ytt\u00f6\u00f6notosta l\u00f6yd\u00e4t erillisest\u00e4 ohjeesta<\/a><\/li>\n<\/ol>\n            <\/section>\n          <\/div>\n        <\/div>\n            <\/div>\n<\/div>\n\n\n<p><\/p>\n","protected":false},"excerpt":{"rendered":"<p>Jamkissa on otettu k\u00e4ytt\u00f6\u00f6n tunnistautumispalvelu id.jamk.fi, joka toimii itsepalveluperiaatteella. Palvelussa k\u00e4ytt\u00e4j\u00e4t voivat aktivoida tunnuksensa, vaihtaa tunnuksensa salasanan sek\u00e4 nollata kaksivaiheisen tunnistautumisen eli MFA asetukset.<\/p>\n","protected":false},"author":66,"featured_media":0,"parent":1344,"menu_order":0,"comment_status":"closed","ping_status":"closed","template":"","meta":{"_acf_changed":false,"_relevanssi_hide_post":"","_relevanssi_hide_content":"","_relevanssi_pin_for_all":"","_relevanssi_pin_keywords":"tunnistus, salasana, MFA, authentikaattori, authenticator, autentikaattori, aktivointi, k\u00e4ytt\u00e4j\u00e4tunnus, tunnus, id, id.jamk.fi","_relevanssi_unpin_keywords":"","_relevanssi_related_keywords":"","_relevanssi_related_include_ids":"","_relevanssi_related_exclude_ids":"","_relevanssi_related_no_append":"","_relevanssi_related_not_related":"","_relevanssi_related_posts":"","_relevanssi_noindex_reason":"","footnotes":""},"categories":[],"tags":[],"class_list":["post-2224","page","type-page","status-publish","hentry"],"acf":[],"yoast_head":"<!-- This site is optimized with the Yoast SEO plugin v27.3 - https:\/\/yoast.com\/product\/yoast-seo-wordpress\/ -->\n<title>Tunnistautumispalvelu - Kirjautuminen<\/title>\n<meta name=\"robots\" content=\"index, follow, max-snippet:-1, max-image-preview:large, max-video-preview:-1\" \/>\n<link rel=\"canonical\" href=\"https:\/\/help.jamk.fi\/kirjautuminen\/fi\/kayttajatunnus\/tunnistautumispalvelu\/\" \/>\n<meta property=\"og:locale\" content=\"fi_FI\" \/>\n<meta property=\"og:type\" content=\"article\" \/>\n<meta property=\"og:title\" content=\"Tunnistautumispalvelu - Kirjautuminen\" \/>\n<meta property=\"og:description\" content=\"Jamkissa on otettu k\u00e4ytt\u00f6\u00f6n tunnistautumispalvelu id.jamk.fi, joka toimii itsepalveluperiaatteella. Palvelussa k\u00e4ytt\u00e4j\u00e4t voivat aktivoida tunnuksensa, vaihtaa tunnuksensa salasanan sek\u00e4 nollata kaksivaiheisen tunnistautumisen eli MFA asetukset.\" \/>\n<meta property=\"og:url\" content=\"https:\/\/help.jamk.fi\/kirjautuminen\/fi\/kayttajatunnus\/tunnistautumispalvelu\/\" \/>\n<meta property=\"og:site_name\" content=\"Kirjautuminen\" \/>\n<meta property=\"article:modified_time\" content=\"2025-10-22T09:23:50+00:00\" \/>\n<meta name=\"twitter:card\" content=\"summary_large_image\" \/>\n<meta name=\"twitter:label1\" content=\"Arvioitu lukuaika\" \/>\n\t<meta name=\"twitter:data1\" content=\"1 minuutti\" \/>\n<script type=\"application\/ld+json\" class=\"yoast-schema-graph\">{\"@context\":\"https:\\\/\\\/schema.org\",\"@graph\":[{\"@type\":\"WebPage\",\"@id\":\"https:\\\/\\\/help.jamk.fi\\\/kirjautuminen\\\/fi\\\/kayttajatunnus\\\/tunnistautumispalvelu\\\/\",\"url\":\"https:\\\/\\\/help.jamk.fi\\\/kirjautuminen\\\/fi\\\/kayttajatunnus\\\/tunnistautumispalvelu\\\/\",\"name\":\"Tunnistautumispalvelu - Kirjautuminen\",\"isPartOf\":{\"@id\":\"https:\\\/\\\/help.jamk.fi\\\/kirjautuminen\\\/#website\"},\"datePublished\":\"2025-10-07T07:42:26+00:00\",\"dateModified\":\"2025-10-22T09:23:50+00:00\",\"breadcrumb\":{\"@id\":\"https:\\\/\\\/help.jamk.fi\\\/kirjautuminen\\\/fi\\\/kayttajatunnus\\\/tunnistautumispalvelu\\\/#breadcrumb\"},\"inLanguage\":\"fi\",\"potentialAction\":[{\"@type\":\"ReadAction\",\"target\":[\"https:\\\/\\\/help.jamk.fi\\\/kirjautuminen\\\/fi\\\/kayttajatunnus\\\/tunnistautumispalvelu\\\/\"]}]},{\"@type\":\"BreadcrumbList\",\"@id\":\"https:\\\/\\\/help.jamk.fi\\\/kirjautuminen\\\/fi\\\/kayttajatunnus\\\/tunnistautumispalvelu\\\/#breadcrumb\",\"itemListElement\":[{\"@type\":\"ListItem\",\"position\":1,\"name\":\"Home\",\"item\":\"https:\\\/\\\/help.jamk.fi\\\/kirjautuminen\\\/fi\\\/\"},{\"@type\":\"ListItem\",\"position\":2,\"name\":\"K\u00e4ytt\u00e4j\u00e4tunnukset ja salasanat\",\"item\":\"https:\\\/\\\/help.jamk.fi\\\/kirjautuminen\\\/fi\\\/kayttajatunnus\\\/\"},{\"@type\":\"ListItem\",\"position\":3,\"name\":\"Tunnistautumispalvelu\"}]},{\"@type\":\"WebSite\",\"@id\":\"https:\\\/\\\/help.jamk.fi\\\/kirjautuminen\\\/#website\",\"url\":\"https:\\\/\\\/help.jamk.fi\\\/kirjautuminen\\\/\",\"name\":\"Kirjautuminen\",\"description\":\"\",\"potentialAction\":[{\"@type\":\"SearchAction\",\"target\":{\"@type\":\"EntryPoint\",\"urlTemplate\":\"https:\\\/\\\/help.jamk.fi\\\/kirjautuminen\\\/?s={search_term_string}\"},\"query-input\":{\"@type\":\"PropertyValueSpecification\",\"valueRequired\":true,\"valueName\":\"search_term_string\"}}],\"inLanguage\":\"fi\"}]}<\/script>\n<!-- \/ Yoast SEO plugin. -->","yoast_head_json":{"title":"Tunnistautumispalvelu - Kirjautuminen","robots":{"index":"index","follow":"follow","max-snippet":"max-snippet:-1","max-image-preview":"max-image-preview:large","max-video-preview":"max-video-preview:-1"},"canonical":"https:\/\/help.jamk.fi\/kirjautuminen\/fi\/kayttajatunnus\/tunnistautumispalvelu\/","og_locale":"fi_FI","og_type":"article","og_title":"Tunnistautumispalvelu - Kirjautuminen","og_description":"Jamkissa on otettu k\u00e4ytt\u00f6\u00f6n tunnistautumispalvelu id.jamk.fi, joka toimii itsepalveluperiaatteella. Palvelussa k\u00e4ytt\u00e4j\u00e4t voivat aktivoida tunnuksensa, vaihtaa tunnuksensa salasanan sek\u00e4 nollata kaksivaiheisen tunnistautumisen eli MFA asetukset.","og_url":"https:\/\/help.jamk.fi\/kirjautuminen\/fi\/kayttajatunnus\/tunnistautumispalvelu\/","og_site_name":"Kirjautuminen","article_modified_time":"2025-10-22T09:23:50+00:00","twitter_card":"summary_large_image","twitter_misc":{"Arvioitu lukuaika":"1 minuutti"},"schema":{"@context":"https:\/\/schema.org","@graph":[{"@type":"WebPage","@id":"https:\/\/help.jamk.fi\/kirjautuminen\/fi\/kayttajatunnus\/tunnistautumispalvelu\/","url":"https:\/\/help.jamk.fi\/kirjautuminen\/fi\/kayttajatunnus\/tunnistautumispalvelu\/","name":"Tunnistautumispalvelu - Kirjautuminen","isPartOf":{"@id":"https:\/\/help.jamk.fi\/kirjautuminen\/#website"},"datePublished":"2025-10-07T07:42:26+00:00","dateModified":"2025-10-22T09:23:50+00:00","breadcrumb":{"@id":"https:\/\/help.jamk.fi\/kirjautuminen\/fi\/kayttajatunnus\/tunnistautumispalvelu\/#breadcrumb"},"inLanguage":"fi","potentialAction":[{"@type":"ReadAction","target":["https:\/\/help.jamk.fi\/kirjautuminen\/fi\/kayttajatunnus\/tunnistautumispalvelu\/"]}]},{"@type":"BreadcrumbList","@id":"https:\/\/help.jamk.fi\/kirjautuminen\/fi\/kayttajatunnus\/tunnistautumispalvelu\/#breadcrumb","itemListElement":[{"@type":"ListItem","position":1,"name":"Home","item":"https:\/\/help.jamk.fi\/kirjautuminen\/fi\/"},{"@type":"ListItem","position":2,"name":"K\u00e4ytt\u00e4j\u00e4tunnukset ja salasanat","item":"https:\/\/help.jamk.fi\/kirjautuminen\/fi\/kayttajatunnus\/"},{"@type":"ListItem","position":3,"name":"Tunnistautumispalvelu"}]},{"@type":"WebSite","@id":"https:\/\/help.jamk.fi\/kirjautuminen\/#website","url":"https:\/\/help.jamk.fi\/kirjautuminen\/","name":"Kirjautuminen","description":"","potentialAction":[{"@type":"SearchAction","target":{"@type":"EntryPoint","urlTemplate":"https:\/\/help.jamk.fi\/kirjautuminen\/?s={search_term_string}"},"query-input":{"@type":"PropertyValueSpecification","valueRequired":true,"valueName":"search_term_string"}}],"inLanguage":"fi"}]}},"_links":{"self":[{"href":"https:\/\/help.jamk.fi\/kirjautuminen\/wp-json\/wp\/v2\/pages\/2224","targetHints":{"allow":["GET"]}}],"collection":[{"href":"https:\/\/help.jamk.fi\/kirjautuminen\/wp-json\/wp\/v2\/pages"}],"about":[{"href":"https:\/\/help.jamk.fi\/kirjautuminen\/wp-json\/wp\/v2\/types\/page"}],"author":[{"embeddable":true,"href":"https:\/\/help.jamk.fi\/kirjautuminen\/wp-json\/wp\/v2\/users\/66"}],"replies":[{"embeddable":true,"href":"https:\/\/help.jamk.fi\/kirjautuminen\/wp-json\/wp\/v2\/comments?post=2224"}],"version-history":[{"count":48,"href":"https:\/\/help.jamk.fi\/kirjautuminen\/wp-json\/wp\/v2\/pages\/2224\/revisions"}],"predecessor-version":[{"id":2319,"href":"https:\/\/help.jamk.fi\/kirjautuminen\/wp-json\/wp\/v2\/pages\/2224\/revisions\/2319"}],"up":[{"embeddable":true,"href":"https:\/\/help.jamk.fi\/kirjautuminen\/wp-json\/wp\/v2\/pages\/1344"}],"wp:attachment":[{"href":"https:\/\/help.jamk.fi\/kirjautuminen\/wp-json\/wp\/v2\/media?parent=2224"}],"wp:term":[{"taxonomy":"category","embeddable":true,"href":"https:\/\/help.jamk.fi\/kirjautuminen\/wp-json\/wp\/v2\/categories?post=2224"},{"taxonomy":"post_tag","embeddable":true,"href":"https:\/\/help.jamk.fi\/kirjautuminen\/wp-json\/wp\/v2\/tags?post=2224"}],"curies":[{"name":"wp","href":"https:\/\/api.w.org\/{rel}","templated":true}]}}