{"id":167,"date":"2010-10-22T12:01:51","date_gmt":"2010-10-22T09:01:51","guid":{"rendered":"https:\/\/help.jamk.fi\/lyhytkurssi\/rss-feedbuilder\/"},"modified":"2024-11-01T15:21:59","modified_gmt":"2024-11-01T13:21:59","slug":"rss-feedbuilder","status":"publish","type":"page","link":"https:\/\/help.jamk.fi\/lyhytkurssi\/fi\/rss-feedbuilder\/","title":{"rendered":"RSS Feedbuilder"},"content":{"rendered":"\n<p>Feedbuilderin avulla Lyhytkurssista saadaan listattua kurssitietoja <a href=\"http:\/\/fi.wikipedia.org\/wiki\/RSS\">RSS-sy\u00f6ttein\u00e4<\/a>. N\u00e4it\u00e4 sy\u00f6tteit\u00e4 voi hy\u00f6dynt\u00e4\u00e4 esimerkiksi markkinoinnissa. Esimerkkein\u00e4 listauksista voivat olla vaikkapa &#8221;Avoimen amkin kurssit kev\u00e4\u00e4ll\u00e4 2011&#8221;, &#8221;Kieli- ja viestint\u00e4opintojen verkkokurssitarjonta&#8221; jne&#8230;<\/p>\n\n\n\n<p>RSS-sy\u00f6tteiden luominen ja k\u00e4ytt\u00f6 vaatii erillisi\u00e4 k\u00e4ytt\u00f6oikeuksia. Mik\u00e4li haluaisit hy\u00f6dynt\u00e4\u00e4 Lyhytkurssin RSS-sy\u00f6tteit\u00e4 tavalla tai toisella, ota yhteytt\u00e4 markkinointiyksikk\u00f6\u00f6n.<\/p>\n\n\n\n<h2 class=\"wp-block-heading\">Feedbuilderin k\u00e4ytt\u00f6<\/h2>\n\n\n\n<p>Feedbuilderissa on kaksi perusn\u00e4kym\u00e4\u00e4: uuden sy\u00f6tteen luominen ja olemassaolevien sy\u00f6tteiden tarkastelu ja muokkaus. Aluksi k\u00e4sitell\u00e4\u00e4n uuden sy\u00f6tteen luomista, joka k\u00e4sitt\u00e4\u00e4 kolme vaihetta.<\/p>\n\n\n\n<h3 class=\"wp-block-heading\">Vaihe 1: Uuden sy\u00f6tteen perustiedot<\/h3>\n\n\n\n<ul class=\"wp-block-list\">\n<li><strong>Nimi:<\/strong> Sy\u00f6tteen p\u00e4\u00e4otsikko. Maksimipituus 64 merkki\u00e4.<\/li>\n\n\n\n<li><strong>Kuvaus:<\/strong> Tarkentava kuvaus sy\u00f6tteen sis\u00e4ll\u00f6st\u00e4, ei pakollinen.<\/li>\n\n\n\n<li><strong>Kuvaus sis\u00e4iseen k\u00e4ytt\u00f6\u00f6n:<\/strong> Sis\u00e4ist\u00e4 tietoa sy\u00f6tteest\u00e4, esim. tarkoitus, vastuuhenkil\u00f6, k\u00e4ytt\u00f6kohteet jne.<\/li>\n\n\n\n<li><strong>Tunniste:<\/strong> Sy\u00f6tteen url-osoitteessa n\u00e4kyv\u00e4 tunniste, kannattaa siis valita harkiten.<\/li>\n\n\n\n<li><strong>Tietol\u00e4hde:<\/strong> T\u00e4ll\u00e4 hetkell\u00e4 on k\u00e4ytett\u00e4viss\u00e4 ainoastaan lyhytkurssitiedot.<\/li>\n\n\n\n<li><strong>Kieli:<\/strong> T\u00e4ll\u00e4 valinnalla ei ole vaikutusta sy\u00f6tteen sis\u00e4lt\u00f6\u00f6n. Valitse k\u00e4ytetyn kielen mukaan.<\/li>\n\n\n\n<li><strong>Sy\u00f6te k\u00e4yt\u00f6ss\u00e4:<\/strong> Valitaan, onko sy\u00f6te &#8221;p\u00e4\u00e4ll\u00e4&#8221; vai &#8221;pois p\u00e4\u00e4lt\u00e4&#8221;. T\u00e4m\u00e4n t\u00e4ytyy siis olla valittuna, jotta sy\u00f6te n\u00e4kyy maailmalle.<\/li>\n\n\n\n<li><strong>Linkkien protokolla: <\/strong>Valitaan aina &#8221;HTTPS&#8221;, jotta tieto siirtyy suojattuna.<\/li>\n\n\n\n<li><strong>PubDate-arvo: <\/strong>Arvo m\u00e4\u00e4rittelee, miss\u00e4 j\u00e4rjestyksess\u00e4 koulutukset halutaan listattavan, esim. kurssin alkup\u00e4iv\u00e4m\u00e4\u00e4r\u00e4n mukaisesti.<\/li>\n\n\n\n<li><strong>Alkup\u00e4iv\u00e4:<\/strong> Ensimm\u00e4inen p\u00e4iv\u00e4, jolloin sy\u00f6te on k\u00e4yt\u00f6ss\u00e4. Huom! Jos haluat sy\u00f6tteen heti k\u00e4ytt\u00f6\u00f6n, merkitse alkup\u00e4iv\u00e4ksi luontip\u00e4iv\u00e4\u00e4 edelt\u00e4v\u00e4 p\u00e4iv\u00e4.<\/li>\n\n\n\n<li><strong>Loppup\u00e4iv\u00e4:<\/strong> P\u00e4iv\u00e4, jonka j\u00e4lkeen sy\u00f6te ei ole en\u00e4\u00e4 k\u00e4yt\u00f6ss\u00e4. T\u00e4m\u00e4n p\u00e4iv\u00e4n j\u00e4lkeen sy\u00f6te ei en\u00e4\u00e4 ole julkisesti saatavilla.<\/li>\n<\/ul>\n\n\n\n<h3 class=\"wp-block-heading\">Vaihe 2: Sy\u00f6tteess\u00e4 listattavat tiedot<\/h3>\n\n\n\n<p>Sy\u00f6tteen otsikot ja kuvaukset muotoillaan halutun kaltaisiksi kirjoittamalla tekstikentt\u00e4\u00e4n haluttu muotoiluteksti. Tekstin voi muotoilla vapaasti ja siihen voi sis\u00e4llytt\u00e4\u00e4 kentti\u00e4 kurssitiedoista ymp\u00e4r\u00f6im\u00e4ll\u00e4 ne risuaitoihin (#). Ohjelma esimerkiksi korvaa tekstin <strong>#nimi#<\/strong> kurssin nimell\u00e4. J\u00e4rjestelm\u00e4n tunnistamat muotoilutekstit ovat:<\/p>\n\n\n\n<p>#nimi# =&gt; kurssin nimi,<br>#kurssitunnus# =&gt; kurssitunnus,<br>#kurssinumero# =&gt; kurssinumero,<br>#alkupvm# =&gt; kurssin alkamisp\u00e4iv\u00e4m\u00e4\u00e4r\u00e4,<br>#loppupvm# =&gt; kurssin loppumisp\u00e4iv\u00e4m\u00e4\u00e4r\u00e4,<br>#kuvaus# =&gt; kurssin kuvaus,<br>#kuvaus_eng# =&gt; kurssin englanninkielinen kuvaus,<br>#toimipiste# =&gt; kurssin toimipiste,<br>#opintopisteet# =&gt; kurssin opintopisteet,<br>#opetuskieli# =&gt; kurssin opetuskieli,<br>#viim_ilm_pvm# =&gt; viimeinen mahdollinen online-ilmoittautumisp\u00e4iv\u00e4,<br>#kurssipaikka# =&gt; kurssin j\u00e4rjest\u00e4mispaikka,<br>#hinta# =&gt; kurssin hinta,<br>#kohderyhma# =&gt; kurssin kohderyhm\u00e4,<br>#kohderyhma_eng# =&gt; kurssin kohderyhm\u00e4tieto englanniksi,<br>#todistusteksti# =&gt; kent\u00e4n &#8221;todistusteksti&#8221;, sis\u00e4lt\u00f6,<br>#todistusteksti_eng# =&gt;<br>#tavoite# =&gt; kurssin tavoitteet,<br>#tavoite_eng# =&gt;<br>#sisalto# =&gt; kurssin sis\u00e4lt\u00f6,<br>#sisalto_eng# =&gt;<br>#esitiedot# =&gt; kurssille vaadittavat esitiedot,<br>#esitiedot_eng# =&gt;<br>#lisatietoja# =&gt; lis\u00e4tietoja kurssista,<br>#lisatietoja_eng# =&gt;<br>#sisaisia_lisatietoja# =&gt; lis\u00e4tietoja sis\u00e4iseen k\u00e4ytt\u00f6\u00f6n<br>#sisaisia_lisatietoja_eng# =&gt;<br>#muu_info# =&gt; muuta tietoa kurssista<br>#muu_info_eng# =&gt;<br>#suoritustapa# =&gt; kurssin suoritustavat<br>#suoritustapa_eng# =&gt;<br>#kirjallisuus# =&gt; kurssilla k\u00e4ytett\u00e4v\u00e4 kirjallisuus<br>#kirjallisuus_eng# =&gt;<br>#liitteet# =&gt;<br>#liitteet_eng# =&gt;<br>#peruutusehdot# =&gt; kurssin peruutusehdot,<br>#peruutusehdot_eng# =&gt;<\/p>\n\n\n\n<p><strong>Esimerkkej\u00e4:<\/strong><br>Otsikkotiedot kannattaa pit\u00e4\u00e4 yksinkertaisina, usein riitt\u00e4\u00e4 pelkk\u00e4 kurssin nimi, jolloin Otsikko-v\u00e4lilehdelle kirjoitettaisiin ainoastaan: #nimi#<\/p>\n\n\n\n<p>Kuvaus-v\u00e4lilehdelle voi sy\u00f6tt\u00e4\u00e4 monipuolisemmin lis\u00e4tietoja, esimerkiksi:<\/p>\n\n\n\n<p>Ajankohta: #alkupvm# &#8211; #loppupvm#<br>Viimeinen ilmoittautumisp\u00e4iv\u00e4: #viim_ilm_pvm#<br>Koulutuksen hinta: #hinta#<br>Koulutuksen sis\u00e4lt\u00f6: #sisalto#<br>#kuvaus#<\/p>\n\n\n\n<h3 class=\"wp-block-heading\">Vaihe 3: Sy\u00f6tteen rajaukset<\/h3>\n\n\n\n<p>Rajauksien avulla saadaan sis\u00e4llytetty\u00e4 sy\u00f6tteeseen ainoastaan halutut kurssit Lyhytkurssin koko kurssitarjonnasta. Rajaus muodostuu kolmesta osasta: kentt\u00e4, operaattori ja arvo.<\/p>\n\n\n\n<ul class=\"wp-block-list\">\n<li><strong>Kentt\u00e4<\/strong> on jokin tieto kurssitiedoista<\/li>\n\n\n\n<li><strong>Operaattorin<\/strong> avulla valitaan mill\u00e4 tavalla rajaus halutaan tehd\u00e4, valinta voi olla muotoa &#8221;yht\u00e4 kuin&#8221;, &#8221;suurempi kuin&#8221;, &#8221;pienempi kuin&#8221; tai &#8221;sis\u00e4lt\u00e4\u00e4 tiedon&#8221; (prosenttimerkki)<\/li>\n\n\n\n<li><strong>Arvo<\/strong>-kentt\u00e4\u00e4n m\u00e4\u00e4ritell\u00e4\u00e4n haluttu rajaava tekij\u00e4 tai muu arvo.\n<ul class=\"wp-block-list\">\n<li>P\u00e4\u00e4s\u00e4\u00e4nt\u00f6isesti: kyll\u00e4 = 1, ei = 0 (esim. halutaan listata opintopolut, valitaan Opintopolku == 1)<\/li>\n\n\n\n<li>Navigaatio -rajauksessa arvot ovat seuraavat: Avoin AMK = AA, T\u00e4ydennyskoulutus = TK, Meneill\u00e4\u00e4n olevat er.haut = ER ja Ilmoittautuminen tilattuihin koulutuksiin = TIL<\/li>\n\n\n\n<li>Kurssityyppi-rajauksessa arvot voivat olla: Ammatilliset erikoistumisopinnot, ammatilliset t\u00e4ydennyskoulutukset, seminaarit ja asiantuntijap\u00e4iv\u00e4t<\/li>\n\n\n\n<li>AOKKin t\u00e4ydennyskoulutus voidaan m\u00e4\u00e4ritell\u00e4 kahdella arvolla: Kurssiryhm\u00e4 = Opetus ja ohjaus ja Kurssityyppi = Ammatilliset t\u00e4ydennyskoulutukset<\/li>\n\n\n\n<li>Oppisopimustyyppiset koulutukset saadaan listattua: Kurssiryhm\u00e4 = Oppisopimustyyppinen t\u00e4ydennyskoulutus<\/li>\n<\/ul>\n<\/li>\n<\/ul>\n\n\n\n<p>Jotta tehty rajaus tallentuu, on muistettava painaa vasemmassa reunassa olevaa + -nappia. Tehdyn rajauksen voi poistaa painamalla &#8211; -nappia.<\/p>\n\n\n\n<p><strong>Muista tallentaa lopuksi perustietojen alapuolelta l\u00f6ytyv\u00e4st\u00e4 Tallenna-napista!<\/strong><\/p>\n","protected":false},"excerpt":{"rendered":"<p>Feedbuilderin avulla Lyhytkurssista saadaan listattua kurssitietoja RSS-sy\u00f6ttein\u00e4. N\u00e4it\u00e4 sy\u00f6tteit\u00e4 voi hy\u00f6dynt\u00e4\u00e4 esimerkiksi markkinoinnissa. Esimerkkein\u00e4 listauksista voivat olla vaikkapa &#8221;Avoimen amkin kurssit kev\u00e4\u00e4ll\u00e4 2011&#8221;, &#8221;Kieli- ja viestint\u00e4opintojen verkkokurssitarjonta&#8221; jne&#8230; RSS-sy\u00f6tteiden luominen ja k\u00e4ytt\u00f6 vaatii erillisi\u00e4 k\u00e4ytt\u00f6oikeuksia. Mik\u00e4li haluaisit hy\u00f6dynt\u00e4\u00e4 Lyhytkurssin RSS-sy\u00f6tteit\u00e4 tavalla tai toisella, ota yhteytt\u00e4 markkinointiyksikk\u00f6\u00f6n. Feedbuilderin k\u00e4ytt\u00f6 Feedbuilderissa on kaksi perusn\u00e4kym\u00e4\u00e4: uuden sy\u00f6tteen luominen [&hellip;]<\/p>\n","protected":false},"author":79,"featured_media":0,"parent":0,"menu_order":19,"comment_status":"open","ping_status":"open","template":"","meta":{"_acf_changed":false,"_relevanssi_hide_post":"","_relevanssi_hide_content":"","_relevanssi_pin_for_all":"","_relevanssi_pin_keywords":"","_relevanssi_unpin_keywords":"","_relevanssi_related_keywords":"","_relevanssi_related_include_ids":"","_relevanssi_related_exclude_ids":"","_relevanssi_related_no_append":"","_relevanssi_related_not_related":"","_relevanssi_related_posts":"","_relevanssi_noindex_reason":"","footnotes":""},"categories":[1],"tags":[],"class_list":["post-167","page","type-page","status-publish","hentry","category-yleinen"],"acf":[],"yoast_head":"<!-- This site is optimized with the Yoast SEO plugin v27.4 - https:\/\/yoast.com\/product\/yoast-seo-wordpress\/ -->\n<title>RSS Feedbuilder - Lyhytkurssi<\/title>\n<meta name=\"robots\" content=\"index, follow, max-snippet:-1, max-image-preview:large, max-video-preview:-1\" \/>\n<link rel=\"canonical\" href=\"https:\/\/help.jamk.fi\/lyhytkurssi\/fi\/rss-feedbuilder\/\" \/>\n<meta property=\"og:locale\" content=\"fi_FI\" \/>\n<meta property=\"og:type\" content=\"article\" \/>\n<meta property=\"og:title\" content=\"RSS Feedbuilder - Lyhytkurssi\" \/>\n<meta property=\"og:description\" content=\"Feedbuilderin avulla Lyhytkurssista saadaan listattua kurssitietoja RSS-sy\u00f6ttein\u00e4. N\u00e4it\u00e4 sy\u00f6tteit\u00e4 voi hy\u00f6dynt\u00e4\u00e4 esimerkiksi markkinoinnissa. Esimerkkein\u00e4 listauksista voivat olla vaikkapa &#8221;Avoimen amkin kurssit kev\u00e4\u00e4ll\u00e4 2011&#8221;, &#8221;Kieli- ja viestint\u00e4opintojen verkkokurssitarjonta&#8221; jne&#8230; RSS-sy\u00f6tteiden luominen ja k\u00e4ytt\u00f6 vaatii erillisi\u00e4 k\u00e4ytt\u00f6oikeuksia. Mik\u00e4li haluaisit hy\u00f6dynt\u00e4\u00e4 Lyhytkurssin RSS-sy\u00f6tteit\u00e4 tavalla tai toisella, ota yhteytt\u00e4 markkinointiyksikk\u00f6\u00f6n. Feedbuilderin k\u00e4ytt\u00f6 Feedbuilderissa on kaksi perusn\u00e4kym\u00e4\u00e4: uuden sy\u00f6tteen luominen [&hellip;]\" \/>\n<meta property=\"og:url\" content=\"https:\/\/help.jamk.fi\/lyhytkurssi\/fi\/rss-feedbuilder\/\" \/>\n<meta property=\"og:site_name\" content=\"Lyhytkurssi\" \/>\n<meta property=\"article:modified_time\" content=\"2024-11-01T13:21:59+00:00\" \/>\n<meta name=\"twitter:card\" content=\"summary_large_image\" \/>\n<meta name=\"twitter:label1\" content=\"Arvioitu lukuaika\" \/>\n\t<meta name=\"twitter:data1\" content=\"4 minuuttia\" \/>\n<script type=\"application\/ld+json\" class=\"yoast-schema-graph\">{\"@context\":\"https:\\\/\\\/schema.org\",\"@graph\":[{\"@type\":\"WebPage\",\"@id\":\"https:\\\/\\\/help.jamk.fi\\\/lyhytkurssi\\\/fi\\\/rss-feedbuilder\\\/\",\"url\":\"https:\\\/\\\/help.jamk.fi\\\/lyhytkurssi\\\/fi\\\/rss-feedbuilder\\\/\",\"name\":\"RSS Feedbuilder - Lyhytkurssi\",\"isPartOf\":{\"@id\":\"https:\\\/\\\/help.jamk.fi\\\/lyhytkurssi\\\/#website\"},\"datePublished\":\"2010-10-22T09:01:51+00:00\",\"dateModified\":\"2024-11-01T13:21:59+00:00\",\"breadcrumb\":{\"@id\":\"https:\\\/\\\/help.jamk.fi\\\/lyhytkurssi\\\/fi\\\/rss-feedbuilder\\\/#breadcrumb\"},\"inLanguage\":\"fi\",\"potentialAction\":[{\"@type\":\"ReadAction\",\"target\":[\"https:\\\/\\\/help.jamk.fi\\\/lyhytkurssi\\\/fi\\\/rss-feedbuilder\\\/\"]}]},{\"@type\":\"BreadcrumbList\",\"@id\":\"https:\\\/\\\/help.jamk.fi\\\/lyhytkurssi\\\/fi\\\/rss-feedbuilder\\\/#breadcrumb\",\"itemListElement\":[{\"@type\":\"ListItem\",\"position\":1,\"name\":\"Etusivu\",\"item\":\"https:\\\/\\\/help.jamk.fi\\\/lyhytkurssi\\\/fi\\\/\"},{\"@type\":\"ListItem\",\"position\":2,\"name\":\"RSS Feedbuilder\"}]},{\"@type\":\"WebSite\",\"@id\":\"https:\\\/\\\/help.jamk.fi\\\/lyhytkurssi\\\/#website\",\"url\":\"https:\\\/\\\/help.jamk.fi\\\/lyhytkurssi\\\/\",\"name\":\"Lyhytkurssi\",\"description\":\"\",\"potentialAction\":[{\"@type\":\"SearchAction\",\"target\":{\"@type\":\"EntryPoint\",\"urlTemplate\":\"https:\\\/\\\/help.jamk.fi\\\/lyhytkurssi\\\/?s={search_term_string}\"},\"query-input\":{\"@type\":\"PropertyValueSpecification\",\"valueRequired\":true,\"valueName\":\"search_term_string\"}}],\"inLanguage\":\"fi\"}]}<\/script>\n<!-- \/ Yoast SEO plugin. -->","yoast_head_json":{"title":"RSS Feedbuilder - Lyhytkurssi","robots":{"index":"index","follow":"follow","max-snippet":"max-snippet:-1","max-image-preview":"max-image-preview:large","max-video-preview":"max-video-preview:-1"},"canonical":"https:\/\/help.jamk.fi\/lyhytkurssi\/fi\/rss-feedbuilder\/","og_locale":"fi_FI","og_type":"article","og_title":"RSS Feedbuilder - Lyhytkurssi","og_description":"Feedbuilderin avulla Lyhytkurssista saadaan listattua kurssitietoja RSS-sy\u00f6ttein\u00e4. N\u00e4it\u00e4 sy\u00f6tteit\u00e4 voi hy\u00f6dynt\u00e4\u00e4 esimerkiksi markkinoinnissa. Esimerkkein\u00e4 listauksista voivat olla vaikkapa &#8221;Avoimen amkin kurssit kev\u00e4\u00e4ll\u00e4 2011&#8221;, &#8221;Kieli- ja viestint\u00e4opintojen verkkokurssitarjonta&#8221; jne&#8230; RSS-sy\u00f6tteiden luominen ja k\u00e4ytt\u00f6 vaatii erillisi\u00e4 k\u00e4ytt\u00f6oikeuksia. Mik\u00e4li haluaisit hy\u00f6dynt\u00e4\u00e4 Lyhytkurssin RSS-sy\u00f6tteit\u00e4 tavalla tai toisella, ota yhteytt\u00e4 markkinointiyksikk\u00f6\u00f6n. Feedbuilderin k\u00e4ytt\u00f6 Feedbuilderissa on kaksi perusn\u00e4kym\u00e4\u00e4: uuden sy\u00f6tteen luominen [&hellip;]","og_url":"https:\/\/help.jamk.fi\/lyhytkurssi\/fi\/rss-feedbuilder\/","og_site_name":"Lyhytkurssi","article_modified_time":"2024-11-01T13:21:59+00:00","twitter_card":"summary_large_image","twitter_misc":{"Arvioitu lukuaika":"4 minuuttia"},"schema":{"@context":"https:\/\/schema.org","@graph":[{"@type":"WebPage","@id":"https:\/\/help.jamk.fi\/lyhytkurssi\/fi\/rss-feedbuilder\/","url":"https:\/\/help.jamk.fi\/lyhytkurssi\/fi\/rss-feedbuilder\/","name":"RSS Feedbuilder - Lyhytkurssi","isPartOf":{"@id":"https:\/\/help.jamk.fi\/lyhytkurssi\/#website"},"datePublished":"2010-10-22T09:01:51+00:00","dateModified":"2024-11-01T13:21:59+00:00","breadcrumb":{"@id":"https:\/\/help.jamk.fi\/lyhytkurssi\/fi\/rss-feedbuilder\/#breadcrumb"},"inLanguage":"fi","potentialAction":[{"@type":"ReadAction","target":["https:\/\/help.jamk.fi\/lyhytkurssi\/fi\/rss-feedbuilder\/"]}]},{"@type":"BreadcrumbList","@id":"https:\/\/help.jamk.fi\/lyhytkurssi\/fi\/rss-feedbuilder\/#breadcrumb","itemListElement":[{"@type":"ListItem","position":1,"name":"Etusivu","item":"https:\/\/help.jamk.fi\/lyhytkurssi\/fi\/"},{"@type":"ListItem","position":2,"name":"RSS Feedbuilder"}]},{"@type":"WebSite","@id":"https:\/\/help.jamk.fi\/lyhytkurssi\/#website","url":"https:\/\/help.jamk.fi\/lyhytkurssi\/","name":"Lyhytkurssi","description":"","potentialAction":[{"@type":"SearchAction","target":{"@type":"EntryPoint","urlTemplate":"https:\/\/help.jamk.fi\/lyhytkurssi\/?s={search_term_string}"},"query-input":{"@type":"PropertyValueSpecification","valueRequired":true,"valueName":"search_term_string"}}],"inLanguage":"fi"}]}},"_links":{"self":[{"href":"https:\/\/help.jamk.fi\/lyhytkurssi\/wp-json\/wp\/v2\/pages\/167","targetHints":{"allow":["GET"]}}],"collection":[{"href":"https:\/\/help.jamk.fi\/lyhytkurssi\/wp-json\/wp\/v2\/pages"}],"about":[{"href":"https:\/\/help.jamk.fi\/lyhytkurssi\/wp-json\/wp\/v2\/types\/page"}],"author":[{"embeddable":true,"href":"https:\/\/help.jamk.fi\/lyhytkurssi\/wp-json\/wp\/v2\/users\/79"}],"replies":[{"embeddable":true,"href":"https:\/\/help.jamk.fi\/lyhytkurssi\/wp-json\/wp\/v2\/comments?post=167"}],"version-history":[{"count":4,"href":"https:\/\/help.jamk.fi\/lyhytkurssi\/wp-json\/wp\/v2\/pages\/167\/revisions"}],"predecessor-version":[{"id":1857,"href":"https:\/\/help.jamk.fi\/lyhytkurssi\/wp-json\/wp\/v2\/pages\/167\/revisions\/1857"}],"wp:attachment":[{"href":"https:\/\/help.jamk.fi\/lyhytkurssi\/wp-json\/wp\/v2\/media?parent=167"}],"wp:term":[{"taxonomy":"category","embeddable":true,"href":"https:\/\/help.jamk.fi\/lyhytkurssi\/wp-json\/wp\/v2\/categories?post=167"},{"taxonomy":"post_tag","embeddable":true,"href":"https:\/\/help.jamk.fi\/lyhytkurssi\/wp-json\/wp\/v2\/tags?post=167"}],"curies":[{"name":"wp","href":"https:\/\/api.w.org\/{rel}","templated":true}]}}