{"id":176,"date":"2010-10-27T13:41:12","date_gmt":"2010-10-27T10:41:12","guid":{"rendered":"https:\/\/help.jamk.fi\/lyhytkurssi\/lyhytkurssiin-liittyvaa-sanastoa\/"},"modified":"2024-11-04T13:30:16","modified_gmt":"2024-11-04T11:30:16","slug":"lyhytkurssiin-liittyvaa-sanastoa","status":"publish","type":"page","link":"https:\/\/help.jamk.fi\/lyhytkurssi\/fi\/lyhytkurssiin-liittyvaa-sanastoa\/","title":{"rendered":"Lyhytkurssiin liittyv\u00e4\u00e4 sanastoa"},"content":{"rendered":"\n<p>T\u00e4lle sivulle on koottu Lyhytkurssiin liittyv\u00e4\u00e4 sanastoa selityksineen.<\/p>\n\n\n\n<p><strong>asiakas<\/strong> =yritys tai henkil\u00f6asiakas, tiedot tallennetaan asiakasrekisteriin. &#8221;Asiakas&#8221; on &#8221;Henkil\u00f6n&#8221; ty\u00f6nantaja.<\/p>\n\n\n\n<p><strong>henkil\u00f6<\/strong> = fyysinen henkil\u00f6, henkil\u00f6ll\u00e4 on siis sotu. Tiedot tallennetaan henkil\u00f6rekisteriin.<\/p>\n\n\n\n<p><strong>kurssi<\/strong> = mik\u00e4 tahansa koulutuksen ilmentym\u00e4 Lyhytkurssissa, voi siis olla my\u00f6s esim. yhden p\u00e4iv\u00e4n seminaari<\/p>\n\n\n\n<p><strong>Lyhki<\/strong> = &#8221;lempinimi&#8221; Lyhytkurssi-ohjelmistolle<\/p>\n\n\n\n<p><strong>ilmo<\/strong> = lyhyempi nimitys ilmoittautumiselle<\/p>\n\n\n\n<p><strong>ilmoittautuminen<\/strong> =asiakkaan ilmoittautuminen tietylle kurssille. Ilmoittautumiseen kiinnitet\u00e4\u00e4n henkil\u00f6, ty\u00f6nantaja (eli asiakas, ks. selitys ylemp\u00e4\u00e4) ja maksaja.<\/p>\n\n\n\n<p><strong>v\u00e4yl\u00e4opinnot (ent. polkuopinnot)<\/strong> = opintokokonaisuus avoimen ammattikorkeakoulun opiskelijalle<\/p>\n\n\n\n<p><strong>varaus<\/strong> = ilmoittautuminen, johon on kiinnitykset tehty ja joka on hyv\u00e4ksytty kurssille<\/p>\n","protected":false},"excerpt":{"rendered":"<p>T\u00e4lle sivulle on koottu Lyhytkurssiin liittyv\u00e4\u00e4 sanastoa selityksineen. asiakas =yritys tai henkil\u00f6asiakas, tiedot tallennetaan asiakasrekisteriin. &#8221;Asiakas&#8221; on &#8221;Henkil\u00f6n&#8221; ty\u00f6nantaja. henkil\u00f6 = fyysinen henkil\u00f6, henkil\u00f6ll\u00e4 on siis sotu. Tiedot tallennetaan henkil\u00f6rekisteriin. kurssi = mik\u00e4 tahansa koulutuksen ilmentym\u00e4 Lyhytkurssissa, voi siis olla my\u00f6s esim. yhden p\u00e4iv\u00e4n seminaari Lyhki = &#8221;lempinimi&#8221; Lyhytkurssi-ohjelmistolle ilmo = lyhyempi nimitys ilmoittautumiselle ilmoittautuminen [&hellip;]<\/p>\n","protected":false},"author":79,"featured_media":0,"parent":0,"menu_order":10,"comment_status":"open","ping_status":"open","template":"","meta":{"_acf_changed":false,"_relevanssi_hide_post":"","_relevanssi_hide_content":"","_relevanssi_pin_for_all":"","_relevanssi_pin_keywords":"","_relevanssi_unpin_keywords":"","_relevanssi_related_keywords":"","_relevanssi_related_include_ids":"","_relevanssi_related_exclude_ids":"","_relevanssi_related_no_append":"","_relevanssi_related_not_related":"","_relevanssi_related_posts":"","_relevanssi_noindex_reason":"","footnotes":""},"categories":[1],"tags":[],"class_list":["post-176","page","type-page","status-publish","hentry","category-yleinen"],"acf":[],"yoast_head":"<!-- This site is optimized with the Yoast SEO plugin v27.3 - https:\/\/yoast.com\/product\/yoast-seo-wordpress\/ -->\n<title>Lyhytkurssiin liittyv\u00e4\u00e4 sanastoa - Lyhytkurssi<\/title>\n<meta name=\"robots\" content=\"index, follow, max-snippet:-1, max-image-preview:large, max-video-preview:-1\" \/>\n<link rel=\"canonical\" href=\"https:\/\/help.jamk.fi\/lyhytkurssi\/fi\/lyhytkurssiin-liittyvaa-sanastoa\/\" \/>\n<meta property=\"og:locale\" content=\"fi_FI\" \/>\n<meta property=\"og:type\" content=\"article\" \/>\n<meta property=\"og:title\" content=\"Lyhytkurssiin liittyv\u00e4\u00e4 sanastoa - Lyhytkurssi\" \/>\n<meta property=\"og:description\" content=\"T\u00e4lle sivulle on koottu Lyhytkurssiin liittyv\u00e4\u00e4 sanastoa selityksineen. asiakas =yritys tai henkil\u00f6asiakas, tiedot tallennetaan asiakasrekisteriin. &#8221;Asiakas&#8221; on &#8221;Henkil\u00f6n&#8221; ty\u00f6nantaja. henkil\u00f6 = fyysinen henkil\u00f6, henkil\u00f6ll\u00e4 on siis sotu. Tiedot tallennetaan henkil\u00f6rekisteriin. kurssi = mik\u00e4 tahansa koulutuksen ilmentym\u00e4 Lyhytkurssissa, voi siis olla my\u00f6s esim. yhden p\u00e4iv\u00e4n seminaari Lyhki = &#8221;lempinimi&#8221; Lyhytkurssi-ohjelmistolle ilmo = lyhyempi nimitys ilmoittautumiselle ilmoittautuminen [&hellip;]\" \/>\n<meta property=\"og:url\" content=\"https:\/\/help.jamk.fi\/lyhytkurssi\/fi\/lyhytkurssiin-liittyvaa-sanastoa\/\" \/>\n<meta property=\"og:site_name\" content=\"Lyhytkurssi\" \/>\n<meta property=\"article:modified_time\" content=\"2024-11-04T11:30:16+00:00\" \/>\n<meta name=\"twitter:card\" content=\"summary_large_image\" \/>\n<meta name=\"twitter:label1\" content=\"Arvioitu lukuaika\" \/>\n\t<meta name=\"twitter:data1\" content=\"1 minuutti\" \/>\n<script type=\"application\/ld+json\" class=\"yoast-schema-graph\">{\"@context\":\"https:\\\/\\\/schema.org\",\"@graph\":[{\"@type\":\"WebPage\",\"@id\":\"https:\\\/\\\/help.jamk.fi\\\/lyhytkurssi\\\/fi\\\/lyhytkurssiin-liittyvaa-sanastoa\\\/\",\"url\":\"https:\\\/\\\/help.jamk.fi\\\/lyhytkurssi\\\/fi\\\/lyhytkurssiin-liittyvaa-sanastoa\\\/\",\"name\":\"Lyhytkurssiin liittyv\u00e4\u00e4 sanastoa - Lyhytkurssi\",\"isPartOf\":{\"@id\":\"https:\\\/\\\/help.jamk.fi\\\/lyhytkurssi\\\/#website\"},\"datePublished\":\"2010-10-27T10:41:12+00:00\",\"dateModified\":\"2024-11-04T11:30:16+00:00\",\"breadcrumb\":{\"@id\":\"https:\\\/\\\/help.jamk.fi\\\/lyhytkurssi\\\/fi\\\/lyhytkurssiin-liittyvaa-sanastoa\\\/#breadcrumb\"},\"inLanguage\":\"fi\",\"potentialAction\":[{\"@type\":\"ReadAction\",\"target\":[\"https:\\\/\\\/help.jamk.fi\\\/lyhytkurssi\\\/fi\\\/lyhytkurssiin-liittyvaa-sanastoa\\\/\"]}]},{\"@type\":\"BreadcrumbList\",\"@id\":\"https:\\\/\\\/help.jamk.fi\\\/lyhytkurssi\\\/fi\\\/lyhytkurssiin-liittyvaa-sanastoa\\\/#breadcrumb\",\"itemListElement\":[{\"@type\":\"ListItem\",\"position\":1,\"name\":\"Etusivu\",\"item\":\"https:\\\/\\\/help.jamk.fi\\\/lyhytkurssi\\\/fi\\\/\"},{\"@type\":\"ListItem\",\"position\":2,\"name\":\"Lyhytkurssiin liittyv\u00e4\u00e4 sanastoa\"}]},{\"@type\":\"WebSite\",\"@id\":\"https:\\\/\\\/help.jamk.fi\\\/lyhytkurssi\\\/#website\",\"url\":\"https:\\\/\\\/help.jamk.fi\\\/lyhytkurssi\\\/\",\"name\":\"Lyhytkurssi\",\"description\":\"\",\"potentialAction\":[{\"@type\":\"SearchAction\",\"target\":{\"@type\":\"EntryPoint\",\"urlTemplate\":\"https:\\\/\\\/help.jamk.fi\\\/lyhytkurssi\\\/?s={search_term_string}\"},\"query-input\":{\"@type\":\"PropertyValueSpecification\",\"valueRequired\":true,\"valueName\":\"search_term_string\"}}],\"inLanguage\":\"fi\"}]}<\/script>\n<!-- \/ Yoast SEO plugin. -->","yoast_head_json":{"title":"Lyhytkurssiin liittyv\u00e4\u00e4 sanastoa - Lyhytkurssi","robots":{"index":"index","follow":"follow","max-snippet":"max-snippet:-1","max-image-preview":"max-image-preview:large","max-video-preview":"max-video-preview:-1"},"canonical":"https:\/\/help.jamk.fi\/lyhytkurssi\/fi\/lyhytkurssiin-liittyvaa-sanastoa\/","og_locale":"fi_FI","og_type":"article","og_title":"Lyhytkurssiin liittyv\u00e4\u00e4 sanastoa - Lyhytkurssi","og_description":"T\u00e4lle sivulle on koottu Lyhytkurssiin liittyv\u00e4\u00e4 sanastoa selityksineen. asiakas =yritys tai henkil\u00f6asiakas, tiedot tallennetaan asiakasrekisteriin. &#8221;Asiakas&#8221; on &#8221;Henkil\u00f6n&#8221; ty\u00f6nantaja. henkil\u00f6 = fyysinen henkil\u00f6, henkil\u00f6ll\u00e4 on siis sotu. Tiedot tallennetaan henkil\u00f6rekisteriin. kurssi = mik\u00e4 tahansa koulutuksen ilmentym\u00e4 Lyhytkurssissa, voi siis olla my\u00f6s esim. yhden p\u00e4iv\u00e4n seminaari Lyhki = &#8221;lempinimi&#8221; Lyhytkurssi-ohjelmistolle ilmo = lyhyempi nimitys ilmoittautumiselle ilmoittautuminen [&hellip;]","og_url":"https:\/\/help.jamk.fi\/lyhytkurssi\/fi\/lyhytkurssiin-liittyvaa-sanastoa\/","og_site_name":"Lyhytkurssi","article_modified_time":"2024-11-04T11:30:16+00:00","twitter_card":"summary_large_image","twitter_misc":{"Arvioitu lukuaika":"1 minuutti"},"schema":{"@context":"https:\/\/schema.org","@graph":[{"@type":"WebPage","@id":"https:\/\/help.jamk.fi\/lyhytkurssi\/fi\/lyhytkurssiin-liittyvaa-sanastoa\/","url":"https:\/\/help.jamk.fi\/lyhytkurssi\/fi\/lyhytkurssiin-liittyvaa-sanastoa\/","name":"Lyhytkurssiin liittyv\u00e4\u00e4 sanastoa - Lyhytkurssi","isPartOf":{"@id":"https:\/\/help.jamk.fi\/lyhytkurssi\/#website"},"datePublished":"2010-10-27T10:41:12+00:00","dateModified":"2024-11-04T11:30:16+00:00","breadcrumb":{"@id":"https:\/\/help.jamk.fi\/lyhytkurssi\/fi\/lyhytkurssiin-liittyvaa-sanastoa\/#breadcrumb"},"inLanguage":"fi","potentialAction":[{"@type":"ReadAction","target":["https:\/\/help.jamk.fi\/lyhytkurssi\/fi\/lyhytkurssiin-liittyvaa-sanastoa\/"]}]},{"@type":"BreadcrumbList","@id":"https:\/\/help.jamk.fi\/lyhytkurssi\/fi\/lyhytkurssiin-liittyvaa-sanastoa\/#breadcrumb","itemListElement":[{"@type":"ListItem","position":1,"name":"Etusivu","item":"https:\/\/help.jamk.fi\/lyhytkurssi\/fi\/"},{"@type":"ListItem","position":2,"name":"Lyhytkurssiin liittyv\u00e4\u00e4 sanastoa"}]},{"@type":"WebSite","@id":"https:\/\/help.jamk.fi\/lyhytkurssi\/#website","url":"https:\/\/help.jamk.fi\/lyhytkurssi\/","name":"Lyhytkurssi","description":"","potentialAction":[{"@type":"SearchAction","target":{"@type":"EntryPoint","urlTemplate":"https:\/\/help.jamk.fi\/lyhytkurssi\/?s={search_term_string}"},"query-input":{"@type":"PropertyValueSpecification","valueRequired":true,"valueName":"search_term_string"}}],"inLanguage":"fi"}]}},"_links":{"self":[{"href":"https:\/\/help.jamk.fi\/lyhytkurssi\/wp-json\/wp\/v2\/pages\/176","targetHints":{"allow":["GET"]}}],"collection":[{"href":"https:\/\/help.jamk.fi\/lyhytkurssi\/wp-json\/wp\/v2\/pages"}],"about":[{"href":"https:\/\/help.jamk.fi\/lyhytkurssi\/wp-json\/wp\/v2\/types\/page"}],"author":[{"embeddable":true,"href":"https:\/\/help.jamk.fi\/lyhytkurssi\/wp-json\/wp\/v2\/users\/79"}],"replies":[{"embeddable":true,"href":"https:\/\/help.jamk.fi\/lyhytkurssi\/wp-json\/wp\/v2\/comments?post=176"}],"version-history":[{"count":5,"href":"https:\/\/help.jamk.fi\/lyhytkurssi\/wp-json\/wp\/v2\/pages\/176\/revisions"}],"predecessor-version":[{"id":1913,"href":"https:\/\/help.jamk.fi\/lyhytkurssi\/wp-json\/wp\/v2\/pages\/176\/revisions\/1913"}],"wp:attachment":[{"href":"https:\/\/help.jamk.fi\/lyhytkurssi\/wp-json\/wp\/v2\/media?parent=176"}],"wp:term":[{"taxonomy":"category","embeddable":true,"href":"https:\/\/help.jamk.fi\/lyhytkurssi\/wp-json\/wp\/v2\/categories?post=176"},{"taxonomy":"post_tag","embeddable":true,"href":"https:\/\/help.jamk.fi\/lyhytkurssi\/wp-json\/wp\/v2\/tags?post=176"}],"curies":[{"name":"wp","href":"https:\/\/api.w.org\/{rel}","templated":true}]}}