{"id":182,"date":"2010-10-27T13:55:16","date_gmt":"2010-10-27T10:55:16","guid":{"rendered":"https:\/\/help.jamk.fi\/lyhytkurssi\/kurssitietojen-yllapito\/uuden-kurssin-perustaminen\/"},"modified":"2023-11-15T13:00:41","modified_gmt":"2023-11-15T11:00:41","slug":"uuden-kurssin-perustaminen","status":"publish","type":"page","link":"https:\/\/help.jamk.fi\/lyhytkurssi\/fi\/kurssitietojen-yllapito\/uuden-kurssin-perustaminen\/","title":{"rendered":"Uuden kurssin perustaminen tai kurssien haku"},"content":{"rendered":"\n<ol class=\"wp-block-list\">\n<li>Valitse p\u00e4\u00e4valikossa <strong>Kurssitietojen yll\u00e4pito.<\/strong><\/li>\n\n\n\n<li>Klikkaa <strong>Perusta uusi kurssi\/kokonaisuus<\/strong> tai anna tarvittavat <strong>hakukriteerit<\/strong> olemassaolevaa kurssia hakiessasi, esim kurssikoodin osa tai navigaatio-kohdasta haluttu koulutustyyppi. % -merkki toimii katkaisumerkkin\u00e4, esimerkiksi kurssinimikent\u00e4ss\u00e4 %ruotsi% hakee kaikki kurssit, joiden nimess\u00e4 on sana ruotsi.<\/li>\n\n\n\n<li>Napsauta <strong>Hae<\/strong>-painiketta.<\/li>\n\n\n\n<li>Kun tiedot on sy\u00f6tetty tai muutettu, paina<strong> Tallenna muutokset<\/strong> -nappia. (jos haluat poistua tallentamatta muutoksia, paina Sulje ikkuna -nappia)<\/li>\n\n\n\n<li>Paina lopuksi <strong>Sulje ikkuna<\/strong> -nappia.<\/li>\n<\/ol>\n","protected":false},"excerpt":{"rendered":"","protected":false},"author":79,"featured_media":0,"parent":179,"menu_order":2,"comment_status":"open","ping_status":"closed","template":"","meta":{"_acf_changed":false,"_relevanssi_hide_post":"","_relevanssi_hide_content":"","_relevanssi_pin_for_all":"","_relevanssi_pin_keywords":"","_relevanssi_unpin_keywords":"","_relevanssi_related_keywords":"","_relevanssi_related_include_ids":"","_relevanssi_related_exclude_ids":"","_relevanssi_related_no_append":"","_relevanssi_related_not_related":"","_relevanssi_related_posts":"","_relevanssi_noindex_reason":"","footnotes":""},"categories":[1],"tags":[],"class_list":["post-182","page","type-page","status-publish","hentry","category-yleinen"],"acf":[],"yoast_head":"<!-- This site is optimized with the Yoast SEO plugin v27.4 - https:\/\/yoast.com\/product\/yoast-seo-wordpress\/ -->\n<title>Uuden kurssin perustaminen tai kurssien haku - Lyhytkurssi<\/title>\n<meta name=\"robots\" content=\"index, follow, max-snippet:-1, max-image-preview:large, max-video-preview:-1\" \/>\n<link rel=\"canonical\" href=\"https:\/\/help.jamk.fi\/lyhytkurssi\/fi\/kurssitietojen-yllapito\/uuden-kurssin-perustaminen\/\" \/>\n<meta property=\"og:locale\" content=\"fi_FI\" \/>\n<meta property=\"og:type\" content=\"article\" \/>\n<meta property=\"og:title\" content=\"Uuden kurssin perustaminen tai kurssien haku - Lyhytkurssi\" \/>\n<meta property=\"og:url\" content=\"https:\/\/help.jamk.fi\/lyhytkurssi\/fi\/kurssitietojen-yllapito\/uuden-kurssin-perustaminen\/\" \/>\n<meta property=\"og:site_name\" content=\"Lyhytkurssi\" \/>\n<meta property=\"article:modified_time\" content=\"2023-11-15T11:00:41+00:00\" \/>\n<meta name=\"twitter:card\" content=\"summary_large_image\" \/>\n<script type=\"application\/ld+json\" class=\"yoast-schema-graph\">{\"@context\":\"https:\\\/\\\/schema.org\",\"@graph\":[{\"@type\":\"WebPage\",\"@id\":\"https:\\\/\\\/help.jamk.fi\\\/lyhytkurssi\\\/fi\\\/kurssitietojen-yllapito\\\/uuden-kurssin-perustaminen\\\/\",\"url\":\"https:\\\/\\\/help.jamk.fi\\\/lyhytkurssi\\\/fi\\\/kurssitietojen-yllapito\\\/uuden-kurssin-perustaminen\\\/\",\"name\":\"Uuden kurssin perustaminen tai kurssien haku - Lyhytkurssi\",\"isPartOf\":{\"@id\":\"https:\\\/\\\/help.jamk.fi\\\/lyhytkurssi\\\/#website\"},\"datePublished\":\"2010-10-27T10:55:16+00:00\",\"dateModified\":\"2023-11-15T11:00:41+00:00\",\"breadcrumb\":{\"@id\":\"https:\\\/\\\/help.jamk.fi\\\/lyhytkurssi\\\/fi\\\/kurssitietojen-yllapito\\\/uuden-kurssin-perustaminen\\\/#breadcrumb\"},\"inLanguage\":\"fi\",\"potentialAction\":[{\"@type\":\"ReadAction\",\"target\":[\"https:\\\/\\\/help.jamk.fi\\\/lyhytkurssi\\\/fi\\\/kurssitietojen-yllapito\\\/uuden-kurssin-perustaminen\\\/\"]}]},{\"@type\":\"BreadcrumbList\",\"@id\":\"https:\\\/\\\/help.jamk.fi\\\/lyhytkurssi\\\/fi\\\/kurssitietojen-yllapito\\\/uuden-kurssin-perustaminen\\\/#breadcrumb\",\"itemListElement\":[{\"@type\":\"ListItem\",\"position\":1,\"name\":\"Etusivu\",\"item\":\"https:\\\/\\\/help.jamk.fi\\\/lyhytkurssi\\\/fi\\\/\"},{\"@type\":\"ListItem\",\"position\":2,\"name\":\"Kurssitietojen yll\u00e4pito\",\"item\":\"https:\\\/\\\/help.jamk.fi\\\/lyhytkurssi\\\/fi\\\/kurssitietojen-yllapito\\\/\"},{\"@type\":\"ListItem\",\"position\":3,\"name\":\"Uuden kurssin perustaminen tai kurssien haku\"}]},{\"@type\":\"WebSite\",\"@id\":\"https:\\\/\\\/help.jamk.fi\\\/lyhytkurssi\\\/#website\",\"url\":\"https:\\\/\\\/help.jamk.fi\\\/lyhytkurssi\\\/\",\"name\":\"Lyhytkurssi\",\"description\":\"\",\"potentialAction\":[{\"@type\":\"SearchAction\",\"target\":{\"@type\":\"EntryPoint\",\"urlTemplate\":\"https:\\\/\\\/help.jamk.fi\\\/lyhytkurssi\\\/?s={search_term_string}\"},\"query-input\":{\"@type\":\"PropertyValueSpecification\",\"valueRequired\":true,\"valueName\":\"search_term_string\"}}],\"inLanguage\":\"fi\"}]}<\/script>\n<!-- \/ Yoast SEO plugin. -->","yoast_head_json":{"title":"Uuden kurssin perustaminen tai kurssien haku - Lyhytkurssi","robots":{"index":"index","follow":"follow","max-snippet":"max-snippet:-1","max-image-preview":"max-image-preview:large","max-video-preview":"max-video-preview:-1"},"canonical":"https:\/\/help.jamk.fi\/lyhytkurssi\/fi\/kurssitietojen-yllapito\/uuden-kurssin-perustaminen\/","og_locale":"fi_FI","og_type":"article","og_title":"Uuden kurssin perustaminen tai kurssien haku - Lyhytkurssi","og_url":"https:\/\/help.jamk.fi\/lyhytkurssi\/fi\/kurssitietojen-yllapito\/uuden-kurssin-perustaminen\/","og_site_name":"Lyhytkurssi","article_modified_time":"2023-11-15T11:00:41+00:00","twitter_card":"summary_large_image","schema":{"@context":"https:\/\/schema.org","@graph":[{"@type":"WebPage","@id":"https:\/\/help.jamk.fi\/lyhytkurssi\/fi\/kurssitietojen-yllapito\/uuden-kurssin-perustaminen\/","url":"https:\/\/help.jamk.fi\/lyhytkurssi\/fi\/kurssitietojen-yllapito\/uuden-kurssin-perustaminen\/","name":"Uuden kurssin perustaminen tai kurssien haku - Lyhytkurssi","isPartOf":{"@id":"https:\/\/help.jamk.fi\/lyhytkurssi\/#website"},"datePublished":"2010-10-27T10:55:16+00:00","dateModified":"2023-11-15T11:00:41+00:00","breadcrumb":{"@id":"https:\/\/help.jamk.fi\/lyhytkurssi\/fi\/kurssitietojen-yllapito\/uuden-kurssin-perustaminen\/#breadcrumb"},"inLanguage":"fi","potentialAction":[{"@type":"ReadAction","target":["https:\/\/help.jamk.fi\/lyhytkurssi\/fi\/kurssitietojen-yllapito\/uuden-kurssin-perustaminen\/"]}]},{"@type":"BreadcrumbList","@id":"https:\/\/help.jamk.fi\/lyhytkurssi\/fi\/kurssitietojen-yllapito\/uuden-kurssin-perustaminen\/#breadcrumb","itemListElement":[{"@type":"ListItem","position":1,"name":"Etusivu","item":"https:\/\/help.jamk.fi\/lyhytkurssi\/fi\/"},{"@type":"ListItem","position":2,"name":"Kurssitietojen yll\u00e4pito","item":"https:\/\/help.jamk.fi\/lyhytkurssi\/fi\/kurssitietojen-yllapito\/"},{"@type":"ListItem","position":3,"name":"Uuden kurssin perustaminen tai kurssien haku"}]},{"@type":"WebSite","@id":"https:\/\/help.jamk.fi\/lyhytkurssi\/#website","url":"https:\/\/help.jamk.fi\/lyhytkurssi\/","name":"Lyhytkurssi","description":"","potentialAction":[{"@type":"SearchAction","target":{"@type":"EntryPoint","urlTemplate":"https:\/\/help.jamk.fi\/lyhytkurssi\/?s={search_term_string}"},"query-input":{"@type":"PropertyValueSpecification","valueRequired":true,"valueName":"search_term_string"}}],"inLanguage":"fi"}]}},"_links":{"self":[{"href":"https:\/\/help.jamk.fi\/lyhytkurssi\/wp-json\/wp\/v2\/pages\/182","targetHints":{"allow":["GET"]}}],"collection":[{"href":"https:\/\/help.jamk.fi\/lyhytkurssi\/wp-json\/wp\/v2\/pages"}],"about":[{"href":"https:\/\/help.jamk.fi\/lyhytkurssi\/wp-json\/wp\/v2\/types\/page"}],"author":[{"embeddable":true,"href":"https:\/\/help.jamk.fi\/lyhytkurssi\/wp-json\/wp\/v2\/users\/79"}],"replies":[{"embeddable":true,"href":"https:\/\/help.jamk.fi\/lyhytkurssi\/wp-json\/wp\/v2\/comments?post=182"}],"version-history":[{"count":2,"href":"https:\/\/help.jamk.fi\/lyhytkurssi\/wp-json\/wp\/v2\/pages\/182\/revisions"}],"predecessor-version":[{"id":1619,"href":"https:\/\/help.jamk.fi\/lyhytkurssi\/wp-json\/wp\/v2\/pages\/182\/revisions\/1619"}],"up":[{"embeddable":true,"href":"https:\/\/help.jamk.fi\/lyhytkurssi\/wp-json\/wp\/v2\/pages\/179"}],"wp:attachment":[{"href":"https:\/\/help.jamk.fi\/lyhytkurssi\/wp-json\/wp\/v2\/media?parent=182"}],"wp:term":[{"taxonomy":"category","embeddable":true,"href":"https:\/\/help.jamk.fi\/lyhytkurssi\/wp-json\/wp\/v2\/categories?post=182"},{"taxonomy":"post_tag","embeddable":true,"href":"https:\/\/help.jamk.fi\/lyhytkurssi\/wp-json\/wp\/v2\/tags?post=182"}],"curies":[{"name":"wp","href":"https:\/\/api.w.org\/{rel}","templated":true}]}}