{"id":272,"date":"2010-11-10T14:32:38","date_gmt":"2010-11-10T12:32:38","guid":{"rendered":"https:\/\/help.jamk.fi\/lyhytkurssi\/listaukset-ja-raportit\/ilmoittautumislomakkeiden-tietojen-siirto-exceliin\/"},"modified":"2024-11-04T13:23:56","modified_gmt":"2024-11-04T11:23:56","slug":"ilmoittautumislomakkeiden-tietojen-siirto-exceliin","status":"publish","type":"page","link":"https:\/\/help.jamk.fi\/lyhytkurssi\/fi\/listaukset-ja-raportit\/ilmoittautumislomakkeiden-tietojen-siirto-exceliin\/","title":{"rendered":"Ilmoittautumislomakkeiden tietojen siirto Exceliin"},"content":{"rendered":"\n<p>Joissain tilanteissa voi olla tarpeen siirt\u00e4\u00e4 kaikki ilmoittautumislomakkeisiin sy\u00f6tetty tieto yhteen Excelill\u00e4 muokattavaan tiedostoon. Toiminto voi olla k\u00e4tev\u00e4 esimerkiksi tilanteissa, joissa ilmoittautumislomakkeisiin sy\u00f6tettyj\u00e4 tietoja halutaan vertailla nopeasti taulukkomuodossa.<\/p>\n\n\n\n<p>HUOM!<\/p>\n\n\n\n<ul class=\"wp-block-list\">\n<li><span style=\"color: #000000\">Voit valita, mit\u00e4 tietoja ilmoittautumislomakkeista haluat siirt\u00e4\u00e4 Exceliin.<\/span><\/li>\n\n\n\n<li>Tiedot tallentuvat muokkaamattomina &#8211; jatkok\u00e4sittely Exceliss\u00e4 on useimmiten v\u00e4ltt\u00e4m\u00e4t\u00f6nt\u00e4<\/li>\n\n\n\n<li>T\u00e4m\u00e4 ei ole hyv\u00e4 ty\u00f6kalu osallistujalistojen, raporttien ym. muodostamiseen. T\u00e4t\u00e4 tarkoitusta varten Lyhytkurssissa on erilliset raportinmuodostusty\u00f6kalut<\/li>\n<\/ul>\n\n\n\n<h2 class=\"wp-block-heading\">Kohta kohdalta<\/h2>\n\n\n\n<ol class=\"wp-block-list\">\n<li>Hae Lyhytkurssissa ilmoittautumisten k\u00e4sittelyn kautta oikea kurssi.<\/li>\n\n\n\n<li>Avaa Ilmoittautumisten k\u00e4sittely -n\u00e4kym\u00e4. Paina painikerivilt\u00e4 l\u00f6ytyv\u00e4\u00e4 &#8221;Excel-siirto&#8221; -painiketta (kuvio 1).<br><img loading=\"lazy\" decoding=\"async\" width=\"364\" height=\"208\" src=\"https:\/\/help.jamk.fi\/lyhytkurssi\/wp-content\/uploads\/sites\/75\/2023\/07\/excel1.png\" alt=\"\"><br>Kuvio 1. Excel-siirto ilmoittautumisten k\u00e4sittelyss\u00e4<\/li>\n\n\n\n<li>Valitse, mink\u00e4laisia ilmoittautumisia haluat vied\u00e4 Excel-tiedostoon (kuvio 2).<br> <img loading=\"lazy\" decoding=\"async\" width=\"165\" height=\"82\" class=\"size-full wp-image-703 alignnone\" src=\"https:\/\/help.jamk.fi\/lyhytkurssi\/wp-content\/uploads\/sites\/75\/2023\/07\/Ilmoittautumistiedot.png\" alt=\"Ilmoittautumistiedot\"><br>Kuvio 2. Tiedostoon valittavat ilmoittautumisen tilat<\/li>\n\n\n\n<li>Valitse kent\u00e4t siirtotiedostoon (kuvio 3).<br> <img loading=\"lazy\" decoding=\"async\" width=\"546\" height=\"385\" src=\"https:\/\/help.jamk.fi\/lyhytkurssi\/wp-content\/uploads\/sites\/75\/2023\/07\/Valitse-kentat.png\" alt=\"Valitse kent\u00e4t\"><br>Kuvio 3. Kent\u00e4t, jotka halutaan siirtotiedostoon<br><br>HUOM. Markkinointiluvan kielt\u00e4neet saat mukaan laittamalla ruksin &#8221;Saako nimi- ja yhteystietoja k\u00e4ytt\u00e4\u00e4 Jamkin koulutustiedotusta varten&#8221; -kohtaan.<br><\/li>\n\n\n\n<li>Valitse tiedostomuodoksi <strong>CSV <\/strong>ja napsauta &#8221;Lataa tiedosto&#8221; -painiketta (kuvio 4).<br><br><img loading=\"lazy\" decoding=\"async\" width=\"225\" height=\"84\" src=\"https:\/\/help.jamk.fi\/lyhytkurssi\/wp-content\/uploads\/sites\/75\/2023\/07\/ilmoittautujat-exceliin1.png\" alt=\"\"><br>Kuvio 4. Tiedostomuodon valinta ja Lataa tiedosto -painike<br><\/li>\n\n\n\n<li>Jos avaat tiedoston suoraan (Open with), valitse ohjelmaksi Excel. Tiedosto avautuu .csv -muodossa, mutta tiedoston voi tallentaessa muuttaa .xlsx -muotoon.<\/li>\n\n\n\n<li>Jos tallennat tiedoston koneelle (Save File), se tallentuu oletuksena <strong>export.csv <\/strong>-nimisen\u00e4 (kuvio 5).<br><br><img loading=\"lazy\" decoding=\"async\" width=\"440\" height=\"331\" class=\"alignnone size-full wp-image-715\" src=\"https:\/\/help.jamk.fi\/lyhytkurssi\/wp-content\/uploads\/sites\/75\/2023\/07\/tallennus.png\" alt=\"tallennus\"><br>Kuvio 5. Tiedoston tallentaminen csv-muotoon<br><\/li>\n\n\n\n<li>Etsi tallentamasi tiedosto ja valitse se.<\/li>\n\n\n\n<li>Tiedosto on nyt valmiina muokattavaksi. Se kannattaa heti ensimm\u00e4iseksi tallentaa uudelleen Excel-muodossa (Tiedosto -&gt; Tallenna nimell\u00e4 -&gt; Tallennusmuoto: Excel-ty\u00f6kirja) jotta muokkaaminen varmasti onnistuisi toivotulla tavalla.<\/li>\n<\/ol>\n","protected":false},"excerpt":{"rendered":"<p>Joissain tilanteissa voi olla tarpeen siirt\u00e4\u00e4 kaikki ilmoittautumislomakkeisiin sy\u00f6tetty tieto yhteen Excelill\u00e4 muokattavaan tiedostoon. Toiminto voi olla k\u00e4tev\u00e4 esimerkiksi tilanteissa, joissa ilmoittautumislomakkeisiin sy\u00f6tettyj\u00e4 tietoja halutaan vertailla nopeasti taulukkomuodossa. HUOM! Kohta kohdalta<\/p>\n","protected":false},"author":79,"featured_media":0,"parent":170,"menu_order":6,"comment_status":"open","ping_status":"open","template":"","meta":{"_acf_changed":false,"_relevanssi_hide_post":"","_relevanssi_hide_content":"","_relevanssi_pin_for_all":"","_relevanssi_pin_keywords":"","_relevanssi_unpin_keywords":"","_relevanssi_related_keywords":"","_relevanssi_related_include_ids":"","_relevanssi_related_exclude_ids":"","_relevanssi_related_no_append":"","_relevanssi_related_not_related":"","_relevanssi_related_posts":"","_relevanssi_noindex_reason":"","footnotes":""},"categories":[1],"tags":[],"class_list":["post-272","page","type-page","status-publish","hentry","category-yleinen"],"acf":[],"yoast_head":"<!-- This site is optimized with the Yoast SEO plugin v27.4 - https:\/\/yoast.com\/product\/yoast-seo-wordpress\/ -->\n<title>Ilmoittautumislomakkeiden tietojen siirto Exceliin - Lyhytkurssi<\/title>\n<meta name=\"robots\" content=\"index, follow, max-snippet:-1, max-image-preview:large, max-video-preview:-1\" \/>\n<link rel=\"canonical\" href=\"https:\/\/help.jamk.fi\/lyhytkurssi\/fi\/listaukset-ja-raportit\/ilmoittautumislomakkeiden-tietojen-siirto-exceliin\/\" \/>\n<meta property=\"og:locale\" content=\"fi_FI\" \/>\n<meta property=\"og:type\" content=\"article\" \/>\n<meta property=\"og:title\" content=\"Ilmoittautumislomakkeiden tietojen siirto Exceliin - Lyhytkurssi\" \/>\n<meta property=\"og:description\" content=\"Joissain tilanteissa voi olla tarpeen siirt\u00e4\u00e4 kaikki ilmoittautumislomakkeisiin sy\u00f6tetty tieto yhteen Excelill\u00e4 muokattavaan tiedostoon. Toiminto voi olla k\u00e4tev\u00e4 esimerkiksi tilanteissa, joissa ilmoittautumislomakkeisiin sy\u00f6tettyj\u00e4 tietoja halutaan vertailla nopeasti taulukkomuodossa. HUOM! Kohta kohdalta\" \/>\n<meta property=\"og:url\" content=\"https:\/\/help.jamk.fi\/lyhytkurssi\/fi\/listaukset-ja-raportit\/ilmoittautumislomakkeiden-tietojen-siirto-exceliin\/\" \/>\n<meta property=\"og:site_name\" content=\"Lyhytkurssi\" \/>\n<meta property=\"article:modified_time\" content=\"2024-11-04T11:23:56+00:00\" \/>\n<meta property=\"og:image\" content=\"https:\/\/help.jamk.fi\/lyhytkurssi\/wp-content\/uploads\/sites\/75\/2023\/07\/excel1.png\" \/>\n<meta name=\"twitter:card\" content=\"summary_large_image\" \/>\n<meta name=\"twitter:label1\" content=\"Arvioitu lukuaika\" \/>\n\t<meta name=\"twitter:data1\" content=\"3 minuuttia\" \/>\n<script type=\"application\/ld+json\" class=\"yoast-schema-graph\">{\"@context\":\"https:\\\/\\\/schema.org\",\"@graph\":[{\"@type\":\"WebPage\",\"@id\":\"https:\\\/\\\/help.jamk.fi\\\/lyhytkurssi\\\/fi\\\/listaukset-ja-raportit\\\/ilmoittautumislomakkeiden-tietojen-siirto-exceliin\\\/\",\"url\":\"https:\\\/\\\/help.jamk.fi\\\/lyhytkurssi\\\/fi\\\/listaukset-ja-raportit\\\/ilmoittautumislomakkeiden-tietojen-siirto-exceliin\\\/\",\"name\":\"Ilmoittautumislomakkeiden tietojen siirto Exceliin - Lyhytkurssi\",\"isPartOf\":{\"@id\":\"https:\\\/\\\/help.jamk.fi\\\/lyhytkurssi\\\/#website\"},\"primaryImageOfPage\":{\"@id\":\"https:\\\/\\\/help.jamk.fi\\\/lyhytkurssi\\\/fi\\\/listaukset-ja-raportit\\\/ilmoittautumislomakkeiden-tietojen-siirto-exceliin\\\/#primaryimage\"},\"image\":{\"@id\":\"https:\\\/\\\/help.jamk.fi\\\/lyhytkurssi\\\/fi\\\/listaukset-ja-raportit\\\/ilmoittautumislomakkeiden-tietojen-siirto-exceliin\\\/#primaryimage\"},\"thumbnailUrl\":\"https:\\\/\\\/help.jamk.fi\\\/lyhytkurssi\\\/wp-content\\\/uploads\\\/sites\\\/75\\\/2023\\\/07\\\/excel1.png\",\"datePublished\":\"2010-11-10T12:32:38+00:00\",\"dateModified\":\"2024-11-04T11:23:56+00:00\",\"breadcrumb\":{\"@id\":\"https:\\\/\\\/help.jamk.fi\\\/lyhytkurssi\\\/fi\\\/listaukset-ja-raportit\\\/ilmoittautumislomakkeiden-tietojen-siirto-exceliin\\\/#breadcrumb\"},\"inLanguage\":\"fi\",\"potentialAction\":[{\"@type\":\"ReadAction\",\"target\":[\"https:\\\/\\\/help.jamk.fi\\\/lyhytkurssi\\\/fi\\\/listaukset-ja-raportit\\\/ilmoittautumislomakkeiden-tietojen-siirto-exceliin\\\/\"]}]},{\"@type\":\"ImageObject\",\"inLanguage\":\"fi\",\"@id\":\"https:\\\/\\\/help.jamk.fi\\\/lyhytkurssi\\\/fi\\\/listaukset-ja-raportit\\\/ilmoittautumislomakkeiden-tietojen-siirto-exceliin\\\/#primaryimage\",\"url\":\"https:\\\/\\\/help.jamk.fi\\\/lyhytkurssi\\\/wp-content\\\/uploads\\\/sites\\\/75\\\/2023\\\/07\\\/excel1.png\",\"contentUrl\":\"https:\\\/\\\/help.jamk.fi\\\/lyhytkurssi\\\/wp-content\\\/uploads\\\/sites\\\/75\\\/2023\\\/07\\\/excel1.png\"},{\"@type\":\"BreadcrumbList\",\"@id\":\"https:\\\/\\\/help.jamk.fi\\\/lyhytkurssi\\\/fi\\\/listaukset-ja-raportit\\\/ilmoittautumislomakkeiden-tietojen-siirto-exceliin\\\/#breadcrumb\",\"itemListElement\":[{\"@type\":\"ListItem\",\"position\":1,\"name\":\"Etusivu\",\"item\":\"https:\\\/\\\/help.jamk.fi\\\/lyhytkurssi\\\/fi\\\/\"},{\"@type\":\"ListItem\",\"position\":2,\"name\":\"Listaukset ja raportit\",\"item\":\"https:\\\/\\\/help.jamk.fi\\\/lyhytkurssi\\\/fi\\\/listaukset-ja-raportit\\\/\"},{\"@type\":\"ListItem\",\"position\":3,\"name\":\"Ilmoittautumislomakkeiden tietojen siirto Exceliin\"}]},{\"@type\":\"WebSite\",\"@id\":\"https:\\\/\\\/help.jamk.fi\\\/lyhytkurssi\\\/#website\",\"url\":\"https:\\\/\\\/help.jamk.fi\\\/lyhytkurssi\\\/\",\"name\":\"Lyhytkurssi\",\"description\":\"\",\"potentialAction\":[{\"@type\":\"SearchAction\",\"target\":{\"@type\":\"EntryPoint\",\"urlTemplate\":\"https:\\\/\\\/help.jamk.fi\\\/lyhytkurssi\\\/?s={search_term_string}\"},\"query-input\":{\"@type\":\"PropertyValueSpecification\",\"valueRequired\":true,\"valueName\":\"search_term_string\"}}],\"inLanguage\":\"fi\"}]}<\/script>\n<!-- \/ Yoast SEO plugin. -->","yoast_head_json":{"title":"Ilmoittautumislomakkeiden tietojen siirto Exceliin - Lyhytkurssi","robots":{"index":"index","follow":"follow","max-snippet":"max-snippet:-1","max-image-preview":"max-image-preview:large","max-video-preview":"max-video-preview:-1"},"canonical":"https:\/\/help.jamk.fi\/lyhytkurssi\/fi\/listaukset-ja-raportit\/ilmoittautumislomakkeiden-tietojen-siirto-exceliin\/","og_locale":"fi_FI","og_type":"article","og_title":"Ilmoittautumislomakkeiden tietojen siirto Exceliin - Lyhytkurssi","og_description":"Joissain tilanteissa voi olla tarpeen siirt\u00e4\u00e4 kaikki ilmoittautumislomakkeisiin sy\u00f6tetty tieto yhteen Excelill\u00e4 muokattavaan tiedostoon. Toiminto voi olla k\u00e4tev\u00e4 esimerkiksi tilanteissa, joissa ilmoittautumislomakkeisiin sy\u00f6tettyj\u00e4 tietoja halutaan vertailla nopeasti taulukkomuodossa. HUOM! Kohta kohdalta","og_url":"https:\/\/help.jamk.fi\/lyhytkurssi\/fi\/listaukset-ja-raportit\/ilmoittautumislomakkeiden-tietojen-siirto-exceliin\/","og_site_name":"Lyhytkurssi","article_modified_time":"2024-11-04T11:23:56+00:00","og_image":[{"url":"https:\/\/help.jamk.fi\/lyhytkurssi\/wp-content\/uploads\/sites\/75\/2023\/07\/excel1.png","type":"","width":"","height":""}],"twitter_card":"summary_large_image","twitter_misc":{"Arvioitu lukuaika":"3 minuuttia"},"schema":{"@context":"https:\/\/schema.org","@graph":[{"@type":"WebPage","@id":"https:\/\/help.jamk.fi\/lyhytkurssi\/fi\/listaukset-ja-raportit\/ilmoittautumislomakkeiden-tietojen-siirto-exceliin\/","url":"https:\/\/help.jamk.fi\/lyhytkurssi\/fi\/listaukset-ja-raportit\/ilmoittautumislomakkeiden-tietojen-siirto-exceliin\/","name":"Ilmoittautumislomakkeiden tietojen siirto Exceliin - Lyhytkurssi","isPartOf":{"@id":"https:\/\/help.jamk.fi\/lyhytkurssi\/#website"},"primaryImageOfPage":{"@id":"https:\/\/help.jamk.fi\/lyhytkurssi\/fi\/listaukset-ja-raportit\/ilmoittautumislomakkeiden-tietojen-siirto-exceliin\/#primaryimage"},"image":{"@id":"https:\/\/help.jamk.fi\/lyhytkurssi\/fi\/listaukset-ja-raportit\/ilmoittautumislomakkeiden-tietojen-siirto-exceliin\/#primaryimage"},"thumbnailUrl":"https:\/\/help.jamk.fi\/lyhytkurssi\/wp-content\/uploads\/sites\/75\/2023\/07\/excel1.png","datePublished":"2010-11-10T12:32:38+00:00","dateModified":"2024-11-04T11:23:56+00:00","breadcrumb":{"@id":"https:\/\/help.jamk.fi\/lyhytkurssi\/fi\/listaukset-ja-raportit\/ilmoittautumislomakkeiden-tietojen-siirto-exceliin\/#breadcrumb"},"inLanguage":"fi","potentialAction":[{"@type":"ReadAction","target":["https:\/\/help.jamk.fi\/lyhytkurssi\/fi\/listaukset-ja-raportit\/ilmoittautumislomakkeiden-tietojen-siirto-exceliin\/"]}]},{"@type":"ImageObject","inLanguage":"fi","@id":"https:\/\/help.jamk.fi\/lyhytkurssi\/fi\/listaukset-ja-raportit\/ilmoittautumislomakkeiden-tietojen-siirto-exceliin\/#primaryimage","url":"https:\/\/help.jamk.fi\/lyhytkurssi\/wp-content\/uploads\/sites\/75\/2023\/07\/excel1.png","contentUrl":"https:\/\/help.jamk.fi\/lyhytkurssi\/wp-content\/uploads\/sites\/75\/2023\/07\/excel1.png"},{"@type":"BreadcrumbList","@id":"https:\/\/help.jamk.fi\/lyhytkurssi\/fi\/listaukset-ja-raportit\/ilmoittautumislomakkeiden-tietojen-siirto-exceliin\/#breadcrumb","itemListElement":[{"@type":"ListItem","position":1,"name":"Etusivu","item":"https:\/\/help.jamk.fi\/lyhytkurssi\/fi\/"},{"@type":"ListItem","position":2,"name":"Listaukset ja raportit","item":"https:\/\/help.jamk.fi\/lyhytkurssi\/fi\/listaukset-ja-raportit\/"},{"@type":"ListItem","position":3,"name":"Ilmoittautumislomakkeiden tietojen siirto Exceliin"}]},{"@type":"WebSite","@id":"https:\/\/help.jamk.fi\/lyhytkurssi\/#website","url":"https:\/\/help.jamk.fi\/lyhytkurssi\/","name":"Lyhytkurssi","description":"","potentialAction":[{"@type":"SearchAction","target":{"@type":"EntryPoint","urlTemplate":"https:\/\/help.jamk.fi\/lyhytkurssi\/?s={search_term_string}"},"query-input":{"@type":"PropertyValueSpecification","valueRequired":true,"valueName":"search_term_string"}}],"inLanguage":"fi"}]}},"_links":{"self":[{"href":"https:\/\/help.jamk.fi\/lyhytkurssi\/wp-json\/wp\/v2\/pages\/272","targetHints":{"allow":["GET"]}}],"collection":[{"href":"https:\/\/help.jamk.fi\/lyhytkurssi\/wp-json\/wp\/v2\/pages"}],"about":[{"href":"https:\/\/help.jamk.fi\/lyhytkurssi\/wp-json\/wp\/v2\/types\/page"}],"author":[{"embeddable":true,"href":"https:\/\/help.jamk.fi\/lyhytkurssi\/wp-json\/wp\/v2\/users\/79"}],"replies":[{"embeddable":true,"href":"https:\/\/help.jamk.fi\/lyhytkurssi\/wp-json\/wp\/v2\/comments?post=272"}],"version-history":[{"count":10,"href":"https:\/\/help.jamk.fi\/lyhytkurssi\/wp-json\/wp\/v2\/pages\/272\/revisions"}],"predecessor-version":[{"id":1909,"href":"https:\/\/help.jamk.fi\/lyhytkurssi\/wp-json\/wp\/v2\/pages\/272\/revisions\/1909"}],"up":[{"embeddable":true,"href":"https:\/\/help.jamk.fi\/lyhytkurssi\/wp-json\/wp\/v2\/pages\/170"}],"wp:attachment":[{"href":"https:\/\/help.jamk.fi\/lyhytkurssi\/wp-json\/wp\/v2\/media?parent=272"}],"wp:term":[{"taxonomy":"category","embeddable":true,"href":"https:\/\/help.jamk.fi\/lyhytkurssi\/wp-json\/wp\/v2\/categories?post=272"},{"taxonomy":"post_tag","embeddable":true,"href":"https:\/\/help.jamk.fi\/lyhytkurssi\/wp-json\/wp\/v2\/tags?post=272"}],"curies":[{"name":"wp","href":"https:\/\/api.w.org\/{rel}","templated":true}]}}