{"id":368,"date":"2010-12-10T10:30:24","date_gmt":"2010-12-10T08:30:24","guid":{"rendered":"https:\/\/help.jamk.fi\/lyhytkurssi\/listaukset-ja-raportit\/kurssin-osallistujalista\/"},"modified":"2024-01-19T17:53:44","modified_gmt":"2024-01-19T15:53:44","slug":"kurssin-osallistujalista","status":"publish","type":"page","link":"https:\/\/help.jamk.fi\/lyhytkurssi\/fi\/listaukset-ja-raportit\/kurssin-osallistujalista\/","title":{"rendered":"Kurssin osallistujalista ja tuotelistaus"},"content":{"rendered":"\n<p>T\u00e4m\u00e4n ohjeen avulla saadaan listattua tietyn kurssin osallistujat (=kurssille <strong>hyv\u00e4ksytyt<\/strong> ilmoittautuneet). Ohjetta soveltamalla voidaan tehd\u00e4 my\u00f6s monenlaisia muita listauksia, mm. voidaan listata tietyn aikav\u00e4lin ilmoittautumiset, tietyn alan ilmoittautumiset jne.<\/p>\n\n\n\n<h2 class=\"wp-block-heading\">Kurssin osallistujien ja heid\u00e4n valitsemiensa tuotteiden&nbsp;listaus<\/h2>\n\n\n\n<ul class=\"wp-block-list\">\n<li>Valitse Lyhytkurssin p\u00e4\u00e4valikosta <strong>Listaukset, raportit<\/strong><\/li>\n\n\n\n<li>Napsauta<strong> Kurssivarauslistaukset<\/strong> tai <strong>Kurssivarauslistaukset \/ Kokonaisuudet.<\/strong> J\u00e4lkimm\u00e4inen valitaan, kun halutaan listaus avoimen amkin opintopoluista.<\/li>\n\n\n\n<li>Avautuvassa n\u00e4kym\u00e4ss\u00e4 m\u00e4\u00e4rittele ensin <strong>aikav\u00e4li<\/strong>. Halutun kurssin tulee olla k\u00e4ynniss\u00e4 ainakin jonain p\u00e4iv\u00e4n\u00e4 valitulla aikav\u00e4lill\u00e4, mutta aikav\u00e4li\u00e4 ei tarvitse m\u00e4\u00e4ritell\u00e4 p\u00e4iv\u00e4lleen samaksi kuin kurssin alku- ja loppup\u00e4iv\u00e4.<\/li>\n\n\n\n<li>Kurssin valintaan on kaksi eri vaihtoehtoa: <strong>kurssikoodin mukaan<\/strong> tai <strong>laajempi haku<\/strong>.\n<ul class=\"wp-block-list\">\n<li><strong>Vaihtoehto 1:<\/strong> kurssikoodin mukaan. Kirjoita <strong>Kurssitunnus<\/strong> -kentt\u00e4\u00e4n kurssin koodi<\/li>\n\n\n\n<li><strong>Vaihtoehto 2:<\/strong>monipuolisempi haku, jolla voi hakea osallistujia my\u00f6s esim. useammista kursseista jne. seuraavasti:\n<ul class=\"wp-block-list\">\n<li>Rastita <strong>Kurssiryhm\u00e4\/kurssi<\/strong> \u2013kohdasta haluamasi ala. Valitse sen j\u00e4lkeen <strong>Yksitt\u00e4isten kurssien valinta<\/strong>.<\/li>\n\n\n\n<li>Valitse haluamasi kurssi. Jos sait paljon hakutuloksia, voit tarvittaessa etsi\u00e4 listasta oikean kurssin k\u00e4tevimmin painamalla <strong>Ctrl + F<\/strong> ja etsim\u00e4ll\u00e4 sopivilla hakutermill\u00e4.<\/li>\n<\/ul>\n<\/li>\n<\/ul>\n<\/li>\n\n\n\n<li><strong>Maksaja<\/strong> -kohdan voi j\u00e4tt\u00e4\u00e4 tyhj\u00e4ksi.<\/li>\n\n\n\n<li><strong>Laskutus, Ik\u00e4rakenne<\/strong> voidaan j\u00e4tt\u00e4\u00e4 oletusasetuksille.<\/li>\n\n\n\n<li><strong>Tiedot<\/strong>-kohdassa voi joko k\u00e4sin valita halutut tiedot mukaan listaukseen tai valita valmiin listaustyypin \u2013 esim. Peruslista1. Jos haluat listata, <strong>mit\u00e4 tuotteita kukin henkil\u00f6 on valinnut<\/strong>, ruksaa my\u00f6s &#8221;Valitut tuotteet&#8221; -kohta<\/li>\n\n\n\n<li><strong>Vahvistustilarajaus:<\/strong> sek\u00e4 vahvistetut ett\u00e4 vahvistamattomat varaukset<\/li>\n\n\n\n<li><strong>Markkinointiesto:<\/strong> Kaikki<\/li>\n\n\n\n<li><strong>Lis\u00e4kent\u00e4t:<\/strong> j\u00e4tet\u00e4\u00e4n tyhj\u00e4ksi<\/li>\n\n\n\n<li>Klikkaa ruudun alareunasta joko<strong> &#8221;Siirry listaukseen tehty\u00e4si esivalinnat&#8221;<\/strong> jolloin listaus aukeaa uuteen selainikkunaan tai <strong>&#8221;Tee Excel-muotoinen tiedosto&#8221;<\/strong> jolloin voit tallentaa koneellesi csv-muotoisen tiedoston, jonka muokkaaminen k\u00e4y n\u00e4pp\u00e4r\u00e4sti Excelill\u00e4.<\/li>\n\n\n\n<li>Valitut tuotteet n\u00e4kyv\u00e4t listauksessa kahteen kertaan silloin,&nbsp;kun henkil\u00f6 on tuotteen maksanut verkkomaksuna.<\/li>\n<\/ul>\n","protected":false},"excerpt":{"rendered":"<p>T\u00e4m\u00e4n ohjeen avulla saadaan listattua tietyn kurssin osallistujat (=kurssille hyv\u00e4ksytyt ilmoittautuneet). Ohjetta soveltamalla voidaan tehd\u00e4 my\u00f6s monenlaisia muita listauksia, mm. voidaan listata tietyn aikav\u00e4lin ilmoittautumiset, tietyn alan ilmoittautumiset jne. Kurssin osallistujien ja heid\u00e4n valitsemiensa tuotteiden&nbsp;listaus<\/p>\n","protected":false},"author":79,"featured_media":0,"parent":170,"menu_order":2,"comment_status":"open","ping_status":"closed","template":"","meta":{"_acf_changed":false,"_relevanssi_hide_post":"","_relevanssi_hide_content":"","_relevanssi_pin_for_all":"","_relevanssi_pin_keywords":"","_relevanssi_unpin_keywords":"","_relevanssi_related_keywords":"","_relevanssi_related_include_ids":"","_relevanssi_related_exclude_ids":"","_relevanssi_related_no_append":"","_relevanssi_related_not_related":"","_relevanssi_related_posts":"","_relevanssi_noindex_reason":"","footnotes":""},"categories":[1],"tags":[],"class_list":["post-368","page","type-page","status-publish","hentry","category-yleinen"],"acf":[],"yoast_head":"<!-- This site is optimized with the Yoast SEO plugin v27.4 - https:\/\/yoast.com\/product\/yoast-seo-wordpress\/ -->\n<title>Kurssin osallistujalista ja tuotelistaus - Lyhytkurssi<\/title>\n<meta name=\"robots\" content=\"index, follow, max-snippet:-1, max-image-preview:large, max-video-preview:-1\" \/>\n<link rel=\"canonical\" href=\"https:\/\/help.jamk.fi\/lyhytkurssi\/fi\/listaukset-ja-raportit\/kurssin-osallistujalista\/\" \/>\n<meta property=\"og:locale\" content=\"fi_FI\" \/>\n<meta property=\"og:type\" content=\"article\" \/>\n<meta property=\"og:title\" content=\"Kurssin osallistujalista ja tuotelistaus - Lyhytkurssi\" \/>\n<meta property=\"og:description\" content=\"T\u00e4m\u00e4n ohjeen avulla saadaan listattua tietyn kurssin osallistujat (=kurssille hyv\u00e4ksytyt ilmoittautuneet). Ohjetta soveltamalla voidaan tehd\u00e4 my\u00f6s monenlaisia muita listauksia, mm. voidaan listata tietyn aikav\u00e4lin ilmoittautumiset, tietyn alan ilmoittautumiset jne. Kurssin osallistujien ja heid\u00e4n valitsemiensa tuotteiden&nbsp;listaus\" \/>\n<meta property=\"og:url\" content=\"https:\/\/help.jamk.fi\/lyhytkurssi\/fi\/listaukset-ja-raportit\/kurssin-osallistujalista\/\" \/>\n<meta property=\"og:site_name\" content=\"Lyhytkurssi\" \/>\n<meta property=\"article:modified_time\" content=\"2024-01-19T15:53:44+00:00\" \/>\n<meta name=\"twitter:card\" content=\"summary_large_image\" \/>\n<meta name=\"twitter:label1\" content=\"Arvioitu lukuaika\" \/>\n\t<meta name=\"twitter:data1\" content=\"2 minuuttia\" \/>\n<script type=\"application\/ld+json\" class=\"yoast-schema-graph\">{\"@context\":\"https:\\\/\\\/schema.org\",\"@graph\":[{\"@type\":\"WebPage\",\"@id\":\"https:\\\/\\\/help.jamk.fi\\\/lyhytkurssi\\\/fi\\\/listaukset-ja-raportit\\\/kurssin-osallistujalista\\\/\",\"url\":\"https:\\\/\\\/help.jamk.fi\\\/lyhytkurssi\\\/fi\\\/listaukset-ja-raportit\\\/kurssin-osallistujalista\\\/\",\"name\":\"Kurssin osallistujalista ja tuotelistaus - Lyhytkurssi\",\"isPartOf\":{\"@id\":\"https:\\\/\\\/help.jamk.fi\\\/lyhytkurssi\\\/#website\"},\"datePublished\":\"2010-12-10T08:30:24+00:00\",\"dateModified\":\"2024-01-19T15:53:44+00:00\",\"breadcrumb\":{\"@id\":\"https:\\\/\\\/help.jamk.fi\\\/lyhytkurssi\\\/fi\\\/listaukset-ja-raportit\\\/kurssin-osallistujalista\\\/#breadcrumb\"},\"inLanguage\":\"fi\",\"potentialAction\":[{\"@type\":\"ReadAction\",\"target\":[\"https:\\\/\\\/help.jamk.fi\\\/lyhytkurssi\\\/fi\\\/listaukset-ja-raportit\\\/kurssin-osallistujalista\\\/\"]}]},{\"@type\":\"BreadcrumbList\",\"@id\":\"https:\\\/\\\/help.jamk.fi\\\/lyhytkurssi\\\/fi\\\/listaukset-ja-raportit\\\/kurssin-osallistujalista\\\/#breadcrumb\",\"itemListElement\":[{\"@type\":\"ListItem\",\"position\":1,\"name\":\"Etusivu\",\"item\":\"https:\\\/\\\/help.jamk.fi\\\/lyhytkurssi\\\/fi\\\/\"},{\"@type\":\"ListItem\",\"position\":2,\"name\":\"Listaukset ja raportit\",\"item\":\"https:\\\/\\\/help.jamk.fi\\\/lyhytkurssi\\\/fi\\\/listaukset-ja-raportit\\\/\"},{\"@type\":\"ListItem\",\"position\":3,\"name\":\"Kurssin osallistujalista ja tuotelistaus\"}]},{\"@type\":\"WebSite\",\"@id\":\"https:\\\/\\\/help.jamk.fi\\\/lyhytkurssi\\\/#website\",\"url\":\"https:\\\/\\\/help.jamk.fi\\\/lyhytkurssi\\\/\",\"name\":\"Lyhytkurssi\",\"description\":\"\",\"potentialAction\":[{\"@type\":\"SearchAction\",\"target\":{\"@type\":\"EntryPoint\",\"urlTemplate\":\"https:\\\/\\\/help.jamk.fi\\\/lyhytkurssi\\\/?s={search_term_string}\"},\"query-input\":{\"@type\":\"PropertyValueSpecification\",\"valueRequired\":true,\"valueName\":\"search_term_string\"}}],\"inLanguage\":\"fi\"}]}<\/script>\n<!-- \/ Yoast SEO plugin. -->","yoast_head_json":{"title":"Kurssin osallistujalista ja tuotelistaus - Lyhytkurssi","robots":{"index":"index","follow":"follow","max-snippet":"max-snippet:-1","max-image-preview":"max-image-preview:large","max-video-preview":"max-video-preview:-1"},"canonical":"https:\/\/help.jamk.fi\/lyhytkurssi\/fi\/listaukset-ja-raportit\/kurssin-osallistujalista\/","og_locale":"fi_FI","og_type":"article","og_title":"Kurssin osallistujalista ja tuotelistaus - Lyhytkurssi","og_description":"T\u00e4m\u00e4n ohjeen avulla saadaan listattua tietyn kurssin osallistujat (=kurssille hyv\u00e4ksytyt ilmoittautuneet). Ohjetta soveltamalla voidaan tehd\u00e4 my\u00f6s monenlaisia muita listauksia, mm. voidaan listata tietyn aikav\u00e4lin ilmoittautumiset, tietyn alan ilmoittautumiset jne. Kurssin osallistujien ja heid\u00e4n valitsemiensa tuotteiden&nbsp;listaus","og_url":"https:\/\/help.jamk.fi\/lyhytkurssi\/fi\/listaukset-ja-raportit\/kurssin-osallistujalista\/","og_site_name":"Lyhytkurssi","article_modified_time":"2024-01-19T15:53:44+00:00","twitter_card":"summary_large_image","twitter_misc":{"Arvioitu lukuaika":"2 minuuttia"},"schema":{"@context":"https:\/\/schema.org","@graph":[{"@type":"WebPage","@id":"https:\/\/help.jamk.fi\/lyhytkurssi\/fi\/listaukset-ja-raportit\/kurssin-osallistujalista\/","url":"https:\/\/help.jamk.fi\/lyhytkurssi\/fi\/listaukset-ja-raportit\/kurssin-osallistujalista\/","name":"Kurssin osallistujalista ja tuotelistaus - Lyhytkurssi","isPartOf":{"@id":"https:\/\/help.jamk.fi\/lyhytkurssi\/#website"},"datePublished":"2010-12-10T08:30:24+00:00","dateModified":"2024-01-19T15:53:44+00:00","breadcrumb":{"@id":"https:\/\/help.jamk.fi\/lyhytkurssi\/fi\/listaukset-ja-raportit\/kurssin-osallistujalista\/#breadcrumb"},"inLanguage":"fi","potentialAction":[{"@type":"ReadAction","target":["https:\/\/help.jamk.fi\/lyhytkurssi\/fi\/listaukset-ja-raportit\/kurssin-osallistujalista\/"]}]},{"@type":"BreadcrumbList","@id":"https:\/\/help.jamk.fi\/lyhytkurssi\/fi\/listaukset-ja-raportit\/kurssin-osallistujalista\/#breadcrumb","itemListElement":[{"@type":"ListItem","position":1,"name":"Etusivu","item":"https:\/\/help.jamk.fi\/lyhytkurssi\/fi\/"},{"@type":"ListItem","position":2,"name":"Listaukset ja raportit","item":"https:\/\/help.jamk.fi\/lyhytkurssi\/fi\/listaukset-ja-raportit\/"},{"@type":"ListItem","position":3,"name":"Kurssin osallistujalista ja tuotelistaus"}]},{"@type":"WebSite","@id":"https:\/\/help.jamk.fi\/lyhytkurssi\/#website","url":"https:\/\/help.jamk.fi\/lyhytkurssi\/","name":"Lyhytkurssi","description":"","potentialAction":[{"@type":"SearchAction","target":{"@type":"EntryPoint","urlTemplate":"https:\/\/help.jamk.fi\/lyhytkurssi\/?s={search_term_string}"},"query-input":{"@type":"PropertyValueSpecification","valueRequired":true,"valueName":"search_term_string"}}],"inLanguage":"fi"}]}},"_links":{"self":[{"href":"https:\/\/help.jamk.fi\/lyhytkurssi\/wp-json\/wp\/v2\/pages\/368","targetHints":{"allow":["GET"]}}],"collection":[{"href":"https:\/\/help.jamk.fi\/lyhytkurssi\/wp-json\/wp\/v2\/pages"}],"about":[{"href":"https:\/\/help.jamk.fi\/lyhytkurssi\/wp-json\/wp\/v2\/types\/page"}],"author":[{"embeddable":true,"href":"https:\/\/help.jamk.fi\/lyhytkurssi\/wp-json\/wp\/v2\/users\/79"}],"replies":[{"embeddable":true,"href":"https:\/\/help.jamk.fi\/lyhytkurssi\/wp-json\/wp\/v2\/comments?post=368"}],"version-history":[{"count":4,"href":"https:\/\/help.jamk.fi\/lyhytkurssi\/wp-json\/wp\/v2\/pages\/368\/revisions"}],"predecessor-version":[{"id":1790,"href":"https:\/\/help.jamk.fi\/lyhytkurssi\/wp-json\/wp\/v2\/pages\/368\/revisions\/1790"}],"up":[{"embeddable":true,"href":"https:\/\/help.jamk.fi\/lyhytkurssi\/wp-json\/wp\/v2\/pages\/170"}],"wp:attachment":[{"href":"https:\/\/help.jamk.fi\/lyhytkurssi\/wp-json\/wp\/v2\/media?parent=368"}],"wp:term":[{"taxonomy":"category","embeddable":true,"href":"https:\/\/help.jamk.fi\/lyhytkurssi\/wp-json\/wp\/v2\/categories?post=368"},{"taxonomy":"post_tag","embeddable":true,"href":"https:\/\/help.jamk.fi\/lyhytkurssi\/wp-json\/wp\/v2\/tags?post=368"}],"curies":[{"name":"wp","href":"https:\/\/api.w.org\/{rel}","templated":true}]}}