{"id":371,"date":"2010-12-10T12:51:01","date_gmt":"2010-12-10T10:51:01","guid":{"rendered":"https:\/\/help.jamk.fi\/lyhytkurssi\/listaukset-ja-raportit\/kaikkien-tietylle-kurssille-ilmoittautuneiden-listaus\/"},"modified":"2023-11-20T09:32:32","modified_gmt":"2023-11-20T07:32:32","slug":"kaikkien-tietylle-kurssille-ilmoittautuneiden-listaus","status":"publish","type":"page","link":"https:\/\/help.jamk.fi\/lyhytkurssi\/fi\/listaukset-ja-raportit\/kaikkien-tietylle-kurssille-ilmoittautuneiden-listaus\/","title":{"rendered":"Kaikkien tietylle kurssille ilmoittautuneiden listaus"},"content":{"rendered":"\n<p>T\u00e4m\u00e4n ohjeen avulla saadaan tehty\u00e4 listaus <strong>kaikista tietylle kurssille ilmoittautuneista<\/strong>. Kyseess\u00e4 ei siis ole varsinainen osallistujalista, koska mukaan tulostuvat my\u00f6s mm. hyl\u00e4tyt ja k\u00e4sittelem\u00e4tt\u00f6m\u00e4t ilmoittautumiset.<\/p>\n\n\n\n<ul class=\"wp-block-list\">\n<li>Valitse p\u00e4\u00e4valikosta <strong>Listaukset, raportit<\/strong> -&gt; <strong>Ilmoittautumiset\/Ilmoittautumistiedot<\/strong><\/li>\n\n\n\n<li>Ilmoittautumisp\u00e4iv\u00e4: esim. 1.1.2009 &#8211; nykyp\u00e4iv\u00e4<\/li>\n\n\n\n<li>Kurssiryhm\u00e4\/kurssi: rasti haluttu ala -&gt; klikkaa yksitt\u00e4isten kurssien valinta<\/li>\n\n\n\n<li>Etsi haulla (ctrl + F) oikea kurssi\/kurssit esim. koodin perusteella, valitse laittamalla rasti ruutuun<\/li>\n\n\n\n<li>Oikean puolen sarakkeesta (Tiedot) valitse halutut listattavat tiedot tai valitse ennalta m\u00e4\u00e4ritelty lista<\/li>\n\n\n\n<li>Klikkaa ruudun alareunasta &#8221;Siirry listaukseen tehty\u00e4si esivalinnat&#8221; tai ota listaus klikkaamalla Exceliin-painiketta<\/li>\n<\/ul>\n","protected":false},"excerpt":{"rendered":"<p>T\u00e4m\u00e4n ohjeen avulla saadaan tehty\u00e4 listaus kaikista tietylle kurssille ilmoittautuneista. Kyseess\u00e4 ei siis ole varsinainen osallistujalista, koska mukaan tulostuvat my\u00f6s mm. hyl\u00e4tyt ja k\u00e4sittelem\u00e4tt\u00f6m\u00e4t ilmoittautumiset.<\/p>\n","protected":false},"author":79,"featured_media":0,"parent":170,"menu_order":4,"comment_status":"open","ping_status":"open","template":"","meta":{"_acf_changed":false,"_relevanssi_hide_post":"","_relevanssi_hide_content":"","_relevanssi_pin_for_all":"","_relevanssi_pin_keywords":"","_relevanssi_unpin_keywords":"","_relevanssi_related_keywords":"","_relevanssi_related_include_ids":"","_relevanssi_related_exclude_ids":"","_relevanssi_related_no_append":"","_relevanssi_related_not_related":"","_relevanssi_related_posts":"","_relevanssi_noindex_reason":"","footnotes":""},"categories":[1],"tags":[],"class_list":["post-371","page","type-page","status-publish","hentry","category-yleinen"],"acf":[],"yoast_head":"<!-- This site is optimized with the Yoast SEO plugin v27.3 - https:\/\/yoast.com\/product\/yoast-seo-wordpress\/ -->\n<title>Kaikkien tietylle kurssille ilmoittautuneiden listaus - Lyhytkurssi<\/title>\n<meta name=\"robots\" content=\"index, follow, max-snippet:-1, max-image-preview:large, max-video-preview:-1\" \/>\n<link rel=\"canonical\" href=\"https:\/\/help.jamk.fi\/lyhytkurssi\/fi\/listaukset-ja-raportit\/kaikkien-tietylle-kurssille-ilmoittautuneiden-listaus\/\" \/>\n<meta property=\"og:locale\" content=\"fi_FI\" \/>\n<meta property=\"og:type\" content=\"article\" \/>\n<meta property=\"og:title\" content=\"Kaikkien tietylle kurssille ilmoittautuneiden listaus - Lyhytkurssi\" \/>\n<meta property=\"og:description\" content=\"T\u00e4m\u00e4n ohjeen avulla saadaan tehty\u00e4 listaus kaikista tietylle kurssille ilmoittautuneista. Kyseess\u00e4 ei siis ole varsinainen osallistujalista, koska mukaan tulostuvat my\u00f6s mm. hyl\u00e4tyt ja k\u00e4sittelem\u00e4tt\u00f6m\u00e4t ilmoittautumiset.\" \/>\n<meta property=\"og:url\" content=\"https:\/\/help.jamk.fi\/lyhytkurssi\/fi\/listaukset-ja-raportit\/kaikkien-tietylle-kurssille-ilmoittautuneiden-listaus\/\" \/>\n<meta property=\"og:site_name\" content=\"Lyhytkurssi\" \/>\n<meta property=\"article:modified_time\" content=\"2023-11-20T07:32:32+00:00\" \/>\n<meta name=\"twitter:card\" content=\"summary_large_image\" \/>\n<meta name=\"twitter:label1\" content=\"Arvioitu lukuaika\" \/>\n\t<meta name=\"twitter:data1\" content=\"1 minuutti\" \/>\n<script type=\"application\/ld+json\" class=\"yoast-schema-graph\">{\"@context\":\"https:\\\/\\\/schema.org\",\"@graph\":[{\"@type\":\"WebPage\",\"@id\":\"https:\\\/\\\/help.jamk.fi\\\/lyhytkurssi\\\/fi\\\/listaukset-ja-raportit\\\/kaikkien-tietylle-kurssille-ilmoittautuneiden-listaus\\\/\",\"url\":\"https:\\\/\\\/help.jamk.fi\\\/lyhytkurssi\\\/fi\\\/listaukset-ja-raportit\\\/kaikkien-tietylle-kurssille-ilmoittautuneiden-listaus\\\/\",\"name\":\"Kaikkien tietylle kurssille ilmoittautuneiden listaus - Lyhytkurssi\",\"isPartOf\":{\"@id\":\"https:\\\/\\\/help.jamk.fi\\\/lyhytkurssi\\\/#website\"},\"datePublished\":\"2010-12-10T10:51:01+00:00\",\"dateModified\":\"2023-11-20T07:32:32+00:00\",\"breadcrumb\":{\"@id\":\"https:\\\/\\\/help.jamk.fi\\\/lyhytkurssi\\\/fi\\\/listaukset-ja-raportit\\\/kaikkien-tietylle-kurssille-ilmoittautuneiden-listaus\\\/#breadcrumb\"},\"inLanguage\":\"fi\",\"potentialAction\":[{\"@type\":\"ReadAction\",\"target\":[\"https:\\\/\\\/help.jamk.fi\\\/lyhytkurssi\\\/fi\\\/listaukset-ja-raportit\\\/kaikkien-tietylle-kurssille-ilmoittautuneiden-listaus\\\/\"]}]},{\"@type\":\"BreadcrumbList\",\"@id\":\"https:\\\/\\\/help.jamk.fi\\\/lyhytkurssi\\\/fi\\\/listaukset-ja-raportit\\\/kaikkien-tietylle-kurssille-ilmoittautuneiden-listaus\\\/#breadcrumb\",\"itemListElement\":[{\"@type\":\"ListItem\",\"position\":1,\"name\":\"Etusivu\",\"item\":\"https:\\\/\\\/help.jamk.fi\\\/lyhytkurssi\\\/fi\\\/\"},{\"@type\":\"ListItem\",\"position\":2,\"name\":\"Listaukset ja raportit\",\"item\":\"https:\\\/\\\/help.jamk.fi\\\/lyhytkurssi\\\/fi\\\/listaukset-ja-raportit\\\/\"},{\"@type\":\"ListItem\",\"position\":3,\"name\":\"Kaikkien tietylle kurssille ilmoittautuneiden listaus\"}]},{\"@type\":\"WebSite\",\"@id\":\"https:\\\/\\\/help.jamk.fi\\\/lyhytkurssi\\\/#website\",\"url\":\"https:\\\/\\\/help.jamk.fi\\\/lyhytkurssi\\\/\",\"name\":\"Lyhytkurssi\",\"description\":\"\",\"potentialAction\":[{\"@type\":\"SearchAction\",\"target\":{\"@type\":\"EntryPoint\",\"urlTemplate\":\"https:\\\/\\\/help.jamk.fi\\\/lyhytkurssi\\\/?s={search_term_string}\"},\"query-input\":{\"@type\":\"PropertyValueSpecification\",\"valueRequired\":true,\"valueName\":\"search_term_string\"}}],\"inLanguage\":\"fi\"}]}<\/script>\n<!-- \/ Yoast SEO plugin. -->","yoast_head_json":{"title":"Kaikkien tietylle kurssille ilmoittautuneiden listaus - Lyhytkurssi","robots":{"index":"index","follow":"follow","max-snippet":"max-snippet:-1","max-image-preview":"max-image-preview:large","max-video-preview":"max-video-preview:-1"},"canonical":"https:\/\/help.jamk.fi\/lyhytkurssi\/fi\/listaukset-ja-raportit\/kaikkien-tietylle-kurssille-ilmoittautuneiden-listaus\/","og_locale":"fi_FI","og_type":"article","og_title":"Kaikkien tietylle kurssille ilmoittautuneiden listaus - Lyhytkurssi","og_description":"T\u00e4m\u00e4n ohjeen avulla saadaan tehty\u00e4 listaus kaikista tietylle kurssille ilmoittautuneista. Kyseess\u00e4 ei siis ole varsinainen osallistujalista, koska mukaan tulostuvat my\u00f6s mm. hyl\u00e4tyt ja k\u00e4sittelem\u00e4tt\u00f6m\u00e4t ilmoittautumiset.","og_url":"https:\/\/help.jamk.fi\/lyhytkurssi\/fi\/listaukset-ja-raportit\/kaikkien-tietylle-kurssille-ilmoittautuneiden-listaus\/","og_site_name":"Lyhytkurssi","article_modified_time":"2023-11-20T07:32:32+00:00","twitter_card":"summary_large_image","twitter_misc":{"Arvioitu lukuaika":"1 minuutti"},"schema":{"@context":"https:\/\/schema.org","@graph":[{"@type":"WebPage","@id":"https:\/\/help.jamk.fi\/lyhytkurssi\/fi\/listaukset-ja-raportit\/kaikkien-tietylle-kurssille-ilmoittautuneiden-listaus\/","url":"https:\/\/help.jamk.fi\/lyhytkurssi\/fi\/listaukset-ja-raportit\/kaikkien-tietylle-kurssille-ilmoittautuneiden-listaus\/","name":"Kaikkien tietylle kurssille ilmoittautuneiden listaus - Lyhytkurssi","isPartOf":{"@id":"https:\/\/help.jamk.fi\/lyhytkurssi\/#website"},"datePublished":"2010-12-10T10:51:01+00:00","dateModified":"2023-11-20T07:32:32+00:00","breadcrumb":{"@id":"https:\/\/help.jamk.fi\/lyhytkurssi\/fi\/listaukset-ja-raportit\/kaikkien-tietylle-kurssille-ilmoittautuneiden-listaus\/#breadcrumb"},"inLanguage":"fi","potentialAction":[{"@type":"ReadAction","target":["https:\/\/help.jamk.fi\/lyhytkurssi\/fi\/listaukset-ja-raportit\/kaikkien-tietylle-kurssille-ilmoittautuneiden-listaus\/"]}]},{"@type":"BreadcrumbList","@id":"https:\/\/help.jamk.fi\/lyhytkurssi\/fi\/listaukset-ja-raportit\/kaikkien-tietylle-kurssille-ilmoittautuneiden-listaus\/#breadcrumb","itemListElement":[{"@type":"ListItem","position":1,"name":"Etusivu","item":"https:\/\/help.jamk.fi\/lyhytkurssi\/fi\/"},{"@type":"ListItem","position":2,"name":"Listaukset ja raportit","item":"https:\/\/help.jamk.fi\/lyhytkurssi\/fi\/listaukset-ja-raportit\/"},{"@type":"ListItem","position":3,"name":"Kaikkien tietylle kurssille ilmoittautuneiden listaus"}]},{"@type":"WebSite","@id":"https:\/\/help.jamk.fi\/lyhytkurssi\/#website","url":"https:\/\/help.jamk.fi\/lyhytkurssi\/","name":"Lyhytkurssi","description":"","potentialAction":[{"@type":"SearchAction","target":{"@type":"EntryPoint","urlTemplate":"https:\/\/help.jamk.fi\/lyhytkurssi\/?s={search_term_string}"},"query-input":{"@type":"PropertyValueSpecification","valueRequired":true,"valueName":"search_term_string"}}],"inLanguage":"fi"}]}},"_links":{"self":[{"href":"https:\/\/help.jamk.fi\/lyhytkurssi\/wp-json\/wp\/v2\/pages\/371","targetHints":{"allow":["GET"]}}],"collection":[{"href":"https:\/\/help.jamk.fi\/lyhytkurssi\/wp-json\/wp\/v2\/pages"}],"about":[{"href":"https:\/\/help.jamk.fi\/lyhytkurssi\/wp-json\/wp\/v2\/types\/page"}],"author":[{"embeddable":true,"href":"https:\/\/help.jamk.fi\/lyhytkurssi\/wp-json\/wp\/v2\/users\/79"}],"replies":[{"embeddable":true,"href":"https:\/\/help.jamk.fi\/lyhytkurssi\/wp-json\/wp\/v2\/comments?post=371"}],"version-history":[{"count":2,"href":"https:\/\/help.jamk.fi\/lyhytkurssi\/wp-json\/wp\/v2\/pages\/371\/revisions"}],"predecessor-version":[{"id":1655,"href":"https:\/\/help.jamk.fi\/lyhytkurssi\/wp-json\/wp\/v2\/pages\/371\/revisions\/1655"}],"up":[{"embeddable":true,"href":"https:\/\/help.jamk.fi\/lyhytkurssi\/wp-json\/wp\/v2\/pages\/170"}],"wp:attachment":[{"href":"https:\/\/help.jamk.fi\/lyhytkurssi\/wp-json\/wp\/v2\/media?parent=371"}],"wp:term":[{"taxonomy":"category","embeddable":true,"href":"https:\/\/help.jamk.fi\/lyhytkurssi\/wp-json\/wp\/v2\/categories?post=371"},{"taxonomy":"post_tag","embeddable":true,"href":"https:\/\/help.jamk.fi\/lyhytkurssi\/wp-json\/wp\/v2\/tags?post=371"}],"curies":[{"name":"wp","href":"https:\/\/api.w.org\/{rel}","templated":true}]}}