{"id":374,"date":"2010-12-10T13:20:58","date_gmt":"2010-12-10T11:20:58","guid":{"rendered":"https:\/\/help.jamk.fi\/lyhytkurssi\/listaukset-ja-raportit\/raportin-muodostaminen-laskutusta-varten\/"},"modified":"2023-11-20T09:34:38","modified_gmt":"2023-11-20T07:34:38","slug":"raportin-muodostaminen-laskutusta-varten","status":"publish","type":"page","link":"https:\/\/help.jamk.fi\/lyhytkurssi\/fi\/listaukset-ja-raportit\/raportin-muodostaminen-laskutusta-varten\/","title":{"rendered":"Raportin muodostaminen laskutusta varten"},"content":{"rendered":"\n<p>T\u00e4m\u00e4n ohjeen avulla muodostetaan maksullisista koulutuksista raportti, josta talouspalvelut saavat tarvittavat tiedot laskutusta varten.<\/p>\n\n\n\n<ul class=\"wp-block-list\">\n<li>Valitse p\u00e4\u00e4valikosta <strong>Listaukset, raportit<\/strong><\/li>\n\n\n\n<li>Valitse <strong>Kurssivarauslistaukset<\/strong><\/li>\n\n\n\n<li>Aseta aikav\u00e4lin alkup\u00e4iv\u00e4ksi joku p\u00e4iv\u00e4m\u00e4\u00e4r\u00e4 riitt\u00e4v\u00e4n kauaksi menneisyyteen, esim. muuta vuodeksi 2009 (aikav\u00e4lin voi m\u00e4\u00e4ritell\u00e4 tarkemminkin, mutta nopeinta on&nbsp; esim. vaihtaa vuosi)<\/li>\n\n\n\n<li>Kirjoita <strong>Kurssitunnus<\/strong> -kohtaan laskutettavan kurssin kurssikoodi<\/li>\n\n\n\n<li><strong>Tiedot<\/strong> -kohdassa klikkaa ruudun alareunasta <strong>Valitse kaikki<\/strong> -nappia. (t\u00e4m\u00e4 poistaa kaikki valinnat!)<\/li>\n\n\n\n<li>Rastita halutut tiedot. Laskutuksen kannalta olennaisia tietoja ovat:\n<ul class=\"wp-block-list\">\n<li><strong>Varaus:<\/strong> valitaan Kurssin nimi ja Alkupvm.<\/li>\n\n\n\n<li><strong>Maksaja:<\/strong> valitaan Nimi, K\u00e4yntiosoite, Postinro ja Postitoimipaikka.<\/li>\n\n\n\n<li><strong>Osallistuja:<\/strong> valitaan Etunimet ja Sukunimi.<\/li>\n<\/ul>\n<\/li>\n\n\n\n<li>Lopuksi klikataan joko &#8221;<strong>Siirry listaukseen tehty\u00e4si esivalinnat<\/strong>&#8221; tai &#8221;<strong>Tee Excel-muotoinen tiedosto<\/strong>&#8221; -nappia ruudun alareunasta.<\/li>\n<\/ul>\n","protected":false},"excerpt":{"rendered":"<p>T\u00e4m\u00e4n ohjeen avulla muodostetaan maksullisista koulutuksista raportti, josta talouspalvelut saavat tarvittavat tiedot laskutusta varten.<\/p>\n","protected":false},"author":79,"featured_media":0,"parent":170,"menu_order":15,"comment_status":"open","ping_status":"open","template":"","meta":{"_acf_changed":false,"_relevanssi_hide_post":"","_relevanssi_hide_content":"","_relevanssi_pin_for_all":"","_relevanssi_pin_keywords":"","_relevanssi_unpin_keywords":"","_relevanssi_related_keywords":"","_relevanssi_related_include_ids":"","_relevanssi_related_exclude_ids":"","_relevanssi_related_no_append":"","_relevanssi_related_not_related":"","_relevanssi_related_posts":"","_relevanssi_noindex_reason":"","footnotes":""},"categories":[1],"tags":[],"class_list":["post-374","page","type-page","status-publish","hentry","category-yleinen"],"acf":[],"yoast_head":"<!-- This site is optimized with the Yoast SEO plugin v27.4 - https:\/\/yoast.com\/product\/yoast-seo-wordpress\/ -->\n<title>Raportin muodostaminen laskutusta varten - Lyhytkurssi<\/title>\n<meta name=\"robots\" content=\"index, follow, max-snippet:-1, max-image-preview:large, max-video-preview:-1\" \/>\n<link rel=\"canonical\" href=\"https:\/\/help.jamk.fi\/lyhytkurssi\/fi\/listaukset-ja-raportit\/raportin-muodostaminen-laskutusta-varten\/\" \/>\n<meta property=\"og:locale\" content=\"fi_FI\" \/>\n<meta property=\"og:type\" content=\"article\" \/>\n<meta property=\"og:title\" content=\"Raportin muodostaminen laskutusta varten - Lyhytkurssi\" \/>\n<meta property=\"og:description\" content=\"T\u00e4m\u00e4n ohjeen avulla muodostetaan maksullisista koulutuksista raportti, josta talouspalvelut saavat tarvittavat tiedot laskutusta varten.\" \/>\n<meta property=\"og:url\" content=\"https:\/\/help.jamk.fi\/lyhytkurssi\/fi\/listaukset-ja-raportit\/raportin-muodostaminen-laskutusta-varten\/\" \/>\n<meta property=\"og:site_name\" content=\"Lyhytkurssi\" \/>\n<meta property=\"article:modified_time\" content=\"2023-11-20T07:34:38+00:00\" \/>\n<meta name=\"twitter:card\" content=\"summary_large_image\" \/>\n<script type=\"application\/ld+json\" class=\"yoast-schema-graph\">{\"@context\":\"https:\\\/\\\/schema.org\",\"@graph\":[{\"@type\":\"WebPage\",\"@id\":\"https:\\\/\\\/help.jamk.fi\\\/lyhytkurssi\\\/fi\\\/listaukset-ja-raportit\\\/raportin-muodostaminen-laskutusta-varten\\\/\",\"url\":\"https:\\\/\\\/help.jamk.fi\\\/lyhytkurssi\\\/fi\\\/listaukset-ja-raportit\\\/raportin-muodostaminen-laskutusta-varten\\\/\",\"name\":\"Raportin muodostaminen laskutusta varten - Lyhytkurssi\",\"isPartOf\":{\"@id\":\"https:\\\/\\\/help.jamk.fi\\\/lyhytkurssi\\\/#website\"},\"datePublished\":\"2010-12-10T11:20:58+00:00\",\"dateModified\":\"2023-11-20T07:34:38+00:00\",\"breadcrumb\":{\"@id\":\"https:\\\/\\\/help.jamk.fi\\\/lyhytkurssi\\\/fi\\\/listaukset-ja-raportit\\\/raportin-muodostaminen-laskutusta-varten\\\/#breadcrumb\"},\"inLanguage\":\"fi\",\"potentialAction\":[{\"@type\":\"ReadAction\",\"target\":[\"https:\\\/\\\/help.jamk.fi\\\/lyhytkurssi\\\/fi\\\/listaukset-ja-raportit\\\/raportin-muodostaminen-laskutusta-varten\\\/\"]}]},{\"@type\":\"BreadcrumbList\",\"@id\":\"https:\\\/\\\/help.jamk.fi\\\/lyhytkurssi\\\/fi\\\/listaukset-ja-raportit\\\/raportin-muodostaminen-laskutusta-varten\\\/#breadcrumb\",\"itemListElement\":[{\"@type\":\"ListItem\",\"position\":1,\"name\":\"Etusivu\",\"item\":\"https:\\\/\\\/help.jamk.fi\\\/lyhytkurssi\\\/fi\\\/\"},{\"@type\":\"ListItem\",\"position\":2,\"name\":\"Listaukset ja raportit\",\"item\":\"https:\\\/\\\/help.jamk.fi\\\/lyhytkurssi\\\/fi\\\/listaukset-ja-raportit\\\/\"},{\"@type\":\"ListItem\",\"position\":3,\"name\":\"Raportin muodostaminen laskutusta varten\"}]},{\"@type\":\"WebSite\",\"@id\":\"https:\\\/\\\/help.jamk.fi\\\/lyhytkurssi\\\/#website\",\"url\":\"https:\\\/\\\/help.jamk.fi\\\/lyhytkurssi\\\/\",\"name\":\"Lyhytkurssi\",\"description\":\"\",\"potentialAction\":[{\"@type\":\"SearchAction\",\"target\":{\"@type\":\"EntryPoint\",\"urlTemplate\":\"https:\\\/\\\/help.jamk.fi\\\/lyhytkurssi\\\/?s={search_term_string}\"},\"query-input\":{\"@type\":\"PropertyValueSpecification\",\"valueRequired\":true,\"valueName\":\"search_term_string\"}}],\"inLanguage\":\"fi\"}]}<\/script>\n<!-- \/ Yoast SEO plugin. -->","yoast_head_json":{"title":"Raportin muodostaminen laskutusta varten - Lyhytkurssi","robots":{"index":"index","follow":"follow","max-snippet":"max-snippet:-1","max-image-preview":"max-image-preview:large","max-video-preview":"max-video-preview:-1"},"canonical":"https:\/\/help.jamk.fi\/lyhytkurssi\/fi\/listaukset-ja-raportit\/raportin-muodostaminen-laskutusta-varten\/","og_locale":"fi_FI","og_type":"article","og_title":"Raportin muodostaminen laskutusta varten - Lyhytkurssi","og_description":"T\u00e4m\u00e4n ohjeen avulla muodostetaan maksullisista koulutuksista raportti, josta talouspalvelut saavat tarvittavat tiedot laskutusta varten.","og_url":"https:\/\/help.jamk.fi\/lyhytkurssi\/fi\/listaukset-ja-raportit\/raportin-muodostaminen-laskutusta-varten\/","og_site_name":"Lyhytkurssi","article_modified_time":"2023-11-20T07:34:38+00:00","twitter_card":"summary_large_image","schema":{"@context":"https:\/\/schema.org","@graph":[{"@type":"WebPage","@id":"https:\/\/help.jamk.fi\/lyhytkurssi\/fi\/listaukset-ja-raportit\/raportin-muodostaminen-laskutusta-varten\/","url":"https:\/\/help.jamk.fi\/lyhytkurssi\/fi\/listaukset-ja-raportit\/raportin-muodostaminen-laskutusta-varten\/","name":"Raportin muodostaminen laskutusta varten - Lyhytkurssi","isPartOf":{"@id":"https:\/\/help.jamk.fi\/lyhytkurssi\/#website"},"datePublished":"2010-12-10T11:20:58+00:00","dateModified":"2023-11-20T07:34:38+00:00","breadcrumb":{"@id":"https:\/\/help.jamk.fi\/lyhytkurssi\/fi\/listaukset-ja-raportit\/raportin-muodostaminen-laskutusta-varten\/#breadcrumb"},"inLanguage":"fi","potentialAction":[{"@type":"ReadAction","target":["https:\/\/help.jamk.fi\/lyhytkurssi\/fi\/listaukset-ja-raportit\/raportin-muodostaminen-laskutusta-varten\/"]}]},{"@type":"BreadcrumbList","@id":"https:\/\/help.jamk.fi\/lyhytkurssi\/fi\/listaukset-ja-raportit\/raportin-muodostaminen-laskutusta-varten\/#breadcrumb","itemListElement":[{"@type":"ListItem","position":1,"name":"Etusivu","item":"https:\/\/help.jamk.fi\/lyhytkurssi\/fi\/"},{"@type":"ListItem","position":2,"name":"Listaukset ja raportit","item":"https:\/\/help.jamk.fi\/lyhytkurssi\/fi\/listaukset-ja-raportit\/"},{"@type":"ListItem","position":3,"name":"Raportin muodostaminen laskutusta varten"}]},{"@type":"WebSite","@id":"https:\/\/help.jamk.fi\/lyhytkurssi\/#website","url":"https:\/\/help.jamk.fi\/lyhytkurssi\/","name":"Lyhytkurssi","description":"","potentialAction":[{"@type":"SearchAction","target":{"@type":"EntryPoint","urlTemplate":"https:\/\/help.jamk.fi\/lyhytkurssi\/?s={search_term_string}"},"query-input":{"@type":"PropertyValueSpecification","valueRequired":true,"valueName":"search_term_string"}}],"inLanguage":"fi"}]}},"_links":{"self":[{"href":"https:\/\/help.jamk.fi\/lyhytkurssi\/wp-json\/wp\/v2\/pages\/374","targetHints":{"allow":["GET"]}}],"collection":[{"href":"https:\/\/help.jamk.fi\/lyhytkurssi\/wp-json\/wp\/v2\/pages"}],"about":[{"href":"https:\/\/help.jamk.fi\/lyhytkurssi\/wp-json\/wp\/v2\/types\/page"}],"author":[{"embeddable":true,"href":"https:\/\/help.jamk.fi\/lyhytkurssi\/wp-json\/wp\/v2\/users\/79"}],"replies":[{"embeddable":true,"href":"https:\/\/help.jamk.fi\/lyhytkurssi\/wp-json\/wp\/v2\/comments?post=374"}],"version-history":[{"count":2,"href":"https:\/\/help.jamk.fi\/lyhytkurssi\/wp-json\/wp\/v2\/pages\/374\/revisions"}],"predecessor-version":[{"id":1659,"href":"https:\/\/help.jamk.fi\/lyhytkurssi\/wp-json\/wp\/v2\/pages\/374\/revisions\/1659"}],"up":[{"embeddable":true,"href":"https:\/\/help.jamk.fi\/lyhytkurssi\/wp-json\/wp\/v2\/pages\/170"}],"wp:attachment":[{"href":"https:\/\/help.jamk.fi\/lyhytkurssi\/wp-json\/wp\/v2\/media?parent=374"}],"wp:term":[{"taxonomy":"category","embeddable":true,"href":"https:\/\/help.jamk.fi\/lyhytkurssi\/wp-json\/wp\/v2\/categories?post=374"},{"taxonomy":"post_tag","embeddable":true,"href":"https:\/\/help.jamk.fi\/lyhytkurssi\/wp-json\/wp\/v2\/tags?post=374"}],"curies":[{"name":"wp","href":"https:\/\/api.w.org\/{rel}","templated":true}]}}