{"id":377,"date":"2010-12-31T07:44:18","date_gmt":"2010-12-31T05:44:18","guid":{"rendered":"https:\/\/help.jamk.fi\/lyhytkurssi\/ilmoittautumisten-kasittely\/"},"modified":"2024-11-04T11:58:31","modified_gmt":"2024-11-04T09:58:31","slug":"ilmoittautumisten-kasittely","status":"publish","type":"page","link":"https:\/\/help.jamk.fi\/lyhytkurssi\/fi\/ilmoittautumisten-kasittely\/","title":{"rendered":"Ilmoittautumisten k\u00e4sittely"},"content":{"rendered":"\n<p><strong><span style=\"color: #ff0000\">&nbsp;<\/span><\/strong><\/p>\n\n\n\n<p>Jokainen Lyhytkurssiin tullut kurssi-ilmoittautuminen on k\u00e4sitelt\u00e4v\u00e4 asianmukaisesti sek\u00e4 tietosuoja-asetuksen edellytt\u00e4m\u00e4ll\u00e4 tavalla, ks. lis\u00e4tietoa <a href=\"https:\/\/jamkstudent.sharepoint.com\/sites\/Tietosuoja-ja-tietoturva-Elmo\">intrasta<\/a> (vaatii k\u00e4ytt\u00e4j\u00e4tunnuksen). Ilmoittautumisia ei siis saa j\u00e4tt\u00e4\u00e4 &#8221;roikkumaan&#8221; vaikka koulutustapahtuman luonne ei edellytt\u00e4isik\u00e4\u00e4n osallistujien tarkempaa erittely\u00e4 esim. laskutusta varten.<\/p>\n\n\n\n<p>Ilmoittautumisten k\u00e4sittely etenee seuraavasti (kuvio 1):<\/p>\n\n\n\n<ul class=\"wp-block-list\">\n<li>Tehd\u00e4\u00e4n kiinnitykset\n<ul class=\"wp-block-list\">\n<li>Tarkistetaan maksajatieto<\/li>\n\n\n\n<li>Kiinnitet\u00e4\u00e4n ilmoittautumiseen henkil\u00f6, ty\u00f6nantaja ja maksaja<\/li>\n<\/ul>\n<\/li>\n\n\n\n<li>Hyv\u00e4ksyt\u00e4\u00e4n kurssille\n<ul class=\"wp-block-list\">\n<li>L\u00e4hetet\u00e4\u00e4n asiakkaille s\u00e4hk\u00f6postivahvistus koulutuksen toteutumisesta ja mahdollisesti muuta lis\u00e4tietoa.<\/li>\n<\/ul>\n<\/li>\n<\/ul>\n\n\n\n<p>Ilmoittautumisten k\u00e4sittelyn ohjeet l\u00f6ytyv\u00e4t tarkemmin alempaa omien otsikoiden alta.<\/p>\n\n\n\n<figure class=\"wp-block-image\"><img decoding=\"async\" src=\"https:\/\/help.jamk.fi\/lyhytkurssi\/wp-content\/uploads\/sites\/75\/2023\/07\/ilmo2.png\" alt=\"\" class=\"wp-image-443\"\/><figcaption class=\"wp-element-caption\">Kuvio 1. Ilmoittautumisen k\u00e4sittelyn eteneminen<\/figcaption><\/figure>\n\n\n\n<p>Tietyiss\u00e4 tapauksissa tarvitaan erikoisempia toimenpiteit\u00e4, kuten,<\/p>\n\n\n\n<ul class=\"wp-block-list\">\n<li><a href=\"https:\/\/help.jamk.fi\/lyhytkurssi\/fi\/ilmoittautumisten-kasittely\/henkilon-lisaaminen-kurssille-jalkikateen\/\">henkil\u00f6n\/henkil\u00f6iden lis\u00e4\u00e4minen kurssille j\u00e4lkik\u00e4teen<\/a><\/li>\n\n\n\n<li>ryhm\u00e4ilmoittautumisten k\u00e4sittely<\/li>\n\n\n\n<li>avoimen amkin ilmoittautumiset k\u00e4sitell\u00e4\u00e4n kuten maksuttomat koulutukset<\/li>\n<\/ul>\n\n\n\n<h2 class=\"wp-block-heading\">1. Tarkistetaan mahdollinen verkkomaksu ja tehd\u00e4\u00e4n kiinnitykset<\/h2>\n\n\n\n<p>Lyhytkurssin hallinnan p\u00e4\u00e4sivulla n\u00e4kyy keltaisessa laatikossa kaikkien kurssien k\u00e4sittelem\u00e4tt\u00f6mien ilmoittautumisten m\u00e4\u00e4r\u00e4 (kuvio 2). Klikkaamalla laatikon linkki\u00e4 avautuu lista, josta valitaan haluttu kurssi. Ilmoittautumisten k\u00e4sittely avautuu uuteen selainikkunaan.<\/p>\n\n\n\n<figure class=\"wp-block-image\"><img decoding=\"async\" src=\"https:\/\/help.jamk.fi\/lyhytkurssi\/wp-content\/uploads\/sites\/75\/2023\/07\/Ilmoittautumiset.png\" alt=\"\" class=\"wp-image-543\"\/><figcaption class=\"wp-element-caption\">Kuvio 2. K\u00e4sittelem\u00e4tt\u00f6mien ilmoittautumisten m\u00e4\u00e4r\u00e4 keltaisessa laatikossa<\/figcaption><\/figure>\n\n\n\n<p>Ilmoittautumiset, jotka pit\u00e4\u00e4 kiinnitt\u00e4\u00e4, n\u00e4kyv\u00e4t <strong>&#8221;K\u00e4sittelem\u00e4tt\u00f6m\u00e4t&#8221;<\/strong> -otsikon alla.<\/p>\n\n\n\n<p>Ensimm\u00e4isess\u00e4 vaiheessa sinun tulee tarkistaa, ett\u00e4 verkkomaksu on asiallisesti maksettu (mik\u00e4li kurssille on verkkomaksu ollut sallittuna vaihtoehtona). Sen n\u00e4et Maksaja-sarakkeesta (kuvio 3). Vihre\u00e4 verkkomaksu-kentt\u00e4 tarkoittaa onnistunutta maksua. Jos taas kentt\u00e4 on punainen tai harmaa, on maksaminen j\u00e4\u00e4nyt kesken tai ilmoittautujalle on tullut muita maksamiseen liittyvi\u00e4 ongelmia (esim. maksettavia tuotteita ei ole ollut valittavana).<\/p>\n\n\n\n<figure class=\"wp-block-image\"><img decoding=\"async\" src=\"https:\/\/help.jamk.fi\/lyhytkurssi\/wp-content\/uploads\/sites\/75\/2023\/07\/verkkomaksu.jpg\" alt=\"\" class=\"wp-image-957\"\/><figcaption class=\"wp-element-caption\">Kuvio 3. Maksaja-kentt\u00e4, josta n\u00e4kee onko verkkomaksu maksettu<\/figcaption><\/figure>\n\n\n\n<p>Klikkaamalla Verkkomaksu- tai rivin lopussa n\u00e4kyv\u00e4\u00e4 Tuotteet-linkki\u00e4 voit n\u00e4hd\u00e4 tarkemmat maksutiedot.<\/p>\n\n\n\n<p>Kiinnitysten tekemisess\u00e4 on kaksi menetelm\u00e4\u00e4: <strong>tavallinen kiinnitys<\/strong> ja <strong>pikakiinnitys<\/strong>. Pikakiinnitys on nimens\u00e4 mukaisesti nopeampi tapa tehd\u00e4 tarvittavat kiinnitykset. Pikakiinnityst\u00e4 voidaan k\u00e4ytt\u00e4\u00e4, jos:<\/p>\n\n\n\n<ul class=\"wp-block-list\">\n<li>henkil\u00f6n tietoja<strong> ei<\/strong> ennest\u00e4\u00e4n ole tallennettuna j\u00e4rjestelm\u00e4\u00e4n<\/li>\n\n\n\n<li>ty\u00f6nantajayrityksest\u00e4 <strong>ei ole<\/strong> j\u00e4rjestelm\u00e4ss\u00e4 tietoja useammin kuin yhteen kertaan (tietoja samasta yrityksest\u00e4 voi olla useampaan kertaan esim. eri osastojen\/yksik\u00f6iden takia tai joku on ep\u00e4huomiossa luonut yrityksen toiseen kertaan ilmoittautumisia kiinnitt\u00e4ess\u00e4\u00e4n)<\/li>\n<\/ul>\n\n\n\n<p>Ilmoittautumisia k\u00e4sitelless\u00e4 pikakiinnitys tehd\u00e4\u00e4n yksinkertaisesti klikkaamalla <strong>&#8221;Pikakiinnitys&#8221;<\/strong> -painiketta (jos pikakiinnityst\u00e4 ei ole mahdollista tehd\u00e4, nappi ei ole k\u00e4ytett\u00e4viss\u00e4). Pikakiinnityksen onnistuttua voidaan siirty\u00e4 suoraan kohtaan 3 eli hyv\u00e4ksyt\u00e4\u00e4n osallistujat kurssille.<\/p>\n\n\n\n<p>Jos pikakiinnitys ei ole mahdollinen, t\u00e4ytyy kiinnitykset tehd\u00e4 &#8221;k\u00e4sin&#8221;. T\u00e4ll\u00f6in kiinnitysten tekemisess\u00e4 voi tapauksesta riippuen olla 1-3 vaihetta: <strong>henkil\u00f6n, ty\u00f6nantajan<\/strong> ja<strong> maksajan<\/strong> kiinnitys. Kiinnitysten teko aloitetaan painamalla <strong>&#8221;Kiinnit\u00e4&#8221;<\/strong> -painiketta.<\/p>\n\n\n\n<p><strong>Henkil\u00f6n kiinnitys.<\/strong> Taulukossa n\u00e4kyy ilmoittautuneesta ensimm\u00e4iseksi ne tiedot, jotka h\u00e4n on sy\u00f6tt\u00e4nyt ilmoittautumislomakkeeseen. Seuraavilla riveill\u00e4 n\u00e4kyv\u00e4t henkil\u00f6rekisterist\u00e4 l\u00f6ytyneet vastaavat tiedot. Vaihtoehtoina on:<\/p>\n\n\n\n<ul class=\"wp-block-list\">\n<li><strong>Kiinnit\u00e4 valittu henkil\u00f6.<\/strong> = kiinnitet\u00e4\u00e4n henkil\u00f6rekisterist\u00e4 l\u00f6ytynyt henkil\u00f6 ja korvataan ilmoittautumislomakkeen tiedot<\/li>\n\n\n\n<li><strong>Kiinnit\u00e4 valittu henkil\u00f6 ja p\u00e4ivit\u00e4 tiedot lomakkeelta.<\/strong> = kiinnitet\u00e4\u00e4n henkil\u00f6rekisterist\u00e4 l\u00f6ytynyt henkil\u00f6 ja p\u00e4ivitet\u00e4\u00e4n ilmoittautumislomakkeella annetut tiedot rekisteriin<\/li>\n\n\n\n<li><strong>Hae henkil\u00f6rekisterist\u00e4.<\/strong> = haetaan kokonaan toinen henkil\u00f6 henkil\u00f6rekisterist\u00e4 (harvoin tarpeen)<\/li>\n\n\n\n<li><strong>Luo uusi henkil\u00f6 ilmoittautujan tiedoilla.<\/strong> = luodaan henkil\u00f6rekisteriin kokonaan uusi henkil\u00f6<\/li>\n<\/ul>\n\n\n\n<p>Jos ilmoittautuneesta henkil\u00f6st\u00e4 ei ennest\u00e4\u00e4n l\u00f6ydy tietoja henkil\u00f6rekisterist\u00e4, valittavissa ovat ainoastaan vaihtoehdot &#8221;Hae henkil\u00f6rekisterist\u00e4&#8221; tai &#8221;Luo uusi henkil\u00f6 ilmoittautujan tiedoilla&#8221;. K\u00e4yt\u00e4nn\u00f6ss\u00e4 useimmissa tapauksissa luodaan uusi henkil\u00f6 rekisteriin.<\/p>\n\n\n\n<p>Henkil\u00f6 tallennetaan rekisteriin ja sen j\u00e4lkeen henkil\u00f6rekisterin kautta kiinnitet\u00e4\u00e4n henkil\u00f6 kurssille Poimi henkil\u00f6 -painikkeella (kuvio 4).<\/p>\n\n\n\n<figure class=\"wp-block-image\"><img decoding=\"async\" src=\"https:\/\/help.jamk.fi\/lyhytkurssi\/wp-content\/uploads\/sites\/75\/2023\/07\/ilmo3.png\" alt=\"\" class=\"wp-image-447\"\/><figcaption class=\"wp-element-caption\">Kuvio 4. Henkil\u00f6tietojen Poimi-henkil\u00f6 -painike<\/figcaption><\/figure>\n\n\n\n<p><strong>Ty\u00f6nantajan\/yrityksen kiinnitys.<\/strong> Ty\u00f6nantajan kiinnitys tehd\u00e4\u00e4n saman logiikan mukaan kuin yll\u00e4 kuvattu henkil\u00f6n kiinnitys.<\/p>\n\n\n\n<p><strong>Huom. Eth\u00e4n tee Lyhytkurssista jo l\u00f6ytyv\u00e4lle yritykselle uutta asiakastietoa (=luo uusi yritys ilmoittautujan tiedoilla).<\/strong> T\u00e4m\u00e4 tekee my\u00f6s maksajalle uuden asiakasnumeron laskusiirrossa ja my\u00f6s meid\u00e4n reskontraan syntyy uusi asiakas! Eli etsi listalta oikea asiakas ja k\u00e4yt\u00e4 sit\u00e4 (=kiinnit\u00e4 valittu yritys ty\u00f6nantajaksi tai kiinnit\u00e4 valittu yritys ja p\u00e4ivit\u00e4 tiedot lomakkeelta). Ole huolellinen, jos p\u00e4ivit\u00e4t tietoja lomakkeelta, sill\u00e4 my\u00f6s mm. yrityksen nimi- ja verkkolaskuosoite-tiedot p\u00e4ivittyv\u00e4t.<\/p>\n\n\n\n<ul class=\"wp-block-list\">\n<li>Voit etsi\u00e4 yrityksen laskutus- ja osastotietoja osoitteesta: <a href=\"https:\/\/www.verkkolaskuosoite.fi\" target=\"_blank\" rel=\"noopener noreferrer\">https:\/\/www.verkkolaskuosoite.fi<\/a>.<\/li>\n\n\n\n<li>Jos lasku l\u00e4hetet\u00e4\u00e4n paperilaskuna, osoitteena tulee olla yrityksen postiosoite. T\u00e4m\u00e4n voit tarkistaa yrityksen nettisivuilta.<\/li>\n<\/ul>\n\n\n\n<p><strong>Maksajan kiinnitys.<\/strong> Useimmissa tapauksissa j\u00e4rjestelm\u00e4 osaa automaattisesti kiinnitt\u00e4\u00e4 maksajatiedon ilmoittautumiseen. Erikseen t\u00e4m\u00e4 t\u00e4ytyy tehd\u00e4 ainoastaan silloin kun ilmoittautumislomakkeella on valittu &#8221;muu maksaja&#8221;. Jos kiinnitys tarvitsee tehd\u00e4, tehd\u00e4\u00e4n se saman logiikan mukaan kuin henkil\u00f6n ja ty\u00f6nantajan kiinnitys.<\/p>\n\n\n\n<p>Kun kaikki kiinnitykset on onnistuneesti tehty, pit\u00e4isi ilmoittautumisen kaikkien kohtien n\u00e4ky\u00e4 vihre\u00e4ll\u00e4 taustav\u00e4rill\u00e4. Kun kaikki on valmista, voi palata edelliseen ruutuun <strong>&#8221;Palaa&#8221; <\/strong>-nappia painamalla.<\/p>\n\n\n\n<h2 class=\"wp-block-heading\">&nbsp;2. Hyv\u00e4ksyt\u00e4\u00e4n kurssille<\/h2>\n\n\n\n<p>Ilmoittautumisten k\u00e4sittelyn viimeisess\u00e4 vaiheessa ilmoittautunut hyv\u00e4ksyt\u00e4\u00e4n kurssille. T\u00e4m\u00e4 tehd\u00e4\u00e4n yksinkertaisesti valitsemalla ilmoittautuminen (rasti ruutuun rivin vasemmassa reunassa) ja klikkaamalla <strong>&#8221;Hyv\u00e4ksy valitut kurssille&#8221;<\/strong>. T\u00e4m\u00e4n j\u00e4lkeen avautuvalla sivulla voidaan l\u00e4hett\u00e4\u00e4 hyv\u00e4ksytyille viesti. Viestiin on mahdollista lis\u00e4t\u00e4 liitetiedostoja (esim. pys\u00e4k\u00f6intiohje, oheismateriaalia tms.) Liitteen suurin sallittu koko on 2Mt.<\/p>\n\n\n\n<p>Kun kaikki on valmista, ilmoittautuminen on siirtynyt ilmoittautumisten k\u00e4sittelysivulla otsikon <strong>&#8221;Hyv\u00e4ksytyt&#8221;<\/strong> alle.<\/p>\n\n\n\n<p><strong>HUOM!<\/strong> Jos ilmoittautuminen selke\u00e4sti hyl\u00e4t\u00e4\u00e4n syyst\u00e4 tai toisesta (esim. Aku Ankka ilmoittautunut koulutukseen) voidaan ilmoittautuminen luonnollisesti hyl\u00e4t\u00e4 tekem\u00e4tt\u00e4 kiinnityksi\u00e4 yms. toimenpiteit\u00e4. Mik\u00e4li kyseess\u00e4 on oikea ihminen, muista olla yhteydess\u00e4 asiakkaaseen ja kertoa hylk\u00e4\u00e4misen syy.<\/p>\n","protected":false},"excerpt":{"rendered":"<p>&nbsp; Jokainen Lyhytkurssiin tullut kurssi-ilmoittautuminen on k\u00e4sitelt\u00e4v\u00e4 asianmukaisesti sek\u00e4 tietosuoja-asetuksen edellytt\u00e4m\u00e4ll\u00e4 tavalla, ks. lis\u00e4tietoa intrasta (vaatii k\u00e4ytt\u00e4j\u00e4tunnuksen). Ilmoittautumisia ei siis saa j\u00e4tt\u00e4\u00e4 &#8221;roikkumaan&#8221; vaikka koulutustapahtuman luonne ei edellytt\u00e4isik\u00e4\u00e4n osallistujien tarkempaa erittely\u00e4 esim. laskutusta varten. Ilmoittautumisten k\u00e4sittely etenee seuraavasti (kuvio 1): Ilmoittautumisten k\u00e4sittelyn ohjeet l\u00f6ytyv\u00e4t tarkemmin alempaa omien otsikoiden alta. Tietyiss\u00e4 tapauksissa tarvitaan erikoisempia toimenpiteit\u00e4, kuten, [&hellip;]<\/p>\n","protected":false},"author":79,"featured_media":0,"parent":0,"menu_order":4,"comment_status":"open","ping_status":"open","template":"","meta":{"_acf_changed":false,"_relevanssi_hide_post":"","_relevanssi_hide_content":"","_relevanssi_pin_for_all":"","_relevanssi_pin_keywords":"","_relevanssi_unpin_keywords":"","_relevanssi_related_keywords":"","_relevanssi_related_include_ids":"","_relevanssi_related_exclude_ids":"","_relevanssi_related_no_append":"","_relevanssi_related_not_related":"","_relevanssi_related_posts":"","_relevanssi_noindex_reason":"","footnotes":""},"categories":[1],"tags":[],"class_list":["post-377","page","type-page","status-publish","hentry","category-yleinen"],"acf":[],"yoast_head":"<!-- This site is optimized with the Yoast SEO plugin v27.3 - https:\/\/yoast.com\/product\/yoast-seo-wordpress\/ -->\n<title>Ilmoittautumisten k\u00e4sittely - Lyhytkurssi<\/title>\n<meta name=\"robots\" content=\"index, follow, max-snippet:-1, max-image-preview:large, max-video-preview:-1\" \/>\n<link rel=\"canonical\" href=\"https:\/\/help.jamk.fi\/lyhytkurssi\/fi\/ilmoittautumisten-kasittely\/\" \/>\n<meta property=\"og:locale\" content=\"fi_FI\" \/>\n<meta property=\"og:type\" content=\"article\" \/>\n<meta property=\"og:title\" content=\"Ilmoittautumisten k\u00e4sittely - Lyhytkurssi\" \/>\n<meta property=\"og:description\" content=\"&nbsp; Jokainen Lyhytkurssiin tullut kurssi-ilmoittautuminen on k\u00e4sitelt\u00e4v\u00e4 asianmukaisesti sek\u00e4 tietosuoja-asetuksen edellytt\u00e4m\u00e4ll\u00e4 tavalla, ks. lis\u00e4tietoa intrasta (vaatii k\u00e4ytt\u00e4j\u00e4tunnuksen). Ilmoittautumisia ei siis saa j\u00e4tt\u00e4\u00e4 &#8221;roikkumaan&#8221; vaikka koulutustapahtuman luonne ei edellytt\u00e4isik\u00e4\u00e4n osallistujien tarkempaa erittely\u00e4 esim. laskutusta varten. Ilmoittautumisten k\u00e4sittely etenee seuraavasti (kuvio 1): Ilmoittautumisten k\u00e4sittelyn ohjeet l\u00f6ytyv\u00e4t tarkemmin alempaa omien otsikoiden alta. Tietyiss\u00e4 tapauksissa tarvitaan erikoisempia toimenpiteit\u00e4, kuten, [&hellip;]\" \/>\n<meta property=\"og:url\" content=\"https:\/\/help.jamk.fi\/lyhytkurssi\/fi\/ilmoittautumisten-kasittely\/\" \/>\n<meta property=\"og:site_name\" content=\"Lyhytkurssi\" \/>\n<meta property=\"article:modified_time\" content=\"2024-11-04T09:58:31+00:00\" \/>\n<meta property=\"og:image\" content=\"https:\/\/help.jamk.fi\/lyhytkurssi\/wp-content\/uploads\/sites\/75\/2023\/07\/ilmo2.png\" \/>\n<meta name=\"twitter:card\" content=\"summary_large_image\" \/>\n<meta name=\"twitter:label1\" content=\"Arvioitu lukuaika\" \/>\n\t<meta name=\"twitter:data1\" content=\"6 minuuttia\" \/>\n<script type=\"application\/ld+json\" class=\"yoast-schema-graph\">{\"@context\":\"https:\\\/\\\/schema.org\",\"@graph\":[{\"@type\":\"WebPage\",\"@id\":\"https:\\\/\\\/help.jamk.fi\\\/lyhytkurssi\\\/fi\\\/ilmoittautumisten-kasittely\\\/\",\"url\":\"https:\\\/\\\/help.jamk.fi\\\/lyhytkurssi\\\/fi\\\/ilmoittautumisten-kasittely\\\/\",\"name\":\"Ilmoittautumisten k\u00e4sittely - Lyhytkurssi\",\"isPartOf\":{\"@id\":\"https:\\\/\\\/help.jamk.fi\\\/lyhytkurssi\\\/#website\"},\"primaryImageOfPage\":{\"@id\":\"https:\\\/\\\/help.jamk.fi\\\/lyhytkurssi\\\/fi\\\/ilmoittautumisten-kasittely\\\/#primaryimage\"},\"image\":{\"@id\":\"https:\\\/\\\/help.jamk.fi\\\/lyhytkurssi\\\/fi\\\/ilmoittautumisten-kasittely\\\/#primaryimage\"},\"thumbnailUrl\":\"https:\\\/\\\/help.jamk.fi\\\/lyhytkurssi\\\/wp-content\\\/uploads\\\/sites\\\/75\\\/2023\\\/07\\\/ilmo2.png\",\"datePublished\":\"2010-12-31T05:44:18+00:00\",\"dateModified\":\"2024-11-04T09:58:31+00:00\",\"breadcrumb\":{\"@id\":\"https:\\\/\\\/help.jamk.fi\\\/lyhytkurssi\\\/fi\\\/ilmoittautumisten-kasittely\\\/#breadcrumb\"},\"inLanguage\":\"fi\",\"potentialAction\":[{\"@type\":\"ReadAction\",\"target\":[\"https:\\\/\\\/help.jamk.fi\\\/lyhytkurssi\\\/fi\\\/ilmoittautumisten-kasittely\\\/\"]}]},{\"@type\":\"ImageObject\",\"inLanguage\":\"fi\",\"@id\":\"https:\\\/\\\/help.jamk.fi\\\/lyhytkurssi\\\/fi\\\/ilmoittautumisten-kasittely\\\/#primaryimage\",\"url\":\"https:\\\/\\\/help.jamk.fi\\\/lyhytkurssi\\\/wp-content\\\/uploads\\\/sites\\\/75\\\/2023\\\/07\\\/ilmo2.png\",\"contentUrl\":\"https:\\\/\\\/help.jamk.fi\\\/lyhytkurssi\\\/wp-content\\\/uploads\\\/sites\\\/75\\\/2023\\\/07\\\/ilmo2.png\"},{\"@type\":\"BreadcrumbList\",\"@id\":\"https:\\\/\\\/help.jamk.fi\\\/lyhytkurssi\\\/fi\\\/ilmoittautumisten-kasittely\\\/#breadcrumb\",\"itemListElement\":[{\"@type\":\"ListItem\",\"position\":1,\"name\":\"Etusivu\",\"item\":\"https:\\\/\\\/help.jamk.fi\\\/lyhytkurssi\\\/fi\\\/\"},{\"@type\":\"ListItem\",\"position\":2,\"name\":\"Ilmoittautumisten k\u00e4sittely\"}]},{\"@type\":\"WebSite\",\"@id\":\"https:\\\/\\\/help.jamk.fi\\\/lyhytkurssi\\\/#website\",\"url\":\"https:\\\/\\\/help.jamk.fi\\\/lyhytkurssi\\\/\",\"name\":\"Lyhytkurssi\",\"description\":\"\",\"potentialAction\":[{\"@type\":\"SearchAction\",\"target\":{\"@type\":\"EntryPoint\",\"urlTemplate\":\"https:\\\/\\\/help.jamk.fi\\\/lyhytkurssi\\\/?s={search_term_string}\"},\"query-input\":{\"@type\":\"PropertyValueSpecification\",\"valueRequired\":true,\"valueName\":\"search_term_string\"}}],\"inLanguage\":\"fi\"}]}<\/script>\n<!-- \/ Yoast SEO plugin. -->","yoast_head_json":{"title":"Ilmoittautumisten k\u00e4sittely - Lyhytkurssi","robots":{"index":"index","follow":"follow","max-snippet":"max-snippet:-1","max-image-preview":"max-image-preview:large","max-video-preview":"max-video-preview:-1"},"canonical":"https:\/\/help.jamk.fi\/lyhytkurssi\/fi\/ilmoittautumisten-kasittely\/","og_locale":"fi_FI","og_type":"article","og_title":"Ilmoittautumisten k\u00e4sittely - Lyhytkurssi","og_description":"&nbsp; Jokainen Lyhytkurssiin tullut kurssi-ilmoittautuminen on k\u00e4sitelt\u00e4v\u00e4 asianmukaisesti sek\u00e4 tietosuoja-asetuksen edellytt\u00e4m\u00e4ll\u00e4 tavalla, ks. lis\u00e4tietoa intrasta (vaatii k\u00e4ytt\u00e4j\u00e4tunnuksen). Ilmoittautumisia ei siis saa j\u00e4tt\u00e4\u00e4 &#8221;roikkumaan&#8221; vaikka koulutustapahtuman luonne ei edellytt\u00e4isik\u00e4\u00e4n osallistujien tarkempaa erittely\u00e4 esim. laskutusta varten. Ilmoittautumisten k\u00e4sittely etenee seuraavasti (kuvio 1): Ilmoittautumisten k\u00e4sittelyn ohjeet l\u00f6ytyv\u00e4t tarkemmin alempaa omien otsikoiden alta. Tietyiss\u00e4 tapauksissa tarvitaan erikoisempia toimenpiteit\u00e4, kuten, [&hellip;]","og_url":"https:\/\/help.jamk.fi\/lyhytkurssi\/fi\/ilmoittautumisten-kasittely\/","og_site_name":"Lyhytkurssi","article_modified_time":"2024-11-04T09:58:31+00:00","og_image":[{"url":"https:\/\/help.jamk.fi\/lyhytkurssi\/wp-content\/uploads\/sites\/75\/2023\/07\/ilmo2.png","type":"","width":"","height":""}],"twitter_card":"summary_large_image","twitter_misc":{"Arvioitu lukuaika":"6 minuuttia"},"schema":{"@context":"https:\/\/schema.org","@graph":[{"@type":"WebPage","@id":"https:\/\/help.jamk.fi\/lyhytkurssi\/fi\/ilmoittautumisten-kasittely\/","url":"https:\/\/help.jamk.fi\/lyhytkurssi\/fi\/ilmoittautumisten-kasittely\/","name":"Ilmoittautumisten k\u00e4sittely - Lyhytkurssi","isPartOf":{"@id":"https:\/\/help.jamk.fi\/lyhytkurssi\/#website"},"primaryImageOfPage":{"@id":"https:\/\/help.jamk.fi\/lyhytkurssi\/fi\/ilmoittautumisten-kasittely\/#primaryimage"},"image":{"@id":"https:\/\/help.jamk.fi\/lyhytkurssi\/fi\/ilmoittautumisten-kasittely\/#primaryimage"},"thumbnailUrl":"https:\/\/help.jamk.fi\/lyhytkurssi\/wp-content\/uploads\/sites\/75\/2023\/07\/ilmo2.png","datePublished":"2010-12-31T05:44:18+00:00","dateModified":"2024-11-04T09:58:31+00:00","breadcrumb":{"@id":"https:\/\/help.jamk.fi\/lyhytkurssi\/fi\/ilmoittautumisten-kasittely\/#breadcrumb"},"inLanguage":"fi","potentialAction":[{"@type":"ReadAction","target":["https:\/\/help.jamk.fi\/lyhytkurssi\/fi\/ilmoittautumisten-kasittely\/"]}]},{"@type":"ImageObject","inLanguage":"fi","@id":"https:\/\/help.jamk.fi\/lyhytkurssi\/fi\/ilmoittautumisten-kasittely\/#primaryimage","url":"https:\/\/help.jamk.fi\/lyhytkurssi\/wp-content\/uploads\/sites\/75\/2023\/07\/ilmo2.png","contentUrl":"https:\/\/help.jamk.fi\/lyhytkurssi\/wp-content\/uploads\/sites\/75\/2023\/07\/ilmo2.png"},{"@type":"BreadcrumbList","@id":"https:\/\/help.jamk.fi\/lyhytkurssi\/fi\/ilmoittautumisten-kasittely\/#breadcrumb","itemListElement":[{"@type":"ListItem","position":1,"name":"Etusivu","item":"https:\/\/help.jamk.fi\/lyhytkurssi\/fi\/"},{"@type":"ListItem","position":2,"name":"Ilmoittautumisten k\u00e4sittely"}]},{"@type":"WebSite","@id":"https:\/\/help.jamk.fi\/lyhytkurssi\/#website","url":"https:\/\/help.jamk.fi\/lyhytkurssi\/","name":"Lyhytkurssi","description":"","potentialAction":[{"@type":"SearchAction","target":{"@type":"EntryPoint","urlTemplate":"https:\/\/help.jamk.fi\/lyhytkurssi\/?s={search_term_string}"},"query-input":{"@type":"PropertyValueSpecification","valueRequired":true,"valueName":"search_term_string"}}],"inLanguage":"fi"}]}},"_links":{"self":[{"href":"https:\/\/help.jamk.fi\/lyhytkurssi\/wp-json\/wp\/v2\/pages\/377","targetHints":{"allow":["GET"]}}],"collection":[{"href":"https:\/\/help.jamk.fi\/lyhytkurssi\/wp-json\/wp\/v2\/pages"}],"about":[{"href":"https:\/\/help.jamk.fi\/lyhytkurssi\/wp-json\/wp\/v2\/types\/page"}],"author":[{"embeddable":true,"href":"https:\/\/help.jamk.fi\/lyhytkurssi\/wp-json\/wp\/v2\/users\/79"}],"replies":[{"embeddable":true,"href":"https:\/\/help.jamk.fi\/lyhytkurssi\/wp-json\/wp\/v2\/comments?post=377"}],"version-history":[{"count":8,"href":"https:\/\/help.jamk.fi\/lyhytkurssi\/wp-json\/wp\/v2\/pages\/377\/revisions"}],"predecessor-version":[{"id":1888,"href":"https:\/\/help.jamk.fi\/lyhytkurssi\/wp-json\/wp\/v2\/pages\/377\/revisions\/1888"}],"wp:attachment":[{"href":"https:\/\/help.jamk.fi\/lyhytkurssi\/wp-json\/wp\/v2\/media?parent=377"}],"wp:term":[{"taxonomy":"category","embeddable":true,"href":"https:\/\/help.jamk.fi\/lyhytkurssi\/wp-json\/wp\/v2\/categories?post=377"},{"taxonomy":"post_tag","embeddable":true,"href":"https:\/\/help.jamk.fi\/lyhytkurssi\/wp-json\/wp\/v2\/tags?post=377"}],"curies":[{"name":"wp","href":"https:\/\/api.w.org\/{rel}","templated":true}]}}