{"id":422,"date":"2011-01-04T10:19:53","date_gmt":"2011-01-04T08:19:53","guid":{"rendered":"https:\/\/help.jamk.fi\/lyhytkurssi\/sisallontuotanto\/"},"modified":"2024-11-04T13:31:04","modified_gmt":"2024-11-04T11:31:04","slug":"sisallontuotanto","status":"publish","type":"page","link":"https:\/\/help.jamk.fi\/lyhytkurssi\/fi\/sisallontuotanto\/","title":{"rendered":"Sis\u00e4ll\u00f6ntuotanto"},"content":{"rendered":"\n<p>Sis\u00e4lt\u00f6\u00e4 lis\u00e4tt\u00e4ess\u00e4 ja muokattaessa on hyv\u00e4 pit\u00e4\u00e4 mieless\u00e4 tietyt sis\u00e4ll\u00f6ntuotannon pelis\u00e4\u00e4nn\u00f6t.<\/p>\n\n\n\n<p>Lis\u00e4ohjeistusta l\u00f6ytyy mm. n\u00e4ist\u00e4 linkeist\u00e4:<\/p>\n\n\n\n<ul class=\"wp-block-list\">\n<li><a href=\"https:\/\/help.jamk.fi\/peppi-ohjeet-henkilokunnalle\/opetussuunnittelu\/opintojaksot\/\">Koodiohjeistus<\/a> &#8211; k\u00e4ytet\u00e4\u00e4n soveltaen my\u00f6s Lyhytkurssissa<\/li>\n\n\n\n<li><a href=\"https:\/\/help.jamk.fi\/lyhytkurssi\/fi\/kurssitietojen-yllapito\/markkinointitietojen-tayttaminen\/\">Markkinointitietojen t\u00e4ytt\u00e4minen<\/a><\/li>\n\n\n\n<li><a href=\"https:\/\/help.jamk.fi\/lyhytkurssi\/fi\/kurssitietojen-yllapito\/kurssin-kielimaarittelyt\/\">Kielim\u00e4\u00e4rittely ja kurssin tietojen t\u00e4ytt\u00e4minen oikeisiin kenttiin<\/a><\/li>\n<\/ul>\n\n\n\n<p><\/p>\n","protected":false},"excerpt":{"rendered":"<p>Sis\u00e4lt\u00f6\u00e4 lis\u00e4tt\u00e4ess\u00e4 ja muokattaessa on hyv\u00e4 pit\u00e4\u00e4 mieless\u00e4 tietyt sis\u00e4ll\u00f6ntuotannon pelis\u00e4\u00e4nn\u00f6t. Lis\u00e4ohjeistusta l\u00f6ytyy mm. n\u00e4ist\u00e4 linkeist\u00e4:<\/p>\n","protected":false},"author":79,"featured_media":0,"parent":0,"menu_order":16,"comment_status":"open","ping_status":"open","template":"","meta":{"_acf_changed":false,"_relevanssi_hide_post":"","_relevanssi_hide_content":"","_relevanssi_pin_for_all":"","_relevanssi_pin_keywords":"","_relevanssi_unpin_keywords":"","_relevanssi_related_keywords":"","_relevanssi_related_include_ids":"","_relevanssi_related_exclude_ids":"","_relevanssi_related_no_append":"","_relevanssi_related_not_related":"","_relevanssi_related_posts":"","_relevanssi_noindex_reason":"","footnotes":""},"categories":[1],"tags":[],"class_list":["post-422","page","type-page","status-publish","hentry","category-yleinen"],"acf":[],"yoast_head":"<!-- This site is optimized with the Yoast SEO plugin v27.3 - https:\/\/yoast.com\/product\/yoast-seo-wordpress\/ -->\n<title>Sis\u00e4ll\u00f6ntuotanto - Lyhytkurssi<\/title>\n<meta name=\"robots\" content=\"index, follow, max-snippet:-1, max-image-preview:large, max-video-preview:-1\" \/>\n<link rel=\"canonical\" href=\"https:\/\/help.jamk.fi\/lyhytkurssi\/fi\/sisallontuotanto\/\" \/>\n<meta property=\"og:locale\" content=\"fi_FI\" \/>\n<meta property=\"og:type\" content=\"article\" \/>\n<meta property=\"og:title\" content=\"Sis\u00e4ll\u00f6ntuotanto - Lyhytkurssi\" \/>\n<meta property=\"og:description\" content=\"Sis\u00e4lt\u00f6\u00e4 lis\u00e4tt\u00e4ess\u00e4 ja muokattaessa on hyv\u00e4 pit\u00e4\u00e4 mieless\u00e4 tietyt sis\u00e4ll\u00f6ntuotannon pelis\u00e4\u00e4nn\u00f6t. Lis\u00e4ohjeistusta l\u00f6ytyy mm. n\u00e4ist\u00e4 linkeist\u00e4:\" \/>\n<meta property=\"og:url\" content=\"https:\/\/help.jamk.fi\/lyhytkurssi\/fi\/sisallontuotanto\/\" \/>\n<meta property=\"og:site_name\" content=\"Lyhytkurssi\" \/>\n<meta property=\"article:modified_time\" content=\"2024-11-04T11:31:04+00:00\" \/>\n<meta name=\"twitter:card\" content=\"summary_large_image\" \/>\n<meta name=\"twitter:label1\" content=\"Arvioitu lukuaika\" \/>\n\t<meta name=\"twitter:data1\" content=\"1 minuutti\" \/>\n<script type=\"application\/ld+json\" class=\"yoast-schema-graph\">{\"@context\":\"https:\\\/\\\/schema.org\",\"@graph\":[{\"@type\":\"WebPage\",\"@id\":\"https:\\\/\\\/help.jamk.fi\\\/lyhytkurssi\\\/fi\\\/sisallontuotanto\\\/\",\"url\":\"https:\\\/\\\/help.jamk.fi\\\/lyhytkurssi\\\/fi\\\/sisallontuotanto\\\/\",\"name\":\"Sis\u00e4ll\u00f6ntuotanto - Lyhytkurssi\",\"isPartOf\":{\"@id\":\"https:\\\/\\\/help.jamk.fi\\\/lyhytkurssi\\\/#website\"},\"datePublished\":\"2011-01-04T08:19:53+00:00\",\"dateModified\":\"2024-11-04T11:31:04+00:00\",\"breadcrumb\":{\"@id\":\"https:\\\/\\\/help.jamk.fi\\\/lyhytkurssi\\\/fi\\\/sisallontuotanto\\\/#breadcrumb\"},\"inLanguage\":\"fi\",\"potentialAction\":[{\"@type\":\"ReadAction\",\"target\":[\"https:\\\/\\\/help.jamk.fi\\\/lyhytkurssi\\\/fi\\\/sisallontuotanto\\\/\"]}]},{\"@type\":\"BreadcrumbList\",\"@id\":\"https:\\\/\\\/help.jamk.fi\\\/lyhytkurssi\\\/fi\\\/sisallontuotanto\\\/#breadcrumb\",\"itemListElement\":[{\"@type\":\"ListItem\",\"position\":1,\"name\":\"Etusivu\",\"item\":\"https:\\\/\\\/help.jamk.fi\\\/lyhytkurssi\\\/fi\\\/\"},{\"@type\":\"ListItem\",\"position\":2,\"name\":\"Sis\u00e4ll\u00f6ntuotanto\"}]},{\"@type\":\"WebSite\",\"@id\":\"https:\\\/\\\/help.jamk.fi\\\/lyhytkurssi\\\/#website\",\"url\":\"https:\\\/\\\/help.jamk.fi\\\/lyhytkurssi\\\/\",\"name\":\"Lyhytkurssi\",\"description\":\"\",\"potentialAction\":[{\"@type\":\"SearchAction\",\"target\":{\"@type\":\"EntryPoint\",\"urlTemplate\":\"https:\\\/\\\/help.jamk.fi\\\/lyhytkurssi\\\/?s={search_term_string}\"},\"query-input\":{\"@type\":\"PropertyValueSpecification\",\"valueRequired\":true,\"valueName\":\"search_term_string\"}}],\"inLanguage\":\"fi\"}]}<\/script>\n<!-- \/ Yoast SEO plugin. -->","yoast_head_json":{"title":"Sis\u00e4ll\u00f6ntuotanto - Lyhytkurssi","robots":{"index":"index","follow":"follow","max-snippet":"max-snippet:-1","max-image-preview":"max-image-preview:large","max-video-preview":"max-video-preview:-1"},"canonical":"https:\/\/help.jamk.fi\/lyhytkurssi\/fi\/sisallontuotanto\/","og_locale":"fi_FI","og_type":"article","og_title":"Sis\u00e4ll\u00f6ntuotanto - Lyhytkurssi","og_description":"Sis\u00e4lt\u00f6\u00e4 lis\u00e4tt\u00e4ess\u00e4 ja muokattaessa on hyv\u00e4 pit\u00e4\u00e4 mieless\u00e4 tietyt sis\u00e4ll\u00f6ntuotannon pelis\u00e4\u00e4nn\u00f6t. Lis\u00e4ohjeistusta l\u00f6ytyy mm. n\u00e4ist\u00e4 linkeist\u00e4:","og_url":"https:\/\/help.jamk.fi\/lyhytkurssi\/fi\/sisallontuotanto\/","og_site_name":"Lyhytkurssi","article_modified_time":"2024-11-04T11:31:04+00:00","twitter_card":"summary_large_image","twitter_misc":{"Arvioitu lukuaika":"1 minuutti"},"schema":{"@context":"https:\/\/schema.org","@graph":[{"@type":"WebPage","@id":"https:\/\/help.jamk.fi\/lyhytkurssi\/fi\/sisallontuotanto\/","url":"https:\/\/help.jamk.fi\/lyhytkurssi\/fi\/sisallontuotanto\/","name":"Sis\u00e4ll\u00f6ntuotanto - Lyhytkurssi","isPartOf":{"@id":"https:\/\/help.jamk.fi\/lyhytkurssi\/#website"},"datePublished":"2011-01-04T08:19:53+00:00","dateModified":"2024-11-04T11:31:04+00:00","breadcrumb":{"@id":"https:\/\/help.jamk.fi\/lyhytkurssi\/fi\/sisallontuotanto\/#breadcrumb"},"inLanguage":"fi","potentialAction":[{"@type":"ReadAction","target":["https:\/\/help.jamk.fi\/lyhytkurssi\/fi\/sisallontuotanto\/"]}]},{"@type":"BreadcrumbList","@id":"https:\/\/help.jamk.fi\/lyhytkurssi\/fi\/sisallontuotanto\/#breadcrumb","itemListElement":[{"@type":"ListItem","position":1,"name":"Etusivu","item":"https:\/\/help.jamk.fi\/lyhytkurssi\/fi\/"},{"@type":"ListItem","position":2,"name":"Sis\u00e4ll\u00f6ntuotanto"}]},{"@type":"WebSite","@id":"https:\/\/help.jamk.fi\/lyhytkurssi\/#website","url":"https:\/\/help.jamk.fi\/lyhytkurssi\/","name":"Lyhytkurssi","description":"","potentialAction":[{"@type":"SearchAction","target":{"@type":"EntryPoint","urlTemplate":"https:\/\/help.jamk.fi\/lyhytkurssi\/?s={search_term_string}"},"query-input":{"@type":"PropertyValueSpecification","valueRequired":true,"valueName":"search_term_string"}}],"inLanguage":"fi"}]}},"_links":{"self":[{"href":"https:\/\/help.jamk.fi\/lyhytkurssi\/wp-json\/wp\/v2\/pages\/422","targetHints":{"allow":["GET"]}}],"collection":[{"href":"https:\/\/help.jamk.fi\/lyhytkurssi\/wp-json\/wp\/v2\/pages"}],"about":[{"href":"https:\/\/help.jamk.fi\/lyhytkurssi\/wp-json\/wp\/v2\/types\/page"}],"author":[{"embeddable":true,"href":"https:\/\/help.jamk.fi\/lyhytkurssi\/wp-json\/wp\/v2\/users\/79"}],"replies":[{"embeddable":true,"href":"https:\/\/help.jamk.fi\/lyhytkurssi\/wp-json\/wp\/v2\/comments?post=422"}],"version-history":[{"count":4,"href":"https:\/\/help.jamk.fi\/lyhytkurssi\/wp-json\/wp\/v2\/pages\/422\/revisions"}],"predecessor-version":[{"id":1914,"href":"https:\/\/help.jamk.fi\/lyhytkurssi\/wp-json\/wp\/v2\/pages\/422\/revisions\/1914"}],"wp:attachment":[{"href":"https:\/\/help.jamk.fi\/lyhytkurssi\/wp-json\/wp\/v2\/media?parent=422"}],"wp:term":[{"taxonomy":"category","embeddable":true,"href":"https:\/\/help.jamk.fi\/lyhytkurssi\/wp-json\/wp\/v2\/categories?post=422"},{"taxonomy":"post_tag","embeddable":true,"href":"https:\/\/help.jamk.fi\/lyhytkurssi\/wp-json\/wp\/v2\/tags?post=422"}],"curies":[{"name":"wp","href":"https:\/\/api.w.org\/{rel}","templated":true}]}}