{"id":425,"date":"2011-01-04T10:22:04","date_gmt":"2011-01-04T08:22:04","guid":{"rendered":"https:\/\/help.jamk.fi\/lyhytkurssi\/kurssitietojen-yllapito\/markkinointitietojen-tayttaminen\/"},"modified":"2024-11-04T10:16:47","modified_gmt":"2024-11-04T08:16:47","slug":"markkinointitietojen-tayttaminen","status":"publish","type":"page","link":"https:\/\/help.jamk.fi\/lyhytkurssi\/fi\/kurssitietojen-yllapito\/markkinointitietojen-tayttaminen\/","title":{"rendered":"Markkinointitietojen t\u00e4ytt\u00e4minen"},"content":{"rendered":"\n<p>Rss-sy\u00f6tteiss\u00e4 k\u00e4ytet\u00e4\u00e4n <strong>Kurssin perustiedot<\/strong> -kohdassa m\u00e4\u00e4ritelt\u00e4vi\u00e4 tietoja: 1-2 p\u00e4iv\u00e4n koulutus (kyll\u00e4\/ei), p\u00e4iv\u00e4opiskelu (valinta iltaopinto -> ei, viikonloppuopinto -> ei), ilta-\/viikonloppuopinto (valinta viikonloppuopinto -> kyll\u00e4 ja\/tai iltaopinto -> kyll\u00e4) sek\u00e4 verkko-opinto (kyll\u00e4\/ei).<\/p>\n\n\n\n<p>Muut markkinointia varten sy\u00f6tett\u00e4v\u00e4t tiedot l\u00f6ytyv\u00e4t kurssitietojen yll\u00e4pidosta, kohdasta <strong>Markkinointi <\/strong>(kuvio 1). <\/p>\n\n\n\n<p><strong>Huom. N\u00e4m\u00e4 tiedot eiv\u00e4t en\u00e4\u00e4 toimi www-sivujen nykyisess\u00e4 koulutushaussa.<\/strong><\/p>\n\n\n\n<figure class=\"wp-block-image\"><img decoding=\"async\" src=\"https:\/\/help.jamk.fi\/lyhytkurssi\/wp-content\/uploads\/sites\/75\/2023\/07\/lyhki2.png\" alt=\"\" class=\"wp-image-285\" title=\"Markkinointitiedot\"\/><figcaption class=\"wp-element-caption\">Kuvio 1. Markkinointitiedot<\/figcaption><\/figure>\n\n\n\n<ul class=\"wp-block-list\">\n<li><strong>Haluan:<\/strong> P\u00e4tev\u00f6itt\u00e4v\u00e4\u00e4 koulutusta, Avoimen AMK:n opintoja tai T\u00e4ydennyskoulutusta. Valitaan <strong>vain<\/strong> yksi vaihtoehto.<\/li>\n\n\n\n<li><strong>Tarvitsen:<\/strong> listasta valitaan oman harkinnan mukaan <strong>yksi tai useampi<\/strong> vaihtoehto. &#8221;Varmuuden vuoksi&#8221; ei kannata valita liikaa, sill\u00e4 t\u00e4m\u00e4 heikent\u00e4\u00e4 hakutulosten laatua.<\/li>\n\n\n\n<li><strong>Kurssikohtaiset hakusanat:<\/strong> tarvittaessa t\u00e4h\u00e4n voi lis\u00e4t\u00e4 hakusanoja hakutulosten parantamiseksi. HUOM! koulutushaku osaa hakea sanoja my\u00f6s kurssin kuvaustiedoista, joten kaikkia mahdollisia hakusanoja ei ole t\u00e4h\u00e4n kohtaan tarpeen t\u00e4ytt\u00e4\u00e4. L\u00e4hinn\u00e4 t\u00e4t\u00e4 siis kannattaa k\u00e4ytt\u00e4\u00e4 jonkun tietyn taivutusmuodon saamiseksi hakutuloksiin, esim. koulutus -&gt; koulutuksen tai silloin, jos kuvausteksteiss\u00e4 tai kurssin nimess\u00e4 ei ole jotain kurssin sis\u00e4ll\u00f6n kannalta olennaista k\u00e4sitett\u00e4.<\/li>\n<\/ul>\n\n\n\n<p>Muista tallentaa muutokset lopuksi!<\/p>\n","protected":false},"excerpt":{"rendered":"<p>Rss-sy\u00f6tteiss\u00e4 k\u00e4ytet\u00e4\u00e4n Kurssin perustiedot -kohdassa m\u00e4\u00e4ritelt\u00e4vi\u00e4 tietoja: 1-2 p\u00e4iv\u00e4n koulutus (kyll\u00e4\/ei), p\u00e4iv\u00e4opiskelu (valinta iltaopinto -> ei, viikonloppuopinto -> ei), ilta-\/viikonloppuopinto (valinta viikonloppuopinto -> kyll\u00e4 ja\/tai iltaopinto -> kyll\u00e4) sek\u00e4 verkko-opinto (kyll\u00e4\/ei). Muut markkinointia varten sy\u00f6tett\u00e4v\u00e4t tiedot l\u00f6ytyv\u00e4t kurssitietojen yll\u00e4pidosta, kohdasta Markkinointi (kuvio 1). Huom. N\u00e4m\u00e4 tiedot eiv\u00e4t en\u00e4\u00e4 toimi www-sivujen nykyisess\u00e4 koulutushaussa. Muista tallentaa muutokset [&hellip;]<\/p>\n","protected":false},"author":79,"featured_media":0,"parent":179,"menu_order":5,"comment_status":"open","ping_status":"open","template":"","meta":{"_acf_changed":false,"_relevanssi_hide_post":"","_relevanssi_hide_content":"","_relevanssi_pin_for_all":"","_relevanssi_pin_keywords":"","_relevanssi_unpin_keywords":"","_relevanssi_related_keywords":"","_relevanssi_related_include_ids":"","_relevanssi_related_exclude_ids":"","_relevanssi_related_no_append":"","_relevanssi_related_not_related":"","_relevanssi_related_posts":"","_relevanssi_noindex_reason":"","footnotes":""},"categories":[1],"tags":[],"class_list":["post-425","page","type-page","status-publish","hentry","category-yleinen"],"acf":[],"yoast_head":"<!-- This site is optimized with the Yoast SEO plugin v27.3 - https:\/\/yoast.com\/product\/yoast-seo-wordpress\/ -->\n<title>Markkinointitietojen t\u00e4ytt\u00e4minen - Lyhytkurssi<\/title>\n<meta name=\"robots\" content=\"index, follow, max-snippet:-1, max-image-preview:large, max-video-preview:-1\" \/>\n<link rel=\"canonical\" href=\"https:\/\/help.jamk.fi\/lyhytkurssi\/fi\/kurssitietojen-yllapito\/markkinointitietojen-tayttaminen\/\" \/>\n<meta property=\"og:locale\" content=\"fi_FI\" \/>\n<meta property=\"og:type\" content=\"article\" \/>\n<meta property=\"og:title\" content=\"Markkinointitietojen t\u00e4ytt\u00e4minen - Lyhytkurssi\" \/>\n<meta property=\"og:description\" content=\"Rss-sy\u00f6tteiss\u00e4 k\u00e4ytet\u00e4\u00e4n Kurssin perustiedot -kohdassa m\u00e4\u00e4ritelt\u00e4vi\u00e4 tietoja: 1-2 p\u00e4iv\u00e4n koulutus (kyll\u00e4\/ei), p\u00e4iv\u00e4opiskelu (valinta iltaopinto -&gt; ei, viikonloppuopinto -&gt; ei), ilta-\/viikonloppuopinto (valinta viikonloppuopinto -&gt; kyll\u00e4 ja\/tai iltaopinto -&gt; kyll\u00e4) sek\u00e4 verkko-opinto (kyll\u00e4\/ei). Muut markkinointia varten sy\u00f6tett\u00e4v\u00e4t tiedot l\u00f6ytyv\u00e4t kurssitietojen yll\u00e4pidosta, kohdasta Markkinointi (kuvio 1). Huom. N\u00e4m\u00e4 tiedot eiv\u00e4t en\u00e4\u00e4 toimi www-sivujen nykyisess\u00e4 koulutushaussa. Muista tallentaa muutokset [&hellip;]\" \/>\n<meta property=\"og:url\" content=\"https:\/\/help.jamk.fi\/lyhytkurssi\/fi\/kurssitietojen-yllapito\/markkinointitietojen-tayttaminen\/\" \/>\n<meta property=\"og:site_name\" content=\"Lyhytkurssi\" \/>\n<meta property=\"article:modified_time\" content=\"2024-11-04T08:16:47+00:00\" \/>\n<meta property=\"og:image\" content=\"https:\/\/help.jamk.fi\/lyhytkurssi\/wp-content\/uploads\/sites\/75\/2023\/07\/lyhki2.png\" \/>\n<meta name=\"twitter:card\" content=\"summary_large_image\" \/>\n<meta name=\"twitter:label1\" content=\"Arvioitu lukuaika\" \/>\n\t<meta name=\"twitter:data1\" content=\"2 minuuttia\" \/>\n<script type=\"application\/ld+json\" class=\"yoast-schema-graph\">{\"@context\":\"https:\\\/\\\/schema.org\",\"@graph\":[{\"@type\":\"WebPage\",\"@id\":\"https:\\\/\\\/help.jamk.fi\\\/lyhytkurssi\\\/fi\\\/kurssitietojen-yllapito\\\/markkinointitietojen-tayttaminen\\\/\",\"url\":\"https:\\\/\\\/help.jamk.fi\\\/lyhytkurssi\\\/fi\\\/kurssitietojen-yllapito\\\/markkinointitietojen-tayttaminen\\\/\",\"name\":\"Markkinointitietojen t\u00e4ytt\u00e4minen - Lyhytkurssi\",\"isPartOf\":{\"@id\":\"https:\\\/\\\/help.jamk.fi\\\/lyhytkurssi\\\/#website\"},\"primaryImageOfPage\":{\"@id\":\"https:\\\/\\\/help.jamk.fi\\\/lyhytkurssi\\\/fi\\\/kurssitietojen-yllapito\\\/markkinointitietojen-tayttaminen\\\/#primaryimage\"},\"image\":{\"@id\":\"https:\\\/\\\/help.jamk.fi\\\/lyhytkurssi\\\/fi\\\/kurssitietojen-yllapito\\\/markkinointitietojen-tayttaminen\\\/#primaryimage\"},\"thumbnailUrl\":\"https:\\\/\\\/help.jamk.fi\\\/lyhytkurssi\\\/wp-content\\\/uploads\\\/sites\\\/75\\\/2023\\\/07\\\/lyhki2.png\",\"datePublished\":\"2011-01-04T08:22:04+00:00\",\"dateModified\":\"2024-11-04T08:16:47+00:00\",\"breadcrumb\":{\"@id\":\"https:\\\/\\\/help.jamk.fi\\\/lyhytkurssi\\\/fi\\\/kurssitietojen-yllapito\\\/markkinointitietojen-tayttaminen\\\/#breadcrumb\"},\"inLanguage\":\"fi\",\"potentialAction\":[{\"@type\":\"ReadAction\",\"target\":[\"https:\\\/\\\/help.jamk.fi\\\/lyhytkurssi\\\/fi\\\/kurssitietojen-yllapito\\\/markkinointitietojen-tayttaminen\\\/\"]}]},{\"@type\":\"ImageObject\",\"inLanguage\":\"fi\",\"@id\":\"https:\\\/\\\/help.jamk.fi\\\/lyhytkurssi\\\/fi\\\/kurssitietojen-yllapito\\\/markkinointitietojen-tayttaminen\\\/#primaryimage\",\"url\":\"https:\\\/\\\/help.jamk.fi\\\/lyhytkurssi\\\/wp-content\\\/uploads\\\/sites\\\/75\\\/2023\\\/07\\\/lyhki2.png\",\"contentUrl\":\"https:\\\/\\\/help.jamk.fi\\\/lyhytkurssi\\\/wp-content\\\/uploads\\\/sites\\\/75\\\/2023\\\/07\\\/lyhki2.png\"},{\"@type\":\"BreadcrumbList\",\"@id\":\"https:\\\/\\\/help.jamk.fi\\\/lyhytkurssi\\\/fi\\\/kurssitietojen-yllapito\\\/markkinointitietojen-tayttaminen\\\/#breadcrumb\",\"itemListElement\":[{\"@type\":\"ListItem\",\"position\":1,\"name\":\"Etusivu\",\"item\":\"https:\\\/\\\/help.jamk.fi\\\/lyhytkurssi\\\/fi\\\/\"},{\"@type\":\"ListItem\",\"position\":2,\"name\":\"Kurssitietojen yll\u00e4pito\",\"item\":\"https:\\\/\\\/help.jamk.fi\\\/lyhytkurssi\\\/fi\\\/kurssitietojen-yllapito\\\/\"},{\"@type\":\"ListItem\",\"position\":3,\"name\":\"Markkinointitietojen t\u00e4ytt\u00e4minen\"}]},{\"@type\":\"WebSite\",\"@id\":\"https:\\\/\\\/help.jamk.fi\\\/lyhytkurssi\\\/#website\",\"url\":\"https:\\\/\\\/help.jamk.fi\\\/lyhytkurssi\\\/\",\"name\":\"Lyhytkurssi\",\"description\":\"\",\"potentialAction\":[{\"@type\":\"SearchAction\",\"target\":{\"@type\":\"EntryPoint\",\"urlTemplate\":\"https:\\\/\\\/help.jamk.fi\\\/lyhytkurssi\\\/?s={search_term_string}\"},\"query-input\":{\"@type\":\"PropertyValueSpecification\",\"valueRequired\":true,\"valueName\":\"search_term_string\"}}],\"inLanguage\":\"fi\"}]}<\/script>\n<!-- \/ Yoast SEO plugin. -->","yoast_head_json":{"title":"Markkinointitietojen t\u00e4ytt\u00e4minen - Lyhytkurssi","robots":{"index":"index","follow":"follow","max-snippet":"max-snippet:-1","max-image-preview":"max-image-preview:large","max-video-preview":"max-video-preview:-1"},"canonical":"https:\/\/help.jamk.fi\/lyhytkurssi\/fi\/kurssitietojen-yllapito\/markkinointitietojen-tayttaminen\/","og_locale":"fi_FI","og_type":"article","og_title":"Markkinointitietojen t\u00e4ytt\u00e4minen - Lyhytkurssi","og_description":"Rss-sy\u00f6tteiss\u00e4 k\u00e4ytet\u00e4\u00e4n Kurssin perustiedot -kohdassa m\u00e4\u00e4ritelt\u00e4vi\u00e4 tietoja: 1-2 p\u00e4iv\u00e4n koulutus (kyll\u00e4\/ei), p\u00e4iv\u00e4opiskelu (valinta iltaopinto -> ei, viikonloppuopinto -> ei), ilta-\/viikonloppuopinto (valinta viikonloppuopinto -> kyll\u00e4 ja\/tai iltaopinto -> kyll\u00e4) sek\u00e4 verkko-opinto (kyll\u00e4\/ei). Muut markkinointia varten sy\u00f6tett\u00e4v\u00e4t tiedot l\u00f6ytyv\u00e4t kurssitietojen yll\u00e4pidosta, kohdasta Markkinointi (kuvio 1). Huom. N\u00e4m\u00e4 tiedot eiv\u00e4t en\u00e4\u00e4 toimi www-sivujen nykyisess\u00e4 koulutushaussa. Muista tallentaa muutokset [&hellip;]","og_url":"https:\/\/help.jamk.fi\/lyhytkurssi\/fi\/kurssitietojen-yllapito\/markkinointitietojen-tayttaminen\/","og_site_name":"Lyhytkurssi","article_modified_time":"2024-11-04T08:16:47+00:00","og_image":[{"url":"https:\/\/help.jamk.fi\/lyhytkurssi\/wp-content\/uploads\/sites\/75\/2023\/07\/lyhki2.png","type":"","width":"","height":""}],"twitter_card":"summary_large_image","twitter_misc":{"Arvioitu lukuaika":"2 minuuttia"},"schema":{"@context":"https:\/\/schema.org","@graph":[{"@type":"WebPage","@id":"https:\/\/help.jamk.fi\/lyhytkurssi\/fi\/kurssitietojen-yllapito\/markkinointitietojen-tayttaminen\/","url":"https:\/\/help.jamk.fi\/lyhytkurssi\/fi\/kurssitietojen-yllapito\/markkinointitietojen-tayttaminen\/","name":"Markkinointitietojen t\u00e4ytt\u00e4minen - Lyhytkurssi","isPartOf":{"@id":"https:\/\/help.jamk.fi\/lyhytkurssi\/#website"},"primaryImageOfPage":{"@id":"https:\/\/help.jamk.fi\/lyhytkurssi\/fi\/kurssitietojen-yllapito\/markkinointitietojen-tayttaminen\/#primaryimage"},"image":{"@id":"https:\/\/help.jamk.fi\/lyhytkurssi\/fi\/kurssitietojen-yllapito\/markkinointitietojen-tayttaminen\/#primaryimage"},"thumbnailUrl":"https:\/\/help.jamk.fi\/lyhytkurssi\/wp-content\/uploads\/sites\/75\/2023\/07\/lyhki2.png","datePublished":"2011-01-04T08:22:04+00:00","dateModified":"2024-11-04T08:16:47+00:00","breadcrumb":{"@id":"https:\/\/help.jamk.fi\/lyhytkurssi\/fi\/kurssitietojen-yllapito\/markkinointitietojen-tayttaminen\/#breadcrumb"},"inLanguage":"fi","potentialAction":[{"@type":"ReadAction","target":["https:\/\/help.jamk.fi\/lyhytkurssi\/fi\/kurssitietojen-yllapito\/markkinointitietojen-tayttaminen\/"]}]},{"@type":"ImageObject","inLanguage":"fi","@id":"https:\/\/help.jamk.fi\/lyhytkurssi\/fi\/kurssitietojen-yllapito\/markkinointitietojen-tayttaminen\/#primaryimage","url":"https:\/\/help.jamk.fi\/lyhytkurssi\/wp-content\/uploads\/sites\/75\/2023\/07\/lyhki2.png","contentUrl":"https:\/\/help.jamk.fi\/lyhytkurssi\/wp-content\/uploads\/sites\/75\/2023\/07\/lyhki2.png"},{"@type":"BreadcrumbList","@id":"https:\/\/help.jamk.fi\/lyhytkurssi\/fi\/kurssitietojen-yllapito\/markkinointitietojen-tayttaminen\/#breadcrumb","itemListElement":[{"@type":"ListItem","position":1,"name":"Etusivu","item":"https:\/\/help.jamk.fi\/lyhytkurssi\/fi\/"},{"@type":"ListItem","position":2,"name":"Kurssitietojen yll\u00e4pito","item":"https:\/\/help.jamk.fi\/lyhytkurssi\/fi\/kurssitietojen-yllapito\/"},{"@type":"ListItem","position":3,"name":"Markkinointitietojen t\u00e4ytt\u00e4minen"}]},{"@type":"WebSite","@id":"https:\/\/help.jamk.fi\/lyhytkurssi\/#website","url":"https:\/\/help.jamk.fi\/lyhytkurssi\/","name":"Lyhytkurssi","description":"","potentialAction":[{"@type":"SearchAction","target":{"@type":"EntryPoint","urlTemplate":"https:\/\/help.jamk.fi\/lyhytkurssi\/?s={search_term_string}"},"query-input":{"@type":"PropertyValueSpecification","valueRequired":true,"valueName":"search_term_string"}}],"inLanguage":"fi"}]}},"_links":{"self":[{"href":"https:\/\/help.jamk.fi\/lyhytkurssi\/wp-json\/wp\/v2\/pages\/425","targetHints":{"allow":["GET"]}}],"collection":[{"href":"https:\/\/help.jamk.fi\/lyhytkurssi\/wp-json\/wp\/v2\/pages"}],"about":[{"href":"https:\/\/help.jamk.fi\/lyhytkurssi\/wp-json\/wp\/v2\/types\/page"}],"author":[{"embeddable":true,"href":"https:\/\/help.jamk.fi\/lyhytkurssi\/wp-json\/wp\/v2\/users\/79"}],"replies":[{"embeddable":true,"href":"https:\/\/help.jamk.fi\/lyhytkurssi\/wp-json\/wp\/v2\/comments?post=425"}],"version-history":[{"count":6,"href":"https:\/\/help.jamk.fi\/lyhytkurssi\/wp-json\/wp\/v2\/pages\/425\/revisions"}],"predecessor-version":[{"id":1874,"href":"https:\/\/help.jamk.fi\/lyhytkurssi\/wp-json\/wp\/v2\/pages\/425\/revisions\/1874"}],"up":[{"embeddable":true,"href":"https:\/\/help.jamk.fi\/lyhytkurssi\/wp-json\/wp\/v2\/pages\/179"}],"wp:attachment":[{"href":"https:\/\/help.jamk.fi\/lyhytkurssi\/wp-json\/wp\/v2\/media?parent=425"}],"wp:term":[{"taxonomy":"category","embeddable":true,"href":"https:\/\/help.jamk.fi\/lyhytkurssi\/wp-json\/wp\/v2\/categories?post=425"},{"taxonomy":"post_tag","embeddable":true,"href":"https:\/\/help.jamk.fi\/lyhytkurssi\/wp-json\/wp\/v2\/tags?post=425"}],"curies":[{"name":"wp","href":"https:\/\/api.w.org\/{rel}","templated":true}]}}