{"id":437,"date":"2011-01-04T11:16:10","date_gmt":"2011-01-04T09:16:10","guid":{"rendered":"https:\/\/help.jamk.fi\/lyhytkurssi\/kurssitietojen-yllapito\/kurssin-peruuttaminen\/"},"modified":"2024-11-04T10:52:49","modified_gmt":"2024-11-04T08:52:49","slug":"kurssin-peruuttaminen","status":"publish","type":"page","link":"https:\/\/help.jamk.fi\/lyhytkurssi\/fi\/kurssitietojen-yllapito\/kurssin-peruuttaminen\/","title":{"rendered":"Kurssin peruuttaminen"},"content":{"rendered":"\n<p>Kurssi peruutetaan p\u00e4\u00e4valikon kohdasta Peruutukset.<\/p>\n\n\n\n<ol class=\"wp-block-list\">\n<li>Etsi peruutettava kurssi.<\/li>\n\n\n\n<li>Voit peruuttaa kurssin &#8221;Peruuta koko kurssi&#8221; -painikkeella.<\/li>\n\n\n\n<li>Peruuttaminen siirt\u00e4\u00e4 <strong>kurssille hyv\u00e4ksytyt henkil\u00f6t<\/strong> automaattisesti peruutetuiksi.<\/li>\n\n\n\n<li>Voit l\u00e4hett\u00e4\u00e4 henkil\u00f6ille peruutuskirjeet esim. k\u00e4ytt\u00e4m\u00e4ll\u00e4 tarkoitukseen soveltuvaa Peruutukset-toimintoa (ohjelma muodostaa peruutusilmoitukset, vaikka kurssilaiset on jo kertaalleen peruutettu).<\/li>\n<\/ol>\n","protected":false},"excerpt":{"rendered":"<p>Kurssi peruutetaan p\u00e4\u00e4valikon kohdasta Peruutukset.<\/p>\n","protected":false},"author":79,"featured_media":0,"parent":179,"menu_order":6,"comment_status":"open","ping_status":"open","template":"","meta":{"_acf_changed":false,"_relevanssi_hide_post":"","_relevanssi_hide_content":"","_relevanssi_pin_for_all":"","_relevanssi_pin_keywords":"","_relevanssi_unpin_keywords":"","_relevanssi_related_keywords":"","_relevanssi_related_include_ids":"","_relevanssi_related_exclude_ids":"","_relevanssi_related_no_append":"","_relevanssi_related_not_related":"","_relevanssi_related_posts":"","_relevanssi_noindex_reason":"","footnotes":""},"categories":[1],"tags":[],"class_list":["post-437","page","type-page","status-publish","hentry","category-yleinen"],"acf":[],"yoast_head":"<!-- This site is optimized with the Yoast SEO plugin v27.5 - https:\/\/yoast.com\/product\/yoast-seo-wordpress\/ -->\n<title>Kurssin peruuttaminen - Lyhytkurssi<\/title>\n<meta name=\"robots\" content=\"index, follow, max-snippet:-1, max-image-preview:large, max-video-preview:-1\" \/>\n<link rel=\"canonical\" href=\"https:\/\/help.jamk.fi\/lyhytkurssi\/fi\/kurssitietojen-yllapito\/kurssin-peruuttaminen\/\" \/>\n<meta property=\"og:locale\" content=\"fi_FI\" \/>\n<meta property=\"og:type\" content=\"article\" \/>\n<meta property=\"og:title\" content=\"Kurssin peruuttaminen - Lyhytkurssi\" \/>\n<meta property=\"og:description\" content=\"Kurssi peruutetaan p\u00e4\u00e4valikon kohdasta Peruutukset.\" \/>\n<meta property=\"og:url\" content=\"https:\/\/help.jamk.fi\/lyhytkurssi\/fi\/kurssitietojen-yllapito\/kurssin-peruuttaminen\/\" \/>\n<meta property=\"og:site_name\" content=\"Lyhytkurssi\" \/>\n<meta property=\"article:modified_time\" content=\"2024-11-04T08:52:49+00:00\" \/>\n<meta name=\"twitter:card\" content=\"summary_large_image\" \/>\n<meta name=\"twitter:label1\" content=\"Arvioitu lukuaika\" \/>\n\t<meta name=\"twitter:data1\" content=\"1 minuutti\" \/>\n<script type=\"application\/ld+json\" class=\"yoast-schema-graph\">{\"@context\":\"https:\\\/\\\/schema.org\",\"@graph\":[{\"@type\":\"WebPage\",\"@id\":\"https:\\\/\\\/help.jamk.fi\\\/lyhytkurssi\\\/fi\\\/kurssitietojen-yllapito\\\/kurssin-peruuttaminen\\\/\",\"url\":\"https:\\\/\\\/help.jamk.fi\\\/lyhytkurssi\\\/fi\\\/kurssitietojen-yllapito\\\/kurssin-peruuttaminen\\\/\",\"name\":\"Kurssin peruuttaminen - Lyhytkurssi\",\"isPartOf\":{\"@id\":\"https:\\\/\\\/help.jamk.fi\\\/lyhytkurssi\\\/#website\"},\"datePublished\":\"2011-01-04T09:16:10+00:00\",\"dateModified\":\"2024-11-04T08:52:49+00:00\",\"breadcrumb\":{\"@id\":\"https:\\\/\\\/help.jamk.fi\\\/lyhytkurssi\\\/fi\\\/kurssitietojen-yllapito\\\/kurssin-peruuttaminen\\\/#breadcrumb\"},\"inLanguage\":\"fi\",\"potentialAction\":[{\"@type\":\"ReadAction\",\"target\":[\"https:\\\/\\\/help.jamk.fi\\\/lyhytkurssi\\\/fi\\\/kurssitietojen-yllapito\\\/kurssin-peruuttaminen\\\/\"]}]},{\"@type\":\"BreadcrumbList\",\"@id\":\"https:\\\/\\\/help.jamk.fi\\\/lyhytkurssi\\\/fi\\\/kurssitietojen-yllapito\\\/kurssin-peruuttaminen\\\/#breadcrumb\",\"itemListElement\":[{\"@type\":\"ListItem\",\"position\":1,\"name\":\"Etusivu\",\"item\":\"https:\\\/\\\/help.jamk.fi\\\/lyhytkurssi\\\/fi\\\/\"},{\"@type\":\"ListItem\",\"position\":2,\"name\":\"Kurssitietojen yll\u00e4pito\",\"item\":\"https:\\\/\\\/help.jamk.fi\\\/lyhytkurssi\\\/fi\\\/kurssitietojen-yllapito\\\/\"},{\"@type\":\"ListItem\",\"position\":3,\"name\":\"Kurssin peruuttaminen\"}]},{\"@type\":\"WebSite\",\"@id\":\"https:\\\/\\\/help.jamk.fi\\\/lyhytkurssi\\\/#website\",\"url\":\"https:\\\/\\\/help.jamk.fi\\\/lyhytkurssi\\\/\",\"name\":\"Lyhytkurssi\",\"description\":\"\",\"potentialAction\":[{\"@type\":\"SearchAction\",\"target\":{\"@type\":\"EntryPoint\",\"urlTemplate\":\"https:\\\/\\\/help.jamk.fi\\\/lyhytkurssi\\\/?s={search_term_string}\"},\"query-input\":{\"@type\":\"PropertyValueSpecification\",\"valueRequired\":true,\"valueName\":\"search_term_string\"}}],\"inLanguage\":\"fi\"}]}<\/script>\n<!-- \/ Yoast SEO plugin. -->","yoast_head_json":{"title":"Kurssin peruuttaminen - Lyhytkurssi","robots":{"index":"index","follow":"follow","max-snippet":"max-snippet:-1","max-image-preview":"max-image-preview:large","max-video-preview":"max-video-preview:-1"},"canonical":"https:\/\/help.jamk.fi\/lyhytkurssi\/fi\/kurssitietojen-yllapito\/kurssin-peruuttaminen\/","og_locale":"fi_FI","og_type":"article","og_title":"Kurssin peruuttaminen - Lyhytkurssi","og_description":"Kurssi peruutetaan p\u00e4\u00e4valikon kohdasta Peruutukset.","og_url":"https:\/\/help.jamk.fi\/lyhytkurssi\/fi\/kurssitietojen-yllapito\/kurssin-peruuttaminen\/","og_site_name":"Lyhytkurssi","article_modified_time":"2024-11-04T08:52:49+00:00","twitter_card":"summary_large_image","twitter_misc":{"Arvioitu lukuaika":"1 minuutti"},"schema":{"@context":"https:\/\/schema.org","@graph":[{"@type":"WebPage","@id":"https:\/\/help.jamk.fi\/lyhytkurssi\/fi\/kurssitietojen-yllapito\/kurssin-peruuttaminen\/","url":"https:\/\/help.jamk.fi\/lyhytkurssi\/fi\/kurssitietojen-yllapito\/kurssin-peruuttaminen\/","name":"Kurssin peruuttaminen - Lyhytkurssi","isPartOf":{"@id":"https:\/\/help.jamk.fi\/lyhytkurssi\/#website"},"datePublished":"2011-01-04T09:16:10+00:00","dateModified":"2024-11-04T08:52:49+00:00","breadcrumb":{"@id":"https:\/\/help.jamk.fi\/lyhytkurssi\/fi\/kurssitietojen-yllapito\/kurssin-peruuttaminen\/#breadcrumb"},"inLanguage":"fi","potentialAction":[{"@type":"ReadAction","target":["https:\/\/help.jamk.fi\/lyhytkurssi\/fi\/kurssitietojen-yllapito\/kurssin-peruuttaminen\/"]}]},{"@type":"BreadcrumbList","@id":"https:\/\/help.jamk.fi\/lyhytkurssi\/fi\/kurssitietojen-yllapito\/kurssin-peruuttaminen\/#breadcrumb","itemListElement":[{"@type":"ListItem","position":1,"name":"Etusivu","item":"https:\/\/help.jamk.fi\/lyhytkurssi\/fi\/"},{"@type":"ListItem","position":2,"name":"Kurssitietojen yll\u00e4pito","item":"https:\/\/help.jamk.fi\/lyhytkurssi\/fi\/kurssitietojen-yllapito\/"},{"@type":"ListItem","position":3,"name":"Kurssin peruuttaminen"}]},{"@type":"WebSite","@id":"https:\/\/help.jamk.fi\/lyhytkurssi\/#website","url":"https:\/\/help.jamk.fi\/lyhytkurssi\/","name":"Lyhytkurssi","description":"","potentialAction":[{"@type":"SearchAction","target":{"@type":"EntryPoint","urlTemplate":"https:\/\/help.jamk.fi\/lyhytkurssi\/?s={search_term_string}"},"query-input":{"@type":"PropertyValueSpecification","valueRequired":true,"valueName":"search_term_string"}}],"inLanguage":"fi"}]}},"_links":{"self":[{"href":"https:\/\/help.jamk.fi\/lyhytkurssi\/wp-json\/wp\/v2\/pages\/437","targetHints":{"allow":["GET"]}}],"collection":[{"href":"https:\/\/help.jamk.fi\/lyhytkurssi\/wp-json\/wp\/v2\/pages"}],"about":[{"href":"https:\/\/help.jamk.fi\/lyhytkurssi\/wp-json\/wp\/v2\/types\/page"}],"author":[{"embeddable":true,"href":"https:\/\/help.jamk.fi\/lyhytkurssi\/wp-json\/wp\/v2\/users\/79"}],"replies":[{"embeddable":true,"href":"https:\/\/help.jamk.fi\/lyhytkurssi\/wp-json\/wp\/v2\/comments?post=437"}],"version-history":[{"count":4,"href":"https:\/\/help.jamk.fi\/lyhytkurssi\/wp-json\/wp\/v2\/pages\/437\/revisions"}],"predecessor-version":[{"id":1880,"href":"https:\/\/help.jamk.fi\/lyhytkurssi\/wp-json\/wp\/v2\/pages\/437\/revisions\/1880"}],"up":[{"embeddable":true,"href":"https:\/\/help.jamk.fi\/lyhytkurssi\/wp-json\/wp\/v2\/pages\/179"}],"wp:attachment":[{"href":"https:\/\/help.jamk.fi\/lyhytkurssi\/wp-json\/wp\/v2\/media?parent=437"}],"wp:term":[{"taxonomy":"category","embeddable":true,"href":"https:\/\/help.jamk.fi\/lyhytkurssi\/wp-json\/wp\/v2\/categories?post=437"},{"taxonomy":"post_tag","embeddable":true,"href":"https:\/\/help.jamk.fi\/lyhytkurssi\/wp-json\/wp\/v2\/tags?post=437"}],"curies":[{"name":"wp","href":"https:\/\/api.w.org\/{rel}","templated":true}]}}