{"id":443,"date":"2011-03-09T07:22:07","date_gmt":"2011-03-09T05:22:07","guid":{"rendered":"https:\/\/help.jamk.fi\/lyhytkurssi\/kurssitietojen-yllapito\/ilmoittautumislomakkeet\/"},"modified":"2024-11-04T10:19:40","modified_gmt":"2024-11-04T08:19:40","slug":"ilmoittautumislomakkeet","status":"publish","type":"page","link":"https:\/\/help.jamk.fi\/lyhytkurssi\/fi\/kurssitietojen-yllapito\/ilmoittautumislomakkeet\/","title":{"rendered":"Ilmoittautumislomakkeet"},"content":{"rendered":"\n<p>Asiakkaalle n\u00e4kyv\u00e4 ilmoittautumislomake valitaan kurssitietojen yll\u00e4pidossa l\u00f6ytyv\u00e4st\u00e4 <strong>Haku-\/ilmoittautumislomake<\/strong> -pudotusvalikosta (kuvio 1).<\/p>\n\n\n\n<figure class=\"wp-block-image\"><img decoding=\"async\" src=\"https:\/\/help.jamk.fi\/lyhytkurssi\/wp-content\/uploads\/sites\/75\/2023\/07\/lk-ilmoittautumislomake.png\" alt=\"\" class=\"wp-image-298\"\/><figcaption class=\"wp-element-caption\">Kuvio 1. Haku-\/ilmoittautumislomakkeet<\/figcaption><\/figure>\n\n\n\n<p>Huomioithan, ett\u00e4 t\u00e4m\u00e4 valinta vaikuttaa ainoastaan k\u00e4ytett\u00e4v\u00e4\u00e4n ilmoittautumislomakkeeseen. Muut valinnat tehd\u00e4\u00e4n entiseen tapaan, mm. kurssin sijoittuminen www-sivun navigaatiossa valitaan Navigaatio (Q\/M) ja Kurssiryhm\u00e4 (P\/U) -valinnoilla.<\/p>\n\n\n\n<p>Voit valita my\u00f6s hakulomakekielen. Jos linkit\u00e4t kurssi-ilmoittautumisen suoraan lomakkeelle, k\u00e4ytet\u00e4\u00e4n lomakkeessa valitsemaasi kielt\u00e4.<\/p>\n\n\n\n<figure class=\"wp-block-image\"><img decoding=\"async\" src=\"https:\/\/help.jamk.fi\/lyhytkurssi\/wp-content\/uploads\/sites\/75\/2023\/07\/lomakekieli.png\" alt=\"lomakekieli\" class=\"wp-image-705\"\/><\/figure>\n","protected":false},"excerpt":{"rendered":"<p>Asiakkaalle n\u00e4kyv\u00e4 ilmoittautumislomake valitaan kurssitietojen yll\u00e4pidossa l\u00f6ytyv\u00e4st\u00e4 Haku-\/ilmoittautumislomake -pudotusvalikosta (kuvio 1). Huomioithan, ett\u00e4 t\u00e4m\u00e4 valinta vaikuttaa ainoastaan k\u00e4ytett\u00e4v\u00e4\u00e4n ilmoittautumislomakkeeseen. Muut valinnat tehd\u00e4\u00e4n entiseen tapaan, mm. kurssin sijoittuminen www-sivun navigaatiossa valitaan Navigaatio (Q\/M) ja Kurssiryhm\u00e4 (P\/U) -valinnoilla. Voit valita my\u00f6s hakulomakekielen. Jos linkit\u00e4t kurssi-ilmoittautumisen suoraan lomakkeelle, k\u00e4ytet\u00e4\u00e4n lomakkeessa valitsemaasi kielt\u00e4.<\/p>\n","protected":false},"author":79,"featured_media":0,"parent":179,"menu_order":6,"comment_status":"open","ping_status":"closed","template":"","meta":{"_acf_changed":false,"_relevanssi_hide_post":"","_relevanssi_hide_content":"","_relevanssi_pin_for_all":"","_relevanssi_pin_keywords":"","_relevanssi_unpin_keywords":"","_relevanssi_related_keywords":"","_relevanssi_related_include_ids":"","_relevanssi_related_exclude_ids":"","_relevanssi_related_no_append":"","_relevanssi_related_not_related":"","_relevanssi_related_posts":"","_relevanssi_noindex_reason":"","footnotes":""},"categories":[1],"tags":[],"class_list":["post-443","page","type-page","status-publish","hentry","category-yleinen"],"acf":[],"yoast_head":"<!-- This site is optimized with the Yoast SEO plugin v27.3 - https:\/\/yoast.com\/product\/yoast-seo-wordpress\/ -->\n<title>Ilmoittautumislomakkeet - Lyhytkurssi<\/title>\n<meta name=\"robots\" content=\"index, follow, max-snippet:-1, max-image-preview:large, max-video-preview:-1\" \/>\n<link rel=\"canonical\" href=\"https:\/\/help.jamk.fi\/lyhytkurssi\/fi\/kurssitietojen-yllapito\/ilmoittautumislomakkeet\/\" \/>\n<meta property=\"og:locale\" content=\"fi_FI\" \/>\n<meta property=\"og:type\" content=\"article\" \/>\n<meta property=\"og:title\" content=\"Ilmoittautumislomakkeet - Lyhytkurssi\" \/>\n<meta property=\"og:description\" content=\"Asiakkaalle n\u00e4kyv\u00e4 ilmoittautumislomake valitaan kurssitietojen yll\u00e4pidossa l\u00f6ytyv\u00e4st\u00e4 Haku-\/ilmoittautumislomake -pudotusvalikosta (kuvio 1). Huomioithan, ett\u00e4 t\u00e4m\u00e4 valinta vaikuttaa ainoastaan k\u00e4ytett\u00e4v\u00e4\u00e4n ilmoittautumislomakkeeseen. Muut valinnat tehd\u00e4\u00e4n entiseen tapaan, mm. kurssin sijoittuminen www-sivun navigaatiossa valitaan Navigaatio (Q\/M) ja Kurssiryhm\u00e4 (P\/U) -valinnoilla. Voit valita my\u00f6s hakulomakekielen. Jos linkit\u00e4t kurssi-ilmoittautumisen suoraan lomakkeelle, k\u00e4ytet\u00e4\u00e4n lomakkeessa valitsemaasi kielt\u00e4.\" \/>\n<meta property=\"og:url\" content=\"https:\/\/help.jamk.fi\/lyhytkurssi\/fi\/kurssitietojen-yllapito\/ilmoittautumislomakkeet\/\" \/>\n<meta property=\"og:site_name\" content=\"Lyhytkurssi\" \/>\n<meta property=\"article:modified_time\" content=\"2024-11-04T08:19:40+00:00\" \/>\n<meta property=\"og:image\" content=\"https:\/\/help.jamk.fi\/lyhytkurssi\/wp-content\/uploads\/sites\/75\/2023\/07\/lk-ilmoittautumislomake.png\" \/>\n<meta name=\"twitter:card\" content=\"summary_large_image\" \/>\n<meta name=\"twitter:label1\" content=\"Arvioitu lukuaika\" \/>\n\t<meta name=\"twitter:data1\" content=\"1 minuutti\" \/>\n<script type=\"application\/ld+json\" class=\"yoast-schema-graph\">{\"@context\":\"https:\\\/\\\/schema.org\",\"@graph\":[{\"@type\":\"WebPage\",\"@id\":\"https:\\\/\\\/help.jamk.fi\\\/lyhytkurssi\\\/fi\\\/kurssitietojen-yllapito\\\/ilmoittautumislomakkeet\\\/\",\"url\":\"https:\\\/\\\/help.jamk.fi\\\/lyhytkurssi\\\/fi\\\/kurssitietojen-yllapito\\\/ilmoittautumislomakkeet\\\/\",\"name\":\"Ilmoittautumislomakkeet - Lyhytkurssi\",\"isPartOf\":{\"@id\":\"https:\\\/\\\/help.jamk.fi\\\/lyhytkurssi\\\/#website\"},\"primaryImageOfPage\":{\"@id\":\"https:\\\/\\\/help.jamk.fi\\\/lyhytkurssi\\\/fi\\\/kurssitietojen-yllapito\\\/ilmoittautumislomakkeet\\\/#primaryimage\"},\"image\":{\"@id\":\"https:\\\/\\\/help.jamk.fi\\\/lyhytkurssi\\\/fi\\\/kurssitietojen-yllapito\\\/ilmoittautumislomakkeet\\\/#primaryimage\"},\"thumbnailUrl\":\"https:\\\/\\\/help.jamk.fi\\\/lyhytkurssi\\\/wp-content\\\/uploads\\\/sites\\\/75\\\/2023\\\/07\\\/lk-ilmoittautumislomake.png\",\"datePublished\":\"2011-03-09T05:22:07+00:00\",\"dateModified\":\"2024-11-04T08:19:40+00:00\",\"breadcrumb\":{\"@id\":\"https:\\\/\\\/help.jamk.fi\\\/lyhytkurssi\\\/fi\\\/kurssitietojen-yllapito\\\/ilmoittautumislomakkeet\\\/#breadcrumb\"},\"inLanguage\":\"fi\",\"potentialAction\":[{\"@type\":\"ReadAction\",\"target\":[\"https:\\\/\\\/help.jamk.fi\\\/lyhytkurssi\\\/fi\\\/kurssitietojen-yllapito\\\/ilmoittautumislomakkeet\\\/\"]}]},{\"@type\":\"ImageObject\",\"inLanguage\":\"fi\",\"@id\":\"https:\\\/\\\/help.jamk.fi\\\/lyhytkurssi\\\/fi\\\/kurssitietojen-yllapito\\\/ilmoittautumislomakkeet\\\/#primaryimage\",\"url\":\"https:\\\/\\\/help.jamk.fi\\\/lyhytkurssi\\\/wp-content\\\/uploads\\\/sites\\\/75\\\/2023\\\/07\\\/lk-ilmoittautumislomake.png\",\"contentUrl\":\"https:\\\/\\\/help.jamk.fi\\\/lyhytkurssi\\\/wp-content\\\/uploads\\\/sites\\\/75\\\/2023\\\/07\\\/lk-ilmoittautumislomake.png\"},{\"@type\":\"BreadcrumbList\",\"@id\":\"https:\\\/\\\/help.jamk.fi\\\/lyhytkurssi\\\/fi\\\/kurssitietojen-yllapito\\\/ilmoittautumislomakkeet\\\/#breadcrumb\",\"itemListElement\":[{\"@type\":\"ListItem\",\"position\":1,\"name\":\"Etusivu\",\"item\":\"https:\\\/\\\/help.jamk.fi\\\/lyhytkurssi\\\/fi\\\/\"},{\"@type\":\"ListItem\",\"position\":2,\"name\":\"Kurssitietojen yll\u00e4pito\",\"item\":\"https:\\\/\\\/help.jamk.fi\\\/lyhytkurssi\\\/fi\\\/kurssitietojen-yllapito\\\/\"},{\"@type\":\"ListItem\",\"position\":3,\"name\":\"Ilmoittautumislomakkeet\"}]},{\"@type\":\"WebSite\",\"@id\":\"https:\\\/\\\/help.jamk.fi\\\/lyhytkurssi\\\/#website\",\"url\":\"https:\\\/\\\/help.jamk.fi\\\/lyhytkurssi\\\/\",\"name\":\"Lyhytkurssi\",\"description\":\"\",\"potentialAction\":[{\"@type\":\"SearchAction\",\"target\":{\"@type\":\"EntryPoint\",\"urlTemplate\":\"https:\\\/\\\/help.jamk.fi\\\/lyhytkurssi\\\/?s={search_term_string}\"},\"query-input\":{\"@type\":\"PropertyValueSpecification\",\"valueRequired\":true,\"valueName\":\"search_term_string\"}}],\"inLanguage\":\"fi\"}]}<\/script>\n<!-- \/ Yoast SEO plugin. -->","yoast_head_json":{"title":"Ilmoittautumislomakkeet - Lyhytkurssi","robots":{"index":"index","follow":"follow","max-snippet":"max-snippet:-1","max-image-preview":"max-image-preview:large","max-video-preview":"max-video-preview:-1"},"canonical":"https:\/\/help.jamk.fi\/lyhytkurssi\/fi\/kurssitietojen-yllapito\/ilmoittautumislomakkeet\/","og_locale":"fi_FI","og_type":"article","og_title":"Ilmoittautumislomakkeet - Lyhytkurssi","og_description":"Asiakkaalle n\u00e4kyv\u00e4 ilmoittautumislomake valitaan kurssitietojen yll\u00e4pidossa l\u00f6ytyv\u00e4st\u00e4 Haku-\/ilmoittautumislomake -pudotusvalikosta (kuvio 1). Huomioithan, ett\u00e4 t\u00e4m\u00e4 valinta vaikuttaa ainoastaan k\u00e4ytett\u00e4v\u00e4\u00e4n ilmoittautumislomakkeeseen. Muut valinnat tehd\u00e4\u00e4n entiseen tapaan, mm. kurssin sijoittuminen www-sivun navigaatiossa valitaan Navigaatio (Q\/M) ja Kurssiryhm\u00e4 (P\/U) -valinnoilla. Voit valita my\u00f6s hakulomakekielen. Jos linkit\u00e4t kurssi-ilmoittautumisen suoraan lomakkeelle, k\u00e4ytet\u00e4\u00e4n lomakkeessa valitsemaasi kielt\u00e4.","og_url":"https:\/\/help.jamk.fi\/lyhytkurssi\/fi\/kurssitietojen-yllapito\/ilmoittautumislomakkeet\/","og_site_name":"Lyhytkurssi","article_modified_time":"2024-11-04T08:19:40+00:00","og_image":[{"url":"https:\/\/help.jamk.fi\/lyhytkurssi\/wp-content\/uploads\/sites\/75\/2023\/07\/lk-ilmoittautumislomake.png","type":"","width":"","height":""}],"twitter_card":"summary_large_image","twitter_misc":{"Arvioitu lukuaika":"1 minuutti"},"schema":{"@context":"https:\/\/schema.org","@graph":[{"@type":"WebPage","@id":"https:\/\/help.jamk.fi\/lyhytkurssi\/fi\/kurssitietojen-yllapito\/ilmoittautumislomakkeet\/","url":"https:\/\/help.jamk.fi\/lyhytkurssi\/fi\/kurssitietojen-yllapito\/ilmoittautumislomakkeet\/","name":"Ilmoittautumislomakkeet - Lyhytkurssi","isPartOf":{"@id":"https:\/\/help.jamk.fi\/lyhytkurssi\/#website"},"primaryImageOfPage":{"@id":"https:\/\/help.jamk.fi\/lyhytkurssi\/fi\/kurssitietojen-yllapito\/ilmoittautumislomakkeet\/#primaryimage"},"image":{"@id":"https:\/\/help.jamk.fi\/lyhytkurssi\/fi\/kurssitietojen-yllapito\/ilmoittautumislomakkeet\/#primaryimage"},"thumbnailUrl":"https:\/\/help.jamk.fi\/lyhytkurssi\/wp-content\/uploads\/sites\/75\/2023\/07\/lk-ilmoittautumislomake.png","datePublished":"2011-03-09T05:22:07+00:00","dateModified":"2024-11-04T08:19:40+00:00","breadcrumb":{"@id":"https:\/\/help.jamk.fi\/lyhytkurssi\/fi\/kurssitietojen-yllapito\/ilmoittautumislomakkeet\/#breadcrumb"},"inLanguage":"fi","potentialAction":[{"@type":"ReadAction","target":["https:\/\/help.jamk.fi\/lyhytkurssi\/fi\/kurssitietojen-yllapito\/ilmoittautumislomakkeet\/"]}]},{"@type":"ImageObject","inLanguage":"fi","@id":"https:\/\/help.jamk.fi\/lyhytkurssi\/fi\/kurssitietojen-yllapito\/ilmoittautumislomakkeet\/#primaryimage","url":"https:\/\/help.jamk.fi\/lyhytkurssi\/wp-content\/uploads\/sites\/75\/2023\/07\/lk-ilmoittautumislomake.png","contentUrl":"https:\/\/help.jamk.fi\/lyhytkurssi\/wp-content\/uploads\/sites\/75\/2023\/07\/lk-ilmoittautumislomake.png"},{"@type":"BreadcrumbList","@id":"https:\/\/help.jamk.fi\/lyhytkurssi\/fi\/kurssitietojen-yllapito\/ilmoittautumislomakkeet\/#breadcrumb","itemListElement":[{"@type":"ListItem","position":1,"name":"Etusivu","item":"https:\/\/help.jamk.fi\/lyhytkurssi\/fi\/"},{"@type":"ListItem","position":2,"name":"Kurssitietojen yll\u00e4pito","item":"https:\/\/help.jamk.fi\/lyhytkurssi\/fi\/kurssitietojen-yllapito\/"},{"@type":"ListItem","position":3,"name":"Ilmoittautumislomakkeet"}]},{"@type":"WebSite","@id":"https:\/\/help.jamk.fi\/lyhytkurssi\/#website","url":"https:\/\/help.jamk.fi\/lyhytkurssi\/","name":"Lyhytkurssi","description":"","potentialAction":[{"@type":"SearchAction","target":{"@type":"EntryPoint","urlTemplate":"https:\/\/help.jamk.fi\/lyhytkurssi\/?s={search_term_string}"},"query-input":{"@type":"PropertyValueSpecification","valueRequired":true,"valueName":"search_term_string"}}],"inLanguage":"fi"}]}},"_links":{"self":[{"href":"https:\/\/help.jamk.fi\/lyhytkurssi\/wp-json\/wp\/v2\/pages\/443","targetHints":{"allow":["GET"]}}],"collection":[{"href":"https:\/\/help.jamk.fi\/lyhytkurssi\/wp-json\/wp\/v2\/pages"}],"about":[{"href":"https:\/\/help.jamk.fi\/lyhytkurssi\/wp-json\/wp\/v2\/types\/page"}],"author":[{"embeddable":true,"href":"https:\/\/help.jamk.fi\/lyhytkurssi\/wp-json\/wp\/v2\/users\/79"}],"replies":[{"embeddable":true,"href":"https:\/\/help.jamk.fi\/lyhytkurssi\/wp-json\/wp\/v2\/comments?post=443"}],"version-history":[{"count":5,"href":"https:\/\/help.jamk.fi\/lyhytkurssi\/wp-json\/wp\/v2\/pages\/443\/revisions"}],"predecessor-version":[{"id":1876,"href":"https:\/\/help.jamk.fi\/lyhytkurssi\/wp-json\/wp\/v2\/pages\/443\/revisions\/1876"}],"up":[{"embeddable":true,"href":"https:\/\/help.jamk.fi\/lyhytkurssi\/wp-json\/wp\/v2\/pages\/179"}],"wp:attachment":[{"href":"https:\/\/help.jamk.fi\/lyhytkurssi\/wp-json\/wp\/v2\/media?parent=443"}],"wp:term":[{"taxonomy":"category","embeddable":true,"href":"https:\/\/help.jamk.fi\/lyhytkurssi\/wp-json\/wp\/v2\/categories?post=443"},{"taxonomy":"post_tag","embeddable":true,"href":"https:\/\/help.jamk.fi\/lyhytkurssi\/wp-json\/wp\/v2\/tags?post=443"}],"curies":[{"name":"wp","href":"https:\/\/api.w.org\/{rel}","templated":true}]}}