{"id":516,"date":"2011-03-18T13:07:16","date_gmt":"2011-03-18T11:07:16","guid":{"rendered":"https:\/\/help.jamk.fi\/lyhytkurssi\/kurssitietojen-yllapito\/kurssien-pikahaku\/"},"modified":"2024-11-04T08:36:14","modified_gmt":"2024-11-04T06:36:14","slug":"kurssien-pikahaku","status":"publish","type":"page","link":"https:\/\/help.jamk.fi\/lyhytkurssi\/fi\/kurssitietojen-yllapito\/kurssien-pikahaku\/","title":{"rendered":"Kurssien pikahaku"},"content":{"rendered":"\n<p>Kurssitietoja voi hakea my\u00f6s vapaalla haulla nimen, nimen osan, kurssitunnuksen ja viikkonumeron perusteella. T\u00e4m\u00e4 hakutoiminto on usein k\u00e4tev\u00e4mpi kuin perinteinen haku, jossa t\u00e4ytyy ensin valita oikea viikko jne.<\/p>\n\n\n\n<p>Toiminto l\u00f6ytyy menem\u00e4ll\u00e4 <strong>Ilmoittautumisten k\u00e4sittely<\/strong> -> <strong>valitse mik\u00e4 tahansa alaotsikko<\/strong>, esim. ensimm\u00e4isen\u00e4 listalla oleva IT-ala -> kirjoita hakusana <strong>Vapaa tekstihaku<\/strong> -kentt\u00e4\u00e4n -> klikkaa <strong>Hae-painiketta<\/strong> (kuvio 1).<\/p>\n\n\n\n<figure class=\"wp-block-image\"><img decoding=\"async\" src=\"https:\/\/help.jamk.fi\/lyhytkurssi\/wp-content\/uploads\/sites\/75\/2023\/07\/lyhki.png\" alt=\"\" class=\"wp-image-281\" title=\"pikahaku\"\/><figcaption class=\"wp-element-caption\">Kuvio 1. Kurssi-ilmoittautumisten etsiminen<\/figcaption><\/figure>\n\n\n\n<p>Sivulle aukeaa listaus kaikista niist\u00e4 kursseista, joiden tiedoissa annettu hakutermi l\u00f6ytyy.<\/p>\n\n\n\n<p>Kun haluttua kurssi klikataan, aukeaa <strong>Ilmoittautumisten k\u00e4sittely<\/strong> -n\u00e4kym\u00e4. Jos halutaan muokata kurssin perustietoja, p\u00e4\u00e4st\u00e4\u00e4n sinne klikkaamalla sivun yl\u00e4reunassa otsikkorivill\u00e4 olevaa <strong>kurssin nime\u00e4<\/strong>, joka samalla on linkki perustietoihin (kuvio 2).<\/p>\n\n\n\n<figure class=\"wp-block-image\"><img decoding=\"async\" src=\"https:\/\/help.jamk.fi\/lyhytkurssi\/wp-content\/uploads\/sites\/75\/2023\/07\/lyhki3.png\" alt=\"\" class=\"wp-image-294\" title=\"Lyhki Pikahaku 2\"\/><figcaption class=\"wp-element-caption\">Kuvio 2. Siiryminen kurssin perustietoihin<\/figcaption><\/figure>\n","protected":false},"excerpt":{"rendered":"<p>Kurssitietoja voi hakea my\u00f6s vapaalla haulla nimen, nimen osan, kurssitunnuksen ja viikkonumeron perusteella. T\u00e4m\u00e4 hakutoiminto on usein k\u00e4tev\u00e4mpi kuin perinteinen haku, jossa t\u00e4ytyy ensin valita oikea viikko jne. Toiminto l\u00f6ytyy menem\u00e4ll\u00e4 Ilmoittautumisten k\u00e4sittely -> valitse mik\u00e4 tahansa alaotsikko, esim. ensimm\u00e4isen\u00e4 listalla oleva IT-ala -> kirjoita hakusana Vapaa tekstihaku -kentt\u00e4\u00e4n -> klikkaa Hae-painiketta (kuvio 1). Sivulle [&hellip;]<\/p>\n","protected":false},"author":79,"featured_media":0,"parent":179,"menu_order":1,"comment_status":"open","ping_status":"open","template":"","meta":{"_acf_changed":false,"_relevanssi_hide_post":"","_relevanssi_hide_content":"","_relevanssi_pin_for_all":"","_relevanssi_pin_keywords":"","_relevanssi_unpin_keywords":"","_relevanssi_related_keywords":"","_relevanssi_related_include_ids":"","_relevanssi_related_exclude_ids":"","_relevanssi_related_no_append":"","_relevanssi_related_not_related":"","_relevanssi_related_posts":"","_relevanssi_noindex_reason":"","footnotes":""},"categories":[1],"tags":[],"class_list":["post-516","page","type-page","status-publish","hentry","category-yleinen"],"acf":[],"yoast_head":"<!-- This site is optimized with the Yoast SEO plugin v27.4 - https:\/\/yoast.com\/product\/yoast-seo-wordpress\/ -->\n<title>Kurssien pikahaku - Lyhytkurssi<\/title>\n<meta name=\"robots\" content=\"index, follow, max-snippet:-1, max-image-preview:large, max-video-preview:-1\" \/>\n<link rel=\"canonical\" href=\"https:\/\/help.jamk.fi\/lyhytkurssi\/fi\/kurssitietojen-yllapito\/kurssien-pikahaku\/\" \/>\n<meta property=\"og:locale\" content=\"fi_FI\" \/>\n<meta property=\"og:type\" content=\"article\" \/>\n<meta property=\"og:title\" content=\"Kurssien pikahaku - Lyhytkurssi\" \/>\n<meta property=\"og:description\" content=\"Kurssitietoja voi hakea my\u00f6s vapaalla haulla nimen, nimen osan, kurssitunnuksen ja viikkonumeron perusteella. T\u00e4m\u00e4 hakutoiminto on usein k\u00e4tev\u00e4mpi kuin perinteinen haku, jossa t\u00e4ytyy ensin valita oikea viikko jne. Toiminto l\u00f6ytyy menem\u00e4ll\u00e4 Ilmoittautumisten k\u00e4sittely -&gt; valitse mik\u00e4 tahansa alaotsikko, esim. ensimm\u00e4isen\u00e4 listalla oleva IT-ala -&gt; kirjoita hakusana Vapaa tekstihaku -kentt\u00e4\u00e4n -&gt; klikkaa Hae-painiketta (kuvio 1). Sivulle [&hellip;]\" \/>\n<meta property=\"og:url\" content=\"https:\/\/help.jamk.fi\/lyhytkurssi\/fi\/kurssitietojen-yllapito\/kurssien-pikahaku\/\" \/>\n<meta property=\"og:site_name\" content=\"Lyhytkurssi\" \/>\n<meta property=\"article:modified_time\" content=\"2024-11-04T06:36:14+00:00\" \/>\n<meta property=\"og:image\" content=\"https:\/\/help.jamk.fi\/lyhytkurssi\/wp-content\/uploads\/sites\/75\/2023\/07\/lyhki.png\" \/>\n<meta name=\"twitter:card\" content=\"summary_large_image\" \/>\n<meta name=\"twitter:label1\" content=\"Arvioitu lukuaika\" \/>\n\t<meta name=\"twitter:data1\" content=\"2 minuuttia\" \/>\n<script type=\"application\/ld+json\" class=\"yoast-schema-graph\">{\"@context\":\"https:\\\/\\\/schema.org\",\"@graph\":[{\"@type\":\"WebPage\",\"@id\":\"https:\\\/\\\/help.jamk.fi\\\/lyhytkurssi\\\/fi\\\/kurssitietojen-yllapito\\\/kurssien-pikahaku\\\/\",\"url\":\"https:\\\/\\\/help.jamk.fi\\\/lyhytkurssi\\\/fi\\\/kurssitietojen-yllapito\\\/kurssien-pikahaku\\\/\",\"name\":\"Kurssien pikahaku - Lyhytkurssi\",\"isPartOf\":{\"@id\":\"https:\\\/\\\/help.jamk.fi\\\/lyhytkurssi\\\/#website\"},\"primaryImageOfPage\":{\"@id\":\"https:\\\/\\\/help.jamk.fi\\\/lyhytkurssi\\\/fi\\\/kurssitietojen-yllapito\\\/kurssien-pikahaku\\\/#primaryimage\"},\"image\":{\"@id\":\"https:\\\/\\\/help.jamk.fi\\\/lyhytkurssi\\\/fi\\\/kurssitietojen-yllapito\\\/kurssien-pikahaku\\\/#primaryimage\"},\"thumbnailUrl\":\"https:\\\/\\\/help.jamk.fi\\\/lyhytkurssi\\\/wp-content\\\/uploads\\\/sites\\\/75\\\/2023\\\/07\\\/lyhki.png\",\"datePublished\":\"2011-03-18T11:07:16+00:00\",\"dateModified\":\"2024-11-04T06:36:14+00:00\",\"breadcrumb\":{\"@id\":\"https:\\\/\\\/help.jamk.fi\\\/lyhytkurssi\\\/fi\\\/kurssitietojen-yllapito\\\/kurssien-pikahaku\\\/#breadcrumb\"},\"inLanguage\":\"fi\",\"potentialAction\":[{\"@type\":\"ReadAction\",\"target\":[\"https:\\\/\\\/help.jamk.fi\\\/lyhytkurssi\\\/fi\\\/kurssitietojen-yllapito\\\/kurssien-pikahaku\\\/\"]}]},{\"@type\":\"ImageObject\",\"inLanguage\":\"fi\",\"@id\":\"https:\\\/\\\/help.jamk.fi\\\/lyhytkurssi\\\/fi\\\/kurssitietojen-yllapito\\\/kurssien-pikahaku\\\/#primaryimage\",\"url\":\"https:\\\/\\\/help.jamk.fi\\\/lyhytkurssi\\\/wp-content\\\/uploads\\\/sites\\\/75\\\/2023\\\/07\\\/lyhki.png\",\"contentUrl\":\"https:\\\/\\\/help.jamk.fi\\\/lyhytkurssi\\\/wp-content\\\/uploads\\\/sites\\\/75\\\/2023\\\/07\\\/lyhki.png\"},{\"@type\":\"BreadcrumbList\",\"@id\":\"https:\\\/\\\/help.jamk.fi\\\/lyhytkurssi\\\/fi\\\/kurssitietojen-yllapito\\\/kurssien-pikahaku\\\/#breadcrumb\",\"itemListElement\":[{\"@type\":\"ListItem\",\"position\":1,\"name\":\"Etusivu\",\"item\":\"https:\\\/\\\/help.jamk.fi\\\/lyhytkurssi\\\/fi\\\/\"},{\"@type\":\"ListItem\",\"position\":2,\"name\":\"Kurssitietojen yll\u00e4pito\",\"item\":\"https:\\\/\\\/help.jamk.fi\\\/lyhytkurssi\\\/fi\\\/kurssitietojen-yllapito\\\/\"},{\"@type\":\"ListItem\",\"position\":3,\"name\":\"Kurssien pikahaku\"}]},{\"@type\":\"WebSite\",\"@id\":\"https:\\\/\\\/help.jamk.fi\\\/lyhytkurssi\\\/#website\",\"url\":\"https:\\\/\\\/help.jamk.fi\\\/lyhytkurssi\\\/\",\"name\":\"Lyhytkurssi\",\"description\":\"\",\"potentialAction\":[{\"@type\":\"SearchAction\",\"target\":{\"@type\":\"EntryPoint\",\"urlTemplate\":\"https:\\\/\\\/help.jamk.fi\\\/lyhytkurssi\\\/?s={search_term_string}\"},\"query-input\":{\"@type\":\"PropertyValueSpecification\",\"valueRequired\":true,\"valueName\":\"search_term_string\"}}],\"inLanguage\":\"fi\"}]}<\/script>\n<!-- \/ Yoast SEO plugin. -->","yoast_head_json":{"title":"Kurssien pikahaku - Lyhytkurssi","robots":{"index":"index","follow":"follow","max-snippet":"max-snippet:-1","max-image-preview":"max-image-preview:large","max-video-preview":"max-video-preview:-1"},"canonical":"https:\/\/help.jamk.fi\/lyhytkurssi\/fi\/kurssitietojen-yllapito\/kurssien-pikahaku\/","og_locale":"fi_FI","og_type":"article","og_title":"Kurssien pikahaku - Lyhytkurssi","og_description":"Kurssitietoja voi hakea my\u00f6s vapaalla haulla nimen, nimen osan, kurssitunnuksen ja viikkonumeron perusteella. T\u00e4m\u00e4 hakutoiminto on usein k\u00e4tev\u00e4mpi kuin perinteinen haku, jossa t\u00e4ytyy ensin valita oikea viikko jne. Toiminto l\u00f6ytyy menem\u00e4ll\u00e4 Ilmoittautumisten k\u00e4sittely -> valitse mik\u00e4 tahansa alaotsikko, esim. ensimm\u00e4isen\u00e4 listalla oleva IT-ala -> kirjoita hakusana Vapaa tekstihaku -kentt\u00e4\u00e4n -> klikkaa Hae-painiketta (kuvio 1). Sivulle [&hellip;]","og_url":"https:\/\/help.jamk.fi\/lyhytkurssi\/fi\/kurssitietojen-yllapito\/kurssien-pikahaku\/","og_site_name":"Lyhytkurssi","article_modified_time":"2024-11-04T06:36:14+00:00","og_image":[{"url":"https:\/\/help.jamk.fi\/lyhytkurssi\/wp-content\/uploads\/sites\/75\/2023\/07\/lyhki.png","type":"","width":"","height":""}],"twitter_card":"summary_large_image","twitter_misc":{"Arvioitu lukuaika":"2 minuuttia"},"schema":{"@context":"https:\/\/schema.org","@graph":[{"@type":"WebPage","@id":"https:\/\/help.jamk.fi\/lyhytkurssi\/fi\/kurssitietojen-yllapito\/kurssien-pikahaku\/","url":"https:\/\/help.jamk.fi\/lyhytkurssi\/fi\/kurssitietojen-yllapito\/kurssien-pikahaku\/","name":"Kurssien pikahaku - Lyhytkurssi","isPartOf":{"@id":"https:\/\/help.jamk.fi\/lyhytkurssi\/#website"},"primaryImageOfPage":{"@id":"https:\/\/help.jamk.fi\/lyhytkurssi\/fi\/kurssitietojen-yllapito\/kurssien-pikahaku\/#primaryimage"},"image":{"@id":"https:\/\/help.jamk.fi\/lyhytkurssi\/fi\/kurssitietojen-yllapito\/kurssien-pikahaku\/#primaryimage"},"thumbnailUrl":"https:\/\/help.jamk.fi\/lyhytkurssi\/wp-content\/uploads\/sites\/75\/2023\/07\/lyhki.png","datePublished":"2011-03-18T11:07:16+00:00","dateModified":"2024-11-04T06:36:14+00:00","breadcrumb":{"@id":"https:\/\/help.jamk.fi\/lyhytkurssi\/fi\/kurssitietojen-yllapito\/kurssien-pikahaku\/#breadcrumb"},"inLanguage":"fi","potentialAction":[{"@type":"ReadAction","target":["https:\/\/help.jamk.fi\/lyhytkurssi\/fi\/kurssitietojen-yllapito\/kurssien-pikahaku\/"]}]},{"@type":"ImageObject","inLanguage":"fi","@id":"https:\/\/help.jamk.fi\/lyhytkurssi\/fi\/kurssitietojen-yllapito\/kurssien-pikahaku\/#primaryimage","url":"https:\/\/help.jamk.fi\/lyhytkurssi\/wp-content\/uploads\/sites\/75\/2023\/07\/lyhki.png","contentUrl":"https:\/\/help.jamk.fi\/lyhytkurssi\/wp-content\/uploads\/sites\/75\/2023\/07\/lyhki.png"},{"@type":"BreadcrumbList","@id":"https:\/\/help.jamk.fi\/lyhytkurssi\/fi\/kurssitietojen-yllapito\/kurssien-pikahaku\/#breadcrumb","itemListElement":[{"@type":"ListItem","position":1,"name":"Etusivu","item":"https:\/\/help.jamk.fi\/lyhytkurssi\/fi\/"},{"@type":"ListItem","position":2,"name":"Kurssitietojen yll\u00e4pito","item":"https:\/\/help.jamk.fi\/lyhytkurssi\/fi\/kurssitietojen-yllapito\/"},{"@type":"ListItem","position":3,"name":"Kurssien pikahaku"}]},{"@type":"WebSite","@id":"https:\/\/help.jamk.fi\/lyhytkurssi\/#website","url":"https:\/\/help.jamk.fi\/lyhytkurssi\/","name":"Lyhytkurssi","description":"","potentialAction":[{"@type":"SearchAction","target":{"@type":"EntryPoint","urlTemplate":"https:\/\/help.jamk.fi\/lyhytkurssi\/?s={search_term_string}"},"query-input":{"@type":"PropertyValueSpecification","valueRequired":true,"valueName":"search_term_string"}}],"inLanguage":"fi"}]}},"_links":{"self":[{"href":"https:\/\/help.jamk.fi\/lyhytkurssi\/wp-json\/wp\/v2\/pages\/516","targetHints":{"allow":["GET"]}}],"collection":[{"href":"https:\/\/help.jamk.fi\/lyhytkurssi\/wp-json\/wp\/v2\/pages"}],"about":[{"href":"https:\/\/help.jamk.fi\/lyhytkurssi\/wp-json\/wp\/v2\/types\/page"}],"author":[{"embeddable":true,"href":"https:\/\/help.jamk.fi\/lyhytkurssi\/wp-json\/wp\/v2\/users\/79"}],"replies":[{"embeddable":true,"href":"https:\/\/help.jamk.fi\/lyhytkurssi\/wp-json\/wp\/v2\/comments?post=516"}],"version-history":[{"count":4,"href":"https:\/\/help.jamk.fi\/lyhytkurssi\/wp-json\/wp\/v2\/pages\/516\/revisions"}],"predecessor-version":[{"id":1859,"href":"https:\/\/help.jamk.fi\/lyhytkurssi\/wp-json\/wp\/v2\/pages\/516\/revisions\/1859"}],"up":[{"embeddable":true,"href":"https:\/\/help.jamk.fi\/lyhytkurssi\/wp-json\/wp\/v2\/pages\/179"}],"wp:attachment":[{"href":"https:\/\/help.jamk.fi\/lyhytkurssi\/wp-json\/wp\/v2\/media?parent=516"}],"wp:term":[{"taxonomy":"category","embeddable":true,"href":"https:\/\/help.jamk.fi\/lyhytkurssi\/wp-json\/wp\/v2\/categories?post=516"},{"taxonomy":"post_tag","embeddable":true,"href":"https:\/\/help.jamk.fi\/lyhytkurssi\/wp-json\/wp\/v2\/tags?post=516"}],"curies":[{"name":"wp","href":"https:\/\/api.w.org\/{rel}","templated":true}]}}