{"id":570,"date":"2011-08-18T10:47:15","date_gmt":"2011-08-18T07:47:15","guid":{"rendered":"https:\/\/help.jamk.fi\/lyhytkurssi\/viestinta\/tekstiviestin-lahettaminen\/"},"modified":"2024-11-04T13:16:37","modified_gmt":"2024-11-04T11:16:37","slug":"tekstiviestin-lahettaminen","status":"publish","type":"page","link":"https:\/\/help.jamk.fi\/lyhytkurssi\/fi\/viestinta\/tekstiviestin-lahettaminen\/","title":{"rendered":"Tekstiviestin l\u00e4hett\u00e4minen"},"content":{"rendered":"\n<p>Lyhytkurssin kautta on my\u00f6s mahdollista l\u00e4hett\u00e4\u00e4 tekstiviestej\u00e4 koulutuksiin ilmoittautuneille henkil\u00f6ille. Edellytykset tekstiviestin l\u00e4hett\u00e4miselle ovat:<\/p>\n\n\n\n<ul class=\"wp-block-list\">\n<li>opiskelija on ilmoittanut matkapuhelinnumeronsa<\/li>\n\n\n\n<li>ilmoittautumisia k\u00e4sittelev\u00e4lle henkil\u00f6lle on annettu oikeus l\u00e4hett\u00e4\u00e4 tekstiviestej\u00e4 (ota tarvittaessa yhteytt\u00e4 oikeuksien saamiseksi)<\/li>\n<\/ul>\n\n\n\n<p><strong>HUOM. Viestint\u00e4lokiin kirjautuvat vain sellaiset viestit, jotka on l\u00e4hetetty sen j\u00e4lkeen kun henkil\u00f6n kiinnitt\u00e4minen on tehty.<\/strong><\/p>\n\n\n\n<p>Maksimimerkkim\u00e4\u00e4r\u00e4 on 160 merkki\u00e4. Viestin hinta on 0,13 eur\/viesti.<\/p>\n\n\n\n<p>Tekstiviesti l\u00e4hetet\u00e4\u00e4n samalla periaatteella kuin s\u00e4hk\u00f6posti. Ilmoittautumisten k\u00e4sittelyss\u00e4 valitaan henkil\u00f6(t) ja painetaan <strong>L\u00e4het\u00e4 valituille viesti<\/strong> -painiketta. Viestityypiksi valitaan <strong>Tekstiviesti<\/strong> ja viestikentt\u00e4\u00e4n kirjoitetaan haluttu viesti. Lopuksi painetaan <strong>L\u00e4het\u00e4 viesti<\/strong> -painiketta (kuvio 1).<\/p>\n\n\n\n<p>Huomioi, ett\u00e4 vastaanottajalle viesti tulee numerosta 16591, joten huolehdi, ett\u00e4 viestist\u00e4 k\u00e4y ilmi mit\u00e4 asia koskee ja kenelt\u00e4 viesti on tullut!<\/p>\n\n\n\n<figure class=\"wp-block-image\"><img decoding=\"async\" src=\"https:\/\/help.jamk.fi\/lyhytkurssi\/wp-content\/uploads\/sites\/75\/2023\/07\/lyhki-sms1.png\" alt=\"\" class=\"wp-image-327\"\/><figcaption class=\"wp-element-caption\">Kuvio 1. Tekstiviesti-toiminto ja sen kent\u00e4t<\/figcaption><\/figure>\n","protected":false},"excerpt":{"rendered":"<p>Lyhytkurssin kautta on my\u00f6s mahdollista l\u00e4hett\u00e4\u00e4 tekstiviestej\u00e4 koulutuksiin ilmoittautuneille henkil\u00f6ille. Edellytykset tekstiviestin l\u00e4hett\u00e4miselle ovat: HUOM. Viestint\u00e4lokiin kirjautuvat vain sellaiset viestit, jotka on l\u00e4hetetty sen j\u00e4lkeen kun henkil\u00f6n kiinnitt\u00e4minen on tehty. Maksimimerkkim\u00e4\u00e4r\u00e4 on 160 merkki\u00e4. Viestin hinta on 0,13 eur\/viesti. Tekstiviesti l\u00e4hetet\u00e4\u00e4n samalla periaatteella kuin s\u00e4hk\u00f6posti. Ilmoittautumisten k\u00e4sittelyss\u00e4 valitaan henkil\u00f6(t) ja painetaan L\u00e4het\u00e4 valituille viesti -painiketta. [&hellip;]<\/p>\n","protected":false},"author":79,"featured_media":0,"parent":537,"menu_order":3,"comment_status":"open","ping_status":"open","template":"","meta":{"_acf_changed":false,"_relevanssi_hide_post":"","_relevanssi_hide_content":"","_relevanssi_pin_for_all":"","_relevanssi_pin_keywords":"","_relevanssi_unpin_keywords":"","_relevanssi_related_keywords":"","_relevanssi_related_include_ids":"","_relevanssi_related_exclude_ids":"","_relevanssi_related_no_append":"","_relevanssi_related_not_related":"","_relevanssi_related_posts":"","_relevanssi_noindex_reason":"","footnotes":""},"categories":[1],"tags":[],"class_list":["post-570","page","type-page","status-publish","hentry","category-yleinen"],"acf":[],"yoast_head":"<!-- This site is optimized with the Yoast SEO plugin v27.3 - https:\/\/yoast.com\/product\/yoast-seo-wordpress\/ -->\n<title>Tekstiviestin l\u00e4hett\u00e4minen - Lyhytkurssi<\/title>\n<meta name=\"robots\" content=\"index, follow, max-snippet:-1, max-image-preview:large, max-video-preview:-1\" \/>\n<link rel=\"canonical\" href=\"https:\/\/help.jamk.fi\/lyhytkurssi\/fi\/viestinta\/tekstiviestin-lahettaminen\/\" \/>\n<meta property=\"og:locale\" content=\"fi_FI\" \/>\n<meta property=\"og:type\" content=\"article\" \/>\n<meta property=\"og:title\" content=\"Tekstiviestin l\u00e4hett\u00e4minen - Lyhytkurssi\" \/>\n<meta property=\"og:description\" content=\"Lyhytkurssin kautta on my\u00f6s mahdollista l\u00e4hett\u00e4\u00e4 tekstiviestej\u00e4 koulutuksiin ilmoittautuneille henkil\u00f6ille. Edellytykset tekstiviestin l\u00e4hett\u00e4miselle ovat: HUOM. Viestint\u00e4lokiin kirjautuvat vain sellaiset viestit, jotka on l\u00e4hetetty sen j\u00e4lkeen kun henkil\u00f6n kiinnitt\u00e4minen on tehty. Maksimimerkkim\u00e4\u00e4r\u00e4 on 160 merkki\u00e4. Viestin hinta on 0,13 eur\/viesti. Tekstiviesti l\u00e4hetet\u00e4\u00e4n samalla periaatteella kuin s\u00e4hk\u00f6posti. Ilmoittautumisten k\u00e4sittelyss\u00e4 valitaan henkil\u00f6(t) ja painetaan L\u00e4het\u00e4 valituille viesti -painiketta. [&hellip;]\" \/>\n<meta property=\"og:url\" content=\"https:\/\/help.jamk.fi\/lyhytkurssi\/fi\/viestinta\/tekstiviestin-lahettaminen\/\" \/>\n<meta property=\"og:site_name\" content=\"Lyhytkurssi\" \/>\n<meta property=\"article:modified_time\" content=\"2024-11-04T11:16:37+00:00\" \/>\n<meta property=\"og:image\" content=\"https:\/\/help.jamk.fi\/lyhytkurssi\/wp-content\/uploads\/sites\/75\/2023\/07\/lyhki-sms1.png\" \/>\n<meta name=\"twitter:card\" content=\"summary_large_image\" \/>\n<meta name=\"twitter:label1\" content=\"Arvioitu lukuaika\" \/>\n\t<meta name=\"twitter:data1\" content=\"1 minuutti\" \/>\n<script type=\"application\/ld+json\" class=\"yoast-schema-graph\">{\"@context\":\"https:\\\/\\\/schema.org\",\"@graph\":[{\"@type\":\"WebPage\",\"@id\":\"https:\\\/\\\/help.jamk.fi\\\/lyhytkurssi\\\/fi\\\/viestinta\\\/tekstiviestin-lahettaminen\\\/\",\"url\":\"https:\\\/\\\/help.jamk.fi\\\/lyhytkurssi\\\/fi\\\/viestinta\\\/tekstiviestin-lahettaminen\\\/\",\"name\":\"Tekstiviestin l\u00e4hett\u00e4minen - Lyhytkurssi\",\"isPartOf\":{\"@id\":\"https:\\\/\\\/help.jamk.fi\\\/lyhytkurssi\\\/#website\"},\"primaryImageOfPage\":{\"@id\":\"https:\\\/\\\/help.jamk.fi\\\/lyhytkurssi\\\/fi\\\/viestinta\\\/tekstiviestin-lahettaminen\\\/#primaryimage\"},\"image\":{\"@id\":\"https:\\\/\\\/help.jamk.fi\\\/lyhytkurssi\\\/fi\\\/viestinta\\\/tekstiviestin-lahettaminen\\\/#primaryimage\"},\"thumbnailUrl\":\"https:\\\/\\\/help.jamk.fi\\\/lyhytkurssi\\\/wp-content\\\/uploads\\\/sites\\\/75\\\/2023\\\/07\\\/lyhki-sms1.png\",\"datePublished\":\"2011-08-18T07:47:15+00:00\",\"dateModified\":\"2024-11-04T11:16:37+00:00\",\"breadcrumb\":{\"@id\":\"https:\\\/\\\/help.jamk.fi\\\/lyhytkurssi\\\/fi\\\/viestinta\\\/tekstiviestin-lahettaminen\\\/#breadcrumb\"},\"inLanguage\":\"fi\",\"potentialAction\":[{\"@type\":\"ReadAction\",\"target\":[\"https:\\\/\\\/help.jamk.fi\\\/lyhytkurssi\\\/fi\\\/viestinta\\\/tekstiviestin-lahettaminen\\\/\"]}]},{\"@type\":\"ImageObject\",\"inLanguage\":\"fi\",\"@id\":\"https:\\\/\\\/help.jamk.fi\\\/lyhytkurssi\\\/fi\\\/viestinta\\\/tekstiviestin-lahettaminen\\\/#primaryimage\",\"url\":\"https:\\\/\\\/help.jamk.fi\\\/lyhytkurssi\\\/wp-content\\\/uploads\\\/sites\\\/75\\\/2023\\\/07\\\/lyhki-sms1.png\",\"contentUrl\":\"https:\\\/\\\/help.jamk.fi\\\/lyhytkurssi\\\/wp-content\\\/uploads\\\/sites\\\/75\\\/2023\\\/07\\\/lyhki-sms1.png\"},{\"@type\":\"BreadcrumbList\",\"@id\":\"https:\\\/\\\/help.jamk.fi\\\/lyhytkurssi\\\/fi\\\/viestinta\\\/tekstiviestin-lahettaminen\\\/#breadcrumb\",\"itemListElement\":[{\"@type\":\"ListItem\",\"position\":1,\"name\":\"Etusivu\",\"item\":\"https:\\\/\\\/help.jamk.fi\\\/lyhytkurssi\\\/fi\\\/\"},{\"@type\":\"ListItem\",\"position\":2,\"name\":\"Viestint\u00e4\",\"item\":\"https:\\\/\\\/help.jamk.fi\\\/lyhytkurssi\\\/fi\\\/viestinta\\\/\"},{\"@type\":\"ListItem\",\"position\":3,\"name\":\"Tekstiviestin l\u00e4hett\u00e4minen\"}]},{\"@type\":\"WebSite\",\"@id\":\"https:\\\/\\\/help.jamk.fi\\\/lyhytkurssi\\\/#website\",\"url\":\"https:\\\/\\\/help.jamk.fi\\\/lyhytkurssi\\\/\",\"name\":\"Lyhytkurssi\",\"description\":\"\",\"potentialAction\":[{\"@type\":\"SearchAction\",\"target\":{\"@type\":\"EntryPoint\",\"urlTemplate\":\"https:\\\/\\\/help.jamk.fi\\\/lyhytkurssi\\\/?s={search_term_string}\"},\"query-input\":{\"@type\":\"PropertyValueSpecification\",\"valueRequired\":true,\"valueName\":\"search_term_string\"}}],\"inLanguage\":\"fi\"}]}<\/script>\n<!-- \/ Yoast SEO plugin. -->","yoast_head_json":{"title":"Tekstiviestin l\u00e4hett\u00e4minen - Lyhytkurssi","robots":{"index":"index","follow":"follow","max-snippet":"max-snippet:-1","max-image-preview":"max-image-preview:large","max-video-preview":"max-video-preview:-1"},"canonical":"https:\/\/help.jamk.fi\/lyhytkurssi\/fi\/viestinta\/tekstiviestin-lahettaminen\/","og_locale":"fi_FI","og_type":"article","og_title":"Tekstiviestin l\u00e4hett\u00e4minen - Lyhytkurssi","og_description":"Lyhytkurssin kautta on my\u00f6s mahdollista l\u00e4hett\u00e4\u00e4 tekstiviestej\u00e4 koulutuksiin ilmoittautuneille henkil\u00f6ille. Edellytykset tekstiviestin l\u00e4hett\u00e4miselle ovat: HUOM. Viestint\u00e4lokiin kirjautuvat vain sellaiset viestit, jotka on l\u00e4hetetty sen j\u00e4lkeen kun henkil\u00f6n kiinnitt\u00e4minen on tehty. Maksimimerkkim\u00e4\u00e4r\u00e4 on 160 merkki\u00e4. Viestin hinta on 0,13 eur\/viesti. Tekstiviesti l\u00e4hetet\u00e4\u00e4n samalla periaatteella kuin s\u00e4hk\u00f6posti. Ilmoittautumisten k\u00e4sittelyss\u00e4 valitaan henkil\u00f6(t) ja painetaan L\u00e4het\u00e4 valituille viesti -painiketta. [&hellip;]","og_url":"https:\/\/help.jamk.fi\/lyhytkurssi\/fi\/viestinta\/tekstiviestin-lahettaminen\/","og_site_name":"Lyhytkurssi","article_modified_time":"2024-11-04T11:16:37+00:00","og_image":[{"url":"https:\/\/help.jamk.fi\/lyhytkurssi\/wp-content\/uploads\/sites\/75\/2023\/07\/lyhki-sms1.png","type":"","width":"","height":""}],"twitter_card":"summary_large_image","twitter_misc":{"Arvioitu lukuaika":"1 minuutti"},"schema":{"@context":"https:\/\/schema.org","@graph":[{"@type":"WebPage","@id":"https:\/\/help.jamk.fi\/lyhytkurssi\/fi\/viestinta\/tekstiviestin-lahettaminen\/","url":"https:\/\/help.jamk.fi\/lyhytkurssi\/fi\/viestinta\/tekstiviestin-lahettaminen\/","name":"Tekstiviestin l\u00e4hett\u00e4minen - Lyhytkurssi","isPartOf":{"@id":"https:\/\/help.jamk.fi\/lyhytkurssi\/#website"},"primaryImageOfPage":{"@id":"https:\/\/help.jamk.fi\/lyhytkurssi\/fi\/viestinta\/tekstiviestin-lahettaminen\/#primaryimage"},"image":{"@id":"https:\/\/help.jamk.fi\/lyhytkurssi\/fi\/viestinta\/tekstiviestin-lahettaminen\/#primaryimage"},"thumbnailUrl":"https:\/\/help.jamk.fi\/lyhytkurssi\/wp-content\/uploads\/sites\/75\/2023\/07\/lyhki-sms1.png","datePublished":"2011-08-18T07:47:15+00:00","dateModified":"2024-11-04T11:16:37+00:00","breadcrumb":{"@id":"https:\/\/help.jamk.fi\/lyhytkurssi\/fi\/viestinta\/tekstiviestin-lahettaminen\/#breadcrumb"},"inLanguage":"fi","potentialAction":[{"@type":"ReadAction","target":["https:\/\/help.jamk.fi\/lyhytkurssi\/fi\/viestinta\/tekstiviestin-lahettaminen\/"]}]},{"@type":"ImageObject","inLanguage":"fi","@id":"https:\/\/help.jamk.fi\/lyhytkurssi\/fi\/viestinta\/tekstiviestin-lahettaminen\/#primaryimage","url":"https:\/\/help.jamk.fi\/lyhytkurssi\/wp-content\/uploads\/sites\/75\/2023\/07\/lyhki-sms1.png","contentUrl":"https:\/\/help.jamk.fi\/lyhytkurssi\/wp-content\/uploads\/sites\/75\/2023\/07\/lyhki-sms1.png"},{"@type":"BreadcrumbList","@id":"https:\/\/help.jamk.fi\/lyhytkurssi\/fi\/viestinta\/tekstiviestin-lahettaminen\/#breadcrumb","itemListElement":[{"@type":"ListItem","position":1,"name":"Etusivu","item":"https:\/\/help.jamk.fi\/lyhytkurssi\/fi\/"},{"@type":"ListItem","position":2,"name":"Viestint\u00e4","item":"https:\/\/help.jamk.fi\/lyhytkurssi\/fi\/viestinta\/"},{"@type":"ListItem","position":3,"name":"Tekstiviestin l\u00e4hett\u00e4minen"}]},{"@type":"WebSite","@id":"https:\/\/help.jamk.fi\/lyhytkurssi\/#website","url":"https:\/\/help.jamk.fi\/lyhytkurssi\/","name":"Lyhytkurssi","description":"","potentialAction":[{"@type":"SearchAction","target":{"@type":"EntryPoint","urlTemplate":"https:\/\/help.jamk.fi\/lyhytkurssi\/?s={search_term_string}"},"query-input":{"@type":"PropertyValueSpecification","valueRequired":true,"valueName":"search_term_string"}}],"inLanguage":"fi"}]}},"_links":{"self":[{"href":"https:\/\/help.jamk.fi\/lyhytkurssi\/wp-json\/wp\/v2\/pages\/570","targetHints":{"allow":["GET"]}}],"collection":[{"href":"https:\/\/help.jamk.fi\/lyhytkurssi\/wp-json\/wp\/v2\/pages"}],"about":[{"href":"https:\/\/help.jamk.fi\/lyhytkurssi\/wp-json\/wp\/v2\/types\/page"}],"author":[{"embeddable":true,"href":"https:\/\/help.jamk.fi\/lyhytkurssi\/wp-json\/wp\/v2\/users\/79"}],"replies":[{"embeddable":true,"href":"https:\/\/help.jamk.fi\/lyhytkurssi\/wp-json\/wp\/v2\/comments?post=570"}],"version-history":[{"count":5,"href":"https:\/\/help.jamk.fi\/lyhytkurssi\/wp-json\/wp\/v2\/pages\/570\/revisions"}],"predecessor-version":[{"id":1907,"href":"https:\/\/help.jamk.fi\/lyhytkurssi\/wp-json\/wp\/v2\/pages\/570\/revisions\/1907"}],"up":[{"embeddable":true,"href":"https:\/\/help.jamk.fi\/lyhytkurssi\/wp-json\/wp\/v2\/pages\/537"}],"wp:attachment":[{"href":"https:\/\/help.jamk.fi\/lyhytkurssi\/wp-json\/wp\/v2\/media?parent=570"}],"wp:term":[{"taxonomy":"category","embeddable":true,"href":"https:\/\/help.jamk.fi\/lyhytkurssi\/wp-json\/wp\/v2\/categories?post=570"},{"taxonomy":"post_tag","embeddable":true,"href":"https:\/\/help.jamk.fi\/lyhytkurssi\/wp-json\/wp\/v2\/tags?post=570"}],"curies":[{"name":"wp","href":"https:\/\/api.w.org\/{rel}","templated":true}]}}