{"id":702,"date":"2013-05-24T07:26:52","date_gmt":"2013-05-24T04:26:52","guid":{"rendered":"https:\/\/help.jamk.fi\/lyhytkurssi\/kurssitietojen-yllapito\/kurssikokonaisuus-opintopolku\/"},"modified":"2024-11-04T10:50:31","modified_gmt":"2024-11-04T08:50:31","slug":"kurssikokonaisuus-opintopolku","status":"publish","type":"page","link":"https:\/\/help.jamk.fi\/lyhytkurssi\/fi\/kurssitietojen-yllapito\/kurssikokonaisuus-opintopolku\/","title":{"rendered":"Kurssikokonaisuus (v\u00e4yl\u00e4opinnot)"},"content":{"rendered":"\n<p>Kurssi voidaan liitt\u00e4\u00e4 jonkin kurssikokonaisuuden osaksi. T\u00e4m\u00e4 tapahtuu luomalla ensin kurssikokonaisuus ja lis\u00e4\u00e4m\u00e4ll\u00e4 halutut kurssit sen j\u00e4lkeen kokonaisuuteen.<\/p>\n\n\n\n<p>Kurssikokonaisuus luodaan samalla tavalla kuin kurssikin. Ainoa ero kurssitiedoissa on kohdassa Rooli. T\u00e4h\u00e4n merkit\u00e4\u00e4n &#8221;kurssikokonaisuus&#8221;, jotta kokonaisuuteen voisi liitt\u00e4\u00e4 kursseja (kuvio 1).<\/p>\n\n\n\n<figure class=\"wp-block-image\"><img decoding=\"async\" src=\"https:\/\/help.jamk.fi\/lyhytkurssi\/wp-content\/uploads\/sites\/75\/2023\/07\/kurssikokonaisuus.png\" alt=\"\" class=\"wp-image-569\"\/><figcaption class=\"wp-element-caption\">Kuvio 1. Rooli-tiedoissa kurssikokonaisuus<\/figcaption><\/figure>\n\n\n\n<p>Kurssit eli opintojaksot liitet\u00e4\u00e4n kokonaisuuteen sivun alareunassa olevan &#8221;Kurssikokonaisuuteen kuuluvat kurssit&#8221; kautta (kuvio 2). Polun alla n\u00e4kyv\u00e4t jo liitetyt kurssit. Polun nime\u00e4 klikkaamalla voit lis\u00e4t\u00e4 kursseja kokonaisuuteen.<\/p>\n\n\n\n<figure class=\"wp-block-image\"><img decoding=\"async\" src=\"https:\/\/help.jamk.fi\/lyhytkurssi\/wp-content\/uploads\/sites\/75\/2023\/07\/kurssikokonaisuus2.png\" alt=\"\" class=\"wp-image-570\"\/><figcaption class=\"wp-element-caption\">Kuvio 2. Kurssikokonaisuuteen kuuluvat kurssit sivun alareunassa<\/figcaption><\/figure>\n\n\n\n<h2 class=\"wp-block-heading\">Kokonaisuuteen kuuluvan kurssin &#8221;k\u00e4sittely&#8221;<\/h2>\n\n\n\n<p>Kurssin k\u00e4sittely riippuu siit\u00e4, miten kurssille ilmoittaudutaan.<\/p>\n\n\n\n<h3 class=\"wp-block-heading\"><strong>a)\u00a0Jos kurssille voi ilmoittautua VAIN v\u00e4yl\u00e4opinnon kautta<\/strong><\/h3>\n\n\n\n<ul class=\"wp-block-list\">\n<li>mainos-kohtaan&nbsp;KYLL\u00c4 (n\u00e4in opintojaksolle ei voi suoraan ilmoittautua)<\/li>\n\n\n\n<li>julkinen-kohtaan voidaan asettaa joko&nbsp;KYLL\u00c4 tai EI, riippuen siit\u00e4 halutaanko kurssin n\u00e4kyv\u00e4n kurssilistauksessa<\/li>\n\n\n\n<li>kurssin alku- ja&nbsp;loppup\u00e4iv\u00e4m\u00e4\u00e4r\u00e4t&nbsp;asetetaan<\/li>\n\n\n\n<li>ilmoittautumisp\u00e4iv\u00e4m\u00e4\u00e4ri\u00e4 ei merkit\u00e4<\/li>\n\n\n\n<li>ennakkomarkkinoinnin loppup\u00e4iv\u00e4 asetetaan niin, ett\u00e4&nbsp;markkinointi on voimassa koko ennakkomarkkinointi- ja ilmoittautumisajan:<br>\n&#8211; esim. 1. jos ilmoittautumisaika on 15.7 &#8211; 4.8. tulee ennakkomarkkinoinnin loppup\u00e4iv\u00e4ksi&nbsp;5.8. ja alkup\u00e4iv\u00e4 voidaan j\u00e4tt\u00e4\u00e4 tyhj\u00e4ksi<br>\n&#8211; esim. 2. vaikka kokonaisuutta ei ennakkomarkkinoitaisikaan, tulee kurssille asettaa ennakkomarkkinoinnin loppup\u00e4iv\u00e4 (=ilmoittautumisajan p\u00e4\u00e4ttymisp\u00e4iv\u00e4m\u00e4\u00e4r\u00e4)<\/li>\n<\/ul>\n\n\n\n<p>Merkityst\u00e4 ei ole seuraavilla kohdilla:<\/p>\n\n\n\n<ul class=\"wp-block-list\">\n<li>tuotteet<\/li>\n\n\n\n<li>verkkomaksu<\/li>\n\n\n\n<li>min\/max.henkil\u00f6lukum\u00e4\u00e4r\u00e4t<\/li>\n\n\n\n<li>ilmoittautumislomake<\/li>\n<\/ul>\n\n\n\n<h3 class=\"wp-block-heading\"><strong>b) Jos voi ilmoittautua SEK\u00c4 v\u00e4yl\u00e4opinnon kautta ETT\u00c4 suoraan opintojaksolle, tehd\u00e4\u00e4n kurssi &#8221;normaaleiden&#8221; ohjeiden mukaisesti<\/strong><\/h3>\n\n\n\n<ul class=\"wp-block-list\">\n<li>mainos-kohtaan EI<\/li>\n\n\n\n<li>julkinen KYLL\u00c4<\/li>\n\n\n\n<li>ilmoittautumisp\u00e4iv\u00e4m\u00e4\u00e4r\u00e4t merkit\u00e4\u00e4n, samoin min\/max. hl\u00f6lukum\u00e4\u00e4r\u00e4t<\/li>\n\n\n\n<li>hakulomake: 2A avoin AMK<\/li>\n\n\n\n<li>vain verkkomaksu&nbsp; -vaihtoehto<\/li>\n\n\n\n<li>tuotteet tehd\u00e4\u00e4n<\/li>\n<\/ul>\n","protected":false},"excerpt":{"rendered":"<p>Kurssi voidaan liitt\u00e4\u00e4 jonkin kurssikokonaisuuden osaksi. T\u00e4m\u00e4 tapahtuu luomalla ensin kurssikokonaisuus ja lis\u00e4\u00e4m\u00e4ll\u00e4 halutut kurssit sen j\u00e4lkeen kokonaisuuteen. Kurssikokonaisuus luodaan samalla tavalla kuin kurssikin. Ainoa ero kurssitiedoissa on kohdassa Rooli. T\u00e4h\u00e4n merkit\u00e4\u00e4n &#8221;kurssikokonaisuus&#8221;, jotta kokonaisuuteen voisi liitt\u00e4\u00e4 kursseja (kuvio 1). Kurssit eli opintojaksot liitet\u00e4\u00e4n kokonaisuuteen sivun alareunassa olevan &#8221;Kurssikokonaisuuteen kuuluvat kurssit&#8221; kautta (kuvio 2). Polun [&hellip;]<\/p>\n","protected":false},"author":79,"featured_media":0,"parent":179,"menu_order":6,"comment_status":"open","ping_status":"open","template":"","meta":{"_acf_changed":false,"_relevanssi_hide_post":"","_relevanssi_hide_content":"","_relevanssi_pin_for_all":"","_relevanssi_pin_keywords":"","_relevanssi_unpin_keywords":"","_relevanssi_related_keywords":"","_relevanssi_related_include_ids":"","_relevanssi_related_exclude_ids":"","_relevanssi_related_no_append":"","_relevanssi_related_not_related":"","_relevanssi_related_posts":"","_relevanssi_noindex_reason":"","footnotes":""},"categories":[],"tags":[],"class_list":["post-702","page","type-page","status-publish","hentry"],"acf":[],"yoast_head":"<!-- This site is optimized with the Yoast SEO plugin v27.3 - https:\/\/yoast.com\/product\/yoast-seo-wordpress\/ -->\n<title>Kurssikokonaisuus (v\u00e4yl\u00e4opinnot) - Lyhytkurssi<\/title>\n<meta name=\"robots\" content=\"index, follow, max-snippet:-1, max-image-preview:large, max-video-preview:-1\" \/>\n<link rel=\"canonical\" href=\"https:\/\/help.jamk.fi\/lyhytkurssi\/fi\/kurssitietojen-yllapito\/kurssikokonaisuus-opintopolku\/\" \/>\n<meta property=\"og:locale\" content=\"fi_FI\" \/>\n<meta property=\"og:type\" content=\"article\" \/>\n<meta property=\"og:title\" content=\"Kurssikokonaisuus (v\u00e4yl\u00e4opinnot) - Lyhytkurssi\" \/>\n<meta property=\"og:description\" content=\"Kurssi voidaan liitt\u00e4\u00e4 jonkin kurssikokonaisuuden osaksi. T\u00e4m\u00e4 tapahtuu luomalla ensin kurssikokonaisuus ja lis\u00e4\u00e4m\u00e4ll\u00e4 halutut kurssit sen j\u00e4lkeen kokonaisuuteen. Kurssikokonaisuus luodaan samalla tavalla kuin kurssikin. Ainoa ero kurssitiedoissa on kohdassa Rooli. T\u00e4h\u00e4n merkit\u00e4\u00e4n &#8221;kurssikokonaisuus&#8221;, jotta kokonaisuuteen voisi liitt\u00e4\u00e4 kursseja (kuvio 1). Kurssit eli opintojaksot liitet\u00e4\u00e4n kokonaisuuteen sivun alareunassa olevan &#8221;Kurssikokonaisuuteen kuuluvat kurssit&#8221; kautta (kuvio 2). Polun [&hellip;]\" \/>\n<meta property=\"og:url\" content=\"https:\/\/help.jamk.fi\/lyhytkurssi\/fi\/kurssitietojen-yllapito\/kurssikokonaisuus-opintopolku\/\" \/>\n<meta property=\"og:site_name\" content=\"Lyhytkurssi\" \/>\n<meta property=\"article:modified_time\" content=\"2024-11-04T08:50:31+00:00\" \/>\n<meta property=\"og:image\" content=\"https:\/\/help.jamk.fi\/lyhytkurssi\/wp-content\/uploads\/sites\/75\/2023\/07\/kurssikokonaisuus.png\" \/>\n<meta name=\"twitter:card\" content=\"summary_large_image\" \/>\n<meta name=\"twitter:label1\" content=\"Arvioitu lukuaika\" \/>\n\t<meta name=\"twitter:data1\" content=\"2 minuuttia\" \/>\n<script type=\"application\/ld+json\" class=\"yoast-schema-graph\">{\"@context\":\"https:\\\/\\\/schema.org\",\"@graph\":[{\"@type\":\"WebPage\",\"@id\":\"https:\\\/\\\/help.jamk.fi\\\/lyhytkurssi\\\/fi\\\/kurssitietojen-yllapito\\\/kurssikokonaisuus-opintopolku\\\/\",\"url\":\"https:\\\/\\\/help.jamk.fi\\\/lyhytkurssi\\\/fi\\\/kurssitietojen-yllapito\\\/kurssikokonaisuus-opintopolku\\\/\",\"name\":\"Kurssikokonaisuus (v\u00e4yl\u00e4opinnot) - Lyhytkurssi\",\"isPartOf\":{\"@id\":\"https:\\\/\\\/help.jamk.fi\\\/lyhytkurssi\\\/#website\"},\"primaryImageOfPage\":{\"@id\":\"https:\\\/\\\/help.jamk.fi\\\/lyhytkurssi\\\/fi\\\/kurssitietojen-yllapito\\\/kurssikokonaisuus-opintopolku\\\/#primaryimage\"},\"image\":{\"@id\":\"https:\\\/\\\/help.jamk.fi\\\/lyhytkurssi\\\/fi\\\/kurssitietojen-yllapito\\\/kurssikokonaisuus-opintopolku\\\/#primaryimage\"},\"thumbnailUrl\":\"https:\\\/\\\/help.jamk.fi\\\/lyhytkurssi\\\/wp-content\\\/uploads\\\/sites\\\/75\\\/2023\\\/07\\\/kurssikokonaisuus.png\",\"datePublished\":\"2013-05-24T04:26:52+00:00\",\"dateModified\":\"2024-11-04T08:50:31+00:00\",\"breadcrumb\":{\"@id\":\"https:\\\/\\\/help.jamk.fi\\\/lyhytkurssi\\\/fi\\\/kurssitietojen-yllapito\\\/kurssikokonaisuus-opintopolku\\\/#breadcrumb\"},\"inLanguage\":\"fi\",\"potentialAction\":[{\"@type\":\"ReadAction\",\"target\":[\"https:\\\/\\\/help.jamk.fi\\\/lyhytkurssi\\\/fi\\\/kurssitietojen-yllapito\\\/kurssikokonaisuus-opintopolku\\\/\"]}]},{\"@type\":\"ImageObject\",\"inLanguage\":\"fi\",\"@id\":\"https:\\\/\\\/help.jamk.fi\\\/lyhytkurssi\\\/fi\\\/kurssitietojen-yllapito\\\/kurssikokonaisuus-opintopolku\\\/#primaryimage\",\"url\":\"https:\\\/\\\/help.jamk.fi\\\/lyhytkurssi\\\/wp-content\\\/uploads\\\/sites\\\/75\\\/2023\\\/07\\\/kurssikokonaisuus.png\",\"contentUrl\":\"https:\\\/\\\/help.jamk.fi\\\/lyhytkurssi\\\/wp-content\\\/uploads\\\/sites\\\/75\\\/2023\\\/07\\\/kurssikokonaisuus.png\"},{\"@type\":\"BreadcrumbList\",\"@id\":\"https:\\\/\\\/help.jamk.fi\\\/lyhytkurssi\\\/fi\\\/kurssitietojen-yllapito\\\/kurssikokonaisuus-opintopolku\\\/#breadcrumb\",\"itemListElement\":[{\"@type\":\"ListItem\",\"position\":1,\"name\":\"Etusivu\",\"item\":\"https:\\\/\\\/help.jamk.fi\\\/lyhytkurssi\\\/fi\\\/\"},{\"@type\":\"ListItem\",\"position\":2,\"name\":\"Kurssitietojen yll\u00e4pito\",\"item\":\"https:\\\/\\\/help.jamk.fi\\\/lyhytkurssi\\\/fi\\\/kurssitietojen-yllapito\\\/\"},{\"@type\":\"ListItem\",\"position\":3,\"name\":\"Kurssikokonaisuus (v\u00e4yl\u00e4opinnot)\"}]},{\"@type\":\"WebSite\",\"@id\":\"https:\\\/\\\/help.jamk.fi\\\/lyhytkurssi\\\/#website\",\"url\":\"https:\\\/\\\/help.jamk.fi\\\/lyhytkurssi\\\/\",\"name\":\"Lyhytkurssi\",\"description\":\"\",\"potentialAction\":[{\"@type\":\"SearchAction\",\"target\":{\"@type\":\"EntryPoint\",\"urlTemplate\":\"https:\\\/\\\/help.jamk.fi\\\/lyhytkurssi\\\/?s={search_term_string}\"},\"query-input\":{\"@type\":\"PropertyValueSpecification\",\"valueRequired\":true,\"valueName\":\"search_term_string\"}}],\"inLanguage\":\"fi\"}]}<\/script>\n<!-- \/ Yoast SEO plugin. -->","yoast_head_json":{"title":"Kurssikokonaisuus (v\u00e4yl\u00e4opinnot) - Lyhytkurssi","robots":{"index":"index","follow":"follow","max-snippet":"max-snippet:-1","max-image-preview":"max-image-preview:large","max-video-preview":"max-video-preview:-1"},"canonical":"https:\/\/help.jamk.fi\/lyhytkurssi\/fi\/kurssitietojen-yllapito\/kurssikokonaisuus-opintopolku\/","og_locale":"fi_FI","og_type":"article","og_title":"Kurssikokonaisuus (v\u00e4yl\u00e4opinnot) - Lyhytkurssi","og_description":"Kurssi voidaan liitt\u00e4\u00e4 jonkin kurssikokonaisuuden osaksi. T\u00e4m\u00e4 tapahtuu luomalla ensin kurssikokonaisuus ja lis\u00e4\u00e4m\u00e4ll\u00e4 halutut kurssit sen j\u00e4lkeen kokonaisuuteen. Kurssikokonaisuus luodaan samalla tavalla kuin kurssikin. Ainoa ero kurssitiedoissa on kohdassa Rooli. T\u00e4h\u00e4n merkit\u00e4\u00e4n &#8221;kurssikokonaisuus&#8221;, jotta kokonaisuuteen voisi liitt\u00e4\u00e4 kursseja (kuvio 1). Kurssit eli opintojaksot liitet\u00e4\u00e4n kokonaisuuteen sivun alareunassa olevan &#8221;Kurssikokonaisuuteen kuuluvat kurssit&#8221; kautta (kuvio 2). Polun [&hellip;]","og_url":"https:\/\/help.jamk.fi\/lyhytkurssi\/fi\/kurssitietojen-yllapito\/kurssikokonaisuus-opintopolku\/","og_site_name":"Lyhytkurssi","article_modified_time":"2024-11-04T08:50:31+00:00","og_image":[{"url":"https:\/\/help.jamk.fi\/lyhytkurssi\/wp-content\/uploads\/sites\/75\/2023\/07\/kurssikokonaisuus.png","type":"","width":"","height":""}],"twitter_card":"summary_large_image","twitter_misc":{"Arvioitu lukuaika":"2 minuuttia"},"schema":{"@context":"https:\/\/schema.org","@graph":[{"@type":"WebPage","@id":"https:\/\/help.jamk.fi\/lyhytkurssi\/fi\/kurssitietojen-yllapito\/kurssikokonaisuus-opintopolku\/","url":"https:\/\/help.jamk.fi\/lyhytkurssi\/fi\/kurssitietojen-yllapito\/kurssikokonaisuus-opintopolku\/","name":"Kurssikokonaisuus (v\u00e4yl\u00e4opinnot) - Lyhytkurssi","isPartOf":{"@id":"https:\/\/help.jamk.fi\/lyhytkurssi\/#website"},"primaryImageOfPage":{"@id":"https:\/\/help.jamk.fi\/lyhytkurssi\/fi\/kurssitietojen-yllapito\/kurssikokonaisuus-opintopolku\/#primaryimage"},"image":{"@id":"https:\/\/help.jamk.fi\/lyhytkurssi\/fi\/kurssitietojen-yllapito\/kurssikokonaisuus-opintopolku\/#primaryimage"},"thumbnailUrl":"https:\/\/help.jamk.fi\/lyhytkurssi\/wp-content\/uploads\/sites\/75\/2023\/07\/kurssikokonaisuus.png","datePublished":"2013-05-24T04:26:52+00:00","dateModified":"2024-11-04T08:50:31+00:00","breadcrumb":{"@id":"https:\/\/help.jamk.fi\/lyhytkurssi\/fi\/kurssitietojen-yllapito\/kurssikokonaisuus-opintopolku\/#breadcrumb"},"inLanguage":"fi","potentialAction":[{"@type":"ReadAction","target":["https:\/\/help.jamk.fi\/lyhytkurssi\/fi\/kurssitietojen-yllapito\/kurssikokonaisuus-opintopolku\/"]}]},{"@type":"ImageObject","inLanguage":"fi","@id":"https:\/\/help.jamk.fi\/lyhytkurssi\/fi\/kurssitietojen-yllapito\/kurssikokonaisuus-opintopolku\/#primaryimage","url":"https:\/\/help.jamk.fi\/lyhytkurssi\/wp-content\/uploads\/sites\/75\/2023\/07\/kurssikokonaisuus.png","contentUrl":"https:\/\/help.jamk.fi\/lyhytkurssi\/wp-content\/uploads\/sites\/75\/2023\/07\/kurssikokonaisuus.png"},{"@type":"BreadcrumbList","@id":"https:\/\/help.jamk.fi\/lyhytkurssi\/fi\/kurssitietojen-yllapito\/kurssikokonaisuus-opintopolku\/#breadcrumb","itemListElement":[{"@type":"ListItem","position":1,"name":"Etusivu","item":"https:\/\/help.jamk.fi\/lyhytkurssi\/fi\/"},{"@type":"ListItem","position":2,"name":"Kurssitietojen yll\u00e4pito","item":"https:\/\/help.jamk.fi\/lyhytkurssi\/fi\/kurssitietojen-yllapito\/"},{"@type":"ListItem","position":3,"name":"Kurssikokonaisuus (v\u00e4yl\u00e4opinnot)"}]},{"@type":"WebSite","@id":"https:\/\/help.jamk.fi\/lyhytkurssi\/#website","url":"https:\/\/help.jamk.fi\/lyhytkurssi\/","name":"Lyhytkurssi","description":"","potentialAction":[{"@type":"SearchAction","target":{"@type":"EntryPoint","urlTemplate":"https:\/\/help.jamk.fi\/lyhytkurssi\/?s={search_term_string}"},"query-input":{"@type":"PropertyValueSpecification","valueRequired":true,"valueName":"search_term_string"}}],"inLanguage":"fi"}]}},"_links":{"self":[{"href":"https:\/\/help.jamk.fi\/lyhytkurssi\/wp-json\/wp\/v2\/pages\/702","targetHints":{"allow":["GET"]}}],"collection":[{"href":"https:\/\/help.jamk.fi\/lyhytkurssi\/wp-json\/wp\/v2\/pages"}],"about":[{"href":"https:\/\/help.jamk.fi\/lyhytkurssi\/wp-json\/wp\/v2\/types\/page"}],"author":[{"embeddable":true,"href":"https:\/\/help.jamk.fi\/lyhytkurssi\/wp-json\/wp\/v2\/users\/79"}],"replies":[{"embeddable":true,"href":"https:\/\/help.jamk.fi\/lyhytkurssi\/wp-json\/wp\/v2\/comments?post=702"}],"version-history":[{"count":5,"href":"https:\/\/help.jamk.fi\/lyhytkurssi\/wp-json\/wp\/v2\/pages\/702\/revisions"}],"predecessor-version":[{"id":1878,"href":"https:\/\/help.jamk.fi\/lyhytkurssi\/wp-json\/wp\/v2\/pages\/702\/revisions\/1878"}],"up":[{"embeddable":true,"href":"https:\/\/help.jamk.fi\/lyhytkurssi\/wp-json\/wp\/v2\/pages\/179"}],"wp:attachment":[{"href":"https:\/\/help.jamk.fi\/lyhytkurssi\/wp-json\/wp\/v2\/media?parent=702"}],"wp:term":[{"taxonomy":"category","embeddable":true,"href":"https:\/\/help.jamk.fi\/lyhytkurssi\/wp-json\/wp\/v2\/categories?post=702"},{"taxonomy":"post_tag","embeddable":true,"href":"https:\/\/help.jamk.fi\/lyhytkurssi\/wp-json\/wp\/v2\/tags?post=702"}],"curies":[{"name":"wp","href":"https:\/\/api.w.org\/{rel}","templated":true}]}}