{"id":720,"date":"2013-06-27T10:39:27","date_gmt":"2013-06-27T07:39:27","guid":{"rendered":"https:\/\/help.jamk.fi\/lyhytkurssi\/kurssitietojen-yllapito\/kurssin-jatai-kurssi-ilmoittautumisen-peruuttaminen\/"},"modified":"2024-11-04T11:08:15","modified_gmt":"2024-11-04T09:08:15","slug":"kurssin-jatai-kurssi-ilmoittautumisen-peruuttaminen","status":"publish","type":"page","link":"https:\/\/help.jamk.fi\/lyhytkurssi\/fi\/kurssitietojen-yllapito\/kurssin-jatai-kurssi-ilmoittautumisen-peruuttaminen\/","title":{"rendered":"Kurssin ja\/tai kurssi-ilmoittautumisen peruutus"},"content":{"rendered":"\n<p>Voit peruuttaa kurssin p\u00e4\u00e4valikon Peruutukset -kohdasta (kuvio 1).<\/p>\n\n\n\n<figure class=\"wp-block-image\"><img decoding=\"async\" src=\"https:\/\/help.jamk.fi\/lyhytkurssi\/wp-content\/uploads\/sites\/75\/2023\/07\/peruutukset11.png\" alt=\"\" class=\"wp-image-612\"\/><figcaption class=\"wp-element-caption\">Kuvio 1. Peruutukset-valikko<\/figcaption><\/figure>\n\n\n\n<p>Etsi kurssi kirjoittamalla esim. kurssin nimi Vapaa tekstihaku -kentt\u00e4\u00e4n (kuvio 2).&nbsp;Klikkaa kurssin nimilinkki\u00e4.<\/p>\n\n\n\n<figure class=\"wp-block-image\"><img decoding=\"async\" src=\"https:\/\/help.jamk.fi\/lyhytkurssi\/wp-content\/uploads\/sites\/75\/2023\/07\/peruutukset21.png\" alt=\"\" class=\"wp-image-614\"\/><figcaption class=\"wp-element-caption\">Kuvio 2. Kurssin etsiminen vapaalla tekstihaulla<\/figcaption><\/figure>\n\n\n\n<p class=\"is-style-default\"><\/p>\n\n\n  <div id=\"notice-box-block_0337c3d8678a4028c0cf9f818f5163d7\" class=\"block-notice-box block-notice-box\">\n    \n    <p>Peruuta koko kurssi -toiminnolla voit yhdell\u00e4 kertaa perua sek\u00e4\u00a0kurssin\u00a0ett\u00e4 kaikki kurssille ilmoittautuneet (kuvio 3).<\/p>\n\n      <\/div>\n\n\n\n<p>Voit my\u00f6s perua pelk\u00e4st\u00e4\u00e4n valitut kurssi-ilmoittautumiset ja halutessasi my\u00f6s l\u00e4hett\u00e4\u00e4 ilmoittautuneille s\u00e4hk\u00f6postia.<\/p>\n\n\n\n<figure class=\"wp-block-image\"><img decoding=\"async\" src=\"https:\/\/help.jamk.fi\/lyhytkurssi\/wp-content\/uploads\/sites\/75\/2023\/07\/peruutukset32.png\" alt=\"\" class=\"wp-image-618\"\/><figcaption class=\"wp-element-caption\">Kuvio 3. Peruuta-toiminnon eri vaihtoehdot<\/figcaption><\/figure>\n","protected":false},"excerpt":{"rendered":"<p>Voit peruuttaa kurssin p\u00e4\u00e4valikon Peruutukset -kohdasta (kuvio 1). Etsi kurssi kirjoittamalla esim. kurssin nimi Vapaa tekstihaku -kentt\u00e4\u00e4n (kuvio 2).&nbsp;Klikkaa kurssin nimilinkki\u00e4. Voit my\u00f6s perua pelk\u00e4st\u00e4\u00e4n valitut kurssi-ilmoittautumiset ja halutessasi my\u00f6s l\u00e4hett\u00e4\u00e4 ilmoittautuneille s\u00e4hk\u00f6postia.<\/p>\n","protected":false},"author":79,"featured_media":0,"parent":179,"menu_order":8,"comment_status":"open","ping_status":"open","template":"","meta":{"_acf_changed":false,"_relevanssi_hide_post":"","_relevanssi_hide_content":"","_relevanssi_pin_for_all":"","_relevanssi_pin_keywords":"","_relevanssi_unpin_keywords":"","_relevanssi_related_keywords":"","_relevanssi_related_include_ids":"","_relevanssi_related_exclude_ids":"","_relevanssi_related_no_append":"","_relevanssi_related_not_related":"","_relevanssi_related_posts":"","_relevanssi_noindex_reason":"","footnotes":""},"categories":[],"tags":[],"class_list":["post-720","page","type-page","status-publish","hentry"],"acf":[],"yoast_head":"<!-- This site is optimized with the Yoast SEO plugin v27.3 - https:\/\/yoast.com\/product\/yoast-seo-wordpress\/ -->\n<title>Kurssin ja\/tai kurssi-ilmoittautumisen peruutus - Lyhytkurssi<\/title>\n<meta name=\"robots\" content=\"index, follow, max-snippet:-1, max-image-preview:large, max-video-preview:-1\" \/>\n<link rel=\"canonical\" href=\"https:\/\/help.jamk.fi\/lyhytkurssi\/fi\/kurssitietojen-yllapito\/kurssin-jatai-kurssi-ilmoittautumisen-peruuttaminen\/\" \/>\n<meta property=\"og:locale\" content=\"fi_FI\" \/>\n<meta property=\"og:type\" content=\"article\" \/>\n<meta property=\"og:title\" content=\"Kurssin ja\/tai kurssi-ilmoittautumisen peruutus - Lyhytkurssi\" \/>\n<meta property=\"og:description\" content=\"Voit peruuttaa kurssin p\u00e4\u00e4valikon Peruutukset -kohdasta (kuvio 1). Etsi kurssi kirjoittamalla esim. kurssin nimi Vapaa tekstihaku -kentt\u00e4\u00e4n (kuvio 2).&nbsp;Klikkaa kurssin nimilinkki\u00e4. Voit my\u00f6s perua pelk\u00e4st\u00e4\u00e4n valitut kurssi-ilmoittautumiset ja halutessasi my\u00f6s l\u00e4hett\u00e4\u00e4 ilmoittautuneille s\u00e4hk\u00f6postia.\" \/>\n<meta property=\"og:url\" content=\"https:\/\/help.jamk.fi\/lyhytkurssi\/fi\/kurssitietojen-yllapito\/kurssin-jatai-kurssi-ilmoittautumisen-peruuttaminen\/\" \/>\n<meta property=\"og:site_name\" content=\"Lyhytkurssi\" \/>\n<meta property=\"article:modified_time\" content=\"2024-11-04T09:08:15+00:00\" \/>\n<meta property=\"og:image\" content=\"https:\/\/help.jamk.fi\/lyhytkurssi\/wp-content\/uploads\/sites\/75\/2023\/07\/peruutukset11.png\" \/>\n<meta name=\"twitter:card\" content=\"summary_large_image\" \/>\n<meta name=\"twitter:label1\" content=\"Arvioitu lukuaika\" \/>\n\t<meta name=\"twitter:data1\" content=\"1 minuutti\" \/>\n<script type=\"application\/ld+json\" class=\"yoast-schema-graph\">{\"@context\":\"https:\\\/\\\/schema.org\",\"@graph\":[{\"@type\":\"WebPage\",\"@id\":\"https:\\\/\\\/help.jamk.fi\\\/lyhytkurssi\\\/fi\\\/kurssitietojen-yllapito\\\/kurssin-jatai-kurssi-ilmoittautumisen-peruuttaminen\\\/\",\"url\":\"https:\\\/\\\/help.jamk.fi\\\/lyhytkurssi\\\/fi\\\/kurssitietojen-yllapito\\\/kurssin-jatai-kurssi-ilmoittautumisen-peruuttaminen\\\/\",\"name\":\"Kurssin ja\\\/tai kurssi-ilmoittautumisen peruutus - Lyhytkurssi\",\"isPartOf\":{\"@id\":\"https:\\\/\\\/help.jamk.fi\\\/lyhytkurssi\\\/#website\"},\"primaryImageOfPage\":{\"@id\":\"https:\\\/\\\/help.jamk.fi\\\/lyhytkurssi\\\/fi\\\/kurssitietojen-yllapito\\\/kurssin-jatai-kurssi-ilmoittautumisen-peruuttaminen\\\/#primaryimage\"},\"image\":{\"@id\":\"https:\\\/\\\/help.jamk.fi\\\/lyhytkurssi\\\/fi\\\/kurssitietojen-yllapito\\\/kurssin-jatai-kurssi-ilmoittautumisen-peruuttaminen\\\/#primaryimage\"},\"thumbnailUrl\":\"https:\\\/\\\/help.jamk.fi\\\/lyhytkurssi\\\/wp-content\\\/uploads\\\/sites\\\/75\\\/2023\\\/07\\\/peruutukset11.png\",\"datePublished\":\"2013-06-27T07:39:27+00:00\",\"dateModified\":\"2024-11-04T09:08:15+00:00\",\"breadcrumb\":{\"@id\":\"https:\\\/\\\/help.jamk.fi\\\/lyhytkurssi\\\/fi\\\/kurssitietojen-yllapito\\\/kurssin-jatai-kurssi-ilmoittautumisen-peruuttaminen\\\/#breadcrumb\"},\"inLanguage\":\"fi\",\"potentialAction\":[{\"@type\":\"ReadAction\",\"target\":[\"https:\\\/\\\/help.jamk.fi\\\/lyhytkurssi\\\/fi\\\/kurssitietojen-yllapito\\\/kurssin-jatai-kurssi-ilmoittautumisen-peruuttaminen\\\/\"]}]},{\"@type\":\"ImageObject\",\"inLanguage\":\"fi\",\"@id\":\"https:\\\/\\\/help.jamk.fi\\\/lyhytkurssi\\\/fi\\\/kurssitietojen-yllapito\\\/kurssin-jatai-kurssi-ilmoittautumisen-peruuttaminen\\\/#primaryimage\",\"url\":\"https:\\\/\\\/help.jamk.fi\\\/lyhytkurssi\\\/wp-content\\\/uploads\\\/sites\\\/75\\\/2023\\\/07\\\/peruutukset11.png\",\"contentUrl\":\"https:\\\/\\\/help.jamk.fi\\\/lyhytkurssi\\\/wp-content\\\/uploads\\\/sites\\\/75\\\/2023\\\/07\\\/peruutukset11.png\"},{\"@type\":\"BreadcrumbList\",\"@id\":\"https:\\\/\\\/help.jamk.fi\\\/lyhytkurssi\\\/fi\\\/kurssitietojen-yllapito\\\/kurssin-jatai-kurssi-ilmoittautumisen-peruuttaminen\\\/#breadcrumb\",\"itemListElement\":[{\"@type\":\"ListItem\",\"position\":1,\"name\":\"Etusivu\",\"item\":\"https:\\\/\\\/help.jamk.fi\\\/lyhytkurssi\\\/fi\\\/\"},{\"@type\":\"ListItem\",\"position\":2,\"name\":\"Kurssitietojen yll\u00e4pito\",\"item\":\"https:\\\/\\\/help.jamk.fi\\\/lyhytkurssi\\\/fi\\\/kurssitietojen-yllapito\\\/\"},{\"@type\":\"ListItem\",\"position\":3,\"name\":\"Kurssin ja\\\/tai kurssi-ilmoittautumisen peruutus\"}]},{\"@type\":\"WebSite\",\"@id\":\"https:\\\/\\\/help.jamk.fi\\\/lyhytkurssi\\\/#website\",\"url\":\"https:\\\/\\\/help.jamk.fi\\\/lyhytkurssi\\\/\",\"name\":\"Lyhytkurssi\",\"description\":\"\",\"potentialAction\":[{\"@type\":\"SearchAction\",\"target\":{\"@type\":\"EntryPoint\",\"urlTemplate\":\"https:\\\/\\\/help.jamk.fi\\\/lyhytkurssi\\\/?s={search_term_string}\"},\"query-input\":{\"@type\":\"PropertyValueSpecification\",\"valueRequired\":true,\"valueName\":\"search_term_string\"}}],\"inLanguage\":\"fi\"}]}<\/script>\n<!-- \/ Yoast SEO plugin. -->","yoast_head_json":{"title":"Kurssin ja\/tai kurssi-ilmoittautumisen peruutus - Lyhytkurssi","robots":{"index":"index","follow":"follow","max-snippet":"max-snippet:-1","max-image-preview":"max-image-preview:large","max-video-preview":"max-video-preview:-1"},"canonical":"https:\/\/help.jamk.fi\/lyhytkurssi\/fi\/kurssitietojen-yllapito\/kurssin-jatai-kurssi-ilmoittautumisen-peruuttaminen\/","og_locale":"fi_FI","og_type":"article","og_title":"Kurssin ja\/tai kurssi-ilmoittautumisen peruutus - Lyhytkurssi","og_description":"Voit peruuttaa kurssin p\u00e4\u00e4valikon Peruutukset -kohdasta (kuvio 1). Etsi kurssi kirjoittamalla esim. kurssin nimi Vapaa tekstihaku -kentt\u00e4\u00e4n (kuvio 2).&nbsp;Klikkaa kurssin nimilinkki\u00e4. Voit my\u00f6s perua pelk\u00e4st\u00e4\u00e4n valitut kurssi-ilmoittautumiset ja halutessasi my\u00f6s l\u00e4hett\u00e4\u00e4 ilmoittautuneille s\u00e4hk\u00f6postia.","og_url":"https:\/\/help.jamk.fi\/lyhytkurssi\/fi\/kurssitietojen-yllapito\/kurssin-jatai-kurssi-ilmoittautumisen-peruuttaminen\/","og_site_name":"Lyhytkurssi","article_modified_time":"2024-11-04T09:08:15+00:00","og_image":[{"url":"https:\/\/help.jamk.fi\/lyhytkurssi\/wp-content\/uploads\/sites\/75\/2023\/07\/peruutukset11.png","type":"","width":"","height":""}],"twitter_card":"summary_large_image","twitter_misc":{"Arvioitu lukuaika":"1 minuutti"},"schema":{"@context":"https:\/\/schema.org","@graph":[{"@type":"WebPage","@id":"https:\/\/help.jamk.fi\/lyhytkurssi\/fi\/kurssitietojen-yllapito\/kurssin-jatai-kurssi-ilmoittautumisen-peruuttaminen\/","url":"https:\/\/help.jamk.fi\/lyhytkurssi\/fi\/kurssitietojen-yllapito\/kurssin-jatai-kurssi-ilmoittautumisen-peruuttaminen\/","name":"Kurssin ja\/tai kurssi-ilmoittautumisen peruutus - Lyhytkurssi","isPartOf":{"@id":"https:\/\/help.jamk.fi\/lyhytkurssi\/#website"},"primaryImageOfPage":{"@id":"https:\/\/help.jamk.fi\/lyhytkurssi\/fi\/kurssitietojen-yllapito\/kurssin-jatai-kurssi-ilmoittautumisen-peruuttaminen\/#primaryimage"},"image":{"@id":"https:\/\/help.jamk.fi\/lyhytkurssi\/fi\/kurssitietojen-yllapito\/kurssin-jatai-kurssi-ilmoittautumisen-peruuttaminen\/#primaryimage"},"thumbnailUrl":"https:\/\/help.jamk.fi\/lyhytkurssi\/wp-content\/uploads\/sites\/75\/2023\/07\/peruutukset11.png","datePublished":"2013-06-27T07:39:27+00:00","dateModified":"2024-11-04T09:08:15+00:00","breadcrumb":{"@id":"https:\/\/help.jamk.fi\/lyhytkurssi\/fi\/kurssitietojen-yllapito\/kurssin-jatai-kurssi-ilmoittautumisen-peruuttaminen\/#breadcrumb"},"inLanguage":"fi","potentialAction":[{"@type":"ReadAction","target":["https:\/\/help.jamk.fi\/lyhytkurssi\/fi\/kurssitietojen-yllapito\/kurssin-jatai-kurssi-ilmoittautumisen-peruuttaminen\/"]}]},{"@type":"ImageObject","inLanguage":"fi","@id":"https:\/\/help.jamk.fi\/lyhytkurssi\/fi\/kurssitietojen-yllapito\/kurssin-jatai-kurssi-ilmoittautumisen-peruuttaminen\/#primaryimage","url":"https:\/\/help.jamk.fi\/lyhytkurssi\/wp-content\/uploads\/sites\/75\/2023\/07\/peruutukset11.png","contentUrl":"https:\/\/help.jamk.fi\/lyhytkurssi\/wp-content\/uploads\/sites\/75\/2023\/07\/peruutukset11.png"},{"@type":"BreadcrumbList","@id":"https:\/\/help.jamk.fi\/lyhytkurssi\/fi\/kurssitietojen-yllapito\/kurssin-jatai-kurssi-ilmoittautumisen-peruuttaminen\/#breadcrumb","itemListElement":[{"@type":"ListItem","position":1,"name":"Etusivu","item":"https:\/\/help.jamk.fi\/lyhytkurssi\/fi\/"},{"@type":"ListItem","position":2,"name":"Kurssitietojen yll\u00e4pito","item":"https:\/\/help.jamk.fi\/lyhytkurssi\/fi\/kurssitietojen-yllapito\/"},{"@type":"ListItem","position":3,"name":"Kurssin ja\/tai kurssi-ilmoittautumisen peruutus"}]},{"@type":"WebSite","@id":"https:\/\/help.jamk.fi\/lyhytkurssi\/#website","url":"https:\/\/help.jamk.fi\/lyhytkurssi\/","name":"Lyhytkurssi","description":"","potentialAction":[{"@type":"SearchAction","target":{"@type":"EntryPoint","urlTemplate":"https:\/\/help.jamk.fi\/lyhytkurssi\/?s={search_term_string}"},"query-input":{"@type":"PropertyValueSpecification","valueRequired":true,"valueName":"search_term_string"}}],"inLanguage":"fi"}]}},"_links":{"self":[{"href":"https:\/\/help.jamk.fi\/lyhytkurssi\/wp-json\/wp\/v2\/pages\/720","targetHints":{"allow":["GET"]}}],"collection":[{"href":"https:\/\/help.jamk.fi\/lyhytkurssi\/wp-json\/wp\/v2\/pages"}],"about":[{"href":"https:\/\/help.jamk.fi\/lyhytkurssi\/wp-json\/wp\/v2\/types\/page"}],"author":[{"embeddable":true,"href":"https:\/\/help.jamk.fi\/lyhytkurssi\/wp-json\/wp\/v2\/users\/79"}],"replies":[{"embeddable":true,"href":"https:\/\/help.jamk.fi\/lyhytkurssi\/wp-json\/wp\/v2\/comments?post=720"}],"version-history":[{"count":7,"href":"https:\/\/help.jamk.fi\/lyhytkurssi\/wp-json\/wp\/v2\/pages\/720\/revisions"}],"predecessor-version":[{"id":1886,"href":"https:\/\/help.jamk.fi\/lyhytkurssi\/wp-json\/wp\/v2\/pages\/720\/revisions\/1886"}],"up":[{"embeddable":true,"href":"https:\/\/help.jamk.fi\/lyhytkurssi\/wp-json\/wp\/v2\/pages\/179"}],"wp:attachment":[{"href":"https:\/\/help.jamk.fi\/lyhytkurssi\/wp-json\/wp\/v2\/media?parent=720"}],"wp:term":[{"taxonomy":"category","embeddable":true,"href":"https:\/\/help.jamk.fi\/lyhytkurssi\/wp-json\/wp\/v2\/categories?post=720"},{"taxonomy":"post_tag","embeddable":true,"href":"https:\/\/help.jamk.fi\/lyhytkurssi\/wp-json\/wp\/v2\/tags?post=720"}],"curies":[{"name":"wp","href":"https:\/\/api.w.org\/{rel}","templated":true}]}}