{"id":756,"date":"2013-08-15T07:59:34","date_gmt":"2013-08-15T04:59:34","guid":{"rendered":"https:\/\/help.jamk.fi\/lyhytkurssi\/listaukset-ja-raportit\/listaus-verkkomaksuista\/"},"modified":"2024-11-04T13:27:57","modified_gmt":"2024-11-04T11:27:57","slug":"listaus-verkkomaksuista","status":"publish","type":"page","link":"https:\/\/help.jamk.fi\/lyhytkurssi\/fi\/listaukset-ja-raportit\/listaus-verkkomaksuista\/","title":{"rendered":"Listaus verkkomaksuista"},"content":{"rendered":"\n<p>Voit saada listauksen kaikista verkossa maksetuista maksuista seuraavasti:<\/p>\n\n\n\n<ul class=\"wp-block-list\">\n<li>Valitse kohdan Myynnit ja suoritukset alta Laskutus- ja myyntisaamislistaukset.<\/li>\n<\/ul>\n\n\n\n<ul class=\"wp-block-list\">\n<li>Valitse listausta varten aikav\u00e4li, jolta listauksen maksuista haluat saada, raportiksi verkkomaksut sek\u00e4 tuoterooliksi myyntituote (kuvio 1).<\/li>\n<\/ul>\n\n\n\n<figure class=\"wp-block-image\"><img decoding=\"async\" src=\"https:\/\/help.jamk.fi\/lyhytkurssi\/wp-content\/uploads\/sites\/75\/2023\/07\/verkkomaksut1.png\" alt=\"\" class=\"wp-image-627\"\/><figcaption class=\"wp-element-caption\">Kuvio 1. Laskutus- ja myyntisaamislistauksen tietoikkuna<\/figcaption><\/figure>\n\n\n\n<p><\/p>\n\n\n\n<ul class=\"wp-block-list\">\n<li>Klikkaa Muodosta raportti -painiketta. Raportti aukeaa sivun alaosaan (kuvio 2).<\/li>\n<\/ul>\n\n\n\n<figure class=\"wp-block-image\"><img decoding=\"async\" src=\"https:\/\/help.jamk.fi\/lyhytkurssi\/wp-content\/uploads\/sites\/75\/2023\/07\/verkkomaksut21.png\" alt=\"\" class=\"wp-image-629\"\/><figcaption class=\"wp-element-caption\">Kuvio 2. Verkkomaksuraportti<\/figcaption><\/figure>\n\n\n\n<ul class=\"wp-block-list\">\n<li>Voit lajitella tulosta esim. p\u00e4iv\u00e4m\u00e4\u00e4r\u00e4n tai kurssitunnuksen mukaan klikkaamalla ko. otsikkoteksti\u00e4.<\/li>\n<\/ul>\n\n\n\n<ul class=\"wp-block-list\">\n<li>Jos taulukon Varausnro-sarake on tyhj\u00e4, ei kurssivarausta ole hyv\u00e4ksytty. T\u00e4m\u00e4n sarakkeen avulla voit etsi\u00e4 esim. sellaiset henkil\u00f6t, jotka ovat maksaneet maksun, mutta eiv\u00e4t jostain syyst\u00e4 ole tulossa kurssille (heid\u00e4t on hyl\u00e4tty tai ovat itse peruuttaneet tulonsa). Ilmoittautumisten k\u00e4sittelyss\u00e4 t\u00e4llaiset henkil\u00f6t tulee siis siirt\u00e4\u00e4 ensin hyl\u00e4tyiksi tai peruuttaneiksi.<\/li>\n<\/ul>\n\n\n\n<ul class=\"wp-block-list\">\n<li>Voit saada listauksen my\u00f6s tulostettavaan muotoon.<\/li>\n<\/ul>\n","protected":false},"excerpt":{"rendered":"<p>Voit saada listauksen kaikista verkossa maksetuista maksuista seuraavasti:<\/p>\n","protected":false},"author":79,"featured_media":0,"parent":170,"menu_order":7,"comment_status":"open","ping_status":"open","template":"","meta":{"_acf_changed":false,"_relevanssi_hide_post":"","_relevanssi_hide_content":"","_relevanssi_pin_for_all":"","_relevanssi_pin_keywords":"","_relevanssi_unpin_keywords":"","_relevanssi_related_keywords":"","_relevanssi_related_include_ids":"","_relevanssi_related_exclude_ids":"","_relevanssi_related_no_append":"","_relevanssi_related_not_related":"","_relevanssi_related_posts":"","_relevanssi_noindex_reason":"","footnotes":""},"categories":[],"tags":[],"class_list":["post-756","page","type-page","status-publish","hentry"],"acf":[],"yoast_head":"<!-- This site is optimized with the Yoast SEO plugin v27.3 - https:\/\/yoast.com\/product\/yoast-seo-wordpress\/ -->\n<title>Listaus verkkomaksuista - Lyhytkurssi<\/title>\n<meta name=\"robots\" content=\"index, follow, max-snippet:-1, max-image-preview:large, max-video-preview:-1\" \/>\n<link rel=\"canonical\" href=\"https:\/\/help.jamk.fi\/lyhytkurssi\/fi\/listaukset-ja-raportit\/listaus-verkkomaksuista\/\" \/>\n<meta property=\"og:locale\" content=\"fi_FI\" \/>\n<meta property=\"og:type\" content=\"article\" \/>\n<meta property=\"og:title\" content=\"Listaus verkkomaksuista - Lyhytkurssi\" \/>\n<meta property=\"og:description\" content=\"Voit saada listauksen kaikista verkossa maksetuista maksuista seuraavasti:\" \/>\n<meta property=\"og:url\" content=\"https:\/\/help.jamk.fi\/lyhytkurssi\/fi\/listaukset-ja-raportit\/listaus-verkkomaksuista\/\" \/>\n<meta property=\"og:site_name\" content=\"Lyhytkurssi\" \/>\n<meta property=\"article:modified_time\" content=\"2024-11-04T11:27:57+00:00\" \/>\n<meta property=\"og:image\" content=\"https:\/\/help.jamk.fi\/lyhytkurssi\/wp-content\/uploads\/sites\/75\/2023\/07\/verkkomaksut1.png\" \/>\n<meta name=\"twitter:card\" content=\"summary_large_image\" \/>\n<meta name=\"twitter:label1\" content=\"Arvioitu lukuaika\" \/>\n\t<meta name=\"twitter:data1\" content=\"2 minuuttia\" \/>\n<script type=\"application\/ld+json\" class=\"yoast-schema-graph\">{\"@context\":\"https:\\\/\\\/schema.org\",\"@graph\":[{\"@type\":\"WebPage\",\"@id\":\"https:\\\/\\\/help.jamk.fi\\\/lyhytkurssi\\\/fi\\\/listaukset-ja-raportit\\\/listaus-verkkomaksuista\\\/\",\"url\":\"https:\\\/\\\/help.jamk.fi\\\/lyhytkurssi\\\/fi\\\/listaukset-ja-raportit\\\/listaus-verkkomaksuista\\\/\",\"name\":\"Listaus verkkomaksuista - Lyhytkurssi\",\"isPartOf\":{\"@id\":\"https:\\\/\\\/help.jamk.fi\\\/lyhytkurssi\\\/#website\"},\"primaryImageOfPage\":{\"@id\":\"https:\\\/\\\/help.jamk.fi\\\/lyhytkurssi\\\/fi\\\/listaukset-ja-raportit\\\/listaus-verkkomaksuista\\\/#primaryimage\"},\"image\":{\"@id\":\"https:\\\/\\\/help.jamk.fi\\\/lyhytkurssi\\\/fi\\\/listaukset-ja-raportit\\\/listaus-verkkomaksuista\\\/#primaryimage\"},\"thumbnailUrl\":\"https:\\\/\\\/help.jamk.fi\\\/lyhytkurssi\\\/wp-content\\\/uploads\\\/sites\\\/75\\\/2023\\\/07\\\/verkkomaksut1.png\",\"datePublished\":\"2013-08-15T04:59:34+00:00\",\"dateModified\":\"2024-11-04T11:27:57+00:00\",\"breadcrumb\":{\"@id\":\"https:\\\/\\\/help.jamk.fi\\\/lyhytkurssi\\\/fi\\\/listaukset-ja-raportit\\\/listaus-verkkomaksuista\\\/#breadcrumb\"},\"inLanguage\":\"fi\",\"potentialAction\":[{\"@type\":\"ReadAction\",\"target\":[\"https:\\\/\\\/help.jamk.fi\\\/lyhytkurssi\\\/fi\\\/listaukset-ja-raportit\\\/listaus-verkkomaksuista\\\/\"]}]},{\"@type\":\"ImageObject\",\"inLanguage\":\"fi\",\"@id\":\"https:\\\/\\\/help.jamk.fi\\\/lyhytkurssi\\\/fi\\\/listaukset-ja-raportit\\\/listaus-verkkomaksuista\\\/#primaryimage\",\"url\":\"https:\\\/\\\/help.jamk.fi\\\/lyhytkurssi\\\/wp-content\\\/uploads\\\/sites\\\/75\\\/2023\\\/07\\\/verkkomaksut1.png\",\"contentUrl\":\"https:\\\/\\\/help.jamk.fi\\\/lyhytkurssi\\\/wp-content\\\/uploads\\\/sites\\\/75\\\/2023\\\/07\\\/verkkomaksut1.png\"},{\"@type\":\"BreadcrumbList\",\"@id\":\"https:\\\/\\\/help.jamk.fi\\\/lyhytkurssi\\\/fi\\\/listaukset-ja-raportit\\\/listaus-verkkomaksuista\\\/#breadcrumb\",\"itemListElement\":[{\"@type\":\"ListItem\",\"position\":1,\"name\":\"Etusivu\",\"item\":\"https:\\\/\\\/help.jamk.fi\\\/lyhytkurssi\\\/fi\\\/\"},{\"@type\":\"ListItem\",\"position\":2,\"name\":\"Listaukset ja raportit\",\"item\":\"https:\\\/\\\/help.jamk.fi\\\/lyhytkurssi\\\/fi\\\/listaukset-ja-raportit\\\/\"},{\"@type\":\"ListItem\",\"position\":3,\"name\":\"Listaus verkkomaksuista\"}]},{\"@type\":\"WebSite\",\"@id\":\"https:\\\/\\\/help.jamk.fi\\\/lyhytkurssi\\\/#website\",\"url\":\"https:\\\/\\\/help.jamk.fi\\\/lyhytkurssi\\\/\",\"name\":\"Lyhytkurssi\",\"description\":\"\",\"potentialAction\":[{\"@type\":\"SearchAction\",\"target\":{\"@type\":\"EntryPoint\",\"urlTemplate\":\"https:\\\/\\\/help.jamk.fi\\\/lyhytkurssi\\\/?s={search_term_string}\"},\"query-input\":{\"@type\":\"PropertyValueSpecification\",\"valueRequired\":true,\"valueName\":\"search_term_string\"}}],\"inLanguage\":\"fi\"}]}<\/script>\n<!-- \/ Yoast SEO plugin. -->","yoast_head_json":{"title":"Listaus verkkomaksuista - Lyhytkurssi","robots":{"index":"index","follow":"follow","max-snippet":"max-snippet:-1","max-image-preview":"max-image-preview:large","max-video-preview":"max-video-preview:-1"},"canonical":"https:\/\/help.jamk.fi\/lyhytkurssi\/fi\/listaukset-ja-raportit\/listaus-verkkomaksuista\/","og_locale":"fi_FI","og_type":"article","og_title":"Listaus verkkomaksuista - Lyhytkurssi","og_description":"Voit saada listauksen kaikista verkossa maksetuista maksuista seuraavasti:","og_url":"https:\/\/help.jamk.fi\/lyhytkurssi\/fi\/listaukset-ja-raportit\/listaus-verkkomaksuista\/","og_site_name":"Lyhytkurssi","article_modified_time":"2024-11-04T11:27:57+00:00","og_image":[{"url":"https:\/\/help.jamk.fi\/lyhytkurssi\/wp-content\/uploads\/sites\/75\/2023\/07\/verkkomaksut1.png","type":"","width":"","height":""}],"twitter_card":"summary_large_image","twitter_misc":{"Arvioitu lukuaika":"2 minuuttia"},"schema":{"@context":"https:\/\/schema.org","@graph":[{"@type":"WebPage","@id":"https:\/\/help.jamk.fi\/lyhytkurssi\/fi\/listaukset-ja-raportit\/listaus-verkkomaksuista\/","url":"https:\/\/help.jamk.fi\/lyhytkurssi\/fi\/listaukset-ja-raportit\/listaus-verkkomaksuista\/","name":"Listaus verkkomaksuista - Lyhytkurssi","isPartOf":{"@id":"https:\/\/help.jamk.fi\/lyhytkurssi\/#website"},"primaryImageOfPage":{"@id":"https:\/\/help.jamk.fi\/lyhytkurssi\/fi\/listaukset-ja-raportit\/listaus-verkkomaksuista\/#primaryimage"},"image":{"@id":"https:\/\/help.jamk.fi\/lyhytkurssi\/fi\/listaukset-ja-raportit\/listaus-verkkomaksuista\/#primaryimage"},"thumbnailUrl":"https:\/\/help.jamk.fi\/lyhytkurssi\/wp-content\/uploads\/sites\/75\/2023\/07\/verkkomaksut1.png","datePublished":"2013-08-15T04:59:34+00:00","dateModified":"2024-11-04T11:27:57+00:00","breadcrumb":{"@id":"https:\/\/help.jamk.fi\/lyhytkurssi\/fi\/listaukset-ja-raportit\/listaus-verkkomaksuista\/#breadcrumb"},"inLanguage":"fi","potentialAction":[{"@type":"ReadAction","target":["https:\/\/help.jamk.fi\/lyhytkurssi\/fi\/listaukset-ja-raportit\/listaus-verkkomaksuista\/"]}]},{"@type":"ImageObject","inLanguage":"fi","@id":"https:\/\/help.jamk.fi\/lyhytkurssi\/fi\/listaukset-ja-raportit\/listaus-verkkomaksuista\/#primaryimage","url":"https:\/\/help.jamk.fi\/lyhytkurssi\/wp-content\/uploads\/sites\/75\/2023\/07\/verkkomaksut1.png","contentUrl":"https:\/\/help.jamk.fi\/lyhytkurssi\/wp-content\/uploads\/sites\/75\/2023\/07\/verkkomaksut1.png"},{"@type":"BreadcrumbList","@id":"https:\/\/help.jamk.fi\/lyhytkurssi\/fi\/listaukset-ja-raportit\/listaus-verkkomaksuista\/#breadcrumb","itemListElement":[{"@type":"ListItem","position":1,"name":"Etusivu","item":"https:\/\/help.jamk.fi\/lyhytkurssi\/fi\/"},{"@type":"ListItem","position":2,"name":"Listaukset ja raportit","item":"https:\/\/help.jamk.fi\/lyhytkurssi\/fi\/listaukset-ja-raportit\/"},{"@type":"ListItem","position":3,"name":"Listaus verkkomaksuista"}]},{"@type":"WebSite","@id":"https:\/\/help.jamk.fi\/lyhytkurssi\/#website","url":"https:\/\/help.jamk.fi\/lyhytkurssi\/","name":"Lyhytkurssi","description":"","potentialAction":[{"@type":"SearchAction","target":{"@type":"EntryPoint","urlTemplate":"https:\/\/help.jamk.fi\/lyhytkurssi\/?s={search_term_string}"},"query-input":{"@type":"PropertyValueSpecification","valueRequired":true,"valueName":"search_term_string"}}],"inLanguage":"fi"}]}},"_links":{"self":[{"href":"https:\/\/help.jamk.fi\/lyhytkurssi\/wp-json\/wp\/v2\/pages\/756","targetHints":{"allow":["GET"]}}],"collection":[{"href":"https:\/\/help.jamk.fi\/lyhytkurssi\/wp-json\/wp\/v2\/pages"}],"about":[{"href":"https:\/\/help.jamk.fi\/lyhytkurssi\/wp-json\/wp\/v2\/types\/page"}],"author":[{"embeddable":true,"href":"https:\/\/help.jamk.fi\/lyhytkurssi\/wp-json\/wp\/v2\/users\/79"}],"replies":[{"embeddable":true,"href":"https:\/\/help.jamk.fi\/lyhytkurssi\/wp-json\/wp\/v2\/comments?post=756"}],"version-history":[{"count":5,"href":"https:\/\/help.jamk.fi\/lyhytkurssi\/wp-json\/wp\/v2\/pages\/756\/revisions"}],"predecessor-version":[{"id":1911,"href":"https:\/\/help.jamk.fi\/lyhytkurssi\/wp-json\/wp\/v2\/pages\/756\/revisions\/1911"}],"up":[{"embeddable":true,"href":"https:\/\/help.jamk.fi\/lyhytkurssi\/wp-json\/wp\/v2\/pages\/170"}],"wp:attachment":[{"href":"https:\/\/help.jamk.fi\/lyhytkurssi\/wp-json\/wp\/v2\/media?parent=756"}],"wp:term":[{"taxonomy":"category","embeddable":true,"href":"https:\/\/help.jamk.fi\/lyhytkurssi\/wp-json\/wp\/v2\/categories?post=756"},{"taxonomy":"post_tag","embeddable":true,"href":"https:\/\/help.jamk.fi\/lyhytkurssi\/wp-json\/wp\/v2\/tags?post=756"}],"curies":[{"name":"wp","href":"https:\/\/api.w.org\/{rel}","templated":true}]}}