{"id":780,"date":"2014-09-05T10:27:14","date_gmt":"2014-09-05T07:27:14","guid":{"rendered":"https:\/\/help.jamk.fi\/lyhytkurssi\/viestinta\/sahkopostin-lahettaminen-kurssivarauslitauksen-kautta\/"},"modified":"2024-11-04T13:14:54","modified_gmt":"2024-11-04T11:14:54","slug":"sahkopostin-lahettaminen-kurssivarauslistauksen-kautta","status":"publish","type":"page","link":"https:\/\/help.jamk.fi\/lyhytkurssi\/fi\/viestinta\/sahkopostin-lahettaminen-kurssivarauslistauksen-kautta\/","title":{"rendered":"S\u00e4hk\u00f6postin l\u00e4hett\u00e4minen kurssivarauslistauksen kautta"},"content":{"rendered":"\n<p>Voit l\u00e4hett\u00e4\u00e4 s\u00e4hk\u00f6postia opiskelijoille my\u00f6s kurssivarauslistauksen kautta. T\u00e4m\u00e4 mahdollista s\u00e4hk\u00f6postin l\u00e4hett\u00e4misen useamman kuin yhden kurssin osallistujille, esim. markkinointitarkoituksessa. Ole huolellinen markkinointiestojen kanssa!<\/p>\n\n\n\n<p>Toimi n\u00e4in:<\/p>\n\n\n\n<ol class=\"wp-block-list\">\n<li>Valitse Listaukset, raportit -> Kurssivarauslistaukset<\/li>\n\n\n\n<li>Ensimm\u00e4isess\u00e4 n\u00e4kym\u00e4ss\u00e4 m\u00e4\u00e4ritell\u00e4\u00e4n kurssit, joiden osallistujia ollaan hakemassa (kuvio 1). Valitse sen mukaan\n<ul class=\"wp-block-list\">\n<li>Aikav\u00e4li<\/li>\n\n\n\n<li>Navigaatio\/kurssi<\/li>\n\n\n\n<li>Kurssiryhm\u00e4\/kurssi<\/li>\n<\/ul>\n<\/li>\n\n\n\n<li>Valintojen j\u00e4lkeen klikkaa Yksitt\u00e4isten kurssien valinta -painiketta.<\/li>\n\n\n\n<li>Nyt sinulle avautuu kaikki ne kurssit, jotka osuvat edell\u00e4 tekemiesi valintojen kohteeksi.<\/li>\n\n\n\n<li>Valitse n\u00e4ist\u00e4 kursseista ne, joiden henkil\u00f6ille haluat l\u00e4hett\u00e4\u00e4 s\u00e4hk\u00f6postia.<\/li>\n\n\n\n<li>Klikkaa sivun alareunasta L\u00e4het\u00e4 viesti osallistujille -painiketta (kuvio 2).<\/li>\n\n\n\n<li>M\u00e4\u00e4rittele l\u00e4hett\u00e4j\u00e4ksi oma s\u00e4hk\u00f6postiosoitteesi ja t\u00e4ydenn\u00e4 viestiin Otsikko ja itse viestin sis\u00e4lt\u00f6.<\/li>\n\n\n\n<li>L\u00e4het\u00e4 viesti.<\/li>\n<\/ol>\n\n\n\n<figure class=\"wp-block-image\"><a href=\"https:\/\/help.jamk.fi\/lyhytkurssi\/wp-content\/uploads\/sites\/75\/2023\/07\/kurssivarauslistaukset-valinnat.png\"><img decoding=\"async\" src=\"https:\/\/help.jamk.fi\/lyhytkurssi\/wp-content\/uploads\/sites\/75\/2023\/07\/kurssivarauslistaukset-valinnat.png\" alt=\"kurssivarauslistaukset valinnat\" class=\"wp-image-720\"\/><\/a><figcaption class=\"wp-element-caption\">Kuvio 1. Kurssien hakeminen kurssivarauslistauksessa<\/figcaption><\/figure>\n\n\n\n<figure class=\"wp-block-image\"><a href=\"https:\/\/help.jamk.fi\/lyhytkurssi\/wp-content\/uploads\/sites\/75\/2023\/07\/viesti-osallistujille.png\"><img decoding=\"async\" src=\"https:\/\/help.jamk.fi\/lyhytkurssi\/wp-content\/uploads\/sites\/75\/2023\/07\/viesti-osallistujille.png\" alt=\"viesti osallistujille\" class=\"wp-image-721\"\/><\/a><figcaption class=\"wp-element-caption\">Kuvio 2. L\u00e4het\u00e4 viesti osallistujille -toiminto<\/figcaption><\/figure>\n","protected":false},"excerpt":{"rendered":"<p>Voit l\u00e4hett\u00e4\u00e4 s\u00e4hk\u00f6postia opiskelijoille my\u00f6s kurssivarauslistauksen kautta. T\u00e4m\u00e4 mahdollista s\u00e4hk\u00f6postin l\u00e4hett\u00e4misen useamman kuin yhden kurssin osallistujille, esim. markkinointitarkoituksessa. Ole huolellinen markkinointiestojen kanssa! Toimi n\u00e4in:<\/p>\n","protected":false},"author":79,"featured_media":0,"parent":537,"menu_order":3,"comment_status":"open","ping_status":"open","template":"","meta":{"_acf_changed":false,"_relevanssi_hide_post":"","_relevanssi_hide_content":"","_relevanssi_pin_for_all":"","_relevanssi_pin_keywords":"","_relevanssi_unpin_keywords":"","_relevanssi_related_keywords":"","_relevanssi_related_include_ids":"","_relevanssi_related_exclude_ids":"","_relevanssi_related_no_append":"","_relevanssi_related_not_related":"","_relevanssi_related_posts":"","_relevanssi_noindex_reason":"","footnotes":""},"categories":[],"tags":[],"class_list":["post-780","page","type-page","status-publish","hentry"],"acf":[],"yoast_head":"<!-- This site is optimized with the Yoast SEO plugin v27.5 - https:\/\/yoast.com\/product\/yoast-seo-wordpress\/ -->\n<title>S\u00e4hk\u00f6postin l\u00e4hett\u00e4minen kurssivarauslistauksen kautta - Lyhytkurssi<\/title>\n<meta name=\"robots\" content=\"index, follow, max-snippet:-1, max-image-preview:large, max-video-preview:-1\" \/>\n<link rel=\"canonical\" href=\"https:\/\/help.jamk.fi\/lyhytkurssi\/fi\/viestinta\/sahkopostin-lahettaminen-kurssivarauslistauksen-kautta\/\" \/>\n<meta property=\"og:locale\" content=\"fi_FI\" \/>\n<meta property=\"og:type\" content=\"article\" \/>\n<meta property=\"og:title\" content=\"S\u00e4hk\u00f6postin l\u00e4hett\u00e4minen kurssivarauslistauksen kautta - Lyhytkurssi\" \/>\n<meta property=\"og:description\" content=\"Voit l\u00e4hett\u00e4\u00e4 s\u00e4hk\u00f6postia opiskelijoille my\u00f6s kurssivarauslistauksen kautta. T\u00e4m\u00e4 mahdollista s\u00e4hk\u00f6postin l\u00e4hett\u00e4misen useamman kuin yhden kurssin osallistujille, esim. markkinointitarkoituksessa. Ole huolellinen markkinointiestojen kanssa! Toimi n\u00e4in:\" \/>\n<meta property=\"og:url\" content=\"https:\/\/help.jamk.fi\/lyhytkurssi\/fi\/viestinta\/sahkopostin-lahettaminen-kurssivarauslistauksen-kautta\/\" \/>\n<meta property=\"og:site_name\" content=\"Lyhytkurssi\" \/>\n<meta property=\"article:modified_time\" content=\"2024-11-04T11:14:54+00:00\" \/>\n<meta property=\"og:image\" content=\"https:\/\/help.jamk.fi\/lyhytkurssi\/wp-content\/uploads\/sites\/75\/2023\/07\/kurssivarauslistaukset-valinnat.png\" \/>\n<meta name=\"twitter:card\" content=\"summary_large_image\" \/>\n<meta name=\"twitter:label1\" content=\"Arvioitu lukuaika\" \/>\n\t<meta name=\"twitter:data1\" content=\"2 minuuttia\" \/>\n<script type=\"application\/ld+json\" class=\"yoast-schema-graph\">{\"@context\":\"https:\\\/\\\/schema.org\",\"@graph\":[{\"@type\":\"WebPage\",\"@id\":\"https:\\\/\\\/help.jamk.fi\\\/lyhytkurssi\\\/fi\\\/viestinta\\\/sahkopostin-lahettaminen-kurssivarauslistauksen-kautta\\\/\",\"url\":\"https:\\\/\\\/help.jamk.fi\\\/lyhytkurssi\\\/fi\\\/viestinta\\\/sahkopostin-lahettaminen-kurssivarauslistauksen-kautta\\\/\",\"name\":\"S\u00e4hk\u00f6postin l\u00e4hett\u00e4minen kurssivarauslistauksen kautta - Lyhytkurssi\",\"isPartOf\":{\"@id\":\"https:\\\/\\\/help.jamk.fi\\\/lyhytkurssi\\\/#website\"},\"primaryImageOfPage\":{\"@id\":\"https:\\\/\\\/help.jamk.fi\\\/lyhytkurssi\\\/fi\\\/viestinta\\\/sahkopostin-lahettaminen-kurssivarauslistauksen-kautta\\\/#primaryimage\"},\"image\":{\"@id\":\"https:\\\/\\\/help.jamk.fi\\\/lyhytkurssi\\\/fi\\\/viestinta\\\/sahkopostin-lahettaminen-kurssivarauslistauksen-kautta\\\/#primaryimage\"},\"thumbnailUrl\":\"https:\\\/\\\/help.jamk.fi\\\/lyhytkurssi\\\/wp-content\\\/uploads\\\/sites\\\/75\\\/2023\\\/07\\\/kurssivarauslistaukset-valinnat.png\",\"datePublished\":\"2014-09-05T07:27:14+00:00\",\"dateModified\":\"2024-11-04T11:14:54+00:00\",\"breadcrumb\":{\"@id\":\"https:\\\/\\\/help.jamk.fi\\\/lyhytkurssi\\\/fi\\\/viestinta\\\/sahkopostin-lahettaminen-kurssivarauslistauksen-kautta\\\/#breadcrumb\"},\"inLanguage\":\"fi\",\"potentialAction\":[{\"@type\":\"ReadAction\",\"target\":[\"https:\\\/\\\/help.jamk.fi\\\/lyhytkurssi\\\/fi\\\/viestinta\\\/sahkopostin-lahettaminen-kurssivarauslistauksen-kautta\\\/\"]}]},{\"@type\":\"ImageObject\",\"inLanguage\":\"fi\",\"@id\":\"https:\\\/\\\/help.jamk.fi\\\/lyhytkurssi\\\/fi\\\/viestinta\\\/sahkopostin-lahettaminen-kurssivarauslistauksen-kautta\\\/#primaryimage\",\"url\":\"https:\\\/\\\/help.jamk.fi\\\/lyhytkurssi\\\/wp-content\\\/uploads\\\/sites\\\/75\\\/2023\\\/07\\\/kurssivarauslistaukset-valinnat.png\",\"contentUrl\":\"https:\\\/\\\/help.jamk.fi\\\/lyhytkurssi\\\/wp-content\\\/uploads\\\/sites\\\/75\\\/2023\\\/07\\\/kurssivarauslistaukset-valinnat.png\"},{\"@type\":\"BreadcrumbList\",\"@id\":\"https:\\\/\\\/help.jamk.fi\\\/lyhytkurssi\\\/fi\\\/viestinta\\\/sahkopostin-lahettaminen-kurssivarauslistauksen-kautta\\\/#breadcrumb\",\"itemListElement\":[{\"@type\":\"ListItem\",\"position\":1,\"name\":\"Etusivu\",\"item\":\"https:\\\/\\\/help.jamk.fi\\\/lyhytkurssi\\\/fi\\\/\"},{\"@type\":\"ListItem\",\"position\":2,\"name\":\"Viestint\u00e4\",\"item\":\"https:\\\/\\\/help.jamk.fi\\\/lyhytkurssi\\\/fi\\\/viestinta\\\/\"},{\"@type\":\"ListItem\",\"position\":3,\"name\":\"S\u00e4hk\u00f6postin l\u00e4hett\u00e4minen kurssivarauslistauksen kautta\"}]},{\"@type\":\"WebSite\",\"@id\":\"https:\\\/\\\/help.jamk.fi\\\/lyhytkurssi\\\/#website\",\"url\":\"https:\\\/\\\/help.jamk.fi\\\/lyhytkurssi\\\/\",\"name\":\"Lyhytkurssi\",\"description\":\"\",\"potentialAction\":[{\"@type\":\"SearchAction\",\"target\":{\"@type\":\"EntryPoint\",\"urlTemplate\":\"https:\\\/\\\/help.jamk.fi\\\/lyhytkurssi\\\/?s={search_term_string}\"},\"query-input\":{\"@type\":\"PropertyValueSpecification\",\"valueRequired\":true,\"valueName\":\"search_term_string\"}}],\"inLanguage\":\"fi\"}]}<\/script>\n<!-- \/ Yoast SEO plugin. -->","yoast_head_json":{"title":"S\u00e4hk\u00f6postin l\u00e4hett\u00e4minen kurssivarauslistauksen kautta - Lyhytkurssi","robots":{"index":"index","follow":"follow","max-snippet":"max-snippet:-1","max-image-preview":"max-image-preview:large","max-video-preview":"max-video-preview:-1"},"canonical":"https:\/\/help.jamk.fi\/lyhytkurssi\/fi\/viestinta\/sahkopostin-lahettaminen-kurssivarauslistauksen-kautta\/","og_locale":"fi_FI","og_type":"article","og_title":"S\u00e4hk\u00f6postin l\u00e4hett\u00e4minen kurssivarauslistauksen kautta - Lyhytkurssi","og_description":"Voit l\u00e4hett\u00e4\u00e4 s\u00e4hk\u00f6postia opiskelijoille my\u00f6s kurssivarauslistauksen kautta. T\u00e4m\u00e4 mahdollista s\u00e4hk\u00f6postin l\u00e4hett\u00e4misen useamman kuin yhden kurssin osallistujille, esim. markkinointitarkoituksessa. Ole huolellinen markkinointiestojen kanssa! Toimi n\u00e4in:","og_url":"https:\/\/help.jamk.fi\/lyhytkurssi\/fi\/viestinta\/sahkopostin-lahettaminen-kurssivarauslistauksen-kautta\/","og_site_name":"Lyhytkurssi","article_modified_time":"2024-11-04T11:14:54+00:00","og_image":[{"url":"https:\/\/help.jamk.fi\/lyhytkurssi\/wp-content\/uploads\/sites\/75\/2023\/07\/kurssivarauslistaukset-valinnat.png","type":"","width":"","height":""}],"twitter_card":"summary_large_image","twitter_misc":{"Arvioitu lukuaika":"2 minuuttia"},"schema":{"@context":"https:\/\/schema.org","@graph":[{"@type":"WebPage","@id":"https:\/\/help.jamk.fi\/lyhytkurssi\/fi\/viestinta\/sahkopostin-lahettaminen-kurssivarauslistauksen-kautta\/","url":"https:\/\/help.jamk.fi\/lyhytkurssi\/fi\/viestinta\/sahkopostin-lahettaminen-kurssivarauslistauksen-kautta\/","name":"S\u00e4hk\u00f6postin l\u00e4hett\u00e4minen kurssivarauslistauksen kautta - Lyhytkurssi","isPartOf":{"@id":"https:\/\/help.jamk.fi\/lyhytkurssi\/#website"},"primaryImageOfPage":{"@id":"https:\/\/help.jamk.fi\/lyhytkurssi\/fi\/viestinta\/sahkopostin-lahettaminen-kurssivarauslistauksen-kautta\/#primaryimage"},"image":{"@id":"https:\/\/help.jamk.fi\/lyhytkurssi\/fi\/viestinta\/sahkopostin-lahettaminen-kurssivarauslistauksen-kautta\/#primaryimage"},"thumbnailUrl":"https:\/\/help.jamk.fi\/lyhytkurssi\/wp-content\/uploads\/sites\/75\/2023\/07\/kurssivarauslistaukset-valinnat.png","datePublished":"2014-09-05T07:27:14+00:00","dateModified":"2024-11-04T11:14:54+00:00","breadcrumb":{"@id":"https:\/\/help.jamk.fi\/lyhytkurssi\/fi\/viestinta\/sahkopostin-lahettaminen-kurssivarauslistauksen-kautta\/#breadcrumb"},"inLanguage":"fi","potentialAction":[{"@type":"ReadAction","target":["https:\/\/help.jamk.fi\/lyhytkurssi\/fi\/viestinta\/sahkopostin-lahettaminen-kurssivarauslistauksen-kautta\/"]}]},{"@type":"ImageObject","inLanguage":"fi","@id":"https:\/\/help.jamk.fi\/lyhytkurssi\/fi\/viestinta\/sahkopostin-lahettaminen-kurssivarauslistauksen-kautta\/#primaryimage","url":"https:\/\/help.jamk.fi\/lyhytkurssi\/wp-content\/uploads\/sites\/75\/2023\/07\/kurssivarauslistaukset-valinnat.png","contentUrl":"https:\/\/help.jamk.fi\/lyhytkurssi\/wp-content\/uploads\/sites\/75\/2023\/07\/kurssivarauslistaukset-valinnat.png"},{"@type":"BreadcrumbList","@id":"https:\/\/help.jamk.fi\/lyhytkurssi\/fi\/viestinta\/sahkopostin-lahettaminen-kurssivarauslistauksen-kautta\/#breadcrumb","itemListElement":[{"@type":"ListItem","position":1,"name":"Etusivu","item":"https:\/\/help.jamk.fi\/lyhytkurssi\/fi\/"},{"@type":"ListItem","position":2,"name":"Viestint\u00e4","item":"https:\/\/help.jamk.fi\/lyhytkurssi\/fi\/viestinta\/"},{"@type":"ListItem","position":3,"name":"S\u00e4hk\u00f6postin l\u00e4hett\u00e4minen kurssivarauslistauksen kautta"}]},{"@type":"WebSite","@id":"https:\/\/help.jamk.fi\/lyhytkurssi\/#website","url":"https:\/\/help.jamk.fi\/lyhytkurssi\/","name":"Lyhytkurssi","description":"","potentialAction":[{"@type":"SearchAction","target":{"@type":"EntryPoint","urlTemplate":"https:\/\/help.jamk.fi\/lyhytkurssi\/?s={search_term_string}"},"query-input":{"@type":"PropertyValueSpecification","valueRequired":true,"valueName":"search_term_string"}}],"inLanguage":"fi"}]}},"_links":{"self":[{"href":"https:\/\/help.jamk.fi\/lyhytkurssi\/wp-json\/wp\/v2\/pages\/780","targetHints":{"allow":["GET"]}}],"collection":[{"href":"https:\/\/help.jamk.fi\/lyhytkurssi\/wp-json\/wp\/v2\/pages"}],"about":[{"href":"https:\/\/help.jamk.fi\/lyhytkurssi\/wp-json\/wp\/v2\/types\/page"}],"author":[{"embeddable":true,"href":"https:\/\/help.jamk.fi\/lyhytkurssi\/wp-json\/wp\/v2\/users\/79"}],"replies":[{"embeddable":true,"href":"https:\/\/help.jamk.fi\/lyhytkurssi\/wp-json\/wp\/v2\/comments?post=780"}],"version-history":[{"count":5,"href":"https:\/\/help.jamk.fi\/lyhytkurssi\/wp-json\/wp\/v2\/pages\/780\/revisions"}],"predecessor-version":[{"id":1905,"href":"https:\/\/help.jamk.fi\/lyhytkurssi\/wp-json\/wp\/v2\/pages\/780\/revisions\/1905"}],"up":[{"embeddable":true,"href":"https:\/\/help.jamk.fi\/lyhytkurssi\/wp-json\/wp\/v2\/pages\/537"}],"wp:attachment":[{"href":"https:\/\/help.jamk.fi\/lyhytkurssi\/wp-json\/wp\/v2\/media?parent=780"}],"wp:term":[{"taxonomy":"category","embeddable":true,"href":"https:\/\/help.jamk.fi\/lyhytkurssi\/wp-json\/wp\/v2\/categories?post=780"},{"taxonomy":"post_tag","embeddable":true,"href":"https:\/\/help.jamk.fi\/lyhytkurssi\/wp-json\/wp\/v2\/tags?post=780"}],"curies":[{"name":"wp","href":"https:\/\/api.w.org\/{rel}","templated":true}]}}