{"id":798,"date":"2015-12-02T13:45:27","date_gmt":"2015-12-02T11:45:27","guid":{"rendered":"https:\/\/help.jamk.fi\/lyhytkurssi\/viestinta\/automaattinen-viesti-ilmoittautujalle\/"},"modified":"2024-11-01T14:17:24","modified_gmt":"2024-11-01T12:17:24","slug":"automaattinen-viesti-ilmoittautujalle","status":"publish","type":"page","link":"https:\/\/help.jamk.fi\/lyhytkurssi\/fi\/viestinta\/automaattinen-viesti-ilmoittautujalle\/","title":{"rendered":"Automaattinen viesti ilmoittautujalle"},"content":{"rendered":"\n<p>Ilmoittautumisen vastaanotosta l\u00e4htee automaattinen viesti ilmoittautujalle. Ilmoittautuja ei voi vastata t\u00e4h\u00e4n viestiin. Automaattisia viestej\u00e4 l\u00e4htee kahdenlaisia ja kahdenkielisi\u00e4 (suomi ja englanti):<\/p>\n\n\n\n<ol class=\"wp-block-list\">\n<li>Automaattinen viesti jos ilmoittautuja maksaa verkossa<\/li>\n\n\n\n<li>Muille kuin verkossa maksaville henkil\u00f6ille<\/li>\n<\/ol>\n\n\n\n<p>Jos lomake on t\u00e4ytetty suomenkielell\u00e4, viesti on suomeksi, ja jos se on t\u00e4ytetty englanninkielell\u00e4, viesti on englanniksi. Poikkeuksena t\u00e4h\u00e4n ovat viestiss\u00e4 olevat Jamkin yhteiset peruutusehdot: kaikissa viesteiss\u00e4 ne ovat sek\u00e4 suomeksi ett\u00e4 englanniksi.<\/p>\n\n\n\n<p>Viestin loppuun liitet\u00e4\u00e4n peruutusehdot (kuten ennenkin) niin, ett\u00e4 ensisijaisesti siihen liitet\u00e4\u00e4n koulutuskohtaiset peruutusehdot. Jos niit\u00e4 ei ole m\u00e4\u00e4ritelty, k\u00e4ytet\u00e4\u00e4n Jamkin yhteisi\u00e4 peruutusehtoja.<\/p>\n","protected":false},"excerpt":{"rendered":"<p>Ilmoittautumisen vastaanotosta l\u00e4htee automaattinen viesti ilmoittautujalle. Ilmoittautuja ei voi vastata t\u00e4h\u00e4n viestiin. Automaattisia viestej\u00e4 l\u00e4htee kahdenlaisia ja kahdenkielisi\u00e4 (suomi ja englanti): Jos lomake on t\u00e4ytetty suomenkielell\u00e4, viesti on suomeksi, ja jos se on t\u00e4ytetty englanninkielell\u00e4, viesti on englanniksi. Poikkeuksena t\u00e4h\u00e4n ovat viestiss\u00e4 olevat Jamkin yhteiset peruutusehdot: kaikissa viesteiss\u00e4 ne ovat sek\u00e4 suomeksi ett\u00e4 englanniksi. Viestin [&hellip;]<\/p>\n","protected":false},"author":79,"featured_media":0,"parent":537,"menu_order":0,"comment_status":"open","ping_status":"open","template":"","meta":{"_acf_changed":false,"_relevanssi_hide_post":"","_relevanssi_hide_content":"","_relevanssi_pin_for_all":"","_relevanssi_pin_keywords":"","_relevanssi_unpin_keywords":"","_relevanssi_related_keywords":"","_relevanssi_related_include_ids":"","_relevanssi_related_exclude_ids":"","_relevanssi_related_no_append":"","_relevanssi_related_not_related":"","_relevanssi_related_posts":"","_relevanssi_noindex_reason":"","footnotes":""},"categories":[],"tags":[],"class_list":["post-798","page","type-page","status-publish","hentry"],"acf":[],"yoast_head":"<!-- This site is optimized with the Yoast SEO plugin v27.3 - https:\/\/yoast.com\/product\/yoast-seo-wordpress\/ -->\n<title>Automaattinen viesti ilmoittautujalle - Lyhytkurssi<\/title>\n<meta name=\"robots\" content=\"index, follow, max-snippet:-1, max-image-preview:large, max-video-preview:-1\" \/>\n<link rel=\"canonical\" href=\"https:\/\/help.jamk.fi\/lyhytkurssi\/fi\/viestinta\/automaattinen-viesti-ilmoittautujalle\/\" \/>\n<meta property=\"og:locale\" content=\"fi_FI\" \/>\n<meta property=\"og:type\" content=\"article\" \/>\n<meta property=\"og:title\" content=\"Automaattinen viesti ilmoittautujalle - Lyhytkurssi\" \/>\n<meta property=\"og:description\" content=\"Ilmoittautumisen vastaanotosta l\u00e4htee automaattinen viesti ilmoittautujalle. Ilmoittautuja ei voi vastata t\u00e4h\u00e4n viestiin. Automaattisia viestej\u00e4 l\u00e4htee kahdenlaisia ja kahdenkielisi\u00e4 (suomi ja englanti): Jos lomake on t\u00e4ytetty suomenkielell\u00e4, viesti on suomeksi, ja jos se on t\u00e4ytetty englanninkielell\u00e4, viesti on englanniksi. Poikkeuksena t\u00e4h\u00e4n ovat viestiss\u00e4 olevat Jamkin yhteiset peruutusehdot: kaikissa viesteiss\u00e4 ne ovat sek\u00e4 suomeksi ett\u00e4 englanniksi. Viestin [&hellip;]\" \/>\n<meta property=\"og:url\" content=\"https:\/\/help.jamk.fi\/lyhytkurssi\/fi\/viestinta\/automaattinen-viesti-ilmoittautujalle\/\" \/>\n<meta property=\"og:site_name\" content=\"Lyhytkurssi\" \/>\n<meta property=\"article:modified_time\" content=\"2024-11-01T12:17:24+00:00\" \/>\n<meta name=\"twitter:card\" content=\"summary_large_image\" \/>\n<meta name=\"twitter:label1\" content=\"Arvioitu lukuaika\" \/>\n\t<meta name=\"twitter:data1\" content=\"1 minuutti\" \/>\n<script type=\"application\/ld+json\" class=\"yoast-schema-graph\">{\"@context\":\"https:\\\/\\\/schema.org\",\"@graph\":[{\"@type\":\"WebPage\",\"@id\":\"https:\\\/\\\/help.jamk.fi\\\/lyhytkurssi\\\/fi\\\/viestinta\\\/automaattinen-viesti-ilmoittautujalle\\\/\",\"url\":\"https:\\\/\\\/help.jamk.fi\\\/lyhytkurssi\\\/fi\\\/viestinta\\\/automaattinen-viesti-ilmoittautujalle\\\/\",\"name\":\"Automaattinen viesti ilmoittautujalle - Lyhytkurssi\",\"isPartOf\":{\"@id\":\"https:\\\/\\\/help.jamk.fi\\\/lyhytkurssi\\\/#website\"},\"datePublished\":\"2015-12-02T11:45:27+00:00\",\"dateModified\":\"2024-11-01T12:17:24+00:00\",\"breadcrumb\":{\"@id\":\"https:\\\/\\\/help.jamk.fi\\\/lyhytkurssi\\\/fi\\\/viestinta\\\/automaattinen-viesti-ilmoittautujalle\\\/#breadcrumb\"},\"inLanguage\":\"fi\",\"potentialAction\":[{\"@type\":\"ReadAction\",\"target\":[\"https:\\\/\\\/help.jamk.fi\\\/lyhytkurssi\\\/fi\\\/viestinta\\\/automaattinen-viesti-ilmoittautujalle\\\/\"]}]},{\"@type\":\"BreadcrumbList\",\"@id\":\"https:\\\/\\\/help.jamk.fi\\\/lyhytkurssi\\\/fi\\\/viestinta\\\/automaattinen-viesti-ilmoittautujalle\\\/#breadcrumb\",\"itemListElement\":[{\"@type\":\"ListItem\",\"position\":1,\"name\":\"Etusivu\",\"item\":\"https:\\\/\\\/help.jamk.fi\\\/lyhytkurssi\\\/fi\\\/\"},{\"@type\":\"ListItem\",\"position\":2,\"name\":\"Viestint\u00e4\",\"item\":\"https:\\\/\\\/help.jamk.fi\\\/lyhytkurssi\\\/fi\\\/viestinta\\\/\"},{\"@type\":\"ListItem\",\"position\":3,\"name\":\"Automaattinen viesti ilmoittautujalle\"}]},{\"@type\":\"WebSite\",\"@id\":\"https:\\\/\\\/help.jamk.fi\\\/lyhytkurssi\\\/#website\",\"url\":\"https:\\\/\\\/help.jamk.fi\\\/lyhytkurssi\\\/\",\"name\":\"Lyhytkurssi\",\"description\":\"\",\"potentialAction\":[{\"@type\":\"SearchAction\",\"target\":{\"@type\":\"EntryPoint\",\"urlTemplate\":\"https:\\\/\\\/help.jamk.fi\\\/lyhytkurssi\\\/?s={search_term_string}\"},\"query-input\":{\"@type\":\"PropertyValueSpecification\",\"valueRequired\":true,\"valueName\":\"search_term_string\"}}],\"inLanguage\":\"fi\"}]}<\/script>\n<!-- \/ Yoast SEO plugin. -->","yoast_head_json":{"title":"Automaattinen viesti ilmoittautujalle - Lyhytkurssi","robots":{"index":"index","follow":"follow","max-snippet":"max-snippet:-1","max-image-preview":"max-image-preview:large","max-video-preview":"max-video-preview:-1"},"canonical":"https:\/\/help.jamk.fi\/lyhytkurssi\/fi\/viestinta\/automaattinen-viesti-ilmoittautujalle\/","og_locale":"fi_FI","og_type":"article","og_title":"Automaattinen viesti ilmoittautujalle - Lyhytkurssi","og_description":"Ilmoittautumisen vastaanotosta l\u00e4htee automaattinen viesti ilmoittautujalle. Ilmoittautuja ei voi vastata t\u00e4h\u00e4n viestiin. Automaattisia viestej\u00e4 l\u00e4htee kahdenlaisia ja kahdenkielisi\u00e4 (suomi ja englanti): Jos lomake on t\u00e4ytetty suomenkielell\u00e4, viesti on suomeksi, ja jos se on t\u00e4ytetty englanninkielell\u00e4, viesti on englanniksi. Poikkeuksena t\u00e4h\u00e4n ovat viestiss\u00e4 olevat Jamkin yhteiset peruutusehdot: kaikissa viesteiss\u00e4 ne ovat sek\u00e4 suomeksi ett\u00e4 englanniksi. Viestin [&hellip;]","og_url":"https:\/\/help.jamk.fi\/lyhytkurssi\/fi\/viestinta\/automaattinen-viesti-ilmoittautujalle\/","og_site_name":"Lyhytkurssi","article_modified_time":"2024-11-01T12:17:24+00:00","twitter_card":"summary_large_image","twitter_misc":{"Arvioitu lukuaika":"1 minuutti"},"schema":{"@context":"https:\/\/schema.org","@graph":[{"@type":"WebPage","@id":"https:\/\/help.jamk.fi\/lyhytkurssi\/fi\/viestinta\/automaattinen-viesti-ilmoittautujalle\/","url":"https:\/\/help.jamk.fi\/lyhytkurssi\/fi\/viestinta\/automaattinen-viesti-ilmoittautujalle\/","name":"Automaattinen viesti ilmoittautujalle - Lyhytkurssi","isPartOf":{"@id":"https:\/\/help.jamk.fi\/lyhytkurssi\/#website"},"datePublished":"2015-12-02T11:45:27+00:00","dateModified":"2024-11-01T12:17:24+00:00","breadcrumb":{"@id":"https:\/\/help.jamk.fi\/lyhytkurssi\/fi\/viestinta\/automaattinen-viesti-ilmoittautujalle\/#breadcrumb"},"inLanguage":"fi","potentialAction":[{"@type":"ReadAction","target":["https:\/\/help.jamk.fi\/lyhytkurssi\/fi\/viestinta\/automaattinen-viesti-ilmoittautujalle\/"]}]},{"@type":"BreadcrumbList","@id":"https:\/\/help.jamk.fi\/lyhytkurssi\/fi\/viestinta\/automaattinen-viesti-ilmoittautujalle\/#breadcrumb","itemListElement":[{"@type":"ListItem","position":1,"name":"Etusivu","item":"https:\/\/help.jamk.fi\/lyhytkurssi\/fi\/"},{"@type":"ListItem","position":2,"name":"Viestint\u00e4","item":"https:\/\/help.jamk.fi\/lyhytkurssi\/fi\/viestinta\/"},{"@type":"ListItem","position":3,"name":"Automaattinen viesti ilmoittautujalle"}]},{"@type":"WebSite","@id":"https:\/\/help.jamk.fi\/lyhytkurssi\/#website","url":"https:\/\/help.jamk.fi\/lyhytkurssi\/","name":"Lyhytkurssi","description":"","potentialAction":[{"@type":"SearchAction","target":{"@type":"EntryPoint","urlTemplate":"https:\/\/help.jamk.fi\/lyhytkurssi\/?s={search_term_string}"},"query-input":{"@type":"PropertyValueSpecification","valueRequired":true,"valueName":"search_term_string"}}],"inLanguage":"fi"}]}},"_links":{"self":[{"href":"https:\/\/help.jamk.fi\/lyhytkurssi\/wp-json\/wp\/v2\/pages\/798","targetHints":{"allow":["GET"]}}],"collection":[{"href":"https:\/\/help.jamk.fi\/lyhytkurssi\/wp-json\/wp\/v2\/pages"}],"about":[{"href":"https:\/\/help.jamk.fi\/lyhytkurssi\/wp-json\/wp\/v2\/types\/page"}],"author":[{"embeddable":true,"href":"https:\/\/help.jamk.fi\/lyhytkurssi\/wp-json\/wp\/v2\/users\/79"}],"replies":[{"embeddable":true,"href":"https:\/\/help.jamk.fi\/lyhytkurssi\/wp-json\/wp\/v2\/comments?post=798"}],"version-history":[{"count":4,"href":"https:\/\/help.jamk.fi\/lyhytkurssi\/wp-json\/wp\/v2\/pages\/798\/revisions"}],"predecessor-version":[{"id":1841,"href":"https:\/\/help.jamk.fi\/lyhytkurssi\/wp-json\/wp\/v2\/pages\/798\/revisions\/1841"}],"up":[{"embeddable":true,"href":"https:\/\/help.jamk.fi\/lyhytkurssi\/wp-json\/wp\/v2\/pages\/537"}],"wp:attachment":[{"href":"https:\/\/help.jamk.fi\/lyhytkurssi\/wp-json\/wp\/v2\/media?parent=798"}],"wp:term":[{"taxonomy":"category","embeddable":true,"href":"https:\/\/help.jamk.fi\/lyhytkurssi\/wp-json\/wp\/v2\/categories?post=798"},{"taxonomy":"post_tag","embeddable":true,"href":"https:\/\/help.jamk.fi\/lyhytkurssi\/wp-json\/wp\/v2\/tags?post=798"}],"curies":[{"name":"wp","href":"https:\/\/api.w.org\/{rel}","templated":true}]}}