{"id":807,"date":"2015-12-02T14:19:19","date_gmt":"2015-12-02T12:19:19","guid":{"rendered":"https:\/\/help.jamk.fi\/lyhytkurssi\/kurssitietojen-yllapito\/kurssin-julkisuus\/"},"modified":"2024-11-04T10:12:20","modified_gmt":"2024-11-04T08:12:20","slug":"kurssin-julkisuus","status":"publish","type":"page","link":"https:\/\/help.jamk.fi\/lyhytkurssi\/fi\/kurssitietojen-yllapito\/kurssin-julkisuus\/","title":{"rendered":"Kurssin julkisuus"},"content":{"rendered":"\n<p>Kun kurssi on merkitty kurssitietojen yll\u00e4pidossa julkiseksi (Julkinen=Kyll\u00e4), se n\u00e4kyy ainakin Lyhytkurssin julkisessa n\u00e4kym\u00e4ss\u00e4 (ns. kurssi-ilmossa). Lis\u00e4ksi se voi n\u00e4ky\u00e4 Jamkin nettisivuilla, jos Navigaatio-kohtaan on valittu joko avoin AMK tai t\u00e4ydennyskoulutus, ja kurssiryhm\u00e4-kohdasta on valittu koulutusala. T\u00e4ydennyskoulutuksissa tulee lis\u00e4ksi valita kurssityypiksi joko ammatilliset t\u00e4ydennyskoulutukset tai tapahtumat ja seminaarit.<\/p>\n\n\n\n<p>Sinun on kuitenkin mahdollista l\u00e4hett\u00e4\u00e4 kurssi-ilmoittautumisen linkki asiakkaalle my\u00f6s julkaisematta kurssia (Julkinen=Ei). T\u00e4m\u00e4 tapahtuu seuraavasti:<\/p>\n\n\n\n<ol class=\"wp-block-list\">\n<li>Klikkaa koulutuksen tiedoista Lomake-linkki\u00e4 (kuvio 1).<\/li>\n\n\n\n<li>Siirry lomakkeelle Ilmoittaudu koulutukseen-painiketta klikkaamalla.<\/li>\n\n\n\n<li>Kopioi nyt lomakkeen linkki selaimen osoitekent\u00e4st\u00e4 (=asiakkaalle l\u00e4hetett\u00e4v\u00e4 linkki).<\/li>\n\n\n\n<li>Testaa linkki eri selaimella kuin mill\u00e4 Lyhytkurssiohjelma on auki tai kirjaudu ulos Lyhytkurssista ja sulje selain ennen linkin testausta.<\/li>\n<\/ol>\n\n\n\n<figure class=\"wp-block-image\"><a href=\"https:\/\/help.jamk.fi\/lyhytkurssi\/wp-content\/uploads\/sites\/75\/2023\/07\/linkki-kuva.png\"><img decoding=\"async\" src=\"https:\/\/help.jamk.fi\/lyhytkurssi\/wp-content\/uploads\/sites\/75\/2023\/07\/linkki-kuva.png\" alt=\"linkki-kuva\" class=\"wp-image-787\"\/><\/a><figcaption class=\"wp-element-caption\">Kuvio 1. Lomake-linkki kurssikuvaustiedoissa<\/figcaption><\/figure>\n","protected":false},"excerpt":{"rendered":"<p>Kun kurssi on merkitty kurssitietojen yll\u00e4pidossa julkiseksi (Julkinen=Kyll\u00e4), se n\u00e4kyy ainakin Lyhytkurssin julkisessa n\u00e4kym\u00e4ss\u00e4 (ns. kurssi-ilmossa). Lis\u00e4ksi se voi n\u00e4ky\u00e4 Jamkin nettisivuilla, jos Navigaatio-kohtaan on valittu joko avoin AMK tai t\u00e4ydennyskoulutus, ja kurssiryhm\u00e4-kohdasta on valittu koulutusala. T\u00e4ydennyskoulutuksissa tulee lis\u00e4ksi valita kurssityypiksi joko ammatilliset t\u00e4ydennyskoulutukset tai tapahtumat ja seminaarit. Sinun on kuitenkin mahdollista l\u00e4hett\u00e4\u00e4 kurssi-ilmoittautumisen linkki [&hellip;]<\/p>\n","protected":false},"author":79,"featured_media":0,"parent":179,"menu_order":5,"comment_status":"open","ping_status":"open","template":"","meta":{"_acf_changed":false,"_relevanssi_hide_post":"","_relevanssi_hide_content":"","_relevanssi_pin_for_all":"","_relevanssi_pin_keywords":"","_relevanssi_unpin_keywords":"","_relevanssi_related_keywords":"","_relevanssi_related_include_ids":"","_relevanssi_related_exclude_ids":"","_relevanssi_related_no_append":"","_relevanssi_related_not_related":"","_relevanssi_related_posts":"","_relevanssi_noindex_reason":"","footnotes":""},"categories":[],"tags":[],"class_list":["post-807","page","type-page","status-publish","hentry"],"acf":[],"yoast_head":"<!-- This site is optimized with the Yoast SEO plugin v27.3 - https:\/\/yoast.com\/product\/yoast-seo-wordpress\/ -->\n<title>Kurssin julkisuus - Lyhytkurssi<\/title>\n<meta name=\"robots\" content=\"index, follow, max-snippet:-1, max-image-preview:large, max-video-preview:-1\" \/>\n<link rel=\"canonical\" href=\"https:\/\/help.jamk.fi\/lyhytkurssi\/fi\/kurssitietojen-yllapito\/kurssin-julkisuus\/\" \/>\n<meta property=\"og:locale\" content=\"fi_FI\" \/>\n<meta property=\"og:type\" content=\"article\" \/>\n<meta property=\"og:title\" content=\"Kurssin julkisuus - Lyhytkurssi\" \/>\n<meta property=\"og:description\" content=\"Kun kurssi on merkitty kurssitietojen yll\u00e4pidossa julkiseksi (Julkinen=Kyll\u00e4), se n\u00e4kyy ainakin Lyhytkurssin julkisessa n\u00e4kym\u00e4ss\u00e4 (ns. kurssi-ilmossa). Lis\u00e4ksi se voi n\u00e4ky\u00e4 Jamkin nettisivuilla, jos Navigaatio-kohtaan on valittu joko avoin AMK tai t\u00e4ydennyskoulutus, ja kurssiryhm\u00e4-kohdasta on valittu koulutusala. T\u00e4ydennyskoulutuksissa tulee lis\u00e4ksi valita kurssityypiksi joko ammatilliset t\u00e4ydennyskoulutukset tai tapahtumat ja seminaarit. Sinun on kuitenkin mahdollista l\u00e4hett\u00e4\u00e4 kurssi-ilmoittautumisen linkki [&hellip;]\" \/>\n<meta property=\"og:url\" content=\"https:\/\/help.jamk.fi\/lyhytkurssi\/fi\/kurssitietojen-yllapito\/kurssin-julkisuus\/\" \/>\n<meta property=\"og:site_name\" content=\"Lyhytkurssi\" \/>\n<meta property=\"article:modified_time\" content=\"2024-11-04T08:12:20+00:00\" \/>\n<meta property=\"og:image\" content=\"https:\/\/help.jamk.fi\/lyhytkurssi\/wp-content\/uploads\/sites\/75\/2023\/07\/linkki-kuva.png\" \/>\n<meta name=\"twitter:card\" content=\"summary_large_image\" \/>\n<meta name=\"twitter:label1\" content=\"Arvioitu lukuaika\" \/>\n\t<meta name=\"twitter:data1\" content=\"1 minuutti\" \/>\n<script type=\"application\/ld+json\" class=\"yoast-schema-graph\">{\"@context\":\"https:\\\/\\\/schema.org\",\"@graph\":[{\"@type\":\"WebPage\",\"@id\":\"https:\\\/\\\/help.jamk.fi\\\/lyhytkurssi\\\/fi\\\/kurssitietojen-yllapito\\\/kurssin-julkisuus\\\/\",\"url\":\"https:\\\/\\\/help.jamk.fi\\\/lyhytkurssi\\\/fi\\\/kurssitietojen-yllapito\\\/kurssin-julkisuus\\\/\",\"name\":\"Kurssin julkisuus - Lyhytkurssi\",\"isPartOf\":{\"@id\":\"https:\\\/\\\/help.jamk.fi\\\/lyhytkurssi\\\/#website\"},\"primaryImageOfPage\":{\"@id\":\"https:\\\/\\\/help.jamk.fi\\\/lyhytkurssi\\\/fi\\\/kurssitietojen-yllapito\\\/kurssin-julkisuus\\\/#primaryimage\"},\"image\":{\"@id\":\"https:\\\/\\\/help.jamk.fi\\\/lyhytkurssi\\\/fi\\\/kurssitietojen-yllapito\\\/kurssin-julkisuus\\\/#primaryimage\"},\"thumbnailUrl\":\"https:\\\/\\\/help.jamk.fi\\\/lyhytkurssi\\\/wp-content\\\/uploads\\\/sites\\\/75\\\/2023\\\/07\\\/linkki-kuva.png\",\"datePublished\":\"2015-12-02T12:19:19+00:00\",\"dateModified\":\"2024-11-04T08:12:20+00:00\",\"breadcrumb\":{\"@id\":\"https:\\\/\\\/help.jamk.fi\\\/lyhytkurssi\\\/fi\\\/kurssitietojen-yllapito\\\/kurssin-julkisuus\\\/#breadcrumb\"},\"inLanguage\":\"fi\",\"potentialAction\":[{\"@type\":\"ReadAction\",\"target\":[\"https:\\\/\\\/help.jamk.fi\\\/lyhytkurssi\\\/fi\\\/kurssitietojen-yllapito\\\/kurssin-julkisuus\\\/\"]}]},{\"@type\":\"ImageObject\",\"inLanguage\":\"fi\",\"@id\":\"https:\\\/\\\/help.jamk.fi\\\/lyhytkurssi\\\/fi\\\/kurssitietojen-yllapito\\\/kurssin-julkisuus\\\/#primaryimage\",\"url\":\"https:\\\/\\\/help.jamk.fi\\\/lyhytkurssi\\\/wp-content\\\/uploads\\\/sites\\\/75\\\/2023\\\/07\\\/linkki-kuva.png\",\"contentUrl\":\"https:\\\/\\\/help.jamk.fi\\\/lyhytkurssi\\\/wp-content\\\/uploads\\\/sites\\\/75\\\/2023\\\/07\\\/linkki-kuva.png\"},{\"@type\":\"BreadcrumbList\",\"@id\":\"https:\\\/\\\/help.jamk.fi\\\/lyhytkurssi\\\/fi\\\/kurssitietojen-yllapito\\\/kurssin-julkisuus\\\/#breadcrumb\",\"itemListElement\":[{\"@type\":\"ListItem\",\"position\":1,\"name\":\"Etusivu\",\"item\":\"https:\\\/\\\/help.jamk.fi\\\/lyhytkurssi\\\/fi\\\/\"},{\"@type\":\"ListItem\",\"position\":2,\"name\":\"Kurssitietojen yll\u00e4pito\",\"item\":\"https:\\\/\\\/help.jamk.fi\\\/lyhytkurssi\\\/fi\\\/kurssitietojen-yllapito\\\/\"},{\"@type\":\"ListItem\",\"position\":3,\"name\":\"Kurssin julkisuus\"}]},{\"@type\":\"WebSite\",\"@id\":\"https:\\\/\\\/help.jamk.fi\\\/lyhytkurssi\\\/#website\",\"url\":\"https:\\\/\\\/help.jamk.fi\\\/lyhytkurssi\\\/\",\"name\":\"Lyhytkurssi\",\"description\":\"\",\"potentialAction\":[{\"@type\":\"SearchAction\",\"target\":{\"@type\":\"EntryPoint\",\"urlTemplate\":\"https:\\\/\\\/help.jamk.fi\\\/lyhytkurssi\\\/?s={search_term_string}\"},\"query-input\":{\"@type\":\"PropertyValueSpecification\",\"valueRequired\":true,\"valueName\":\"search_term_string\"}}],\"inLanguage\":\"fi\"}]}<\/script>\n<!-- \/ Yoast SEO plugin. -->","yoast_head_json":{"title":"Kurssin julkisuus - Lyhytkurssi","robots":{"index":"index","follow":"follow","max-snippet":"max-snippet:-1","max-image-preview":"max-image-preview:large","max-video-preview":"max-video-preview:-1"},"canonical":"https:\/\/help.jamk.fi\/lyhytkurssi\/fi\/kurssitietojen-yllapito\/kurssin-julkisuus\/","og_locale":"fi_FI","og_type":"article","og_title":"Kurssin julkisuus - Lyhytkurssi","og_description":"Kun kurssi on merkitty kurssitietojen yll\u00e4pidossa julkiseksi (Julkinen=Kyll\u00e4), se n\u00e4kyy ainakin Lyhytkurssin julkisessa n\u00e4kym\u00e4ss\u00e4 (ns. kurssi-ilmossa). Lis\u00e4ksi se voi n\u00e4ky\u00e4 Jamkin nettisivuilla, jos Navigaatio-kohtaan on valittu joko avoin AMK tai t\u00e4ydennyskoulutus, ja kurssiryhm\u00e4-kohdasta on valittu koulutusala. T\u00e4ydennyskoulutuksissa tulee lis\u00e4ksi valita kurssityypiksi joko ammatilliset t\u00e4ydennyskoulutukset tai tapahtumat ja seminaarit. Sinun on kuitenkin mahdollista l\u00e4hett\u00e4\u00e4 kurssi-ilmoittautumisen linkki [&hellip;]","og_url":"https:\/\/help.jamk.fi\/lyhytkurssi\/fi\/kurssitietojen-yllapito\/kurssin-julkisuus\/","og_site_name":"Lyhytkurssi","article_modified_time":"2024-11-04T08:12:20+00:00","og_image":[{"url":"https:\/\/help.jamk.fi\/lyhytkurssi\/wp-content\/uploads\/sites\/75\/2023\/07\/linkki-kuva.png","type":"","width":"","height":""}],"twitter_card":"summary_large_image","twitter_misc":{"Arvioitu lukuaika":"1 minuutti"},"schema":{"@context":"https:\/\/schema.org","@graph":[{"@type":"WebPage","@id":"https:\/\/help.jamk.fi\/lyhytkurssi\/fi\/kurssitietojen-yllapito\/kurssin-julkisuus\/","url":"https:\/\/help.jamk.fi\/lyhytkurssi\/fi\/kurssitietojen-yllapito\/kurssin-julkisuus\/","name":"Kurssin julkisuus - Lyhytkurssi","isPartOf":{"@id":"https:\/\/help.jamk.fi\/lyhytkurssi\/#website"},"primaryImageOfPage":{"@id":"https:\/\/help.jamk.fi\/lyhytkurssi\/fi\/kurssitietojen-yllapito\/kurssin-julkisuus\/#primaryimage"},"image":{"@id":"https:\/\/help.jamk.fi\/lyhytkurssi\/fi\/kurssitietojen-yllapito\/kurssin-julkisuus\/#primaryimage"},"thumbnailUrl":"https:\/\/help.jamk.fi\/lyhytkurssi\/wp-content\/uploads\/sites\/75\/2023\/07\/linkki-kuva.png","datePublished":"2015-12-02T12:19:19+00:00","dateModified":"2024-11-04T08:12:20+00:00","breadcrumb":{"@id":"https:\/\/help.jamk.fi\/lyhytkurssi\/fi\/kurssitietojen-yllapito\/kurssin-julkisuus\/#breadcrumb"},"inLanguage":"fi","potentialAction":[{"@type":"ReadAction","target":["https:\/\/help.jamk.fi\/lyhytkurssi\/fi\/kurssitietojen-yllapito\/kurssin-julkisuus\/"]}]},{"@type":"ImageObject","inLanguage":"fi","@id":"https:\/\/help.jamk.fi\/lyhytkurssi\/fi\/kurssitietojen-yllapito\/kurssin-julkisuus\/#primaryimage","url":"https:\/\/help.jamk.fi\/lyhytkurssi\/wp-content\/uploads\/sites\/75\/2023\/07\/linkki-kuva.png","contentUrl":"https:\/\/help.jamk.fi\/lyhytkurssi\/wp-content\/uploads\/sites\/75\/2023\/07\/linkki-kuva.png"},{"@type":"BreadcrumbList","@id":"https:\/\/help.jamk.fi\/lyhytkurssi\/fi\/kurssitietojen-yllapito\/kurssin-julkisuus\/#breadcrumb","itemListElement":[{"@type":"ListItem","position":1,"name":"Etusivu","item":"https:\/\/help.jamk.fi\/lyhytkurssi\/fi\/"},{"@type":"ListItem","position":2,"name":"Kurssitietojen yll\u00e4pito","item":"https:\/\/help.jamk.fi\/lyhytkurssi\/fi\/kurssitietojen-yllapito\/"},{"@type":"ListItem","position":3,"name":"Kurssin julkisuus"}]},{"@type":"WebSite","@id":"https:\/\/help.jamk.fi\/lyhytkurssi\/#website","url":"https:\/\/help.jamk.fi\/lyhytkurssi\/","name":"Lyhytkurssi","description":"","potentialAction":[{"@type":"SearchAction","target":{"@type":"EntryPoint","urlTemplate":"https:\/\/help.jamk.fi\/lyhytkurssi\/?s={search_term_string}"},"query-input":{"@type":"PropertyValueSpecification","valueRequired":true,"valueName":"search_term_string"}}],"inLanguage":"fi"}]}},"_links":{"self":[{"href":"https:\/\/help.jamk.fi\/lyhytkurssi\/wp-json\/wp\/v2\/pages\/807","targetHints":{"allow":["GET"]}}],"collection":[{"href":"https:\/\/help.jamk.fi\/lyhytkurssi\/wp-json\/wp\/v2\/pages"}],"about":[{"href":"https:\/\/help.jamk.fi\/lyhytkurssi\/wp-json\/wp\/v2\/types\/page"}],"author":[{"embeddable":true,"href":"https:\/\/help.jamk.fi\/lyhytkurssi\/wp-json\/wp\/v2\/users\/79"}],"replies":[{"embeddable":true,"href":"https:\/\/help.jamk.fi\/lyhytkurssi\/wp-json\/wp\/v2\/comments?post=807"}],"version-history":[{"count":5,"href":"https:\/\/help.jamk.fi\/lyhytkurssi\/wp-json\/wp\/v2\/pages\/807\/revisions"}],"predecessor-version":[{"id":1872,"href":"https:\/\/help.jamk.fi\/lyhytkurssi\/wp-json\/wp\/v2\/pages\/807\/revisions\/1872"}],"up":[{"embeddable":true,"href":"https:\/\/help.jamk.fi\/lyhytkurssi\/wp-json\/wp\/v2\/pages\/179"}],"wp:attachment":[{"href":"https:\/\/help.jamk.fi\/lyhytkurssi\/wp-json\/wp\/v2\/media?parent=807"}],"wp:term":[{"taxonomy":"category","embeddable":true,"href":"https:\/\/help.jamk.fi\/lyhytkurssi\/wp-json\/wp\/v2\/categories?post=807"},{"taxonomy":"post_tag","embeddable":true,"href":"https:\/\/help.jamk.fi\/lyhytkurssi\/wp-json\/wp\/v2\/tags?post=807"}],"curies":[{"name":"wp","href":"https:\/\/api.w.org\/{rel}","templated":true}]}}