{"id":819,"date":"2016-09-30T13:06:45","date_gmt":"2016-09-30T10:06:45","guid":{"rendered":"https:\/\/help.jamk.fi\/lyhytkurssi\/laskutusaineiston-valmistelu\/"},"modified":"2024-11-04T12:27:42","modified_gmt":"2024-11-04T10:27:42","slug":"laskutusaineiston-valmistelu","status":"publish","type":"page","link":"https:\/\/help.jamk.fi\/lyhytkurssi\/fi\/laskutusaineiston-valmistelu\/","title":{"rendered":"Laskutusaineiston valmistelu"},"content":{"rendered":"\n<h2 class=\"wp-block-heading\">VAIHE 1: Laskutettavien tuotteiden lis\u00e4\u00e4minen<\/h2>\n\n\n\n<ol class=\"wp-block-list\">\n<li>Varmista, ett\u00e4 olet hyv\u00e4ksynyt ilmoittautujat, joita aiot laskuttaa. Katso Ilmoittautumisten k\u00e4sittely -sivulta ohje <a href=\"https:\/\/help.jamk.fi\/lyhytkurssi\/fi\/ilmoittautumisten-kasittely\/\">ty\u00f6nantajan\/yrityksen kiinnityksest\u00e4<\/a>.<\/li>\n\n\n\n<li>Avaa Lyhytkurssin p\u00e4\u00e4valikosta <strong>Laskut\/Kutsut<\/strong> -ohjelma ja etsi koulutus, jonka osallistujia haluat laskuttaa.<\/li>\n\n\n\n<li>Kurssilaskujen \/ kutsujen ikkunassa n\u00e4et kaikki ne henkil\u00f6t, jotka on hyv\u00e4ksytty koulutukseen. Tuotteet sarakkeessa n\u00e4et my\u00f6s heid\u00e4n mahdollisesti verkossa maksamansa tuotteet.<\/li>\n\n\n\n<li>Jos tuotteet, jotka haluat laskuttaa, eiv\u00e4t n\u00e4y henkil\u00f6ill\u00e4, sinun tulee ensimm\u00e4iseksi lis\u00e4t\u00e4 ko. tuotteet henkil\u00f6ille.\n<ul class=\"wp-block-list\">\n<li>Varmista, ett\u00e4 olet luonut lis\u00e4tt\u00e4v\u00e4n tuotteen. Ks. <a href=\"https:\/\/help.jamk.fi\/lyhytkurssi\/fi\/kurssitietojen-yllapito\/tuotetietojen-luominen\/\">Tuotetietojen luominen<\/a><\/li>\n\n\n\n<li>Valitse henkil\u00f6t, joille tuote\/tuotteet lis\u00e4t\u00e4\u00e4n ja klikkaa sen j\u00e4lkeen Poimi tuotteita varauksiin -painiketta (kuvio 1).<\/li>\n\n\n\n<li>Etsi lis\u00e4tt\u00e4v\u00e4 tuote\/tuotteet listalta ja merkitse kentt\u00e4\u00e4n laskutettava kappalem\u00e4\u00e4r\u00e4 (yleens\u00e4 aina yksi) (kuvio 2).<\/li>\n\n\n\n<li>Hyv\u00e4ksy tuotteet klikkaamalla &#8221;Poimi tuotteet&#8221;.<\/li>\n\n\n\n<li>Nyt n\u00e4et Laskut\/kutsut -ohjelman Tuotteet-kent\u00e4ss\u00e4 my\u00f6s laskutettavat tuotteet.<\/li>\n<\/ul>\n<\/li>\n<\/ol>\n\n\n\n<p><strong>HUOM. Jos koulutusmaksu halutaan laskuttaa useammassa er\u00e4ss\u00e4, tulee jokaisesta er\u00e4st\u00e4 tehd\u00e4 oma tuotteensa ja n\u00e4ist\u00e4 oma laskunsa. Laskulle n\u00e4kyviin, monesko er\u00e4 on kyseess\u00e4 (esim. 4\/5).<\/strong><\/p>\n\n\n\n<p><strong><span style=\"color: #ff0000;\"><\/span><\/strong><\/p>\n\n\n\n<figure class=\"wp-block-image size-full\"><img loading=\"lazy\" decoding=\"async\" width=\"1262\" height=\"563\" src=\"https:\/\/help.jamk.fi\/lyhytkurssi\/wp-content\/uploads\/sites\/75\/2023\/11\/1.png\" alt=\"\" class=\"wp-image-1665\"\/><\/figure>\n\n\n\n<p>Kuvio 1. Laskutettavien henkil\u00f6iden valinta<\/p>\n\n\n\n<figure class=\"wp-block-image size-full\"><img loading=\"lazy\" decoding=\"async\" width=\"936\" height=\"65\" src=\"https:\/\/help.jamk.fi\/lyhytkurssi\/wp-content\/uploads\/sites\/75\/2023\/11\/2.png\" alt=\"\" class=\"wp-image-1666\"\/><\/figure>\n\n\n\n<p>Kuvio 2. Lis\u00e4tt\u00e4vien tuotteiden etsiminen<\/p>\n\n\n\n<h3 class=\"wp-block-heading\">Erikoistapaukset<\/h3>\n\n\n\n<ol class=\"wp-block-list\">\n<li><a href=\"https:\/\/help.jamk.fi\/lyhytkurssi\/fi\/laskutusaineiston-valmistelu\/tyonantajan-lisaaminen-maksajaksi\/\">Ty\u00f6nantajan lis\u00e4\u00e4minen maksajaksi j\u00e4lkik\u00e4teen<\/a><\/li>\n\n\n\n<li><a href=\"https:\/\/help.jamk.fi\/lyhytkurssi\/fi\/laskutusaineiston-valmistelu\/kaksi-maksajaa\/\">Koulutuksella on kaksi maksajaa<\/a><\/li>\n\n\n\n<li>a href=&#8221;https:\/\/help.jamk.fi\/lyhytkurssi\/fi\/laskutusaineiston-valmistelu\/asiakastailmoittautujaa-ei-loydy-lyhytkurssista\/&#8221;&gt;Henkil\u00f6 on valittu muuta kautta koulutukseen (ei ole ilmoittautunut Lyhytkurssin kautta)<\/li>\n\n\n\n<li><a href=\"https:\/\/help.jamk.fi\/lyhytkurssi\/fi\/laskutusaineiston-valmistelu\/maksut-joilla-maksuaikaa-yli-vuosi\/\">Opintomaksut ajoittuvat useamman vuoden ajalle<\/a><\/li>\n<\/ol>\n\n\n\n<h2 class=\"wp-block-heading\">VAIHE 2: Laskujen muodostaminen<\/h2>\n\n\n\n<ol class=\"wp-block-list\">\n<li>Valitse laskutettavat henkil\u00f6t (jos eiv\u00e4t ole valittuina) ja tarkista, ett\u00e4 my\u00f6s laskutettavien tuotteiden edess\u00e4 on ruksit ja valitse &#8221;Muodosta ja tulosta laskut&#8221; (kuvio 3).<\/li>\n\n\n\n<li>Valitse &#8221;Yksi lasku\/laskutettava asiakas&#8221;, tarkista p\u00e4iv\u00e4m\u00e4\u00e4r\u00e4t ja klikkaa &#8221;Tulosta laskut valituille henkil\u00f6ille&#8221;. &#8221;Yksi lasku \/ laskutettava asiakas&#8221; yhdist\u00e4\u00e4 samalle yritykselle menev\u00e4t laskut yhteen laskuun, eik\u00e4 yritys saa samasta koulutuksesta esim. viitt\u00e4 eri laskua (jos viisi ko. yrityksen henkil\u00f6\u00e4 on ilmoittautunut koulutukseen).\n<ol class=\"wp-block-list\">\n<li>Huom. Helpoiten yritysten laskuttaminen sujuu, jos ilmoittautujat ovat ilmoittaneet laskutuksen kohdetiedot (esim. oma nimi ja yrityksen osasto, jossa ty\u00f6skentelee) ilmoittautumislomakkeen Viitetoivomus-kent\u00e4ss\u00e4.<\/li>\n\n\n\n<li>Huom. Jos henkil\u00f6t eiv\u00e4t ole ilmoittaneet laskutuksen kohdetietoja lomakkeen Viitetoivomus-kent\u00e4ss\u00e4, lis\u00e4\u00e4 ko. tiedot Laskut \/kutsut -ohjelman Er\u00e4n lis\u00e4tietoja -kentt\u00e4\u00e4n. T\u00e4ll\u00f6in sinun tulee tehd\u00e4 jokaiselle henkil\u00f6lle oma laskunsa eli \u00e4l\u00e4 yhdist\u00e4 laskuja, vaikka olisi kyse samasta yrityksest\u00e4kin.<\/li>\n<\/ol>\n<\/li>\n<\/ol>\n\n\n\n<figure class=\"wp-block-image size-full\"><img loading=\"lazy\" decoding=\"async\" width=\"1284\" height=\"836\" src=\"https:\/\/help.jamk.fi\/lyhytkurssi\/wp-content\/uploads\/sites\/75\/2023\/11\/3.png\" alt=\"\" class=\"wp-image-1668\"\/><figcaption class=\"wp-element-caption\">Kuvio 3. Laskujen muodostaminen valituille asiakkaille<\/figcaption><\/figure>\n\n\n\n<p>3. Sinulle avautuvat laskut, jotka Lyhytkurssissa juuri muodostettiin. Palaa nyt edelliseen ikkunaan sulkemalla laskut-v\u00e4lilehti.<\/p>\n\n\n\n<p>4. N\u00e4et nyt, ett\u00e4 tuotteet ovat saaneet oman ns. laskunumeronsa (kuvio 4). Ota laskunumerot yl\u00f6s, tarvitset niit\u00e4 seuraavassa vaiheessa.<\/p>\n\n\n\n<figure class=\"wp-block-image size-full\"><img loading=\"lazy\" decoding=\"async\" width=\"1259\" height=\"513\" src=\"https:\/\/help.jamk.fi\/lyhytkurssi\/wp-content\/uploads\/sites\/75\/2023\/11\/4.png\" alt=\"\" class=\"wp-image-1669\"\/><figcaption class=\"wp-element-caption\">Kuvio 4. Lis\u00e4ttyjen tuotteiden laskunumerot<\/figcaption><\/figure>\n\n\n\n<h2 class=\"wp-block-heading\">3. VAIHE: Laskut sis\u00e4lt\u00e4v\u00e4n siirtotiedoston hakeminen Lyhytkurssista<\/h2>\n\n\n\n<p>HUOM. Teeth\u00e4n mahdollisimman paljon laskuja samaan laskusiirtotiedostoon. Voit tehd\u00e4 niit\u00e4 eri koulutustenkin alta. Kun lopetat laskujen muodostamisen, siirry sen j\u00e4lkeen Laskusiirto-ohjelmaan ja etsi laskut, jotka haluat siirt\u00e4\u00e4. Vaikka laskunumerosi eiv\u00e4t olisikaan per\u00e4kk\u00e4isi\u00e4, se ei haittaa, voit silti listata kaikki per\u00e4kk\u00e4iset laskut ja poimia sen j\u00e4lkeen listalta omat laskusi siirtoon.<\/p>\n\n\n\n<ol class=\"wp-block-list\">\n<li>Avaa Lyhytkurssin p\u00e4\u00e4valikosta Laskusiirto-ohjelma.<\/li>\n\n\n\n<li>Kirjoita Laskunro-kenttiin laskutettavien tuotteiden min ja max laskunumerot ja klikkaa Hae laskut -painiketta (kuvio 5).<\/li>\n\n\n\n<li>Alapuolelle listautuvat ne laskut, jotka olet Laskut\/Kutsut -ohjelmassa muodostanut. Tarkista, ett\u00e4 asiakkaat ja summat ovat oikein.<\/li>\n\n\n\n<li>Valitse nyt kaikki laskutettavat rivit ja klikkaa &#8221;Siirr\u00e4 valitut laskut&#8221;.<\/li>\n\n\n\n<li>Saat ilmoituksen, ett\u00e4 valitut laskut on tili\u00f6ity ja siirretty IntimePlus-laskutusj\u00e4rjestelm\u00e4\u00e4n. J\u00e4rjestelm\u00e4 muodostaa my\u00f6s siirtonumerolinkin Siirtonro-kentt\u00e4\u00e4n, josta voit halutessasi saada siirtotiedoston ulos (kuvio 6).<\/li>\n<\/ol>\n\n\n\n<figure class=\"wp-block-image size-full\"><img loading=\"lazy\" decoding=\"async\" width=\"599\" height=\"271\" src=\"https:\/\/help.jamk.fi\/lyhytkurssi\/wp-content\/uploads\/sites\/75\/2023\/11\/5.png\" alt=\"\" class=\"wp-image-1670\"\/><figcaption class=\"wp-element-caption\">Kuvio 5. Laskujen hakeminen Laskusiirto-ohjelmalla<\/figcaption><\/figure>\n\n\n\n<p><\/p>\n\n\n\n<figure class=\"wp-block-image size-full\"><img loading=\"lazy\" decoding=\"async\" width=\"880\" height=\"195\" src=\"https:\/\/help.jamk.fi\/lyhytkurssi\/wp-content\/uploads\/sites\/75\/2023\/11\/6-1.png\" alt=\"\" class=\"wp-image-1673\"\/><figcaption class=\"wp-element-caption\">Kuvio 6. Laskujen siirtonumero<\/figcaption><\/figure>\n","protected":false},"excerpt":{"rendered":"<p>VAIHE 1: Laskutettavien tuotteiden lis\u00e4\u00e4minen HUOM. Jos koulutusmaksu halutaan laskuttaa useammassa er\u00e4ss\u00e4, tulee jokaisesta er\u00e4st\u00e4 tehd\u00e4 oma tuotteensa ja n\u00e4ist\u00e4 oma laskunsa. Laskulle n\u00e4kyviin, monesko er\u00e4 on kyseess\u00e4 (esim. 4\/5). Kuvio 1. Laskutettavien henkil\u00f6iden valinta Kuvio 2. Lis\u00e4tt\u00e4vien tuotteiden etsiminen Erikoistapaukset VAIHE 2: Laskujen muodostaminen 3. Sinulle avautuvat laskut, jotka Lyhytkurssissa juuri muodostettiin. Palaa nyt [&hellip;]<\/p>\n","protected":false},"author":79,"featured_media":0,"parent":0,"menu_order":5,"comment_status":"closed","ping_status":"closed","template":"","meta":{"_acf_changed":false,"_relevanssi_hide_post":"","_relevanssi_hide_content":"","_relevanssi_pin_for_all":"","_relevanssi_pin_keywords":"","_relevanssi_unpin_keywords":"","_relevanssi_related_keywords":"","_relevanssi_related_include_ids":"","_relevanssi_related_exclude_ids":"","_relevanssi_related_no_append":"","_relevanssi_related_not_related":"","_relevanssi_related_posts":"","_relevanssi_noindex_reason":"","footnotes":""},"categories":[],"tags":[],"class_list":["post-819","page","type-page","status-publish","hentry"],"acf":[],"yoast_head":"<!-- This site is optimized with the Yoast SEO plugin v27.3 - https:\/\/yoast.com\/product\/yoast-seo-wordpress\/ -->\n<title>Laskutusaineiston valmistelu - Lyhytkurssi<\/title>\n<meta name=\"robots\" content=\"index, follow, max-snippet:-1, max-image-preview:large, max-video-preview:-1\" \/>\n<link rel=\"canonical\" href=\"https:\/\/help.jamk.fi\/lyhytkurssi\/fi\/laskutusaineiston-valmistelu\/\" \/>\n<meta property=\"og:locale\" content=\"fi_FI\" \/>\n<meta property=\"og:type\" content=\"article\" \/>\n<meta property=\"og:title\" content=\"Laskutusaineiston valmistelu - Lyhytkurssi\" \/>\n<meta property=\"og:description\" content=\"VAIHE 1: Laskutettavien tuotteiden lis\u00e4\u00e4minen HUOM. Jos koulutusmaksu halutaan laskuttaa useammassa er\u00e4ss\u00e4, tulee jokaisesta er\u00e4st\u00e4 tehd\u00e4 oma tuotteensa ja n\u00e4ist\u00e4 oma laskunsa. Laskulle n\u00e4kyviin, monesko er\u00e4 on kyseess\u00e4 (esim. 4\/5). Kuvio 1. Laskutettavien henkil\u00f6iden valinta Kuvio 2. Lis\u00e4tt\u00e4vien tuotteiden etsiminen Erikoistapaukset VAIHE 2: Laskujen muodostaminen 3. Sinulle avautuvat laskut, jotka Lyhytkurssissa juuri muodostettiin. Palaa nyt [&hellip;]\" \/>\n<meta property=\"og:url\" content=\"https:\/\/help.jamk.fi\/lyhytkurssi\/fi\/laskutusaineiston-valmistelu\/\" \/>\n<meta property=\"og:site_name\" content=\"Lyhytkurssi\" \/>\n<meta property=\"article:modified_time\" content=\"2024-11-04T10:27:42+00:00\" \/>\n<meta property=\"og:image\" content=\"https:\/\/help.jamk.fi\/lyhytkurssi\/wp-content\/uploads\/sites\/75\/2023\/11\/1.png\" \/>\n<meta name=\"twitter:card\" content=\"summary_large_image\" \/>\n<meta name=\"twitter:label1\" content=\"Arvioitu lukuaika\" \/>\n\t<meta name=\"twitter:data1\" content=\"5 minuuttia\" \/>\n<script type=\"application\/ld+json\" class=\"yoast-schema-graph\">{\"@context\":\"https:\\\/\\\/schema.org\",\"@graph\":[{\"@type\":\"WebPage\",\"@id\":\"https:\\\/\\\/help.jamk.fi\\\/lyhytkurssi\\\/fi\\\/laskutusaineiston-valmistelu\\\/\",\"url\":\"https:\\\/\\\/help.jamk.fi\\\/lyhytkurssi\\\/fi\\\/laskutusaineiston-valmistelu\\\/\",\"name\":\"Laskutusaineiston valmistelu - Lyhytkurssi\",\"isPartOf\":{\"@id\":\"https:\\\/\\\/help.jamk.fi\\\/lyhytkurssi\\\/#website\"},\"primaryImageOfPage\":{\"@id\":\"https:\\\/\\\/help.jamk.fi\\\/lyhytkurssi\\\/fi\\\/laskutusaineiston-valmistelu\\\/#primaryimage\"},\"image\":{\"@id\":\"https:\\\/\\\/help.jamk.fi\\\/lyhytkurssi\\\/fi\\\/laskutusaineiston-valmistelu\\\/#primaryimage\"},\"thumbnailUrl\":\"https:\\\/\\\/help.jamk.fi\\\/lyhytkurssi\\\/wp-content\\\/uploads\\\/sites\\\/75\\\/2023\\\/11\\\/1.png\",\"datePublished\":\"2016-09-30T10:06:45+00:00\",\"dateModified\":\"2024-11-04T10:27:42+00:00\",\"breadcrumb\":{\"@id\":\"https:\\\/\\\/help.jamk.fi\\\/lyhytkurssi\\\/fi\\\/laskutusaineiston-valmistelu\\\/#breadcrumb\"},\"inLanguage\":\"fi\",\"potentialAction\":[{\"@type\":\"ReadAction\",\"target\":[\"https:\\\/\\\/help.jamk.fi\\\/lyhytkurssi\\\/fi\\\/laskutusaineiston-valmistelu\\\/\"]}]},{\"@type\":\"ImageObject\",\"inLanguage\":\"fi\",\"@id\":\"https:\\\/\\\/help.jamk.fi\\\/lyhytkurssi\\\/fi\\\/laskutusaineiston-valmistelu\\\/#primaryimage\",\"url\":\"https:\\\/\\\/help.jamk.fi\\\/lyhytkurssi\\\/wp-content\\\/uploads\\\/sites\\\/75\\\/2023\\\/11\\\/1.png\",\"contentUrl\":\"https:\\\/\\\/help.jamk.fi\\\/lyhytkurssi\\\/wp-content\\\/uploads\\\/sites\\\/75\\\/2023\\\/11\\\/1.png\",\"width\":1262,\"height\":563},{\"@type\":\"BreadcrumbList\",\"@id\":\"https:\\\/\\\/help.jamk.fi\\\/lyhytkurssi\\\/fi\\\/laskutusaineiston-valmistelu\\\/#breadcrumb\",\"itemListElement\":[{\"@type\":\"ListItem\",\"position\":1,\"name\":\"Etusivu\",\"item\":\"https:\\\/\\\/help.jamk.fi\\\/lyhytkurssi\\\/fi\\\/\"},{\"@type\":\"ListItem\",\"position\":2,\"name\":\"Laskutusaineiston valmistelu\"}]},{\"@type\":\"WebSite\",\"@id\":\"https:\\\/\\\/help.jamk.fi\\\/lyhytkurssi\\\/#website\",\"url\":\"https:\\\/\\\/help.jamk.fi\\\/lyhytkurssi\\\/\",\"name\":\"Lyhytkurssi\",\"description\":\"\",\"potentialAction\":[{\"@type\":\"SearchAction\",\"target\":{\"@type\":\"EntryPoint\",\"urlTemplate\":\"https:\\\/\\\/help.jamk.fi\\\/lyhytkurssi\\\/?s={search_term_string}\"},\"query-input\":{\"@type\":\"PropertyValueSpecification\",\"valueRequired\":true,\"valueName\":\"search_term_string\"}}],\"inLanguage\":\"fi\"}]}<\/script>\n<!-- \/ Yoast SEO plugin. -->","yoast_head_json":{"title":"Laskutusaineiston valmistelu - Lyhytkurssi","robots":{"index":"index","follow":"follow","max-snippet":"max-snippet:-1","max-image-preview":"max-image-preview:large","max-video-preview":"max-video-preview:-1"},"canonical":"https:\/\/help.jamk.fi\/lyhytkurssi\/fi\/laskutusaineiston-valmistelu\/","og_locale":"fi_FI","og_type":"article","og_title":"Laskutusaineiston valmistelu - Lyhytkurssi","og_description":"VAIHE 1: Laskutettavien tuotteiden lis\u00e4\u00e4minen HUOM. Jos koulutusmaksu halutaan laskuttaa useammassa er\u00e4ss\u00e4, tulee jokaisesta er\u00e4st\u00e4 tehd\u00e4 oma tuotteensa ja n\u00e4ist\u00e4 oma laskunsa. Laskulle n\u00e4kyviin, monesko er\u00e4 on kyseess\u00e4 (esim. 4\/5). Kuvio 1. Laskutettavien henkil\u00f6iden valinta Kuvio 2. Lis\u00e4tt\u00e4vien tuotteiden etsiminen Erikoistapaukset VAIHE 2: Laskujen muodostaminen 3. Sinulle avautuvat laskut, jotka Lyhytkurssissa juuri muodostettiin. Palaa nyt [&hellip;]","og_url":"https:\/\/help.jamk.fi\/lyhytkurssi\/fi\/laskutusaineiston-valmistelu\/","og_site_name":"Lyhytkurssi","article_modified_time":"2024-11-04T10:27:42+00:00","og_image":[{"url":"https:\/\/help.jamk.fi\/lyhytkurssi\/wp-content\/uploads\/sites\/75\/2023\/11\/1.png","type":"","width":"","height":""}],"twitter_card":"summary_large_image","twitter_misc":{"Arvioitu lukuaika":"5 minuuttia"},"schema":{"@context":"https:\/\/schema.org","@graph":[{"@type":"WebPage","@id":"https:\/\/help.jamk.fi\/lyhytkurssi\/fi\/laskutusaineiston-valmistelu\/","url":"https:\/\/help.jamk.fi\/lyhytkurssi\/fi\/laskutusaineiston-valmistelu\/","name":"Laskutusaineiston valmistelu - Lyhytkurssi","isPartOf":{"@id":"https:\/\/help.jamk.fi\/lyhytkurssi\/#website"},"primaryImageOfPage":{"@id":"https:\/\/help.jamk.fi\/lyhytkurssi\/fi\/laskutusaineiston-valmistelu\/#primaryimage"},"image":{"@id":"https:\/\/help.jamk.fi\/lyhytkurssi\/fi\/laskutusaineiston-valmistelu\/#primaryimage"},"thumbnailUrl":"https:\/\/help.jamk.fi\/lyhytkurssi\/wp-content\/uploads\/sites\/75\/2023\/11\/1.png","datePublished":"2016-09-30T10:06:45+00:00","dateModified":"2024-11-04T10:27:42+00:00","breadcrumb":{"@id":"https:\/\/help.jamk.fi\/lyhytkurssi\/fi\/laskutusaineiston-valmistelu\/#breadcrumb"},"inLanguage":"fi","potentialAction":[{"@type":"ReadAction","target":["https:\/\/help.jamk.fi\/lyhytkurssi\/fi\/laskutusaineiston-valmistelu\/"]}]},{"@type":"ImageObject","inLanguage":"fi","@id":"https:\/\/help.jamk.fi\/lyhytkurssi\/fi\/laskutusaineiston-valmistelu\/#primaryimage","url":"https:\/\/help.jamk.fi\/lyhytkurssi\/wp-content\/uploads\/sites\/75\/2023\/11\/1.png","contentUrl":"https:\/\/help.jamk.fi\/lyhytkurssi\/wp-content\/uploads\/sites\/75\/2023\/11\/1.png","width":1262,"height":563},{"@type":"BreadcrumbList","@id":"https:\/\/help.jamk.fi\/lyhytkurssi\/fi\/laskutusaineiston-valmistelu\/#breadcrumb","itemListElement":[{"@type":"ListItem","position":1,"name":"Etusivu","item":"https:\/\/help.jamk.fi\/lyhytkurssi\/fi\/"},{"@type":"ListItem","position":2,"name":"Laskutusaineiston valmistelu"}]},{"@type":"WebSite","@id":"https:\/\/help.jamk.fi\/lyhytkurssi\/#website","url":"https:\/\/help.jamk.fi\/lyhytkurssi\/","name":"Lyhytkurssi","description":"","potentialAction":[{"@type":"SearchAction","target":{"@type":"EntryPoint","urlTemplate":"https:\/\/help.jamk.fi\/lyhytkurssi\/?s={search_term_string}"},"query-input":{"@type":"PropertyValueSpecification","valueRequired":true,"valueName":"search_term_string"}}],"inLanguage":"fi"}]}},"_links":{"self":[{"href":"https:\/\/help.jamk.fi\/lyhytkurssi\/wp-json\/wp\/v2\/pages\/819","targetHints":{"allow":["GET"]}}],"collection":[{"href":"https:\/\/help.jamk.fi\/lyhytkurssi\/wp-json\/wp\/v2\/pages"}],"about":[{"href":"https:\/\/help.jamk.fi\/lyhytkurssi\/wp-json\/wp\/v2\/types\/page"}],"author":[{"embeddable":true,"href":"https:\/\/help.jamk.fi\/lyhytkurssi\/wp-json\/wp\/v2\/users\/79"}],"replies":[{"embeddable":true,"href":"https:\/\/help.jamk.fi\/lyhytkurssi\/wp-json\/wp\/v2\/comments?post=819"}],"version-history":[{"count":13,"href":"https:\/\/help.jamk.fi\/lyhytkurssi\/wp-json\/wp\/v2\/pages\/819\/revisions"}],"predecessor-version":[{"id":1894,"href":"https:\/\/help.jamk.fi\/lyhytkurssi\/wp-json\/wp\/v2\/pages\/819\/revisions\/1894"}],"wp:attachment":[{"href":"https:\/\/help.jamk.fi\/lyhytkurssi\/wp-json\/wp\/v2\/media?parent=819"}],"wp:term":[{"taxonomy":"category","embeddable":true,"href":"https:\/\/help.jamk.fi\/lyhytkurssi\/wp-json\/wp\/v2\/categories?post=819"},{"taxonomy":"post_tag","embeddable":true,"href":"https:\/\/help.jamk.fi\/lyhytkurssi\/wp-json\/wp\/v2\/tags?post=819"}],"curies":[{"name":"wp","href":"https:\/\/api.w.org\/{rel}","templated":true}]}}