{"id":906,"date":"2016-10-17T12:45:07","date_gmt":"2016-10-17T09:45:07","guid":{"rendered":"https:\/\/help.jamk.fi\/lyhytkurssi\/laskutusaineiston-valmistelu\/kaksi-maksajaa\/"},"modified":"2024-11-04T12:55:51","modified_gmt":"2024-11-04T10:55:51","slug":"kaksi-maksajaa","status":"publish","type":"page","link":"https:\/\/help.jamk.fi\/lyhytkurssi\/fi\/laskutusaineiston-valmistelu\/kaksi-maksajaa\/","title":{"rendered":"Kaksi maksajaa laskutuksessa"},"content":{"rendered":"\n<p>Jos koulutuksen osallistujalla on kaksi maksajaa, esim. osallistuja itse ja h\u00e4nen ty\u00f6nantajansa, voit tehd\u00e4 laskun \/laskut alla olevien ohjeiden mukaisesti.<\/p>\n\n\n\n<ul class=\"wp-block-list\">\n<li>Jos koulutukseen osallistuja on maksanut oman osuutensa verkkomaksuna, voit lis\u00e4t\u00e4 ty\u00f6nantajan toiseksi maksajaksi seuraamalla <a href=\"https:\/\/help.jamk.fi\/lyhytkurssi\/fi\/laskutusaineiston-valmistelu\/tyonantajan-lisaaminen-maksajaksi\/\">Ty\u00f6nantajan lis\u00e4\u00e4minen toiseksi maksajaksi j\u00e4lkik\u00e4teen<\/a> -ohjeita.<\/li>\n\n\n\n<li>Jos molempia osapuolia laskutetaan, toimi seuraavasti:\n<ol class=\"wp-block-list\">\n<li>Tee normaaliin tapaan lasku ensin osallistujalle, voit muuttaa laskun summaa tuotteeseen tuotteen poiminnan yhteydess\u00e4.<\/li>\n\n\n\n<li>Tarkista, ett\u00e4 ty\u00f6nantaja\/ toinen laskutettava asiakas l\u00f6ytyy Lyhytkurssin asiakasrekisterist\u00e4: Yll\u00e4pito -> asiakasrekisteri. Jos ei l\u00f6ydy, lis\u00e4\u00e4 asiakkaan tiedot sinne Uusi yritys -painikkeen takaa. Muista lis\u00e4t\u00e4 my\u00f6s laskutustiedot sek\u00e4 verkkolaskuosoite ja verkkolaskuoperaattori, jos asiakkaalla on k\u00e4yt\u00f6ss\u00e4\u00e4n s\u00e4hk\u00f6inen laskutus (kuvio 1).<br><a href=\"https:\/\/help.jamk.fi\/lyhytkurssi\/wp-content\/uploads\/sites\/75\/2023\/07\/Laskutustiedot.png\"><img loading=\"lazy\" decoding=\"async\" width=\"631\" height=\"224\" class=\"wp-image-860 alignleft\" src=\"https:\/\/help.jamk.fi\/lyhytkurssi\/wp-content\/uploads\/sites\/75\/2023\/07\/Laskutustiedot.png\" alt=\"laskutustiedot\"><\/a><br><br><br><br><br><br><br><br><br><br><br><br>Kuvio 1. Verkkolaskuosoite- ja verkkolaskuoperaattori -kent\u00e4t asiakasrekisteriss\u00e4<br><\/li>\n\n\n\n<li>Avaa Tilavarausohjelma -> Tuotemyynti (jos t\u00e4m\u00e4 ei n\u00e4y, pyyd\u00e4 oikeudet Lyhytkurssin yll\u00e4pit\u00e4j\u00e4lt\u00e4) (kuvio 2).<br><a href=\"https:\/\/help.jamk.fi\/lyhytkurssi\/wp-content\/uploads\/sites\/75\/2023\/07\/Tuotemyynti.png\"><img loading=\"lazy\" decoding=\"async\" width=\"188\" height=\"398\" class=\"alignnone wp-image-861\" src=\"https:\/\/help.jamk.fi\/lyhytkurssi\/wp-content\/uploads\/sites\/75\/2023\/07\/Tuotemyynti.png\" alt=\"tuotemyynti\"><\/a><br>Kuvio 2. Tuotemyynti Lyhytkurssin p\u00e4\u00e4ikkunan valikossa<\/li>\n\n\n\n<li>Poimi tuotemyyntiin laskutettavat tuotteet joko Poimi tuotteet tuoterekisterist\u00e4 -painikkeen kautta tai kirjoittamalla kentt\u00e4\u00e4n tuotteen koodi ja valitsemalla sen j\u00e4lkeen Poimi tuote -painike (kuvio 3).<br><a href=\"https:\/\/help.jamk.fi\/lyhytkurssi\/wp-content\/uploads\/sites\/75\/2023\/07\/Tuotteen-poiminta-tuotemyynnissa.png\"><img loading=\"lazy\" decoding=\"async\" width=\"555\" height=\"93\" class=\"alignnone wp-image-862\" src=\"https:\/\/help.jamk.fi\/lyhytkurssi\/wp-content\/uploads\/sites\/75\/2023\/07\/Tuotteen-poiminta-tuotemyynnissa.png\" alt=\"tuotteen-poiminta-tuotemyynnissa\"><\/a><br>Kuvio 3. Laskutettavien tuotteiden poiminta tuoterekisterist\u00e4<\/li>\n\n\n\n<li>Tuotteet ilmestyv\u00e4t etsint\u00e4kent\u00e4n alapuolelle. T\u00e4ss\u00e4 vaiheessa voit muokata tuotteiden nimi\u00e4 ja hintoja (kuvio 4).<a href=\"https:\/\/help.jamk.fi\/lyhytkurssi\/wp-content\/uploads\/sites\/75\/2023\/07\/Poimitut-tuotteet.png\"><img loading=\"lazy\" decoding=\"async\" width=\"630\" height=\"106\" class=\"alignnone wp-image-863\" src=\"https:\/\/help.jamk.fi\/lyhytkurssi\/wp-content\/uploads\/sites\/75\/2023\/07\/Poimitut-tuotteet.png\" alt=\"poimitut-tuotteet\"><\/a><br>Kuvio 4. Poimitut tuotteet<\/li>\n\n\n\n<li>Hae laskutettava asiakas \/ yritys Asiakas-kohtaan Haku\/Yll\u00e4pito-painikkeen kautta (kuvio 5). Hyv\u00e4ksy hakemasi yritys Poimi-painikkeella.<a href=\"https:\/\/help.jamk.fi\/lyhytkurssi\/wp-content\/uploads\/sites\/75\/2023\/07\/Asiakkaan-haku.png\"><img loading=\"lazy\" decoding=\"async\" width=\"464\" height=\"110\" class=\"alignnone size-full wp-image-864\" src=\"https:\/\/help.jamk.fi\/lyhytkurssi\/wp-content\/uploads\/sites\/75\/2023\/07\/Asiakkaan-haku.png\" alt=\"asiakkaan-haku\"><\/a><br>Kuvio 5. Asiakkaan hakeminen<\/li>\n\n\n\n<li>Nyt asiakas \/ yritys n\u00e4kyy Asiakas-kent\u00e4ss\u00e4.<\/li>\n\n\n\n<li>Lis\u00e4\u00e4 laskulle er\u00e4p\u00e4iv\u00e4 ja kirjoita mahdollisia laskutuser\u00e4n lis\u00e4tietoja, jotka n\u00e4kyv\u00e4t laskulla (kuvio 6).<a href=\"https:\/\/help.jamk.fi\/lyhytkurssi\/wp-content\/uploads\/sites\/75\/2023\/07\/Erapaiva-ja-hyvaksy.png\"><img loading=\"lazy\" decoding=\"async\" width=\"645\" height=\"147\" class=\"alignnone wp-image-865\" src=\"https:\/\/help.jamk.fi\/lyhytkurssi\/wp-content\/uploads\/sites\/75\/2023\/07\/Erapaiva-ja-hyvaksy.png\" alt=\"erapaiva-ja-hyvaksy\"><\/a><br>Kuvio 6. Er\u00e4p\u00e4iv\u00e4n ja lis\u00e4tietojen lis\u00e4\u00e4minen<\/li>\n\n\n\n<li>Hyv\u00e4ksy lasku Hyv\u00e4ksy myynti ja tulosta lasku -painikkeella. Muista valita laskutettavat tuotteet ennen laskun hyv\u00e4kymist\u00e4 (ruksit tuotteiden eteen)!<\/li>\n\n\n\n<li>Sinulle avautuu tulostettu lasku. Tarkista, ett\u00e4 tiedot ovat oikein.<\/li>\n\n\n\n<li>Palaamalla Tuotemyynti-ikkunaan n\u00e4et laskunumeron, jolla l\u00f6yd\u00e4t laskun Laskusiirto-ohjelmassa (kuvio 7), ks. ohjeet <a href=\"https:\/\/help.jamk.fi\/lyhytkurssi\/fi\/laskutusaineiston-valmistelu\/\">t\u00e4\u00e4lt\u00e4<\/a>. Jatka laskutusta vaiheen 3 mukaisesti.<br><a href=\"https:\/\/help.jamk.fi\/lyhytkurssi\/wp-content\/uploads\/sites\/75\/2023\/07\/Laskunumero.png\"><img loading=\"lazy\" decoding=\"async\" width=\"539\" height=\"60\" class=\"alignnone wp-image-866\" src=\"https:\/\/help.jamk.fi\/lyhytkurssi\/wp-content\/uploads\/sites\/75\/2023\/07\/Laskunumero.png\" alt=\"laskunumero\"><\/a><br>Kuvio 7. Laskunumerot<\/li>\n<\/ol>\n<\/li>\n<\/ul>\n\n\n\n<p><\/p>\n","protected":false},"excerpt":{"rendered":"<p>Jos koulutuksen osallistujalla on kaksi maksajaa, esim. osallistuja itse ja h\u00e4nen ty\u00f6nantajansa, voit tehd\u00e4 laskun \/laskut alla olevien ohjeiden mukaisesti.<\/p>\n","protected":false},"author":79,"featured_media":0,"parent":819,"menu_order":2,"comment_status":"closed","ping_status":"closed","template":"","meta":{"_acf_changed":false,"_relevanssi_hide_post":"","_relevanssi_hide_content":"","_relevanssi_pin_for_all":"","_relevanssi_pin_keywords":"","_relevanssi_unpin_keywords":"","_relevanssi_related_keywords":"","_relevanssi_related_include_ids":"","_relevanssi_related_exclude_ids":"","_relevanssi_related_no_append":"","_relevanssi_related_not_related":"","_relevanssi_related_posts":"","_relevanssi_noindex_reason":"","footnotes":""},"categories":[],"tags":[],"class_list":["post-906","page","type-page","status-publish","hentry"],"acf":[],"yoast_head":"<!-- This site is optimized with the Yoast SEO plugin v27.3 - https:\/\/yoast.com\/product\/yoast-seo-wordpress\/ -->\n<title>Kaksi maksajaa laskutuksessa - Lyhytkurssi<\/title>\n<meta name=\"robots\" content=\"index, follow, max-snippet:-1, max-image-preview:large, max-video-preview:-1\" \/>\n<link rel=\"canonical\" href=\"https:\/\/help.jamk.fi\/lyhytkurssi\/fi\/laskutusaineiston-valmistelu\/kaksi-maksajaa\/\" \/>\n<meta property=\"og:locale\" content=\"fi_FI\" \/>\n<meta property=\"og:type\" content=\"article\" \/>\n<meta property=\"og:title\" content=\"Kaksi maksajaa laskutuksessa - Lyhytkurssi\" \/>\n<meta property=\"og:description\" content=\"Jos koulutuksen osallistujalla on kaksi maksajaa, esim. osallistuja itse ja h\u00e4nen ty\u00f6nantajansa, voit tehd\u00e4 laskun \/laskut alla olevien ohjeiden mukaisesti.\" \/>\n<meta property=\"og:url\" content=\"https:\/\/help.jamk.fi\/lyhytkurssi\/fi\/laskutusaineiston-valmistelu\/kaksi-maksajaa\/\" \/>\n<meta property=\"og:site_name\" content=\"Lyhytkurssi\" \/>\n<meta property=\"article:modified_time\" content=\"2024-11-04T10:55:51+00:00\" \/>\n<meta property=\"og:image\" content=\"https:\/\/help.jamk.fi\/lyhytkurssi\/wp-content\/uploads\/sites\/75\/2023\/07\/Laskutustiedot.png\" \/>\n<meta name=\"twitter:card\" content=\"summary_large_image\" \/>\n<meta name=\"twitter:label1\" content=\"Arvioitu lukuaika\" \/>\n\t<meta name=\"twitter:data1\" content=\"4 minuuttia\" \/>\n<script type=\"application\/ld+json\" class=\"yoast-schema-graph\">{\"@context\":\"https:\\\/\\\/schema.org\",\"@graph\":[{\"@type\":\"WebPage\",\"@id\":\"https:\\\/\\\/help.jamk.fi\\\/lyhytkurssi\\\/fi\\\/laskutusaineiston-valmistelu\\\/kaksi-maksajaa\\\/\",\"url\":\"https:\\\/\\\/help.jamk.fi\\\/lyhytkurssi\\\/fi\\\/laskutusaineiston-valmistelu\\\/kaksi-maksajaa\\\/\",\"name\":\"Kaksi maksajaa laskutuksessa - Lyhytkurssi\",\"isPartOf\":{\"@id\":\"https:\\\/\\\/help.jamk.fi\\\/lyhytkurssi\\\/#website\"},\"primaryImageOfPage\":{\"@id\":\"https:\\\/\\\/help.jamk.fi\\\/lyhytkurssi\\\/fi\\\/laskutusaineiston-valmistelu\\\/kaksi-maksajaa\\\/#primaryimage\"},\"image\":{\"@id\":\"https:\\\/\\\/help.jamk.fi\\\/lyhytkurssi\\\/fi\\\/laskutusaineiston-valmistelu\\\/kaksi-maksajaa\\\/#primaryimage\"},\"thumbnailUrl\":\"https:\\\/\\\/help.jamk.fi\\\/lyhytkurssi\\\/wp-content\\\/uploads\\\/sites\\\/75\\\/2023\\\/07\\\/Laskutustiedot.png\",\"datePublished\":\"2016-10-17T09:45:07+00:00\",\"dateModified\":\"2024-11-04T10:55:51+00:00\",\"breadcrumb\":{\"@id\":\"https:\\\/\\\/help.jamk.fi\\\/lyhytkurssi\\\/fi\\\/laskutusaineiston-valmistelu\\\/kaksi-maksajaa\\\/#breadcrumb\"},\"inLanguage\":\"fi\",\"potentialAction\":[{\"@type\":\"ReadAction\",\"target\":[\"https:\\\/\\\/help.jamk.fi\\\/lyhytkurssi\\\/fi\\\/laskutusaineiston-valmistelu\\\/kaksi-maksajaa\\\/\"]}]},{\"@type\":\"ImageObject\",\"inLanguage\":\"fi\",\"@id\":\"https:\\\/\\\/help.jamk.fi\\\/lyhytkurssi\\\/fi\\\/laskutusaineiston-valmistelu\\\/kaksi-maksajaa\\\/#primaryimage\",\"url\":\"https:\\\/\\\/help.jamk.fi\\\/lyhytkurssi\\\/wp-content\\\/uploads\\\/sites\\\/75\\\/2023\\\/07\\\/Laskutustiedot.png\",\"contentUrl\":\"https:\\\/\\\/help.jamk.fi\\\/lyhytkurssi\\\/wp-content\\\/uploads\\\/sites\\\/75\\\/2023\\\/07\\\/Laskutustiedot.png\"},{\"@type\":\"BreadcrumbList\",\"@id\":\"https:\\\/\\\/help.jamk.fi\\\/lyhytkurssi\\\/fi\\\/laskutusaineiston-valmistelu\\\/kaksi-maksajaa\\\/#breadcrumb\",\"itemListElement\":[{\"@type\":\"ListItem\",\"position\":1,\"name\":\"Etusivu\",\"item\":\"https:\\\/\\\/help.jamk.fi\\\/lyhytkurssi\\\/fi\\\/\"},{\"@type\":\"ListItem\",\"position\":2,\"name\":\"Laskutusaineiston valmistelu\",\"item\":\"https:\\\/\\\/help.jamk.fi\\\/lyhytkurssi\\\/fi\\\/laskutusaineiston-valmistelu\\\/\"},{\"@type\":\"ListItem\",\"position\":3,\"name\":\"Kaksi maksajaa laskutuksessa\"}]},{\"@type\":\"WebSite\",\"@id\":\"https:\\\/\\\/help.jamk.fi\\\/lyhytkurssi\\\/#website\",\"url\":\"https:\\\/\\\/help.jamk.fi\\\/lyhytkurssi\\\/\",\"name\":\"Lyhytkurssi\",\"description\":\"\",\"potentialAction\":[{\"@type\":\"SearchAction\",\"target\":{\"@type\":\"EntryPoint\",\"urlTemplate\":\"https:\\\/\\\/help.jamk.fi\\\/lyhytkurssi\\\/?s={search_term_string}\"},\"query-input\":{\"@type\":\"PropertyValueSpecification\",\"valueRequired\":true,\"valueName\":\"search_term_string\"}}],\"inLanguage\":\"fi\"}]}<\/script>\n<!-- \/ Yoast SEO plugin. -->","yoast_head_json":{"title":"Kaksi maksajaa laskutuksessa - Lyhytkurssi","robots":{"index":"index","follow":"follow","max-snippet":"max-snippet:-1","max-image-preview":"max-image-preview:large","max-video-preview":"max-video-preview:-1"},"canonical":"https:\/\/help.jamk.fi\/lyhytkurssi\/fi\/laskutusaineiston-valmistelu\/kaksi-maksajaa\/","og_locale":"fi_FI","og_type":"article","og_title":"Kaksi maksajaa laskutuksessa - Lyhytkurssi","og_description":"Jos koulutuksen osallistujalla on kaksi maksajaa, esim. osallistuja itse ja h\u00e4nen ty\u00f6nantajansa, voit tehd\u00e4 laskun \/laskut alla olevien ohjeiden mukaisesti.","og_url":"https:\/\/help.jamk.fi\/lyhytkurssi\/fi\/laskutusaineiston-valmistelu\/kaksi-maksajaa\/","og_site_name":"Lyhytkurssi","article_modified_time":"2024-11-04T10:55:51+00:00","og_image":[{"url":"https:\/\/help.jamk.fi\/lyhytkurssi\/wp-content\/uploads\/sites\/75\/2023\/07\/Laskutustiedot.png","type":"","width":"","height":""}],"twitter_card":"summary_large_image","twitter_misc":{"Arvioitu lukuaika":"4 minuuttia"},"schema":{"@context":"https:\/\/schema.org","@graph":[{"@type":"WebPage","@id":"https:\/\/help.jamk.fi\/lyhytkurssi\/fi\/laskutusaineiston-valmistelu\/kaksi-maksajaa\/","url":"https:\/\/help.jamk.fi\/lyhytkurssi\/fi\/laskutusaineiston-valmistelu\/kaksi-maksajaa\/","name":"Kaksi maksajaa laskutuksessa - Lyhytkurssi","isPartOf":{"@id":"https:\/\/help.jamk.fi\/lyhytkurssi\/#website"},"primaryImageOfPage":{"@id":"https:\/\/help.jamk.fi\/lyhytkurssi\/fi\/laskutusaineiston-valmistelu\/kaksi-maksajaa\/#primaryimage"},"image":{"@id":"https:\/\/help.jamk.fi\/lyhytkurssi\/fi\/laskutusaineiston-valmistelu\/kaksi-maksajaa\/#primaryimage"},"thumbnailUrl":"https:\/\/help.jamk.fi\/lyhytkurssi\/wp-content\/uploads\/sites\/75\/2023\/07\/Laskutustiedot.png","datePublished":"2016-10-17T09:45:07+00:00","dateModified":"2024-11-04T10:55:51+00:00","breadcrumb":{"@id":"https:\/\/help.jamk.fi\/lyhytkurssi\/fi\/laskutusaineiston-valmistelu\/kaksi-maksajaa\/#breadcrumb"},"inLanguage":"fi","potentialAction":[{"@type":"ReadAction","target":["https:\/\/help.jamk.fi\/lyhytkurssi\/fi\/laskutusaineiston-valmistelu\/kaksi-maksajaa\/"]}]},{"@type":"ImageObject","inLanguage":"fi","@id":"https:\/\/help.jamk.fi\/lyhytkurssi\/fi\/laskutusaineiston-valmistelu\/kaksi-maksajaa\/#primaryimage","url":"https:\/\/help.jamk.fi\/lyhytkurssi\/wp-content\/uploads\/sites\/75\/2023\/07\/Laskutustiedot.png","contentUrl":"https:\/\/help.jamk.fi\/lyhytkurssi\/wp-content\/uploads\/sites\/75\/2023\/07\/Laskutustiedot.png"},{"@type":"BreadcrumbList","@id":"https:\/\/help.jamk.fi\/lyhytkurssi\/fi\/laskutusaineiston-valmistelu\/kaksi-maksajaa\/#breadcrumb","itemListElement":[{"@type":"ListItem","position":1,"name":"Etusivu","item":"https:\/\/help.jamk.fi\/lyhytkurssi\/fi\/"},{"@type":"ListItem","position":2,"name":"Laskutusaineiston valmistelu","item":"https:\/\/help.jamk.fi\/lyhytkurssi\/fi\/laskutusaineiston-valmistelu\/"},{"@type":"ListItem","position":3,"name":"Kaksi maksajaa laskutuksessa"}]},{"@type":"WebSite","@id":"https:\/\/help.jamk.fi\/lyhytkurssi\/#website","url":"https:\/\/help.jamk.fi\/lyhytkurssi\/","name":"Lyhytkurssi","description":"","potentialAction":[{"@type":"SearchAction","target":{"@type":"EntryPoint","urlTemplate":"https:\/\/help.jamk.fi\/lyhytkurssi\/?s={search_term_string}"},"query-input":{"@type":"PropertyValueSpecification","valueRequired":true,"valueName":"search_term_string"}}],"inLanguage":"fi"}]}},"_links":{"self":[{"href":"https:\/\/help.jamk.fi\/lyhytkurssi\/wp-json\/wp\/v2\/pages\/906","targetHints":{"allow":["GET"]}}],"collection":[{"href":"https:\/\/help.jamk.fi\/lyhytkurssi\/wp-json\/wp\/v2\/pages"}],"about":[{"href":"https:\/\/help.jamk.fi\/lyhytkurssi\/wp-json\/wp\/v2\/types\/page"}],"author":[{"embeddable":true,"href":"https:\/\/help.jamk.fi\/lyhytkurssi\/wp-json\/wp\/v2\/users\/79"}],"replies":[{"embeddable":true,"href":"https:\/\/help.jamk.fi\/lyhytkurssi\/wp-json\/wp\/v2\/comments?post=906"}],"version-history":[{"count":6,"href":"https:\/\/help.jamk.fi\/lyhytkurssi\/wp-json\/wp\/v2\/pages\/906\/revisions"}],"predecessor-version":[{"id":1900,"href":"https:\/\/help.jamk.fi\/lyhytkurssi\/wp-json\/wp\/v2\/pages\/906\/revisions\/1900"}],"up":[{"embeddable":true,"href":"https:\/\/help.jamk.fi\/lyhytkurssi\/wp-json\/wp\/v2\/pages\/819"}],"wp:attachment":[{"href":"https:\/\/help.jamk.fi\/lyhytkurssi\/wp-json\/wp\/v2\/media?parent=906"}],"wp:term":[{"taxonomy":"category","embeddable":true,"href":"https:\/\/help.jamk.fi\/lyhytkurssi\/wp-json\/wp\/v2\/categories?post=906"},{"taxonomy":"post_tag","embeddable":true,"href":"https:\/\/help.jamk.fi\/lyhytkurssi\/wp-json\/wp\/v2\/tags?post=906"}],"curies":[{"name":"wp","href":"https:\/\/api.w.org\/{rel}","templated":true}]}}