{"id":951,"date":"2016-10-19T09:50:37","date_gmt":"2016-10-19T06:50:37","guid":{"rendered":"https:\/\/help.jamk.fi\/lyhytkurssi\/laskutusaineiston-valmistelu\/asiakastailmoittautujaa-ei-loydy-lyhytkurssista\/"},"modified":"2024-11-04T12:57:54","modified_gmt":"2024-11-04T10:57:54","slug":"asiakastailmoittautujaa-ei-loydy-lyhytkurssista","status":"publish","type":"page","link":"https:\/\/help.jamk.fi\/lyhytkurssi\/fi\/laskutusaineiston-valmistelu\/asiakastailmoittautujaa-ei-loydy-lyhytkurssista\/","title":{"rendered":"Asiakasta \/ ilmoittautujaa ei l\u00f6ydy Lyhytkurssista"},"content":{"rendered":"\n<p>Tavoite on, ett\u00e4 kaikki henkil\u00f6t ilmoittautuisivat koulutuksiin Lyhytkurssin kautta, jotta henkil\u00f6iden tietojen viemiseen liittyv\u00e4 k\u00e4sity\u00f6 v\u00e4henisi. Jos n\u00e4in ei kuitenkaan ole tapahtunut, laskuttaminen silti onnistuu. Toimi seuraavasti:<\/p>\n\n\n\n<ul class=\"wp-block-list\">\n<li>Jos koulutus l\u00f6ytyy Lyhytkurssista, mutta henkil\u00f6\u00e4 ei l\u00f6ydy, lis\u00e4\u00e4 henkil\u00f6 koulutukseen, ks. <a href=\"https:\/\/help.jamk.fi\/lyhytkurssi\/fi\/ilmoittautumisten-kasittely\/henkilon-lisaaminen-kurssille-jalkikateen\/\">henkil\u00f6n lis\u00e4\u00e4misen ohje<\/a>. Tee t\u00e4m\u00e4n j\u00e4lkeen laskutus normaaliin malliin.<\/li>\n\n\n\n<li>Jos koulutustakaan ei l\u00f6ydy Lyhytkurssista, toimi n\u00e4in:<\/li>\n<\/ul>\n\n\n\n<ol class=\"wp-block-list\">\n<li>Lis\u00e4\u00e4 henkil\u00f6 Lyhytkurssiin: Yll\u00e4pito -&gt; Henkil\u00f6rekisteri -&gt; Uusi henkil\u00f6.<\/li>\n\n\n\n<li>Kun olet tallentanut henkil\u00f6n tiedot (v\u00e4hint\u00e4\u00e4n nimi ja osoitetiedot), tee h\u00e4nest\u00e4 ns. henkil\u00f6asiakas klikkaamalla Luo henkil\u00f6st\u00e4 henkil\u00f6asiakas -painiketta (kuvio 1). Ohjelma pyyt\u00e4\u00e4 varmistamaan, luodaanko henkil\u00f6n tietoja vastaava henkil\u00f6yritys. Klikkaa &#8221;OK&#8221;. Henkil\u00f6st\u00e4 luodaan henkil\u00f6yritys taustalla, vaikka mit\u00e4\u00e4n ei n\u00e4yt\u00e4 tapahtuvan.<br><img loading=\"lazy\" decoding=\"async\" width=\"474\" height=\"227\" class=\"alignnone size-full wp-image-879\" src=\"https:\/\/help.jamk.fi\/lyhytkurssi\/wp-content\/uploads\/sites\/75\/2023\/07\/Henkiloasiakas.png\" alt=\"henkiloasiakas\"><br>Kuvio 1. Luo henkil\u00f6st\u00e4 henkil\u00f6asiakas<\/li>\n\n\n\n<li>Laskuta t\u00e4m\u00e4n j\u00e4lkeen henkil\u00f6\u00e4 Tuotemyynnin kautta, ks. <a href=\"https:\/\/help.jamk.fi\/lyhytkurssi\/fi\/laskutusaineiston-valmistelu\/kaksi-maksajaa\/\">laskutuksen ohje<\/a> -&gt; kohta 3.<\/li>\n<\/ol>\n","protected":false},"excerpt":{"rendered":"<p>Tavoite on, ett\u00e4 kaikki henkil\u00f6t ilmoittautuisivat koulutuksiin Lyhytkurssin kautta, jotta henkil\u00f6iden tietojen viemiseen liittyv\u00e4 k\u00e4sity\u00f6 v\u00e4henisi. Jos n\u00e4in ei kuitenkaan ole tapahtunut, laskuttaminen silti onnistuu. Toimi seuraavasti:<\/p>\n","protected":false},"author":79,"featured_media":0,"parent":819,"menu_order":3,"comment_status":"closed","ping_status":"closed","template":"","meta":{"_acf_changed":false,"_relevanssi_hide_post":"","_relevanssi_hide_content":"","_relevanssi_pin_for_all":"","_relevanssi_pin_keywords":"","_relevanssi_unpin_keywords":"","_relevanssi_related_keywords":"","_relevanssi_related_include_ids":"","_relevanssi_related_exclude_ids":"","_relevanssi_related_no_append":"","_relevanssi_related_not_related":"","_relevanssi_related_posts":"","_relevanssi_noindex_reason":"","footnotes":""},"categories":[],"tags":[],"class_list":["post-951","page","type-page","status-publish","hentry"],"acf":[],"yoast_head":"<!-- This site is optimized with the Yoast SEO plugin v27.3 - https:\/\/yoast.com\/product\/yoast-seo-wordpress\/ -->\n<title>Asiakasta \/ ilmoittautujaa ei l\u00f6ydy Lyhytkurssista - Lyhytkurssi<\/title>\n<meta name=\"robots\" content=\"index, follow, max-snippet:-1, max-image-preview:large, max-video-preview:-1\" \/>\n<link rel=\"canonical\" href=\"https:\/\/help.jamk.fi\/lyhytkurssi\/fi\/laskutusaineiston-valmistelu\/asiakastailmoittautujaa-ei-loydy-lyhytkurssista\/\" \/>\n<meta property=\"og:locale\" content=\"fi_FI\" \/>\n<meta property=\"og:type\" content=\"article\" \/>\n<meta property=\"og:title\" content=\"Asiakasta \/ ilmoittautujaa ei l\u00f6ydy Lyhytkurssista - Lyhytkurssi\" \/>\n<meta property=\"og:description\" content=\"Tavoite on, ett\u00e4 kaikki henkil\u00f6t ilmoittautuisivat koulutuksiin Lyhytkurssin kautta, jotta henkil\u00f6iden tietojen viemiseen liittyv\u00e4 k\u00e4sity\u00f6 v\u00e4henisi. Jos n\u00e4in ei kuitenkaan ole tapahtunut, laskuttaminen silti onnistuu. Toimi seuraavasti:\" \/>\n<meta property=\"og:url\" content=\"https:\/\/help.jamk.fi\/lyhytkurssi\/fi\/laskutusaineiston-valmistelu\/asiakastailmoittautujaa-ei-loydy-lyhytkurssista\/\" \/>\n<meta property=\"og:site_name\" content=\"Lyhytkurssi\" \/>\n<meta property=\"article:modified_time\" content=\"2024-11-04T10:57:54+00:00\" \/>\n<meta property=\"og:image\" content=\"https:\/\/help.jamk.fi\/lyhytkurssi\/wp-content\/uploads\/sites\/75\/2023\/07\/Henkiloasiakas.png\" \/>\n<meta name=\"twitter:card\" content=\"summary_large_image\" \/>\n<meta name=\"twitter:label1\" content=\"Arvioitu lukuaika\" \/>\n\t<meta name=\"twitter:data1\" content=\"1 minuutti\" \/>\n<script type=\"application\/ld+json\" class=\"yoast-schema-graph\">{\"@context\":\"https:\\\/\\\/schema.org\",\"@graph\":[{\"@type\":\"WebPage\",\"@id\":\"https:\\\/\\\/help.jamk.fi\\\/lyhytkurssi\\\/fi\\\/laskutusaineiston-valmistelu\\\/asiakastailmoittautujaa-ei-loydy-lyhytkurssista\\\/\",\"url\":\"https:\\\/\\\/help.jamk.fi\\\/lyhytkurssi\\\/fi\\\/laskutusaineiston-valmistelu\\\/asiakastailmoittautujaa-ei-loydy-lyhytkurssista\\\/\",\"name\":\"Asiakasta \\\/ ilmoittautujaa ei l\u00f6ydy Lyhytkurssista - Lyhytkurssi\",\"isPartOf\":{\"@id\":\"https:\\\/\\\/help.jamk.fi\\\/lyhytkurssi\\\/#website\"},\"primaryImageOfPage\":{\"@id\":\"https:\\\/\\\/help.jamk.fi\\\/lyhytkurssi\\\/fi\\\/laskutusaineiston-valmistelu\\\/asiakastailmoittautujaa-ei-loydy-lyhytkurssista\\\/#primaryimage\"},\"image\":{\"@id\":\"https:\\\/\\\/help.jamk.fi\\\/lyhytkurssi\\\/fi\\\/laskutusaineiston-valmistelu\\\/asiakastailmoittautujaa-ei-loydy-lyhytkurssista\\\/#primaryimage\"},\"thumbnailUrl\":\"https:\\\/\\\/help.jamk.fi\\\/lyhytkurssi\\\/wp-content\\\/uploads\\\/sites\\\/75\\\/2023\\\/07\\\/Henkiloasiakas.png\",\"datePublished\":\"2016-10-19T06:50:37+00:00\",\"dateModified\":\"2024-11-04T10:57:54+00:00\",\"breadcrumb\":{\"@id\":\"https:\\\/\\\/help.jamk.fi\\\/lyhytkurssi\\\/fi\\\/laskutusaineiston-valmistelu\\\/asiakastailmoittautujaa-ei-loydy-lyhytkurssista\\\/#breadcrumb\"},\"inLanguage\":\"fi\",\"potentialAction\":[{\"@type\":\"ReadAction\",\"target\":[\"https:\\\/\\\/help.jamk.fi\\\/lyhytkurssi\\\/fi\\\/laskutusaineiston-valmistelu\\\/asiakastailmoittautujaa-ei-loydy-lyhytkurssista\\\/\"]}]},{\"@type\":\"ImageObject\",\"inLanguage\":\"fi\",\"@id\":\"https:\\\/\\\/help.jamk.fi\\\/lyhytkurssi\\\/fi\\\/laskutusaineiston-valmistelu\\\/asiakastailmoittautujaa-ei-loydy-lyhytkurssista\\\/#primaryimage\",\"url\":\"https:\\\/\\\/help.jamk.fi\\\/lyhytkurssi\\\/wp-content\\\/uploads\\\/sites\\\/75\\\/2023\\\/07\\\/Henkiloasiakas.png\",\"contentUrl\":\"https:\\\/\\\/help.jamk.fi\\\/lyhytkurssi\\\/wp-content\\\/uploads\\\/sites\\\/75\\\/2023\\\/07\\\/Henkiloasiakas.png\"},{\"@type\":\"BreadcrumbList\",\"@id\":\"https:\\\/\\\/help.jamk.fi\\\/lyhytkurssi\\\/fi\\\/laskutusaineiston-valmistelu\\\/asiakastailmoittautujaa-ei-loydy-lyhytkurssista\\\/#breadcrumb\",\"itemListElement\":[{\"@type\":\"ListItem\",\"position\":1,\"name\":\"Etusivu\",\"item\":\"https:\\\/\\\/help.jamk.fi\\\/lyhytkurssi\\\/fi\\\/\"},{\"@type\":\"ListItem\",\"position\":2,\"name\":\"Laskutusaineiston valmistelu\",\"item\":\"https:\\\/\\\/help.jamk.fi\\\/lyhytkurssi\\\/fi\\\/laskutusaineiston-valmistelu\\\/\"},{\"@type\":\"ListItem\",\"position\":3,\"name\":\"Asiakasta \\\/ ilmoittautujaa ei l\u00f6ydy Lyhytkurssista\"}]},{\"@type\":\"WebSite\",\"@id\":\"https:\\\/\\\/help.jamk.fi\\\/lyhytkurssi\\\/#website\",\"url\":\"https:\\\/\\\/help.jamk.fi\\\/lyhytkurssi\\\/\",\"name\":\"Lyhytkurssi\",\"description\":\"\",\"potentialAction\":[{\"@type\":\"SearchAction\",\"target\":{\"@type\":\"EntryPoint\",\"urlTemplate\":\"https:\\\/\\\/help.jamk.fi\\\/lyhytkurssi\\\/?s={search_term_string}\"},\"query-input\":{\"@type\":\"PropertyValueSpecification\",\"valueRequired\":true,\"valueName\":\"search_term_string\"}}],\"inLanguage\":\"fi\"}]}<\/script>\n<!-- \/ Yoast SEO plugin. -->","yoast_head_json":{"title":"Asiakasta \/ ilmoittautujaa ei l\u00f6ydy Lyhytkurssista - Lyhytkurssi","robots":{"index":"index","follow":"follow","max-snippet":"max-snippet:-1","max-image-preview":"max-image-preview:large","max-video-preview":"max-video-preview:-1"},"canonical":"https:\/\/help.jamk.fi\/lyhytkurssi\/fi\/laskutusaineiston-valmistelu\/asiakastailmoittautujaa-ei-loydy-lyhytkurssista\/","og_locale":"fi_FI","og_type":"article","og_title":"Asiakasta \/ ilmoittautujaa ei l\u00f6ydy Lyhytkurssista - Lyhytkurssi","og_description":"Tavoite on, ett\u00e4 kaikki henkil\u00f6t ilmoittautuisivat koulutuksiin Lyhytkurssin kautta, jotta henkil\u00f6iden tietojen viemiseen liittyv\u00e4 k\u00e4sity\u00f6 v\u00e4henisi. Jos n\u00e4in ei kuitenkaan ole tapahtunut, laskuttaminen silti onnistuu. Toimi seuraavasti:","og_url":"https:\/\/help.jamk.fi\/lyhytkurssi\/fi\/laskutusaineiston-valmistelu\/asiakastailmoittautujaa-ei-loydy-lyhytkurssista\/","og_site_name":"Lyhytkurssi","article_modified_time":"2024-11-04T10:57:54+00:00","og_image":[{"url":"https:\/\/help.jamk.fi\/lyhytkurssi\/wp-content\/uploads\/sites\/75\/2023\/07\/Henkiloasiakas.png","type":"","width":"","height":""}],"twitter_card":"summary_large_image","twitter_misc":{"Arvioitu lukuaika":"1 minuutti"},"schema":{"@context":"https:\/\/schema.org","@graph":[{"@type":"WebPage","@id":"https:\/\/help.jamk.fi\/lyhytkurssi\/fi\/laskutusaineiston-valmistelu\/asiakastailmoittautujaa-ei-loydy-lyhytkurssista\/","url":"https:\/\/help.jamk.fi\/lyhytkurssi\/fi\/laskutusaineiston-valmistelu\/asiakastailmoittautujaa-ei-loydy-lyhytkurssista\/","name":"Asiakasta \/ ilmoittautujaa ei l\u00f6ydy Lyhytkurssista - Lyhytkurssi","isPartOf":{"@id":"https:\/\/help.jamk.fi\/lyhytkurssi\/#website"},"primaryImageOfPage":{"@id":"https:\/\/help.jamk.fi\/lyhytkurssi\/fi\/laskutusaineiston-valmistelu\/asiakastailmoittautujaa-ei-loydy-lyhytkurssista\/#primaryimage"},"image":{"@id":"https:\/\/help.jamk.fi\/lyhytkurssi\/fi\/laskutusaineiston-valmistelu\/asiakastailmoittautujaa-ei-loydy-lyhytkurssista\/#primaryimage"},"thumbnailUrl":"https:\/\/help.jamk.fi\/lyhytkurssi\/wp-content\/uploads\/sites\/75\/2023\/07\/Henkiloasiakas.png","datePublished":"2016-10-19T06:50:37+00:00","dateModified":"2024-11-04T10:57:54+00:00","breadcrumb":{"@id":"https:\/\/help.jamk.fi\/lyhytkurssi\/fi\/laskutusaineiston-valmistelu\/asiakastailmoittautujaa-ei-loydy-lyhytkurssista\/#breadcrumb"},"inLanguage":"fi","potentialAction":[{"@type":"ReadAction","target":["https:\/\/help.jamk.fi\/lyhytkurssi\/fi\/laskutusaineiston-valmistelu\/asiakastailmoittautujaa-ei-loydy-lyhytkurssista\/"]}]},{"@type":"ImageObject","inLanguage":"fi","@id":"https:\/\/help.jamk.fi\/lyhytkurssi\/fi\/laskutusaineiston-valmistelu\/asiakastailmoittautujaa-ei-loydy-lyhytkurssista\/#primaryimage","url":"https:\/\/help.jamk.fi\/lyhytkurssi\/wp-content\/uploads\/sites\/75\/2023\/07\/Henkiloasiakas.png","contentUrl":"https:\/\/help.jamk.fi\/lyhytkurssi\/wp-content\/uploads\/sites\/75\/2023\/07\/Henkiloasiakas.png"},{"@type":"BreadcrumbList","@id":"https:\/\/help.jamk.fi\/lyhytkurssi\/fi\/laskutusaineiston-valmistelu\/asiakastailmoittautujaa-ei-loydy-lyhytkurssista\/#breadcrumb","itemListElement":[{"@type":"ListItem","position":1,"name":"Etusivu","item":"https:\/\/help.jamk.fi\/lyhytkurssi\/fi\/"},{"@type":"ListItem","position":2,"name":"Laskutusaineiston valmistelu","item":"https:\/\/help.jamk.fi\/lyhytkurssi\/fi\/laskutusaineiston-valmistelu\/"},{"@type":"ListItem","position":3,"name":"Asiakasta \/ ilmoittautujaa ei l\u00f6ydy Lyhytkurssista"}]},{"@type":"WebSite","@id":"https:\/\/help.jamk.fi\/lyhytkurssi\/#website","url":"https:\/\/help.jamk.fi\/lyhytkurssi\/","name":"Lyhytkurssi","description":"","potentialAction":[{"@type":"SearchAction","target":{"@type":"EntryPoint","urlTemplate":"https:\/\/help.jamk.fi\/lyhytkurssi\/?s={search_term_string}"},"query-input":{"@type":"PropertyValueSpecification","valueRequired":true,"valueName":"search_term_string"}}],"inLanguage":"fi"}]}},"_links":{"self":[{"href":"https:\/\/help.jamk.fi\/lyhytkurssi\/wp-json\/wp\/v2\/pages\/951","targetHints":{"allow":["GET"]}}],"collection":[{"href":"https:\/\/help.jamk.fi\/lyhytkurssi\/wp-json\/wp\/v2\/pages"}],"about":[{"href":"https:\/\/help.jamk.fi\/lyhytkurssi\/wp-json\/wp\/v2\/types\/page"}],"author":[{"embeddable":true,"href":"https:\/\/help.jamk.fi\/lyhytkurssi\/wp-json\/wp\/v2\/users\/79"}],"replies":[{"embeddable":true,"href":"https:\/\/help.jamk.fi\/lyhytkurssi\/wp-json\/wp\/v2\/comments?post=951"}],"version-history":[{"count":7,"href":"https:\/\/help.jamk.fi\/lyhytkurssi\/wp-json\/wp\/v2\/pages\/951\/revisions"}],"predecessor-version":[{"id":1902,"href":"https:\/\/help.jamk.fi\/lyhytkurssi\/wp-json\/wp\/v2\/pages\/951\/revisions\/1902"}],"up":[{"embeddable":true,"href":"https:\/\/help.jamk.fi\/lyhytkurssi\/wp-json\/wp\/v2\/pages\/819"}],"wp:attachment":[{"href":"https:\/\/help.jamk.fi\/lyhytkurssi\/wp-json\/wp\/v2\/media?parent=951"}],"wp:term":[{"taxonomy":"category","embeddable":true,"href":"https:\/\/help.jamk.fi\/lyhytkurssi\/wp-json\/wp\/v2\/categories?post=951"},{"taxonomy":"post_tag","embeddable":true,"href":"https:\/\/help.jamk.fi\/lyhytkurssi\/wp-json\/wp\/v2\/tags?post=951"}],"curies":[{"name":"wp","href":"https:\/\/api.w.org\/{rel}","templated":true}]}}