{"id":992,"date":"2018-10-18T12:22:23","date_gmt":"2018-10-18T09:22:23","guid":{"rendered":"https:\/\/help.jamk.fi\/lyhytkurssi\/laskutusaineiston-valmistelu\/maksut-joilla-maksuaikaa-yli-vuosi\/"},"modified":"2024-11-01T14:14:30","modified_gmt":"2024-11-01T12:14:30","slug":"maksut-joilla-maksuaikaa-yli-vuosi","status":"publish","type":"page","link":"https:\/\/help.jamk.fi\/lyhytkurssi\/fi\/laskutusaineiston-valmistelu\/maksut-joilla-maksuaikaa-yli-vuosi\/","title":{"rendered":"Maksut, joilla maksuaikaa yli vuosi"},"content":{"rendered":"\n<h2 class=\"wp-block-heading\">Yritysasiakkaan laskuttaminen<\/h2>\n\n\n\n<p>Asiakkaiden kirjanpito-ohjelmat eiv\u00e4t usein taivu siihen, ett\u00e4 yht\u00e4 laskua maksettaisiin useammassa er\u00e4ss\u00e4 eri vuosina. Kun laskutetaan useamman vuoden kest\u00e4v\u00e4\u00e4 koulutusta, yritysasiakkailta laskutetaan aina vain kyseisen vuoden koulutusmaksu.<\/p>\n\n\n\n<p>Tehd\u00e4\u00e4n siis samalle asiakkaalle samasta aiheesta lasku useammassa er\u00e4ss\u00e4 (= jokaisesta er\u00e4st\u00e4 oma tuotteensa ja n\u00e4ist\u00e4 oma laskunsa) vuosittain ja laskulle n\u00e4kyviin monesko er\u00e4 on kyseess\u00e4. T\u00e4m\u00e4 siksi, ett\u00e4 Jamkin ja asiakkaan kirjanpitoon tulot\/menot kirjautuvat automaattisesti oikealle vuodelle.<\/p>\n\n\n\n<h2 class=\"wp-block-heading\">Yksityishenkil\u00f6n laskuttaminen<\/h2>\n\n\n\n<p>Yksityishenkil\u00f6ille osoitetuissa koulutusmaksujen laskuissa tuo vuosittainen laskutus olisi my\u00f6s suositeltavaa. Ongelmaksi muodostuu muuten maksujen seuranta. Jos virallinen er\u00e4p\u00e4iv\u00e4 laskulla on l\u00e4hes kahden vuoden p\u00e4\u00e4ss\u00e4, niin kirjanpidon j\u00e4rjestelm\u00e4 huomioi ainoastaan t\u00e4m\u00e4n, vaikka opiskelijan kanssa olisikin sovittu kuukausittaisesta lyhent\u00e4misest\u00e4.<\/p>\n\n\n\n<p>Eli jos esim. opiskelija maksaa kolme ensimm\u00e4ist\u00e4 er\u00e4\u00e4 sovitusti ja j\u00e4tt\u00e4\u00e4 loput yhdeks\u00e4n maksamatta, niin h\u00e4n saa t\u00e4st\u00e4 maksukehotuksen vasta, kun viimeisen er\u00e4n er\u00e4p\u00e4iv\u00e4 on ylittynyt. Tarkoitushan kuitenkin on, ett\u00e4 opintoja voi jatkaa vain, jos maksut ovat kunnossa.<\/p>\n","protected":false},"excerpt":{"rendered":"<p>Yritysasiakkaan laskuttaminen Asiakkaiden kirjanpito-ohjelmat eiv\u00e4t usein taivu siihen, ett\u00e4 yht\u00e4 laskua maksettaisiin useammassa er\u00e4ss\u00e4 eri vuosina. Kun laskutetaan useamman vuoden kest\u00e4v\u00e4\u00e4 koulutusta, yritysasiakkailta laskutetaan aina vain kyseisen vuoden koulutusmaksu. Tehd\u00e4\u00e4n siis samalle asiakkaalle samasta aiheesta lasku useammassa er\u00e4ss\u00e4 (= jokaisesta er\u00e4st\u00e4 oma tuotteensa ja n\u00e4ist\u00e4 oma laskunsa) vuosittain ja laskulle n\u00e4kyviin monesko er\u00e4 on kyseess\u00e4. [&hellip;]<\/p>\n","protected":false},"author":79,"featured_media":0,"parent":819,"menu_order":4,"comment_status":"closed","ping_status":"closed","template":"","meta":{"_acf_changed":false,"_relevanssi_hide_post":"","_relevanssi_hide_content":"","_relevanssi_pin_for_all":"","_relevanssi_pin_keywords":"","_relevanssi_unpin_keywords":"","_relevanssi_related_keywords":"","_relevanssi_related_include_ids":"","_relevanssi_related_exclude_ids":"","_relevanssi_related_no_append":"","_relevanssi_related_not_related":"","_relevanssi_related_posts":"","_relevanssi_noindex_reason":"","footnotes":""},"categories":[],"tags":[],"class_list":["post-992","page","type-page","status-publish","hentry"],"acf":[],"yoast_head":"<!-- This site is optimized with the Yoast SEO plugin v27.3 - https:\/\/yoast.com\/product\/yoast-seo-wordpress\/ -->\n<title>Maksut, joilla maksuaikaa yli vuosi - Lyhytkurssi<\/title>\n<meta name=\"robots\" content=\"index, follow, max-snippet:-1, max-image-preview:large, max-video-preview:-1\" \/>\n<link rel=\"canonical\" href=\"https:\/\/help.jamk.fi\/lyhytkurssi\/fi\/laskutusaineiston-valmistelu\/maksut-joilla-maksuaikaa-yli-vuosi\/\" \/>\n<meta property=\"og:locale\" content=\"fi_FI\" \/>\n<meta property=\"og:type\" content=\"article\" \/>\n<meta property=\"og:title\" content=\"Maksut, joilla maksuaikaa yli vuosi - Lyhytkurssi\" \/>\n<meta property=\"og:description\" content=\"Yritysasiakkaan laskuttaminen Asiakkaiden kirjanpito-ohjelmat eiv\u00e4t usein taivu siihen, ett\u00e4 yht\u00e4 laskua maksettaisiin useammassa er\u00e4ss\u00e4 eri vuosina. Kun laskutetaan useamman vuoden kest\u00e4v\u00e4\u00e4 koulutusta, yritysasiakkailta laskutetaan aina vain kyseisen vuoden koulutusmaksu. Tehd\u00e4\u00e4n siis samalle asiakkaalle samasta aiheesta lasku useammassa er\u00e4ss\u00e4 (= jokaisesta er\u00e4st\u00e4 oma tuotteensa ja n\u00e4ist\u00e4 oma laskunsa) vuosittain ja laskulle n\u00e4kyviin monesko er\u00e4 on kyseess\u00e4. [&hellip;]\" \/>\n<meta property=\"og:url\" content=\"https:\/\/help.jamk.fi\/lyhytkurssi\/fi\/laskutusaineiston-valmistelu\/maksut-joilla-maksuaikaa-yli-vuosi\/\" \/>\n<meta property=\"og:site_name\" content=\"Lyhytkurssi\" \/>\n<meta property=\"article:modified_time\" content=\"2024-11-01T12:14:30+00:00\" \/>\n<meta name=\"twitter:card\" content=\"summary_large_image\" \/>\n<meta name=\"twitter:label1\" content=\"Arvioitu lukuaika\" \/>\n\t<meta name=\"twitter:data1\" content=\"1 minuutti\" \/>\n<script type=\"application\/ld+json\" class=\"yoast-schema-graph\">{\"@context\":\"https:\\\/\\\/schema.org\",\"@graph\":[{\"@type\":\"WebPage\",\"@id\":\"https:\\\/\\\/help.jamk.fi\\\/lyhytkurssi\\\/fi\\\/laskutusaineiston-valmistelu\\\/maksut-joilla-maksuaikaa-yli-vuosi\\\/\",\"url\":\"https:\\\/\\\/help.jamk.fi\\\/lyhytkurssi\\\/fi\\\/laskutusaineiston-valmistelu\\\/maksut-joilla-maksuaikaa-yli-vuosi\\\/\",\"name\":\"Maksut, joilla maksuaikaa yli vuosi - Lyhytkurssi\",\"isPartOf\":{\"@id\":\"https:\\\/\\\/help.jamk.fi\\\/lyhytkurssi\\\/#website\"},\"datePublished\":\"2018-10-18T09:22:23+00:00\",\"dateModified\":\"2024-11-01T12:14:30+00:00\",\"breadcrumb\":{\"@id\":\"https:\\\/\\\/help.jamk.fi\\\/lyhytkurssi\\\/fi\\\/laskutusaineiston-valmistelu\\\/maksut-joilla-maksuaikaa-yli-vuosi\\\/#breadcrumb\"},\"inLanguage\":\"fi\",\"potentialAction\":[{\"@type\":\"ReadAction\",\"target\":[\"https:\\\/\\\/help.jamk.fi\\\/lyhytkurssi\\\/fi\\\/laskutusaineiston-valmistelu\\\/maksut-joilla-maksuaikaa-yli-vuosi\\\/\"]}]},{\"@type\":\"BreadcrumbList\",\"@id\":\"https:\\\/\\\/help.jamk.fi\\\/lyhytkurssi\\\/fi\\\/laskutusaineiston-valmistelu\\\/maksut-joilla-maksuaikaa-yli-vuosi\\\/#breadcrumb\",\"itemListElement\":[{\"@type\":\"ListItem\",\"position\":1,\"name\":\"Etusivu\",\"item\":\"https:\\\/\\\/help.jamk.fi\\\/lyhytkurssi\\\/fi\\\/\"},{\"@type\":\"ListItem\",\"position\":2,\"name\":\"Laskutusaineiston valmistelu\",\"item\":\"https:\\\/\\\/help.jamk.fi\\\/lyhytkurssi\\\/fi\\\/laskutusaineiston-valmistelu\\\/\"},{\"@type\":\"ListItem\",\"position\":3,\"name\":\"Maksut, joilla maksuaikaa yli vuosi\"}]},{\"@type\":\"WebSite\",\"@id\":\"https:\\\/\\\/help.jamk.fi\\\/lyhytkurssi\\\/#website\",\"url\":\"https:\\\/\\\/help.jamk.fi\\\/lyhytkurssi\\\/\",\"name\":\"Lyhytkurssi\",\"description\":\"\",\"potentialAction\":[{\"@type\":\"SearchAction\",\"target\":{\"@type\":\"EntryPoint\",\"urlTemplate\":\"https:\\\/\\\/help.jamk.fi\\\/lyhytkurssi\\\/?s={search_term_string}\"},\"query-input\":{\"@type\":\"PropertyValueSpecification\",\"valueRequired\":true,\"valueName\":\"search_term_string\"}}],\"inLanguage\":\"fi\"}]}<\/script>\n<!-- \/ Yoast SEO plugin. -->","yoast_head_json":{"title":"Maksut, joilla maksuaikaa yli vuosi - Lyhytkurssi","robots":{"index":"index","follow":"follow","max-snippet":"max-snippet:-1","max-image-preview":"max-image-preview:large","max-video-preview":"max-video-preview:-1"},"canonical":"https:\/\/help.jamk.fi\/lyhytkurssi\/fi\/laskutusaineiston-valmistelu\/maksut-joilla-maksuaikaa-yli-vuosi\/","og_locale":"fi_FI","og_type":"article","og_title":"Maksut, joilla maksuaikaa yli vuosi - Lyhytkurssi","og_description":"Yritysasiakkaan laskuttaminen Asiakkaiden kirjanpito-ohjelmat eiv\u00e4t usein taivu siihen, ett\u00e4 yht\u00e4 laskua maksettaisiin useammassa er\u00e4ss\u00e4 eri vuosina. Kun laskutetaan useamman vuoden kest\u00e4v\u00e4\u00e4 koulutusta, yritysasiakkailta laskutetaan aina vain kyseisen vuoden koulutusmaksu. Tehd\u00e4\u00e4n siis samalle asiakkaalle samasta aiheesta lasku useammassa er\u00e4ss\u00e4 (= jokaisesta er\u00e4st\u00e4 oma tuotteensa ja n\u00e4ist\u00e4 oma laskunsa) vuosittain ja laskulle n\u00e4kyviin monesko er\u00e4 on kyseess\u00e4. [&hellip;]","og_url":"https:\/\/help.jamk.fi\/lyhytkurssi\/fi\/laskutusaineiston-valmistelu\/maksut-joilla-maksuaikaa-yli-vuosi\/","og_site_name":"Lyhytkurssi","article_modified_time":"2024-11-01T12:14:30+00:00","twitter_card":"summary_large_image","twitter_misc":{"Arvioitu lukuaika":"1 minuutti"},"schema":{"@context":"https:\/\/schema.org","@graph":[{"@type":"WebPage","@id":"https:\/\/help.jamk.fi\/lyhytkurssi\/fi\/laskutusaineiston-valmistelu\/maksut-joilla-maksuaikaa-yli-vuosi\/","url":"https:\/\/help.jamk.fi\/lyhytkurssi\/fi\/laskutusaineiston-valmistelu\/maksut-joilla-maksuaikaa-yli-vuosi\/","name":"Maksut, joilla maksuaikaa yli vuosi - Lyhytkurssi","isPartOf":{"@id":"https:\/\/help.jamk.fi\/lyhytkurssi\/#website"},"datePublished":"2018-10-18T09:22:23+00:00","dateModified":"2024-11-01T12:14:30+00:00","breadcrumb":{"@id":"https:\/\/help.jamk.fi\/lyhytkurssi\/fi\/laskutusaineiston-valmistelu\/maksut-joilla-maksuaikaa-yli-vuosi\/#breadcrumb"},"inLanguage":"fi","potentialAction":[{"@type":"ReadAction","target":["https:\/\/help.jamk.fi\/lyhytkurssi\/fi\/laskutusaineiston-valmistelu\/maksut-joilla-maksuaikaa-yli-vuosi\/"]}]},{"@type":"BreadcrumbList","@id":"https:\/\/help.jamk.fi\/lyhytkurssi\/fi\/laskutusaineiston-valmistelu\/maksut-joilla-maksuaikaa-yli-vuosi\/#breadcrumb","itemListElement":[{"@type":"ListItem","position":1,"name":"Etusivu","item":"https:\/\/help.jamk.fi\/lyhytkurssi\/fi\/"},{"@type":"ListItem","position":2,"name":"Laskutusaineiston valmistelu","item":"https:\/\/help.jamk.fi\/lyhytkurssi\/fi\/laskutusaineiston-valmistelu\/"},{"@type":"ListItem","position":3,"name":"Maksut, joilla maksuaikaa yli vuosi"}]},{"@type":"WebSite","@id":"https:\/\/help.jamk.fi\/lyhytkurssi\/#website","url":"https:\/\/help.jamk.fi\/lyhytkurssi\/","name":"Lyhytkurssi","description":"","potentialAction":[{"@type":"SearchAction","target":{"@type":"EntryPoint","urlTemplate":"https:\/\/help.jamk.fi\/lyhytkurssi\/?s={search_term_string}"},"query-input":{"@type":"PropertyValueSpecification","valueRequired":true,"valueName":"search_term_string"}}],"inLanguage":"fi"}]}},"_links":{"self":[{"href":"https:\/\/help.jamk.fi\/lyhytkurssi\/wp-json\/wp\/v2\/pages\/992","targetHints":{"allow":["GET"]}}],"collection":[{"href":"https:\/\/help.jamk.fi\/lyhytkurssi\/wp-json\/wp\/v2\/pages"}],"about":[{"href":"https:\/\/help.jamk.fi\/lyhytkurssi\/wp-json\/wp\/v2\/types\/page"}],"author":[{"embeddable":true,"href":"https:\/\/help.jamk.fi\/lyhytkurssi\/wp-json\/wp\/v2\/users\/79"}],"replies":[{"embeddable":true,"href":"https:\/\/help.jamk.fi\/lyhytkurssi\/wp-json\/wp\/v2\/comments?post=992"}],"version-history":[{"count":5,"href":"https:\/\/help.jamk.fi\/lyhytkurssi\/wp-json\/wp\/v2\/pages\/992\/revisions"}],"predecessor-version":[{"id":1838,"href":"https:\/\/help.jamk.fi\/lyhytkurssi\/wp-json\/wp\/v2\/pages\/992\/revisions\/1838"}],"up":[{"embeddable":true,"href":"https:\/\/help.jamk.fi\/lyhytkurssi\/wp-json\/wp\/v2\/pages\/819"}],"wp:attachment":[{"href":"https:\/\/help.jamk.fi\/lyhytkurssi\/wp-json\/wp\/v2\/media?parent=992"}],"wp:term":[{"taxonomy":"category","embeddable":true,"href":"https:\/\/help.jamk.fi\/lyhytkurssi\/wp-json\/wp\/v2\/categories?post=992"},{"taxonomy":"post_tag","embeddable":true,"href":"https:\/\/help.jamk.fi\/lyhytkurssi\/wp-json\/wp\/v2\/tags?post=992"}],"curies":[{"name":"wp","href":"https:\/\/api.w.org\/{rel}","templated":true}]}}