{"id":995,"date":"2020-08-24T05:44:14","date_gmt":"2020-08-24T02:44:14","guid":{"rendered":"https:\/\/help.jamk.fi\/lyhytkurssi\/lyhytkurssi\/"},"modified":"2025-07-17T10:03:23","modified_gmt":"2025-07-17T07:03:23","slug":"lyhytkurssi","status":"publish","type":"page","link":"https:\/\/help.jamk.fi\/lyhytkurssi\/fi\/","title":{"rendered":"Lyhytkurssi"},"content":{"rendered":"\n<div id=\"text-column-block_091662e5fccfa66243869955ef0c8511\" class=\"text-column block-text-column\">\n  <div class=\"block-text-column__wrapper\">\n                  <div class=\"row block-text-column__column-section\">\n          <div class=\"col-12 col-md-5 block-text-column__column-section--column\">\n            <div class=\"block-text-column__column-section--title-wrap\">\n                              <h2 class=\"\">Johdanto<\/h2>\n                          <\/div>\n          <\/div>\n          <div class=\"col-12 col-md-7 block-text-column__column-section--column\">\n                          <div class=\"block-text-column__column-section--text_area\">\n                <p><!-- wp:paragraph --><\/p>\n<p>Lyhytkurssi on Jamkissa k\u00e4yt\u00f6ss\u00e4 oleva maksullisen koulutuksen s\u00e4hk\u00f6inen ilmoittautumisj\u00e4rjestelm\u00e4. Lyhytkurssin on kehitt\u00e4nyt <a href=\"http:\/\/www.asio.fi\">Asio-Data Oy<\/a>. Lyhytkurssiin sy\u00f6tet\u00e4\u00e4n mm. avoimen ammattikorkeakoulun, t\u00e4ydennyskoulutusten, seminaarien ja asiantuntijatilaisuuksien tiedot.<\/p>\n<p><!-- \/wp:paragraph --><\/p>\n              <\/div>\n                      <\/div>\n        <\/div>\n            <\/div>\n<\/div>\n\n<div id=\"contact-card-block_a35f42773693910364985d6788404a87\" class=\"contact-card block-contact-card\">\n  <div class=\"row\">\n                  <div class=\"col-12 col-lg-6 block-contact-card__column\">\n          <div class=\"block-contact-card__item\">\n            <h3 class=\"block-contact-card__item--heading\">Yhteydenotot ongelmatilanteissa<\/h3>\n            <div class=\"block-contact-card__item--content\">\n              <p><a href=\"https:\/\/support.jamk.fi\/User\/Login\">Helpdesk<\/a><\/p>\n            <\/div>\n                      <\/div>\n        <\/div>\n            <\/div>\n<\/div>","protected":false},"excerpt":{"rendered":"","protected":false},"author":79,"featured_media":0,"parent":0,"menu_order":0,"comment_status":"closed","ping_status":"closed","template":"templates\/template-full-width.php","meta":{"_acf_changed":false,"_relevanssi_hide_post":"","_relevanssi_hide_content":"","_relevanssi_pin_for_all":"","_relevanssi_pin_keywords":"lyhytkurssi","_relevanssi_unpin_keywords":"","_relevanssi_related_keywords":"","_relevanssi_related_include_ids":"","_relevanssi_related_exclude_ids":"","_relevanssi_related_no_append":"","_relevanssi_related_not_related":"","_relevanssi_related_posts":"20,5,71,14,153,29","_relevanssi_noindex_reason":"","footnotes":""},"categories":[],"tags":[],"class_list":["post-995","page","type-page","status-publish","hentry"],"acf":[],"yoast_head":"<!-- This site is optimized with the Yoast SEO plugin v27.3 - https:\/\/yoast.com\/product\/yoast-seo-wordpress\/ -->\n<title>Lyhytkurssi - Lyhytkurssi<\/title>\n<meta name=\"description\" content=\"Lyhytkurssi on Jamkissa k\u00e4yt\u00f6ss\u00e4 oleva maksullisen koulutuksen s\u00e4hk\u00f6inen ilmoittautumisj\u00e4rjestelm\u00e4.\" \/>\n<meta name=\"robots\" content=\"index, follow, max-snippet:-1, max-image-preview:large, max-video-preview:-1\" \/>\n<link rel=\"canonical\" href=\"https:\/\/help.jamk.fi\/lyhytkurssi\/fi\/\" \/>\n<meta property=\"og:locale\" content=\"fi_FI\" \/>\n<meta property=\"og:type\" content=\"article\" \/>\n<meta property=\"og:title\" content=\"Lyhytkurssi - Lyhytkurssi\" \/>\n<meta property=\"og:description\" content=\"Lyhytkurssi on Jamkissa k\u00e4yt\u00f6ss\u00e4 oleva maksullisen koulutuksen s\u00e4hk\u00f6inen ilmoittautumisj\u00e4rjestelm\u00e4.\" \/>\n<meta property=\"og:url\" content=\"https:\/\/help.jamk.fi\/lyhytkurssi\/fi\/\" \/>\n<meta property=\"og:site_name\" content=\"Lyhytkurssi\" \/>\n<meta property=\"article:modified_time\" content=\"2025-07-17T07:03:23+00:00\" \/>\n<meta name=\"twitter:card\" content=\"summary_large_image\" \/>\n<script type=\"application\/ld+json\" class=\"yoast-schema-graph\">{\"@context\":\"https:\\\/\\\/schema.org\",\"@graph\":[{\"@type\":\"WebPage\",\"@id\":\"https:\\\/\\\/help.jamk.fi\\\/lyhytkurssi\\\/fi\\\/\",\"url\":\"https:\\\/\\\/help.jamk.fi\\\/lyhytkurssi\\\/fi\\\/\",\"name\":\"Lyhytkurssi - Lyhytkurssi\",\"isPartOf\":{\"@id\":\"https:\\\/\\\/help.jamk.fi\\\/lyhytkurssi\\\/#website\"},\"datePublished\":\"2020-08-24T02:44:14+00:00\",\"dateModified\":\"2025-07-17T07:03:23+00:00\",\"description\":\"Lyhytkurssi on Jamkissa k\u00e4yt\u00f6ss\u00e4 oleva maksullisen koulutuksen s\u00e4hk\u00f6inen ilmoittautumisj\u00e4rjestelm\u00e4.\",\"breadcrumb\":{\"@id\":\"https:\\\/\\\/help.jamk.fi\\\/lyhytkurssi\\\/fi\\\/#breadcrumb\"},\"inLanguage\":\"fi\",\"potentialAction\":[{\"@type\":\"ReadAction\",\"target\":[\"https:\\\/\\\/help.jamk.fi\\\/lyhytkurssi\\\/fi\\\/\"]}]},{\"@type\":\"BreadcrumbList\",\"@id\":\"https:\\\/\\\/help.jamk.fi\\\/lyhytkurssi\\\/fi\\\/#breadcrumb\",\"itemListElement\":[{\"@type\":\"ListItem\",\"position\":1,\"name\":\"Etusivu\",\"item\":\"https:\\\/\\\/help.jamk.fi\\\/lyhytkurssi\\\/fi\\\/\"},{\"@type\":\"ListItem\",\"position\":2,\"name\":\"Lyhytkurssi\"}]},{\"@type\":\"WebSite\",\"@id\":\"https:\\\/\\\/help.jamk.fi\\\/lyhytkurssi\\\/#website\",\"url\":\"https:\\\/\\\/help.jamk.fi\\\/lyhytkurssi\\\/\",\"name\":\"Lyhytkurssi\",\"description\":\"\",\"potentialAction\":[{\"@type\":\"SearchAction\",\"target\":{\"@type\":\"EntryPoint\",\"urlTemplate\":\"https:\\\/\\\/help.jamk.fi\\\/lyhytkurssi\\\/?s={search_term_string}\"},\"query-input\":{\"@type\":\"PropertyValueSpecification\",\"valueRequired\":true,\"valueName\":\"search_term_string\"}}],\"inLanguage\":\"fi\"}]}<\/script>\n<!-- \/ Yoast SEO plugin. -->","yoast_head_json":{"title":"Lyhytkurssi - Lyhytkurssi","description":"Lyhytkurssi on Jamkissa k\u00e4yt\u00f6ss\u00e4 oleva maksullisen koulutuksen s\u00e4hk\u00f6inen ilmoittautumisj\u00e4rjestelm\u00e4.","robots":{"index":"index","follow":"follow","max-snippet":"max-snippet:-1","max-image-preview":"max-image-preview:large","max-video-preview":"max-video-preview:-1"},"canonical":"https:\/\/help.jamk.fi\/lyhytkurssi\/fi\/","og_locale":"fi_FI","og_type":"article","og_title":"Lyhytkurssi - Lyhytkurssi","og_description":"Lyhytkurssi on Jamkissa k\u00e4yt\u00f6ss\u00e4 oleva maksullisen koulutuksen s\u00e4hk\u00f6inen ilmoittautumisj\u00e4rjestelm\u00e4.","og_url":"https:\/\/help.jamk.fi\/lyhytkurssi\/fi\/","og_site_name":"Lyhytkurssi","article_modified_time":"2025-07-17T07:03:23+00:00","twitter_card":"summary_large_image","schema":{"@context":"https:\/\/schema.org","@graph":[{"@type":"WebPage","@id":"https:\/\/help.jamk.fi\/lyhytkurssi\/fi\/","url":"https:\/\/help.jamk.fi\/lyhytkurssi\/fi\/","name":"Lyhytkurssi - Lyhytkurssi","isPartOf":{"@id":"https:\/\/help.jamk.fi\/lyhytkurssi\/#website"},"datePublished":"2020-08-24T02:44:14+00:00","dateModified":"2025-07-17T07:03:23+00:00","description":"Lyhytkurssi on Jamkissa k\u00e4yt\u00f6ss\u00e4 oleva maksullisen koulutuksen s\u00e4hk\u00f6inen ilmoittautumisj\u00e4rjestelm\u00e4.","breadcrumb":{"@id":"https:\/\/help.jamk.fi\/lyhytkurssi\/fi\/#breadcrumb"},"inLanguage":"fi","potentialAction":[{"@type":"ReadAction","target":["https:\/\/help.jamk.fi\/lyhytkurssi\/fi\/"]}]},{"@type":"BreadcrumbList","@id":"https:\/\/help.jamk.fi\/lyhytkurssi\/fi\/#breadcrumb","itemListElement":[{"@type":"ListItem","position":1,"name":"Etusivu","item":"https:\/\/help.jamk.fi\/lyhytkurssi\/fi\/"},{"@type":"ListItem","position":2,"name":"Lyhytkurssi"}]},{"@type":"WebSite","@id":"https:\/\/help.jamk.fi\/lyhytkurssi\/#website","url":"https:\/\/help.jamk.fi\/lyhytkurssi\/","name":"Lyhytkurssi","description":"","potentialAction":[{"@type":"SearchAction","target":{"@type":"EntryPoint","urlTemplate":"https:\/\/help.jamk.fi\/lyhytkurssi\/?s={search_term_string}"},"query-input":{"@type":"PropertyValueSpecification","valueRequired":true,"valueName":"search_term_string"}}],"inLanguage":"fi"}]}},"_links":{"self":[{"href":"https:\/\/help.jamk.fi\/lyhytkurssi\/wp-json\/wp\/v2\/pages\/995","targetHints":{"allow":["GET"]}}],"collection":[{"href":"https:\/\/help.jamk.fi\/lyhytkurssi\/wp-json\/wp\/v2\/pages"}],"about":[{"href":"https:\/\/help.jamk.fi\/lyhytkurssi\/wp-json\/wp\/v2\/types\/page"}],"author":[{"embeddable":true,"href":"https:\/\/help.jamk.fi\/lyhytkurssi\/wp-json\/wp\/v2\/users\/79"}],"replies":[{"embeddable":true,"href":"https:\/\/help.jamk.fi\/lyhytkurssi\/wp-json\/wp\/v2\/comments?post=995"}],"version-history":[{"count":18,"href":"https:\/\/help.jamk.fi\/lyhytkurssi\/wp-json\/wp\/v2\/pages\/995\/revisions"}],"predecessor-version":[{"id":1917,"href":"https:\/\/help.jamk.fi\/lyhytkurssi\/wp-json\/wp\/v2\/pages\/995\/revisions\/1917"}],"wp:attachment":[{"href":"https:\/\/help.jamk.fi\/lyhytkurssi\/wp-json\/wp\/v2\/media?parent=995"}],"wp:term":[{"taxonomy":"category","embeddable":true,"href":"https:\/\/help.jamk.fi\/lyhytkurssi\/wp-json\/wp\/v2\/categories?post=995"},{"taxonomy":"post_tag","embeddable":true,"href":"https:\/\/help.jamk.fi\/lyhytkurssi\/wp-json\/wp\/v2\/tags?post=995"}],"curies":[{"name":"wp","href":"https:\/\/api.w.org\/{rel}","templated":true}]}}