{"id":998,"date":"2020-10-06T08:25:13","date_gmt":"2020-10-06T05:25:13","guid":{"rendered":"https:\/\/help.jamk.fi\/lyhytkurssi\/listaukset-ja-raportit\/kurssilistaus\/"},"modified":"2024-01-02T13:10:04","modified_gmt":"2024-01-02T11:10:04","slug":"kurssilistaus","status":"publish","type":"page","link":"https:\/\/help.jamk.fi\/lyhytkurssi\/fi\/listaukset-ja-raportit\/kurssilistaus\/","title":{"rendered":"Kurssien ja niiden tietojen listaus"},"content":{"rendered":"\n<p>Lyhytkurssin Kurssien perustietolistauksella voidaan listata koulutuksia ja niihin liittyvi\u00e4 tietoja, kuten osallistujien ja ilmoittautumisten m\u00e4\u00e4ri\u00e4.<\/p>\n\n\n\n<h2 class=\"wp-block-heading\">Hae koulutuksia seuraavasti<\/h2>\n\n\n\n<ul class=\"wp-block-list\">\n<li>Valitse Lyhytkurssin p\u00e4\u00e4valikosta <strong>Listaukset, raportit.<\/strong><\/li>\n\n\n\n<li>Napsauta <strong>Kurssien perustietolistaukset.<\/strong><\/li>\n\n\n\n<li>Avautuvassa n\u00e4kym\u00e4ss\u00e4 m\u00e4\u00e4rittele ensin <strong>aikav\u00e4li<\/strong>. Voit hakea koulutuksia seuraavilla m\u00e4\u00e4reill\u00e4:\n<ul class=\"wp-block-list\">\n<li>tietyll\u00e4 aikav\u00e4lill\u00e4 pidetyt\/alkaneet\/p\u00e4\u00e4ttyneet koulutukset<\/li>\n\n\n\n<li>tietyll\u00e4 aikav\u00e4lill\u00e4 perutut koulutukset<\/li>\n\n\n\n<li>kaikki koulutukset tietylt\u00e4 aikav\u00e4lilt\u00e4<\/li>\n<\/ul>\n<\/li>\n\n\n\n<li>Voit valita joko julkiset, ei-julkiset tai kaikki koulutukset.<\/li>\n\n\n\n<li>Rooli-kohdassa voit m\u00e4\u00e4ritell\u00e4, haluatko hakea joko yksitt\u00e4isi\u00e4 koulutuksia, kurssikokonaisuuksia vai molempia.<\/li>\n\n\n\n<li>Rastita <strong>Kurssiryhm\u00e4\/kurssi<\/strong> \u2013kohdasta haluamasi ala. Voit halutessasi valita sen j\u00e4lkeen <strong>Yksitt\u00e4isten kurssien valinta<\/strong>.\n<ul class=\"wp-block-list\">\n<li>Jos valitsit yksitt\u00e4isten kurssien valinnan, valitse listalta haluamasi kurssi. Jos sait paljon hakutuloksia, voit tarvittaessa etsi\u00e4 listasta oikean kurssin k\u00e4tevimmin painamalla <strong>Ctrl + F<\/strong> ja etsim\u00e4ll\u00e4 sopivilla hakutermill\u00e4.<\/li>\n<\/ul>\n<\/li>\n\n\n\n<li><strong>Tiedot<\/strong>-kohdassa voi joko k\u00e4sin valita halutut tiedot mukaan listaukseen tai valita valmiin listaustyypin \u2013 esim. Peruslista1.\n<ul class=\"wp-block-list\">\n<li>Mielenkiintoisia tietoja voit saada valitsemalla esim. kurssin nimi, kurssitunnus, alkupvm, loppupvm, maxhl\u00f6, varauksia (=hyv\u00e4ksyttyjen ilmoittautumisten m\u00e4\u00e4r\u00e4), ilmoittautumisia (=ilmoittautuneiden m\u00e4\u00e4r\u00e4), tila (=onko kurssi esim. peruutettu), rooli (= kurssi vai kurssikokonaisuus).<\/li>\n<\/ul>\n<\/li>\n\n\n\n<li>Ruudun alareunasta voit viel\u00e4 suodattaa, mit\u00e4 kokonaisuuksien alta listataan, esim. listataan vain kokonaisuudet + niiden alikurssit<\/li>\n\n\n\n<li>Napsauta lopuksi joko <strong>Muodosta lista<\/strong> (joka tekee listauksen selainikkunaan) tai <strong>Tee Excel-muotoinen tiedosto, <\/strong> jolloin voit tallentaa koneellesi csv-muotoisen tiedoston, jonka muokkaaminen k\u00e4y n\u00e4pp\u00e4r\u00e4sti Excelill\u00e4.<\/li>\n<\/ul>\n","protected":false},"excerpt":{"rendered":"<p>Lyhytkurssin Kurssien perustietolistauksella voidaan listata koulutuksia ja niihin liittyvi\u00e4 tietoja, kuten osallistujien ja ilmoittautumisten m\u00e4\u00e4ri\u00e4. Hae koulutuksia seuraavasti<\/p>\n","protected":false},"author":79,"featured_media":0,"parent":170,"menu_order":1,"comment_status":"closed","ping_status":"closed","template":"","meta":{"_acf_changed":false,"_relevanssi_hide_post":"","_relevanssi_hide_content":"","_relevanssi_pin_for_all":"","_relevanssi_pin_keywords":"","_relevanssi_unpin_keywords":"","_relevanssi_related_keywords":"","_relevanssi_related_include_ids":"","_relevanssi_related_exclude_ids":"","_relevanssi_related_no_append":"","_relevanssi_related_not_related":"","_relevanssi_related_posts":"","_relevanssi_noindex_reason":"","footnotes":""},"categories":[],"tags":[],"class_list":["post-998","page","type-page","status-publish","hentry"],"acf":[],"yoast_head":"<!-- This site is optimized with the Yoast SEO plugin v27.3 - https:\/\/yoast.com\/product\/yoast-seo-wordpress\/ -->\n<title>Kurssien ja niiden tietojen listaus - Lyhytkurssi<\/title>\n<meta name=\"robots\" content=\"index, follow, max-snippet:-1, max-image-preview:large, max-video-preview:-1\" \/>\n<link rel=\"canonical\" href=\"https:\/\/help.jamk.fi\/lyhytkurssi\/fi\/listaukset-ja-raportit\/kurssilistaus\/\" \/>\n<meta property=\"og:locale\" content=\"fi_FI\" \/>\n<meta property=\"og:type\" content=\"article\" \/>\n<meta property=\"og:title\" content=\"Kurssien ja niiden tietojen listaus - Lyhytkurssi\" \/>\n<meta property=\"og:description\" content=\"Lyhytkurssin Kurssien perustietolistauksella voidaan listata koulutuksia ja niihin liittyvi\u00e4 tietoja, kuten osallistujien ja ilmoittautumisten m\u00e4\u00e4ri\u00e4. Hae koulutuksia seuraavasti\" \/>\n<meta property=\"og:url\" content=\"https:\/\/help.jamk.fi\/lyhytkurssi\/fi\/listaukset-ja-raportit\/kurssilistaus\/\" \/>\n<meta property=\"og:site_name\" content=\"Lyhytkurssi\" \/>\n<meta property=\"article:modified_time\" content=\"2024-01-02T11:10:04+00:00\" \/>\n<meta name=\"twitter:card\" content=\"summary_large_image\" \/>\n<meta name=\"twitter:label1\" content=\"Arvioitu lukuaika\" \/>\n\t<meta name=\"twitter:data1\" content=\"2 minuuttia\" \/>\n<script type=\"application\/ld+json\" class=\"yoast-schema-graph\">{\"@context\":\"https:\\\/\\\/schema.org\",\"@graph\":[{\"@type\":\"WebPage\",\"@id\":\"https:\\\/\\\/help.jamk.fi\\\/lyhytkurssi\\\/fi\\\/listaukset-ja-raportit\\\/kurssilistaus\\\/\",\"url\":\"https:\\\/\\\/help.jamk.fi\\\/lyhytkurssi\\\/fi\\\/listaukset-ja-raportit\\\/kurssilistaus\\\/\",\"name\":\"Kurssien ja niiden tietojen listaus - Lyhytkurssi\",\"isPartOf\":{\"@id\":\"https:\\\/\\\/help.jamk.fi\\\/lyhytkurssi\\\/#website\"},\"datePublished\":\"2020-10-06T05:25:13+00:00\",\"dateModified\":\"2024-01-02T11:10:04+00:00\",\"breadcrumb\":{\"@id\":\"https:\\\/\\\/help.jamk.fi\\\/lyhytkurssi\\\/fi\\\/listaukset-ja-raportit\\\/kurssilistaus\\\/#breadcrumb\"},\"inLanguage\":\"fi\",\"potentialAction\":[{\"@type\":\"ReadAction\",\"target\":[\"https:\\\/\\\/help.jamk.fi\\\/lyhytkurssi\\\/fi\\\/listaukset-ja-raportit\\\/kurssilistaus\\\/\"]}]},{\"@type\":\"BreadcrumbList\",\"@id\":\"https:\\\/\\\/help.jamk.fi\\\/lyhytkurssi\\\/fi\\\/listaukset-ja-raportit\\\/kurssilistaus\\\/#breadcrumb\",\"itemListElement\":[{\"@type\":\"ListItem\",\"position\":1,\"name\":\"Etusivu\",\"item\":\"https:\\\/\\\/help.jamk.fi\\\/lyhytkurssi\\\/fi\\\/\"},{\"@type\":\"ListItem\",\"position\":2,\"name\":\"Listaukset ja raportit\",\"item\":\"https:\\\/\\\/help.jamk.fi\\\/lyhytkurssi\\\/fi\\\/listaukset-ja-raportit\\\/\"},{\"@type\":\"ListItem\",\"position\":3,\"name\":\"Kurssien ja niiden tietojen listaus\"}]},{\"@type\":\"WebSite\",\"@id\":\"https:\\\/\\\/help.jamk.fi\\\/lyhytkurssi\\\/#website\",\"url\":\"https:\\\/\\\/help.jamk.fi\\\/lyhytkurssi\\\/\",\"name\":\"Lyhytkurssi\",\"description\":\"\",\"potentialAction\":[{\"@type\":\"SearchAction\",\"target\":{\"@type\":\"EntryPoint\",\"urlTemplate\":\"https:\\\/\\\/help.jamk.fi\\\/lyhytkurssi\\\/?s={search_term_string}\"},\"query-input\":{\"@type\":\"PropertyValueSpecification\",\"valueRequired\":true,\"valueName\":\"search_term_string\"}}],\"inLanguage\":\"fi\"}]}<\/script>\n<!-- \/ Yoast SEO plugin. -->","yoast_head_json":{"title":"Kurssien ja niiden tietojen listaus - Lyhytkurssi","robots":{"index":"index","follow":"follow","max-snippet":"max-snippet:-1","max-image-preview":"max-image-preview:large","max-video-preview":"max-video-preview:-1"},"canonical":"https:\/\/help.jamk.fi\/lyhytkurssi\/fi\/listaukset-ja-raportit\/kurssilistaus\/","og_locale":"fi_FI","og_type":"article","og_title":"Kurssien ja niiden tietojen listaus - Lyhytkurssi","og_description":"Lyhytkurssin Kurssien perustietolistauksella voidaan listata koulutuksia ja niihin liittyvi\u00e4 tietoja, kuten osallistujien ja ilmoittautumisten m\u00e4\u00e4ri\u00e4. Hae koulutuksia seuraavasti","og_url":"https:\/\/help.jamk.fi\/lyhytkurssi\/fi\/listaukset-ja-raportit\/kurssilistaus\/","og_site_name":"Lyhytkurssi","article_modified_time":"2024-01-02T11:10:04+00:00","twitter_card":"summary_large_image","twitter_misc":{"Arvioitu lukuaika":"2 minuuttia"},"schema":{"@context":"https:\/\/schema.org","@graph":[{"@type":"WebPage","@id":"https:\/\/help.jamk.fi\/lyhytkurssi\/fi\/listaukset-ja-raportit\/kurssilistaus\/","url":"https:\/\/help.jamk.fi\/lyhytkurssi\/fi\/listaukset-ja-raportit\/kurssilistaus\/","name":"Kurssien ja niiden tietojen listaus - Lyhytkurssi","isPartOf":{"@id":"https:\/\/help.jamk.fi\/lyhytkurssi\/#website"},"datePublished":"2020-10-06T05:25:13+00:00","dateModified":"2024-01-02T11:10:04+00:00","breadcrumb":{"@id":"https:\/\/help.jamk.fi\/lyhytkurssi\/fi\/listaukset-ja-raportit\/kurssilistaus\/#breadcrumb"},"inLanguage":"fi","potentialAction":[{"@type":"ReadAction","target":["https:\/\/help.jamk.fi\/lyhytkurssi\/fi\/listaukset-ja-raportit\/kurssilistaus\/"]}]},{"@type":"BreadcrumbList","@id":"https:\/\/help.jamk.fi\/lyhytkurssi\/fi\/listaukset-ja-raportit\/kurssilistaus\/#breadcrumb","itemListElement":[{"@type":"ListItem","position":1,"name":"Etusivu","item":"https:\/\/help.jamk.fi\/lyhytkurssi\/fi\/"},{"@type":"ListItem","position":2,"name":"Listaukset ja raportit","item":"https:\/\/help.jamk.fi\/lyhytkurssi\/fi\/listaukset-ja-raportit\/"},{"@type":"ListItem","position":3,"name":"Kurssien ja niiden tietojen listaus"}]},{"@type":"WebSite","@id":"https:\/\/help.jamk.fi\/lyhytkurssi\/#website","url":"https:\/\/help.jamk.fi\/lyhytkurssi\/","name":"Lyhytkurssi","description":"","potentialAction":[{"@type":"SearchAction","target":{"@type":"EntryPoint","urlTemplate":"https:\/\/help.jamk.fi\/lyhytkurssi\/?s={search_term_string}"},"query-input":{"@type":"PropertyValueSpecification","valueRequired":true,"valueName":"search_term_string"}}],"inLanguage":"fi"}]}},"_links":{"self":[{"href":"https:\/\/help.jamk.fi\/lyhytkurssi\/wp-json\/wp\/v2\/pages\/998","targetHints":{"allow":["GET"]}}],"collection":[{"href":"https:\/\/help.jamk.fi\/lyhytkurssi\/wp-json\/wp\/v2\/pages"}],"about":[{"href":"https:\/\/help.jamk.fi\/lyhytkurssi\/wp-json\/wp\/v2\/types\/page"}],"author":[{"embeddable":true,"href":"https:\/\/help.jamk.fi\/lyhytkurssi\/wp-json\/wp\/v2\/users\/79"}],"replies":[{"embeddable":true,"href":"https:\/\/help.jamk.fi\/lyhytkurssi\/wp-json\/wp\/v2\/comments?post=998"}],"version-history":[{"count":3,"href":"https:\/\/help.jamk.fi\/lyhytkurssi\/wp-json\/wp\/v2\/pages\/998\/revisions"}],"predecessor-version":[{"id":1737,"href":"https:\/\/help.jamk.fi\/lyhytkurssi\/wp-json\/wp\/v2\/pages\/998\/revisions\/1737"}],"up":[{"embeddable":true,"href":"https:\/\/help.jamk.fi\/lyhytkurssi\/wp-json\/wp\/v2\/pages\/170"}],"wp:attachment":[{"href":"https:\/\/help.jamk.fi\/lyhytkurssi\/wp-json\/wp\/v2\/media?parent=998"}],"wp:term":[{"taxonomy":"category","embeddable":true,"href":"https:\/\/help.jamk.fi\/lyhytkurssi\/wp-json\/wp\/v2\/categories?post=998"},{"taxonomy":"post_tag","embeddable":true,"href":"https:\/\/help.jamk.fi\/lyhytkurssi\/wp-json\/wp\/v2\/tags?post=998"}],"curies":[{"name":"wp","href":"https:\/\/api.w.org\/{rel}","templated":true}]}}