{"id":1285,"date":"2013-05-28T10:01:50","date_gmt":"2013-05-28T07:01:50","guid":{"rendered":"https:\/\/help.jamk.fi\/m365\/elmo-intraan-kirjautuminen\/"},"modified":"2023-12-14T10:20:21","modified_gmt":"2023-12-14T08:20:21","slug":"elmo-intraan-kirjautuminen","status":"publish","type":"page","link":"https:\/\/help.jamk.fi\/m365\/fi\/elmo-fi\/elmo-intraan-kirjautuminen\/","title":{"rendered":"Elmo-intraan kirjautuminen"},"content":{"rendered":"\n<p>Mist\u00e4 ja miten Elmo-intraan kirjaudutaan?<\/p>\n\n\n\n<p><strong>1. Selaimella:<\/strong> Jamkin verkossa ja kampusten koneilla: siirry osoitteeseen intra.jamk.fi (asetettu my\u00f6s koneiden aloitussivuksi), josta avautuu&nbsp;Elmon etusivu. <\/p>\n\n\n\n<p>Mik\u00e4li olet Jamkin verkon ulkopuolella, vaaditaan kirjautuminen Jamk-tunnuksilla. Osoitteessa elmo.jamk.fi avautuu Elmon kirjautumisikkuna, johon kirjaudutaan sy\u00f6tt\u00e4m\u00e4ll\u00e4 <strong>Jamk-s\u00e4hk\u00f6postiosoite<\/strong> <em>(tunnus@student.jamk.fi tai etunimi.sukunimi@jamk.fi)<\/em> ja <strong>Jamk-tunnuksen salasana<\/strong>. Kirjautumisessa hy\u00f6dynnet\u00e4\u00e4n kaksivaiheista tunnistautumista.<\/p>\n\n\n\n<p>Elmo-intrassa etusivulle p\u00e4\u00e4see vasemman yl\u00e4laidan Jamk-logosta sek\u00e4 Elmo-intra-linkist\u00e4kin.<\/p>\n\n\n\n<p><strong>2. Teamsissa: <\/strong>klikkaa vasemman reunan navigaation ylint\u00e4 Elmo-linkki\u00e4 (yl\u00e4reunan kolmio). Elmo-intra avautuu Teamsiin.<\/p>\n\n\n\n<p><strong>3. Mobiilissa:<\/strong> Voit kirjautua Elmoon joko mobiililaitteen selaimella (intra.jamk.fi) tai Teams-sovelluksella.<\/p>\n\n\n\n<p><\/p>\n","protected":false},"excerpt":{"rendered":"<p>Mist\u00e4 ja miten Elmo-intraan kirjaudutaan? 1. Selaimella: Jamkin verkossa ja kampusten koneilla: siirry osoitteeseen intra.jamk.fi (asetettu my\u00f6s koneiden aloitussivuksi), josta avautuu&nbsp;Elmon etusivu. Mik\u00e4li olet Jamkin verkon ulkopuolella, vaaditaan kirjautuminen Jamk-tunnuksilla. Osoitteessa elmo.jamk.fi avautuu Elmon kirjautumisikkuna, johon kirjaudutaan sy\u00f6tt\u00e4m\u00e4ll\u00e4 Jamk-s\u00e4hk\u00f6postiosoite (tunnus@student.jamk.fi tai etunimi.sukunimi@jamk.fi) ja Jamk-tunnuksen salasana. Kirjautumisessa hy\u00f6dynnet\u00e4\u00e4n kaksivaiheista tunnistautumista. Elmo-intrassa etusivulle p\u00e4\u00e4see vasemman yl\u00e4laidan Jamk-logosta [&hellip;]<\/p>\n","protected":false},"author":64,"featured_media":0,"parent":1281,"menu_order":0,"comment_status":"closed","ping_status":"closed","template":"","meta":{"_acf_changed":false,"_relevanssi_hide_post":"","_relevanssi_hide_content":"","_relevanssi_pin_for_all":"","_relevanssi_pin_keywords":"","_relevanssi_unpin_keywords":"","_relevanssi_related_keywords":"","_relevanssi_related_include_ids":"","_relevanssi_related_exclude_ids":"","_relevanssi_related_no_append":"","_relevanssi_related_not_related":"","_relevanssi_related_posts":"","_relevanssi_noindex_reason":"","footnotes":""},"categories":[1],"tags":[108],"class_list":["post-1285","page","type-page","status-publish","hentry","category-yleinen","tag-elmo"],"acf":[],"yoast_head":"<!-- This site is optimized with the Yoast SEO plugin v27.3 - https:\/\/yoast.com\/product\/yoast-seo-wordpress\/ -->\n<title>Elmo-intraan kirjautuminen - Microsoft 365<\/title>\n<meta name=\"robots\" content=\"index, follow, max-snippet:-1, max-image-preview:large, max-video-preview:-1\" \/>\n<link rel=\"canonical\" href=\"https:\/\/help.jamk.fi\/m365\/fi\/elmo-fi\/elmo-intraan-kirjautuminen\/\" \/>\n<meta property=\"og:locale\" content=\"fi_FI\" \/>\n<meta property=\"og:type\" content=\"article\" \/>\n<meta property=\"og:title\" content=\"Elmo-intraan kirjautuminen - Microsoft 365\" \/>\n<meta property=\"og:description\" content=\"Mist\u00e4 ja miten Elmo-intraan kirjaudutaan? 1. Selaimella: Jamkin verkossa ja kampusten koneilla: siirry osoitteeseen intra.jamk.fi (asetettu my\u00f6s koneiden aloitussivuksi), josta avautuu&nbsp;Elmon etusivu. Mik\u00e4li olet Jamkin verkon ulkopuolella, vaaditaan kirjautuminen Jamk-tunnuksilla. Osoitteessa elmo.jamk.fi avautuu Elmon kirjautumisikkuna, johon kirjaudutaan sy\u00f6tt\u00e4m\u00e4ll\u00e4 Jamk-s\u00e4hk\u00f6postiosoite (tunnus@student.jamk.fi tai etunimi.sukunimi@jamk.fi) ja Jamk-tunnuksen salasana. Kirjautumisessa hy\u00f6dynnet\u00e4\u00e4n kaksivaiheista tunnistautumista. Elmo-intrassa etusivulle p\u00e4\u00e4see vasemman yl\u00e4laidan Jamk-logosta [&hellip;]\" \/>\n<meta property=\"og:url\" content=\"https:\/\/help.jamk.fi\/m365\/fi\/elmo-fi\/elmo-intraan-kirjautuminen\/\" \/>\n<meta property=\"og:site_name\" content=\"Microsoft 365\" \/>\n<meta property=\"article:modified_time\" content=\"2023-12-14T08:20:21+00:00\" \/>\n<meta name=\"twitter:card\" content=\"summary_large_image\" \/>\n<meta name=\"twitter:label1\" content=\"Arvioitu lukuaika\" \/>\n\t<meta name=\"twitter:data1\" content=\"1 minuutti\" \/>\n<script type=\"application\/ld+json\" class=\"yoast-schema-graph\">{\"@context\":\"https:\\\/\\\/schema.org\",\"@graph\":[{\"@type\":\"WebPage\",\"@id\":\"https:\\\/\\\/help.jamk.fi\\\/m365\\\/fi\\\/elmo-fi\\\/elmo-intraan-kirjautuminen\\\/\",\"url\":\"https:\\\/\\\/help.jamk.fi\\\/m365\\\/fi\\\/elmo-fi\\\/elmo-intraan-kirjautuminen\\\/\",\"name\":\"Elmo-intraan kirjautuminen - Microsoft 365\",\"isPartOf\":{\"@id\":\"https:\\\/\\\/help.jamk.fi\\\/m365\\\/#website\"},\"datePublished\":\"2013-05-28T07:01:50+00:00\",\"dateModified\":\"2023-12-14T08:20:21+00:00\",\"breadcrumb\":{\"@id\":\"https:\\\/\\\/help.jamk.fi\\\/m365\\\/fi\\\/elmo-fi\\\/elmo-intraan-kirjautuminen\\\/#breadcrumb\"},\"inLanguage\":\"fi\",\"potentialAction\":[{\"@type\":\"ReadAction\",\"target\":[\"https:\\\/\\\/help.jamk.fi\\\/m365\\\/fi\\\/elmo-fi\\\/elmo-intraan-kirjautuminen\\\/\"]}]},{\"@type\":\"BreadcrumbList\",\"@id\":\"https:\\\/\\\/help.jamk.fi\\\/m365\\\/fi\\\/elmo-fi\\\/elmo-intraan-kirjautuminen\\\/#breadcrumb\",\"itemListElement\":[{\"@type\":\"ListItem\",\"position\":1,\"name\":\"Etusivu\",\"item\":\"https:\\\/\\\/help.jamk.fi\\\/m365\\\/fi\\\/\"},{\"@type\":\"ListItem\",\"position\":2,\"name\":\"Elmo-intra\",\"item\":\"https:\\\/\\\/help.jamk.fi\\\/m365\\\/fi\\\/elmo-fi\\\/\"},{\"@type\":\"ListItem\",\"position\":3,\"name\":\"Elmo-intraan kirjautuminen\"}]},{\"@type\":\"WebSite\",\"@id\":\"https:\\\/\\\/help.jamk.fi\\\/m365\\\/#website\",\"url\":\"https:\\\/\\\/help.jamk.fi\\\/m365\\\/\",\"name\":\"Microsoft 365\",\"description\":\"\",\"potentialAction\":[{\"@type\":\"SearchAction\",\"target\":{\"@type\":\"EntryPoint\",\"urlTemplate\":\"https:\\\/\\\/help.jamk.fi\\\/m365\\\/?s={search_term_string}\"},\"query-input\":{\"@type\":\"PropertyValueSpecification\",\"valueRequired\":true,\"valueName\":\"search_term_string\"}}],\"inLanguage\":\"fi\"}]}<\/script>\n<!-- \/ Yoast SEO plugin. -->","yoast_head_json":{"title":"Elmo-intraan kirjautuminen - Microsoft 365","robots":{"index":"index","follow":"follow","max-snippet":"max-snippet:-1","max-image-preview":"max-image-preview:large","max-video-preview":"max-video-preview:-1"},"canonical":"https:\/\/help.jamk.fi\/m365\/fi\/elmo-fi\/elmo-intraan-kirjautuminen\/","og_locale":"fi_FI","og_type":"article","og_title":"Elmo-intraan kirjautuminen - Microsoft 365","og_description":"Mist\u00e4 ja miten Elmo-intraan kirjaudutaan? 1. Selaimella: Jamkin verkossa ja kampusten koneilla: siirry osoitteeseen intra.jamk.fi (asetettu my\u00f6s koneiden aloitussivuksi), josta avautuu&nbsp;Elmon etusivu. Mik\u00e4li olet Jamkin verkon ulkopuolella, vaaditaan kirjautuminen Jamk-tunnuksilla. Osoitteessa elmo.jamk.fi avautuu Elmon kirjautumisikkuna, johon kirjaudutaan sy\u00f6tt\u00e4m\u00e4ll\u00e4 Jamk-s\u00e4hk\u00f6postiosoite (tunnus@student.jamk.fi tai etunimi.sukunimi@jamk.fi) ja Jamk-tunnuksen salasana. Kirjautumisessa hy\u00f6dynnet\u00e4\u00e4n kaksivaiheista tunnistautumista. Elmo-intrassa etusivulle p\u00e4\u00e4see vasemman yl\u00e4laidan Jamk-logosta [&hellip;]","og_url":"https:\/\/help.jamk.fi\/m365\/fi\/elmo-fi\/elmo-intraan-kirjautuminen\/","og_site_name":"Microsoft 365","article_modified_time":"2023-12-14T08:20:21+00:00","twitter_card":"summary_large_image","twitter_misc":{"Arvioitu lukuaika":"1 minuutti"},"schema":{"@context":"https:\/\/schema.org","@graph":[{"@type":"WebPage","@id":"https:\/\/help.jamk.fi\/m365\/fi\/elmo-fi\/elmo-intraan-kirjautuminen\/","url":"https:\/\/help.jamk.fi\/m365\/fi\/elmo-fi\/elmo-intraan-kirjautuminen\/","name":"Elmo-intraan kirjautuminen - Microsoft 365","isPartOf":{"@id":"https:\/\/help.jamk.fi\/m365\/#website"},"datePublished":"2013-05-28T07:01:50+00:00","dateModified":"2023-12-14T08:20:21+00:00","breadcrumb":{"@id":"https:\/\/help.jamk.fi\/m365\/fi\/elmo-fi\/elmo-intraan-kirjautuminen\/#breadcrumb"},"inLanguage":"fi","potentialAction":[{"@type":"ReadAction","target":["https:\/\/help.jamk.fi\/m365\/fi\/elmo-fi\/elmo-intraan-kirjautuminen\/"]}]},{"@type":"BreadcrumbList","@id":"https:\/\/help.jamk.fi\/m365\/fi\/elmo-fi\/elmo-intraan-kirjautuminen\/#breadcrumb","itemListElement":[{"@type":"ListItem","position":1,"name":"Etusivu","item":"https:\/\/help.jamk.fi\/m365\/fi\/"},{"@type":"ListItem","position":2,"name":"Elmo-intra","item":"https:\/\/help.jamk.fi\/m365\/fi\/elmo-fi\/"},{"@type":"ListItem","position":3,"name":"Elmo-intraan kirjautuminen"}]},{"@type":"WebSite","@id":"https:\/\/help.jamk.fi\/m365\/#website","url":"https:\/\/help.jamk.fi\/m365\/","name":"Microsoft 365","description":"","potentialAction":[{"@type":"SearchAction","target":{"@type":"EntryPoint","urlTemplate":"https:\/\/help.jamk.fi\/m365\/?s={search_term_string}"},"query-input":{"@type":"PropertyValueSpecification","valueRequired":true,"valueName":"search_term_string"}}],"inLanguage":"fi"}]}},"_links":{"self":[{"href":"https:\/\/help.jamk.fi\/m365\/wp-json\/wp\/v2\/pages\/1285","targetHints":{"allow":["GET"]}}],"collection":[{"href":"https:\/\/help.jamk.fi\/m365\/wp-json\/wp\/v2\/pages"}],"about":[{"href":"https:\/\/help.jamk.fi\/m365\/wp-json\/wp\/v2\/types\/page"}],"author":[{"embeddable":true,"href":"https:\/\/help.jamk.fi\/m365\/wp-json\/wp\/v2\/users\/64"}],"replies":[{"embeddable":true,"href":"https:\/\/help.jamk.fi\/m365\/wp-json\/wp\/v2\/comments?post=1285"}],"version-history":[{"count":1,"href":"https:\/\/help.jamk.fi\/m365\/wp-json\/wp\/v2\/pages\/1285\/revisions"}],"predecessor-version":[{"id":1319,"href":"https:\/\/help.jamk.fi\/m365\/wp-json\/wp\/v2\/pages\/1285\/revisions\/1319"}],"up":[{"embeddable":true,"href":"https:\/\/help.jamk.fi\/m365\/wp-json\/wp\/v2\/pages\/1281"}],"wp:attachment":[{"href":"https:\/\/help.jamk.fi\/m365\/wp-json\/wp\/v2\/media?parent=1285"}],"wp:term":[{"taxonomy":"category","embeddable":true,"href":"https:\/\/help.jamk.fi\/m365\/wp-json\/wp\/v2\/categories?post=1285"},{"taxonomy":"post_tag","embeddable":true,"href":"https:\/\/help.jamk.fi\/m365\/wp-json\/wp\/v2\/tags?post=1285"}],"curies":[{"name":"wp","href":"https:\/\/api.w.org\/{rel}","templated":true}]}}