{"id":1287,"date":"2013-10-28T09:24:27","date_gmt":"2013-10-28T07:24:27","guid":{"rendered":"https:\/\/help.jamk.fi\/m365\/henkiloston-profiilitiedot\/"},"modified":"2025-07-17T09:31:23","modified_gmt":"2025-07-17T06:31:23","slug":"henkiloston-profiilitiedot","status":"publish","type":"page","link":"https:\/\/help.jamk.fi\/m365\/fi\/elmo-fi\/henkiloston-profiilitiedot\/","title":{"rendered":"Henkil\u00f6st\u00f6n profiilitiedot"},"content":{"rendered":"\n<p>T\u00e4ll\u00e4 sivulla kerrotaan, miten Elmo-intrassa n\u00e4kyvi\u00e4 profiilitietoja muokataan. Profiilitiedot haetaan suoraan Microsoftin profiilikortilta.<\/p>\n\n\n\n<p>On hyv\u00e4 tiedostaa, ett\u00e4 profiilikortille lis\u00e4tyt muille n\u00e4kyv\u00e4t tiedot n\u00e4kyv\u00e4t <strong>kaikille intran k\u00e4ytt\u00e4jille<\/strong>, sek\u00e4 opiskelijoille ett\u00e4 henkil\u00f6st\u00f6lle. Profiilitiedot nousevat esiin intran henkil\u00f6haussa. Osa tiedoista tulee taustaj\u00e4rjestelmist\u00e4 eik\u00e4 niit\u00e4 p\u00e4\u00e4se itse muokkaamaan. T\u00e4llaisia tietoja ovat esimerkiksi ty\u00f6puhelinnumero, titteli ja kuva. P\u00e4ivit\u00e4 omaan profiilikorttiisi ty\u00f6h\u00f6si liittyvi\u00e4 muita tietoja.<\/p>\n\n\n\n<h2 class=\"wp-block-heading\">Profiilitietojen muokkaus<\/h2>\n\n\n\n<ul class=\"wp-block-list\">\n<li>Kirjaudu osoitteeseen <a href=\"https:\/\/m365.jamk.fi\/\">https:\/\/o365.jamk.fi\/<\/a> Jamkin tunnuksilla (s\u00e4hk\u00f6postisosoite ja salasana).<\/li>\n\n\n\n<li>Vie hiiri oikeassa yl\u00e4reunassa n\u00e4kyv\u00e4n oman nimesi p\u00e4\u00e4lle ja klikkaa avautuvasta valikosta Oma Microsoft 365 -profiili (nimi vaihtelee Microsoftin p\u00e4ivityksien mukaan).<\/li>\n<\/ul>\n\n\n\n<figure class=\"wp-block-image size-full\"><img loading=\"lazy\" decoding=\"async\" width=\"487\" height=\"403\" src=\"https:\/\/help.jamk.fi\/m365\/wp-content\/uploads\/sites\/125\/2025\/01\/profiilitiedot.png\" alt=\"\" class=\"wp-image-1936\" srcset=\"https:\/\/help.jamk.fi\/m365\/wp-content\/uploads\/sites\/125\/2025\/01\/profiilitiedot.png 487w, https:\/\/help.jamk.fi\/m365\/wp-content\/uploads\/sites\/125\/2025\/01\/profiilitiedot-300x248.png 300w\" sizes=\"auto, (max-width: 487px) 100vw, 487px\" \/><figcaption class=\"wp-element-caption\">Profiili Delvess\u00e4<\/figcaption><\/figure>\n\n\n\n<ul class=\"wp-block-list\">\n<li>N\u00e4in avautuu kullekin <strong>oma henkil\u00f6kohtainen n\u00e4kym\u00e4.<\/strong> N\u00e4kym\u00e4ss\u00e4 olevat tiedostot, yhteyshenkil\u00f6t ym. sis\u00e4ll\u00f6t liittyv\u00e4t teemoihin ja henkil\u00f6ihin, joiden parissa olet viime aikoina ja\/tai eniten ty\u00f6skennellyt. Kukaan muu ei siis n\u00e4e samoja tiedostoja, yhteystietoja tai keskusteluja kuin sin\u00e4.<\/li>\n\n\n\n<li>Klikkaa omien yhteystietojesi yhteydess\u00e4 oleva P\u00e4ivit\u00e4 profiilisi auki.<\/li>\n<\/ul>\n\n\n\n<figure class=\"wp-block-image size-large\"><img loading=\"lazy\" decoding=\"async\" width=\"1024\" height=\"380\" src=\"https:\/\/help.jamk.fi\/m365\/wp-content\/uploads\/sites\/125\/2025\/01\/paivita_profiili-1024x380.png\" alt=\"\" class=\"wp-image-1921\" srcset=\"https:\/\/help.jamk.fi\/m365\/wp-content\/uploads\/sites\/125\/2025\/01\/paivita_profiili-1024x380.png 1024w, https:\/\/help.jamk.fi\/m365\/wp-content\/uploads\/sites\/125\/2025\/01\/paivita_profiili-300x111.png 300w, https:\/\/help.jamk.fi\/m365\/wp-content\/uploads\/sites\/125\/2025\/01\/paivita_profiili-768x285.png 768w, https:\/\/help.jamk.fi\/m365\/wp-content\/uploads\/sites\/125\/2025\/01\/paivita_profiili.png 1093w\" sizes=\"auto, (max-width: 1024px) 100vw, 1024px\" \/><\/figure>\n\n\n\n<ul class=\"wp-block-list\">\n<li>Sinulle avautuu Muokkaa profiilia -ikkuna.<\/li>\n\n\n\n<li>Yleinen- ja Yhteystieto-v\u00e4lilehtien tietoja<strong> et p\u00e4\u00e4se itse p\u00e4ivitt\u00e4m\u00e4\u00e4n<\/strong>. N\u00e4m\u00e4 tiedot tulevat suoraan ICT-palveluiden ajamana.<\/li>\n\n\n\n<li>Tietoja-v\u00e4lilehdelle voit lis\u00e4t\u00e4 omaan ty\u00f6h\u00f6si liittyvi\u00e4 rooleja, vastuita, sis\u00e4lt\u00f6j\u00e4 ja projekteja. Sis\u00e4isen tiedonhaun kannalta olisi t\u00e4rke\u00e4\u00e4, ett\u00e4 n\u00e4m\u00e4 tiedot profiilikortiltasi l\u00f6ytyv\u00e4t.<\/li>\n<\/ul>\n\n\n\n<figure class=\"wp-block-image size-full\"><img loading=\"lazy\" decoding=\"async\" width=\"772\" height=\"724\" src=\"https:\/\/help.jamk.fi\/m365\/wp-content\/uploads\/sites\/125\/2025\/01\/Tietoja.png\" alt=\"\" class=\"wp-image-1922\" srcset=\"https:\/\/help.jamk.fi\/m365\/wp-content\/uploads\/sites\/125\/2025\/01\/Tietoja.png 772w, https:\/\/help.jamk.fi\/m365\/wp-content\/uploads\/sites\/125\/2025\/01\/Tietoja-300x281.png 300w, https:\/\/help.jamk.fi\/m365\/wp-content\/uploads\/sites\/125\/2025\/01\/Tietoja-768x720.png 768w\" sizes=\"auto, (max-width: 772px) 100vw, 772px\" \/><\/figure>\n\n\n\n<p><\/p>\n\n\n\n<ul class=\"wp-block-list\">\n<li><strong>El\u00e4m\u00e4kerta<\/strong>-kentt\u00e4\u00e4n voit kuvata vapaasti ty\u00f6nkuvaasi.<\/li>\n\n\n\n<li><strong>Osaamisalueet<\/strong>-kentt\u00e4\u00e4n voit kirjoittaa tarkemmin osaamisestasi ja taidoistasi, mit\u00e4 ty\u00f6nkuvasi sis\u00e4lt\u00e4\u00e4. Keskustelkaa tiimien sis\u00e4ll\u00e4, millaisia teht\u00e4v\u00e4kokonaisuuksia ja vastuualueita kukin teist\u00e4 kentt\u00e4\u00e4n kirjaa. On t\u00e4rke\u00e4\u00e4, ett\u00e4 esim. palvelumyynnist\u00e4, liikelahjoista tai hankinnoista vastaavat kirjaavat teht\u00e4v\u00e4ns\u00e4 osana ty\u00f6nkuvaansa.<\/li>\n<\/ul>\n\n\n\n<ul class=\"wp-block-list\">\n<li><strong>Voit kysy\u00e4 minulta my\u00f6s aiheesta<\/strong> -kentt\u00e4\u00e4n t\u00e4ydennet\u00e4\u00e4n erilaisia rooleja ja teht\u00e4vi\u00e4, kuten <ul><li>ty\u00f6h\u00f6n sis\u00e4ltyvi\u00e4 luottamusteht\u00e4vi\u00e4, kuten tutkintovastaava tai opettajatutor <\/li><\/ul>\n<ul class=\"wp-block-list\">\n<li>CRM:n k\u00e4ytt\u00e4j\u00e4<\/li>\n\n\n\n<li>verkkosivujen sis\u00e4ll\u00f6ntuottaja<\/li>\n\n\n\n<li>intran sis\u00e4ll\u00f6ntuottaja<\/li>\n\n\n\n<li>eri j\u00e4rjestelmien p\u00e4\u00e4k\u00e4ytt\u00e4jyyksi\u00e4<\/li>\n<\/ul>\n<\/li>\n\n\n\n<li><strong>Projektit<\/strong>-kentt\u00e4\u00e4n kirjoitetaan erilaiset sis\u00e4iset kehitt\u00e4misprojektit, joissa olet ollut mukana.<\/li>\n<\/ul>\n\n\n\n<ul class=\"wp-block-list\">\n<li>Huomaathan, ett\u00e4<strong> tiedot tulee sy\u00f6tt\u00e4\u00e4 sek\u00e4 suomeksi ett\u00e4 englanniksi<\/strong>. J\u00e4rjestelm\u00e4 ei ehdota sinulle sis\u00e4lt\u00f6j\u00e4, joten k\u00e4yt\u00e4 perusmuotoisia sanoja. Tarkista mahdolliset kirjoitusvirheet.<\/li>\n<\/ul>\n\n\n\n<ul class=\"wp-block-list\">\n<li>Elmo-intran henkil\u00f6haku n\u00e4ytt\u00e4\u00e4 n\u00e4m\u00e4 profiilikorttiin sy\u00f6tetyt tiedot henkil\u00f6haussa osana henkil\u00f6tietoja Yhteystiedot-v\u00e4lilehdell\u00e4.<\/li>\n<\/ul>\n","protected":false},"excerpt":{"rendered":"<p>T\u00e4ll\u00e4 sivulla kerrotaan, miten Elmo-intrassa n\u00e4kyvi\u00e4 profiilitietoja muokataan. Profiilitiedot haetaan suoraan Microsoftin profiilikortilta. On hyv\u00e4 tiedostaa, ett\u00e4 profiilikortille lis\u00e4tyt muille n\u00e4kyv\u00e4t tiedot n\u00e4kyv\u00e4t kaikille intran k\u00e4ytt\u00e4jille, sek\u00e4 opiskelijoille ett\u00e4 henkil\u00f6st\u00f6lle. Profiilitiedot nousevat esiin intran henkil\u00f6haussa. Osa tiedoista tulee taustaj\u00e4rjestelmist\u00e4 eik\u00e4 niit\u00e4 p\u00e4\u00e4se itse muokkaamaan. T\u00e4llaisia tietoja ovat esimerkiksi ty\u00f6puhelinnumero, titteli ja kuva. P\u00e4ivit\u00e4 omaan profiilikorttiisi [&hellip;]<\/p>\n","protected":false},"author":110,"featured_media":0,"parent":1281,"menu_order":0,"comment_status":"closed","ping_status":"closed","template":"","meta":{"_acf_changed":false,"_relevanssi_hide_post":"","_relevanssi_hide_content":"","_relevanssi_pin_for_all":"","_relevanssi_pin_keywords":"delve, henkil\u00f6tiedot, profiilitiedot, profiili, osaaminen, profiilikortti","_relevanssi_unpin_keywords":"","_relevanssi_related_keywords":"","_relevanssi_related_include_ids":"","_relevanssi_related_exclude_ids":"","_relevanssi_related_no_append":"","_relevanssi_related_not_related":"","_relevanssi_related_posts":"","_relevanssi_noindex_reason":"","footnotes":""},"categories":[1],"tags":[108],"class_list":["post-1287","page","type-page","status-publish","hentry","category-yleinen","tag-elmo"],"acf":[],"yoast_head":"<!-- This site is optimized with the Yoast SEO plugin v27.4 - https:\/\/yoast.com\/product\/yoast-seo-wordpress\/ -->\n<title>Henkil\u00f6st\u00f6n profiilitiedot - Microsoft 365<\/title>\n<meta name=\"robots\" content=\"index, follow, max-snippet:-1, max-image-preview:large, max-video-preview:-1\" \/>\n<link rel=\"canonical\" href=\"https:\/\/help.jamk.fi\/m365\/fi\/elmo-fi\/henkiloston-profiilitiedot\/\" \/>\n<meta property=\"og:locale\" content=\"fi_FI\" \/>\n<meta property=\"og:type\" content=\"article\" \/>\n<meta property=\"og:title\" content=\"Henkil\u00f6st\u00f6n profiilitiedot - Microsoft 365\" \/>\n<meta property=\"og:description\" content=\"T\u00e4ll\u00e4 sivulla kerrotaan, miten Elmo-intrassa n\u00e4kyvi\u00e4 profiilitietoja muokataan. Profiilitiedot haetaan suoraan Microsoftin profiilikortilta. On hyv\u00e4 tiedostaa, ett\u00e4 profiilikortille lis\u00e4tyt muille n\u00e4kyv\u00e4t tiedot n\u00e4kyv\u00e4t kaikille intran k\u00e4ytt\u00e4jille, sek\u00e4 opiskelijoille ett\u00e4 henkil\u00f6st\u00f6lle. Profiilitiedot nousevat esiin intran henkil\u00f6haussa. Osa tiedoista tulee taustaj\u00e4rjestelmist\u00e4 eik\u00e4 niit\u00e4 p\u00e4\u00e4se itse muokkaamaan. T\u00e4llaisia tietoja ovat esimerkiksi ty\u00f6puhelinnumero, titteli ja kuva. P\u00e4ivit\u00e4 omaan profiilikorttiisi [&hellip;]\" \/>\n<meta property=\"og:url\" content=\"https:\/\/help.jamk.fi\/m365\/fi\/elmo-fi\/henkiloston-profiilitiedot\/\" \/>\n<meta property=\"og:site_name\" content=\"Microsoft 365\" \/>\n<meta property=\"article:modified_time\" content=\"2025-07-17T06:31:23+00:00\" \/>\n<meta property=\"og:image\" content=\"https:\/\/help.jamk.fi\/m365\/wp-content\/uploads\/sites\/125\/2025\/01\/profiilitiedot.png\" \/>\n\t<meta property=\"og:image:width\" content=\"487\" \/>\n\t<meta property=\"og:image:height\" content=\"403\" \/>\n\t<meta property=\"og:image:type\" content=\"image\/png\" \/>\n<meta name=\"twitter:card\" content=\"summary_large_image\" \/>\n<meta name=\"twitter:label1\" content=\"Arvioitu lukuaika\" \/>\n\t<meta name=\"twitter:data1\" content=\"3 minuuttia\" \/>\n<script type=\"application\/ld+json\" class=\"yoast-schema-graph\">{\"@context\":\"https:\\\/\\\/schema.org\",\"@graph\":[{\"@type\":\"WebPage\",\"@id\":\"https:\\\/\\\/help.jamk.fi\\\/m365\\\/fi\\\/elmo-fi\\\/henkiloston-profiilitiedot\\\/\",\"url\":\"https:\\\/\\\/help.jamk.fi\\\/m365\\\/fi\\\/elmo-fi\\\/henkiloston-profiilitiedot\\\/\",\"name\":\"Henkil\u00f6st\u00f6n profiilitiedot - Microsoft 365\",\"isPartOf\":{\"@id\":\"https:\\\/\\\/help.jamk.fi\\\/m365\\\/#website\"},\"primaryImageOfPage\":{\"@id\":\"https:\\\/\\\/help.jamk.fi\\\/m365\\\/fi\\\/elmo-fi\\\/henkiloston-profiilitiedot\\\/#primaryimage\"},\"image\":{\"@id\":\"https:\\\/\\\/help.jamk.fi\\\/m365\\\/fi\\\/elmo-fi\\\/henkiloston-profiilitiedot\\\/#primaryimage\"},\"thumbnailUrl\":\"https:\\\/\\\/help.jamk.fi\\\/m365\\\/wp-content\\\/uploads\\\/sites\\\/125\\\/2025\\\/01\\\/profiilitiedot.png\",\"datePublished\":\"2013-10-28T07:24:27+00:00\",\"dateModified\":\"2025-07-17T06:31:23+00:00\",\"breadcrumb\":{\"@id\":\"https:\\\/\\\/help.jamk.fi\\\/m365\\\/fi\\\/elmo-fi\\\/henkiloston-profiilitiedot\\\/#breadcrumb\"},\"inLanguage\":\"fi\",\"potentialAction\":[{\"@type\":\"ReadAction\",\"target\":[\"https:\\\/\\\/help.jamk.fi\\\/m365\\\/fi\\\/elmo-fi\\\/henkiloston-profiilitiedot\\\/\"]}]},{\"@type\":\"ImageObject\",\"inLanguage\":\"fi\",\"@id\":\"https:\\\/\\\/help.jamk.fi\\\/m365\\\/fi\\\/elmo-fi\\\/henkiloston-profiilitiedot\\\/#primaryimage\",\"url\":\"https:\\\/\\\/help.jamk.fi\\\/m365\\\/wp-content\\\/uploads\\\/sites\\\/125\\\/2025\\\/01\\\/profiilitiedot.png\",\"contentUrl\":\"https:\\\/\\\/help.jamk.fi\\\/m365\\\/wp-content\\\/uploads\\\/sites\\\/125\\\/2025\\\/01\\\/profiilitiedot.png\",\"width\":487,\"height\":403},{\"@type\":\"BreadcrumbList\",\"@id\":\"https:\\\/\\\/help.jamk.fi\\\/m365\\\/fi\\\/elmo-fi\\\/henkiloston-profiilitiedot\\\/#breadcrumb\",\"itemListElement\":[{\"@type\":\"ListItem\",\"position\":1,\"name\":\"Etusivu\",\"item\":\"https:\\\/\\\/help.jamk.fi\\\/m365\\\/fi\\\/\"},{\"@type\":\"ListItem\",\"position\":2,\"name\":\"Elmo-intra\",\"item\":\"https:\\\/\\\/help.jamk.fi\\\/m365\\\/fi\\\/elmo-fi\\\/\"},{\"@type\":\"ListItem\",\"position\":3,\"name\":\"Henkil\u00f6st\u00f6n profiilitiedot\"}]},{\"@type\":\"WebSite\",\"@id\":\"https:\\\/\\\/help.jamk.fi\\\/m365\\\/#website\",\"url\":\"https:\\\/\\\/help.jamk.fi\\\/m365\\\/\",\"name\":\"Microsoft 365\",\"description\":\"\",\"potentialAction\":[{\"@type\":\"SearchAction\",\"target\":{\"@type\":\"EntryPoint\",\"urlTemplate\":\"https:\\\/\\\/help.jamk.fi\\\/m365\\\/?s={search_term_string}\"},\"query-input\":{\"@type\":\"PropertyValueSpecification\",\"valueRequired\":true,\"valueName\":\"search_term_string\"}}],\"inLanguage\":\"fi\"}]}<\/script>\n<!-- \/ Yoast SEO plugin. -->","yoast_head_json":{"title":"Henkil\u00f6st\u00f6n profiilitiedot - Microsoft 365","robots":{"index":"index","follow":"follow","max-snippet":"max-snippet:-1","max-image-preview":"max-image-preview:large","max-video-preview":"max-video-preview:-1"},"canonical":"https:\/\/help.jamk.fi\/m365\/fi\/elmo-fi\/henkiloston-profiilitiedot\/","og_locale":"fi_FI","og_type":"article","og_title":"Henkil\u00f6st\u00f6n profiilitiedot - Microsoft 365","og_description":"T\u00e4ll\u00e4 sivulla kerrotaan, miten Elmo-intrassa n\u00e4kyvi\u00e4 profiilitietoja muokataan. Profiilitiedot haetaan suoraan Microsoftin profiilikortilta. On hyv\u00e4 tiedostaa, ett\u00e4 profiilikortille lis\u00e4tyt muille n\u00e4kyv\u00e4t tiedot n\u00e4kyv\u00e4t kaikille intran k\u00e4ytt\u00e4jille, sek\u00e4 opiskelijoille ett\u00e4 henkil\u00f6st\u00f6lle. Profiilitiedot nousevat esiin intran henkil\u00f6haussa. Osa tiedoista tulee taustaj\u00e4rjestelmist\u00e4 eik\u00e4 niit\u00e4 p\u00e4\u00e4se itse muokkaamaan. T\u00e4llaisia tietoja ovat esimerkiksi ty\u00f6puhelinnumero, titteli ja kuva. P\u00e4ivit\u00e4 omaan profiilikorttiisi [&hellip;]","og_url":"https:\/\/help.jamk.fi\/m365\/fi\/elmo-fi\/henkiloston-profiilitiedot\/","og_site_name":"Microsoft 365","article_modified_time":"2025-07-17T06:31:23+00:00","og_image":[{"width":487,"height":403,"url":"https:\/\/help.jamk.fi\/m365\/wp-content\/uploads\/sites\/125\/2025\/01\/profiilitiedot.png","type":"image\/png"}],"twitter_card":"summary_large_image","twitter_misc":{"Arvioitu lukuaika":"3 minuuttia"},"schema":{"@context":"https:\/\/schema.org","@graph":[{"@type":"WebPage","@id":"https:\/\/help.jamk.fi\/m365\/fi\/elmo-fi\/henkiloston-profiilitiedot\/","url":"https:\/\/help.jamk.fi\/m365\/fi\/elmo-fi\/henkiloston-profiilitiedot\/","name":"Henkil\u00f6st\u00f6n profiilitiedot - Microsoft 365","isPartOf":{"@id":"https:\/\/help.jamk.fi\/m365\/#website"},"primaryImageOfPage":{"@id":"https:\/\/help.jamk.fi\/m365\/fi\/elmo-fi\/henkiloston-profiilitiedot\/#primaryimage"},"image":{"@id":"https:\/\/help.jamk.fi\/m365\/fi\/elmo-fi\/henkiloston-profiilitiedot\/#primaryimage"},"thumbnailUrl":"https:\/\/help.jamk.fi\/m365\/wp-content\/uploads\/sites\/125\/2025\/01\/profiilitiedot.png","datePublished":"2013-10-28T07:24:27+00:00","dateModified":"2025-07-17T06:31:23+00:00","breadcrumb":{"@id":"https:\/\/help.jamk.fi\/m365\/fi\/elmo-fi\/henkiloston-profiilitiedot\/#breadcrumb"},"inLanguage":"fi","potentialAction":[{"@type":"ReadAction","target":["https:\/\/help.jamk.fi\/m365\/fi\/elmo-fi\/henkiloston-profiilitiedot\/"]}]},{"@type":"ImageObject","inLanguage":"fi","@id":"https:\/\/help.jamk.fi\/m365\/fi\/elmo-fi\/henkiloston-profiilitiedot\/#primaryimage","url":"https:\/\/help.jamk.fi\/m365\/wp-content\/uploads\/sites\/125\/2025\/01\/profiilitiedot.png","contentUrl":"https:\/\/help.jamk.fi\/m365\/wp-content\/uploads\/sites\/125\/2025\/01\/profiilitiedot.png","width":487,"height":403},{"@type":"BreadcrumbList","@id":"https:\/\/help.jamk.fi\/m365\/fi\/elmo-fi\/henkiloston-profiilitiedot\/#breadcrumb","itemListElement":[{"@type":"ListItem","position":1,"name":"Etusivu","item":"https:\/\/help.jamk.fi\/m365\/fi\/"},{"@type":"ListItem","position":2,"name":"Elmo-intra","item":"https:\/\/help.jamk.fi\/m365\/fi\/elmo-fi\/"},{"@type":"ListItem","position":3,"name":"Henkil\u00f6st\u00f6n profiilitiedot"}]},{"@type":"WebSite","@id":"https:\/\/help.jamk.fi\/m365\/#website","url":"https:\/\/help.jamk.fi\/m365\/","name":"Microsoft 365","description":"","potentialAction":[{"@type":"SearchAction","target":{"@type":"EntryPoint","urlTemplate":"https:\/\/help.jamk.fi\/m365\/?s={search_term_string}"},"query-input":{"@type":"PropertyValueSpecification","valueRequired":true,"valueName":"search_term_string"}}],"inLanguage":"fi"}]}},"_links":{"self":[{"href":"https:\/\/help.jamk.fi\/m365\/wp-json\/wp\/v2\/pages\/1287","targetHints":{"allow":["GET"]}}],"collection":[{"href":"https:\/\/help.jamk.fi\/m365\/wp-json\/wp\/v2\/pages"}],"about":[{"href":"https:\/\/help.jamk.fi\/m365\/wp-json\/wp\/v2\/types\/page"}],"author":[{"embeddable":true,"href":"https:\/\/help.jamk.fi\/m365\/wp-json\/wp\/v2\/users\/110"}],"replies":[{"embeddable":true,"href":"https:\/\/help.jamk.fi\/m365\/wp-json\/wp\/v2\/comments?post=1287"}],"version-history":[{"count":12,"href":"https:\/\/help.jamk.fi\/m365\/wp-json\/wp\/v2\/pages\/1287\/revisions"}],"predecessor-version":[{"id":2018,"href":"https:\/\/help.jamk.fi\/m365\/wp-json\/wp\/v2\/pages\/1287\/revisions\/2018"}],"up":[{"embeddable":true,"href":"https:\/\/help.jamk.fi\/m365\/wp-json\/wp\/v2\/pages\/1281"}],"wp:attachment":[{"href":"https:\/\/help.jamk.fi\/m365\/wp-json\/wp\/v2\/media?parent=1287"}],"wp:term":[{"taxonomy":"category","embeddable":true,"href":"https:\/\/help.jamk.fi\/m365\/wp-json\/wp\/v2\/categories?post=1287"},{"taxonomy":"post_tag","embeddable":true,"href":"https:\/\/help.jamk.fi\/m365\/wp-json\/wp\/v2\/tags?post=1287"}],"curies":[{"name":"wp","href":"https:\/\/api.w.org\/{rel}","templated":true}]}}