{"id":1291,"date":"2022-08-09T04:07:28","date_gmt":"2022-08-09T01:07:28","guid":{"rendered":"https:\/\/help.jamk.fi\/m365\/intranetin-kielen-vaihtaminen\/"},"modified":"2024-01-23T14:22:31","modified_gmt":"2024-01-23T12:22:31","slug":"intranetin-kielen-vaihtaminen","status":"publish","type":"page","link":"https:\/\/help.jamk.fi\/m365\/fi\/elmo-fi\/intranetin-kielen-vaihtaminen\/","title":{"rendered":"Intranetin kielen vaihtaminen"},"content":{"rendered":"\n<p>Oletuksena Jamkin intranetin kielen\u00e4 on suomi. Jos haluat k\u00e4ytt\u00e4\u00e4 intraa mieluummin englanniksi, voit vaihtaa kielen seuraamalla ohjeita: <\/p>\n\n\n\n<ul class=\"wp-block-list\">\n<li><a href=\"https:\/\/jamkstudent.sharepoint.com\/sites\/Intranet\/_layouts\/15\/EditProfile.aspx?UserSettingsProvider=dfb95e82-8132-404b-b693-25418fdac9b6&amp;isDlg=&amp;ReturnUrl=https%3a\/\/jamkstudent.sharepoint.com\/sites\/Intranet\">P\u00e4\u00e4set vaihtamaan intranetin kielen k\u00e4ytt\u00e4j\u00e4asetuksista<\/a>. Huom. Uudet asetukset eiv\u00e4t tule heti voimaan, vaan tyypillisesti muutamien tuntien sis\u00e4\u00e4n.<\/li>\n\n\n\n<li>Valitse asetussivulta otsikkorivin lopusta <strong>kolme pistett\u00e4 (&#8221;&#8230;&#8221;)<\/strong> ja avautuvasta valikosta <strong>&#8221;Kieli- ja alueasetukset&#8221; (Language and Region)<\/strong>.<\/li>\n<\/ul>\n\n\n\n<figure class=\"wp-block-image size-full\"><img decoding=\"async\" src=\"https:\/\/help.jamk.fi\/m365\/wp-content\/uploads\/sites\/125\/2023\/07\/editdetails.png\" alt=\"\" class=\"wp-image-1533\" title=\"Siirry kieliasetuksiin kolmen pisteen valikosta.\"\/><figcaption class=\"wp-element-caption\">Siirry kieliasetuksiin kolmen pisteen valikosta.<\/figcaption><\/figure>\n\n\n\n<ul class=\"wp-block-list\">\n<li>Vaihda nyt kielet haluamaasi j\u00e4rjestykseen, esim. &#8221;Finnish&#8221; ylimm\u00e4iseksi. Jos sinulla ei n\u00e4y t\u00e4ss\u00e4 laatikossa lainkaan kieli\u00e4, voit lis\u00e4t\u00e4 sinne esim. suomen valitsemalla alta <strong>&#8221;Pick a new language&#8221;<\/strong> -valikosta vaihtoehdon <strong>&#8221;Finnish&#8221;<\/strong> ja paina <strong>Add<\/strong>-painiketta.<\/li>\n<\/ul>\n\n\n\n<figure class=\"wp-block-image size-full\"><img decoding=\"async\" src=\"https:\/\/help.jamk.fi\/m365\/wp-content\/uploads\/sites\/125\/2023\/07\/displaylanguages.png\" alt=\"\" class=\"wp-image-1534\"\/><figcaption class=\"wp-element-caption\">Vaihda kielet haluamaasi j\u00e4rjestykseen, esim. &#8221;Finnish&#8221; ensimm\u00e4iseksi.<\/figcaption><\/figure>\n\n\n\n<ul class=\"wp-block-list\">\n<li>Skrollaa sivun loppuun ja paina <strong>&#8221;Save all and close&#8221;<\/strong> -painiketta.<\/li>\n<\/ul>\n\n\n\n<figure class=\"wp-block-image size-full\"><img decoding=\"async\" src=\"https:\/\/help.jamk.fi\/m365\/wp-content\/uploads\/sites\/125\/2023\/07\/saveandclose.png\" alt=\"\" class=\"wp-image-1535\"\/><figcaption class=\"wp-element-caption\">Tallenna viel\u00e4 tekem\u00e4si muutokset<\/figcaption><\/figure>\n\n\n\n<ul class=\"wp-block-list\">\n<li>Tallenna viel\u00e4 tekem\u00e4si muutokset<\/li>\n<\/ul>\n\n\n\n<p>Nyt asetukset on tehty ja muutamien tuntien sis\u00e4\u00e4n intra alkaa n\u00e4kym\u00e4\u00e4n haluamallasi kielell\u00e4.<\/p>\n","protected":false},"excerpt":{"rendered":"<p>Oletuksena Jamkin intranetin kielen\u00e4 on suomi. Jos haluat k\u00e4ytt\u00e4\u00e4 intraa mieluummin englanniksi, voit vaihtaa kielen seuraamalla ohjeita: Nyt asetukset on tehty ja muutamien tuntien sis\u00e4\u00e4n intra alkaa n\u00e4kym\u00e4\u00e4n haluamallasi kielell\u00e4.<\/p>\n","protected":false},"author":64,"featured_media":0,"parent":1281,"menu_order":0,"comment_status":"closed","ping_status":"open","template":"","meta":{"_acf_changed":false,"_relevanssi_hide_post":"","_relevanssi_hide_content":"","_relevanssi_pin_for_all":"","_relevanssi_pin_keywords":"","_relevanssi_unpin_keywords":"","_relevanssi_related_keywords":"","_relevanssi_related_include_ids":"","_relevanssi_related_exclude_ids":"","_relevanssi_related_no_append":"","_relevanssi_related_not_related":"","_relevanssi_related_posts":"","_relevanssi_noindex_reason":"","footnotes":""},"categories":[1],"tags":[1481],"class_list":["post-1291","page","type-page","status-publish","hentry","category-yleinen","tag-kieliasetukset"],"acf":[],"yoast_head":"<!-- This site is optimized with the Yoast SEO plugin v27.3 - https:\/\/yoast.com\/product\/yoast-seo-wordpress\/ -->\n<title>Intranetin kielen vaihtaminen - Microsoft 365<\/title>\n<meta name=\"robots\" content=\"index, follow, max-snippet:-1, max-image-preview:large, max-video-preview:-1\" \/>\n<link rel=\"canonical\" href=\"https:\/\/help.jamk.fi\/m365\/fi\/elmo-fi\/intranetin-kielen-vaihtaminen\/\" \/>\n<meta property=\"og:locale\" content=\"fi_FI\" \/>\n<meta property=\"og:type\" content=\"article\" \/>\n<meta property=\"og:title\" content=\"Intranetin kielen vaihtaminen - Microsoft 365\" \/>\n<meta property=\"og:description\" content=\"Oletuksena Jamkin intranetin kielen\u00e4 on suomi. Jos haluat k\u00e4ytt\u00e4\u00e4 intraa mieluummin englanniksi, voit vaihtaa kielen seuraamalla ohjeita: Nyt asetukset on tehty ja muutamien tuntien sis\u00e4\u00e4n intra alkaa n\u00e4kym\u00e4\u00e4n haluamallasi kielell\u00e4.\" \/>\n<meta property=\"og:url\" content=\"https:\/\/help.jamk.fi\/m365\/fi\/elmo-fi\/intranetin-kielen-vaihtaminen\/\" \/>\n<meta property=\"og:site_name\" content=\"Microsoft 365\" \/>\n<meta property=\"article:modified_time\" content=\"2024-01-23T12:22:31+00:00\" \/>\n<meta property=\"og:image\" content=\"https:\/\/help.jamk.fi\/m365\/wp-content\/uploads\/sites\/125\/2023\/07\/editdetails.png\" \/>\n<meta name=\"twitter:card\" content=\"summary_large_image\" \/>\n<meta name=\"twitter:label1\" content=\"Arvioitu lukuaika\" \/>\n\t<meta name=\"twitter:data1\" content=\"2 minuuttia\" \/>\n<script type=\"application\/ld+json\" class=\"yoast-schema-graph\">{\"@context\":\"https:\\\/\\\/schema.org\",\"@graph\":[{\"@type\":\"WebPage\",\"@id\":\"https:\\\/\\\/help.jamk.fi\\\/m365\\\/fi\\\/elmo-fi\\\/intranetin-kielen-vaihtaminen\\\/\",\"url\":\"https:\\\/\\\/help.jamk.fi\\\/m365\\\/fi\\\/elmo-fi\\\/intranetin-kielen-vaihtaminen\\\/\",\"name\":\"Intranetin kielen vaihtaminen - Microsoft 365\",\"isPartOf\":{\"@id\":\"https:\\\/\\\/help.jamk.fi\\\/m365\\\/#website\"},\"primaryImageOfPage\":{\"@id\":\"https:\\\/\\\/help.jamk.fi\\\/m365\\\/fi\\\/elmo-fi\\\/intranetin-kielen-vaihtaminen\\\/#primaryimage\"},\"image\":{\"@id\":\"https:\\\/\\\/help.jamk.fi\\\/m365\\\/fi\\\/elmo-fi\\\/intranetin-kielen-vaihtaminen\\\/#primaryimage\"},\"thumbnailUrl\":\"https:\\\/\\\/help.jamk.fi\\\/m365\\\/wp-content\\\/uploads\\\/sites\\\/125\\\/2023\\\/07\\\/editdetails.png\",\"datePublished\":\"2022-08-09T01:07:28+00:00\",\"dateModified\":\"2024-01-23T12:22:31+00:00\",\"breadcrumb\":{\"@id\":\"https:\\\/\\\/help.jamk.fi\\\/m365\\\/fi\\\/elmo-fi\\\/intranetin-kielen-vaihtaminen\\\/#breadcrumb\"},\"inLanguage\":\"fi\",\"potentialAction\":[{\"@type\":\"ReadAction\",\"target\":[\"https:\\\/\\\/help.jamk.fi\\\/m365\\\/fi\\\/elmo-fi\\\/intranetin-kielen-vaihtaminen\\\/\"]}]},{\"@type\":\"ImageObject\",\"inLanguage\":\"fi\",\"@id\":\"https:\\\/\\\/help.jamk.fi\\\/m365\\\/fi\\\/elmo-fi\\\/intranetin-kielen-vaihtaminen\\\/#primaryimage\",\"url\":\"https:\\\/\\\/help.jamk.fi\\\/m365\\\/wp-content\\\/uploads\\\/sites\\\/125\\\/2023\\\/07\\\/editdetails.png\",\"contentUrl\":\"https:\\\/\\\/help.jamk.fi\\\/m365\\\/wp-content\\\/uploads\\\/sites\\\/125\\\/2023\\\/07\\\/editdetails.png\"},{\"@type\":\"BreadcrumbList\",\"@id\":\"https:\\\/\\\/help.jamk.fi\\\/m365\\\/fi\\\/elmo-fi\\\/intranetin-kielen-vaihtaminen\\\/#breadcrumb\",\"itemListElement\":[{\"@type\":\"ListItem\",\"position\":1,\"name\":\"Etusivu\",\"item\":\"https:\\\/\\\/help.jamk.fi\\\/m365\\\/fi\\\/\"},{\"@type\":\"ListItem\",\"position\":2,\"name\":\"Elmo-intra\",\"item\":\"https:\\\/\\\/help.jamk.fi\\\/m365\\\/fi\\\/elmo-fi\\\/\"},{\"@type\":\"ListItem\",\"position\":3,\"name\":\"Intranetin kielen vaihtaminen\"}]},{\"@type\":\"WebSite\",\"@id\":\"https:\\\/\\\/help.jamk.fi\\\/m365\\\/#website\",\"url\":\"https:\\\/\\\/help.jamk.fi\\\/m365\\\/\",\"name\":\"Microsoft 365\",\"description\":\"\",\"potentialAction\":[{\"@type\":\"SearchAction\",\"target\":{\"@type\":\"EntryPoint\",\"urlTemplate\":\"https:\\\/\\\/help.jamk.fi\\\/m365\\\/?s={search_term_string}\"},\"query-input\":{\"@type\":\"PropertyValueSpecification\",\"valueRequired\":true,\"valueName\":\"search_term_string\"}}],\"inLanguage\":\"fi\"}]}<\/script>\n<!-- \/ Yoast SEO plugin. -->","yoast_head_json":{"title":"Intranetin kielen vaihtaminen - Microsoft 365","robots":{"index":"index","follow":"follow","max-snippet":"max-snippet:-1","max-image-preview":"max-image-preview:large","max-video-preview":"max-video-preview:-1"},"canonical":"https:\/\/help.jamk.fi\/m365\/fi\/elmo-fi\/intranetin-kielen-vaihtaminen\/","og_locale":"fi_FI","og_type":"article","og_title":"Intranetin kielen vaihtaminen - Microsoft 365","og_description":"Oletuksena Jamkin intranetin kielen\u00e4 on suomi. Jos haluat k\u00e4ytt\u00e4\u00e4 intraa mieluummin englanniksi, voit vaihtaa kielen seuraamalla ohjeita: Nyt asetukset on tehty ja muutamien tuntien sis\u00e4\u00e4n intra alkaa n\u00e4kym\u00e4\u00e4n haluamallasi kielell\u00e4.","og_url":"https:\/\/help.jamk.fi\/m365\/fi\/elmo-fi\/intranetin-kielen-vaihtaminen\/","og_site_name":"Microsoft 365","article_modified_time":"2024-01-23T12:22:31+00:00","og_image":[{"url":"https:\/\/help.jamk.fi\/m365\/wp-content\/uploads\/sites\/125\/2023\/07\/editdetails.png","type":"","width":"","height":""}],"twitter_card":"summary_large_image","twitter_misc":{"Arvioitu lukuaika":"2 minuuttia"},"schema":{"@context":"https:\/\/schema.org","@graph":[{"@type":"WebPage","@id":"https:\/\/help.jamk.fi\/m365\/fi\/elmo-fi\/intranetin-kielen-vaihtaminen\/","url":"https:\/\/help.jamk.fi\/m365\/fi\/elmo-fi\/intranetin-kielen-vaihtaminen\/","name":"Intranetin kielen vaihtaminen - Microsoft 365","isPartOf":{"@id":"https:\/\/help.jamk.fi\/m365\/#website"},"primaryImageOfPage":{"@id":"https:\/\/help.jamk.fi\/m365\/fi\/elmo-fi\/intranetin-kielen-vaihtaminen\/#primaryimage"},"image":{"@id":"https:\/\/help.jamk.fi\/m365\/fi\/elmo-fi\/intranetin-kielen-vaihtaminen\/#primaryimage"},"thumbnailUrl":"https:\/\/help.jamk.fi\/m365\/wp-content\/uploads\/sites\/125\/2023\/07\/editdetails.png","datePublished":"2022-08-09T01:07:28+00:00","dateModified":"2024-01-23T12:22:31+00:00","breadcrumb":{"@id":"https:\/\/help.jamk.fi\/m365\/fi\/elmo-fi\/intranetin-kielen-vaihtaminen\/#breadcrumb"},"inLanguage":"fi","potentialAction":[{"@type":"ReadAction","target":["https:\/\/help.jamk.fi\/m365\/fi\/elmo-fi\/intranetin-kielen-vaihtaminen\/"]}]},{"@type":"ImageObject","inLanguage":"fi","@id":"https:\/\/help.jamk.fi\/m365\/fi\/elmo-fi\/intranetin-kielen-vaihtaminen\/#primaryimage","url":"https:\/\/help.jamk.fi\/m365\/wp-content\/uploads\/sites\/125\/2023\/07\/editdetails.png","contentUrl":"https:\/\/help.jamk.fi\/m365\/wp-content\/uploads\/sites\/125\/2023\/07\/editdetails.png"},{"@type":"BreadcrumbList","@id":"https:\/\/help.jamk.fi\/m365\/fi\/elmo-fi\/intranetin-kielen-vaihtaminen\/#breadcrumb","itemListElement":[{"@type":"ListItem","position":1,"name":"Etusivu","item":"https:\/\/help.jamk.fi\/m365\/fi\/"},{"@type":"ListItem","position":2,"name":"Elmo-intra","item":"https:\/\/help.jamk.fi\/m365\/fi\/elmo-fi\/"},{"@type":"ListItem","position":3,"name":"Intranetin kielen vaihtaminen"}]},{"@type":"WebSite","@id":"https:\/\/help.jamk.fi\/m365\/#website","url":"https:\/\/help.jamk.fi\/m365\/","name":"Microsoft 365","description":"","potentialAction":[{"@type":"SearchAction","target":{"@type":"EntryPoint","urlTemplate":"https:\/\/help.jamk.fi\/m365\/?s={search_term_string}"},"query-input":{"@type":"PropertyValueSpecification","valueRequired":true,"valueName":"search_term_string"}}],"inLanguage":"fi"}]}},"_links":{"self":[{"href":"https:\/\/help.jamk.fi\/m365\/wp-json\/wp\/v2\/pages\/1291","targetHints":{"allow":["GET"]}}],"collection":[{"href":"https:\/\/help.jamk.fi\/m365\/wp-json\/wp\/v2\/pages"}],"about":[{"href":"https:\/\/help.jamk.fi\/m365\/wp-json\/wp\/v2\/types\/page"}],"author":[{"embeddable":true,"href":"https:\/\/help.jamk.fi\/m365\/wp-json\/wp\/v2\/users\/64"}],"replies":[{"embeddable":true,"href":"https:\/\/help.jamk.fi\/m365\/wp-json\/wp\/v2\/comments?post=1291"}],"version-history":[{"count":5,"href":"https:\/\/help.jamk.fi\/m365\/wp-json\/wp\/v2\/pages\/1291\/revisions"}],"predecessor-version":[{"id":1842,"href":"https:\/\/help.jamk.fi\/m365\/wp-json\/wp\/v2\/pages\/1291\/revisions\/1842"}],"up":[{"embeddable":true,"href":"https:\/\/help.jamk.fi\/m365\/wp-json\/wp\/v2\/pages\/1281"}],"wp:attachment":[{"href":"https:\/\/help.jamk.fi\/m365\/wp-json\/wp\/v2\/media?parent=1291"}],"wp:term":[{"taxonomy":"category","embeddable":true,"href":"https:\/\/help.jamk.fi\/m365\/wp-json\/wp\/v2\/categories?post=1291"},{"taxonomy":"post_tag","embeddable":true,"href":"https:\/\/help.jamk.fi\/m365\/wp-json\/wp\/v2\/tags?post=1291"}],"curies":[{"name":"wp","href":"https:\/\/api.w.org\/{rel}","templated":true}]}}