{"id":1303,"date":"2022-11-15T08:12:58","date_gmt":"2022-11-15T06:12:58","guid":{"rendered":"https:\/\/help.jamk.fi\/m365\/haku-elmo-intrassa\/"},"modified":"2025-04-01T10:25:06","modified_gmt":"2025-04-01T07:25:06","slug":"haku-elmo-intrassa","status":"publish","type":"page","link":"https:\/\/help.jamk.fi\/m365\/fi\/elmo-fi\/haku-elmo-intrassa\/","title":{"rendered":"Haku Elmo-intrassa"},"content":{"rendered":"\n<p>Intran haku on niin sanottu M365-haku eli haku etsii sis\u00e4lt\u00f6j\u00e4 koko Microsoft 365 -ymp\u00e4rist\u00f6st\u00e4 sek\u00e4 muista m\u00e4\u00e4r\u00e4tyist\u00e4 Jamkin verkkopalveluista (Help, jamk.fi, avoimet oppimateriaalit). Haku on jokaiselle k\u00e4ytt\u00e4j\u00e4lle yksil\u00f6llinen. Haku n\u00e4ytt\u00e4\u00e4 jokaiselle k\u00e4ytt\u00e4j\u00e4lle hakutuloksina sellaiset sivut, sivustot ja tiedostot, johon k\u00e4ytt\u00e4j\u00e4ll\u00e4 on k\u00e4ytt\u00f6oikeus. T\u00e4st\u00e4 syyst\u00e4 n\u00e4et Elmon haussa omat tiedostosi, mutta niit\u00e4 ei n\u00e4e kukaan muu. Omat tiedostosi n\u00e4kyv\u00e4t siis vain sinulle, ei muille, jos et ole jakanut n\u00e4it\u00e4 tiedostoja. <\/p>\n\n\n\n<p>SharePoint ei lis\u00e4\u00e4 k\u00e4ytt\u00f6oikeuksia, vaan n\u00e4ytt\u00e4\u00e4 tietoja olemassa olevien oikeuksien mukaan.\u00a0<a href=\"https:\/\/support.microsoft.com\/fi-fi\/office\/moderni-haku-sharepointissa-b81ab573-ec9c-4aa9-a369-b3c630f878a7\" target=\"_blank\" rel=\"noreferrer noopener\">Lue lis\u00e4\u00e4 SharePointin hakutuloksista<\/a><\/p>\n\n\n\n<h2 class=\"wp-block-heading\">Hakutulokset<\/h2>\n\n\n\n<p>Kaikki-n\u00e4kym\u00e4ss\u00e4 n\u00e4ytet\u00e4\u00e4n omaan sivustohistoriaan ja k\u00e4ytt\u00f6oikeuksiin perustuen sis\u00e4lt\u00f6j\u00e4 koko Microsoft 365:sta, intra mukaan lukien sek\u00e4 my\u00f6s Teamsissa olevia tiedostoja. Voit suodattaa haun tuloksia eri v\u00e4lilehti\u00e4 hy\u00f6dynt\u00e4en. Jamkin intratiimi auttaa tietojen l\u00f6ydett\u00e4vyytt\u00e4 lis\u00e4\u00e4m\u00e4ll\u00e4 avainsanoja ja kirjanmerkkej\u00e4 haetuimpiin sis\u00e4lt\u00f6ihin,<\/p>\n\n\n\n<p>Ohessa muutamia esimerkkej\u00e4 intran haun suodattamisesta<\/p>\n\n\n\n<figure class=\"wp-block-image size-full is-resized\"><img loading=\"lazy\" decoding=\"async\" width=\"979\" height=\"470\" src=\"https:\/\/help.jamk.fi\/m365\/wp-content\/uploads\/sites\/125\/2023\/07\/o365haku.png\" alt=\"\" class=\"wp-image-408\" style=\"width:827px;height:auto\"\/><figcaption class=\"wp-element-caption\">Kuvassa n\u00e4kyv\u00e4t Teams-tiimeist\u00e4 l\u00f6ytyvi\u00e4 vaatimusm\u00e4\u00e4rittely-hakusanalla l\u00f6ytyvi\u00e4 tiedostoja. <\/figcaption><\/figure>\n\n\n\n<p><strong>Tiedostot<\/strong>-n\u00e4kym\u00e4ss\u00e4 n\u00e4ytet\u00e4\u00e4n vain tiedostoja, jotka sijaitsevat jossakin Microsoft 365 -palvelussa ja joihin sinulla k\u00e4ytt\u00f6oikeus. <\/p>\n\n\n\n<p><strong>Henkil\u00f6t<\/strong>-n\u00e4kym\u00e4ss\u00e4 n\u00e4ytet\u00e4\u00e4n hakemaasi sanaan liittyvi\u00e4 henkil\u00f6it\u00e4 tai nimell\u00e4 l\u00f6ytyvi\u00e4 henkil\u00f6it\u00e4. Henkil\u00f6t listautuvat omaan historiaasi (esim. s\u00e4hk\u00f6postit ja Teams-keskustelut) perustuen.<\/p>\n\n\n\n<p>Henkil\u00f6t n\u00e4kym\u00e4\u00e4n ei saa lis\u00e4tty\u00e4 ty\u00f6huonetietoa, ja k\u00e4ytt\u00e4j\u00e4tunnukset voi jatkossa tarkistaa Outlookin osoitteistosta.<\/p>\n\n\n\n<figure class=\"wp-block-image size-large\"><img loading=\"lazy\" decoding=\"async\" width=\"1024\" height=\"558\" src=\"https:\/\/help.jamk.fi\/m365\/wp-content\/uploads\/sites\/125\/2025\/04\/valilehdet_uutiset-1024x558.jpg\" alt=\"Kuvakaappaus intran hausta, jossa n\u00e4kyy yl\u00e4valikossa v\u00e4lilehtin\u00e4 Kaikki, Tiedostot, Sivustot, Henkil\u00f6t, Uutiset, Viestit, Kuvat, Video ja Power BI. Uutiset-v\u00e4lilehti on merkitty punaisella laatikolla.\" class=\"wp-image-1974\" srcset=\"https:\/\/help.jamk.fi\/m365\/wp-content\/uploads\/sites\/125\/2025\/04\/valilehdet_uutiset-1024x558.jpg 1024w, https:\/\/help.jamk.fi\/m365\/wp-content\/uploads\/sites\/125\/2025\/04\/valilehdet_uutiset-300x164.jpg 300w, https:\/\/help.jamk.fi\/m365\/wp-content\/uploads\/sites\/125\/2025\/04\/valilehdet_uutiset-768x419.jpg 768w, https:\/\/help.jamk.fi\/m365\/wp-content\/uploads\/sites\/125\/2025\/04\/valilehdet_uutiset.jpg 1137w\" sizes=\"auto, (max-width: 1024px) 100vw, 1024px\" \/><figcaption class=\"wp-element-caption\">Uutiset-v\u00e4lilehti suodattaa hakusanan mukaisia intran uutisia, kuten t\u00e4ss\u00e4 esimerkiss\u00e4 hakusanalla &#8221;strategia&#8221;. <\/figcaption><\/figure>\n\n\n\n<p><strong>Uutiset<\/strong>-n\u00e4kym\u00e4ss\u00e4 n\u00e4ytet\u00e4\u00e4n hakemaasi sanaan liittyen intran uutisia.<\/p>\n\n\n\n<figure class=\"wp-block-image size-full\"><img loading=\"lazy\" decoding=\"async\" width=\"813\" height=\"816\" src=\"https:\/\/help.jamk.fi\/m365\/wp-content\/uploads\/sites\/125\/2025\/04\/valilehdet_Elmo-intra.jpg\" alt=\"Kuvakaappaus intran hausta, jossa n\u00e4kyy yl\u00e4valikossa v\u00e4lilehtin\u00e4 Kaikki, Tiedostot, Sivustot, Henkil\u00f6t, Uutiset, Viestit, Kuvat, Video ja Elmo-intraa. Elmo-intra on merkitty punaisella laatikolla ja alla on listana erilaisia sis\u00e4lt\u00f6j\u00e4 intrasta. \" class=\"wp-image-1975\" srcset=\"https:\/\/help.jamk.fi\/m365\/wp-content\/uploads\/sites\/125\/2025\/04\/valilehdet_Elmo-intra.jpg 813w, https:\/\/help.jamk.fi\/m365\/wp-content\/uploads\/sites\/125\/2025\/04\/valilehdet_Elmo-intra-300x300.jpg 300w, https:\/\/help.jamk.fi\/m365\/wp-content\/uploads\/sites\/125\/2025\/04\/valilehdet_Elmo-intra-150x150.jpg 150w, https:\/\/help.jamk.fi\/m365\/wp-content\/uploads\/sites\/125\/2025\/04\/valilehdet_Elmo-intra-768x771.jpg 768w, https:\/\/help.jamk.fi\/m365\/wp-content\/uploads\/sites\/125\/2025\/04\/valilehdet_Elmo-intra-100x100.jpg 100w\" sizes=\"auto, (max-width: 813px) 100vw, 813px\" \/><figcaption class=\"wp-element-caption\">Elmo-intra-v\u00e4lilehti intran haussa suodattaa hakusanasi mukaan erilaista intran sis\u00e4lt\u00f6\u00e4, kuten t\u00e4ss\u00e4 &#8221;strategia&#8221;-sanalla sivuston, tiedostoja, ja uutisia.<\/figcaption><\/figure>\n\n\n\n<p><strong>Elmo-intra<\/strong>-n\u00e4kym\u00e4 suodattaa hakemasi sanan perustella kaikkea intran sis\u00e4lt\u00f6j\u00e4. Tulokset voivat olla uutisia, tiedostoja, sivuja ja sivustoja. Elmo-intra-n\u00e4kym\u00e4\u00e4n p\u00e4\u00e4set 3 muuta -valikon takaa, jos se ei ole automaattisesti n\u00e4kyviss\u00e4. <\/p>\n\n\n\n<p><strong>Jamkin verkkosivut<\/strong>-n\u00e4kym\u00e4ss\u00e4 n\u00e4ytet\u00e4\u00e4n Jamk.fi-verkkosivustolta, Helpist\u00e4 ja avoimien oppimateriaalien sivuilta l\u00f6ytyv\u00e4t hakutulokset.<\/p>\n\n\n\n<p><strong>Haun kirjanmerkeill\u00e4<\/strong> ohjataan k\u00e4ytt\u00e4j\u00e4\u00e4 suoraan esimerkiksi eri j\u00e4rjestelmiin ja sis\u00e4lt\u00f6ihin. T\u00e4ss\u00e4 esimerkkin\u00e4 haun kirjanmerkki (<em>bookmark<\/em>) eli \u201dfilesender\u201d-hakusanalla kirjanmerkki ohjaa k\u00e4ytt\u00e4j\u00e4\u00e4 suoraan Funet Filesender -j\u00e4rjestelm\u00e4\u00e4n.<\/p>\n\n\n\n<figure class=\"wp-block-image size-full\"><img loading=\"lazy\" decoding=\"async\" width=\"712\" height=\"174\" src=\"https:\/\/help.jamk.fi\/m365\/wp-content\/uploads\/sites\/125\/2025\/04\/kirjanmerkki.jpg\" alt=\"Kuvakaappaus intran hakun\u00e4kym\u00e4st\u00e4. Hakusanakent\u00e4ss\u00e4 lukee filesender. Hakutuloksissa on Funet Filesender, joka on merkitty punaisella laatikolla.  \" class=\"wp-image-1980\" srcset=\"https:\/\/help.jamk.fi\/m365\/wp-content\/uploads\/sites\/125\/2025\/04\/kirjanmerkki.jpg 712w, https:\/\/help.jamk.fi\/m365\/wp-content\/uploads\/sites\/125\/2025\/04\/kirjanmerkki-300x73.jpg 300w\" sizes=\"auto, (max-width: 712px) 100vw, 712px\" \/><figcaption class=\"wp-element-caption\">Esimerkki haun kirjanmerkeist\u00e4, jotka ohjaavat tietyill\u00e4 hakusanoilla suoraan esimerkiksi j\u00e4rjestelmiin tai muihin sis\u00e4lt\u00f6ihin.<\/figcaption><\/figure>\n\n\n\n<p><strong>Haun ohjaaminen avainsanalla.<\/strong> intran tiimi seuraa intran haun analytiikkaa ja lis\u00e4\u00e4 ohjaavia kirjamerkkej\u00e4 usein k\u00e4ytetyille avainsanoille. Analytiikka osaoittaa, ett\u00e4 \u201dopintotoimisto\u201d-hakusanaa k\u00e4ytet\u00e4\u00e4n jonkin verran. Jamkissa ei sen nimist\u00e4 toimistoa ole olemassa, joten \u201dopintotoimisto\u201d-avainsanalla ohjataan k\u00e4ytt\u00e4ji\u00e4 opiskelijapalveluiden intrasivulle.<\/p>\n\n\n\n<figure class=\"wp-block-image size-large\"><img loading=\"lazy\" decoding=\"async\" width=\"1024\" height=\"313\" src=\"https:\/\/help.jamk.fi\/m365\/wp-content\/uploads\/sites\/125\/2025\/04\/avainsana-1024x313.jpg\" alt=\"Kuvakaappaus intran hakun\u00e4kym\u00e4st\u00e4. Hakusanakent\u00e4ss\u00e4 lukee opintotoimisto ja se on merkitty punaisella laatikolla. Hakutuloksissa on linkki opiskelijapalveluiden sivuille.\" class=\"wp-image-1981\" srcset=\"https:\/\/help.jamk.fi\/m365\/wp-content\/uploads\/sites\/125\/2025\/04\/avainsana-1024x313.jpg 1024w, https:\/\/help.jamk.fi\/m365\/wp-content\/uploads\/sites\/125\/2025\/04\/avainsana-300x92.jpg 300w, https:\/\/help.jamk.fi\/m365\/wp-content\/uploads\/sites\/125\/2025\/04\/avainsana-768x234.jpg 768w, https:\/\/help.jamk.fi\/m365\/wp-content\/uploads\/sites\/125\/2025\/04\/avainsana.jpg 1163w\" sizes=\"auto, (max-width: 1024px) 100vw, 1024px\" \/><figcaption class=\"wp-element-caption\">Esimerkki, jossa opintotoimisto-avainsanalla ohjataan haussa opiskelijapalveluiden intrasivuille.<\/figcaption><\/figure>\n\n\n\n<p>Lue lis\u00e4\u00e4 <a href=\"https:\/\/help.jamk.fi\/m365\/fi\/elmo-fi\/\">intran k\u00e4yt\u00f6st\u00e4 Teamsissa<\/a>.<\/p>\n","protected":false},"excerpt":{"rendered":"<p>Intran haku on niin sanottu M365-haku eli haku etsii sis\u00e4lt\u00f6j\u00e4 koko Microsoft 365 -ymp\u00e4rist\u00f6st\u00e4 sek\u00e4 muista m\u00e4\u00e4r\u00e4tyist\u00e4 Jamkin verkkopalveluista (Help, jamk.fi, avoimet oppimateriaalit). Haku on jokaiselle k\u00e4ytt\u00e4j\u00e4lle yksil\u00f6llinen. Haku n\u00e4ytt\u00e4\u00e4 jokaiselle k\u00e4ytt\u00e4j\u00e4lle hakutuloksina sellaiset sivut, sivustot ja tiedostot, johon k\u00e4ytt\u00e4j\u00e4ll\u00e4 on k\u00e4ytt\u00f6oikeus. T\u00e4st\u00e4 syyst\u00e4 n\u00e4et Elmon haussa omat tiedostosi, mutta niit\u00e4 ei n\u00e4e kukaan muu. [&hellip;]<\/p>\n","protected":false},"author":64,"featured_media":0,"parent":1281,"menu_order":0,"comment_status":"closed","ping_status":"open","template":"","meta":{"_acf_changed":false,"_relevanssi_hide_post":"","_relevanssi_hide_content":"","_relevanssi_pin_for_all":"","_relevanssi_pin_keywords":"","_relevanssi_unpin_keywords":"","_relevanssi_related_keywords":"","_relevanssi_related_include_ids":"","_relevanssi_related_exclude_ids":"","_relevanssi_related_no_append":"","_relevanssi_related_not_related":"","_relevanssi_related_posts":"","_relevanssi_noindex_reason":"","footnotes":""},"categories":[1],"tags":[108],"class_list":["post-1303","page","type-page","status-publish","hentry","category-yleinen","tag-elmo"],"acf":[],"yoast_head":"<!-- This site is optimized with the Yoast SEO plugin v27.3 - https:\/\/yoast.com\/product\/yoast-seo-wordpress\/ -->\n<title>Haku Elmo-intrassa - Microsoft 365<\/title>\n<meta name=\"robots\" content=\"index, follow, max-snippet:-1, max-image-preview:large, max-video-preview:-1\" \/>\n<link rel=\"canonical\" href=\"https:\/\/help.jamk.fi\/m365\/fi\/elmo-fi\/haku-elmo-intrassa\/\" \/>\n<meta property=\"og:locale\" content=\"fi_FI\" \/>\n<meta property=\"og:type\" content=\"article\" \/>\n<meta property=\"og:title\" content=\"Haku Elmo-intrassa - Microsoft 365\" \/>\n<meta property=\"og:description\" content=\"Intran haku on niin sanottu M365-haku eli haku etsii sis\u00e4lt\u00f6j\u00e4 koko Microsoft 365 -ymp\u00e4rist\u00f6st\u00e4 sek\u00e4 muista m\u00e4\u00e4r\u00e4tyist\u00e4 Jamkin verkkopalveluista (Help, jamk.fi, avoimet oppimateriaalit). Haku on jokaiselle k\u00e4ytt\u00e4j\u00e4lle yksil\u00f6llinen. Haku n\u00e4ytt\u00e4\u00e4 jokaiselle k\u00e4ytt\u00e4j\u00e4lle hakutuloksina sellaiset sivut, sivustot ja tiedostot, johon k\u00e4ytt\u00e4j\u00e4ll\u00e4 on k\u00e4ytt\u00f6oikeus. T\u00e4st\u00e4 syyst\u00e4 n\u00e4et Elmon haussa omat tiedostosi, mutta niit\u00e4 ei n\u00e4e kukaan muu. [&hellip;]\" \/>\n<meta property=\"og:url\" content=\"https:\/\/help.jamk.fi\/m365\/fi\/elmo-fi\/haku-elmo-intrassa\/\" \/>\n<meta property=\"og:site_name\" content=\"Microsoft 365\" \/>\n<meta property=\"article:modified_time\" content=\"2025-04-01T07:25:06+00:00\" \/>\n<meta property=\"og:image\" content=\"https:\/\/help.jamk.fi\/m365\/wp-content\/uploads\/sites\/125\/2023\/07\/o365haku.png\" \/>\n\t<meta property=\"og:image:width\" content=\"979\" \/>\n\t<meta property=\"og:image:height\" content=\"470\" \/>\n\t<meta property=\"og:image:type\" content=\"image\/png\" \/>\n<meta name=\"twitter:card\" content=\"summary_large_image\" \/>\n<meta name=\"twitter:label1\" content=\"Arvioitu lukuaika\" \/>\n\t<meta name=\"twitter:data1\" content=\"4 minuuttia\" \/>\n<script type=\"application\/ld+json\" class=\"yoast-schema-graph\">{\"@context\":\"https:\\\/\\\/schema.org\",\"@graph\":[{\"@type\":\"WebPage\",\"@id\":\"https:\\\/\\\/help.jamk.fi\\\/m365\\\/fi\\\/elmo-fi\\\/haku-elmo-intrassa\\\/\",\"url\":\"https:\\\/\\\/help.jamk.fi\\\/m365\\\/fi\\\/elmo-fi\\\/haku-elmo-intrassa\\\/\",\"name\":\"Haku Elmo-intrassa - Microsoft 365\",\"isPartOf\":{\"@id\":\"https:\\\/\\\/help.jamk.fi\\\/m365\\\/#website\"},\"primaryImageOfPage\":{\"@id\":\"https:\\\/\\\/help.jamk.fi\\\/m365\\\/fi\\\/elmo-fi\\\/haku-elmo-intrassa\\\/#primaryimage\"},\"image\":{\"@id\":\"https:\\\/\\\/help.jamk.fi\\\/m365\\\/fi\\\/elmo-fi\\\/haku-elmo-intrassa\\\/#primaryimage\"},\"thumbnailUrl\":\"https:\\\/\\\/help.jamk.fi\\\/m365\\\/wp-content\\\/uploads\\\/sites\\\/125\\\/2023\\\/07\\\/o365haku.png\",\"datePublished\":\"2022-11-15T06:12:58+00:00\",\"dateModified\":\"2025-04-01T07:25:06+00:00\",\"breadcrumb\":{\"@id\":\"https:\\\/\\\/help.jamk.fi\\\/m365\\\/fi\\\/elmo-fi\\\/haku-elmo-intrassa\\\/#breadcrumb\"},\"inLanguage\":\"fi\",\"potentialAction\":[{\"@type\":\"ReadAction\",\"target\":[\"https:\\\/\\\/help.jamk.fi\\\/m365\\\/fi\\\/elmo-fi\\\/haku-elmo-intrassa\\\/\"]}]},{\"@type\":\"ImageObject\",\"inLanguage\":\"fi\",\"@id\":\"https:\\\/\\\/help.jamk.fi\\\/m365\\\/fi\\\/elmo-fi\\\/haku-elmo-intrassa\\\/#primaryimage\",\"url\":\"https:\\\/\\\/help.jamk.fi\\\/m365\\\/wp-content\\\/uploads\\\/sites\\\/125\\\/2023\\\/07\\\/o365haku.png\",\"contentUrl\":\"https:\\\/\\\/help.jamk.fi\\\/m365\\\/wp-content\\\/uploads\\\/sites\\\/125\\\/2023\\\/07\\\/o365haku.png\"},{\"@type\":\"BreadcrumbList\",\"@id\":\"https:\\\/\\\/help.jamk.fi\\\/m365\\\/fi\\\/elmo-fi\\\/haku-elmo-intrassa\\\/#breadcrumb\",\"itemListElement\":[{\"@type\":\"ListItem\",\"position\":1,\"name\":\"Etusivu\",\"item\":\"https:\\\/\\\/help.jamk.fi\\\/m365\\\/fi\\\/\"},{\"@type\":\"ListItem\",\"position\":2,\"name\":\"Elmo-intra\",\"item\":\"https:\\\/\\\/help.jamk.fi\\\/m365\\\/fi\\\/elmo-fi\\\/\"},{\"@type\":\"ListItem\",\"position\":3,\"name\":\"Haku Elmo-intrassa\"}]},{\"@type\":\"WebSite\",\"@id\":\"https:\\\/\\\/help.jamk.fi\\\/m365\\\/#website\",\"url\":\"https:\\\/\\\/help.jamk.fi\\\/m365\\\/\",\"name\":\"Microsoft 365\",\"description\":\"\",\"potentialAction\":[{\"@type\":\"SearchAction\",\"target\":{\"@type\":\"EntryPoint\",\"urlTemplate\":\"https:\\\/\\\/help.jamk.fi\\\/m365\\\/?s={search_term_string}\"},\"query-input\":{\"@type\":\"PropertyValueSpecification\",\"valueRequired\":true,\"valueName\":\"search_term_string\"}}],\"inLanguage\":\"fi\"}]}<\/script>\n<!-- \/ Yoast SEO plugin. -->","yoast_head_json":{"title":"Haku Elmo-intrassa - Microsoft 365","robots":{"index":"index","follow":"follow","max-snippet":"max-snippet:-1","max-image-preview":"max-image-preview:large","max-video-preview":"max-video-preview:-1"},"canonical":"https:\/\/help.jamk.fi\/m365\/fi\/elmo-fi\/haku-elmo-intrassa\/","og_locale":"fi_FI","og_type":"article","og_title":"Haku Elmo-intrassa - Microsoft 365","og_description":"Intran haku on niin sanottu M365-haku eli haku etsii sis\u00e4lt\u00f6j\u00e4 koko Microsoft 365 -ymp\u00e4rist\u00f6st\u00e4 sek\u00e4 muista m\u00e4\u00e4r\u00e4tyist\u00e4 Jamkin verkkopalveluista (Help, jamk.fi, avoimet oppimateriaalit). Haku on jokaiselle k\u00e4ytt\u00e4j\u00e4lle yksil\u00f6llinen. Haku n\u00e4ytt\u00e4\u00e4 jokaiselle k\u00e4ytt\u00e4j\u00e4lle hakutuloksina sellaiset sivut, sivustot ja tiedostot, johon k\u00e4ytt\u00e4j\u00e4ll\u00e4 on k\u00e4ytt\u00f6oikeus. T\u00e4st\u00e4 syyst\u00e4 n\u00e4et Elmon haussa omat tiedostosi, mutta niit\u00e4 ei n\u00e4e kukaan muu. [&hellip;]","og_url":"https:\/\/help.jamk.fi\/m365\/fi\/elmo-fi\/haku-elmo-intrassa\/","og_site_name":"Microsoft 365","article_modified_time":"2025-04-01T07:25:06+00:00","og_image":[{"width":979,"height":470,"url":"https:\/\/help.jamk.fi\/m365\/wp-content\/uploads\/sites\/125\/2023\/07\/o365haku.png","type":"image\/png"}],"twitter_card":"summary_large_image","twitter_misc":{"Arvioitu lukuaika":"4 minuuttia"},"schema":{"@context":"https:\/\/schema.org","@graph":[{"@type":"WebPage","@id":"https:\/\/help.jamk.fi\/m365\/fi\/elmo-fi\/haku-elmo-intrassa\/","url":"https:\/\/help.jamk.fi\/m365\/fi\/elmo-fi\/haku-elmo-intrassa\/","name":"Haku Elmo-intrassa - Microsoft 365","isPartOf":{"@id":"https:\/\/help.jamk.fi\/m365\/#website"},"primaryImageOfPage":{"@id":"https:\/\/help.jamk.fi\/m365\/fi\/elmo-fi\/haku-elmo-intrassa\/#primaryimage"},"image":{"@id":"https:\/\/help.jamk.fi\/m365\/fi\/elmo-fi\/haku-elmo-intrassa\/#primaryimage"},"thumbnailUrl":"https:\/\/help.jamk.fi\/m365\/wp-content\/uploads\/sites\/125\/2023\/07\/o365haku.png","datePublished":"2022-11-15T06:12:58+00:00","dateModified":"2025-04-01T07:25:06+00:00","breadcrumb":{"@id":"https:\/\/help.jamk.fi\/m365\/fi\/elmo-fi\/haku-elmo-intrassa\/#breadcrumb"},"inLanguage":"fi","potentialAction":[{"@type":"ReadAction","target":["https:\/\/help.jamk.fi\/m365\/fi\/elmo-fi\/haku-elmo-intrassa\/"]}]},{"@type":"ImageObject","inLanguage":"fi","@id":"https:\/\/help.jamk.fi\/m365\/fi\/elmo-fi\/haku-elmo-intrassa\/#primaryimage","url":"https:\/\/help.jamk.fi\/m365\/wp-content\/uploads\/sites\/125\/2023\/07\/o365haku.png","contentUrl":"https:\/\/help.jamk.fi\/m365\/wp-content\/uploads\/sites\/125\/2023\/07\/o365haku.png"},{"@type":"BreadcrumbList","@id":"https:\/\/help.jamk.fi\/m365\/fi\/elmo-fi\/haku-elmo-intrassa\/#breadcrumb","itemListElement":[{"@type":"ListItem","position":1,"name":"Etusivu","item":"https:\/\/help.jamk.fi\/m365\/fi\/"},{"@type":"ListItem","position":2,"name":"Elmo-intra","item":"https:\/\/help.jamk.fi\/m365\/fi\/elmo-fi\/"},{"@type":"ListItem","position":3,"name":"Haku Elmo-intrassa"}]},{"@type":"WebSite","@id":"https:\/\/help.jamk.fi\/m365\/#website","url":"https:\/\/help.jamk.fi\/m365\/","name":"Microsoft 365","description":"","potentialAction":[{"@type":"SearchAction","target":{"@type":"EntryPoint","urlTemplate":"https:\/\/help.jamk.fi\/m365\/?s={search_term_string}"},"query-input":{"@type":"PropertyValueSpecification","valueRequired":true,"valueName":"search_term_string"}}],"inLanguage":"fi"}]}},"_links":{"self":[{"href":"https:\/\/help.jamk.fi\/m365\/wp-json\/wp\/v2\/pages\/1303","targetHints":{"allow":["GET"]}}],"collection":[{"href":"https:\/\/help.jamk.fi\/m365\/wp-json\/wp\/v2\/pages"}],"about":[{"href":"https:\/\/help.jamk.fi\/m365\/wp-json\/wp\/v2\/types\/page"}],"author":[{"embeddable":true,"href":"https:\/\/help.jamk.fi\/m365\/wp-json\/wp\/v2\/users\/64"}],"replies":[{"embeddable":true,"href":"https:\/\/help.jamk.fi\/m365\/wp-json\/wp\/v2\/comments?post=1303"}],"version-history":[{"count":22,"href":"https:\/\/help.jamk.fi\/m365\/wp-json\/wp\/v2\/pages\/1303\/revisions"}],"predecessor-version":[{"id":1986,"href":"https:\/\/help.jamk.fi\/m365\/wp-json\/wp\/v2\/pages\/1303\/revisions\/1986"}],"up":[{"embeddable":true,"href":"https:\/\/help.jamk.fi\/m365\/wp-json\/wp\/v2\/pages\/1281"}],"wp:attachment":[{"href":"https:\/\/help.jamk.fi\/m365\/wp-json\/wp\/v2\/media?parent=1303"}],"wp:term":[{"taxonomy":"category","embeddable":true,"href":"https:\/\/help.jamk.fi\/m365\/wp-json\/wp\/v2\/categories?post=1303"},{"taxonomy":"post_tag","embeddable":true,"href":"https:\/\/help.jamk.fi\/m365\/wp-json\/wp\/v2\/tags?post=1303"}],"curies":[{"name":"wp","href":"https:\/\/api.w.org\/{rel}","templated":true}]}}