{"id":172,"date":"2012-06-15T10:51:34","date_gmt":"2012-06-15T07:51:34","guid":{"rendered":"https:\/\/help.jamk.fi\/m365\/sahkopostipalvelut\/"},"modified":"2024-05-06T13:12:35","modified_gmt":"2024-05-06T10:12:35","slug":"sahkopostipalvelut","status":"publish","type":"page","link":"https:\/\/help.jamk.fi\/m365\/fi\/sahkopostipalvelut\/","title":{"rendered":"S\u00e4hk\u00f6postipalvelut"},"content":{"rendered":"\n<ul class=\"wp-block-list\">\n<li><a href=\"https:\/\/help.jamk.fi\/kirjautuminen\/fi\/kaksivaiheisen-tunnistautumisen-kayttoonotto\/\">Vahvan tunnistautumisen(MFA) k\u00e4ytt\u00f6\u00f6notto<\/a><\/li>\n\n\n\n<li><a href=\"https:\/\/help.jamk.fi\/m365\/sahkopostipalvelut\/sahkopostiin-kirjautuminen\/\">S\u00e4hk\u00f6postiin kirjautuminen<\/a><\/li>\n\n\n\n<li><a href=\"https:\/\/help.jamk.fi\/m365\/fi\/sahkopostipalvelut\/turvaposti\">Turvaposti<\/a><\/li>\n\n\n\n<li><a href=\"https:\/\/help.jamk.fi\/m365\/sahkopostipalvelut\/saapuvan-postin-virustarkistus\/\">Saapuvan postin spam- ja virustarkistus<\/a><\/li>\n<\/ul>\n\n\n\n<h2 class=\"wp-block-heading\">S\u00e4hk\u00f6postij\u00e4rjestelm\u00e4n k\u00e4ytt\u00f6<\/h2>\n\n\n\n<p>S\u00e4hk\u00f6postij\u00e4rjestelm\u00e4\u00e4 voidaan k\u00e4ytt\u00e4\u00e4 erillisell\u00e4 Outlook-sovelluksella tai sen web-k\u00e4ytt\u00f6liittym\u00e4ll\u00e4 selaimessa osoitteessa <a href=\"https:\/\/m365.jamk.fi\">https:\/\/m365.jamk.fi<\/a>. Outlook-sovellus toimii tietokoneilla ja yhteensopivissa mobiililaitteissa.<\/p>\n\n\n\n<p><\/p>\n","protected":false},"excerpt":{"rendered":"<p>S\u00e4hk\u00f6postij\u00e4rjestelm\u00e4n k\u00e4ytt\u00f6 S\u00e4hk\u00f6postij\u00e4rjestelm\u00e4\u00e4 voidaan k\u00e4ytt\u00e4\u00e4 erillisell\u00e4 Outlook-sovelluksella tai sen web-k\u00e4ytt\u00f6liittym\u00e4ll\u00e4 selaimessa osoitteessa https:\/\/m365.jamk.fi. Outlook-sovellus toimii tietokoneilla ja yhteensopivissa mobiililaitteissa.<\/p>\n","protected":false},"author":64,"featured_media":0,"parent":0,"menu_order":8,"comment_status":"closed","ping_status":"open","template":"","meta":{"_acf_changed":false,"_relevanssi_hide_post":"","_relevanssi_hide_content":"","_relevanssi_pin_for_all":"","_relevanssi_pin_keywords":"s\u00e4hk\u00f6posti","_relevanssi_unpin_keywords":"","_relevanssi_related_keywords":"","_relevanssi_related_include_ids":"","_relevanssi_related_exclude_ids":"","_relevanssi_related_no_append":"","_relevanssi_related_not_related":"","_relevanssi_related_posts":"949","_relevanssi_noindex_reason":"","footnotes":""},"categories":[1412,1414],"tags":[364,126,370,227],"class_list":["post-172","page","type-page","status-publish","hentry","category-henkilosto","category-opiskelijat","tag-exchange","tag-microsoft365","tag-outlook","tag-sahkoposti"],"acf":[],"yoast_head":"<!-- This site is optimized with the Yoast SEO plugin v27.3 - https:\/\/yoast.com\/product\/yoast-seo-wordpress\/ -->\n<title>S\u00e4hk\u00f6postipalvelut - Microsoft 365<\/title>\n<meta name=\"robots\" content=\"index, follow, max-snippet:-1, max-image-preview:large, max-video-preview:-1\" \/>\n<link rel=\"canonical\" href=\"https:\/\/help.jamk.fi\/m365\/fi\/sahkopostipalvelut\/\" \/>\n<meta property=\"og:locale\" content=\"fi_FI\" \/>\n<meta property=\"og:type\" content=\"article\" \/>\n<meta property=\"og:title\" content=\"S\u00e4hk\u00f6postipalvelut - Microsoft 365\" \/>\n<meta property=\"og:description\" content=\"S\u00e4hk\u00f6postij\u00e4rjestelm\u00e4n k\u00e4ytt\u00f6 S\u00e4hk\u00f6postij\u00e4rjestelm\u00e4\u00e4 voidaan k\u00e4ytt\u00e4\u00e4 erillisell\u00e4 Outlook-sovelluksella tai sen web-k\u00e4ytt\u00f6liittym\u00e4ll\u00e4 selaimessa osoitteessa https:\/\/m365.jamk.fi. Outlook-sovellus toimii tietokoneilla ja yhteensopivissa mobiililaitteissa.\" \/>\n<meta property=\"og:url\" content=\"https:\/\/help.jamk.fi\/m365\/fi\/sahkopostipalvelut\/\" \/>\n<meta property=\"og:site_name\" content=\"Microsoft 365\" \/>\n<meta property=\"article:modified_time\" content=\"2024-05-06T10:12:35+00:00\" \/>\n<meta name=\"twitter:card\" content=\"summary_large_image\" \/>\n<meta name=\"twitter:label1\" content=\"Arvioitu lukuaika\" \/>\n\t<meta name=\"twitter:data1\" content=\"1 minuutti\" \/>\n<script type=\"application\/ld+json\" class=\"yoast-schema-graph\">{\"@context\":\"https:\\\/\\\/schema.org\",\"@graph\":[{\"@type\":\"WebPage\",\"@id\":\"https:\\\/\\\/help.jamk.fi\\\/m365\\\/fi\\\/sahkopostipalvelut\\\/\",\"url\":\"https:\\\/\\\/help.jamk.fi\\\/m365\\\/fi\\\/sahkopostipalvelut\\\/\",\"name\":\"S\u00e4hk\u00f6postipalvelut - Microsoft 365\",\"isPartOf\":{\"@id\":\"https:\\\/\\\/help.jamk.fi\\\/m365\\\/#website\"},\"datePublished\":\"2012-06-15T07:51:34+00:00\",\"dateModified\":\"2024-05-06T10:12:35+00:00\",\"breadcrumb\":{\"@id\":\"https:\\\/\\\/help.jamk.fi\\\/m365\\\/fi\\\/sahkopostipalvelut\\\/#breadcrumb\"},\"inLanguage\":\"fi\",\"potentialAction\":[{\"@type\":\"ReadAction\",\"target\":[\"https:\\\/\\\/help.jamk.fi\\\/m365\\\/fi\\\/sahkopostipalvelut\\\/\"]}]},{\"@type\":\"BreadcrumbList\",\"@id\":\"https:\\\/\\\/help.jamk.fi\\\/m365\\\/fi\\\/sahkopostipalvelut\\\/#breadcrumb\",\"itemListElement\":[{\"@type\":\"ListItem\",\"position\":1,\"name\":\"Etusivu\",\"item\":\"https:\\\/\\\/help.jamk.fi\\\/m365\\\/fi\\\/\"},{\"@type\":\"ListItem\",\"position\":2,\"name\":\"S\u00e4hk\u00f6postipalvelut\"}]},{\"@type\":\"WebSite\",\"@id\":\"https:\\\/\\\/help.jamk.fi\\\/m365\\\/#website\",\"url\":\"https:\\\/\\\/help.jamk.fi\\\/m365\\\/\",\"name\":\"Microsoft 365\",\"description\":\"\",\"potentialAction\":[{\"@type\":\"SearchAction\",\"target\":{\"@type\":\"EntryPoint\",\"urlTemplate\":\"https:\\\/\\\/help.jamk.fi\\\/m365\\\/?s={search_term_string}\"},\"query-input\":{\"@type\":\"PropertyValueSpecification\",\"valueRequired\":true,\"valueName\":\"search_term_string\"}}],\"inLanguage\":\"fi\"}]}<\/script>\n<!-- \/ Yoast SEO plugin. -->","yoast_head_json":{"title":"S\u00e4hk\u00f6postipalvelut - Microsoft 365","robots":{"index":"index","follow":"follow","max-snippet":"max-snippet:-1","max-image-preview":"max-image-preview:large","max-video-preview":"max-video-preview:-1"},"canonical":"https:\/\/help.jamk.fi\/m365\/fi\/sahkopostipalvelut\/","og_locale":"fi_FI","og_type":"article","og_title":"S\u00e4hk\u00f6postipalvelut - Microsoft 365","og_description":"S\u00e4hk\u00f6postij\u00e4rjestelm\u00e4n k\u00e4ytt\u00f6 S\u00e4hk\u00f6postij\u00e4rjestelm\u00e4\u00e4 voidaan k\u00e4ytt\u00e4\u00e4 erillisell\u00e4 Outlook-sovelluksella tai sen web-k\u00e4ytt\u00f6liittym\u00e4ll\u00e4 selaimessa osoitteessa https:\/\/m365.jamk.fi. Outlook-sovellus toimii tietokoneilla ja yhteensopivissa mobiililaitteissa.","og_url":"https:\/\/help.jamk.fi\/m365\/fi\/sahkopostipalvelut\/","og_site_name":"Microsoft 365","article_modified_time":"2024-05-06T10:12:35+00:00","twitter_card":"summary_large_image","twitter_misc":{"Arvioitu lukuaika":"1 minuutti"},"schema":{"@context":"https:\/\/schema.org","@graph":[{"@type":"WebPage","@id":"https:\/\/help.jamk.fi\/m365\/fi\/sahkopostipalvelut\/","url":"https:\/\/help.jamk.fi\/m365\/fi\/sahkopostipalvelut\/","name":"S\u00e4hk\u00f6postipalvelut - Microsoft 365","isPartOf":{"@id":"https:\/\/help.jamk.fi\/m365\/#website"},"datePublished":"2012-06-15T07:51:34+00:00","dateModified":"2024-05-06T10:12:35+00:00","breadcrumb":{"@id":"https:\/\/help.jamk.fi\/m365\/fi\/sahkopostipalvelut\/#breadcrumb"},"inLanguage":"fi","potentialAction":[{"@type":"ReadAction","target":["https:\/\/help.jamk.fi\/m365\/fi\/sahkopostipalvelut\/"]}]},{"@type":"BreadcrumbList","@id":"https:\/\/help.jamk.fi\/m365\/fi\/sahkopostipalvelut\/#breadcrumb","itemListElement":[{"@type":"ListItem","position":1,"name":"Etusivu","item":"https:\/\/help.jamk.fi\/m365\/fi\/"},{"@type":"ListItem","position":2,"name":"S\u00e4hk\u00f6postipalvelut"}]},{"@type":"WebSite","@id":"https:\/\/help.jamk.fi\/m365\/#website","url":"https:\/\/help.jamk.fi\/m365\/","name":"Microsoft 365","description":"","potentialAction":[{"@type":"SearchAction","target":{"@type":"EntryPoint","urlTemplate":"https:\/\/help.jamk.fi\/m365\/?s={search_term_string}"},"query-input":{"@type":"PropertyValueSpecification","valueRequired":true,"valueName":"search_term_string"}}],"inLanguage":"fi"}]}},"_links":{"self":[{"href":"https:\/\/help.jamk.fi\/m365\/wp-json\/wp\/v2\/pages\/172","targetHints":{"allow":["GET"]}}],"collection":[{"href":"https:\/\/help.jamk.fi\/m365\/wp-json\/wp\/v2\/pages"}],"about":[{"href":"https:\/\/help.jamk.fi\/m365\/wp-json\/wp\/v2\/types\/page"}],"author":[{"embeddable":true,"href":"https:\/\/help.jamk.fi\/m365\/wp-json\/wp\/v2\/users\/64"}],"replies":[{"embeddable":true,"href":"https:\/\/help.jamk.fi\/m365\/wp-json\/wp\/v2\/comments?post=172"}],"version-history":[{"count":11,"href":"https:\/\/help.jamk.fi\/m365\/wp-json\/wp\/v2\/pages\/172\/revisions"}],"predecessor-version":[{"id":1786,"href":"https:\/\/help.jamk.fi\/m365\/wp-json\/wp\/v2\/pages\/172\/revisions\/1786"}],"wp:attachment":[{"href":"https:\/\/help.jamk.fi\/m365\/wp-json\/wp\/v2\/media?parent=172"}],"wp:term":[{"taxonomy":"category","embeddable":true,"href":"https:\/\/help.jamk.fi\/m365\/wp-json\/wp\/v2\/categories?post=172"},{"taxonomy":"post_tag","embeddable":true,"href":"https:\/\/help.jamk.fi\/m365\/wp-json\/wp\/v2\/tags?post=172"}],"curies":[{"name":"wp","href":"https:\/\/api.w.org\/{rel}","templated":true}]}}