{"id":181,"date":"2012-06-15T13:02:35","date_gmt":"2012-06-15T10:02:35","guid":{"rendered":"https:\/\/help.jamk.fi\/m365\/kuinka-paasta-postilaatikkoon\/"},"modified":"2025-07-17T09:36:29","modified_gmt":"2025-07-17T06:36:29","slug":"sahkopostiin-kirjautuminen","status":"publish","type":"page","link":"https:\/\/help.jamk.fi\/m365\/fi\/sahkopostipalvelut\/sahkopostiin-kirjautuminen\/","title":{"rendered":"S\u00e4hk\u00f6postiin kirjautuminen"},"content":{"rendered":"\n<p>Alta l\u00f6yd\u00e4t ohjeita kuinka p\u00e4\u00e4set kirjautumaan sinun s\u00e4hk\u00f6postilaatikkoosi. Ohjeet aukeavat klikkaamalla tai napauttamalla ohjeen otsikkoa.<\/p>\n\n\n\n<div id=\"accordion-block_4856433d42b8a5e8760652161a2965b6\" class=\"accordion block-accordion\">\n  <div class=\"block-accordion__element-header\">\n      <\/div>\n  <div class=\"block-accordion__accordions\">\n                  <div class=\"accordion-item\">\n          <h2 class=\"h6 accordion-title\">\n            <button id=\"accordion-header-1\" class=\"accordion-header\" aria-expanded=\"false\" aria-controls=\"accordion-panel-1\">\n              Internet-selaimella              <div class='plus-icon' itemprop='logo'><svg aria-hidden=\"true\" viewBox=\"0 0 16 16\" fill=\"none\" xmlns=\"http:\/\/www.w3.org\/2000\/svg\"><path d=\"M8.92 7.1V.06H7.2V7.1H.12v1.72H7.2v7.12h1.72V8.82H16V7.1H8.92z\" fill=\"#0D004C\"\/><\/svg><\/div>              <div class='minus-icon' itemprop='logo'><svg aria-hidden=\"true\" viewBox=\"0 0 14 2\" fill=\"none\" xmlns=\"http:\/\/www.w3.org\/2000\/svg\"><path d=\"M14 1.88H.88V.12H14v1.76z\" fill=\"#fff\"\/><\/svg><\/div>            <\/button>\n          <\/h2>\n          <div class=\"accordion-section-wrapper\">\n            <section id=\"accordion-panel-1\" class=\"accordion-panel\" aria-labelledby=\"accordion-header-1\">\n              <p><!-- wp:paragraph --><\/p>\n<p>Mene internet-selaimella osoitteeseen <a href=\"https:\/\/m365.jamk.fi\" target=\"_blank\" rel=\"noopener\">https:\/\/m365.jamk.fi<\/a> ja kirjaudu sis\u00e4\u00e4n. K\u00e4ytt\u00e4j\u00e4tunnuksena toimii Jamkin s\u00e4hk\u00f6postiosoite. Outlook-sovellus l\u00f6ytyy sivuston vasemman reunan ohjelmavalikosta.<\/p>\n<p><!-- \/wp:paragraph --> <!-- wp:list --><\/p>\n<ul>\n<li style=\"list-style-type: none;\">\n<ul><!-- wp:list-item --><\/p>\n<li><strong>Henkil\u00f6kunta:<\/strong> etunimi.sukunimi@jamk.fi<\/li>\n<li><strong>Opiskelijat:<\/strong> opiskelijatunnus@student.jamk.fi<\/li>\n<li><strong>Ulkoiset k\u00e4ytt\u00e4j\u00e4t:<\/strong> etunimi.sukunimi@external.jamk.fi<\/li>\n<\/ul>\n<\/li>\n<\/ul>\n<p><!-- \/wp:list-item --><\/p>\n<p><!-- \/wp:list --> <!-- wp:paragraph --><\/p>\n<p>Voit tarkistaa oman k\u00e4ytt\u00e4j\u00e4tunnuksesi n\u00e4iden ohjeiden avulla: <a href=\"https:\/\/help.jamk.fi\/kirjautuminen\/fi\/kayttajatunnus\/mika-on-kayttajatunnukseni\/\" target=\"_blank\" rel=\"noopener\">Mik\u00e4 on k\u00e4ytt\u00e4j\u00e4tunnukseni?<\/a><\/p>\n<p><!-- \/wp:paragraph --><\/p>\n            <\/section>\n          <\/div>\n        <\/div>\n              <div class=\"accordion-item\">\n          <h2 class=\"h6 accordion-title\">\n            <button id=\"accordion-header-2\" class=\"accordion-header\" aria-expanded=\"false\" aria-controls=\"accordion-panel-2\">\n              Outlook -s\u00e4hk\u00f6postisovelluksella              <div class='plus-icon' itemprop='logo'><svg aria-hidden=\"true\" viewBox=\"0 0 16 16\" fill=\"none\" xmlns=\"http:\/\/www.w3.org\/2000\/svg\"><path d=\"M8.92 7.1V.06H7.2V7.1H.12v1.72H7.2v7.12h1.72V8.82H16V7.1H8.92z\" fill=\"#0D004C\"\/><\/svg><\/div>              <div class='minus-icon' itemprop='logo'><svg aria-hidden=\"true\" viewBox=\"0 0 14 2\" fill=\"none\" xmlns=\"http:\/\/www.w3.org\/2000\/svg\"><path d=\"M14 1.88H.88V.12H14v1.76z\" fill=\"#fff\"\/><\/svg><\/div>            <\/button>\n          <\/h2>\n          <div class=\"accordion-section-wrapper\">\n            <section id=\"accordion-panel-2\" class=\"accordion-panel\" aria-labelledby=\"accordion-header-2\">\n              <p><!-- wp:heading {\"level\":3} --><\/p>\n<p>Jamkin ty\u00f6asemilla on valmiiksi asennettuna Outlook -s\u00e4hk\u00f6postisovellus. L\u00f6yd\u00e4t Outlookin Windowsin Start-valikosta. Ensimm\u00e4isell\u00e4 k\u00e4ynnistyskerralla ohjelma pyyt\u00e4\u00e4 lis\u00e4\u00e4m\u00e4\u00e4n s\u00e4hk\u00f6postitilin. Tilit ovat muotoa:<\/p>\n<p><!-- \/wp:paragraph --> <!-- wp:list --><\/p>\n<ul>\n<li style=\"list-style-type: none;\">\n<ul><!-- wp:list-item --><\/p>\n<li><strong>Henkil\u00f6kunta:<\/strong> etunimi.sukunimi@jamk.fi<\/li>\n<li><strong>Opiskelijat:<\/strong> opiskelijatunnus@student.jamk.fi<\/li>\n<li><strong>Ulkoiset k\u00e4ytt\u00e4j\u00e4t:<\/strong> etunimi.sukunimi@external.jamk.fi<\/li>\n<\/ul>\n<\/li>\n<\/ul>\n<p><!-- \/wp:list-item --><\/p>\n<p><!-- \/wp:list --> <!-- wp:paragraph --><\/p>\n<p>Voit tarkistaa oman k\u00e4ytt\u00e4j\u00e4tunnuksesi n\u00e4iden ohjeiden avulla: <a href=\"https:\/\/help.jamk.fi\/kirjautuminen\/fi\/kayttajatunnus\/mika-on-kayttajatunnukseni\/\" target=\"_blank\" rel=\"noopener\">Mik\u00e4 on k\u00e4ytt\u00e4j\u00e4tunnukseni?<\/a><\/p>\n<p><!-- \/wp:paragraph --> <!-- wp:paragraph --><\/p>\n<p>Outlook-ohjelman voi asentaa my\u00f6s kotikoneelle, se toimitetaan <a href=\"https:\/\/help.jamk.fi\/m365\/office-sovellukset-opiskelijoille\/\" target=\"_blank\" rel=\"noopener\">Microsoft Officen<\/a> mukana. Outlookista on olemassa oma versionsa my\u00f6s Android- ja iOS -mobiililaitteille. Mobiiliversion voit ladata oman puhelimesi sovelluskaupasta.<\/p>\n<p>Tarvittaessa l\u00f6yd\u00e4t koulutuksia ja ohjeita Outlookin ja muiden Microsoft 365 -sovellusten k\u00e4ytt\u00f6\u00f6n <a href=\"https:\/\/support.microsoft.com\/fi-FI\/training\" target=\"_blank\" rel=\"noopener\">Microsoftin koulutukset -sivustolta<\/a><\/p>\n<p><!-- \/wp:paragraph --><\/p>\n            <\/section>\n          <\/div>\n        <\/div>\n              <div class=\"accordion-item\">\n          <h2 class=\"h6 accordion-title\">\n            <button id=\"accordion-header-3\" class=\"accordion-header\" aria-expanded=\"false\" aria-controls=\"accordion-panel-3\">\n              Mobiililaitteet ja muut s\u00e4hk\u00f6postisovellukset              <div class='plus-icon' itemprop='logo'><svg aria-hidden=\"true\" viewBox=\"0 0 16 16\" fill=\"none\" xmlns=\"http:\/\/www.w3.org\/2000\/svg\"><path d=\"M8.92 7.1V.06H7.2V7.1H.12v1.72H7.2v7.12h1.72V8.82H16V7.1H8.92z\" fill=\"#0D004C\"\/><\/svg><\/div>              <div class='minus-icon' itemprop='logo'><svg aria-hidden=\"true\" viewBox=\"0 0 14 2\" fill=\"none\" xmlns=\"http:\/\/www.w3.org\/2000\/svg\"><path d=\"M14 1.88H.88V.12H14v1.76z\" fill=\"#fff\"\/><\/svg><\/div>            <\/button>\n          <\/h2>\n          <div class=\"accordion-section-wrapper\">\n            <section id=\"accordion-panel-3\" class=\"accordion-panel\" aria-labelledby=\"accordion-header-3\">\n              <p><!-- wp:heading {\"level\":3} --><\/p>\n<p>Lataa ja asenna mobiililaitteesi sovelluskaupasta Outlook-sovellus. K\u00e4ynnist\u00e4 sovellus ja lis\u00e4\u00e4 siihen Jamkin s\u00e4hk\u00f6postitili. Tilit ovat muotoa:<\/p>\n<ul>\n<li style=\"list-style-type: none;\">\n<ul>\n<li><strong>Henkil\u00f6kunta:<\/strong>\u00a0etunimi.sukunimi@jamk.fi<\/li>\n<li><strong>Opiskelijat:<\/strong>\u00a0opiskelijatunnus@student.jamk.fi<\/li>\n<li><strong>Ulkoiset k\u00e4ytt\u00e4j\u00e4t:<\/strong>\u00a0etunimi.sukunimi@external.jamk.fi<\/li>\n<\/ul>\n<\/li>\n<\/ul>\n<p>Voit tarkistaa oman k\u00e4ytt\u00e4j\u00e4tunnuksesi n\u00e4iden ohjeiden avulla:\u00a0<a href=\"https:\/\/help.jamk.fi\/kirjautuminen\/fi\/kayttajatunnus\/mika-on-kayttajatunnukseni\/\" target=\"_blank\" rel=\"noopener\">Mik\u00e4 on k\u00e4ytt\u00e4j\u00e4tunnukseni?<\/a><\/p>\n<p>Voit k\u00e4ytt\u00e4\u00e4 s\u00e4hk\u00f6postia my\u00f6s muilla yleisill\u00e4 s\u00e4hk\u00f6postisovelluksilla. Tutustu sovelluskohtaisiin ohjeisiin tarvittaessa sovelluksen palveluntarjoajan omilta tukisivuilta. Tilityyppin\u00e4 toimii ensisijaisesti m365- s\u00e4hk\u00f6postitili.<\/p>\n<p>&nbsp;<\/p>\n<p><!-- \/wp:paragraph --><\/p>\n            <\/section>\n          <\/div>\n        <\/div>\n              <div class=\"accordion-item\">\n          <h2 class=\"h6 accordion-title\">\n            <button id=\"accordion-header-4\" class=\"accordion-header\" aria-expanded=\"false\" aria-controls=\"accordion-panel-4\">\n              Jaetut s\u00e4hk\u00f6postilaatikot (Vain henkil\u00f6kunta)              <div class='plus-icon' itemprop='logo'><svg aria-hidden=\"true\" viewBox=\"0 0 16 16\" fill=\"none\" xmlns=\"http:\/\/www.w3.org\/2000\/svg\"><path d=\"M8.92 7.1V.06H7.2V7.1H.12v1.72H7.2v7.12h1.72V8.82H16V7.1H8.92z\" fill=\"#0D004C\"\/><\/svg><\/div>              <div class='minus-icon' itemprop='logo'><svg aria-hidden=\"true\" viewBox=\"0 0 14 2\" fill=\"none\" xmlns=\"http:\/\/www.w3.org\/2000\/svg\"><path d=\"M14 1.88H.88V.12H14v1.76z\" fill=\"#fff\"\/><\/svg><\/div>            <\/button>\n          <\/h2>\n          <div class=\"accordion-section-wrapper\">\n            <section id=\"accordion-panel-4\" class=\"accordion-panel\" aria-labelledby=\"accordion-header-4\">\n              <p>Mik\u00e4li tarvitset k\u00e4ytt\u00f6\u00f6si jaettua postilaatikkoa, voit anoa sellaista Halko-palvelun kautta. My\u00f6s oikeudet aiemmin luotuihin jaettuihin postilaatikoihin m\u00e4\u00e4ritell\u00e4\u00e4n ja anotaan Halkon kautta. Tarkemmat ohjeet <a href=\"https:\/\/jamkstudent.sharepoint.com\/sites\/ICT-palvelut-Elmo\/SitePages\/Kayttooikeuksien-hakeminen.aspx\" target=\"_blank\" rel=\"noopener\">intrassa<\/a>.<\/p>\n            <\/section>\n          <\/div>\n        <\/div>\n              <div class=\"accordion-item\">\n          <h2 class=\"h6 accordion-title\">\n            <button id=\"accordion-header-5\" class=\"accordion-header\" aria-expanded=\"false\" aria-controls=\"accordion-panel-5\">\n              Ilmoitus &#8221;Lis\u00e4tietoja tarvitaan&#8221;              <div class='plus-icon' itemprop='logo'><svg aria-hidden=\"true\" viewBox=\"0 0 16 16\" fill=\"none\" xmlns=\"http:\/\/www.w3.org\/2000\/svg\"><path d=\"M8.92 7.1V.06H7.2V7.1H.12v1.72H7.2v7.12h1.72V8.82H16V7.1H8.92z\" fill=\"#0D004C\"\/><\/svg><\/div>              <div class='minus-icon' itemprop='logo'><svg aria-hidden=\"true\" viewBox=\"0 0 14 2\" fill=\"none\" xmlns=\"http:\/\/www.w3.org\/2000\/svg\"><path d=\"M14 1.88H.88V.12H14v1.76z\" fill=\"#fff\"\/><\/svg><\/div>            <\/button>\n          <\/h2>\n          <div class=\"accordion-section-wrapper\">\n            <section id=\"accordion-panel-5\" class=\"accordion-panel\" aria-labelledby=\"accordion-header-5\">\n              <p>Jamkin tunnuksissa on k\u00e4yt\u00f6ss\u00e4 vahva tunnistautuminen (MFA), jonka tarkoitus on suojata tili\u00e4si v\u00e4\u00e4rink\u00e4yt\u00f6lt\u00e4.<\/p>\n<p>Jos et ole asettanut tunnuksellesi k\u00e4ytt\u00f6\u00f6n vahvaa tunnistusta, niin saat silloin kirjautumisen yhteydess\u00e4 viestin &#8221;Lis\u00e4tietoja tarvitaan&#8221; (eng. &#8221;More information required&#8221;) ja sinua ohjeistetaan ottamaan k\u00e4ytt\u00f6\u00f6n vahvan tunnistuksen todennusmenetelm\u00e4n. Seuraa sivuston ohjeita tai katso tarvittaessa tarkemmat ohjeet alla olevasta linkist\u00e4.<\/p>\n<p>Tarkempia ohjeita l\u00f6yd\u00e4t t\u00e4\u00e4lt\u00e4: <a href=\"https:\/\/help.jamk.fi\/kirjautuminen\/fi\/kaksivaiheisen-tunnistautumisen-kayttoonotto\/\" target=\"_blank\" rel=\"noopener\">Vahvan tunnistautumisen (MFA) k\u00e4ytt\u00f6\u00f6notto<\/a><\/p>\n            <\/section>\n          <\/div>\n        <\/div>\n            <\/div>\n<\/div>","protected":false},"excerpt":{"rendered":"<p>Alta l\u00f6yd\u00e4t ohjeita kuinka p\u00e4\u00e4set kirjautumaan sinun s\u00e4hk\u00f6postilaatikkoosi. Ohjeet aukeavat klikkaamalla tai napauttamalla ohjeen otsikkoa.<\/p>\n","protected":false},"author":64,"featured_media":0,"parent":172,"menu_order":2,"comment_status":"closed","ping_status":"closed","template":"","meta":{"_acf_changed":false,"_relevanssi_hide_post":"","_relevanssi_hide_content":"","_relevanssi_pin_for_all":"","_relevanssi_pin_keywords":"s\u00e4hk\u00f6posti, email, outlook, mail, m365, s\u00e4hk\u00f6postiin, ","_relevanssi_unpin_keywords":"","_relevanssi_related_keywords":"","_relevanssi_related_include_ids":"","_relevanssi_related_exclude_ids":"","_relevanssi_related_no_append":"","_relevanssi_related_not_related":"","_relevanssi_related_posts":"949","_relevanssi_noindex_reason":"","footnotes":""},"categories":[1412,1414],"tags":[370,227],"class_list":["post-181","page","type-page","status-publish","hentry","category-henkilosto","category-opiskelijat","tag-outlook","tag-sahkoposti"],"acf":[],"yoast_head":"<!-- This site is optimized with the Yoast SEO plugin v27.4 - https:\/\/yoast.com\/product\/yoast-seo-wordpress\/ -->\n<title>S\u00e4hk\u00f6postiin kirjautuminen - Microsoft 365<\/title>\n<meta name=\"robots\" content=\"index, follow, max-snippet:-1, max-image-preview:large, max-video-preview:-1\" \/>\n<link rel=\"canonical\" href=\"https:\/\/help.jamk.fi\/m365\/fi\/sahkopostipalvelut\/sahkopostiin-kirjautuminen\/\" \/>\n<meta property=\"og:locale\" content=\"fi_FI\" \/>\n<meta property=\"og:type\" content=\"article\" \/>\n<meta property=\"og:title\" content=\"S\u00e4hk\u00f6postiin kirjautuminen - Microsoft 365\" \/>\n<meta property=\"og:description\" content=\"Alta l\u00f6yd\u00e4t ohjeita kuinka p\u00e4\u00e4set kirjautumaan sinun s\u00e4hk\u00f6postilaatikkoosi. Ohjeet aukeavat klikkaamalla tai napauttamalla ohjeen otsikkoa.\" \/>\n<meta property=\"og:url\" content=\"https:\/\/help.jamk.fi\/m365\/fi\/sahkopostipalvelut\/sahkopostiin-kirjautuminen\/\" \/>\n<meta property=\"og:site_name\" content=\"Microsoft 365\" \/>\n<meta property=\"article:modified_time\" content=\"2025-07-17T06:36:29+00:00\" \/>\n<meta name=\"twitter:card\" content=\"summary_large_image\" \/>\n<meta name=\"twitter:label1\" content=\"Arvioitu lukuaika\" \/>\n\t<meta name=\"twitter:data1\" content=\"1 minuutti\" \/>\n<script type=\"application\/ld+json\" class=\"yoast-schema-graph\">{\"@context\":\"https:\\\/\\\/schema.org\",\"@graph\":[{\"@type\":\"WebPage\",\"@id\":\"https:\\\/\\\/help.jamk.fi\\\/m365\\\/fi\\\/sahkopostipalvelut\\\/sahkopostiin-kirjautuminen\\\/\",\"url\":\"https:\\\/\\\/help.jamk.fi\\\/m365\\\/fi\\\/sahkopostipalvelut\\\/sahkopostiin-kirjautuminen\\\/\",\"name\":\"S\u00e4hk\u00f6postiin kirjautuminen - Microsoft 365\",\"isPartOf\":{\"@id\":\"https:\\\/\\\/help.jamk.fi\\\/m365\\\/#website\"},\"datePublished\":\"2012-06-15T10:02:35+00:00\",\"dateModified\":\"2025-07-17T06:36:29+00:00\",\"breadcrumb\":{\"@id\":\"https:\\\/\\\/help.jamk.fi\\\/m365\\\/fi\\\/sahkopostipalvelut\\\/sahkopostiin-kirjautuminen\\\/#breadcrumb\"},\"inLanguage\":\"fi\",\"potentialAction\":[{\"@type\":\"ReadAction\",\"target\":[\"https:\\\/\\\/help.jamk.fi\\\/m365\\\/fi\\\/sahkopostipalvelut\\\/sahkopostiin-kirjautuminen\\\/\"]}]},{\"@type\":\"BreadcrumbList\",\"@id\":\"https:\\\/\\\/help.jamk.fi\\\/m365\\\/fi\\\/sahkopostipalvelut\\\/sahkopostiin-kirjautuminen\\\/#breadcrumb\",\"itemListElement\":[{\"@type\":\"ListItem\",\"position\":1,\"name\":\"Etusivu\",\"item\":\"https:\\\/\\\/help.jamk.fi\\\/m365\\\/fi\\\/\"},{\"@type\":\"ListItem\",\"position\":2,\"name\":\"S\u00e4hk\u00f6postipalvelut\",\"item\":\"https:\\\/\\\/help.jamk.fi\\\/m365\\\/fi\\\/sahkopostipalvelut\\\/\"},{\"@type\":\"ListItem\",\"position\":3,\"name\":\"S\u00e4hk\u00f6postiin kirjautuminen\"}]},{\"@type\":\"WebSite\",\"@id\":\"https:\\\/\\\/help.jamk.fi\\\/m365\\\/#website\",\"url\":\"https:\\\/\\\/help.jamk.fi\\\/m365\\\/\",\"name\":\"Microsoft 365\",\"description\":\"\",\"potentialAction\":[{\"@type\":\"SearchAction\",\"target\":{\"@type\":\"EntryPoint\",\"urlTemplate\":\"https:\\\/\\\/help.jamk.fi\\\/m365\\\/?s={search_term_string}\"},\"query-input\":{\"@type\":\"PropertyValueSpecification\",\"valueRequired\":true,\"valueName\":\"search_term_string\"}}],\"inLanguage\":\"fi\"}]}<\/script>\n<!-- \/ Yoast SEO plugin. -->","yoast_head_json":{"title":"S\u00e4hk\u00f6postiin kirjautuminen - Microsoft 365","robots":{"index":"index","follow":"follow","max-snippet":"max-snippet:-1","max-image-preview":"max-image-preview:large","max-video-preview":"max-video-preview:-1"},"canonical":"https:\/\/help.jamk.fi\/m365\/fi\/sahkopostipalvelut\/sahkopostiin-kirjautuminen\/","og_locale":"fi_FI","og_type":"article","og_title":"S\u00e4hk\u00f6postiin kirjautuminen - Microsoft 365","og_description":"Alta l\u00f6yd\u00e4t ohjeita kuinka p\u00e4\u00e4set kirjautumaan sinun s\u00e4hk\u00f6postilaatikkoosi. Ohjeet aukeavat klikkaamalla tai napauttamalla ohjeen otsikkoa.","og_url":"https:\/\/help.jamk.fi\/m365\/fi\/sahkopostipalvelut\/sahkopostiin-kirjautuminen\/","og_site_name":"Microsoft 365","article_modified_time":"2025-07-17T06:36:29+00:00","twitter_card":"summary_large_image","twitter_misc":{"Arvioitu lukuaika":"1 minuutti"},"schema":{"@context":"https:\/\/schema.org","@graph":[{"@type":"WebPage","@id":"https:\/\/help.jamk.fi\/m365\/fi\/sahkopostipalvelut\/sahkopostiin-kirjautuminen\/","url":"https:\/\/help.jamk.fi\/m365\/fi\/sahkopostipalvelut\/sahkopostiin-kirjautuminen\/","name":"S\u00e4hk\u00f6postiin kirjautuminen - Microsoft 365","isPartOf":{"@id":"https:\/\/help.jamk.fi\/m365\/#website"},"datePublished":"2012-06-15T10:02:35+00:00","dateModified":"2025-07-17T06:36:29+00:00","breadcrumb":{"@id":"https:\/\/help.jamk.fi\/m365\/fi\/sahkopostipalvelut\/sahkopostiin-kirjautuminen\/#breadcrumb"},"inLanguage":"fi","potentialAction":[{"@type":"ReadAction","target":["https:\/\/help.jamk.fi\/m365\/fi\/sahkopostipalvelut\/sahkopostiin-kirjautuminen\/"]}]},{"@type":"BreadcrumbList","@id":"https:\/\/help.jamk.fi\/m365\/fi\/sahkopostipalvelut\/sahkopostiin-kirjautuminen\/#breadcrumb","itemListElement":[{"@type":"ListItem","position":1,"name":"Etusivu","item":"https:\/\/help.jamk.fi\/m365\/fi\/"},{"@type":"ListItem","position":2,"name":"S\u00e4hk\u00f6postipalvelut","item":"https:\/\/help.jamk.fi\/m365\/fi\/sahkopostipalvelut\/"},{"@type":"ListItem","position":3,"name":"S\u00e4hk\u00f6postiin kirjautuminen"}]},{"@type":"WebSite","@id":"https:\/\/help.jamk.fi\/m365\/#website","url":"https:\/\/help.jamk.fi\/m365\/","name":"Microsoft 365","description":"","potentialAction":[{"@type":"SearchAction","target":{"@type":"EntryPoint","urlTemplate":"https:\/\/help.jamk.fi\/m365\/?s={search_term_string}"},"query-input":{"@type":"PropertyValueSpecification","valueRequired":true,"valueName":"search_term_string"}}],"inLanguage":"fi"}]}},"_links":{"self":[{"href":"https:\/\/help.jamk.fi\/m365\/wp-json\/wp\/v2\/pages\/181","targetHints":{"allow":["GET"]}}],"collection":[{"href":"https:\/\/help.jamk.fi\/m365\/wp-json\/wp\/v2\/pages"}],"about":[{"href":"https:\/\/help.jamk.fi\/m365\/wp-json\/wp\/v2\/types\/page"}],"author":[{"embeddable":true,"href":"https:\/\/help.jamk.fi\/m365\/wp-json\/wp\/v2\/users\/64"}],"replies":[{"embeddable":true,"href":"https:\/\/help.jamk.fi\/m365\/wp-json\/wp\/v2\/comments?post=181"}],"version-history":[{"count":44,"href":"https:\/\/help.jamk.fi\/m365\/wp-json\/wp\/v2\/pages\/181\/revisions"}],"predecessor-version":[{"id":2023,"href":"https:\/\/help.jamk.fi\/m365\/wp-json\/wp\/v2\/pages\/181\/revisions\/2023"}],"up":[{"embeddable":true,"href":"https:\/\/help.jamk.fi\/m365\/wp-json\/wp\/v2\/pages\/172"}],"wp:attachment":[{"href":"https:\/\/help.jamk.fi\/m365\/wp-json\/wp\/v2\/media?parent=181"}],"wp:term":[{"taxonomy":"category","embeddable":true,"href":"https:\/\/help.jamk.fi\/m365\/wp-json\/wp\/v2\/categories?post=181"},{"taxonomy":"post_tag","embeddable":true,"href":"https:\/\/help.jamk.fi\/m365\/wp-json\/wp\/v2\/tags?post=181"}],"curies":[{"name":"wp","href":"https:\/\/api.w.org\/{rel}","templated":true}]}}