{"id":2038,"date":"2026-03-19T14:55:48","date_gmt":"2026-03-19T12:55:48","guid":{"rendered":"https:\/\/help.jamk.fi\/m365\/?page_id=2038"},"modified":"2026-03-30T10:40:50","modified_gmt":"2026-03-30T07:40:50","slug":"tiedonluokittelu-jamkissa","status":"publish","type":"page","link":"https:\/\/help.jamk.fi\/m365\/fi\/tiedonluokittelu-jamkissa\/","title":{"rendered":"Tiedonluokittelu Jamkissa"},"content":{"rendered":"\n<p>Jamkissa on otettu k\u00e4ytt\u00f6\u00f6n koko organisaation yhteinen malli tietojen luokitteluun. Ominaisuus tulee kattamaan kaikki M365:ssa k\u00e4sitelt\u00e4v\u00e4t tiedostot ja s\u00e4hk\u00f6postit, sek\u00e4 verkkolevyill\u00e4 olevat tiedostot. Alkuvaiheessa luokittelu on k\u00e4yt\u00f6ss\u00e4 vain henkil\u00f6st\u00f6ll\u00e4, mutta my\u00f6hemmin osaamisen ja kokemusten karttuessa mukaan otetaan my\u00f6s opiskelijat. <\/p>\n\n\n\n<h2 class=\"wp-block-heading\">Miksi tieto tulee luokitella?<\/h2>\n\n\n\n<p>Tietojen luokittelulla tavoitellaan pit\u00e4m\u00e4\u00e4n organisaatiossa k\u00e4sitelt\u00e4v\u00e4t tiedot aiempaa paremmin suojattuna, l\u00f6ydett\u00e4viss\u00e4 ja turvallisesti jaettavissa. Luokittelu mahdollistaa, ett\u00e4 organisaatio t\u00e4ytt\u00e4\u00e4 lains\u00e4\u00e4d\u00e4nn\u00f6n vaatimukset, sek\u00e4 erilaiset yhteisty\u00f6velvoitteet korkeakouluverkostossa. Korkeakoulujen rehtorineuvosto on asettanut vaatimuksen, ett\u00e4 kaikilla Suomen korkeakouluilla tulee olla k\u00e4yt\u00f6ss\u00e4 mahdollisimman yhten\u00e4inen luokittelumalli vuoden 2026 loppuun menness\u00e4. Pelkistettyn\u00e4 kyseess\u00e4 on \u201dyhteinen liikennes\u00e4\u00e4nt\u00f6\u201d, joka kertoo, millaista tietoa dokumentti sis\u00e4lt\u00e4\u00e4 ja miten tietoa voi k\u00e4sitell\u00e4. Luokittelu parantaa tietoturvaa ja tietosuojaa, sek\u00e4 lis\u00e4\u00e4 luottamusta asiakkaiden ja kumppaneiden suuntaan.<\/p>\n\n\n\n<h2 class=\"wp-block-heading\"><strong>Mit\u00e4 luokittelu tarkoittaa k\u00e4yt\u00e4nn\u00f6ss\u00e4?<\/strong><\/h2>\n\n\n\n<p>Jatkossa Jamkin M365-palveluissa k\u00e4ytett\u00e4v\u00e4t sovellukset tarjoavat valittavaksi 6 luokittelutasoa, joissa kussakin voi olla 2-3 alatasoa. Jokainen valitsee n\u00e4ist\u00e4 luomalleen tiedostolle sis\u00e4lt\u00f6\u00f6n sopivan tason. Mik\u00e4li k\u00e4sittelet tiedostoa jota ei ole viel\u00e4 luokiteltu, tulee sinun luokitella t\u00e4m\u00e4kin tieto, vaikket olisikaan tiedon alkuper\u00e4inen luoja tai omistaja. Luokittelu ei ole my\u00f6sk\u00e4\u00e4n lopullinen; luokittelua voi tarvittaessa muuttaa sis\u00e4ll\u00f6n ja k\u00e4ytt\u00f6tarkoituksen muuttuessa. Luokittelua lis\u00e4tess\u00e4 n\u00e4et niiden lyhyen kuvauksen ja rajoitukset, eli niit\u00e4 ei tarvitse heti opetella ulkoa.<\/p>\n\n\n\n<ul class=\"wp-block-list\">\n<li><strong>Henkil\u00f6kohtainen<\/strong> \u2013 ei liity ty\u00f6teht\u00e4viin Jamkissa<\/li>\n\n\n\n<li><strong>Avoin (5W)<\/strong> \u2013 voidaan jakaa vapaasti Jamkin ulkopuolelle<\/li>\n\n\n\n<li><strong>Sis\u00e4inen (4G)<\/strong> \u2013 vain Jamkin henkil\u00f6st\u00f6lle ja\/tai opiskelijoille<\/li>\n\n\n\n<li><strong>Luottamuksellinen (3Y)<\/strong> \u2013 levi\u00e4misest\u00e4 voi aiheutua vahinkoa ja tieto tulee rajoittaa asianomaiselle ryhm\u00e4lle <\/li>\n\n\n\n<li><strong>Luottamuksellinen rajoitettu (2A)<\/strong> \u2013 vaatii erityisi\u00e4 suojatoimia ja k\u00e4ytt\u00f6 on sallittu vain rajoitetulle ryhm\u00e4lle<\/li>\n\n\n\n<li><strong>Salainen (1R)<\/strong> \u2013 levi\u00e4misest\u00e4 voi aiheutua <strong>vakavaa vahinkoa<\/strong>. Vaatii tiukkoja suojaustoimia sek\u00e4 tarkkaa p\u00e4\u00e4synhallintaa<\/li>\n<\/ul>\n\n\n\n<p>Valittu luokka n\u00e4kyy dokumentin ja s\u00e4hk\u00f6postin yl\u00e4osassa. Joissakin luokitteluissa luokkatieto lis\u00e4t\u00e4\u00e4n my\u00f6s tiedoston yl\u00e4tunnisteeseen. Valittu luokitus ohjaa automaattisesti muita teknisi\u00e4 suojaustoimia taustalla, kuten p\u00e4\u00e4synhallintaa, salaustasoa, ja jakamisrajoituksia. J\u00e4rjestelm\u00e4 voi esimerkiksi salata koko s\u00e4hk\u00f6postiviestiketjun automaattisesti, jos liitteen\u00e4 olevan dokumentin luokitus sit\u00e4 vaatii, tai vaihtoehtoisesti est\u00e4\u00e4 viestin l\u00e4hett\u00e4misen tai kuvakaappauksen ottamisen. Valitse kuitenkin sopiva taso aina dokumentin sis\u00e4ll\u00f6n ja arkaluontoisuuden mukaan. Tarkista my\u00f6s ohjeistuksesta ennen tiedoston jakamista, onko tallennuskohde varmasti valitulle luokitukselle sopiva.<\/p>\n\n\n\n<figure class=\"wp-block-image size-full is-resized\"><img loading=\"lazy\" decoding=\"async\" width=\"777\" height=\"529\" src=\"https:\/\/help.jamk.fi\/m365\/wp-content\/uploads\/sites\/125\/2026\/03\/Luokan-lisaaminen.jpg\" alt=\"\" class=\"wp-image-2047\" style=\"width:501px;height:auto\" srcset=\"https:\/\/help.jamk.fi\/m365\/wp-content\/uploads\/sites\/125\/2026\/03\/Luokan-lisaaminen.jpg 777w, https:\/\/help.jamk.fi\/m365\/wp-content\/uploads\/sites\/125\/2026\/03\/Luokan-lisaaminen-300x204.jpg 300w, https:\/\/help.jamk.fi\/m365\/wp-content\/uploads\/sites\/125\/2026\/03\/Luokan-lisaaminen-768x523.jpg 768w\" sizes=\"auto, (max-width: 777px) 100vw, 777px\" \/><figcaption class=\"wp-element-caption\">Luokittelun lis\u00e4\u00e4minen M365 -ohjelmassa<\/figcaption><\/figure>\n\n\n\n<p><a href=\"https:\/\/jamkstudent.sharepoint.com\/sites\/Tietosuoja-ja-tietoturva-Elmo\/SitePages\/Tiedonluokittelu.aspx\" type=\"link\" id=\"https:\/\/jamkstudent.sharepoint.com\/sites\/Tietosuoja-ja-tietoturva-Elmo\/SitePages\/Tiedonluokittelu.aspx\" target=\"_blank\" rel=\"noreferrer noopener\">Tarkempia ohjeita l\u00f6yd\u00e4t Jamkin sis\u00e4isest\u00e4 ohjeesta Elmo-Intrasta (vaatii kirjautumisen).<\/a> Ohje sis\u00e4lt\u00e4\u00e4 tarkempia kuvauksia k\u00e4ytetyist\u00e4 rajoituksista sek\u00e4 aputy\u00f6kaluja esimerkkeineen oikean luokkatiedon valintaan.<\/p>\n\n\n\n<p><\/p>\n","protected":false},"excerpt":{"rendered":"<p>Jamkissa on otettu k\u00e4ytt\u00f6\u00f6n koko organisaation yhteinen malli tietojen luokitteluun. Ominaisuus tulee kattamaan kaikki M365:ssa k\u00e4sitelt\u00e4v\u00e4t tiedostot ja s\u00e4hk\u00f6postit, sek\u00e4 verkkolevyill\u00e4 olevat tiedostot. Alkuvaiheessa luokittelu on k\u00e4yt\u00f6ss\u00e4 vain henkil\u00f6st\u00f6ll\u00e4, mutta my\u00f6hemmin osaamisen ja kokemusten karttuessa mukaan otetaan my\u00f6s opiskelijat. Miksi tieto tulee luokitella? Tietojen luokittelulla tavoitellaan pit\u00e4m\u00e4\u00e4n organisaatiossa k\u00e4sitelt\u00e4v\u00e4t tiedot aiempaa paremmin suojattuna, l\u00f6ydett\u00e4viss\u00e4 ja [&hellip;]<\/p>\n","protected":false},"author":66,"featured_media":0,"parent":0,"menu_order":99,"comment_status":"closed","ping_status":"closed","template":"","meta":{"_acf_changed":false,"_relevanssi_hide_post":"","_relevanssi_hide_content":"","_relevanssi_pin_for_all":"","_relevanssi_pin_keywords":"tiedonluokittelu, tiedon luokittelu, luokittelu, luokat, luokka, kategoria, leima, leimaus","_relevanssi_unpin_keywords":"","_relevanssi_related_keywords":"","_relevanssi_related_include_ids":"","_relevanssi_related_exclude_ids":"","_relevanssi_related_no_append":"","_relevanssi_related_not_related":"","_relevanssi_related_posts":"","_relevanssi_noindex_reason":"","footnotes":""},"categories":[],"tags":[],"class_list":["post-2038","page","type-page","status-publish","hentry"],"acf":[],"yoast_head":"<!-- This site is optimized with the Yoast SEO plugin v27.4 - https:\/\/yoast.com\/product\/yoast-seo-wordpress\/ -->\n<title>Tiedonluokittelu Jamkissa - Microsoft 365<\/title>\n<meta name=\"robots\" content=\"index, follow, max-snippet:-1, max-image-preview:large, max-video-preview:-1\" \/>\n<link rel=\"canonical\" href=\"https:\/\/help.jamk.fi\/m365\/fi\/tiedonluokittelu-jamkissa\/\" \/>\n<meta property=\"og:locale\" content=\"fi_FI\" \/>\n<meta property=\"og:type\" content=\"article\" \/>\n<meta property=\"og:title\" content=\"Tiedonluokittelu Jamkissa - Microsoft 365\" \/>\n<meta property=\"og:description\" content=\"Jamkissa on otettu k\u00e4ytt\u00f6\u00f6n koko organisaation yhteinen malli tietojen luokitteluun. Ominaisuus tulee kattamaan kaikki M365:ssa k\u00e4sitelt\u00e4v\u00e4t tiedostot ja s\u00e4hk\u00f6postit, sek\u00e4 verkkolevyill\u00e4 olevat tiedostot. Alkuvaiheessa luokittelu on k\u00e4yt\u00f6ss\u00e4 vain henkil\u00f6st\u00f6ll\u00e4, mutta my\u00f6hemmin osaamisen ja kokemusten karttuessa mukaan otetaan my\u00f6s opiskelijat. Miksi tieto tulee luokitella? Tietojen luokittelulla tavoitellaan pit\u00e4m\u00e4\u00e4n organisaatiossa k\u00e4sitelt\u00e4v\u00e4t tiedot aiempaa paremmin suojattuna, l\u00f6ydett\u00e4viss\u00e4 ja [&hellip;]\" \/>\n<meta property=\"og:url\" content=\"https:\/\/help.jamk.fi\/m365\/fi\/tiedonluokittelu-jamkissa\/\" \/>\n<meta property=\"og:site_name\" content=\"Microsoft 365\" \/>\n<meta property=\"article:modified_time\" content=\"2026-03-30T07:40:50+00:00\" \/>\n<meta property=\"og:image\" content=\"https:\/\/help.jamk.fi\/m365\/wp-content\/uploads\/sites\/125\/2026\/03\/Luokan-lisaaminen.jpg\" \/>\n\t<meta property=\"og:image:width\" content=\"777\" \/>\n\t<meta property=\"og:image:height\" content=\"529\" \/>\n\t<meta property=\"og:image:type\" content=\"image\/jpeg\" \/>\n<meta name=\"twitter:card\" content=\"summary_large_image\" \/>\n<meta name=\"twitter:label1\" content=\"Arvioitu lukuaika\" \/>\n\t<meta name=\"twitter:data1\" content=\"3 minuuttia\" \/>\n<script type=\"application\/ld+json\" class=\"yoast-schema-graph\">{\"@context\":\"https:\\\/\\\/schema.org\",\"@graph\":[{\"@type\":\"WebPage\",\"@id\":\"https:\\\/\\\/help.jamk.fi\\\/m365\\\/fi\\\/tiedonluokittelu-jamkissa\\\/\",\"url\":\"https:\\\/\\\/help.jamk.fi\\\/m365\\\/fi\\\/tiedonluokittelu-jamkissa\\\/\",\"name\":\"Tiedonluokittelu Jamkissa - Microsoft 365\",\"isPartOf\":{\"@id\":\"https:\\\/\\\/help.jamk.fi\\\/m365\\\/#website\"},\"primaryImageOfPage\":{\"@id\":\"https:\\\/\\\/help.jamk.fi\\\/m365\\\/fi\\\/tiedonluokittelu-jamkissa\\\/#primaryimage\"},\"image\":{\"@id\":\"https:\\\/\\\/help.jamk.fi\\\/m365\\\/fi\\\/tiedonluokittelu-jamkissa\\\/#primaryimage\"},\"thumbnailUrl\":\"https:\\\/\\\/help.jamk.fi\\\/m365\\\/wp-content\\\/uploads\\\/sites\\\/125\\\/2026\\\/03\\\/Luokan-lisaaminen.jpg\",\"datePublished\":\"2026-03-19T12:55:48+00:00\",\"dateModified\":\"2026-03-30T07:40:50+00:00\",\"breadcrumb\":{\"@id\":\"https:\\\/\\\/help.jamk.fi\\\/m365\\\/fi\\\/tiedonluokittelu-jamkissa\\\/#breadcrumb\"},\"inLanguage\":\"fi\",\"potentialAction\":[{\"@type\":\"ReadAction\",\"target\":[\"https:\\\/\\\/help.jamk.fi\\\/m365\\\/fi\\\/tiedonluokittelu-jamkissa\\\/\"]}]},{\"@type\":\"ImageObject\",\"inLanguage\":\"fi\",\"@id\":\"https:\\\/\\\/help.jamk.fi\\\/m365\\\/fi\\\/tiedonluokittelu-jamkissa\\\/#primaryimage\",\"url\":\"https:\\\/\\\/help.jamk.fi\\\/m365\\\/wp-content\\\/uploads\\\/sites\\\/125\\\/2026\\\/03\\\/Luokan-lisaaminen.jpg\",\"contentUrl\":\"https:\\\/\\\/help.jamk.fi\\\/m365\\\/wp-content\\\/uploads\\\/sites\\\/125\\\/2026\\\/03\\\/Luokan-lisaaminen.jpg\",\"width\":777,\"height\":529},{\"@type\":\"BreadcrumbList\",\"@id\":\"https:\\\/\\\/help.jamk.fi\\\/m365\\\/fi\\\/tiedonluokittelu-jamkissa\\\/#breadcrumb\",\"itemListElement\":[{\"@type\":\"ListItem\",\"position\":1,\"name\":\"Etusivu\",\"item\":\"https:\\\/\\\/help.jamk.fi\\\/m365\\\/fi\\\/\"},{\"@type\":\"ListItem\",\"position\":2,\"name\":\"Tiedonluokittelu Jamkissa\"}]},{\"@type\":\"WebSite\",\"@id\":\"https:\\\/\\\/help.jamk.fi\\\/m365\\\/#website\",\"url\":\"https:\\\/\\\/help.jamk.fi\\\/m365\\\/\",\"name\":\"Microsoft 365\",\"description\":\"\",\"potentialAction\":[{\"@type\":\"SearchAction\",\"target\":{\"@type\":\"EntryPoint\",\"urlTemplate\":\"https:\\\/\\\/help.jamk.fi\\\/m365\\\/?s={search_term_string}\"},\"query-input\":{\"@type\":\"PropertyValueSpecification\",\"valueRequired\":true,\"valueName\":\"search_term_string\"}}],\"inLanguage\":\"fi\"}]}<\/script>\n<!-- \/ Yoast SEO plugin. -->","yoast_head_json":{"title":"Tiedonluokittelu Jamkissa - Microsoft 365","robots":{"index":"index","follow":"follow","max-snippet":"max-snippet:-1","max-image-preview":"max-image-preview:large","max-video-preview":"max-video-preview:-1"},"canonical":"https:\/\/help.jamk.fi\/m365\/fi\/tiedonluokittelu-jamkissa\/","og_locale":"fi_FI","og_type":"article","og_title":"Tiedonluokittelu Jamkissa - Microsoft 365","og_description":"Jamkissa on otettu k\u00e4ytt\u00f6\u00f6n koko organisaation yhteinen malli tietojen luokitteluun. Ominaisuus tulee kattamaan kaikki M365:ssa k\u00e4sitelt\u00e4v\u00e4t tiedostot ja s\u00e4hk\u00f6postit, sek\u00e4 verkkolevyill\u00e4 olevat tiedostot. Alkuvaiheessa luokittelu on k\u00e4yt\u00f6ss\u00e4 vain henkil\u00f6st\u00f6ll\u00e4, mutta my\u00f6hemmin osaamisen ja kokemusten karttuessa mukaan otetaan my\u00f6s opiskelijat. Miksi tieto tulee luokitella? Tietojen luokittelulla tavoitellaan pit\u00e4m\u00e4\u00e4n organisaatiossa k\u00e4sitelt\u00e4v\u00e4t tiedot aiempaa paremmin suojattuna, l\u00f6ydett\u00e4viss\u00e4 ja [&hellip;]","og_url":"https:\/\/help.jamk.fi\/m365\/fi\/tiedonluokittelu-jamkissa\/","og_site_name":"Microsoft 365","article_modified_time":"2026-03-30T07:40:50+00:00","og_image":[{"width":777,"height":529,"url":"https:\/\/help.jamk.fi\/m365\/wp-content\/uploads\/sites\/125\/2026\/03\/Luokan-lisaaminen.jpg","type":"image\/jpeg"}],"twitter_card":"summary_large_image","twitter_misc":{"Arvioitu lukuaika":"3 minuuttia"},"schema":{"@context":"https:\/\/schema.org","@graph":[{"@type":"WebPage","@id":"https:\/\/help.jamk.fi\/m365\/fi\/tiedonluokittelu-jamkissa\/","url":"https:\/\/help.jamk.fi\/m365\/fi\/tiedonluokittelu-jamkissa\/","name":"Tiedonluokittelu Jamkissa - Microsoft 365","isPartOf":{"@id":"https:\/\/help.jamk.fi\/m365\/#website"},"primaryImageOfPage":{"@id":"https:\/\/help.jamk.fi\/m365\/fi\/tiedonluokittelu-jamkissa\/#primaryimage"},"image":{"@id":"https:\/\/help.jamk.fi\/m365\/fi\/tiedonluokittelu-jamkissa\/#primaryimage"},"thumbnailUrl":"https:\/\/help.jamk.fi\/m365\/wp-content\/uploads\/sites\/125\/2026\/03\/Luokan-lisaaminen.jpg","datePublished":"2026-03-19T12:55:48+00:00","dateModified":"2026-03-30T07:40:50+00:00","breadcrumb":{"@id":"https:\/\/help.jamk.fi\/m365\/fi\/tiedonluokittelu-jamkissa\/#breadcrumb"},"inLanguage":"fi","potentialAction":[{"@type":"ReadAction","target":["https:\/\/help.jamk.fi\/m365\/fi\/tiedonluokittelu-jamkissa\/"]}]},{"@type":"ImageObject","inLanguage":"fi","@id":"https:\/\/help.jamk.fi\/m365\/fi\/tiedonluokittelu-jamkissa\/#primaryimage","url":"https:\/\/help.jamk.fi\/m365\/wp-content\/uploads\/sites\/125\/2026\/03\/Luokan-lisaaminen.jpg","contentUrl":"https:\/\/help.jamk.fi\/m365\/wp-content\/uploads\/sites\/125\/2026\/03\/Luokan-lisaaminen.jpg","width":777,"height":529},{"@type":"BreadcrumbList","@id":"https:\/\/help.jamk.fi\/m365\/fi\/tiedonluokittelu-jamkissa\/#breadcrumb","itemListElement":[{"@type":"ListItem","position":1,"name":"Etusivu","item":"https:\/\/help.jamk.fi\/m365\/fi\/"},{"@type":"ListItem","position":2,"name":"Tiedonluokittelu Jamkissa"}]},{"@type":"WebSite","@id":"https:\/\/help.jamk.fi\/m365\/#website","url":"https:\/\/help.jamk.fi\/m365\/","name":"Microsoft 365","description":"","potentialAction":[{"@type":"SearchAction","target":{"@type":"EntryPoint","urlTemplate":"https:\/\/help.jamk.fi\/m365\/?s={search_term_string}"},"query-input":{"@type":"PropertyValueSpecification","valueRequired":true,"valueName":"search_term_string"}}],"inLanguage":"fi"}]}},"_links":{"self":[{"href":"https:\/\/help.jamk.fi\/m365\/wp-json\/wp\/v2\/pages\/2038","targetHints":{"allow":["GET"]}}],"collection":[{"href":"https:\/\/help.jamk.fi\/m365\/wp-json\/wp\/v2\/pages"}],"about":[{"href":"https:\/\/help.jamk.fi\/m365\/wp-json\/wp\/v2\/types\/page"}],"author":[{"embeddable":true,"href":"https:\/\/help.jamk.fi\/m365\/wp-json\/wp\/v2\/users\/66"}],"replies":[{"embeddable":true,"href":"https:\/\/help.jamk.fi\/m365\/wp-json\/wp\/v2\/comments?post=2038"}],"version-history":[{"count":11,"href":"https:\/\/help.jamk.fi\/m365\/wp-json\/wp\/v2\/pages\/2038\/revisions"}],"predecessor-version":[{"id":2064,"href":"https:\/\/help.jamk.fi\/m365\/wp-json\/wp\/v2\/pages\/2038\/revisions\/2064"}],"wp:attachment":[{"href":"https:\/\/help.jamk.fi\/m365\/wp-json\/wp\/v2\/media?parent=2038"}],"wp:term":[{"taxonomy":"category","embeddable":true,"href":"https:\/\/help.jamk.fi\/m365\/wp-json\/wp\/v2\/categories?post=2038"},{"taxonomy":"post_tag","embeddable":true,"href":"https:\/\/help.jamk.fi\/m365\/wp-json\/wp\/v2\/tags?post=2038"}],"curies":[{"name":"wp","href":"https:\/\/api.w.org\/{rel}","templated":true}]}}