{"id":229,"date":"2014-09-17T17:20:21","date_gmt":"2014-09-17T14:20:21","guid":{"rendered":"https:\/\/help.jamk.fi\/m365\/office-sovellukset-opiskelijoille\/"},"modified":"2026-02-20T11:48:20","modified_gmt":"2026-02-20T09:48:20","slug":"office-sovellukset-opiskelijoille","status":"publish","type":"page","link":"https:\/\/help.jamk.fi\/m365\/fi\/office-sovellukset-opiskelijoille\/","title":{"rendered":"Office-sovellukset"},"content":{"rendered":"\n<p>Jamk tarjoaa Microsoft 365-palvelun kautta opiskelijoille ja henkil\u00f6kunnalle M365-sovellukset omille kotikoneille ja muille p\u00e4\u00e4telaitteille maksutta. Maksuton Office-paketti on nimelt\u00e4\u00e4n Microsoft 365 apps ja se sis\u00e4lt\u00e4\u00e4 mm. seuraavat Office-tuotteet: Word, Excel, Powerpoint, Outlook, Access, Publisher, OneNote. Lisenssi sallii asennuksen&nbsp;yhteens\u00e4 viiteen koneeseen (PC\/Mac) tai mobiililaitteeseen ja k\u00e4ytt\u00f6oikeus on voimassa opintojen tai ty\u00f6suhteen ajan.<\/p>\n\n\n\n<h2 class=\"wp-block-heading\">Laitteistovaatimukset:<\/h2>\n\n\n\n<h3 class=\"wp-block-heading\">Windows-tietokone (PC)<\/h3>\n\n\n\n<ul class=\"wp-block-list\">\n<li>Windows 10 \/ 11 \n<ul class=\"wp-block-list\">\n<li>Windows 10 tietoturvap\u00e4ivitykset p\u00e4\u00e4ttyv\u00e4t lokakuussa 2025, emme suosittele sen k\u00e4ytt\u00f6\u00e4 en\u00e4\u00e4 t\u00e4m\u00e4n j\u00e4lkeen!<\/li>\n<\/ul>\n<\/li>\n\n\n\n<li>Prosessori: V\u00e4hint\u00e4\u00e4n 2 Ghz nopeudella<\/li>\n\n\n\n<li>Muisti: 4 Gt RAM<\/li>\n\n\n\n<li>Tallennustila: V\u00e4hint\u00e4\u00e4n 4 Gt vapaata tilaa<\/li>\n<\/ul>\n\n\n\n<h3 class=\"wp-block-heading\">Apple -tietokoneet<\/h3>\n\n\n\n<ul class=\"wp-block-list\">\n<li>Jokin kolmesta uusimmasta MacOs-versiosta<\/li>\n\n\n\n<li>Huomaa, ett\u00e4 MacOs -ymp\u00e4rist\u00f6ss\u00e4 M365 -sovelluksien k\u00e4ytt\u00f6liittym\u00e4ss\u00e4 voi olla poikkeuksia ja rajoitteita<\/li>\n<\/ul>\n\n\n\n<h3 class=\"wp-block-heading\">Chromebook -laitteet (ei tuettu)<\/h3>\n\n\n\n<ul class=\"wp-block-list\">\n<li>Officen, Outlookin, OneNoten ja OneDriven Android tai Windows -versioita ei t\u00e4ll\u00e4 hetkell\u00e4 tueta Chromebookissa.<\/li>\n\n\n\n<li>Voit k\u00e4ytt\u00e4\u00e4 Microsoft 365 -sovelluksiasi vain verkosta selaimen kautta osoitteesta <a href=\"https:\/\/m365.jamk.fi\" target=\"_blank\" rel=\"noreferrer noopener\">m365.jamk.fi<\/a><\/li>\n<\/ul>\n\n\n<div id=\"info-lift-block_175d5e256937bab12f4b9ed38bb9182d\" class=\"block-info-lift block-info-lift\">\n  <div class=\"row\">\n    <div class=\"col-12\">\n              <div class=\"block-info-lift__content\">\n          <div class=\"block-info-lift__content__icon\">\n            <span>!<\/span>\n          <\/div>\n          <p class=\"block-info-lift__content__text\">M365 -sovelluksia ei ole saatavilla Chromebook -tietokoneille! Ohjelmisto k\u00e4ytett\u00e4viss\u00e4 ainoastaan selaimen kautta.<\/p>\n        <\/div>\n          <\/div>\n  <\/div>\n<\/div>\n\n\n<h2 class=\"wp-block-heading\">M365 -sovelluksien asentaminen<\/h2>\n\n\n\n<ol class=\"wp-block-list\">\n<li>Kirjaudu Microsoft 365 -palveluun Jamkin tunnuksillasi osoitteesta <a href=\"https:\/\/m365.jamk.fi\">m365.jamk.fi<\/a><\/li>\n\n\n\n<li>Klikkaa sivun vasemman laidan &#8221;Apps&#8221; valikosta -> All apps<\/li>\n\n\n\n<li>Klikkaa oikeasta yl\u00e4kulmasta &#8221;Install apps&#8221; -> &#8221;Microsoft 365 apps&#8221;\n<ul class=\"wp-block-list\">\n<li>&#8221;Apps and Devices&#8221;-valikosta voit valita haluamasi asennuskielen ja valitse sitten &#8221;Install Office&#8221;<\/li>\n<\/ul>\n<\/li>\n\n\n\n<li>K\u00e4ynnist\u00e4 lataamasi asennustiedosto<\/li>\n\n\n\n<li>Seuraa asennuspaketin antamia ohjeita. Asennus on l\u00e4hes automaattinen<\/li>\n\n\n\n<li>K\u00e4ynnist\u00e4 mik\u00e4 tahansa M365 -sovellus (kuten Word) ja aktivoi lisenssi kirjautumalla sis\u00e4\u00e4n Jamkin s\u00e4hk\u00f6postiosoitteella ja salasanalla\n<ul class=\"wp-block-list\">\n<li><strong>Huom!<\/strong> Anna s\u00e4hk\u00f6postiosoite oikeassa muodossa:\n<ul class=\"wp-block-list\">\n<li><strong>Opiskelijat: <\/strong>k\u00e4ytt\u00e4j\u00e4tunnus@student.jamk.fi <\/li>\n\n\n\n<li><strong>Henkil\u00f6kunta: <\/strong>etunimi.sukunimi@jamk.fi<\/li>\n<\/ul>\n<\/li>\n<\/ul>\n<\/li>\n<\/ol>\n\n\n<div id=\"info-lift-block_dec52a599133390012773e125bb11e64\" class=\"block-info-lift block-info-lift\">\n  <div class=\"row\">\n    <div class=\"col-12\">\n              <div class=\"block-info-lift__content\">\n          <div class=\"block-info-lift__content__icon\">\n            <span>!<\/span>\n          <\/div>\n          <p class=\"block-info-lift__content__text\">MacOS ymp\u00e4rist\u00f6ss\u00e4 Office voi vaatia kirjautumaan toisen kerran lisenssin aktivoimiseksi. T\u00e4m\u00e4 onnistuu joko Office-sovelluksen Koti-n\u00e4kym\u00e4st\u00e4 Aktivoi -painikkeesta tai sovelluksen luomasta virheilmoituksesta &quot;K\u00e4yt\u00e4 toista tili\u00e4&quot; -valinnalla. Kirjaudu sis\u00e4\u00e4n Jamkin tunnuksilla lisenssin aktivoimiseksi<\/p>\n        <\/div>\n          <\/div>\n  <\/div>\n<\/div>\n\n\n<h3 class=\"wp-block-heading\">Mobiililaitteet<\/h3>\n\n\n\n<ol class=\"wp-block-list\">\n<li>Asenna sovelluskaupasta \u201cMicrosoft 365 (Office)\u201d tai erikseen haluamasi tuote kuten &#8221;Microsoft Word&#8221;, &#8221;Microsoft Excel&#8221;, &#8221;OneDrive&#8221; jne<\/li>\n\n\n\n<li>K\u00e4ynnist\u00e4 joku ohjelmista ja aktivoi se omilla tunnuksilla\n<ul class=\"wp-block-list\">\n<li><strong>Huom!<\/strong> Tunnus pit\u00e4\u00e4 antaa oikeassa muodossa. \n<ul class=\"wp-block-list\">\n<li><strong>Opiskelijat: <\/strong>k\u00e4ytt\u00e4j\u00e4tunnus@student.jamk.fi<\/li>\n\n\n\n<li><strong>Henkil\u00f6kunta: <\/strong>etunimi.sukunimi@jamk.fi<\/li>\n<\/ul>\n<\/li>\n<\/ul>\n<\/li>\n<\/ol>\n\n\n\n<p><\/p>\n","protected":false},"excerpt":{"rendered":"<p>Jamk tarjoaa Microsoft 365-palvelun kautta opiskelijoille ja henkil\u00f6kunnalle M365-sovellukset omille kotikoneille ja muille p\u00e4\u00e4telaitteille maksutta. Maksuton Office-paketti on nimelt\u00e4\u00e4n Microsoft 365 apps ja se sis\u00e4lt\u00e4\u00e4 mm. seuraavat Office-tuotteet: Word, Excel, Powerpoint, Outlook, Access, Publisher, OneNote. Lisenssi sallii asennuksen&nbsp;yhteens\u00e4 viiteen koneeseen (PC\/Mac) tai mobiililaitteeseen ja k\u00e4ytt\u00f6oikeus on voimassa opintojen tai ty\u00f6suhteen ajan. Laitteistovaatimukset: Windows-tietokone (PC) Apple [&hellip;]<\/p>\n","protected":false},"author":64,"featured_media":0,"parent":0,"menu_order":3,"comment_status":"closed","ping_status":"closed","template":"","meta":{"_acf_changed":false,"_relevanssi_hide_post":"","_relevanssi_hide_content":"","_relevanssi_pin_for_all":"","_relevanssi_pin_keywords":"office, m365, word, asennus, asentaminen, o365, office-paketti","_relevanssi_unpin_keywords":"","_relevanssi_related_keywords":"","_relevanssi_related_include_ids":"","_relevanssi_related_exclude_ids":"","_relevanssi_related_no_append":"","_relevanssi_related_not_related":"","_relevanssi_related_posts":"949","_relevanssi_noindex_reason":"","footnotes":""},"categories":[1412,1414],"tags":[406,126,412],"class_list":["post-229","page","type-page","status-publish","hentry","category-henkilosto","category-opiskelijat","tag-ilmainen","tag-microsoft365","tag-office"],"acf":[],"yoast_head":"<!-- This site is optimized with the Yoast SEO plugin v27.4 - https:\/\/yoast.com\/product\/yoast-seo-wordpress\/ -->\n<title>Office-sovellukset - Microsoft 365<\/title>\n<meta name=\"robots\" content=\"index, follow, max-snippet:-1, max-image-preview:large, max-video-preview:-1\" \/>\n<link rel=\"canonical\" href=\"https:\/\/help.jamk.fi\/m365\/fi\/office-sovellukset-opiskelijoille\/\" \/>\n<meta property=\"og:locale\" content=\"fi_FI\" \/>\n<meta property=\"og:type\" content=\"article\" \/>\n<meta property=\"og:title\" content=\"Office-sovellukset - Microsoft 365\" \/>\n<meta property=\"og:description\" content=\"Jamk tarjoaa Microsoft 365-palvelun kautta opiskelijoille ja henkil\u00f6kunnalle M365-sovellukset omille kotikoneille ja muille p\u00e4\u00e4telaitteille maksutta. Maksuton Office-paketti on nimelt\u00e4\u00e4n Microsoft 365 apps ja se sis\u00e4lt\u00e4\u00e4 mm. seuraavat Office-tuotteet: Word, Excel, Powerpoint, Outlook, Access, Publisher, OneNote. Lisenssi sallii asennuksen&nbsp;yhteens\u00e4 viiteen koneeseen (PC\/Mac) tai mobiililaitteeseen ja k\u00e4ytt\u00f6oikeus on voimassa opintojen tai ty\u00f6suhteen ajan. Laitteistovaatimukset: Windows-tietokone (PC) Apple [&hellip;]\" \/>\n<meta property=\"og:url\" content=\"https:\/\/help.jamk.fi\/m365\/fi\/office-sovellukset-opiskelijoille\/\" \/>\n<meta property=\"og:site_name\" content=\"Microsoft 365\" \/>\n<meta property=\"article:modified_time\" content=\"2026-02-20T09:48:20+00:00\" \/>\n<meta name=\"twitter:card\" content=\"summary_large_image\" \/>\n<meta name=\"twitter:label1\" content=\"Arvioitu lukuaika\" \/>\n\t<meta name=\"twitter:data1\" content=\"2 minuuttia\" \/>\n<script type=\"application\/ld+json\" class=\"yoast-schema-graph\">{\"@context\":\"https:\\\/\\\/schema.org\",\"@graph\":[{\"@type\":\"WebPage\",\"@id\":\"https:\\\/\\\/help.jamk.fi\\\/m365\\\/fi\\\/office-sovellukset-opiskelijoille\\\/\",\"url\":\"https:\\\/\\\/help.jamk.fi\\\/m365\\\/fi\\\/office-sovellukset-opiskelijoille\\\/\",\"name\":\"Office-sovellukset - Microsoft 365\",\"isPartOf\":{\"@id\":\"https:\\\/\\\/help.jamk.fi\\\/m365\\\/#website\"},\"datePublished\":\"2014-09-17T14:20:21+00:00\",\"dateModified\":\"2026-02-20T09:48:20+00:00\",\"breadcrumb\":{\"@id\":\"https:\\\/\\\/help.jamk.fi\\\/m365\\\/fi\\\/office-sovellukset-opiskelijoille\\\/#breadcrumb\"},\"inLanguage\":\"fi\",\"potentialAction\":[{\"@type\":\"ReadAction\",\"target\":[\"https:\\\/\\\/help.jamk.fi\\\/m365\\\/fi\\\/office-sovellukset-opiskelijoille\\\/\"]}]},{\"@type\":\"BreadcrumbList\",\"@id\":\"https:\\\/\\\/help.jamk.fi\\\/m365\\\/fi\\\/office-sovellukset-opiskelijoille\\\/#breadcrumb\",\"itemListElement\":[{\"@type\":\"ListItem\",\"position\":1,\"name\":\"Etusivu\",\"item\":\"https:\\\/\\\/help.jamk.fi\\\/m365\\\/fi\\\/\"},{\"@type\":\"ListItem\",\"position\":2,\"name\":\"Office-sovellukset\"}]},{\"@type\":\"WebSite\",\"@id\":\"https:\\\/\\\/help.jamk.fi\\\/m365\\\/#website\",\"url\":\"https:\\\/\\\/help.jamk.fi\\\/m365\\\/\",\"name\":\"Microsoft 365\",\"description\":\"\",\"potentialAction\":[{\"@type\":\"SearchAction\",\"target\":{\"@type\":\"EntryPoint\",\"urlTemplate\":\"https:\\\/\\\/help.jamk.fi\\\/m365\\\/?s={search_term_string}\"},\"query-input\":{\"@type\":\"PropertyValueSpecification\",\"valueRequired\":true,\"valueName\":\"search_term_string\"}}],\"inLanguage\":\"fi\"}]}<\/script>\n<!-- \/ Yoast SEO plugin. -->","yoast_head_json":{"title":"Office-sovellukset - Microsoft 365","robots":{"index":"index","follow":"follow","max-snippet":"max-snippet:-1","max-image-preview":"max-image-preview:large","max-video-preview":"max-video-preview:-1"},"canonical":"https:\/\/help.jamk.fi\/m365\/fi\/office-sovellukset-opiskelijoille\/","og_locale":"fi_FI","og_type":"article","og_title":"Office-sovellukset - Microsoft 365","og_description":"Jamk tarjoaa Microsoft 365-palvelun kautta opiskelijoille ja henkil\u00f6kunnalle M365-sovellukset omille kotikoneille ja muille p\u00e4\u00e4telaitteille maksutta. Maksuton Office-paketti on nimelt\u00e4\u00e4n Microsoft 365 apps ja se sis\u00e4lt\u00e4\u00e4 mm. seuraavat Office-tuotteet: Word, Excel, Powerpoint, Outlook, Access, Publisher, OneNote. Lisenssi sallii asennuksen&nbsp;yhteens\u00e4 viiteen koneeseen (PC\/Mac) tai mobiililaitteeseen ja k\u00e4ytt\u00f6oikeus on voimassa opintojen tai ty\u00f6suhteen ajan. Laitteistovaatimukset: Windows-tietokone (PC) Apple [&hellip;]","og_url":"https:\/\/help.jamk.fi\/m365\/fi\/office-sovellukset-opiskelijoille\/","og_site_name":"Microsoft 365","article_modified_time":"2026-02-20T09:48:20+00:00","twitter_card":"summary_large_image","twitter_misc":{"Arvioitu lukuaika":"2 minuuttia"},"schema":{"@context":"https:\/\/schema.org","@graph":[{"@type":"WebPage","@id":"https:\/\/help.jamk.fi\/m365\/fi\/office-sovellukset-opiskelijoille\/","url":"https:\/\/help.jamk.fi\/m365\/fi\/office-sovellukset-opiskelijoille\/","name":"Office-sovellukset - Microsoft 365","isPartOf":{"@id":"https:\/\/help.jamk.fi\/m365\/#website"},"datePublished":"2014-09-17T14:20:21+00:00","dateModified":"2026-02-20T09:48:20+00:00","breadcrumb":{"@id":"https:\/\/help.jamk.fi\/m365\/fi\/office-sovellukset-opiskelijoille\/#breadcrumb"},"inLanguage":"fi","potentialAction":[{"@type":"ReadAction","target":["https:\/\/help.jamk.fi\/m365\/fi\/office-sovellukset-opiskelijoille\/"]}]},{"@type":"BreadcrumbList","@id":"https:\/\/help.jamk.fi\/m365\/fi\/office-sovellukset-opiskelijoille\/#breadcrumb","itemListElement":[{"@type":"ListItem","position":1,"name":"Etusivu","item":"https:\/\/help.jamk.fi\/m365\/fi\/"},{"@type":"ListItem","position":2,"name":"Office-sovellukset"}]},{"@type":"WebSite","@id":"https:\/\/help.jamk.fi\/m365\/#website","url":"https:\/\/help.jamk.fi\/m365\/","name":"Microsoft 365","description":"","potentialAction":[{"@type":"SearchAction","target":{"@type":"EntryPoint","urlTemplate":"https:\/\/help.jamk.fi\/m365\/?s={search_term_string}"},"query-input":{"@type":"PropertyValueSpecification","valueRequired":true,"valueName":"search_term_string"}}],"inLanguage":"fi"}]}},"_links":{"self":[{"href":"https:\/\/help.jamk.fi\/m365\/wp-json\/wp\/v2\/pages\/229","targetHints":{"allow":["GET"]}}],"collection":[{"href":"https:\/\/help.jamk.fi\/m365\/wp-json\/wp\/v2\/pages"}],"about":[{"href":"https:\/\/help.jamk.fi\/m365\/wp-json\/wp\/v2\/types\/page"}],"author":[{"embeddable":true,"href":"https:\/\/help.jamk.fi\/m365\/wp-json\/wp\/v2\/users\/64"}],"replies":[{"embeddable":true,"href":"https:\/\/help.jamk.fi\/m365\/wp-json\/wp\/v2\/comments?post=229"}],"version-history":[{"count":25,"href":"https:\/\/help.jamk.fi\/m365\/wp-json\/wp\/v2\/pages\/229\/revisions"}],"predecessor-version":[{"id":2033,"href":"https:\/\/help.jamk.fi\/m365\/wp-json\/wp\/v2\/pages\/229\/revisions\/2033"}],"wp:attachment":[{"href":"https:\/\/help.jamk.fi\/m365\/wp-json\/wp\/v2\/media?parent=229"}],"wp:term":[{"taxonomy":"category","embeddable":true,"href":"https:\/\/help.jamk.fi\/m365\/wp-json\/wp\/v2\/categories?post=229"},{"taxonomy":"post_tag","embeddable":true,"href":"https:\/\/help.jamk.fi\/m365\/wp-json\/wp\/v2\/tags?post=229"}],"curies":[{"name":"wp","href":"https:\/\/api.w.org\/{rel}","templated":true}]}}