{"id":462,"date":"2017-08-22T09:02:38","date_gmt":"2017-08-22T06:02:38","guid":{"rendered":"https:\/\/help.jamk.fi\/m365\/onedrive-kotikoneilla-ja-mobiililaitteilla\/"},"modified":"2025-07-17T09:28:40","modified_gmt":"2025-07-17T06:28:40","slug":"onedrive","status":"publish","type":"page","link":"https:\/\/help.jamk.fi\/m365\/fi\/onedrive\/","title":{"rendered":"OneDrive"},"content":{"rendered":"\n<p>OneDrive on osa Microsoft 365 -pilvipalvelua. Se mahdollistaa tiedostojen tallentamisen M365-pilvipalveluun ja p\u00e4\u00e4syn niihin eri p\u00e4\u00e4telaitteilta, milloin ja mist\u00e4 tahansa. OneDrive\u00e4 voi k\u00e4ytt\u00e4\u00e4 joko internet-selaimella, tai p\u00e4\u00e4telaitteeseen erikseen asennettavalla ohjelmistolla (ns. OneDrive client). OneDrivella kannattaa korvata esimerkiksi perinteinen kotihakemiston (H-asema) kokonaan. <strong>H-aseman k\u00e4ytt\u00f6 loppuu toukokuun 2025 loppuun menness\u00e4.<\/strong><\/p>\n\n\n\n<h2 class=\"wp-block-heading\"><strong>OneDriv<\/strong>e-sovellus<\/h2>\n\n\n\n<p>OneDrive-sovelluksen teht\u00e4v\u00e4 on synkronoida valitut tiedostot koneen paikalliselta levylt\u00e4 pilveen ja p\u00e4invastoin silloin kun verkkoyhteys on k\u00e4ytett\u00e4viss\u00e4.<\/p>\n\n\n\n<p>Windows 10\/11 k\u00e4ytt\u00f6j\u00e4rjestelm\u00e4n mukana tulee yleens\u00e4 OneDrive-sovellus valmiiksi asennettuna, eli riitt\u00e4\u00e4 kun k\u00e4ynnist\u00e4\u00e4 sen ja kirjaudut sis\u00e4\u00e4n Jamkin s\u00e4hk\u00f6postiosoitteella ja salasanalla sek\u00e4 m\u00e4\u00e4rittelet halutut asetukset kohdilleen. Mik\u00e4li OneDrive puuttuu laitteeltasi, <a href=\"https:\/\/www.microsoft.com\/fi-fi\/microsoft-365\/onedrive\/download\">voit ladata sen Microsoftin sivuilta.<\/a> Muilla alustoilla ohjelmisto on saatavilla laitteen sovelluskaupasta (AppStore tai Play-Store)<\/p>\n\n\n\n<p>Jamkin yll\u00e4pit\u00e4mille laitteille OneDrive on asennettu valmiiksi. Windows 11 -tietokoneilla OneDrive synkronointi k\u00e4ynnistyy automaattisesti. Mik\u00e4li OneDrive synkronointi ei ole p\u00e4\u00e4ll\u00e4, <a href=\"https:\/\/help.jamk.fi\/m365\/fi\/onedrive\/onedrive-kayttoonotto-windows-tyoasemissa\/\">voit ottaa OneDriven k\u00e4ytt\u00f6\u00f6n n\u00e4ill\u00e4 ohjeilla.<\/a><\/p>\n\n\n\n<p>Muille laitteille ohjeet <a href=\"https:\/\/support.office.com\/fi-fi\/onedrive\">OneDrive-sovelluksen lataamiseksi ja k\u00e4ytt\u00e4miseksi l\u00f6yd\u00e4t Microsoftin-sivuilta<\/a><\/p>\n\n\n\n<h3 class=\"wp-block-heading\"><strong>OneDriven k\u00e4ytt\u00f6 selaimella<\/strong><\/h3>\n\n\n\n<p>Voit k\u00e4ytt\u00e4\u00e4 OneDrive\u00e4 my\u00f6s selaimella. Huomaa kuitenkin, ett\u00e4 automaattinen synkronointi on k\u00e4ytett\u00e4viss\u00e4 ainoastaan ty\u00f6p\u00f6yt\u00e4sovelluksella.<\/p>\n\n\n\n<ol class=\"wp-block-list\">\n<li>Kirjaudu omalla tunnuksellasi Jamkin Microsoft 365 -palveluun osoitteessa <a href=\"https:\/\/m365.jamk.fi\">m365.jamk.fi<\/a><\/li>\n\n\n\n<li>Valitse kirjautumisen j\u00e4lkeen vasemman yl\u00e4kulman sovellusvalikosta &#8221;OneDrive &#8221;<\/li>\n<\/ol>\n","protected":false},"excerpt":{"rendered":"<p>OneDrive on osa Microsoft 365 -pilvipalvelua. Se mahdollistaa tiedostojen tallentamisen M365-pilvipalveluun ja p\u00e4\u00e4syn niihin eri p\u00e4\u00e4telaitteilta, milloin ja mist\u00e4 tahansa. OneDrive\u00e4 voi k\u00e4ytt\u00e4\u00e4 joko internet-selaimella, tai p\u00e4\u00e4telaitteeseen erikseen asennettavalla ohjelmistolla (ns. OneDrive client). OneDrivella kannattaa korvata esimerkiksi perinteinen kotihakemiston (H-asema) kokonaan. H-aseman k\u00e4ytt\u00f6 loppuu toukokuun 2025 loppuun menness\u00e4. OneDrive-sovellus OneDrive-sovelluksen teht\u00e4v\u00e4 on synkronoida valitut tiedostot [&hellip;]<\/p>\n","protected":false},"author":64,"featured_media":0,"parent":0,"menu_order":5,"comment_status":"closed","ping_status":"closed","template":"","meta":{"_acf_changed":false,"_relevanssi_hide_post":"","_relevanssi_hide_content":"","_relevanssi_pin_for_all":"","_relevanssi_pin_keywords":"onedrive","_relevanssi_unpin_keywords":"","_relevanssi_related_keywords":"","_relevanssi_related_include_ids":"","_relevanssi_related_exclude_ids":"","_relevanssi_related_no_append":"","_relevanssi_related_not_related":"","_relevanssi_related_posts":"949","_relevanssi_noindex_reason":"","footnotes":""},"categories":[1412,1414],"tags":[442],"class_list":["post-462","page","type-page","status-publish","hentry","category-henkilosto","category-opiskelijat","tag-onedrive"],"acf":[],"yoast_head":"<!-- This site is optimized with the Yoast SEO plugin v27.3 - https:\/\/yoast.com\/product\/yoast-seo-wordpress\/ -->\n<title>OneDrive - Microsoft 365<\/title>\n<meta name=\"robots\" content=\"index, follow, max-snippet:-1, max-image-preview:large, max-video-preview:-1\" \/>\n<link rel=\"canonical\" href=\"https:\/\/help.jamk.fi\/m365\/fi\/onedrive\/\" \/>\n<meta property=\"og:locale\" content=\"fi_FI\" \/>\n<meta property=\"og:type\" content=\"article\" \/>\n<meta property=\"og:title\" content=\"OneDrive - Microsoft 365\" \/>\n<meta property=\"og:description\" content=\"OneDrive on osa Microsoft 365 -pilvipalvelua. Se mahdollistaa tiedostojen tallentamisen M365-pilvipalveluun ja p\u00e4\u00e4syn niihin eri p\u00e4\u00e4telaitteilta, milloin ja mist\u00e4 tahansa. OneDrive\u00e4 voi k\u00e4ytt\u00e4\u00e4 joko internet-selaimella, tai p\u00e4\u00e4telaitteeseen erikseen asennettavalla ohjelmistolla (ns. OneDrive client). OneDrivella kannattaa korvata esimerkiksi perinteinen kotihakemiston (H-asema) kokonaan. H-aseman k\u00e4ytt\u00f6 loppuu toukokuun 2025 loppuun menness\u00e4. OneDrive-sovellus OneDrive-sovelluksen teht\u00e4v\u00e4 on synkronoida valitut tiedostot [&hellip;]\" \/>\n<meta property=\"og:url\" content=\"https:\/\/help.jamk.fi\/m365\/fi\/onedrive\/\" \/>\n<meta property=\"og:site_name\" content=\"Microsoft 365\" \/>\n<meta property=\"article:modified_time\" content=\"2025-07-17T06:28:40+00:00\" \/>\n<meta name=\"twitter:card\" content=\"summary_large_image\" \/>\n<meta name=\"twitter:label1\" content=\"Arvioitu lukuaika\" \/>\n\t<meta name=\"twitter:data1\" content=\"2 minuuttia\" \/>\n<script type=\"application\/ld+json\" class=\"yoast-schema-graph\">{\"@context\":\"https:\\\/\\\/schema.org\",\"@graph\":[{\"@type\":\"WebPage\",\"@id\":\"https:\\\/\\\/help.jamk.fi\\\/m365\\\/fi\\\/onedrive\\\/\",\"url\":\"https:\\\/\\\/help.jamk.fi\\\/m365\\\/fi\\\/onedrive\\\/\",\"name\":\"OneDrive - Microsoft 365\",\"isPartOf\":{\"@id\":\"https:\\\/\\\/help.jamk.fi\\\/m365\\\/#website\"},\"datePublished\":\"2017-08-22T06:02:38+00:00\",\"dateModified\":\"2025-07-17T06:28:40+00:00\",\"breadcrumb\":{\"@id\":\"https:\\\/\\\/help.jamk.fi\\\/m365\\\/fi\\\/onedrive\\\/#breadcrumb\"},\"inLanguage\":\"fi\",\"potentialAction\":[{\"@type\":\"ReadAction\",\"target\":[\"https:\\\/\\\/help.jamk.fi\\\/m365\\\/fi\\\/onedrive\\\/\"]}]},{\"@type\":\"BreadcrumbList\",\"@id\":\"https:\\\/\\\/help.jamk.fi\\\/m365\\\/fi\\\/onedrive\\\/#breadcrumb\",\"itemListElement\":[{\"@type\":\"ListItem\",\"position\":1,\"name\":\"Etusivu\",\"item\":\"https:\\\/\\\/help.jamk.fi\\\/m365\\\/fi\\\/\"},{\"@type\":\"ListItem\",\"position\":2,\"name\":\"OneDrive\"}]},{\"@type\":\"WebSite\",\"@id\":\"https:\\\/\\\/help.jamk.fi\\\/m365\\\/#website\",\"url\":\"https:\\\/\\\/help.jamk.fi\\\/m365\\\/\",\"name\":\"Microsoft 365\",\"description\":\"\",\"potentialAction\":[{\"@type\":\"SearchAction\",\"target\":{\"@type\":\"EntryPoint\",\"urlTemplate\":\"https:\\\/\\\/help.jamk.fi\\\/m365\\\/?s={search_term_string}\"},\"query-input\":{\"@type\":\"PropertyValueSpecification\",\"valueRequired\":true,\"valueName\":\"search_term_string\"}}],\"inLanguage\":\"fi\"}]}<\/script>\n<!-- \/ Yoast SEO plugin. -->","yoast_head_json":{"title":"OneDrive - Microsoft 365","robots":{"index":"index","follow":"follow","max-snippet":"max-snippet:-1","max-image-preview":"max-image-preview:large","max-video-preview":"max-video-preview:-1"},"canonical":"https:\/\/help.jamk.fi\/m365\/fi\/onedrive\/","og_locale":"fi_FI","og_type":"article","og_title":"OneDrive - Microsoft 365","og_description":"OneDrive on osa Microsoft 365 -pilvipalvelua. Se mahdollistaa tiedostojen tallentamisen M365-pilvipalveluun ja p\u00e4\u00e4syn niihin eri p\u00e4\u00e4telaitteilta, milloin ja mist\u00e4 tahansa. OneDrive\u00e4 voi k\u00e4ytt\u00e4\u00e4 joko internet-selaimella, tai p\u00e4\u00e4telaitteeseen erikseen asennettavalla ohjelmistolla (ns. OneDrive client). OneDrivella kannattaa korvata esimerkiksi perinteinen kotihakemiston (H-asema) kokonaan. H-aseman k\u00e4ytt\u00f6 loppuu toukokuun 2025 loppuun menness\u00e4. OneDrive-sovellus OneDrive-sovelluksen teht\u00e4v\u00e4 on synkronoida valitut tiedostot [&hellip;]","og_url":"https:\/\/help.jamk.fi\/m365\/fi\/onedrive\/","og_site_name":"Microsoft 365","article_modified_time":"2025-07-17T06:28:40+00:00","twitter_card":"summary_large_image","twitter_misc":{"Arvioitu lukuaika":"2 minuuttia"},"schema":{"@context":"https:\/\/schema.org","@graph":[{"@type":"WebPage","@id":"https:\/\/help.jamk.fi\/m365\/fi\/onedrive\/","url":"https:\/\/help.jamk.fi\/m365\/fi\/onedrive\/","name":"OneDrive - Microsoft 365","isPartOf":{"@id":"https:\/\/help.jamk.fi\/m365\/#website"},"datePublished":"2017-08-22T06:02:38+00:00","dateModified":"2025-07-17T06:28:40+00:00","breadcrumb":{"@id":"https:\/\/help.jamk.fi\/m365\/fi\/onedrive\/#breadcrumb"},"inLanguage":"fi","potentialAction":[{"@type":"ReadAction","target":["https:\/\/help.jamk.fi\/m365\/fi\/onedrive\/"]}]},{"@type":"BreadcrumbList","@id":"https:\/\/help.jamk.fi\/m365\/fi\/onedrive\/#breadcrumb","itemListElement":[{"@type":"ListItem","position":1,"name":"Etusivu","item":"https:\/\/help.jamk.fi\/m365\/fi\/"},{"@type":"ListItem","position":2,"name":"OneDrive"}]},{"@type":"WebSite","@id":"https:\/\/help.jamk.fi\/m365\/#website","url":"https:\/\/help.jamk.fi\/m365\/","name":"Microsoft 365","description":"","potentialAction":[{"@type":"SearchAction","target":{"@type":"EntryPoint","urlTemplate":"https:\/\/help.jamk.fi\/m365\/?s={search_term_string}"},"query-input":{"@type":"PropertyValueSpecification","valueRequired":true,"valueName":"search_term_string"}}],"inLanguage":"fi"}]}},"_links":{"self":[{"href":"https:\/\/help.jamk.fi\/m365\/wp-json\/wp\/v2\/pages\/462","targetHints":{"allow":["GET"]}}],"collection":[{"href":"https:\/\/help.jamk.fi\/m365\/wp-json\/wp\/v2\/pages"}],"about":[{"href":"https:\/\/help.jamk.fi\/m365\/wp-json\/wp\/v2\/types\/page"}],"author":[{"embeddable":true,"href":"https:\/\/help.jamk.fi\/m365\/wp-json\/wp\/v2\/users\/64"}],"replies":[{"embeddable":true,"href":"https:\/\/help.jamk.fi\/m365\/wp-json\/wp\/v2\/comments?post=462"}],"version-history":[{"count":17,"href":"https:\/\/help.jamk.fi\/m365\/wp-json\/wp\/v2\/pages\/462\/revisions"}],"predecessor-version":[{"id":2015,"href":"https:\/\/help.jamk.fi\/m365\/wp-json\/wp\/v2\/pages\/462\/revisions\/2015"}],"wp:attachment":[{"href":"https:\/\/help.jamk.fi\/m365\/wp-json\/wp\/v2\/media?parent=462"}],"wp:term":[{"taxonomy":"category","embeddable":true,"href":"https:\/\/help.jamk.fi\/m365\/wp-json\/wp\/v2\/categories?post=462"},{"taxonomy":"post_tag","embeddable":true,"href":"https:\/\/help.jamk.fi\/m365\/wp-json\/wp\/v2\/tags?post=462"}],"curies":[{"name":"wp","href":"https:\/\/api.w.org\/{rel}","templated":true}]}}